
{"id":32625,"date":"2020-10-17T09:28:06","date_gmt":"2020-10-17T09:28:06","guid":{"rendered":"https:\/\/geooprema.com\/products\/Bez kategorije\/geo-fennel-komplet-stubova-s-mini-prizmom-ads-103\/"},"modified":"2020-10-17T09:28:06","modified_gmt":"2020-10-17T09:28:06","slug":"geo-fennel-komplet-stubova-s-mini-prizmom-ads-103","status":"publish","type":"product","link":"https:\/\/geooprema.com\/bs\/products\/dodatna-oprema\/geo-fennel-komplet-stubova-s-mini-prizmom-ads-103\/","title":{"rendered":"Geo-fennel komplet stubova s mini prizmom ADS 103"},"content":{"rendered":"<p> Geo-Fennel Mini prizmni set motki ADS 103 (403100) <\/p>\n<h5 class = \"produkt-detail-hl\"> Karakteristike <\/h5>\n<ul class = \"fa-ul\">\n<li> Stub klina ima 3 dijela koji se me\u0111usobno zavr\u0107u i formiraju visinu od 0,6, 1,2 ili 1,8 m. <\/li>\n<li> Podesiva prizma od 25 mm mo\u017ee se zaklju\u010dati bilo gdje du\u017e svoje du\u017eine. <\/li>\n<li> Nagib od 0 mm <\/li>\n<li> Mnogi dodaci <\/li>\n<\/ul>\n","protected":false},"excerpt":{"rendered":"<p>Geo-Fennel Mini prizmni set motki ADS 103 (403100) Karakteristike Stub klina ima 3 dijela koji se me\u0111usobno zavr\u0107u i formiraju visinu od 0,6, 1,2 ili 1,8 m. Podesiva prizma od 25 mm mo\u017ee se zaklju\u010dati bilo gdje du\u017e svoje du\u017eine. Nagib od 0 mm Mnogi dodaci<\/p>\n","protected":false},"featured_media":28578,"comment_status":"open","ping_status":"closed","template":"","meta":{"_acf_changed":false},"product_brand":[],"product_cat":[336],"product_tag":[],"class_list":{"0":"post-32625","1":"product","2":"type-product","3":"status-publish","4":"has-post-thumbnail","6":"product_cat-dodatna-oprema","8":"first","9":"onbackorder","10":"taxable","11":"shipping-taxable","12":"product-type-simple","swatches":"rey-swatches","show_selected":""},"acf":[],"yoast_head":"<!-- This site is optimized with the Yoast SEO plugin v24.9 - https:\/\/yoast.com\/wordpress\/plugins\/seo\/ -->\n<title>Geo-fennel komplet stubova s mini prizmom ADS 103 - Geooprema<\/title>\n<meta name=\"robots\" content=\"index, follow, max-snippet:-1, max-image-preview:large, max-video-preview:-1\" \/>\n<link rel=\"canonical\" href=\"https:\/\/geooprema.com\/bs\/products\/dodatna-oprema\/geo-fennel-komplet-stubova-s-mini-prizmom-ads-103\/\" \/>\n<meta property=\"og:locale\" content=\"bs_BA\" \/>\n<meta property=\"og:type\" content=\"article\" \/>\n<meta property=\"og:title\" content=\"Geo-fennel komplet stubova s mini prizmom ADS 103 - Geooprema\" \/>\n<meta property=\"og:description\" content=\"Geo-Fennel Mini prizmni set motki ADS 103 (403100) Karakteristike Stub klina ima 3 dijela koji se me\u0111usobno zavr\u0107u i formiraju visinu od 0,6, 1,2 ili 1,8 m. Podesiva prizma od 25 mm mo\u017ee se zaklju\u010dati bilo gdje du\u017e svoje du\u017eine. Nagib od 0 mm Mnogi dodaci\" \/>\n<meta property=\"og:url\" content=\"https:\/\/geooprema.com\/bs\/products\/dodatna-oprema\/geo-fennel-komplet-stubova-s-mini-prizmom-ads-103\/\" \/>\n<meta property=\"og:site_name\" content=\"Geooprema\" \/>\n<meta property=\"article:publisher\" content=\"https:\/\/www.facebook.com\/geoinfobih\" \/>\n<meta property=\"og:image\" content=\"https:\/\/geooprema.com\/wp-content\/uploads\/2020\/10\/geofennel-ads-103.png\" \/>\n\t<meta property=\"og:image:width\" content=\"800\" \/>\n\t<meta property=\"og:image:height\" content=\"800\" \/>\n\t<meta property=\"og:image:type\" content=\"image\/png\" \/>\n<meta name=\"twitter:card\" content=\"summary_large_image\" \/>\n<script type=\"application\/ld+json\" class=\"yoast-schema-graph\">{\"@context\":\"https:\/\/schema.org\",\"@graph\":[{\"@type\":\"WebPage\",\"@id\":\"https:\/\/geooprema.com\/bs\/products\/dodatna-oprema\/geo-fennel-komplet-stubova-s-mini-prizmom-ads-103\/\",\"url\":\"https:\/\/geooprema.com\/bs\/products\/dodatna-oprema\/geo-fennel-komplet-stubova-s-mini-prizmom-ads-103\/\",\"name\":\"Geo-fennel komplet stubova s mini prizmom ADS 103 - Geooprema\",\"isPartOf\":{\"@id\":\"https:\/\/geooprema.com\/#website\"},\"primaryImageOfPage\":{\"@id\":\"https:\/\/geooprema.com\/bs\/products\/dodatna-oprema\/geo-fennel-komplet-stubova-s-mini-prizmom-ads-103\/#primaryimage\"},\"image\":{\"@id\":\"https:\/\/geooprema.com\/bs\/products\/dodatna-oprema\/geo-fennel-komplet-stubova-s-mini-prizmom-ads-103\/#primaryimage\"},\"thumbnailUrl\":\"https:\/\/geooprema.com\/wp-content\/uploads\/2020\/10\/geofennel-ads-103.png\",\"datePublished\":\"2020-10-17T09:28:06+00:00\",\"breadcrumb\":{\"@id\":\"https:\/\/geooprema.com\/bs\/products\/dodatna-oprema\/geo-fennel-komplet-stubova-s-mini-prizmom-ads-103\/#breadcrumb\"},\"inLanguage\":\"bs-BA\",\"potentialAction\":[{\"@type\":\"ReadAction\",\"target\":[\"https:\/\/geooprema.com\/bs\/products\/dodatna-oprema\/geo-fennel-komplet-stubova-s-mini-prizmom-ads-103\/\"]}]},{\"@type\":\"ImageObject\",\"inLanguage\":\"bs-BA\",\"@id\":\"https:\/\/geooprema.com\/bs\/products\/dodatna-oprema\/geo-fennel-komplet-stubova-s-mini-prizmom-ads-103\/#primaryimage\",\"url\":\"https:\/\/geooprema.com\/wp-content\/uploads\/2020\/10\/geofennel-ads-103.png\",\"contentUrl\":\"https:\/\/geooprema.com\/wp-content\/uploads\/2020\/10\/geofennel-ads-103.png\",\"width\":800,\"height\":800,\"caption\":\"Geo-fennel Mini Prism Pin Pole Set ADS 103\"},{\"@type\":\"BreadcrumbList\",\"@id\":\"https:\/\/geooprema.com\/bs\/products\/dodatna-oprema\/geo-fennel-komplet-stubova-s-mini-prizmom-ads-103\/#breadcrumb\",\"itemListElement\":[{\"@type\":\"ListItem\",\"position\":1,\"name\":\"Home\",\"item\":\"https:\/\/geooprema.com\/bs\/\"},{\"@type\":\"ListItem\",\"position\":2,\"name\":\"Shop\",\"item\":\"https:\/\/geooprema.com\/shop-2\/\"},{\"@type\":\"ListItem\",\"position\":3,\"name\":\"Geo-fennel komplet stubova s mini prizmom ADS 103\"}]},{\"@type\":\"WebSite\",\"@id\":\"https:\/\/geooprema.com\/#website\",\"url\":\"https:\/\/geooprema.com\/\",\"name\":\"Geooprema\",\"description\":\"Surveying and Construction Equipmen, Software and Accessories\",\"publisher\":{\"@id\":\"https:\/\/geooprema.com\/#organization\"},\"potentialAction\":[{\"@type\":\"SearchAction\",\"target\":{\"@type\":\"EntryPoint\",\"urlTemplate\":\"https:\/\/geooprema.com\/?s={search_term_string}\"},\"query-input\":{\"@type\":\"PropertyValueSpecification\",\"valueRequired\":true,\"valueName\":\"search_term_string\"}}],\"inLanguage\":\"bs-BA\"},{\"@type\":\"Organization\",\"@id\":\"https:\/\/geooprema.com\/#organization\",\"name\":\"Geooprema\",\"url\":\"https:\/\/geooprema.com\/\",\"logo\":{\"@type\":\"ImageObject\",\"inLanguage\":\"bs-BA\",\"@id\":\"https:\/\/geooprema.com\/#\/schema\/logo\/image\/\",\"url\":\"https:\/\/geooprema.com\/wp-content\/uploads\/2020\/08\/geooprema-logo.png\",\"contentUrl\":\"https:\/\/geooprema.com\/wp-content\/uploads\/2020\/08\/geooprema-logo.png\",\"width\":513,\"height\":161,\"caption\":\"Geooprema\"},\"image\":{\"@id\":\"https:\/\/geooprema.com\/#\/schema\/logo\/image\/\"},\"sameAs\":[\"https:\/\/www.facebook.com\/geoinfobih\",\"https:\/\/www.instagram.com\/geoinfodoo\/\",\"https:\/\/www.linkedin.com\/company\/geoinfo-doo\/\",\"https:\/\/www.youtube.com\/c\/Geoinfodoo\"]}]}<\/script>\n<!-- \/ Yoast SEO plugin. -->","yoast_head_json":{"title":"Geo-fennel komplet stubova s mini prizmom ADS 103 - Geooprema","robots":{"index":"index","follow":"follow","max-snippet":"max-snippet:-1","max-image-preview":"max-image-preview:large","max-video-preview":"max-video-preview:-1"},"canonical":"https:\/\/geooprema.com\/bs\/products\/dodatna-oprema\/geo-fennel-komplet-stubova-s-mini-prizmom-ads-103\/","og_locale":"bs_BA","og_type":"article","og_title":"Geo-fennel komplet stubova s mini prizmom ADS 103 - Geooprema","og_description":"Geo-Fennel Mini prizmni set motki ADS 103 (403100) Karakteristike Stub klina ima 3 dijela koji se me\u0111usobno zavr\u0107u i formiraju visinu od 0,6, 1,2 ili 1,8 m. Podesiva prizma od 25 mm mo\u017ee se zaklju\u010dati bilo gdje du\u017e svoje du\u017eine. Nagib od 0 mm Mnogi dodaci","og_url":"https:\/\/geooprema.com\/bs\/products\/dodatna-oprema\/geo-fennel-komplet-stubova-s-mini-prizmom-ads-103\/","og_site_name":"Geooprema","article_publisher":"https:\/\/www.facebook.com\/geoinfobih","og_image":[{"width":800,"height":800,"url":"https:\/\/geooprema.com\/wp-content\/uploads\/2020\/10\/geofennel-ads-103.png","type":"image\/png"}],"twitter_card":"summary_large_image","schema":{"@context":"https:\/\/schema.org","@graph":[{"@type":"WebPage","@id":"https:\/\/geooprema.com\/bs\/products\/dodatna-oprema\/geo-fennel-komplet-stubova-s-mini-prizmom-ads-103\/","url":"https:\/\/geooprema.com\/bs\/products\/dodatna-oprema\/geo-fennel-komplet-stubova-s-mini-prizmom-ads-103\/","name":"Geo-fennel komplet stubova s mini prizmom ADS 103 - Geooprema","isPartOf":{"@id":"https:\/\/geooprema.com\/#website"},"primaryImageOfPage":{"@id":"https:\/\/geooprema.com\/bs\/products\/dodatna-oprema\/geo-fennel-komplet-stubova-s-mini-prizmom-ads-103\/#primaryimage"},"image":{"@id":"https:\/\/geooprema.com\/bs\/products\/dodatna-oprema\/geo-fennel-komplet-stubova-s-mini-prizmom-ads-103\/#primaryimage"},"thumbnailUrl":"https:\/\/geooprema.com\/wp-content\/uploads\/2020\/10\/geofennel-ads-103.png","datePublished":"2020-10-17T09:28:06+00:00","breadcrumb":{"@id":"https:\/\/geooprema.com\/bs\/products\/dodatna-oprema\/geo-fennel-komplet-stubova-s-mini-prizmom-ads-103\/#breadcrumb"},"inLanguage":"bs-BA","potentialAction":[{"@type":"ReadAction","target":["https:\/\/geooprema.com\/bs\/products\/dodatna-oprema\/geo-fennel-komplet-stubova-s-mini-prizmom-ads-103\/"]}]},{"@type":"ImageObject","inLanguage":"bs-BA","@id":"https:\/\/geooprema.com\/bs\/products\/dodatna-oprema\/geo-fennel-komplet-stubova-s-mini-prizmom-ads-103\/#primaryimage","url":"https:\/\/geooprema.com\/wp-content\/uploads\/2020\/10\/geofennel-ads-103.png","contentUrl":"https:\/\/geooprema.com\/wp-content\/uploads\/2020\/10\/geofennel-ads-103.png","width":800,"height":800,"caption":"Geo-fennel Mini Prism Pin Pole Set ADS 103"},{"@type":"BreadcrumbList","@id":"https:\/\/geooprema.com\/bs\/products\/dodatna-oprema\/geo-fennel-komplet-stubova-s-mini-prizmom-ads-103\/#breadcrumb","itemListElement":[{"@type":"ListItem","position":1,"name":"Home","item":"https:\/\/geooprema.com\/bs\/"},{"@type":"ListItem","position":2,"name":"Shop","item":"https:\/\/geooprema.com\/shop-2\/"},{"@type":"ListItem","position":3,"name":"Geo-fennel komplet stubova s mini prizmom ADS 103"}]},{"@type":"WebSite","@id":"https:\/\/geooprema.com\/#website","url":"https:\/\/geooprema.com\/","name":"Geooprema","description":"Surveying and Construction Equipmen, Software and Accessories","publisher":{"@id":"https:\/\/geooprema.com\/#organization"},"potentialAction":[{"@type":"SearchAction","target":{"@type":"EntryPoint","urlTemplate":"https:\/\/geooprema.com\/?s={search_term_string}"},"query-input":{"@type":"PropertyValueSpecification","valueRequired":true,"valueName":"search_term_string"}}],"inLanguage":"bs-BA"},{"@type":"Organization","@id":"https:\/\/geooprema.com\/#organization","name":"Geooprema","url":"https:\/\/geooprema.com\/","logo":{"@type":"ImageObject","inLanguage":"bs-BA","@id":"https:\/\/geooprema.com\/#\/schema\/logo\/image\/","url":"https:\/\/geooprema.com\/wp-content\/uploads\/2020\/08\/geooprema-logo.png","contentUrl":"https:\/\/geooprema.com\/wp-content\/uploads\/2020\/08\/geooprema-logo.png","width":513,"height":161,"caption":"Geooprema"},"image":{"@id":"https:\/\/geooprema.com\/#\/schema\/logo\/image\/"},"sameAs":["https:\/\/www.facebook.com\/geoinfobih","https:\/\/www.instagram.com\/geoinfodoo\/","https:\/\/www.linkedin.com\/company\/geoinfo-doo\/","https:\/\/www.youtube.com\/c\/Geoinfodoo"]}]}},"_links":{"self":[{"href":"https:\/\/geooprema.com\/bs\/wp-json\/wp\/v2\/product\/32625","targetHints":{"allow":["GET"]}}],"collection":[{"href":"https:\/\/geooprema.com\/bs\/wp-json\/wp\/v2\/product"}],"about":[{"href":"https:\/\/geooprema.com\/bs\/wp-json\/wp\/v2\/types\/product"}],"replies":[{"embeddable":true,"href":"https:\/\/geooprema.com\/bs\/wp-json\/wp\/v2\/comments?post=32625"}],"wp:featuredmedia":[{"embeddable":true,"href":"https:\/\/geooprema.com\/bs\/wp-json\/wp\/v2\/media\/28578"}],"wp:attachment":[{"href":"https:\/\/geooprema.com\/bs\/wp-json\/wp\/v2\/media?parent=32625"}],"wp:term":[{"taxonomy":"product_brand","embeddable":true,"href":"https:\/\/geooprema.com\/bs\/wp-json\/wp\/v2\/product_brand?post=32625"},{"taxonomy":"product_cat","embeddable":true,"href":"https:\/\/geooprema.com\/bs\/wp-json\/wp\/v2\/product_cat?post=32625"},{"taxonomy":"product_tag","embeddable":true,"href":"https:\/\/geooprema.com\/bs\/wp-json\/wp\/v2\/product_tag?post=32625"}],"curies":[{"name":"wp","href":"https:\/\/api.w.org\/{rel}","templated":true}]}}