
{"id":32613,"date":"2020-10-17T08:23:46","date_gmt":"2020-10-17T08:23:46","guid":{"rendered":"https:\/\/geooprema.com\/products\/Bez%20kategorije\/geo-fennel-gps-stub-antene-g-20\/"},"modified":"2021-07-26T10:35:13","modified_gmt":"2021-07-26T10:35:13","slug":"geo-fennel-gps-stub-antene-g-20","status":"publish","type":"product","link":"https:\/\/geooprema.com\/bs\/products\/dodatna-oprema\/geo-fennel-gps-stub-antene-g-20\/","title":{"rendered":"Geo-fennel GPS \u0161tap za antenu G 20"},"content":{"rendered":"<h5 class = \"produkt-detail-hl\"> Specifikacije <\/h5>\n<table class = \"contenttable\">\n<tbody>\n<tr>\n<td> <\/td>\n<td><b>G20<\/b> <\/td>\n<td> <b> G25 <br \/>\n<\/b> <\/td>\n<\/tr>\n<tr>\n<td> UMJETNOST &#8211; NE. <\/td>\n<td> 630 <\/td>\n<td> 635 <\/td>\n<\/tr>\n<tr>\n<td> Du\u017eina <\/td>\n<td> 200 cm <\/td>\n<td> 136 &#8211; 248 cm <\/td>\n<\/tr>\n<tr>\n<td> Adapter <\/td>\n<td> 5\/8 \u201c<\/td>\n<td> 5\/8 \u201c<\/td>\n<\/tr>\n<tr>\n<td> Materijal donje cijevi <\/td>\n<td> Uglji\u010dna vlakna <\/td>\n<td> Uglji\u010dna vlakna <\/td>\n<\/tr>\n<tr>\n<td> Materijal gornje cijevi <\/td>\n<td> Uglji\u010dna vlakna <\/td>\n<td> Aluminij <\/td>\n<\/tr>\n<tr>\n<td> Veza <\/td>\n<td> Ispravljeno <\/td>\n<td> Teleskopski <\/td>\n<\/tr>\n<tr>\n<td> Tip stezaljke <\/td>\n<td> &#8211; <\/td>\n<td> Vij\u010dana stezaljka <\/td>\n<\/tr>\n<tr>\n<td> Kru\u017ena libela <\/td>\n<td> da <\/td>\n<td> da <\/td>\n<\/tr>\n<tr>\n<td> Slu\u010daj <\/td>\n<td> da <\/td>\n<td> da <\/td>\n<\/tr>\n<tr>\n<td> Te\u017eina <\/td>\n<td> 0,6 kg <\/td>\n<td> 1,1 kg <\/td>\n<\/tr>\n<tr>\n<td> Napomena <\/td>\n<td> lagana <\/td>\n<td> \u010celi\u010dna limenka za zaklju\u010davanje <\/td>\n<\/tr>\n<tr>\n<td> <\/td>\n<td> <\/td>\n<td> biti umetnuto na <\/td>\n<\/tr>\n<tr>\n<td> <\/td>\n<td> <\/td>\n<td> 1,80 m, 2,00 m, 2,20 m kako bi se osiguralo proklizavanje <\/td>\n<\/tr>\n<\/tbody>\n<\/table>\n","protected":false},"excerpt":{"rendered":"<p>Specifikacije G20 G25 UMJETNOST &#8211; NE. 630 635 Du\u017eina 200 cm 136 &#8211; 248 cm Adapter 5\/8 \u201c 5\/8 \u201c Materijal donje cijevi Uglji\u010dna vlakna Uglji\u010dna vlakna Materijal gornje cijevi Uglji\u010dna vlakna Aluminij Veza Ispravljeno Teleskopski Tip stezaljke &#8211; Vij\u010dana stezaljka Kru\u017ena libela da da Slu\u010daj da da Te\u017eina 0,6 kg 1,1 kg Napomena lagana [&hellip;]<\/p>\n","protected":false},"featured_media":28543,"comment_status":"open","ping_status":"closed","template":"","meta":{"_acf_changed":false},"product_brand":[],"product_cat":[336],"product_tag":[],"class_list":{"0":"post-32613","1":"product","2":"type-product","3":"status-publish","4":"has-post-thumbnail","6":"product_cat-dodatna-oprema","8":"first","9":"onbackorder","10":"taxable","11":"shipping-taxable","12":"product-type-simple","swatches":"rey-swatches","show_selected":""},"acf":[],"yoast_head":"<!-- This site is optimized with the Yoast SEO plugin v24.9 - https:\/\/yoast.com\/wordpress\/plugins\/seo\/ -->\n<title>Geo-fennel GPS \u0161tap za antenu G 20 - Geooprema<\/title>\n<meta name=\"robots\" content=\"index, follow, max-snippet:-1, max-image-preview:large, max-video-preview:-1\" \/>\n<link rel=\"canonical\" href=\"https:\/\/geooprema.com\/bs\/products\/dodatna-oprema\/geo-fennel-gps-stub-antene-g-20\/\" \/>\n<meta property=\"og:locale\" content=\"bs_BA\" \/>\n<meta property=\"og:type\" content=\"article\" \/>\n<meta property=\"og:title\" content=\"Geo-fennel GPS \u0161tap za antenu G 20 - Geooprema\" \/>\n<meta property=\"og:description\" content=\"Specifikacije G20 G25 UMJETNOST &#8211; NE. 630 635 Du\u017eina 200 cm 136 &#8211; 248 cm Adapter 5\/8 \u201c 5\/8 \u201c Materijal donje cijevi Uglji\u010dna vlakna Uglji\u010dna vlakna Materijal gornje cijevi Uglji\u010dna vlakna Aluminij Veza Ispravljeno Teleskopski Tip stezaljke &#8211; Vij\u010dana stezaljka Kru\u017ena libela da da Slu\u010daj da da Te\u017eina 0,6 kg 1,1 kg Napomena lagana [&hellip;]\" \/>\n<meta property=\"og:url\" content=\"https:\/\/geooprema.com\/bs\/products\/dodatna-oprema\/geo-fennel-gps-stub-antene-g-20\/\" \/>\n<meta property=\"og:site_name\" content=\"Geooprema\" \/>\n<meta property=\"article:publisher\" content=\"https:\/\/www.facebook.com\/geoinfobih\" \/>\n<meta property=\"article:modified_time\" content=\"2021-07-26T10:35:13+00:00\" \/>\n<meta property=\"og:image\" content=\"https:\/\/geooprema.com\/wp-content\/uploads\/2020\/10\/Geo-fennel-G20.jpg\" \/>\n\t<meta property=\"og:image:width\" content=\"800\" \/>\n\t<meta property=\"og:image:height\" content=\"800\" \/>\n\t<meta property=\"og:image:type\" content=\"image\/jpeg\" \/>\n<meta name=\"twitter:card\" content=\"summary_large_image\" \/>\n<script type=\"application\/ld+json\" class=\"yoast-schema-graph\">{\"@context\":\"https:\/\/schema.org\",\"@graph\":[{\"@type\":\"WebPage\",\"@id\":\"https:\/\/geooprema.com\/bs\/products\/dodatna-oprema\/geo-fennel-gps-stub-antene-g-20\/\",\"url\":\"https:\/\/geooprema.com\/bs\/products\/dodatna-oprema\/geo-fennel-gps-stub-antene-g-20\/\",\"name\":\"Geo-fennel GPS \u0161tap za antenu G 20 - Geooprema\",\"isPartOf\":{\"@id\":\"https:\/\/geooprema.com\/#website\"},\"primaryImageOfPage\":{\"@id\":\"https:\/\/geooprema.com\/bs\/products\/dodatna-oprema\/geo-fennel-gps-stub-antene-g-20\/#primaryimage\"},\"image\":{\"@id\":\"https:\/\/geooprema.com\/bs\/products\/dodatna-oprema\/geo-fennel-gps-stub-antene-g-20\/#primaryimage\"},\"thumbnailUrl\":\"https:\/\/geooprema.com\/wp-content\/uploads\/2020\/10\/Geo-fennel-G20.jpg\",\"datePublished\":\"2020-10-17T08:23:46+00:00\",\"dateModified\":\"2021-07-26T10:35:13+00:00\",\"breadcrumb\":{\"@id\":\"https:\/\/geooprema.com\/bs\/products\/dodatna-oprema\/geo-fennel-gps-stub-antene-g-20\/#breadcrumb\"},\"inLanguage\":\"bs-BA\",\"potentialAction\":[{\"@type\":\"ReadAction\",\"target\":[\"https:\/\/geooprema.com\/bs\/products\/dodatna-oprema\/geo-fennel-gps-stub-antene-g-20\/\"]}]},{\"@type\":\"ImageObject\",\"inLanguage\":\"bs-BA\",\"@id\":\"https:\/\/geooprema.com\/bs\/products\/dodatna-oprema\/geo-fennel-gps-stub-antene-g-20\/#primaryimage\",\"url\":\"https:\/\/geooprema.com\/wp-content\/uploads\/2020\/10\/Geo-fennel-G20.jpg\",\"contentUrl\":\"https:\/\/geooprema.com\/wp-content\/uploads\/2020\/10\/Geo-fennel-G20.jpg\",\"width\":800,\"height\":800,\"caption\":\"Geo-fennel GPS Antenna Pole G 20\"},{\"@type\":\"BreadcrumbList\",\"@id\":\"https:\/\/geooprema.com\/bs\/products\/dodatna-oprema\/geo-fennel-gps-stub-antene-g-20\/#breadcrumb\",\"itemListElement\":[{\"@type\":\"ListItem\",\"position\":1,\"name\":\"Home\",\"item\":\"https:\/\/geooprema.com\/bs\/\"},{\"@type\":\"ListItem\",\"position\":2,\"name\":\"Shop\",\"item\":\"https:\/\/geooprema.com\/shop-2\/\"},{\"@type\":\"ListItem\",\"position\":3,\"name\":\"Geo-fennel GPS \u0161tap za antenu G 20\"}]},{\"@type\":\"WebSite\",\"@id\":\"https:\/\/geooprema.com\/#website\",\"url\":\"https:\/\/geooprema.com\/\",\"name\":\"Geooprema\",\"description\":\"Surveying and Construction Equipmen, Software and Accessories\",\"publisher\":{\"@id\":\"https:\/\/geooprema.com\/#organization\"},\"potentialAction\":[{\"@type\":\"SearchAction\",\"target\":{\"@type\":\"EntryPoint\",\"urlTemplate\":\"https:\/\/geooprema.com\/?s={search_term_string}\"},\"query-input\":{\"@type\":\"PropertyValueSpecification\",\"valueRequired\":true,\"valueName\":\"search_term_string\"}}],\"inLanguage\":\"bs-BA\"},{\"@type\":\"Organization\",\"@id\":\"https:\/\/geooprema.com\/#organization\",\"name\":\"Geooprema\",\"url\":\"https:\/\/geooprema.com\/\",\"logo\":{\"@type\":\"ImageObject\",\"inLanguage\":\"bs-BA\",\"@id\":\"https:\/\/geooprema.com\/#\/schema\/logo\/image\/\",\"url\":\"https:\/\/geooprema.com\/wp-content\/uploads\/2020\/08\/geooprema-logo.png\",\"contentUrl\":\"https:\/\/geooprema.com\/wp-content\/uploads\/2020\/08\/geooprema-logo.png\",\"width\":513,\"height\":161,\"caption\":\"Geooprema\"},\"image\":{\"@id\":\"https:\/\/geooprema.com\/#\/schema\/logo\/image\/\"},\"sameAs\":[\"https:\/\/www.facebook.com\/geoinfobih\",\"https:\/\/www.instagram.com\/geoinfodoo\/\",\"https:\/\/www.linkedin.com\/company\/geoinfo-doo\/\",\"https:\/\/www.youtube.com\/c\/Geoinfodoo\"]}]}<\/script>\n<!-- \/ Yoast SEO plugin. -->","yoast_head_json":{"title":"Geo-fennel GPS \u0161tap za antenu G 20 - Geooprema","robots":{"index":"index","follow":"follow","max-snippet":"max-snippet:-1","max-image-preview":"max-image-preview:large","max-video-preview":"max-video-preview:-1"},"canonical":"https:\/\/geooprema.com\/bs\/products\/dodatna-oprema\/geo-fennel-gps-stub-antene-g-20\/","og_locale":"bs_BA","og_type":"article","og_title":"Geo-fennel GPS \u0161tap za antenu G 20 - Geooprema","og_description":"Specifikacije G20 G25 UMJETNOST &#8211; NE. 630 635 Du\u017eina 200 cm 136 &#8211; 248 cm Adapter 5\/8 \u201c 5\/8 \u201c Materijal donje cijevi Uglji\u010dna vlakna Uglji\u010dna vlakna Materijal gornje cijevi Uglji\u010dna vlakna Aluminij Veza Ispravljeno Teleskopski Tip stezaljke &#8211; Vij\u010dana stezaljka Kru\u017ena libela da da Slu\u010daj da da Te\u017eina 0,6 kg 1,1 kg Napomena lagana [&hellip;]","og_url":"https:\/\/geooprema.com\/bs\/products\/dodatna-oprema\/geo-fennel-gps-stub-antene-g-20\/","og_site_name":"Geooprema","article_publisher":"https:\/\/www.facebook.com\/geoinfobih","article_modified_time":"2021-07-26T10:35:13+00:00","og_image":[{"width":800,"height":800,"url":"https:\/\/geooprema.com\/wp-content\/uploads\/2020\/10\/Geo-fennel-G20.jpg","type":"image\/jpeg"}],"twitter_card":"summary_large_image","schema":{"@context":"https:\/\/schema.org","@graph":[{"@type":"WebPage","@id":"https:\/\/geooprema.com\/bs\/products\/dodatna-oprema\/geo-fennel-gps-stub-antene-g-20\/","url":"https:\/\/geooprema.com\/bs\/products\/dodatna-oprema\/geo-fennel-gps-stub-antene-g-20\/","name":"Geo-fennel GPS \u0161tap za antenu G 20 - Geooprema","isPartOf":{"@id":"https:\/\/geooprema.com\/#website"},"primaryImageOfPage":{"@id":"https:\/\/geooprema.com\/bs\/products\/dodatna-oprema\/geo-fennel-gps-stub-antene-g-20\/#primaryimage"},"image":{"@id":"https:\/\/geooprema.com\/bs\/products\/dodatna-oprema\/geo-fennel-gps-stub-antene-g-20\/#primaryimage"},"thumbnailUrl":"https:\/\/geooprema.com\/wp-content\/uploads\/2020\/10\/Geo-fennel-G20.jpg","datePublished":"2020-10-17T08:23:46+00:00","dateModified":"2021-07-26T10:35:13+00:00","breadcrumb":{"@id":"https:\/\/geooprema.com\/bs\/products\/dodatna-oprema\/geo-fennel-gps-stub-antene-g-20\/#breadcrumb"},"inLanguage":"bs-BA","potentialAction":[{"@type":"ReadAction","target":["https:\/\/geooprema.com\/bs\/products\/dodatna-oprema\/geo-fennel-gps-stub-antene-g-20\/"]}]},{"@type":"ImageObject","inLanguage":"bs-BA","@id":"https:\/\/geooprema.com\/bs\/products\/dodatna-oprema\/geo-fennel-gps-stub-antene-g-20\/#primaryimage","url":"https:\/\/geooprema.com\/wp-content\/uploads\/2020\/10\/Geo-fennel-G20.jpg","contentUrl":"https:\/\/geooprema.com\/wp-content\/uploads\/2020\/10\/Geo-fennel-G20.jpg","width":800,"height":800,"caption":"Geo-fennel GPS Antenna Pole G 20"},{"@type":"BreadcrumbList","@id":"https:\/\/geooprema.com\/bs\/products\/dodatna-oprema\/geo-fennel-gps-stub-antene-g-20\/#breadcrumb","itemListElement":[{"@type":"ListItem","position":1,"name":"Home","item":"https:\/\/geooprema.com\/bs\/"},{"@type":"ListItem","position":2,"name":"Shop","item":"https:\/\/geooprema.com\/shop-2\/"},{"@type":"ListItem","position":3,"name":"Geo-fennel GPS \u0161tap za antenu G 20"}]},{"@type":"WebSite","@id":"https:\/\/geooprema.com\/#website","url":"https:\/\/geooprema.com\/","name":"Geooprema","description":"Surveying and Construction Equipmen, Software and Accessories","publisher":{"@id":"https:\/\/geooprema.com\/#organization"},"potentialAction":[{"@type":"SearchAction","target":{"@type":"EntryPoint","urlTemplate":"https:\/\/geooprema.com\/?s={search_term_string}"},"query-input":{"@type":"PropertyValueSpecification","valueRequired":true,"valueName":"search_term_string"}}],"inLanguage":"bs-BA"},{"@type":"Organization","@id":"https:\/\/geooprema.com\/#organization","name":"Geooprema","url":"https:\/\/geooprema.com\/","logo":{"@type":"ImageObject","inLanguage":"bs-BA","@id":"https:\/\/geooprema.com\/#\/schema\/logo\/image\/","url":"https:\/\/geooprema.com\/wp-content\/uploads\/2020\/08\/geooprema-logo.png","contentUrl":"https:\/\/geooprema.com\/wp-content\/uploads\/2020\/08\/geooprema-logo.png","width":513,"height":161,"caption":"Geooprema"},"image":{"@id":"https:\/\/geooprema.com\/#\/schema\/logo\/image\/"},"sameAs":["https:\/\/www.facebook.com\/geoinfobih","https:\/\/www.instagram.com\/geoinfodoo\/","https:\/\/www.linkedin.com\/company\/geoinfo-doo\/","https:\/\/www.youtube.com\/c\/Geoinfodoo"]}]}},"_links":{"self":[{"href":"https:\/\/geooprema.com\/bs\/wp-json\/wp\/v2\/product\/32613","targetHints":{"allow":["GET"]}}],"collection":[{"href":"https:\/\/geooprema.com\/bs\/wp-json\/wp\/v2\/product"}],"about":[{"href":"https:\/\/geooprema.com\/bs\/wp-json\/wp\/v2\/types\/product"}],"replies":[{"embeddable":true,"href":"https:\/\/geooprema.com\/bs\/wp-json\/wp\/v2\/comments?post=32613"}],"wp:featuredmedia":[{"embeddable":true,"href":"https:\/\/geooprema.com\/bs\/wp-json\/wp\/v2\/media\/28543"}],"wp:attachment":[{"href":"https:\/\/geooprema.com\/bs\/wp-json\/wp\/v2\/media?parent=32613"}],"wp:term":[{"taxonomy":"product_brand","embeddable":true,"href":"https:\/\/geooprema.com\/bs\/wp-json\/wp\/v2\/product_brand?post=32613"},{"taxonomy":"product_cat","embeddable":true,"href":"https:\/\/geooprema.com\/bs\/wp-json\/wp\/v2\/product_cat?post=32613"},{"taxonomy":"product_tag","embeddable":true,"href":"https:\/\/geooprema.com\/bs\/wp-json\/wp\/v2\/product_tag?post=32613"}],"curies":[{"name":"wp","href":"https:\/\/api.w.org\/{rel}","templated":true}]}}