
{"id":32578,"date":"2020-10-17T06:49:49","date_gmt":"2020-10-17T06:49:49","guid":{"rendered":"https:\/\/geooprema.com\/products\/Bez kategorije\/geo-fennel-f6-dvosmjerni-radio\/"},"modified":"2020-10-17T06:49:49","modified_gmt":"2020-10-17T06:49:49","slug":"geo-fennel-f6-dvosmjerni-radio","status":"publish","type":"product","link":"https:\/\/geooprema.com\/bs\/products\/dodatna-oprema\/geo-fennel-f6-dvosmjerni-radio\/","title":{"rendered":"Geo Fennel F6 Dvosmjerni radio"},"content":{"rendered":"<div class=\"content - title\">\n<div class=\"product - description\">\n<div class=\"content - title\">\n<p><strong> Tehni\u010dki podaci: <\/strong><\/p>\n<table class=\"product - properties-table\">\n<tbody>\n<tr class=\"product - properties-row\">\n<td class=\"product - properties-label is - bold\">Za\u0161tita od pra\u0161ine \/ vode:<\/td>\n<td class=\"product - properties-value\">IP 54<\/td>\n<\/tr>\n<tr class=\"product - properties-row\">\n<td class=\"product - properties-label is - bold\">Izlazna snaga RF:<\/td>\n<td class=\"product - properties-value\">0,5 W<\/td>\n<\/tr>\n<tr class=\"product - properties-row\">\n<td class=\"product - properties-label is - bold\">Raspon frekvencija:<\/td>\n<td class=\"product - properties-value\">446.000 &#8211; 446.100 MHz<\/td>\n<\/tr>\n<tr class=\"product - properties-row\">\n<td class=\"product - properties-label is - bold\">Kanali:<\/td>\n<td class=\"product - properties-value\">16<\/td>\n<\/tr>\n<tr class=\"product - properties-row\">\n<td class=\"product - properties-label is - bold\">Audio izlaz:<\/td>\n<td class=\"product - properties-value\">1 W<\/td>\n<\/tr>\n<tr class=\"product - properties-row\">\n<td class=\"product - properties-label is - bold\">Napajanje:<\/td>\n<td class=\"product - properties-value\">12 V Li-Po 1300 mAh<\/td>\n<\/tr>\n<tr class=\"product - properties-row\">\n<td class=\"product - properties-label is - bold\">Vrijeme rada:<\/td>\n<td class=\"product - properties-value\">12 h &#8211; 30 h<\/td>\n<\/tr>\n<tr class=\"product - properties-row\">\n<td class=\"product - properties-label is - bold\">Raspon temperature:<\/td>\n<td class=\"product - properties-value\">&#8211; 25 \u00b0 C do +55 \u00b0 C<\/td>\n<\/tr>\n<tr class=\"product - properties-row\">\n<td class=\"product - properties-label is - bold\">\u0160ok \/ vibracija:<\/td>\n<td class=\"product - properties-value\">MIL STD 810 C \/ D \/ E &amp; amp; TIA \/ EIA 603<\/td>\n<\/tr>\n<tr class=\"product - properties-row\">\n<td class=\"product - properties-label is - bold\">Radni obuhvat:<\/td>\n<td class=\"product - properties-value\">3 km (van, podru\u010dje izme\u0111u zgrada), 5 km (vani, otvoreni teren)<\/td>\n<\/tr>\n<\/tbody>\n<\/table>\n<\/div>\n<\/div>\n<\/div>\n","protected":false},"excerpt":{"rendered":"<div class=\"content - title\">Informacije o proizvodu &#8220;F6&#8221;<\/div>\n<div class=\"product - description\">\n<p>Robustan i mo\u0107an dvosmjerni radio PMR 446 za profesionalnu upotrebu.<\/p>\n<ul>\n<li>Jasan kvalitet zvuka<\/li>\n<li>Automatsko smanjenje \u0161uma<\/li>\n<li>TOT odbrojavanje vremenskog ograni\u010denja za zaustavljanje automatskog oda\u0161iljanja<\/li>\n<li>Nadzorna funkcija<\/li>\n<li>DCS \/ CTCSS enkoder i dekoder spre\u010davaju smetnje na istoj frekvenciji<\/li>\n<li>Ku\u0107i\u0161te od lijevanog tla i visoko otporne plastike<\/li>\n<li>Mo\u0107na litijum-polimer baterija za punjenje<\/li>\n<li>Na\u010din u\u0161tede baterije<\/li>\n<li>Najava kanala na engleskom jeziku<\/li>\n<li>LED prikazuje prijem, prenos i status baterije<\/li>\n<li>Evropska licenca i besplatna upotreba<\/li>\n<li>Programiranje na ra\u010dunaru (opcionalno):<\/li>\n<li>Frekvenciju, funkcije i postavke mo\u017ee podesiti opcioni softver za programiranje<\/li>\n<\/ul>\n<\/div>\n","protected":false},"featured_media":28449,"comment_status":"open","ping_status":"closed","template":"","meta":{"_acf_changed":false},"product_brand":[],"product_cat":[336],"product_tag":[],"class_list":{"0":"post-32578","1":"product","2":"type-product","3":"status-publish","4":"has-post-thumbnail","6":"product_cat-dodatna-oprema","8":"first","9":"onbackorder","10":"featured","11":"taxable","12":"shipping-taxable","13":"product-type-simple","swatches":"rey-swatches","show_selected":""},"acf":[],"yoast_head":"<!-- This site is optimized with the Yoast SEO plugin v24.9 - https:\/\/yoast.com\/wordpress\/plugins\/seo\/ -->\n<title>Geo Fennel F6 Dvosmjerni radio - Geooprema<\/title>\n<meta name=\"robots\" content=\"index, follow, max-snippet:-1, max-image-preview:large, max-video-preview:-1\" \/>\n<link rel=\"canonical\" href=\"https:\/\/geooprema.com\/bs\/products\/dodatna-oprema\/geo-fennel-f6-dvosmjerni-radio\/\" \/>\n<meta property=\"og:locale\" content=\"bs_BA\" \/>\n<meta property=\"og:type\" content=\"article\" \/>\n<meta property=\"og:title\" content=\"Geo Fennel F6 Dvosmjerni radio - Geooprema\" \/>\n<meta property=\"og:description\" content=\"Informacije o proizvodu &quot;F6&quot;   Robustan i mo\u0107an dvosmjerni radio PMR 446 za profesionalnu upotrebu.   Jasan kvalitet zvuka  Automatsko smanjenje \u0161uma  TOT odbrojavanje vremenskog ograni\u010denja za zaustavljanje automatskog oda\u0161iljanja  Nadzorna funkcija  DCS \/ CTCSS enkoder i dekoder spre\u010davaju smetnje na istoj frekvenciji  Ku\u0107i\u0161te od lijevanog tla i visoko otporne plastike  Mo\u0107na litijum-polimer baterija za punjenje  Na\u010din u\u0161tede baterije  Najava kanala na engleskom jeziku  LED prikazuje prijem, prenos i status baterije  Evropska licenca i besplatna upotreba  Programiranje na ra\u010dunaru (opcionalno):  Frekvenciju, funkcije i postavke mo\u017ee podesiti opcioni softver za programiranje\" \/>\n<meta property=\"og:url\" content=\"https:\/\/geooprema.com\/bs\/products\/dodatna-oprema\/geo-fennel-f6-dvosmjerni-radio\/\" \/>\n<meta property=\"og:site_name\" content=\"Geooprema\" \/>\n<meta property=\"article:publisher\" content=\"https:\/\/www.facebook.com\/geoinfobih\" \/>\n<meta property=\"og:image\" content=\"https:\/\/geooprema.com\/wp-content\/uploads\/2020\/10\/F6_4-1.png\" \/>\n\t<meta property=\"og:image:width\" content=\"800\" \/>\n\t<meta property=\"og:image:height\" content=\"800\" \/>\n\t<meta property=\"og:image:type\" content=\"image\/png\" \/>\n<meta name=\"twitter:card\" content=\"summary_large_image\" \/>\n<script type=\"application\/ld+json\" class=\"yoast-schema-graph\">{\"@context\":\"https:\/\/schema.org\",\"@graph\":[{\"@type\":\"WebPage\",\"@id\":\"https:\/\/geooprema.com\/bs\/products\/dodatna-oprema\/geo-fennel-f6-dvosmjerni-radio\/\",\"url\":\"https:\/\/geooprema.com\/bs\/products\/dodatna-oprema\/geo-fennel-f6-dvosmjerni-radio\/\",\"name\":\"Geo Fennel F6 Dvosmjerni radio - Geooprema\",\"isPartOf\":{\"@id\":\"https:\/\/geooprema.com\/#website\"},\"primaryImageOfPage\":{\"@id\":\"https:\/\/geooprema.com\/bs\/products\/dodatna-oprema\/geo-fennel-f6-dvosmjerni-radio\/#primaryimage\"},\"image\":{\"@id\":\"https:\/\/geooprema.com\/bs\/products\/dodatna-oprema\/geo-fennel-f6-dvosmjerni-radio\/#primaryimage\"},\"thumbnailUrl\":\"https:\/\/geooprema.com\/wp-content\/uploads\/2020\/10\/F6_4-1.png\",\"datePublished\":\"2020-10-17T06:49:49+00:00\",\"breadcrumb\":{\"@id\":\"https:\/\/geooprema.com\/bs\/products\/dodatna-oprema\/geo-fennel-f6-dvosmjerni-radio\/#breadcrumb\"},\"inLanguage\":\"bs-BA\",\"potentialAction\":[{\"@type\":\"ReadAction\",\"target\":[\"https:\/\/geooprema.com\/bs\/products\/dodatna-oprema\/geo-fennel-f6-dvosmjerni-radio\/\"]}]},{\"@type\":\"ImageObject\",\"inLanguage\":\"bs-BA\",\"@id\":\"https:\/\/geooprema.com\/bs\/products\/dodatna-oprema\/geo-fennel-f6-dvosmjerni-radio\/#primaryimage\",\"url\":\"https:\/\/geooprema.com\/wp-content\/uploads\/2020\/10\/F6_4-1.png\",\"contentUrl\":\"https:\/\/geooprema.com\/wp-content\/uploads\/2020\/10\/F6_4-1.png\",\"width\":800,\"height\":800,\"caption\":\"Geo Fennel F6 Two-way Radio\"},{\"@type\":\"BreadcrumbList\",\"@id\":\"https:\/\/geooprema.com\/bs\/products\/dodatna-oprema\/geo-fennel-f6-dvosmjerni-radio\/#breadcrumb\",\"itemListElement\":[{\"@type\":\"ListItem\",\"position\":1,\"name\":\"Home\",\"item\":\"https:\/\/geooprema.com\/bs\/\"},{\"@type\":\"ListItem\",\"position\":2,\"name\":\"Shop\",\"item\":\"https:\/\/geooprema.com\/shop-2\/\"},{\"@type\":\"ListItem\",\"position\":3,\"name\":\"Geo Fennel F6 Dvosmjerni radio\"}]},{\"@type\":\"WebSite\",\"@id\":\"https:\/\/geooprema.com\/#website\",\"url\":\"https:\/\/geooprema.com\/\",\"name\":\"Geooprema\",\"description\":\"Surveying and Construction Equipmen, Software and Accessories\",\"publisher\":{\"@id\":\"https:\/\/geooprema.com\/#organization\"},\"potentialAction\":[{\"@type\":\"SearchAction\",\"target\":{\"@type\":\"EntryPoint\",\"urlTemplate\":\"https:\/\/geooprema.com\/?s={search_term_string}\"},\"query-input\":{\"@type\":\"PropertyValueSpecification\",\"valueRequired\":true,\"valueName\":\"search_term_string\"}}],\"inLanguage\":\"bs-BA\"},{\"@type\":\"Organization\",\"@id\":\"https:\/\/geooprema.com\/#organization\",\"name\":\"Geooprema\",\"url\":\"https:\/\/geooprema.com\/\",\"logo\":{\"@type\":\"ImageObject\",\"inLanguage\":\"bs-BA\",\"@id\":\"https:\/\/geooprema.com\/#\/schema\/logo\/image\/\",\"url\":\"https:\/\/geooprema.com\/wp-content\/uploads\/2020\/08\/geooprema-logo.png\",\"contentUrl\":\"https:\/\/geooprema.com\/wp-content\/uploads\/2020\/08\/geooprema-logo.png\",\"width\":513,\"height\":161,\"caption\":\"Geooprema\"},\"image\":{\"@id\":\"https:\/\/geooprema.com\/#\/schema\/logo\/image\/\"},\"sameAs\":[\"https:\/\/www.facebook.com\/geoinfobih\",\"https:\/\/www.instagram.com\/geoinfodoo\/\",\"https:\/\/www.linkedin.com\/company\/geoinfo-doo\/\",\"https:\/\/www.youtube.com\/c\/Geoinfodoo\"]}]}<\/script>\n<!-- \/ Yoast SEO plugin. -->","yoast_head_json":{"title":"Geo Fennel F6 Dvosmjerni radio - Geooprema","robots":{"index":"index","follow":"follow","max-snippet":"max-snippet:-1","max-image-preview":"max-image-preview:large","max-video-preview":"max-video-preview:-1"},"canonical":"https:\/\/geooprema.com\/bs\/products\/dodatna-oprema\/geo-fennel-f6-dvosmjerni-radio\/","og_locale":"bs_BA","og_type":"article","og_title":"Geo Fennel F6 Dvosmjerni radio - Geooprema","og_description":"Informacije o proizvodu \"F6\"   Robustan i mo\u0107an dvosmjerni radio PMR 446 za profesionalnu upotrebu.   Jasan kvalitet zvuka  Automatsko smanjenje \u0161uma  TOT odbrojavanje vremenskog ograni\u010denja za zaustavljanje automatskog oda\u0161iljanja  Nadzorna funkcija  DCS \/ CTCSS enkoder i dekoder spre\u010davaju smetnje na istoj frekvenciji  Ku\u0107i\u0161te od lijevanog tla i visoko otporne plastike  Mo\u0107na litijum-polimer baterija za punjenje  Na\u010din u\u0161tede baterije  Najava kanala na engleskom jeziku  LED prikazuje prijem, prenos i status baterije  Evropska licenca i besplatna upotreba  Programiranje na ra\u010dunaru (opcionalno):  Frekvenciju, funkcije i postavke mo\u017ee podesiti opcioni softver za programiranje","og_url":"https:\/\/geooprema.com\/bs\/products\/dodatna-oprema\/geo-fennel-f6-dvosmjerni-radio\/","og_site_name":"Geooprema","article_publisher":"https:\/\/www.facebook.com\/geoinfobih","og_image":[{"width":800,"height":800,"url":"https:\/\/geooprema.com\/wp-content\/uploads\/2020\/10\/F6_4-1.png","type":"image\/png"}],"twitter_card":"summary_large_image","schema":{"@context":"https:\/\/schema.org","@graph":[{"@type":"WebPage","@id":"https:\/\/geooprema.com\/bs\/products\/dodatna-oprema\/geo-fennel-f6-dvosmjerni-radio\/","url":"https:\/\/geooprema.com\/bs\/products\/dodatna-oprema\/geo-fennel-f6-dvosmjerni-radio\/","name":"Geo Fennel F6 Dvosmjerni radio - Geooprema","isPartOf":{"@id":"https:\/\/geooprema.com\/#website"},"primaryImageOfPage":{"@id":"https:\/\/geooprema.com\/bs\/products\/dodatna-oprema\/geo-fennel-f6-dvosmjerni-radio\/#primaryimage"},"image":{"@id":"https:\/\/geooprema.com\/bs\/products\/dodatna-oprema\/geo-fennel-f6-dvosmjerni-radio\/#primaryimage"},"thumbnailUrl":"https:\/\/geooprema.com\/wp-content\/uploads\/2020\/10\/F6_4-1.png","datePublished":"2020-10-17T06:49:49+00:00","breadcrumb":{"@id":"https:\/\/geooprema.com\/bs\/products\/dodatna-oprema\/geo-fennel-f6-dvosmjerni-radio\/#breadcrumb"},"inLanguage":"bs-BA","potentialAction":[{"@type":"ReadAction","target":["https:\/\/geooprema.com\/bs\/products\/dodatna-oprema\/geo-fennel-f6-dvosmjerni-radio\/"]}]},{"@type":"ImageObject","inLanguage":"bs-BA","@id":"https:\/\/geooprema.com\/bs\/products\/dodatna-oprema\/geo-fennel-f6-dvosmjerni-radio\/#primaryimage","url":"https:\/\/geooprema.com\/wp-content\/uploads\/2020\/10\/F6_4-1.png","contentUrl":"https:\/\/geooprema.com\/wp-content\/uploads\/2020\/10\/F6_4-1.png","width":800,"height":800,"caption":"Geo Fennel F6 Two-way Radio"},{"@type":"BreadcrumbList","@id":"https:\/\/geooprema.com\/bs\/products\/dodatna-oprema\/geo-fennel-f6-dvosmjerni-radio\/#breadcrumb","itemListElement":[{"@type":"ListItem","position":1,"name":"Home","item":"https:\/\/geooprema.com\/bs\/"},{"@type":"ListItem","position":2,"name":"Shop","item":"https:\/\/geooprema.com\/shop-2\/"},{"@type":"ListItem","position":3,"name":"Geo Fennel F6 Dvosmjerni radio"}]},{"@type":"WebSite","@id":"https:\/\/geooprema.com\/#website","url":"https:\/\/geooprema.com\/","name":"Geooprema","description":"Surveying and Construction Equipmen, Software and Accessories","publisher":{"@id":"https:\/\/geooprema.com\/#organization"},"potentialAction":[{"@type":"SearchAction","target":{"@type":"EntryPoint","urlTemplate":"https:\/\/geooprema.com\/?s={search_term_string}"},"query-input":{"@type":"PropertyValueSpecification","valueRequired":true,"valueName":"search_term_string"}}],"inLanguage":"bs-BA"},{"@type":"Organization","@id":"https:\/\/geooprema.com\/#organization","name":"Geooprema","url":"https:\/\/geooprema.com\/","logo":{"@type":"ImageObject","inLanguage":"bs-BA","@id":"https:\/\/geooprema.com\/#\/schema\/logo\/image\/","url":"https:\/\/geooprema.com\/wp-content\/uploads\/2020\/08\/geooprema-logo.png","contentUrl":"https:\/\/geooprema.com\/wp-content\/uploads\/2020\/08\/geooprema-logo.png","width":513,"height":161,"caption":"Geooprema"},"image":{"@id":"https:\/\/geooprema.com\/#\/schema\/logo\/image\/"},"sameAs":["https:\/\/www.facebook.com\/geoinfobih","https:\/\/www.instagram.com\/geoinfodoo\/","https:\/\/www.linkedin.com\/company\/geoinfo-doo\/","https:\/\/www.youtube.com\/c\/Geoinfodoo"]}]}},"_links":{"self":[{"href":"https:\/\/geooprema.com\/bs\/wp-json\/wp\/v2\/product\/32578","targetHints":{"allow":["GET"]}}],"collection":[{"href":"https:\/\/geooprema.com\/bs\/wp-json\/wp\/v2\/product"}],"about":[{"href":"https:\/\/geooprema.com\/bs\/wp-json\/wp\/v2\/types\/product"}],"replies":[{"embeddable":true,"href":"https:\/\/geooprema.com\/bs\/wp-json\/wp\/v2\/comments?post=32578"}],"wp:featuredmedia":[{"embeddable":true,"href":"https:\/\/geooprema.com\/bs\/wp-json\/wp\/v2\/media\/28449"}],"wp:attachment":[{"href":"https:\/\/geooprema.com\/bs\/wp-json\/wp\/v2\/media?parent=32578"}],"wp:term":[{"taxonomy":"product_brand","embeddable":true,"href":"https:\/\/geooprema.com\/bs\/wp-json\/wp\/v2\/product_brand?post=32578"},{"taxonomy":"product_cat","embeddable":true,"href":"https:\/\/geooprema.com\/bs\/wp-json\/wp\/v2\/product_cat?post=32578"},{"taxonomy":"product_tag","embeddable":true,"href":"https:\/\/geooprema.com\/bs\/wp-json\/wp\/v2\/product_tag?post=32578"}],"curies":[{"name":"wp","href":"https:\/\/api.w.org\/{rel}","templated":true}]}}