
{"id":32567,"date":"2021-07-22T09:03:09","date_gmt":"2021-07-22T09:03:10","guid":{"rendered":"https:\/\/geooprema.com\/?post_type=product&#038;p=32567"},"modified":"2021-08-23T09:44:29","modified_gmt":"2021-08-23T09:44:29","slug":"geomax-zoom-90-r-a5-1-paket-copy-copy-copy","status":"publish","type":"product","link":"https:\/\/geooprema.com\/bs\/products\/geodetska-oprema\/totalne-stanice\/geomax-zoom-90-r-a5-1-paket-copy-copy-copy\/","title":{"rendered":"GeoMax Zoom 90 R, A5, 1&#8221; paket"},"content":{"rendered":"<h2 class=\"text-group info-content\" style=\"text-align: left;\"><span style=\"color: #f99b1c; font-size: 100%;\"><strong>GeoMax Zoom90<\/strong><\/span><\/h2>\n<div class=\"text-group info-content\" style=\"text-align: left;\">Ova serija ispunjava sve potrebe jednog potpuno operativnog \u010dovjeka sa robotizovanom totalnom stanicom. Zoom 90 je ultimativni sistem za jednog \u010dovjeka sa 20% vi\u0161e automatizacije performansi, pro\u0161irenim mjernim kapacitetom bez prizme, STReAM360, accXess tehnologijama i Windows CE otvorenom konekcijom. S obzirom da je savr\u0161eno rje\u0161enje vi\u0161e od njegovih pojedina\u010dnih komponenti, logi\u010dna integracija Zoom 90 komponenti \u010dini je ultimativnim rje\u0161enjem.<\/div>\n<div class=\"row equal-height\">\n<div class=\"col-lg-6 equal-height-inner\">\n<div class=\"inner-container\">\n<div class=\"caption baseFont\">\n<div class=\"text\">\n<ul>\n<li><strong><span style=\"color: #f99b1c;\">NavLight<\/span><\/strong>\n<ul>\n<li>Pode\u0161en kao standard za teleskope, navLight je efikasna pomo\u0107 pri poravnanju poma\u017ee da se radovi postavljanja stanice ubrzaju. Svijetle crvena i \u017euta svjetlost koja Vas vodi brzo i ta\u010dno do linije vizure.<\/li>\n<\/ul>\n<\/li>\n<\/ul>\n<\/div>\n<\/div>\n<\/div>\n<\/div>\n<div class=\"col-lg-6 equal-height-inner\">\n<div class=\"inner-container no-border\">\n<div class=\"caption baseFont\">\n<div class=\"text\">\n<ul>\n<li><strong><span style=\"color: #f99b1c;\">EDM tehnologija potpunog povezivanja<\/span><\/strong>\n<ul>\n<li>GeoMax\u2019s accXXess EDM Tehnologija u Zoom 90 omogu\u0107ava mjerenja do 1000 metara bez prizme. Mali laser i sofisticirana tehnologija procesiranja signala osiguravaju visoku ta\u010dnost, bez obzira na udaljenost i uslove.<\/li>\n<\/ul>\n<\/li>\n<\/ul>\n<\/div>\n<\/div>\n<\/div>\n<\/div>\n<\/div>\n<div class=\"row equal-height\">\n<div class=\"col-lg-6 equal-height-inner\">\n<div class=\"inner-container no-border\">\n<div class=\"caption baseFont\">\n<div class=\"text\">\n<h3><span style=\"color: #f99b1c;\"><b>Potpuno robotizovana<\/b><\/span><\/h3>\n<ul>\n<li><strong><span style=\"color: #f99b1c;\">GeoTRAil<\/span><\/strong>\n<ul>\n<li>Podr\u017eavaju\u0107i funkcionalnosti novog terenskog softvera, Zoom 90 moze da uhvati prizmu na osnovu GNSS polo\u017eaja sa terenskog kontrolera. zbog svoje integracije u razli\u010dita terenske softverska rje\u0161enje, jednostvano je i jednostavno je za koristiti.<\/li>\n<\/ul>\n<\/li>\n<li><strong><span style=\"color: #f99b1c;\">Scout<\/span><\/strong>\n<ul>\n<li>Dodatno za GeoTRail Zoom 90 ima ugra\u0111enu Scout tehnologiju gdje je vertikalno laser emitovan iz rotiraju\u0107eg instrumenta. \u010cim su refleksije dobijene od prizme, Zoom 90 ta\u010dno nacilja prema prizmi.<\/li>\n<\/ul>\n<\/li>\n<li><strong><span style=\"color: #f99b1c;\">TRack<\/span><\/strong>\n<ul>\n<li>Jo\u0161 jedan element STReAM360 je funkcionalnost pra\u0107enje; Zoom 70 kontinuirano prati svoju metu. Kada je jednom zaklju\u010da, instrument ostaje ta\u010dno naciljan iako se meta brzo kre\u0107e.<\/li>\n<\/ul>\n<\/li>\n<li><strong><span style=\"color: #f99b1c;\">AiM<\/span><\/strong>\n<ul>\n<li>Zoom 70 cilja ta\u010dno na svaku prizmu, bez potrebe gledanja kroz durbin. Visoko pouzdana mjerenja se izvode automatski i dosljedno su ponovljiva.<\/li>\n<\/ul>\n<\/li>\n<\/ul>\n<\/div>\n<\/div>\n<\/div>\n<\/div>\n<\/div>\n","protected":false},"excerpt":{"rendered":"<div class=\"row equal-height\">\n<div class=\"col-lg-6 equal-height-inner\">\n<div class=\"inner-container\">\n<div class=\"caption baseFont\">\n<div class=\"text\">\n<ul>\n<li style=\"text-align: left;\"><span style=\"color: #282828;\">NavLight<\/span><\/li>\n<li style=\"text-align: left;\"><span style=\"color: #282828;\">EDM tehnologija puna povezanost<\/span><\/li>\n<li style=\"text-align: left;\"><span style=\"color: #282828;\">accXXess<\/span><\/li>\n<li style=\"text-align: left;\"><span style=\"color: #282828;\">Potpuno robotizovana<\/span><\/li>\n<li style=\"text-align: left;\"><span style=\"color: #282828;\">GeoTRAil<\/span><\/li>\n<li style=\"text-align: left;\"><span style=\"color: #282828;\">Scout<\/span><\/li>\n<li style=\"text-align: left;\"><span style=\"color: #282828;\">TRack<\/span><\/li>\n<li style=\"text-align: left;\"><span style=\"color: #282828;\">AiM<\/span><\/li>\n<\/ul>\n<\/div>\n<\/div>\n<\/div>\n<\/div>\n<\/div>\n","protected":false},"featured_media":32645,"comment_status":"open","ping_status":"closed","template":"","meta":{"_acf_changed":false},"product_brand":[],"product_cat":[341,345],"product_tag":[1557,377,1332,452,368,370,372,1358,1361],"class_list":{"0":"post-32567","1":"product","2":"type-product","3":"status-publish","4":"has-post-thumbnail","6":"product_cat-geodetska-oprema","7":"product_cat-totalne-stanice","8":"product_tag-geodetska-oprema","9":"product_tag-geomax-bs","10":"product_tag-motorized-bs","11":"product_tag-premjer","12":"product_tag-robotizovana","13":"product_tag-stanica","14":"product_tag-totalna","15":"product_tag-totalna-stanica","16":"product_tag-x-pad-bs","17":"pa_brand-geomax-positioning-bs","19":"first","20":"onbackorder","21":"featured","22":"taxable","23":"shipping-taxable","24":"product-type-simple","swatches":"rey-swatches","show_selected":""},"acf":[],"yoast_head":"<!-- This site is optimized with the Yoast SEO plugin v24.9 - https:\/\/yoast.com\/wordpress\/plugins\/seo\/ -->\n<title>GeoMax Zoom 90 R, A5, 1&quot; paket - Geooprema<\/title>\n<meta name=\"robots\" content=\"index, follow, max-snippet:-1, max-image-preview:large, max-video-preview:-1\" \/>\n<link rel=\"canonical\" href=\"https:\/\/geooprema.com\/bs\/products\/geodetska-oprema\/totalne-stanice\/geomax-zoom-90-r-a5-1-paket-copy-copy-copy\/\" \/>\n<meta property=\"og:locale\" content=\"bs_BA\" \/>\n<meta property=\"og:type\" content=\"article\" \/>\n<meta property=\"og:title\" content=\"GeoMax Zoom 90 R, A5, 1&quot; paket - Geooprema\" \/>\n<meta property=\"og:description\" content=\"NavLight  EDM tehnologija puna povezanost  accXXess  Potpuno robotizovana  GeoTRAil  Scout  TRack  AiM\" \/>\n<meta property=\"og:url\" content=\"https:\/\/geooprema.com\/bs\/products\/geodetska-oprema\/totalne-stanice\/geomax-zoom-90-r-a5-1-paket-copy-copy-copy\/\" \/>\n<meta property=\"og:site_name\" content=\"Geooprema\" \/>\n<meta property=\"article:publisher\" content=\"https:\/\/www.facebook.com\/geoinfobih\" \/>\n<meta property=\"article:modified_time\" content=\"2021-08-23T09:44:29+00:00\" \/>\n<meta property=\"og:image\" content=\"https:\/\/geooprema.com\/wp-content\/uploads\/2021\/07\/GEOMAX_Zoom-95.jpg\" \/>\n\t<meta property=\"og:image:width\" content=\"800\" \/>\n\t<meta property=\"og:image:height\" content=\"800\" \/>\n\t<meta property=\"og:image:type\" content=\"image\/jpeg\" \/>\n<meta name=\"twitter:card\" content=\"summary_large_image\" \/>\n<meta name=\"twitter:label1\" content=\"Est. reading time\" \/>\n\t<meta name=\"twitter:data1\" content=\"1 minuta\" \/>\n<script type=\"application\/ld+json\" class=\"yoast-schema-graph\">{\"@context\":\"https:\/\/schema.org\",\"@graph\":[{\"@type\":\"WebPage\",\"@id\":\"https:\/\/geooprema.com\/bs\/products\/geodetska-oprema\/totalne-stanice\/geomax-zoom-90-r-a5-1-paket-copy-copy-copy\/\",\"url\":\"https:\/\/geooprema.com\/bs\/products\/geodetska-oprema\/totalne-stanice\/geomax-zoom-90-r-a5-1-paket-copy-copy-copy\/\",\"name\":\"GeoMax Zoom 90 R, A5, 1\\\" paket - Geooprema\",\"isPartOf\":{\"@id\":\"https:\/\/geooprema.com\/#website\"},\"primaryImageOfPage\":{\"@id\":\"https:\/\/geooprema.com\/bs\/products\/geodetska-oprema\/totalne-stanice\/geomax-zoom-90-r-a5-1-paket-copy-copy-copy\/#primaryimage\"},\"image\":{\"@id\":\"https:\/\/geooprema.com\/bs\/products\/geodetska-oprema\/totalne-stanice\/geomax-zoom-90-r-a5-1-paket-copy-copy-copy\/#primaryimage\"},\"thumbnailUrl\":\"https:\/\/geooprema.com\/wp-content\/uploads\/2021\/07\/GEOMAX_Zoom-95.jpg\",\"datePublished\":\"2021-07-22T09:03:10+00:00\",\"dateModified\":\"2021-08-23T09:44:29+00:00\",\"breadcrumb\":{\"@id\":\"https:\/\/geooprema.com\/bs\/products\/geodetska-oprema\/totalne-stanice\/geomax-zoom-90-r-a5-1-paket-copy-copy-copy\/#breadcrumb\"},\"inLanguage\":\"bs-BA\",\"potentialAction\":[{\"@type\":\"ReadAction\",\"target\":[\"https:\/\/geooprema.com\/bs\/products\/geodetska-oprema\/totalne-stanice\/geomax-zoom-90-r-a5-1-paket-copy-copy-copy\/\"]}]},{\"@type\":\"ImageObject\",\"inLanguage\":\"bs-BA\",\"@id\":\"https:\/\/geooprema.com\/bs\/products\/geodetska-oprema\/totalne-stanice\/geomax-zoom-90-r-a5-1-paket-copy-copy-copy\/#primaryimage\",\"url\":\"https:\/\/geooprema.com\/wp-content\/uploads\/2021\/07\/GEOMAX_Zoom-95.jpg\",\"contentUrl\":\"https:\/\/geooprema.com\/wp-content\/uploads\/2021\/07\/GEOMAX_Zoom-95.jpg\",\"width\":800,\"height\":800,\"caption\":\"GEOMAX_Zoom-95\"},{\"@type\":\"BreadcrumbList\",\"@id\":\"https:\/\/geooprema.com\/bs\/products\/geodetska-oprema\/totalne-stanice\/geomax-zoom-90-r-a5-1-paket-copy-copy-copy\/#breadcrumb\",\"itemListElement\":[{\"@type\":\"ListItem\",\"position\":1,\"name\":\"Home\",\"item\":\"https:\/\/geooprema.com\/bs\/\"},{\"@type\":\"ListItem\",\"position\":2,\"name\":\"Shop\",\"item\":\"https:\/\/geooprema.com\/shop-2\/\"},{\"@type\":\"ListItem\",\"position\":3,\"name\":\"GeoMax Zoom 90 R, A5, 1&#8221; paket\"}]},{\"@type\":\"WebSite\",\"@id\":\"https:\/\/geooprema.com\/#website\",\"url\":\"https:\/\/geooprema.com\/\",\"name\":\"Geooprema\",\"description\":\"Surveying and Construction Equipmen, Software and Accessories\",\"publisher\":{\"@id\":\"https:\/\/geooprema.com\/#organization\"},\"potentialAction\":[{\"@type\":\"SearchAction\",\"target\":{\"@type\":\"EntryPoint\",\"urlTemplate\":\"https:\/\/geooprema.com\/?s={search_term_string}\"},\"query-input\":{\"@type\":\"PropertyValueSpecification\",\"valueRequired\":true,\"valueName\":\"search_term_string\"}}],\"inLanguage\":\"bs-BA\"},{\"@type\":\"Organization\",\"@id\":\"https:\/\/geooprema.com\/#organization\",\"name\":\"Geooprema\",\"url\":\"https:\/\/geooprema.com\/\",\"logo\":{\"@type\":\"ImageObject\",\"inLanguage\":\"bs-BA\",\"@id\":\"https:\/\/geooprema.com\/#\/schema\/logo\/image\/\",\"url\":\"https:\/\/geooprema.com\/wp-content\/uploads\/2020\/08\/geooprema-logo.png\",\"contentUrl\":\"https:\/\/geooprema.com\/wp-content\/uploads\/2020\/08\/geooprema-logo.png\",\"width\":513,\"height\":161,\"caption\":\"Geooprema\"},\"image\":{\"@id\":\"https:\/\/geooprema.com\/#\/schema\/logo\/image\/\"},\"sameAs\":[\"https:\/\/www.facebook.com\/geoinfobih\",\"https:\/\/www.instagram.com\/geoinfodoo\/\",\"https:\/\/www.linkedin.com\/company\/geoinfo-doo\/\",\"https:\/\/www.youtube.com\/c\/Geoinfodoo\"]}]}<\/script>\n<!-- \/ Yoast SEO plugin. -->","yoast_head_json":{"title":"GeoMax Zoom 90 R, A5, 1\" paket - Geooprema","robots":{"index":"index","follow":"follow","max-snippet":"max-snippet:-1","max-image-preview":"max-image-preview:large","max-video-preview":"max-video-preview:-1"},"canonical":"https:\/\/geooprema.com\/bs\/products\/geodetska-oprema\/totalne-stanice\/geomax-zoom-90-r-a5-1-paket-copy-copy-copy\/","og_locale":"bs_BA","og_type":"article","og_title":"GeoMax Zoom 90 R, A5, 1\" paket - Geooprema","og_description":"NavLight  EDM tehnologija puna povezanost  accXXess  Potpuno robotizovana  GeoTRAil  Scout  TRack  AiM","og_url":"https:\/\/geooprema.com\/bs\/products\/geodetska-oprema\/totalne-stanice\/geomax-zoom-90-r-a5-1-paket-copy-copy-copy\/","og_site_name":"Geooprema","article_publisher":"https:\/\/www.facebook.com\/geoinfobih","article_modified_time":"2021-08-23T09:44:29+00:00","og_image":[{"width":800,"height":800,"url":"https:\/\/geooprema.com\/wp-content\/uploads\/2021\/07\/GEOMAX_Zoom-95.jpg","type":"image\/jpeg"}],"twitter_card":"summary_large_image","twitter_misc":{"Est. reading time":"1 minuta"},"schema":{"@context":"https:\/\/schema.org","@graph":[{"@type":"WebPage","@id":"https:\/\/geooprema.com\/bs\/products\/geodetska-oprema\/totalne-stanice\/geomax-zoom-90-r-a5-1-paket-copy-copy-copy\/","url":"https:\/\/geooprema.com\/bs\/products\/geodetska-oprema\/totalne-stanice\/geomax-zoom-90-r-a5-1-paket-copy-copy-copy\/","name":"GeoMax Zoom 90 R, A5, 1\" paket - Geooprema","isPartOf":{"@id":"https:\/\/geooprema.com\/#website"},"primaryImageOfPage":{"@id":"https:\/\/geooprema.com\/bs\/products\/geodetska-oprema\/totalne-stanice\/geomax-zoom-90-r-a5-1-paket-copy-copy-copy\/#primaryimage"},"image":{"@id":"https:\/\/geooprema.com\/bs\/products\/geodetska-oprema\/totalne-stanice\/geomax-zoom-90-r-a5-1-paket-copy-copy-copy\/#primaryimage"},"thumbnailUrl":"https:\/\/geooprema.com\/wp-content\/uploads\/2021\/07\/GEOMAX_Zoom-95.jpg","datePublished":"2021-07-22T09:03:10+00:00","dateModified":"2021-08-23T09:44:29+00:00","breadcrumb":{"@id":"https:\/\/geooprema.com\/bs\/products\/geodetska-oprema\/totalne-stanice\/geomax-zoom-90-r-a5-1-paket-copy-copy-copy\/#breadcrumb"},"inLanguage":"bs-BA","potentialAction":[{"@type":"ReadAction","target":["https:\/\/geooprema.com\/bs\/products\/geodetska-oprema\/totalne-stanice\/geomax-zoom-90-r-a5-1-paket-copy-copy-copy\/"]}]},{"@type":"ImageObject","inLanguage":"bs-BA","@id":"https:\/\/geooprema.com\/bs\/products\/geodetska-oprema\/totalne-stanice\/geomax-zoom-90-r-a5-1-paket-copy-copy-copy\/#primaryimage","url":"https:\/\/geooprema.com\/wp-content\/uploads\/2021\/07\/GEOMAX_Zoom-95.jpg","contentUrl":"https:\/\/geooprema.com\/wp-content\/uploads\/2021\/07\/GEOMAX_Zoom-95.jpg","width":800,"height":800,"caption":"GEOMAX_Zoom-95"},{"@type":"BreadcrumbList","@id":"https:\/\/geooprema.com\/bs\/products\/geodetska-oprema\/totalne-stanice\/geomax-zoom-90-r-a5-1-paket-copy-copy-copy\/#breadcrumb","itemListElement":[{"@type":"ListItem","position":1,"name":"Home","item":"https:\/\/geooprema.com\/bs\/"},{"@type":"ListItem","position":2,"name":"Shop","item":"https:\/\/geooprema.com\/shop-2\/"},{"@type":"ListItem","position":3,"name":"GeoMax Zoom 90 R, A5, 1&#8221; paket"}]},{"@type":"WebSite","@id":"https:\/\/geooprema.com\/#website","url":"https:\/\/geooprema.com\/","name":"Geooprema","description":"Surveying and Construction Equipmen, Software and Accessories","publisher":{"@id":"https:\/\/geooprema.com\/#organization"},"potentialAction":[{"@type":"SearchAction","target":{"@type":"EntryPoint","urlTemplate":"https:\/\/geooprema.com\/?s={search_term_string}"},"query-input":{"@type":"PropertyValueSpecification","valueRequired":true,"valueName":"search_term_string"}}],"inLanguage":"bs-BA"},{"@type":"Organization","@id":"https:\/\/geooprema.com\/#organization","name":"Geooprema","url":"https:\/\/geooprema.com\/","logo":{"@type":"ImageObject","inLanguage":"bs-BA","@id":"https:\/\/geooprema.com\/#\/schema\/logo\/image\/","url":"https:\/\/geooprema.com\/wp-content\/uploads\/2020\/08\/geooprema-logo.png","contentUrl":"https:\/\/geooprema.com\/wp-content\/uploads\/2020\/08\/geooprema-logo.png","width":513,"height":161,"caption":"Geooprema"},"image":{"@id":"https:\/\/geooprema.com\/#\/schema\/logo\/image\/"},"sameAs":["https:\/\/www.facebook.com\/geoinfobih","https:\/\/www.instagram.com\/geoinfodoo\/","https:\/\/www.linkedin.com\/company\/geoinfo-doo\/","https:\/\/www.youtube.com\/c\/Geoinfodoo"]}]}},"_links":{"self":[{"href":"https:\/\/geooprema.com\/bs\/wp-json\/wp\/v2\/product\/32567","targetHints":{"allow":["GET"]}}],"collection":[{"href":"https:\/\/geooprema.com\/bs\/wp-json\/wp\/v2\/product"}],"about":[{"href":"https:\/\/geooprema.com\/bs\/wp-json\/wp\/v2\/types\/product"}],"replies":[{"embeddable":true,"href":"https:\/\/geooprema.com\/bs\/wp-json\/wp\/v2\/comments?post=32567"}],"wp:featuredmedia":[{"embeddable":true,"href":"https:\/\/geooprema.com\/bs\/wp-json\/wp\/v2\/media\/32645"}],"wp:attachment":[{"href":"https:\/\/geooprema.com\/bs\/wp-json\/wp\/v2\/media?parent=32567"}],"wp:term":[{"taxonomy":"product_brand","embeddable":true,"href":"https:\/\/geooprema.com\/bs\/wp-json\/wp\/v2\/product_brand?post=32567"},{"taxonomy":"product_cat","embeddable":true,"href":"https:\/\/geooprema.com\/bs\/wp-json\/wp\/v2\/product_cat?post=32567"},{"taxonomy":"product_tag","embeddable":true,"href":"https:\/\/geooprema.com\/bs\/wp-json\/wp\/v2\/product_tag?post=32567"}],"curies":[{"name":"wp","href":"https:\/\/api.w.org\/{rel}","templated":true}]}}