
{"id":32528,"date":"2020-10-12T09:22:54","date_gmt":"2020-10-12T09:22:54","guid":{"rendered":"https:\/\/geooprema.com\/products\/Bez kategorije\/nedo-pribor-za-rotirajuce-lasere-zidni-nosac-s\/"},"modified":"2020-10-12T09:22:54","modified_gmt":"2020-10-12T09:22:54","slug":"nedo-pribor-za-rotirajuce-lasere-zidni-nosac-s","status":"publish","type":"product","link":"https:\/\/geooprema.com\/bs\/products\/dodatna-oprema\/nedo-pribor-za-rotirajuce-lasere-zidni-nosac-s\/","title":{"rendered":"Nedo pribor za rotiraju\u0107e lasere &#8211; Zidni nosa\u010d-S"},"content":{"rendered":"<p> <b> Ref.-br. 461 020 <\/b> <\/p>\n<p> Robusni zidni nosa\u010d za sve rotiraju\u0107e lasere. Mo\u017ee se pri\u010dvrstiti na zid ili na plafonske konstrukcijske profile. <br \/>\nFino pode\u0161avanje omogu\u0107ava lako resetovanje visina. <br \/>\nSavr\u0161eno za spu\u0161tene plafone. <br \/>\nPodesivi domet: 150 mm <br \/>\nZidni nosa\u010d S mo\u017ee se horiyontalno u\u010dvrstiti na stativ s navojem 5\/8 &#8220;. Idealan za ta\u010dno poravnanje lasera. <\/p>\n","protected":false},"excerpt":{"rendered":"<p>Ref.-br. 461 020 Robusni zidni nosa\u010d za sve rotiraju\u0107e lasere. Mo\u017ee se pri\u010dvrstiti na zid ili na plafonske konstrukcijske profile. Fino pode\u0161avanje omogu\u0107ava lako resetovanje visina. Savr\u0161eno za spu\u0161tene plafone. Podesivi domet: 150 mm Zidni nosa\u010d S mo\u017ee se horiyontalno u\u010dvrstiti na stativ s navojem 5\/8 &#8220;. Idealan za ta\u010dno poravnanje lasera.<\/p>\n","protected":false},"featured_media":26426,"comment_status":"open","ping_status":"closed","template":"","meta":{"_acf_changed":false},"product_brand":[],"product_cat":[336],"product_tag":[],"class_list":{"0":"post-32528","1":"product","2":"type-product","3":"status-publish","4":"has-post-thumbnail","6":"product_cat-dodatna-oprema","8":"first","9":"onbackorder","10":"taxable","11":"shipping-taxable","12":"product-type-simple","swatches":"rey-swatches","show_selected":""},"acf":[],"yoast_head":"<!-- This site is optimized with the Yoast SEO plugin v24.9 - https:\/\/yoast.com\/wordpress\/plugins\/seo\/ -->\n<title>Nedo pribor za rotiraju\u0107e lasere - Zidni nosa\u010d-S - Geooprema<\/title>\n<meta name=\"robots\" content=\"index, follow, max-snippet:-1, max-image-preview:large, max-video-preview:-1\" \/>\n<link rel=\"canonical\" href=\"https:\/\/geooprema.com\/bs\/products\/dodatna-oprema\/nedo-pribor-za-rotirajuce-lasere-zidni-nosac-s\/\" \/>\n<meta property=\"og:locale\" content=\"bs_BA\" \/>\n<meta property=\"og:type\" content=\"article\" \/>\n<meta property=\"og:title\" content=\"Nedo pribor za rotiraju\u0107e lasere - Zidni nosa\u010d-S - Geooprema\" \/>\n<meta property=\"og:description\" content=\"Ref.-br. 461 020 Robusni zidni nosa\u010d za sve rotiraju\u0107e lasere. Mo\u017ee se pri\u010dvrstiti na zid ili na plafonske konstrukcijske profile. Fino pode\u0161avanje omogu\u0107ava lako resetovanje visina. Savr\u0161eno za spu\u0161tene plafone. Podesivi domet: 150 mm Zidni nosa\u010d S mo\u017ee se horiyontalno u\u010dvrstiti na stativ s navojem 5\/8 &#8220;. Idealan za ta\u010dno poravnanje lasera.\" \/>\n<meta property=\"og:url\" content=\"https:\/\/geooprema.com\/bs\/products\/dodatna-oprema\/nedo-pribor-za-rotirajuce-lasere-zidni-nosac-s\/\" \/>\n<meta property=\"og:site_name\" content=\"Geooprema\" \/>\n<meta property=\"article:publisher\" content=\"https:\/\/www.facebook.com\/geoinfobih\" \/>\n<meta property=\"og:image\" content=\"https:\/\/geooprema.com\/wp-content\/uploads\/2020\/10\/Nedo-Accessories-for-Rotating-Lasers-4.jpg\" \/>\n\t<meta property=\"og:image:width\" content=\"800\" \/>\n\t<meta property=\"og:image:height\" content=\"800\" \/>\n\t<meta property=\"og:image:type\" content=\"image\/jpeg\" \/>\n<meta name=\"twitter:card\" content=\"summary_large_image\" \/>\n<script type=\"application\/ld+json\" class=\"yoast-schema-graph\">{\"@context\":\"https:\/\/schema.org\",\"@graph\":[{\"@type\":\"WebPage\",\"@id\":\"https:\/\/geooprema.com\/bs\/products\/dodatna-oprema\/nedo-pribor-za-rotirajuce-lasere-zidni-nosac-s\/\",\"url\":\"https:\/\/geooprema.com\/bs\/products\/dodatna-oprema\/nedo-pribor-za-rotirajuce-lasere-zidni-nosac-s\/\",\"name\":\"Nedo pribor za rotiraju\u0107e lasere - Zidni nosa\u010d-S - Geooprema\",\"isPartOf\":{\"@id\":\"https:\/\/geooprema.com\/#website\"},\"primaryImageOfPage\":{\"@id\":\"https:\/\/geooprema.com\/bs\/products\/dodatna-oprema\/nedo-pribor-za-rotirajuce-lasere-zidni-nosac-s\/#primaryimage\"},\"image\":{\"@id\":\"https:\/\/geooprema.com\/bs\/products\/dodatna-oprema\/nedo-pribor-za-rotirajuce-lasere-zidni-nosac-s\/#primaryimage\"},\"thumbnailUrl\":\"https:\/\/geooprema.com\/wp-content\/uploads\/2020\/10\/Nedo-Accessories-for-Rotating-Lasers-4.jpg\",\"datePublished\":\"2020-10-12T09:22:54+00:00\",\"breadcrumb\":{\"@id\":\"https:\/\/geooprema.com\/bs\/products\/dodatna-oprema\/nedo-pribor-za-rotirajuce-lasere-zidni-nosac-s\/#breadcrumb\"},\"inLanguage\":\"bs-BA\",\"potentialAction\":[{\"@type\":\"ReadAction\",\"target\":[\"https:\/\/geooprema.com\/bs\/products\/dodatna-oprema\/nedo-pribor-za-rotirajuce-lasere-zidni-nosac-s\/\"]}]},{\"@type\":\"ImageObject\",\"inLanguage\":\"bs-BA\",\"@id\":\"https:\/\/geooprema.com\/bs\/products\/dodatna-oprema\/nedo-pribor-za-rotirajuce-lasere-zidni-nosac-s\/#primaryimage\",\"url\":\"https:\/\/geooprema.com\/wp-content\/uploads\/2020\/10\/Nedo-Accessories-for-Rotating-Lasers-4.jpg\",\"contentUrl\":\"https:\/\/geooprema.com\/wp-content\/uploads\/2020\/10\/Nedo-Accessories-for-Rotating-Lasers-4.jpg\",\"width\":800,\"height\":800,\"caption\":\"Nedo Accessories for Rotating Lasers - Wall Mount-S\"},{\"@type\":\"BreadcrumbList\",\"@id\":\"https:\/\/geooprema.com\/bs\/products\/dodatna-oprema\/nedo-pribor-za-rotirajuce-lasere-zidni-nosac-s\/#breadcrumb\",\"itemListElement\":[{\"@type\":\"ListItem\",\"position\":1,\"name\":\"Home\",\"item\":\"https:\/\/geooprema.com\/bs\/\"},{\"@type\":\"ListItem\",\"position\":2,\"name\":\"Shop\",\"item\":\"https:\/\/geooprema.com\/shop-2\/\"},{\"@type\":\"ListItem\",\"position\":3,\"name\":\"Nedo pribor za rotiraju\u0107e lasere &#8211; Zidni nosa\u010d-S\"}]},{\"@type\":\"WebSite\",\"@id\":\"https:\/\/geooprema.com\/#website\",\"url\":\"https:\/\/geooprema.com\/\",\"name\":\"Geooprema\",\"description\":\"Surveying and Construction Equipmen, Software and Accessories\",\"publisher\":{\"@id\":\"https:\/\/geooprema.com\/#organization\"},\"potentialAction\":[{\"@type\":\"SearchAction\",\"target\":{\"@type\":\"EntryPoint\",\"urlTemplate\":\"https:\/\/geooprema.com\/?s={search_term_string}\"},\"query-input\":{\"@type\":\"PropertyValueSpecification\",\"valueRequired\":true,\"valueName\":\"search_term_string\"}}],\"inLanguage\":\"bs-BA\"},{\"@type\":\"Organization\",\"@id\":\"https:\/\/geooprema.com\/#organization\",\"name\":\"Geooprema\",\"url\":\"https:\/\/geooprema.com\/\",\"logo\":{\"@type\":\"ImageObject\",\"inLanguage\":\"bs-BA\",\"@id\":\"https:\/\/geooprema.com\/#\/schema\/logo\/image\/\",\"url\":\"https:\/\/geooprema.com\/wp-content\/uploads\/2020\/08\/geooprema-logo.png\",\"contentUrl\":\"https:\/\/geooprema.com\/wp-content\/uploads\/2020\/08\/geooprema-logo.png\",\"width\":513,\"height\":161,\"caption\":\"Geooprema\"},\"image\":{\"@id\":\"https:\/\/geooprema.com\/#\/schema\/logo\/image\/\"},\"sameAs\":[\"https:\/\/www.facebook.com\/geoinfobih\",\"https:\/\/www.instagram.com\/geoinfodoo\/\",\"https:\/\/www.linkedin.com\/company\/geoinfo-doo\/\",\"https:\/\/www.youtube.com\/c\/Geoinfodoo\"]}]}<\/script>\n<!-- \/ Yoast SEO plugin. -->","yoast_head_json":{"title":"Nedo pribor za rotiraju\u0107e lasere - Zidni nosa\u010d-S - Geooprema","robots":{"index":"index","follow":"follow","max-snippet":"max-snippet:-1","max-image-preview":"max-image-preview:large","max-video-preview":"max-video-preview:-1"},"canonical":"https:\/\/geooprema.com\/bs\/products\/dodatna-oprema\/nedo-pribor-za-rotirajuce-lasere-zidni-nosac-s\/","og_locale":"bs_BA","og_type":"article","og_title":"Nedo pribor za rotiraju\u0107e lasere - Zidni nosa\u010d-S - Geooprema","og_description":"Ref.-br. 461 020 Robusni zidni nosa\u010d za sve rotiraju\u0107e lasere. Mo\u017ee se pri\u010dvrstiti na zid ili na plafonske konstrukcijske profile. Fino pode\u0161avanje omogu\u0107ava lako resetovanje visina. Savr\u0161eno za spu\u0161tene plafone. Podesivi domet: 150 mm Zidni nosa\u010d S mo\u017ee se horiyontalno u\u010dvrstiti na stativ s navojem 5\/8 &#8220;. Idealan za ta\u010dno poravnanje lasera.","og_url":"https:\/\/geooprema.com\/bs\/products\/dodatna-oprema\/nedo-pribor-za-rotirajuce-lasere-zidni-nosac-s\/","og_site_name":"Geooprema","article_publisher":"https:\/\/www.facebook.com\/geoinfobih","og_image":[{"width":800,"height":800,"url":"https:\/\/geooprema.com\/wp-content\/uploads\/2020\/10\/Nedo-Accessories-for-Rotating-Lasers-4.jpg","type":"image\/jpeg"}],"twitter_card":"summary_large_image","schema":{"@context":"https:\/\/schema.org","@graph":[{"@type":"WebPage","@id":"https:\/\/geooprema.com\/bs\/products\/dodatna-oprema\/nedo-pribor-za-rotirajuce-lasere-zidni-nosac-s\/","url":"https:\/\/geooprema.com\/bs\/products\/dodatna-oprema\/nedo-pribor-za-rotirajuce-lasere-zidni-nosac-s\/","name":"Nedo pribor za rotiraju\u0107e lasere - Zidni nosa\u010d-S - Geooprema","isPartOf":{"@id":"https:\/\/geooprema.com\/#website"},"primaryImageOfPage":{"@id":"https:\/\/geooprema.com\/bs\/products\/dodatna-oprema\/nedo-pribor-za-rotirajuce-lasere-zidni-nosac-s\/#primaryimage"},"image":{"@id":"https:\/\/geooprema.com\/bs\/products\/dodatna-oprema\/nedo-pribor-za-rotirajuce-lasere-zidni-nosac-s\/#primaryimage"},"thumbnailUrl":"https:\/\/geooprema.com\/wp-content\/uploads\/2020\/10\/Nedo-Accessories-for-Rotating-Lasers-4.jpg","datePublished":"2020-10-12T09:22:54+00:00","breadcrumb":{"@id":"https:\/\/geooprema.com\/bs\/products\/dodatna-oprema\/nedo-pribor-za-rotirajuce-lasere-zidni-nosac-s\/#breadcrumb"},"inLanguage":"bs-BA","potentialAction":[{"@type":"ReadAction","target":["https:\/\/geooprema.com\/bs\/products\/dodatna-oprema\/nedo-pribor-za-rotirajuce-lasere-zidni-nosac-s\/"]}]},{"@type":"ImageObject","inLanguage":"bs-BA","@id":"https:\/\/geooprema.com\/bs\/products\/dodatna-oprema\/nedo-pribor-za-rotirajuce-lasere-zidni-nosac-s\/#primaryimage","url":"https:\/\/geooprema.com\/wp-content\/uploads\/2020\/10\/Nedo-Accessories-for-Rotating-Lasers-4.jpg","contentUrl":"https:\/\/geooprema.com\/wp-content\/uploads\/2020\/10\/Nedo-Accessories-for-Rotating-Lasers-4.jpg","width":800,"height":800,"caption":"Nedo Accessories for Rotating Lasers - Wall Mount-S"},{"@type":"BreadcrumbList","@id":"https:\/\/geooprema.com\/bs\/products\/dodatna-oprema\/nedo-pribor-za-rotirajuce-lasere-zidni-nosac-s\/#breadcrumb","itemListElement":[{"@type":"ListItem","position":1,"name":"Home","item":"https:\/\/geooprema.com\/bs\/"},{"@type":"ListItem","position":2,"name":"Shop","item":"https:\/\/geooprema.com\/shop-2\/"},{"@type":"ListItem","position":3,"name":"Nedo pribor za rotiraju\u0107e lasere &#8211; Zidni nosa\u010d-S"}]},{"@type":"WebSite","@id":"https:\/\/geooprema.com\/#website","url":"https:\/\/geooprema.com\/","name":"Geooprema","description":"Surveying and Construction Equipmen, Software and Accessories","publisher":{"@id":"https:\/\/geooprema.com\/#organization"},"potentialAction":[{"@type":"SearchAction","target":{"@type":"EntryPoint","urlTemplate":"https:\/\/geooprema.com\/?s={search_term_string}"},"query-input":{"@type":"PropertyValueSpecification","valueRequired":true,"valueName":"search_term_string"}}],"inLanguage":"bs-BA"},{"@type":"Organization","@id":"https:\/\/geooprema.com\/#organization","name":"Geooprema","url":"https:\/\/geooprema.com\/","logo":{"@type":"ImageObject","inLanguage":"bs-BA","@id":"https:\/\/geooprema.com\/#\/schema\/logo\/image\/","url":"https:\/\/geooprema.com\/wp-content\/uploads\/2020\/08\/geooprema-logo.png","contentUrl":"https:\/\/geooprema.com\/wp-content\/uploads\/2020\/08\/geooprema-logo.png","width":513,"height":161,"caption":"Geooprema"},"image":{"@id":"https:\/\/geooprema.com\/#\/schema\/logo\/image\/"},"sameAs":["https:\/\/www.facebook.com\/geoinfobih","https:\/\/www.instagram.com\/geoinfodoo\/","https:\/\/www.linkedin.com\/company\/geoinfo-doo\/","https:\/\/www.youtube.com\/c\/Geoinfodoo"]}]}},"_links":{"self":[{"href":"https:\/\/geooprema.com\/bs\/wp-json\/wp\/v2\/product\/32528","targetHints":{"allow":["GET"]}}],"collection":[{"href":"https:\/\/geooprema.com\/bs\/wp-json\/wp\/v2\/product"}],"about":[{"href":"https:\/\/geooprema.com\/bs\/wp-json\/wp\/v2\/types\/product"}],"replies":[{"embeddable":true,"href":"https:\/\/geooprema.com\/bs\/wp-json\/wp\/v2\/comments?post=32528"}],"wp:featuredmedia":[{"embeddable":true,"href":"https:\/\/geooprema.com\/bs\/wp-json\/wp\/v2\/media\/26426"}],"wp:attachment":[{"href":"https:\/\/geooprema.com\/bs\/wp-json\/wp\/v2\/media?parent=32528"}],"wp:term":[{"taxonomy":"product_brand","embeddable":true,"href":"https:\/\/geooprema.com\/bs\/wp-json\/wp\/v2\/product_brand?post=32528"},{"taxonomy":"product_cat","embeddable":true,"href":"https:\/\/geooprema.com\/bs\/wp-json\/wp\/v2\/product_cat?post=32528"},{"taxonomy":"product_tag","embeddable":true,"href":"https:\/\/geooprema.com\/bs\/wp-json\/wp\/v2\/product_tag?post=32528"}],"curies":[{"name":"wp","href":"https:\/\/api.w.org\/{rel}","templated":true}]}}