
{"id":32473,"date":"2020-10-11T13:31:43","date_gmt":"2020-10-11T13:31:43","guid":{"rendered":"https:\/\/geooprema.com\/products\/Bez kategorije\/nedo-telemeter-futrola-372111-613\/"},"modified":"2020-10-11T13:31:43","modified_gmt":"2020-10-11T13:31:43","slug":"nedo-telemeter-futrola-372111-613","status":"publish","type":"product","link":"https:\/\/geooprema.com\/bs\/products\/dodatna-oprema\/nedo-telemeter-futrola-372111-613\/","title":{"rendered":"Nedo Telemeter futrola 372111-613"},"content":{"rendered":"<div style = \"text-align: left;\" align = \"center\"> <b> Ref.-br. 372111-613 <\/b> <\/div>\n<div align = \"center\"> <\/div>\n<div class = \"STYLE_12\" align = \"LEFT\"> <\/div>\n","protected":false},"excerpt":{"rendered":"<p> Nedo telemetar je prakti\u010dna vi\u0161enamjenska \u0161ipka za unutra\u0161nju i vanjsku upotrebu. Mo\u017ee se koristiti u gra\u0111evinskim radovima, opremanju enterijera i izgradnji izlo\u017ebenih \u0161tandova i na radovima skele. <\/p>\n<p> Du\u017eina od 1 m prote\u017eu se izme\u0111u plasti\u010dnih vodilica otpornih na habanje, koje tako\u0111e slu\u017ee kao metlice brisa\u010da. Pomo\u0107u prakti\u010dnih hvata\u010da dugmeta, Nedo telemetar se mo\u017ee pouzdano zaklju\u010dati, spre\u010davaju\u0107i tako nenamjerno uvla\u010denje teleskopskih elemenata. <\/p>\n","protected":false},"featured_media":25987,"comment_status":"open","ping_status":"closed","template":"","meta":{"_acf_changed":false},"product_brand":[],"product_cat":[336],"product_tag":[],"class_list":{"0":"post-32473","1":"product","2":"type-product","3":"status-publish","4":"has-post-thumbnail","6":"product_cat-dodatna-oprema","8":"first","9":"onbackorder","10":"taxable","11":"shipping-taxable","12":"product-type-simple","swatches":"rey-swatches","show_selected":""},"acf":[],"yoast_head":"<!-- This site is optimized with the Yoast SEO plugin v24.9 - https:\/\/yoast.com\/wordpress\/plugins\/seo\/ -->\n<title>Nedo Telemeter futrola 372111-613 - Geooprema<\/title>\n<meta name=\"robots\" content=\"index, follow, max-snippet:-1, max-image-preview:large, max-video-preview:-1\" \/>\n<link rel=\"canonical\" href=\"https:\/\/geooprema.com\/bs\/products\/dodatna-oprema\/nedo-telemeter-futrola-372111-613\/\" \/>\n<meta property=\"og:locale\" content=\"bs_BA\" \/>\n<meta property=\"og:type\" content=\"article\" \/>\n<meta property=\"og:title\" content=\"Nedo Telemeter futrola 372111-613 - Geooprema\" \/>\n<meta property=\"og:description\" content=\"Nedo telemetar je prakti\u010dna vi\u0161enamjenska \u0161ipka za unutra\u0161nju i vanjsku upotrebu. Mo\u017ee se koristiti u gra\u0111evinskim radovima, opremanju enterijera i izgradnji izlo\u017ebenih \u0161tandova i na radovima skele.  Du\u017eina od 1 m prote\u017eu se izme\u0111u plasti\u010dnih vodilica otpornih na habanje, koje tako\u0111e slu\u017ee kao metlice brisa\u010da. Pomo\u0107u prakti\u010dnih hvata\u010da dugmeta, Nedo telemetar se mo\u017ee pouzdano zaklju\u010dati, spre\u010davaju\u0107i tako nenamjerno uvla\u010denje teleskopskih elemenata.\" \/>\n<meta property=\"og:url\" content=\"https:\/\/geooprema.com\/bs\/products\/dodatna-oprema\/nedo-telemeter-futrola-372111-613\/\" \/>\n<meta property=\"og:site_name\" content=\"Geooprema\" \/>\n<meta property=\"article:publisher\" content=\"https:\/\/www.facebook.com\/geoinfobih\" \/>\n<meta property=\"og:image\" content=\"https:\/\/geooprema.com\/wp-content\/uploads\/2020\/10\/Nedo-case-telemeter.jpg\" \/>\n\t<meta property=\"og:image:width\" content=\"800\" \/>\n\t<meta property=\"og:image:height\" content=\"800\" \/>\n\t<meta property=\"og:image:type\" content=\"image\/jpeg\" \/>\n<meta name=\"twitter:card\" content=\"summary_large_image\" \/>\n<script type=\"application\/ld+json\" class=\"yoast-schema-graph\">{\"@context\":\"https:\/\/schema.org\",\"@graph\":[{\"@type\":\"WebPage\",\"@id\":\"https:\/\/geooprema.com\/bs\/products\/dodatna-oprema\/nedo-telemeter-futrola-372111-613\/\",\"url\":\"https:\/\/geooprema.com\/bs\/products\/dodatna-oprema\/nedo-telemeter-futrola-372111-613\/\",\"name\":\"Nedo Telemeter futrola 372111-613 - Geooprema\",\"isPartOf\":{\"@id\":\"https:\/\/geooprema.com\/#website\"},\"primaryImageOfPage\":{\"@id\":\"https:\/\/geooprema.com\/bs\/products\/dodatna-oprema\/nedo-telemeter-futrola-372111-613\/#primaryimage\"},\"image\":{\"@id\":\"https:\/\/geooprema.com\/bs\/products\/dodatna-oprema\/nedo-telemeter-futrola-372111-613\/#primaryimage\"},\"thumbnailUrl\":\"https:\/\/geooprema.com\/wp-content\/uploads\/2020\/10\/Nedo-case-telemeter.jpg\",\"datePublished\":\"2020-10-11T13:31:43+00:00\",\"breadcrumb\":{\"@id\":\"https:\/\/geooprema.com\/bs\/products\/dodatna-oprema\/nedo-telemeter-futrola-372111-613\/#breadcrumb\"},\"inLanguage\":\"bs-BA\",\"potentialAction\":[{\"@type\":\"ReadAction\",\"target\":[\"https:\/\/geooprema.com\/bs\/products\/dodatna-oprema\/nedo-telemeter-futrola-372111-613\/\"]}]},{\"@type\":\"ImageObject\",\"inLanguage\":\"bs-BA\",\"@id\":\"https:\/\/geooprema.com\/bs\/products\/dodatna-oprema\/nedo-telemeter-futrola-372111-613\/#primaryimage\",\"url\":\"https:\/\/geooprema.com\/wp-content\/uploads\/2020\/10\/Nedo-case-telemeter.jpg\",\"contentUrl\":\"https:\/\/geooprema.com\/wp-content\/uploads\/2020\/10\/Nedo-case-telemeter.jpg\",\"width\":800,\"height\":800,\"caption\":\"Nedo Telemeter Case 372111-613\"},{\"@type\":\"BreadcrumbList\",\"@id\":\"https:\/\/geooprema.com\/bs\/products\/dodatna-oprema\/nedo-telemeter-futrola-372111-613\/#breadcrumb\",\"itemListElement\":[{\"@type\":\"ListItem\",\"position\":1,\"name\":\"Home\",\"item\":\"https:\/\/geooprema.com\/bs\/\"},{\"@type\":\"ListItem\",\"position\":2,\"name\":\"Shop\",\"item\":\"https:\/\/geooprema.com\/shop-2\/\"},{\"@type\":\"ListItem\",\"position\":3,\"name\":\"Nedo Telemeter futrola 372111-613\"}]},{\"@type\":\"WebSite\",\"@id\":\"https:\/\/geooprema.com\/#website\",\"url\":\"https:\/\/geooprema.com\/\",\"name\":\"Geooprema\",\"description\":\"Surveying and Construction Equipmen, Software and Accessories\",\"publisher\":{\"@id\":\"https:\/\/geooprema.com\/#organization\"},\"potentialAction\":[{\"@type\":\"SearchAction\",\"target\":{\"@type\":\"EntryPoint\",\"urlTemplate\":\"https:\/\/geooprema.com\/?s={search_term_string}\"},\"query-input\":{\"@type\":\"PropertyValueSpecification\",\"valueRequired\":true,\"valueName\":\"search_term_string\"}}],\"inLanguage\":\"bs-BA\"},{\"@type\":\"Organization\",\"@id\":\"https:\/\/geooprema.com\/#organization\",\"name\":\"Geooprema\",\"url\":\"https:\/\/geooprema.com\/\",\"logo\":{\"@type\":\"ImageObject\",\"inLanguage\":\"bs-BA\",\"@id\":\"https:\/\/geooprema.com\/#\/schema\/logo\/image\/\",\"url\":\"https:\/\/geooprema.com\/wp-content\/uploads\/2020\/08\/geooprema-logo.png\",\"contentUrl\":\"https:\/\/geooprema.com\/wp-content\/uploads\/2020\/08\/geooprema-logo.png\",\"width\":513,\"height\":161,\"caption\":\"Geooprema\"},\"image\":{\"@id\":\"https:\/\/geooprema.com\/#\/schema\/logo\/image\/\"},\"sameAs\":[\"https:\/\/www.facebook.com\/geoinfobih\",\"https:\/\/www.instagram.com\/geoinfodoo\/\",\"https:\/\/www.linkedin.com\/company\/geoinfo-doo\/\",\"https:\/\/www.youtube.com\/c\/Geoinfodoo\"]}]}<\/script>\n<!-- \/ Yoast SEO plugin. -->","yoast_head_json":{"title":"Nedo Telemeter futrola 372111-613 - Geooprema","robots":{"index":"index","follow":"follow","max-snippet":"max-snippet:-1","max-image-preview":"max-image-preview:large","max-video-preview":"max-video-preview:-1"},"canonical":"https:\/\/geooprema.com\/bs\/products\/dodatna-oprema\/nedo-telemeter-futrola-372111-613\/","og_locale":"bs_BA","og_type":"article","og_title":"Nedo Telemeter futrola 372111-613 - Geooprema","og_description":"Nedo telemetar je prakti\u010dna vi\u0161enamjenska \u0161ipka za unutra\u0161nju i vanjsku upotrebu. Mo\u017ee se koristiti u gra\u0111evinskim radovima, opremanju enterijera i izgradnji izlo\u017ebenih \u0161tandova i na radovima skele.  Du\u017eina od 1 m prote\u017eu se izme\u0111u plasti\u010dnih vodilica otpornih na habanje, koje tako\u0111e slu\u017ee kao metlice brisa\u010da. Pomo\u0107u prakti\u010dnih hvata\u010da dugmeta, Nedo telemetar se mo\u017ee pouzdano zaklju\u010dati, spre\u010davaju\u0107i tako nenamjerno uvla\u010denje teleskopskih elemenata.","og_url":"https:\/\/geooprema.com\/bs\/products\/dodatna-oprema\/nedo-telemeter-futrola-372111-613\/","og_site_name":"Geooprema","article_publisher":"https:\/\/www.facebook.com\/geoinfobih","og_image":[{"width":800,"height":800,"url":"https:\/\/geooprema.com\/wp-content\/uploads\/2020\/10\/Nedo-case-telemeter.jpg","type":"image\/jpeg"}],"twitter_card":"summary_large_image","schema":{"@context":"https:\/\/schema.org","@graph":[{"@type":"WebPage","@id":"https:\/\/geooprema.com\/bs\/products\/dodatna-oprema\/nedo-telemeter-futrola-372111-613\/","url":"https:\/\/geooprema.com\/bs\/products\/dodatna-oprema\/nedo-telemeter-futrola-372111-613\/","name":"Nedo Telemeter futrola 372111-613 - Geooprema","isPartOf":{"@id":"https:\/\/geooprema.com\/#website"},"primaryImageOfPage":{"@id":"https:\/\/geooprema.com\/bs\/products\/dodatna-oprema\/nedo-telemeter-futrola-372111-613\/#primaryimage"},"image":{"@id":"https:\/\/geooprema.com\/bs\/products\/dodatna-oprema\/nedo-telemeter-futrola-372111-613\/#primaryimage"},"thumbnailUrl":"https:\/\/geooprema.com\/wp-content\/uploads\/2020\/10\/Nedo-case-telemeter.jpg","datePublished":"2020-10-11T13:31:43+00:00","breadcrumb":{"@id":"https:\/\/geooprema.com\/bs\/products\/dodatna-oprema\/nedo-telemeter-futrola-372111-613\/#breadcrumb"},"inLanguage":"bs-BA","potentialAction":[{"@type":"ReadAction","target":["https:\/\/geooprema.com\/bs\/products\/dodatna-oprema\/nedo-telemeter-futrola-372111-613\/"]}]},{"@type":"ImageObject","inLanguage":"bs-BA","@id":"https:\/\/geooprema.com\/bs\/products\/dodatna-oprema\/nedo-telemeter-futrola-372111-613\/#primaryimage","url":"https:\/\/geooprema.com\/wp-content\/uploads\/2020\/10\/Nedo-case-telemeter.jpg","contentUrl":"https:\/\/geooprema.com\/wp-content\/uploads\/2020\/10\/Nedo-case-telemeter.jpg","width":800,"height":800,"caption":"Nedo Telemeter Case 372111-613"},{"@type":"BreadcrumbList","@id":"https:\/\/geooprema.com\/bs\/products\/dodatna-oprema\/nedo-telemeter-futrola-372111-613\/#breadcrumb","itemListElement":[{"@type":"ListItem","position":1,"name":"Home","item":"https:\/\/geooprema.com\/bs\/"},{"@type":"ListItem","position":2,"name":"Shop","item":"https:\/\/geooprema.com\/shop-2\/"},{"@type":"ListItem","position":3,"name":"Nedo Telemeter futrola 372111-613"}]},{"@type":"WebSite","@id":"https:\/\/geooprema.com\/#website","url":"https:\/\/geooprema.com\/","name":"Geooprema","description":"Surveying and Construction Equipmen, Software and Accessories","publisher":{"@id":"https:\/\/geooprema.com\/#organization"},"potentialAction":[{"@type":"SearchAction","target":{"@type":"EntryPoint","urlTemplate":"https:\/\/geooprema.com\/?s={search_term_string}"},"query-input":{"@type":"PropertyValueSpecification","valueRequired":true,"valueName":"search_term_string"}}],"inLanguage":"bs-BA"},{"@type":"Organization","@id":"https:\/\/geooprema.com\/#organization","name":"Geooprema","url":"https:\/\/geooprema.com\/","logo":{"@type":"ImageObject","inLanguage":"bs-BA","@id":"https:\/\/geooprema.com\/#\/schema\/logo\/image\/","url":"https:\/\/geooprema.com\/wp-content\/uploads\/2020\/08\/geooprema-logo.png","contentUrl":"https:\/\/geooprema.com\/wp-content\/uploads\/2020\/08\/geooprema-logo.png","width":513,"height":161,"caption":"Geooprema"},"image":{"@id":"https:\/\/geooprema.com\/#\/schema\/logo\/image\/"},"sameAs":["https:\/\/www.facebook.com\/geoinfobih","https:\/\/www.instagram.com\/geoinfodoo\/","https:\/\/www.linkedin.com\/company\/geoinfo-doo\/","https:\/\/www.youtube.com\/c\/Geoinfodoo"]}]}},"_links":{"self":[{"href":"https:\/\/geooprema.com\/bs\/wp-json\/wp\/v2\/product\/32473","targetHints":{"allow":["GET"]}}],"collection":[{"href":"https:\/\/geooprema.com\/bs\/wp-json\/wp\/v2\/product"}],"about":[{"href":"https:\/\/geooprema.com\/bs\/wp-json\/wp\/v2\/types\/product"}],"replies":[{"embeddable":true,"href":"https:\/\/geooprema.com\/bs\/wp-json\/wp\/v2\/comments?post=32473"}],"wp:featuredmedia":[{"embeddable":true,"href":"https:\/\/geooprema.com\/bs\/wp-json\/wp\/v2\/media\/25987"}],"wp:attachment":[{"href":"https:\/\/geooprema.com\/bs\/wp-json\/wp\/v2\/media?parent=32473"}],"wp:term":[{"taxonomy":"product_brand","embeddable":true,"href":"https:\/\/geooprema.com\/bs\/wp-json\/wp\/v2\/product_brand?post=32473"},{"taxonomy":"product_cat","embeddable":true,"href":"https:\/\/geooprema.com\/bs\/wp-json\/wp\/v2\/product_cat?post=32473"},{"taxonomy":"product_tag","embeddable":true,"href":"https:\/\/geooprema.com\/bs\/wp-json\/wp\/v2\/product_tag?post=32473"}],"curies":[{"name":"wp","href":"https:\/\/api.w.org\/{rel}","templated":true}]}}