
{"id":32452,"date":"2020-10-17T10:13:37","date_gmt":"2020-10-17T10:13:37","guid":{"rendered":"https:\/\/geooprema.com\/products\/Bez kategorije\/wh2-zidni-i-plafonski-nosac-metalna-platforma\/"},"modified":"2020-10-17T10:13:37","modified_gmt":"2020-10-17T10:13:37","slug":"wh2-zidni-i-plafonski-nosac-metalna-platforma","status":"publish","type":"product","link":"https:\/\/geooprema.com\/bs\/products\/dodatna-oprema\/wh2-zidni-i-plafonski-nosac-metalna-platforma\/","title":{"rendered":"WH2 zidni i plafonski nosa\u010d \/ metalna platforma"},"content":{"rendered":"<p><strong> Ref.br .: 290610 <\/strong><\/p>\n<ul>\n<li>Posebno \u010dvrst<\/li>\n<li>Platforma veli\u010dine 150 x 95 mm za pri\u010dvr\u0161\u0107ivanje ve\u0107ih instrumenata<\/li>\n<li>Pogodno za sve geo-FENNEL-lasere<\/li>\n<li>Idealno za upotrebu u zatvorenom prostoru, npr. postavljanje spu\u0161tenih plafona<\/li>\n<li>CM \/ inch-graduacija<\/li>\n<li>Precizno pode\u0161avanje \/ poravnanje sa velikim to\u010dkom usporenog pokreta<\/li>\n<li>uklj. torba<\/li>\n<\/ul>\n","protected":false},"excerpt":{"rendered":"<p>Ref.br .: 290610 Posebno \u010dvrst Platforma veli\u010dine 150 x 95 mm za pri\u010dvr\u0161\u0107ivanje ve\u0107ih instrumenata Pogodno za sve geo-FENNEL-lasere Idealno za upotrebu u zatvorenom prostoru, npr. postavljanje spu\u0161tenih plafona CM \/ inch-graduacija Precizno pode\u0161avanje \/ poravnanje sa velikim to\u010dkom usporenog pokreta uklj. torba<\/p>\n","protected":false},"featured_media":28607,"comment_status":"open","ping_status":"closed","template":"","meta":{"_acf_changed":false},"product_brand":[],"product_cat":[336,397],"product_tag":[],"class_list":{"0":"post-32452","1":"product","2":"type-product","3":"status-publish","4":"has-post-thumbnail","6":"product_cat-dodatna-oprema","7":"product_cat-gradjevinska-oprema","9":"first","10":"onbackorder","11":"taxable","12":"shipping-taxable","13":"product-type-simple","swatches":"rey-swatches","show_selected":""},"acf":[],"yoast_head":"<!-- This site is optimized with the Yoast SEO plugin v24.9 - https:\/\/yoast.com\/wordpress\/plugins\/seo\/ -->\n<title>WH2 zidni i plafonski nosa\u010d \/ metalna platforma - Geooprema<\/title>\n<meta name=\"robots\" content=\"index, follow, max-snippet:-1, max-image-preview:large, max-video-preview:-1\" \/>\n<link rel=\"canonical\" href=\"https:\/\/geooprema.com\/bs\/products\/dodatna-oprema\/wh2-zidni-i-plafonski-nosac-metalna-platforma\/\" \/>\n<meta property=\"og:locale\" content=\"bs_BA\" \/>\n<meta property=\"og:type\" content=\"article\" \/>\n<meta property=\"og:title\" content=\"WH2 zidni i plafonski nosa\u010d \/ metalna platforma - Geooprema\" \/>\n<meta property=\"og:description\" content=\"Ref.br .: 290610 Posebno \u010dvrst Platforma veli\u010dine 150 x 95 mm za pri\u010dvr\u0161\u0107ivanje ve\u0107ih instrumenata Pogodno za sve geo-FENNEL-lasere Idealno za upotrebu u zatvorenom prostoru, npr. postavljanje spu\u0161tenih plafona CM \/ inch-graduacija Precizno pode\u0161avanje \/ poravnanje sa velikim to\u010dkom usporenog pokreta uklj. torba\" \/>\n<meta property=\"og:url\" content=\"https:\/\/geooprema.com\/bs\/products\/dodatna-oprema\/wh2-zidni-i-plafonski-nosac-metalna-platforma\/\" \/>\n<meta property=\"og:site_name\" content=\"Geooprema\" \/>\n<meta property=\"article:publisher\" content=\"https:\/\/www.facebook.com\/geoinfobih\" \/>\n<meta property=\"og:image\" content=\"https:\/\/geooprema.com\/wp-content\/uploads\/2020\/10\/290610_WH_2_web.jpg\" \/>\n\t<meta property=\"og:image:width\" content=\"800\" \/>\n\t<meta property=\"og:image:height\" content=\"800\" \/>\n\t<meta property=\"og:image:type\" content=\"image\/jpeg\" \/>\n<meta name=\"twitter:card\" content=\"summary_large_image\" \/>\n<script type=\"application\/ld+json\" class=\"yoast-schema-graph\">{\"@context\":\"https:\/\/schema.org\",\"@graph\":[{\"@type\":\"WebPage\",\"@id\":\"https:\/\/geooprema.com\/bs\/products\/dodatna-oprema\/wh2-zidni-i-plafonski-nosac-metalna-platforma\/\",\"url\":\"https:\/\/geooprema.com\/bs\/products\/dodatna-oprema\/wh2-zidni-i-plafonski-nosac-metalna-platforma\/\",\"name\":\"WH2 zidni i plafonski nosa\u010d \/ metalna platforma - Geooprema\",\"isPartOf\":{\"@id\":\"https:\/\/geooprema.com\/#website\"},\"primaryImageOfPage\":{\"@id\":\"https:\/\/geooprema.com\/bs\/products\/dodatna-oprema\/wh2-zidni-i-plafonski-nosac-metalna-platforma\/#primaryimage\"},\"image\":{\"@id\":\"https:\/\/geooprema.com\/bs\/products\/dodatna-oprema\/wh2-zidni-i-plafonski-nosac-metalna-platforma\/#primaryimage\"},\"thumbnailUrl\":\"https:\/\/geooprema.com\/wp-content\/uploads\/2020\/10\/290610_WH_2_web.jpg\",\"datePublished\":\"2020-10-17T10:13:37+00:00\",\"breadcrumb\":{\"@id\":\"https:\/\/geooprema.com\/bs\/products\/dodatna-oprema\/wh2-zidni-i-plafonski-nosac-metalna-platforma\/#breadcrumb\"},\"inLanguage\":\"bs-BA\",\"potentialAction\":[{\"@type\":\"ReadAction\",\"target\":[\"https:\/\/geooprema.com\/bs\/products\/dodatna-oprema\/wh2-zidni-i-plafonski-nosac-metalna-platforma\/\"]}]},{\"@type\":\"ImageObject\",\"inLanguage\":\"bs-BA\",\"@id\":\"https:\/\/geooprema.com\/bs\/products\/dodatna-oprema\/wh2-zidni-i-plafonski-nosac-metalna-platforma\/#primaryimage\",\"url\":\"https:\/\/geooprema.com\/wp-content\/uploads\/2020\/10\/290610_WH_2_web.jpg\",\"contentUrl\":\"https:\/\/geooprema.com\/wp-content\/uploads\/2020\/10\/290610_WH_2_web.jpg\",\"width\":800,\"height\":800,\"caption\":\"Geo-Fennel WH2 Wall- & Ceiling mount \/metal platfom\"},{\"@type\":\"BreadcrumbList\",\"@id\":\"https:\/\/geooprema.com\/bs\/products\/dodatna-oprema\/wh2-zidni-i-plafonski-nosac-metalna-platforma\/#breadcrumb\",\"itemListElement\":[{\"@type\":\"ListItem\",\"position\":1,\"name\":\"Home\",\"item\":\"https:\/\/geooprema.com\/bs\/\"},{\"@type\":\"ListItem\",\"position\":2,\"name\":\"Shop\",\"item\":\"https:\/\/geooprema.com\/shop-2\/\"},{\"@type\":\"ListItem\",\"position\":3,\"name\":\"WH2 zidni i plafonski nosa\u010d \/ metalna platforma\"}]},{\"@type\":\"WebSite\",\"@id\":\"https:\/\/geooprema.com\/#website\",\"url\":\"https:\/\/geooprema.com\/\",\"name\":\"Geooprema\",\"description\":\"Surveying and Construction Equipmen, Software and Accessories\",\"publisher\":{\"@id\":\"https:\/\/geooprema.com\/#organization\"},\"potentialAction\":[{\"@type\":\"SearchAction\",\"target\":{\"@type\":\"EntryPoint\",\"urlTemplate\":\"https:\/\/geooprema.com\/?s={search_term_string}\"},\"query-input\":{\"@type\":\"PropertyValueSpecification\",\"valueRequired\":true,\"valueName\":\"search_term_string\"}}],\"inLanguage\":\"bs-BA\"},{\"@type\":\"Organization\",\"@id\":\"https:\/\/geooprema.com\/#organization\",\"name\":\"Geooprema\",\"url\":\"https:\/\/geooprema.com\/\",\"logo\":{\"@type\":\"ImageObject\",\"inLanguage\":\"bs-BA\",\"@id\":\"https:\/\/geooprema.com\/#\/schema\/logo\/image\/\",\"url\":\"https:\/\/geooprema.com\/wp-content\/uploads\/2020\/08\/geooprema-logo.png\",\"contentUrl\":\"https:\/\/geooprema.com\/wp-content\/uploads\/2020\/08\/geooprema-logo.png\",\"width\":513,\"height\":161,\"caption\":\"Geooprema\"},\"image\":{\"@id\":\"https:\/\/geooprema.com\/#\/schema\/logo\/image\/\"},\"sameAs\":[\"https:\/\/www.facebook.com\/geoinfobih\",\"https:\/\/www.instagram.com\/geoinfodoo\/\",\"https:\/\/www.linkedin.com\/company\/geoinfo-doo\/\",\"https:\/\/www.youtube.com\/c\/Geoinfodoo\"]}]}<\/script>\n<!-- \/ Yoast SEO plugin. -->","yoast_head_json":{"title":"WH2 zidni i plafonski nosa\u010d \/ metalna platforma - Geooprema","robots":{"index":"index","follow":"follow","max-snippet":"max-snippet:-1","max-image-preview":"max-image-preview:large","max-video-preview":"max-video-preview:-1"},"canonical":"https:\/\/geooprema.com\/bs\/products\/dodatna-oprema\/wh2-zidni-i-plafonski-nosac-metalna-platforma\/","og_locale":"bs_BA","og_type":"article","og_title":"WH2 zidni i plafonski nosa\u010d \/ metalna platforma - Geooprema","og_description":"Ref.br .: 290610 Posebno \u010dvrst Platforma veli\u010dine 150 x 95 mm za pri\u010dvr\u0161\u0107ivanje ve\u0107ih instrumenata Pogodno za sve geo-FENNEL-lasere Idealno za upotrebu u zatvorenom prostoru, npr. postavljanje spu\u0161tenih plafona CM \/ inch-graduacija Precizno pode\u0161avanje \/ poravnanje sa velikim to\u010dkom usporenog pokreta uklj. torba","og_url":"https:\/\/geooprema.com\/bs\/products\/dodatna-oprema\/wh2-zidni-i-plafonski-nosac-metalna-platforma\/","og_site_name":"Geooprema","article_publisher":"https:\/\/www.facebook.com\/geoinfobih","og_image":[{"width":800,"height":800,"url":"https:\/\/geooprema.com\/wp-content\/uploads\/2020\/10\/290610_WH_2_web.jpg","type":"image\/jpeg"}],"twitter_card":"summary_large_image","schema":{"@context":"https:\/\/schema.org","@graph":[{"@type":"WebPage","@id":"https:\/\/geooprema.com\/bs\/products\/dodatna-oprema\/wh2-zidni-i-plafonski-nosac-metalna-platforma\/","url":"https:\/\/geooprema.com\/bs\/products\/dodatna-oprema\/wh2-zidni-i-plafonski-nosac-metalna-platforma\/","name":"WH2 zidni i plafonski nosa\u010d \/ metalna platforma - Geooprema","isPartOf":{"@id":"https:\/\/geooprema.com\/#website"},"primaryImageOfPage":{"@id":"https:\/\/geooprema.com\/bs\/products\/dodatna-oprema\/wh2-zidni-i-plafonski-nosac-metalna-platforma\/#primaryimage"},"image":{"@id":"https:\/\/geooprema.com\/bs\/products\/dodatna-oprema\/wh2-zidni-i-plafonski-nosac-metalna-platforma\/#primaryimage"},"thumbnailUrl":"https:\/\/geooprema.com\/wp-content\/uploads\/2020\/10\/290610_WH_2_web.jpg","datePublished":"2020-10-17T10:13:37+00:00","breadcrumb":{"@id":"https:\/\/geooprema.com\/bs\/products\/dodatna-oprema\/wh2-zidni-i-plafonski-nosac-metalna-platforma\/#breadcrumb"},"inLanguage":"bs-BA","potentialAction":[{"@type":"ReadAction","target":["https:\/\/geooprema.com\/bs\/products\/dodatna-oprema\/wh2-zidni-i-plafonski-nosac-metalna-platforma\/"]}]},{"@type":"ImageObject","inLanguage":"bs-BA","@id":"https:\/\/geooprema.com\/bs\/products\/dodatna-oprema\/wh2-zidni-i-plafonski-nosac-metalna-platforma\/#primaryimage","url":"https:\/\/geooprema.com\/wp-content\/uploads\/2020\/10\/290610_WH_2_web.jpg","contentUrl":"https:\/\/geooprema.com\/wp-content\/uploads\/2020\/10\/290610_WH_2_web.jpg","width":800,"height":800,"caption":"Geo-Fennel WH2 Wall- & Ceiling mount \/metal platfom"},{"@type":"BreadcrumbList","@id":"https:\/\/geooprema.com\/bs\/products\/dodatna-oprema\/wh2-zidni-i-plafonski-nosac-metalna-platforma\/#breadcrumb","itemListElement":[{"@type":"ListItem","position":1,"name":"Home","item":"https:\/\/geooprema.com\/bs\/"},{"@type":"ListItem","position":2,"name":"Shop","item":"https:\/\/geooprema.com\/shop-2\/"},{"@type":"ListItem","position":3,"name":"WH2 zidni i plafonski nosa\u010d \/ metalna platforma"}]},{"@type":"WebSite","@id":"https:\/\/geooprema.com\/#website","url":"https:\/\/geooprema.com\/","name":"Geooprema","description":"Surveying and Construction Equipmen, Software and Accessories","publisher":{"@id":"https:\/\/geooprema.com\/#organization"},"potentialAction":[{"@type":"SearchAction","target":{"@type":"EntryPoint","urlTemplate":"https:\/\/geooprema.com\/?s={search_term_string}"},"query-input":{"@type":"PropertyValueSpecification","valueRequired":true,"valueName":"search_term_string"}}],"inLanguage":"bs-BA"},{"@type":"Organization","@id":"https:\/\/geooprema.com\/#organization","name":"Geooprema","url":"https:\/\/geooprema.com\/","logo":{"@type":"ImageObject","inLanguage":"bs-BA","@id":"https:\/\/geooprema.com\/#\/schema\/logo\/image\/","url":"https:\/\/geooprema.com\/wp-content\/uploads\/2020\/08\/geooprema-logo.png","contentUrl":"https:\/\/geooprema.com\/wp-content\/uploads\/2020\/08\/geooprema-logo.png","width":513,"height":161,"caption":"Geooprema"},"image":{"@id":"https:\/\/geooprema.com\/#\/schema\/logo\/image\/"},"sameAs":["https:\/\/www.facebook.com\/geoinfobih","https:\/\/www.instagram.com\/geoinfodoo\/","https:\/\/www.linkedin.com\/company\/geoinfo-doo\/","https:\/\/www.youtube.com\/c\/Geoinfodoo"]}]}},"_links":{"self":[{"href":"https:\/\/geooprema.com\/bs\/wp-json\/wp\/v2\/product\/32452","targetHints":{"allow":["GET"]}}],"collection":[{"href":"https:\/\/geooprema.com\/bs\/wp-json\/wp\/v2\/product"}],"about":[{"href":"https:\/\/geooprema.com\/bs\/wp-json\/wp\/v2\/types\/product"}],"replies":[{"embeddable":true,"href":"https:\/\/geooprema.com\/bs\/wp-json\/wp\/v2\/comments?post=32452"}],"wp:featuredmedia":[{"embeddable":true,"href":"https:\/\/geooprema.com\/bs\/wp-json\/wp\/v2\/media\/28607"}],"wp:attachment":[{"href":"https:\/\/geooprema.com\/bs\/wp-json\/wp\/v2\/media?parent=32452"}],"wp:term":[{"taxonomy":"product_brand","embeddable":true,"href":"https:\/\/geooprema.com\/bs\/wp-json\/wp\/v2\/product_brand?post=32452"},{"taxonomy":"product_cat","embeddable":true,"href":"https:\/\/geooprema.com\/bs\/wp-json\/wp\/v2\/product_cat?post=32452"},{"taxonomy":"product_tag","embeddable":true,"href":"https:\/\/geooprema.com\/bs\/wp-json\/wp\/v2\/product_tag?post=32452"}],"curies":[{"name":"wp","href":"https:\/\/api.w.org\/{rel}","templated":true}]}}