
{"id":32444,"date":"2020-10-16T15:59:02","date_gmt":"2020-10-16T15:59:02","guid":{"rendered":"https:\/\/geooprema.com\/products\/Bez kategorije\/geo-fennel-a-digit-50\/"},"modified":"2020-10-16T15:59:02","modified_gmt":"2020-10-16T15:59:02","slug":"geo-fennel-a-digit-50","status":"publish","type":"product","link":"https:\/\/geooprema.com\/bs\/products\/gradjevinska-oprema\/geo-fennel-a-digit-50\/","title":{"rendered":"Geo-Fennel A-Digit 50"},"content":{"rendered":"<p> <strong> Ref.br .: 650050 <\/strong> <\/p>\n<p> <strong> Uklju\u010deno u obuhvat isporuke: <\/strong> <br \/>\nPodstavljena torba <br \/>\nBaterije <\/p>\n<p> <strong> Tehni\u010dki podaci: <\/strong> <\/p>\n<p> Napajanje: 3 x AA alkalno <br \/>\nRaspon temperatura: -10 \u00b0 C do + 45 \u00b0 C <br \/>\nRezolucija: 0,1 \u00b0 \/ 0,1% <br \/>\nTa\u010dnost: \u00b1 0,1 \u00b0 <br \/>\nMjerne jedinice: \u00b0,%, mm \/ m, in, ft <br \/>\nVrijeme rada: 600 h <br \/>\nPro\u0161irena veli\u010dina: 164 x 60 x 32 mm <br \/>\nTe\u017eina (instrument sa baterijom): 0,37 kg <br \/>\nMjerna udaljenost: 4 x 90 \u00b0 <\/p>\n","protected":false},"excerpt":{"rendered":"<div class = \"content - title\"> Informacije o proizvodu &#8220;S-Digit mini +&#8221; <\/div>\n<div class = \"product - description\">\n<p> Elektronski inklinometar. Prakti\u010dne i ta\u010dne veli\u010dine. Osigurava lako mjerenje \u010dak i u najte\u017eim situacijama. <\/p>\n<p> Karakteristike: <\/p>\n<ul>\n<li> Razli\u010diti tonovi signala pri pribli\u017eavanju 0 \u00b0 \/ 90 \u00b0 i konstantni tonovi na 0 \u00b0 \/ 90 \u00b0 <\/li>\n<li> Oznaka smjera nagiba <\/li>\n<li> Nulti polo\u017eaj se ponovo postavlja na bilo koji polo\u017eaj <\/li>\n<li> Automatska inverzija cifri za mjerenje iznad glave <\/li>\n<li> HOLD funkcija za zamrzavanje mjerenja <\/li>\n<li> Osvijetljeni ekran<\/li>\n<li> Magnetno ku\u0107i\u0161te <\/li>\n<li> 1\/4 &#8220;navoj za stativ kamere <\/li>\n<\/ul>\n<\/div>\n","protected":false},"featured_media":28247,"comment_status":"open","ping_status":"closed","template":"","meta":{"_acf_changed":false},"product_brand":[],"product_cat":[397],"product_tag":[],"class_list":{"0":"post-32444","1":"product","2":"type-product","3":"status-publish","4":"has-post-thumbnail","6":"product_cat-gradjevinska-oprema","8":"first","9":"onbackorder","10":"taxable","11":"shipping-taxable","12":"product-type-simple","swatches":"rey-swatches","show_selected":""},"acf":[],"yoast_head":"<!-- This site is optimized with the Yoast SEO plugin v24.9 - https:\/\/yoast.com\/wordpress\/plugins\/seo\/ -->\n<title>Geo-Fennel A-Digit 50 - Geooprema<\/title>\n<meta name=\"robots\" content=\"index, follow, max-snippet:-1, max-image-preview:large, max-video-preview:-1\" \/>\n<link rel=\"canonical\" href=\"https:\/\/geooprema.com\/bs\/products\/gradjevinska-oprema\/geo-fennel-a-digit-50\/\" \/>\n<meta property=\"og:locale\" content=\"bs_BA\" \/>\n<meta property=\"og:type\" content=\"article\" \/>\n<meta property=\"og:title\" content=\"Geo-Fennel A-Digit 50 - Geooprema\" \/>\n<meta property=\"og:description\" content=\"Informacije o proizvodu &quot;S-Digit mini +&quot;   Elektronski inklinometar. Prakti\u010dne i ta\u010dne veli\u010dine. Osigurava lako mjerenje \u010dak i u najte\u017eim situacijama.  Karakteristike:   Razli\u010diti tonovi signala pri pribli\u017eavanju 0 \u00b0 \/ 90 \u00b0 i konstantni tonovi na 0 \u00b0 \/ 90 \u00b0  Oznaka smjera nagiba  Nulti polo\u017eaj se ponovo postavlja na bilo koji polo\u017eaj  Automatska inverzija cifri za mjerenje iznad glave  HOLD funkcija za zamrzavanje mjerenja  Osvijetljeni ekran  Magnetno ku\u0107i\u0161te  1\/4 &quot;navoj za stativ kamere\" \/>\n<meta property=\"og:url\" content=\"https:\/\/geooprema.com\/bs\/products\/gradjevinska-oprema\/geo-fennel-a-digit-50\/\" \/>\n<meta property=\"og:site_name\" content=\"Geooprema\" \/>\n<meta property=\"article:publisher\" content=\"https:\/\/www.facebook.com\/geoinfobih\" \/>\n<meta property=\"og:image\" content=\"https:\/\/geooprema.com\/wp-content\/uploads\/2020\/10\/650050_A-Digit_50_web-1.jpg\" \/>\n\t<meta property=\"og:image:width\" content=\"800\" \/>\n\t<meta property=\"og:image:height\" content=\"800\" \/>\n\t<meta property=\"og:image:type\" content=\"image\/jpeg\" \/>\n<meta name=\"twitter:card\" content=\"summary_large_image\" \/>\n<script type=\"application\/ld+json\" class=\"yoast-schema-graph\">{\"@context\":\"https:\/\/schema.org\",\"@graph\":[{\"@type\":\"WebPage\",\"@id\":\"https:\/\/geooprema.com\/bs\/products\/gradjevinska-oprema\/geo-fennel-a-digit-50\/\",\"url\":\"https:\/\/geooprema.com\/bs\/products\/gradjevinska-oprema\/geo-fennel-a-digit-50\/\",\"name\":\"Geo-Fennel A-Digit 50 - Geooprema\",\"isPartOf\":{\"@id\":\"https:\/\/geooprema.com\/#website\"},\"primaryImageOfPage\":{\"@id\":\"https:\/\/geooprema.com\/bs\/products\/gradjevinska-oprema\/geo-fennel-a-digit-50\/#primaryimage\"},\"image\":{\"@id\":\"https:\/\/geooprema.com\/bs\/products\/gradjevinska-oprema\/geo-fennel-a-digit-50\/#primaryimage\"},\"thumbnailUrl\":\"https:\/\/geooprema.com\/wp-content\/uploads\/2020\/10\/650050_A-Digit_50_web-1.jpg\",\"datePublished\":\"2020-10-16T15:59:02+00:00\",\"breadcrumb\":{\"@id\":\"https:\/\/geooprema.com\/bs\/products\/gradjevinska-oprema\/geo-fennel-a-digit-50\/#breadcrumb\"},\"inLanguage\":\"bs-BA\",\"potentialAction\":[{\"@type\":\"ReadAction\",\"target\":[\"https:\/\/geooprema.com\/bs\/products\/gradjevinska-oprema\/geo-fennel-a-digit-50\/\"]}]},{\"@type\":\"ImageObject\",\"inLanguage\":\"bs-BA\",\"@id\":\"https:\/\/geooprema.com\/bs\/products\/gradjevinska-oprema\/geo-fennel-a-digit-50\/#primaryimage\",\"url\":\"https:\/\/geooprema.com\/wp-content\/uploads\/2020\/10\/650050_A-Digit_50_web-1.jpg\",\"contentUrl\":\"https:\/\/geooprema.com\/wp-content\/uploads\/2020\/10\/650050_A-Digit_50_web-1.jpg\",\"width\":800,\"height\":800,\"caption\":\"Geo-Fennel A-Digit 50\"},{\"@type\":\"BreadcrumbList\",\"@id\":\"https:\/\/geooprema.com\/bs\/products\/gradjevinska-oprema\/geo-fennel-a-digit-50\/#breadcrumb\",\"itemListElement\":[{\"@type\":\"ListItem\",\"position\":1,\"name\":\"Home\",\"item\":\"https:\/\/geooprema.com\/bs\/\"},{\"@type\":\"ListItem\",\"position\":2,\"name\":\"Shop\",\"item\":\"https:\/\/geooprema.com\/shop-2\/\"},{\"@type\":\"ListItem\",\"position\":3,\"name\":\"Geo-Fennel A-Digit 50\"}]},{\"@type\":\"WebSite\",\"@id\":\"https:\/\/geooprema.com\/#website\",\"url\":\"https:\/\/geooprema.com\/\",\"name\":\"Geooprema\",\"description\":\"Surveying and Construction Equipmen, Software and Accessories\",\"publisher\":{\"@id\":\"https:\/\/geooprema.com\/#organization\"},\"potentialAction\":[{\"@type\":\"SearchAction\",\"target\":{\"@type\":\"EntryPoint\",\"urlTemplate\":\"https:\/\/geooprema.com\/?s={search_term_string}\"},\"query-input\":{\"@type\":\"PropertyValueSpecification\",\"valueRequired\":true,\"valueName\":\"search_term_string\"}}],\"inLanguage\":\"bs-BA\"},{\"@type\":\"Organization\",\"@id\":\"https:\/\/geooprema.com\/#organization\",\"name\":\"Geooprema\",\"url\":\"https:\/\/geooprema.com\/\",\"logo\":{\"@type\":\"ImageObject\",\"inLanguage\":\"bs-BA\",\"@id\":\"https:\/\/geooprema.com\/#\/schema\/logo\/image\/\",\"url\":\"https:\/\/geooprema.com\/wp-content\/uploads\/2020\/08\/geooprema-logo.png\",\"contentUrl\":\"https:\/\/geooprema.com\/wp-content\/uploads\/2020\/08\/geooprema-logo.png\",\"width\":513,\"height\":161,\"caption\":\"Geooprema\"},\"image\":{\"@id\":\"https:\/\/geooprema.com\/#\/schema\/logo\/image\/\"},\"sameAs\":[\"https:\/\/www.facebook.com\/geoinfobih\",\"https:\/\/www.instagram.com\/geoinfodoo\/\",\"https:\/\/www.linkedin.com\/company\/geoinfo-doo\/\",\"https:\/\/www.youtube.com\/c\/Geoinfodoo\"]}]}<\/script>\n<!-- \/ Yoast SEO plugin. -->","yoast_head_json":{"title":"Geo-Fennel A-Digit 50 - Geooprema","robots":{"index":"index","follow":"follow","max-snippet":"max-snippet:-1","max-image-preview":"max-image-preview:large","max-video-preview":"max-video-preview:-1"},"canonical":"https:\/\/geooprema.com\/bs\/products\/gradjevinska-oprema\/geo-fennel-a-digit-50\/","og_locale":"bs_BA","og_type":"article","og_title":"Geo-Fennel A-Digit 50 - Geooprema","og_description":"Informacije o proizvodu \"S-Digit mini +\"   Elektronski inklinometar. Prakti\u010dne i ta\u010dne veli\u010dine. Osigurava lako mjerenje \u010dak i u najte\u017eim situacijama.  Karakteristike:   Razli\u010diti tonovi signala pri pribli\u017eavanju 0 \u00b0 \/ 90 \u00b0 i konstantni tonovi na 0 \u00b0 \/ 90 \u00b0  Oznaka smjera nagiba  Nulti polo\u017eaj se ponovo postavlja na bilo koji polo\u017eaj  Automatska inverzija cifri za mjerenje iznad glave  HOLD funkcija za zamrzavanje mjerenja  Osvijetljeni ekran  Magnetno ku\u0107i\u0161te  1\/4 \"navoj za stativ kamere","og_url":"https:\/\/geooprema.com\/bs\/products\/gradjevinska-oprema\/geo-fennel-a-digit-50\/","og_site_name":"Geooprema","article_publisher":"https:\/\/www.facebook.com\/geoinfobih","og_image":[{"width":800,"height":800,"url":"https:\/\/geooprema.com\/wp-content\/uploads\/2020\/10\/650050_A-Digit_50_web-1.jpg","type":"image\/jpeg"}],"twitter_card":"summary_large_image","schema":{"@context":"https:\/\/schema.org","@graph":[{"@type":"WebPage","@id":"https:\/\/geooprema.com\/bs\/products\/gradjevinska-oprema\/geo-fennel-a-digit-50\/","url":"https:\/\/geooprema.com\/bs\/products\/gradjevinska-oprema\/geo-fennel-a-digit-50\/","name":"Geo-Fennel A-Digit 50 - Geooprema","isPartOf":{"@id":"https:\/\/geooprema.com\/#website"},"primaryImageOfPage":{"@id":"https:\/\/geooprema.com\/bs\/products\/gradjevinska-oprema\/geo-fennel-a-digit-50\/#primaryimage"},"image":{"@id":"https:\/\/geooprema.com\/bs\/products\/gradjevinska-oprema\/geo-fennel-a-digit-50\/#primaryimage"},"thumbnailUrl":"https:\/\/geooprema.com\/wp-content\/uploads\/2020\/10\/650050_A-Digit_50_web-1.jpg","datePublished":"2020-10-16T15:59:02+00:00","breadcrumb":{"@id":"https:\/\/geooprema.com\/bs\/products\/gradjevinska-oprema\/geo-fennel-a-digit-50\/#breadcrumb"},"inLanguage":"bs-BA","potentialAction":[{"@type":"ReadAction","target":["https:\/\/geooprema.com\/bs\/products\/gradjevinska-oprema\/geo-fennel-a-digit-50\/"]}]},{"@type":"ImageObject","inLanguage":"bs-BA","@id":"https:\/\/geooprema.com\/bs\/products\/gradjevinska-oprema\/geo-fennel-a-digit-50\/#primaryimage","url":"https:\/\/geooprema.com\/wp-content\/uploads\/2020\/10\/650050_A-Digit_50_web-1.jpg","contentUrl":"https:\/\/geooprema.com\/wp-content\/uploads\/2020\/10\/650050_A-Digit_50_web-1.jpg","width":800,"height":800,"caption":"Geo-Fennel A-Digit 50"},{"@type":"BreadcrumbList","@id":"https:\/\/geooprema.com\/bs\/products\/gradjevinska-oprema\/geo-fennel-a-digit-50\/#breadcrumb","itemListElement":[{"@type":"ListItem","position":1,"name":"Home","item":"https:\/\/geooprema.com\/bs\/"},{"@type":"ListItem","position":2,"name":"Shop","item":"https:\/\/geooprema.com\/shop-2\/"},{"@type":"ListItem","position":3,"name":"Geo-Fennel A-Digit 50"}]},{"@type":"WebSite","@id":"https:\/\/geooprema.com\/#website","url":"https:\/\/geooprema.com\/","name":"Geooprema","description":"Surveying and Construction Equipmen, Software and Accessories","publisher":{"@id":"https:\/\/geooprema.com\/#organization"},"potentialAction":[{"@type":"SearchAction","target":{"@type":"EntryPoint","urlTemplate":"https:\/\/geooprema.com\/?s={search_term_string}"},"query-input":{"@type":"PropertyValueSpecification","valueRequired":true,"valueName":"search_term_string"}}],"inLanguage":"bs-BA"},{"@type":"Organization","@id":"https:\/\/geooprema.com\/#organization","name":"Geooprema","url":"https:\/\/geooprema.com\/","logo":{"@type":"ImageObject","inLanguage":"bs-BA","@id":"https:\/\/geooprema.com\/#\/schema\/logo\/image\/","url":"https:\/\/geooprema.com\/wp-content\/uploads\/2020\/08\/geooprema-logo.png","contentUrl":"https:\/\/geooprema.com\/wp-content\/uploads\/2020\/08\/geooprema-logo.png","width":513,"height":161,"caption":"Geooprema"},"image":{"@id":"https:\/\/geooprema.com\/#\/schema\/logo\/image\/"},"sameAs":["https:\/\/www.facebook.com\/geoinfobih","https:\/\/www.instagram.com\/geoinfodoo\/","https:\/\/www.linkedin.com\/company\/geoinfo-doo\/","https:\/\/www.youtube.com\/c\/Geoinfodoo"]}]}},"_links":{"self":[{"href":"https:\/\/geooprema.com\/bs\/wp-json\/wp\/v2\/product\/32444","targetHints":{"allow":["GET"]}}],"collection":[{"href":"https:\/\/geooprema.com\/bs\/wp-json\/wp\/v2\/product"}],"about":[{"href":"https:\/\/geooprema.com\/bs\/wp-json\/wp\/v2\/types\/product"}],"replies":[{"embeddable":true,"href":"https:\/\/geooprema.com\/bs\/wp-json\/wp\/v2\/comments?post=32444"}],"wp:featuredmedia":[{"embeddable":true,"href":"https:\/\/geooprema.com\/bs\/wp-json\/wp\/v2\/media\/28247"}],"wp:attachment":[{"href":"https:\/\/geooprema.com\/bs\/wp-json\/wp\/v2\/media?parent=32444"}],"wp:term":[{"taxonomy":"product_brand","embeddable":true,"href":"https:\/\/geooprema.com\/bs\/wp-json\/wp\/v2\/product_brand?post=32444"},{"taxonomy":"product_cat","embeddable":true,"href":"https:\/\/geooprema.com\/bs\/wp-json\/wp\/v2\/product_cat?post=32444"},{"taxonomy":"product_tag","embeddable":true,"href":"https:\/\/geooprema.com\/bs\/wp-json\/wp\/v2\/product_tag?post=32444"}],"curies":[{"name":"wp","href":"https:\/\/api.w.org\/{rel}","templated":true}]}}