
{"id":32443,"date":"2020-10-16T15:59:04","date_gmt":"2020-10-16T15:59:04","guid":{"rendered":"https:\/\/geooprema.com\/products\/Bez kategorije\/geo-fennel-multi-digit-pro\/"},"modified":"2020-10-16T15:59:04","modified_gmt":"2020-10-16T15:59:04","slug":"geo-fennel-multi-digit-pro","status":"publish","type":"product","link":"https:\/\/geooprema.com\/bs\/products\/gradjevinska-oprema\/geo-fennel-multi-digit-pro\/","title":{"rendered":"Geo-Fennel Multi-Digit pro +"},"content":{"rendered":"<p> <strong> Ref.br .: 600010 <\/strong> <\/p>\n<p> <strong> Uklju\u010deno u obuhvat isporuke: <\/strong> <br \/>\nPodstavljena torba <br \/>\nBaterije <\/p>\n<p> <strong> Tehni\u010dki podaci: <\/strong> <\/p>\n<p> Napajanje: 3 x AA alkalno <br \/>\nTa\u010dnost: 0 \u00b0 i 90 \u00b0 = \u00b1 0,1 \u00b0, 1 \u00b0 &#8211; 89 \u00b0 = \u00b1 0,2 \u00b0 <br \/>\nUgao radnog obuhvata: 0 \u00b0 &#8211; 180 \u00b0 <br \/>\nVrijeme rada: s laserom 20 h, bez lasera 48 h <br \/>\nDu\u017eina rasklopljenog: 1000 mm <br \/>\nPro\u0161irena veli\u010dina: 520 x 63 x 30 mm <br \/>\nUgao ta\u010dnosti: \u00b1 0,1 \u00b0 <br \/>\nTalasna du\u017eina lasera: 650 nm <\/p>\n","protected":false},"excerpt":{"rendered":"<div class = \"content - title\">\n<div class = \"content - title\"> Informacije o proizvodu &#8220;Multi-Digit Pro +&#8221; <\/div>\n<div class = \"product - description\">\n<p> Elektronski mjera\u010d ugla, elektronski mjera\u010d nagiba i laserska libela. Lako i ta\u010dno. Za mjerenje uglova, nagiba, kosih i ravnih povr\u0161ina. <\/p>\n<p> <strong> Karakteristike <\/strong> <\/p>\n<ul>\n<li> Istovremeno prikazuje ugao i nagib <\/li>\n<li> Razli\u010diti tonovi signala pri pribli\u017eavanju 0 \u00b0 \/ 90 \u00b0 i konstantni tonovi na 0 \u00b0 \/ 90 \u00b0 <\/li>\n<li> Oznaka smjera nagiba <\/li>\n<li> Nulti polo\u017eaj se ponovo postavlja na bilo koji polo\u017eaj <\/li>\n<li> Automatska inverzija cifri za mjerenje iznad glave <\/li>\n<li> Vidljivi laserski zrak za pro\u0161irenje radnog dometa <\/li>\n<li> HOLD funkcija za zamrzavanje mjerenja <\/li>\n<li> Osvijetljeni ekran <\/li>\n<li> Magnetna baza <\/li>\n<li> 1\/4 &#8220;navoj za stativ kamere <\/li>\n<li> Brava od 180 \u00b0 za pro\u0161irenje jedinice na du\u017einu od 1 m <\/li>\n<li> Ruka se mo\u017ee zaklju\u010dati u bilo kojem polo\u017eaju <\/li>\n<\/ul>\n<\/div>\n<\/div>\n","protected":false},"featured_media":28256,"comment_status":"open","ping_status":"closed","template":"","meta":{"_acf_changed":false},"product_brand":[],"product_cat":[397],"product_tag":[],"class_list":{"0":"post-32443","1":"product","2":"type-product","3":"status-publish","4":"has-post-thumbnail","6":"product_cat-gradjevinska-oprema","8":"first","9":"onbackorder","10":"taxable","11":"shipping-taxable","12":"product-type-simple","swatches":"rey-swatches","show_selected":""},"acf":[],"yoast_head":"<!-- This site is optimized with the Yoast SEO plugin v24.9 - https:\/\/yoast.com\/wordpress\/plugins\/seo\/ -->\n<title>Geo-Fennel Multi-Digit pro + - Geooprema<\/title>\n<meta name=\"robots\" content=\"index, follow, max-snippet:-1, max-image-preview:large, max-video-preview:-1\" \/>\n<link rel=\"canonical\" href=\"https:\/\/geooprema.com\/bs\/products\/gradjevinska-oprema\/geo-fennel-multi-digit-pro\/\" \/>\n<meta property=\"og:locale\" content=\"bs_BA\" \/>\n<meta property=\"og:type\" content=\"article\" \/>\n<meta property=\"og:title\" content=\"Geo-Fennel Multi-Digit pro + - Geooprema\" \/>\n<meta property=\"og:description\" content=\"Informacije o proizvodu &quot;Multi-Digit Pro +&quot;   Elektronski mjera\u010d ugla, elektronski mjera\u010d nagiba i laserska libela. Lako i ta\u010dno. Za mjerenje uglova, nagiba, kosih i ravnih povr\u0161ina.   Karakteristike    Istovremeno prikazuje ugao i nagib  Razli\u010diti tonovi signala pri pribli\u017eavanju 0 \u00b0 \/ 90 \u00b0 i konstantni tonovi na 0 \u00b0 \/ 90 \u00b0  Oznaka smjera nagiba  Nulti polo\u017eaj se ponovo postavlja na bilo koji polo\u017eaj  Automatska inverzija cifri za mjerenje iznad glave  Vidljivi laserski zrak za pro\u0161irenje radnog dometa  HOLD funkcija za zamrzavanje mjerenja  Osvijetljeni ekran  Magnetna baza  1\/4 &quot;navoj za stativ kamere  Brava od 180 \u00b0 za pro\u0161irenje jedinice na du\u017einu od 1 m  Ruka se mo\u017ee zaklju\u010dati u bilo kojem polo\u017eaju\" \/>\n<meta property=\"og:url\" content=\"https:\/\/geooprema.com\/bs\/products\/gradjevinska-oprema\/geo-fennel-multi-digit-pro\/\" \/>\n<meta property=\"og:site_name\" content=\"Geooprema\" \/>\n<meta property=\"article:publisher\" content=\"https:\/\/www.facebook.com\/geoinfobih\" \/>\n<meta property=\"og:image\" content=\"https:\/\/geooprema.com\/wp-content\/uploads\/2020\/10\/Multi_Digit_Pro_jpg_rgb_150-1.jpg\" \/>\n\t<meta property=\"og:image:width\" content=\"800\" \/>\n\t<meta property=\"og:image:height\" content=\"800\" \/>\n\t<meta property=\"og:image:type\" content=\"image\/jpeg\" \/>\n<meta name=\"twitter:card\" content=\"summary_large_image\" \/>\n<script type=\"application\/ld+json\" class=\"yoast-schema-graph\">{\"@context\":\"https:\/\/schema.org\",\"@graph\":[{\"@type\":\"WebPage\",\"@id\":\"https:\/\/geooprema.com\/bs\/products\/gradjevinska-oprema\/geo-fennel-multi-digit-pro\/\",\"url\":\"https:\/\/geooprema.com\/bs\/products\/gradjevinska-oprema\/geo-fennel-multi-digit-pro\/\",\"name\":\"Geo-Fennel Multi-Digit pro + - Geooprema\",\"isPartOf\":{\"@id\":\"https:\/\/geooprema.com\/#website\"},\"primaryImageOfPage\":{\"@id\":\"https:\/\/geooprema.com\/bs\/products\/gradjevinska-oprema\/geo-fennel-multi-digit-pro\/#primaryimage\"},\"image\":{\"@id\":\"https:\/\/geooprema.com\/bs\/products\/gradjevinska-oprema\/geo-fennel-multi-digit-pro\/#primaryimage\"},\"thumbnailUrl\":\"https:\/\/geooprema.com\/wp-content\/uploads\/2020\/10\/Multi_Digit_Pro_jpg_rgb_150-1.jpg\",\"datePublished\":\"2020-10-16T15:59:04+00:00\",\"breadcrumb\":{\"@id\":\"https:\/\/geooprema.com\/bs\/products\/gradjevinska-oprema\/geo-fennel-multi-digit-pro\/#breadcrumb\"},\"inLanguage\":\"bs-BA\",\"potentialAction\":[{\"@type\":\"ReadAction\",\"target\":[\"https:\/\/geooprema.com\/bs\/products\/gradjevinska-oprema\/geo-fennel-multi-digit-pro\/\"]}]},{\"@type\":\"ImageObject\",\"inLanguage\":\"bs-BA\",\"@id\":\"https:\/\/geooprema.com\/bs\/products\/gradjevinska-oprema\/geo-fennel-multi-digit-pro\/#primaryimage\",\"url\":\"https:\/\/geooprema.com\/wp-content\/uploads\/2020\/10\/Multi_Digit_Pro_jpg_rgb_150-1.jpg\",\"contentUrl\":\"https:\/\/geooprema.com\/wp-content\/uploads\/2020\/10\/Multi_Digit_Pro_jpg_rgb_150-1.jpg\",\"width\":800,\"height\":800,\"caption\":\"Geo-Fennel Multi-Digit pro +\"},{\"@type\":\"BreadcrumbList\",\"@id\":\"https:\/\/geooprema.com\/bs\/products\/gradjevinska-oprema\/geo-fennel-multi-digit-pro\/#breadcrumb\",\"itemListElement\":[{\"@type\":\"ListItem\",\"position\":1,\"name\":\"Home\",\"item\":\"https:\/\/geooprema.com\/bs\/\"},{\"@type\":\"ListItem\",\"position\":2,\"name\":\"Shop\",\"item\":\"https:\/\/geooprema.com\/shop-2\/\"},{\"@type\":\"ListItem\",\"position\":3,\"name\":\"Geo-Fennel Multi-Digit pro +\"}]},{\"@type\":\"WebSite\",\"@id\":\"https:\/\/geooprema.com\/#website\",\"url\":\"https:\/\/geooprema.com\/\",\"name\":\"Geooprema\",\"description\":\"Surveying and Construction Equipmen, Software and Accessories\",\"publisher\":{\"@id\":\"https:\/\/geooprema.com\/#organization\"},\"potentialAction\":[{\"@type\":\"SearchAction\",\"target\":{\"@type\":\"EntryPoint\",\"urlTemplate\":\"https:\/\/geooprema.com\/?s={search_term_string}\"},\"query-input\":{\"@type\":\"PropertyValueSpecification\",\"valueRequired\":true,\"valueName\":\"search_term_string\"}}],\"inLanguage\":\"bs-BA\"},{\"@type\":\"Organization\",\"@id\":\"https:\/\/geooprema.com\/#organization\",\"name\":\"Geooprema\",\"url\":\"https:\/\/geooprema.com\/\",\"logo\":{\"@type\":\"ImageObject\",\"inLanguage\":\"bs-BA\",\"@id\":\"https:\/\/geooprema.com\/#\/schema\/logo\/image\/\",\"url\":\"https:\/\/geooprema.com\/wp-content\/uploads\/2020\/08\/geooprema-logo.png\",\"contentUrl\":\"https:\/\/geooprema.com\/wp-content\/uploads\/2020\/08\/geooprema-logo.png\",\"width\":513,\"height\":161,\"caption\":\"Geooprema\"},\"image\":{\"@id\":\"https:\/\/geooprema.com\/#\/schema\/logo\/image\/\"},\"sameAs\":[\"https:\/\/www.facebook.com\/geoinfobih\",\"https:\/\/www.instagram.com\/geoinfodoo\/\",\"https:\/\/www.linkedin.com\/company\/geoinfo-doo\/\",\"https:\/\/www.youtube.com\/c\/Geoinfodoo\"]}]}<\/script>\n<!-- \/ Yoast SEO plugin. -->","yoast_head_json":{"title":"Geo-Fennel Multi-Digit pro + - Geooprema","robots":{"index":"index","follow":"follow","max-snippet":"max-snippet:-1","max-image-preview":"max-image-preview:large","max-video-preview":"max-video-preview:-1"},"canonical":"https:\/\/geooprema.com\/bs\/products\/gradjevinska-oprema\/geo-fennel-multi-digit-pro\/","og_locale":"bs_BA","og_type":"article","og_title":"Geo-Fennel Multi-Digit pro + - Geooprema","og_description":"Informacije o proizvodu \"Multi-Digit Pro +\"   Elektronski mjera\u010d ugla, elektronski mjera\u010d nagiba i laserska libela. Lako i ta\u010dno. Za mjerenje uglova, nagiba, kosih i ravnih povr\u0161ina.   Karakteristike    Istovremeno prikazuje ugao i nagib  Razli\u010diti tonovi signala pri pribli\u017eavanju 0 \u00b0 \/ 90 \u00b0 i konstantni tonovi na 0 \u00b0 \/ 90 \u00b0  Oznaka smjera nagiba  Nulti polo\u017eaj se ponovo postavlja na bilo koji polo\u017eaj  Automatska inverzija cifri za mjerenje iznad glave  Vidljivi laserski zrak za pro\u0161irenje radnog dometa  HOLD funkcija za zamrzavanje mjerenja  Osvijetljeni ekran  Magnetna baza  1\/4 \"navoj za stativ kamere  Brava od 180 \u00b0 za pro\u0161irenje jedinice na du\u017einu od 1 m  Ruka se mo\u017ee zaklju\u010dati u bilo kojem polo\u017eaju","og_url":"https:\/\/geooprema.com\/bs\/products\/gradjevinska-oprema\/geo-fennel-multi-digit-pro\/","og_site_name":"Geooprema","article_publisher":"https:\/\/www.facebook.com\/geoinfobih","og_image":[{"width":800,"height":800,"url":"https:\/\/geooprema.com\/wp-content\/uploads\/2020\/10\/Multi_Digit_Pro_jpg_rgb_150-1.jpg","type":"image\/jpeg"}],"twitter_card":"summary_large_image","schema":{"@context":"https:\/\/schema.org","@graph":[{"@type":"WebPage","@id":"https:\/\/geooprema.com\/bs\/products\/gradjevinska-oprema\/geo-fennel-multi-digit-pro\/","url":"https:\/\/geooprema.com\/bs\/products\/gradjevinska-oprema\/geo-fennel-multi-digit-pro\/","name":"Geo-Fennel Multi-Digit pro + - Geooprema","isPartOf":{"@id":"https:\/\/geooprema.com\/#website"},"primaryImageOfPage":{"@id":"https:\/\/geooprema.com\/bs\/products\/gradjevinska-oprema\/geo-fennel-multi-digit-pro\/#primaryimage"},"image":{"@id":"https:\/\/geooprema.com\/bs\/products\/gradjevinska-oprema\/geo-fennel-multi-digit-pro\/#primaryimage"},"thumbnailUrl":"https:\/\/geooprema.com\/wp-content\/uploads\/2020\/10\/Multi_Digit_Pro_jpg_rgb_150-1.jpg","datePublished":"2020-10-16T15:59:04+00:00","breadcrumb":{"@id":"https:\/\/geooprema.com\/bs\/products\/gradjevinska-oprema\/geo-fennel-multi-digit-pro\/#breadcrumb"},"inLanguage":"bs-BA","potentialAction":[{"@type":"ReadAction","target":["https:\/\/geooprema.com\/bs\/products\/gradjevinska-oprema\/geo-fennel-multi-digit-pro\/"]}]},{"@type":"ImageObject","inLanguage":"bs-BA","@id":"https:\/\/geooprema.com\/bs\/products\/gradjevinska-oprema\/geo-fennel-multi-digit-pro\/#primaryimage","url":"https:\/\/geooprema.com\/wp-content\/uploads\/2020\/10\/Multi_Digit_Pro_jpg_rgb_150-1.jpg","contentUrl":"https:\/\/geooprema.com\/wp-content\/uploads\/2020\/10\/Multi_Digit_Pro_jpg_rgb_150-1.jpg","width":800,"height":800,"caption":"Geo-Fennel Multi-Digit pro +"},{"@type":"BreadcrumbList","@id":"https:\/\/geooprema.com\/bs\/products\/gradjevinska-oprema\/geo-fennel-multi-digit-pro\/#breadcrumb","itemListElement":[{"@type":"ListItem","position":1,"name":"Home","item":"https:\/\/geooprema.com\/bs\/"},{"@type":"ListItem","position":2,"name":"Shop","item":"https:\/\/geooprema.com\/shop-2\/"},{"@type":"ListItem","position":3,"name":"Geo-Fennel Multi-Digit pro +"}]},{"@type":"WebSite","@id":"https:\/\/geooprema.com\/#website","url":"https:\/\/geooprema.com\/","name":"Geooprema","description":"Surveying and Construction Equipmen, Software and Accessories","publisher":{"@id":"https:\/\/geooprema.com\/#organization"},"potentialAction":[{"@type":"SearchAction","target":{"@type":"EntryPoint","urlTemplate":"https:\/\/geooprema.com\/?s={search_term_string}"},"query-input":{"@type":"PropertyValueSpecification","valueRequired":true,"valueName":"search_term_string"}}],"inLanguage":"bs-BA"},{"@type":"Organization","@id":"https:\/\/geooprema.com\/#organization","name":"Geooprema","url":"https:\/\/geooprema.com\/","logo":{"@type":"ImageObject","inLanguage":"bs-BA","@id":"https:\/\/geooprema.com\/#\/schema\/logo\/image\/","url":"https:\/\/geooprema.com\/wp-content\/uploads\/2020\/08\/geooprema-logo.png","contentUrl":"https:\/\/geooprema.com\/wp-content\/uploads\/2020\/08\/geooprema-logo.png","width":513,"height":161,"caption":"Geooprema"},"image":{"@id":"https:\/\/geooprema.com\/#\/schema\/logo\/image\/"},"sameAs":["https:\/\/www.facebook.com\/geoinfobih","https:\/\/www.instagram.com\/geoinfodoo\/","https:\/\/www.linkedin.com\/company\/geoinfo-doo\/","https:\/\/www.youtube.com\/c\/Geoinfodoo"]}]}},"_links":{"self":[{"href":"https:\/\/geooprema.com\/bs\/wp-json\/wp\/v2\/product\/32443","targetHints":{"allow":["GET"]}}],"collection":[{"href":"https:\/\/geooprema.com\/bs\/wp-json\/wp\/v2\/product"}],"about":[{"href":"https:\/\/geooprema.com\/bs\/wp-json\/wp\/v2\/types\/product"}],"replies":[{"embeddable":true,"href":"https:\/\/geooprema.com\/bs\/wp-json\/wp\/v2\/comments?post=32443"}],"wp:featuredmedia":[{"embeddable":true,"href":"https:\/\/geooprema.com\/bs\/wp-json\/wp\/v2\/media\/28256"}],"wp:attachment":[{"href":"https:\/\/geooprema.com\/bs\/wp-json\/wp\/v2\/media?parent=32443"}],"wp:term":[{"taxonomy":"product_brand","embeddable":true,"href":"https:\/\/geooprema.com\/bs\/wp-json\/wp\/v2\/product_brand?post=32443"},{"taxonomy":"product_cat","embeddable":true,"href":"https:\/\/geooprema.com\/bs\/wp-json\/wp\/v2\/product_cat?post=32443"},{"taxonomy":"product_tag","embeddable":true,"href":"https:\/\/geooprema.com\/bs\/wp-json\/wp\/v2\/product_tag?post=32443"}],"curies":[{"name":"wp","href":"https:\/\/api.w.org\/{rel}","templated":true}]}}