
{"id":32441,"date":"2020-10-16T15:59:01","date_gmt":"2020-10-16T15:59:01","guid":{"rendered":"https:\/\/geooprema.com\/products\/Bez%20kategorije\/geo-fennel-s-digit-120-wl\/"},"modified":"2021-06-27T09:29:15","modified_gmt":"2021-06-27T09:29:15","slug":"geo-fennel-s-digit-120-wl","status":"publish","type":"product","link":"https:\/\/geooprema.com\/bs\/products\/gradjevinska-oprema\/geo-fennel-s-digit-120-wl\/","title":{"rendered":"Geo-Fennel S-Digit 120 WL +"},"content":{"rendered":"<p><strong> Ref.br .: 640110 <\/strong><\/p>\n<p><strong> Uklju\u010deno u obuhvat isporuke: <\/strong><br \/>\nPodstavljena torba<br \/>\nBaterije<\/p>\n<p><strong> Tehni\u010dki podaci: <\/strong><\/p>\n<p>Napajanje: 3 x AA alkalno<br \/>\nRaspon temperatura: -10 \u00b0 C do + 45 \u00b0 C<br \/>\nRezolucija: 0,1 \u00b0 \/ 0,1%<br \/>\nMjerne jedinice: \u00b0,%, mm \/ m, in, ft<br \/>\nMjerna udaljenost: 4 x 90 \u00b0<br \/>\nTa\u010dnost: 0 \u00b0 i 90 \u00b0 = \u00b1 0,1 \u00b0, 1 \u00b0 &#8211; 89 \u00b0 = \u00b1 0,2 \u00b0<br \/>\nPro\u0161irena veli\u010dina: 120 x 60 x 27 mm<br \/>\nVrijeme rada: 60 h<br \/>\nTe\u017eina (instrument sa baterijom): 1,2 kg &lt;\/<\/p>\n","protected":false},"excerpt":{"rendered":"<div class=\"content - title\">\n<div class=\"content - title\">Informacije o proizvodu &#8220;S-Digit 120WL +&#8221;<\/div>\n<div class=\"product - description\">\n<p>Elektronski inklinometar za svakodnevnu upotrebu.<\/p>\n<p>Karakteristike:<\/p>\n<ul>\n<li>Razli\u010diti tonovi signala pri pribli\u017eavanju 0 \u00b0 \/ 90 \u00b0 i konstantni tonovi na 0 \u00b0 \/ 90 \u00b0<\/li>\n<li>Oznaka smjera nagiba<\/li>\n<li>Nulti polo\u017eaj se ponovo postavlja na bilo koji polo\u017eaj<\/li>\n<li>Automatska inverzija cifri za mjerenje iznad glave<\/li>\n<li>Rotiraju\u0107i ekran za 180 \u00b0<\/li>\n<li>HOLD funkcija za zamrzavanje mjerenja<\/li>\n<li>Osvijetljeni ekran<\/li>\n<li>1 ili 2 ugradne ru\u010dke za ergonomsku upotrebu<\/li>\n<\/ul>\n<\/div>\n<\/div>\n","protected":false},"featured_media":28240,"comment_status":"open","ping_status":"closed","template":"","meta":{"_acf_changed":false},"product_brand":[],"product_cat":[397],"product_tag":[],"class_list":{"0":"post-32441","1":"product","2":"type-product","3":"status-publish","4":"has-post-thumbnail","6":"product_cat-gradjevinska-oprema","8":"first","9":"onbackorder","10":"taxable","11":"shipping-taxable","12":"product-type-simple","swatches":"rey-swatches","show_selected":""},"acf":[],"yoast_head":"<!-- This site is optimized with the Yoast SEO plugin v24.9 - https:\/\/yoast.com\/wordpress\/plugins\/seo\/ -->\n<title>Geo-Fennel S-Digit 120 WL + - Geooprema<\/title>\n<meta name=\"robots\" content=\"index, follow, max-snippet:-1, max-image-preview:large, max-video-preview:-1\" \/>\n<link rel=\"canonical\" href=\"https:\/\/geooprema.com\/bs\/products\/gradjevinska-oprema\/geo-fennel-s-digit-120-wl\/\" \/>\n<meta property=\"og:locale\" content=\"bs_BA\" \/>\n<meta property=\"og:type\" content=\"article\" \/>\n<meta property=\"og:title\" content=\"Geo-Fennel S-Digit 120 WL + - Geooprema\" \/>\n<meta property=\"og:description\" content=\"Informacije o proizvodu &quot;S-Digit 120WL +&quot;   Elektronski inklinometar za svakodnevnu upotrebu.  Karakteristike:   Razli\u010diti tonovi signala pri pribli\u017eavanju 0 \u00b0 \/ 90 \u00b0 i konstantni tonovi na 0 \u00b0 \/ 90 \u00b0  Oznaka smjera nagiba  Nulti polo\u017eaj se ponovo postavlja na bilo koji polo\u017eaj  Automatska inverzija cifri za mjerenje iznad glave  Rotiraju\u0107i ekran za 180 \u00b0  HOLD funkcija za zamrzavanje mjerenja  Osvijetljeni ekran  1 ili 2 ugradne ru\u010dke za ergonomsku upotrebu\" \/>\n<meta property=\"og:url\" content=\"https:\/\/geooprema.com\/bs\/products\/gradjevinska-oprema\/geo-fennel-s-digit-120-wl\/\" \/>\n<meta property=\"og:site_name\" content=\"Geooprema\" \/>\n<meta property=\"article:publisher\" content=\"https:\/\/www.facebook.com\/geoinfobih\" \/>\n<meta property=\"article:modified_time\" content=\"2021-06-27T09:29:15+00:00\" \/>\n<meta property=\"og:image\" content=\"https:\/\/geooprema.com\/wp-content\/uploads\/2020\/10\/S-Digit_120_WL_jpg_rgb_150-1.jpg\" \/>\n\t<meta property=\"og:image:width\" content=\"800\" \/>\n\t<meta property=\"og:image:height\" content=\"800\" \/>\n\t<meta property=\"og:image:type\" content=\"image\/jpeg\" \/>\n<meta name=\"twitter:card\" content=\"summary_large_image\" \/>\n<script type=\"application\/ld+json\" class=\"yoast-schema-graph\">{\"@context\":\"https:\/\/schema.org\",\"@graph\":[{\"@type\":\"WebPage\",\"@id\":\"https:\/\/geooprema.com\/bs\/products\/gradjevinska-oprema\/geo-fennel-s-digit-120-wl\/\",\"url\":\"https:\/\/geooprema.com\/bs\/products\/gradjevinska-oprema\/geo-fennel-s-digit-120-wl\/\",\"name\":\"Geo-Fennel S-Digit 120 WL + - Geooprema\",\"isPartOf\":{\"@id\":\"https:\/\/geooprema.com\/#website\"},\"primaryImageOfPage\":{\"@id\":\"https:\/\/geooprema.com\/bs\/products\/gradjevinska-oprema\/geo-fennel-s-digit-120-wl\/#primaryimage\"},\"image\":{\"@id\":\"https:\/\/geooprema.com\/bs\/products\/gradjevinska-oprema\/geo-fennel-s-digit-120-wl\/#primaryimage\"},\"thumbnailUrl\":\"https:\/\/geooprema.com\/wp-content\/uploads\/2020\/10\/S-Digit_120_WL_jpg_rgb_150-1.jpg\",\"datePublished\":\"2020-10-16T15:59:01+00:00\",\"dateModified\":\"2021-06-27T09:29:15+00:00\",\"breadcrumb\":{\"@id\":\"https:\/\/geooprema.com\/bs\/products\/gradjevinska-oprema\/geo-fennel-s-digit-120-wl\/#breadcrumb\"},\"inLanguage\":\"bs-BA\",\"potentialAction\":[{\"@type\":\"ReadAction\",\"target\":[\"https:\/\/geooprema.com\/bs\/products\/gradjevinska-oprema\/geo-fennel-s-digit-120-wl\/\"]}]},{\"@type\":\"ImageObject\",\"inLanguage\":\"bs-BA\",\"@id\":\"https:\/\/geooprema.com\/bs\/products\/gradjevinska-oprema\/geo-fennel-s-digit-120-wl\/#primaryimage\",\"url\":\"https:\/\/geooprema.com\/wp-content\/uploads\/2020\/10\/S-Digit_120_WL_jpg_rgb_150-1.jpg\",\"contentUrl\":\"https:\/\/geooprema.com\/wp-content\/uploads\/2020\/10\/S-Digit_120_WL_jpg_rgb_150-1.jpg\",\"width\":800,\"height\":800,\"caption\":\"Geo-Fennel S-Digit 120 WL +\"},{\"@type\":\"BreadcrumbList\",\"@id\":\"https:\/\/geooprema.com\/bs\/products\/gradjevinska-oprema\/geo-fennel-s-digit-120-wl\/#breadcrumb\",\"itemListElement\":[{\"@type\":\"ListItem\",\"position\":1,\"name\":\"Home\",\"item\":\"https:\/\/geooprema.com\/bs\/\"},{\"@type\":\"ListItem\",\"position\":2,\"name\":\"Shop\",\"item\":\"https:\/\/geooprema.com\/shop-2\/\"},{\"@type\":\"ListItem\",\"position\":3,\"name\":\"Geo-Fennel S-Digit 120 WL +\"}]},{\"@type\":\"WebSite\",\"@id\":\"https:\/\/geooprema.com\/#website\",\"url\":\"https:\/\/geooprema.com\/\",\"name\":\"Geooprema\",\"description\":\"Surveying and Construction Equipmen, Software and Accessories\",\"publisher\":{\"@id\":\"https:\/\/geooprema.com\/#organization\"},\"potentialAction\":[{\"@type\":\"SearchAction\",\"target\":{\"@type\":\"EntryPoint\",\"urlTemplate\":\"https:\/\/geooprema.com\/?s={search_term_string}\"},\"query-input\":{\"@type\":\"PropertyValueSpecification\",\"valueRequired\":true,\"valueName\":\"search_term_string\"}}],\"inLanguage\":\"bs-BA\"},{\"@type\":\"Organization\",\"@id\":\"https:\/\/geooprema.com\/#organization\",\"name\":\"Geooprema\",\"url\":\"https:\/\/geooprema.com\/\",\"logo\":{\"@type\":\"ImageObject\",\"inLanguage\":\"bs-BA\",\"@id\":\"https:\/\/geooprema.com\/#\/schema\/logo\/image\/\",\"url\":\"https:\/\/geooprema.com\/wp-content\/uploads\/2020\/08\/geooprema-logo.png\",\"contentUrl\":\"https:\/\/geooprema.com\/wp-content\/uploads\/2020\/08\/geooprema-logo.png\",\"width\":513,\"height\":161,\"caption\":\"Geooprema\"},\"image\":{\"@id\":\"https:\/\/geooprema.com\/#\/schema\/logo\/image\/\"},\"sameAs\":[\"https:\/\/www.facebook.com\/geoinfobih\",\"https:\/\/www.instagram.com\/geoinfodoo\/\",\"https:\/\/www.linkedin.com\/company\/geoinfo-doo\/\",\"https:\/\/www.youtube.com\/c\/Geoinfodoo\"]}]}<\/script>\n<!-- \/ Yoast SEO plugin. -->","yoast_head_json":{"title":"Geo-Fennel S-Digit 120 WL + - Geooprema","robots":{"index":"index","follow":"follow","max-snippet":"max-snippet:-1","max-image-preview":"max-image-preview:large","max-video-preview":"max-video-preview:-1"},"canonical":"https:\/\/geooprema.com\/bs\/products\/gradjevinska-oprema\/geo-fennel-s-digit-120-wl\/","og_locale":"bs_BA","og_type":"article","og_title":"Geo-Fennel S-Digit 120 WL + - Geooprema","og_description":"Informacije o proizvodu \"S-Digit 120WL +\"   Elektronski inklinometar za svakodnevnu upotrebu.  Karakteristike:   Razli\u010diti tonovi signala pri pribli\u017eavanju 0 \u00b0 \/ 90 \u00b0 i konstantni tonovi na 0 \u00b0 \/ 90 \u00b0  Oznaka smjera nagiba  Nulti polo\u017eaj se ponovo postavlja na bilo koji polo\u017eaj  Automatska inverzija cifri za mjerenje iznad glave  Rotiraju\u0107i ekran za 180 \u00b0  HOLD funkcija za zamrzavanje mjerenja  Osvijetljeni ekran  1 ili 2 ugradne ru\u010dke za ergonomsku upotrebu","og_url":"https:\/\/geooprema.com\/bs\/products\/gradjevinska-oprema\/geo-fennel-s-digit-120-wl\/","og_site_name":"Geooprema","article_publisher":"https:\/\/www.facebook.com\/geoinfobih","article_modified_time":"2021-06-27T09:29:15+00:00","og_image":[{"width":800,"height":800,"url":"https:\/\/geooprema.com\/wp-content\/uploads\/2020\/10\/S-Digit_120_WL_jpg_rgb_150-1.jpg","type":"image\/jpeg"}],"twitter_card":"summary_large_image","schema":{"@context":"https:\/\/schema.org","@graph":[{"@type":"WebPage","@id":"https:\/\/geooprema.com\/bs\/products\/gradjevinska-oprema\/geo-fennel-s-digit-120-wl\/","url":"https:\/\/geooprema.com\/bs\/products\/gradjevinska-oprema\/geo-fennel-s-digit-120-wl\/","name":"Geo-Fennel S-Digit 120 WL + - Geooprema","isPartOf":{"@id":"https:\/\/geooprema.com\/#website"},"primaryImageOfPage":{"@id":"https:\/\/geooprema.com\/bs\/products\/gradjevinska-oprema\/geo-fennel-s-digit-120-wl\/#primaryimage"},"image":{"@id":"https:\/\/geooprema.com\/bs\/products\/gradjevinska-oprema\/geo-fennel-s-digit-120-wl\/#primaryimage"},"thumbnailUrl":"https:\/\/geooprema.com\/wp-content\/uploads\/2020\/10\/S-Digit_120_WL_jpg_rgb_150-1.jpg","datePublished":"2020-10-16T15:59:01+00:00","dateModified":"2021-06-27T09:29:15+00:00","breadcrumb":{"@id":"https:\/\/geooprema.com\/bs\/products\/gradjevinska-oprema\/geo-fennel-s-digit-120-wl\/#breadcrumb"},"inLanguage":"bs-BA","potentialAction":[{"@type":"ReadAction","target":["https:\/\/geooprema.com\/bs\/products\/gradjevinska-oprema\/geo-fennel-s-digit-120-wl\/"]}]},{"@type":"ImageObject","inLanguage":"bs-BA","@id":"https:\/\/geooprema.com\/bs\/products\/gradjevinska-oprema\/geo-fennel-s-digit-120-wl\/#primaryimage","url":"https:\/\/geooprema.com\/wp-content\/uploads\/2020\/10\/S-Digit_120_WL_jpg_rgb_150-1.jpg","contentUrl":"https:\/\/geooprema.com\/wp-content\/uploads\/2020\/10\/S-Digit_120_WL_jpg_rgb_150-1.jpg","width":800,"height":800,"caption":"Geo-Fennel S-Digit 120 WL +"},{"@type":"BreadcrumbList","@id":"https:\/\/geooprema.com\/bs\/products\/gradjevinska-oprema\/geo-fennel-s-digit-120-wl\/#breadcrumb","itemListElement":[{"@type":"ListItem","position":1,"name":"Home","item":"https:\/\/geooprema.com\/bs\/"},{"@type":"ListItem","position":2,"name":"Shop","item":"https:\/\/geooprema.com\/shop-2\/"},{"@type":"ListItem","position":3,"name":"Geo-Fennel S-Digit 120 WL +"}]},{"@type":"WebSite","@id":"https:\/\/geooprema.com\/#website","url":"https:\/\/geooprema.com\/","name":"Geooprema","description":"Surveying and Construction Equipmen, Software and Accessories","publisher":{"@id":"https:\/\/geooprema.com\/#organization"},"potentialAction":[{"@type":"SearchAction","target":{"@type":"EntryPoint","urlTemplate":"https:\/\/geooprema.com\/?s={search_term_string}"},"query-input":{"@type":"PropertyValueSpecification","valueRequired":true,"valueName":"search_term_string"}}],"inLanguage":"bs-BA"},{"@type":"Organization","@id":"https:\/\/geooprema.com\/#organization","name":"Geooprema","url":"https:\/\/geooprema.com\/","logo":{"@type":"ImageObject","inLanguage":"bs-BA","@id":"https:\/\/geooprema.com\/#\/schema\/logo\/image\/","url":"https:\/\/geooprema.com\/wp-content\/uploads\/2020\/08\/geooprema-logo.png","contentUrl":"https:\/\/geooprema.com\/wp-content\/uploads\/2020\/08\/geooprema-logo.png","width":513,"height":161,"caption":"Geooprema"},"image":{"@id":"https:\/\/geooprema.com\/#\/schema\/logo\/image\/"},"sameAs":["https:\/\/www.facebook.com\/geoinfobih","https:\/\/www.instagram.com\/geoinfodoo\/","https:\/\/www.linkedin.com\/company\/geoinfo-doo\/","https:\/\/www.youtube.com\/c\/Geoinfodoo"]}]}},"_links":{"self":[{"href":"https:\/\/geooprema.com\/bs\/wp-json\/wp\/v2\/product\/32441","targetHints":{"allow":["GET"]}}],"collection":[{"href":"https:\/\/geooprema.com\/bs\/wp-json\/wp\/v2\/product"}],"about":[{"href":"https:\/\/geooprema.com\/bs\/wp-json\/wp\/v2\/types\/product"}],"replies":[{"embeddable":true,"href":"https:\/\/geooprema.com\/bs\/wp-json\/wp\/v2\/comments?post=32441"}],"wp:featuredmedia":[{"embeddable":true,"href":"https:\/\/geooprema.com\/bs\/wp-json\/wp\/v2\/media\/28240"}],"wp:attachment":[{"href":"https:\/\/geooprema.com\/bs\/wp-json\/wp\/v2\/media?parent=32441"}],"wp:term":[{"taxonomy":"product_brand","embeddable":true,"href":"https:\/\/geooprema.com\/bs\/wp-json\/wp\/v2\/product_brand?post=32441"},{"taxonomy":"product_cat","embeddable":true,"href":"https:\/\/geooprema.com\/bs\/wp-json\/wp\/v2\/product_cat?post=32441"},{"taxonomy":"product_tag","embeddable":true,"href":"https:\/\/geooprema.com\/bs\/wp-json\/wp\/v2\/product_tag?post=32441"}],"curies":[{"name":"wp","href":"https:\/\/api.w.org\/{rel}","templated":true}]}}