
{"id":32436,"date":"2020-10-16T09:53:58","date_gmt":"2020-10-16T09:53:58","guid":{"rendered":"https:\/\/geooprema.com\/products\/Bez kategorije\/geo-fennel-prijemnici-za-rotirajuce-lasere-frm-800-m-c-set\/"},"modified":"2020-10-16T09:53:58","modified_gmt":"2020-10-16T09:53:58","slug":"geo-fennel-prijemnici-za-rotirajuce-lasere-frm-800-m-c-set","status":"publish","type":"product","link":"https:\/\/geooprema.com\/bs\/products\/gradjevinska-oprema\/geo-fennel-prijemnici-za-rotirajuce-lasere-frm-800-m-c-set\/","title":{"rendered":"Geo-Fennel prijemnici za rotiraju\u0107e lasere FRM 800-M \/ C set"},"content":{"rendered":"<p> <strong> Ref.br .: 264550 <\/strong> <\/p>\n<p> DOSTAVLJA SE SA: <\/p>\n<p> Ma\u0161inski upravlja\u010dki prijemnik FMR 800-M \/ C, Art.Nr. 264500 <br \/>\nUgra\u0111ena punjiva baterija, punja\u010d, tvrda torba za no\u0161enje <\/p>\n<p> <strong> Tehni\u010dke specifikacije: <\/strong> <br \/>\nFMR 800-M \/ C <br \/>\nUgao prijema snopa 360 \u00b0 <br \/>\nPrepoznatljive brzine lasera 300 &#8211; 1200 o \/ min <br \/>\nTa\u010dnost <br \/>\nBuldo\u017eer &#8211; na\u010din rada <br \/>\n\u00b7 Nagib se\u010diva; fino \/ standardno \/ grubo \u00b1 0,5 \u00b0 \/ \u00b1 1,5 \u00b0 \/ \u00b1 2,5 \u00b0 <br \/>\n\u00b7 Indikacija visine; fino \/ standardno \/ grubo \u00b1 5 mm \/ \u00b1 15 mm \/ \u00b1 30 mm <br \/>\nBager &#8211; na\u010din rada <br \/>\n\u00b7 Nagib ka\u0161ike; fino \/ standardno \/ grubo \u00b1 0,5 \u00b0 \/ \u00b1 1,5 \u00b0 \/ \u00b1 2,5 \u00b0 <br \/>\n\u00b7 Indikacija visine; fino \/ standardno \/ grubo \u00b1 5 mm \/ \u00b1 15 mm \/ \u00b1 30 mm <br \/>\nNapajanje NiMH 3500 mAh <br \/>\nRadno podru\u010dje sa rotacijskim laserom klase 2 250 m <br \/>\nDomet rada sa rotacijskim laserom klase 3R 350 m <br \/>\nVrijeme punjenja baterije 4 &#8211; 5h <br \/>\nAutomatsko isklju\u010divanje 60 min. <br \/>\nZa\u0161tita od pra\u0161ine i vode IP 66 <br \/>\nRaspon temperatura -10 \u00b0 C &#8211; + 50 \u00b0 C <\/\n<\/p>\n","protected":false},"excerpt":{"rendered":"<p> FUNKCIJE I KARAKTERISTIKE <br \/>\n\u00b7 Ma\u0161inski upravlja\u010dki prijemnik FMR 800-M \/ C koji se koristi sa gra\u0111evinskim ma\u0161inama za pove\u0107anje preciznosti i pove\u0107anje produktivnosti. <br \/>\n\u00b7 Za konstantnu kontrolu nagiba i visine <br \/>\n\u00b7 Buldo\u017eer: Kontrola nagiba i visine o\u0161trice <br \/>\n\u00b7 Bager: Kontrola nagiba i visine ka\u0161ike <br \/>\n\u00b7 Veza RF veze sa udaljenim ekranom <br \/>\n\u00b7 Povezivost: <br \/>\nMagnetna veza direktno na ma\u0161inu <br \/>\nStezni spoj na jarbol ma\u0161ine <br \/>\nMagnetna potpora (opcionalno) za upotrebu na poluzi bagera ili jarbolu buldo\u017eera <br \/>\n\u00b7 Daljinski ekran FRD 807 (opcionalno) <br \/>\n\u00b7 Povezivost: <br \/>\nintegrisane magnetne trake; <br \/>\nsna\u017ena usisna plo\u010dica za vjetrobransko staklo kabine. <\/p>\n","protected":false},"featured_media":28037,"comment_status":"open","ping_status":"closed","template":"","meta":{"_acf_changed":false},"product_brand":[],"product_cat":[397],"product_tag":[],"class_list":{"0":"post-32436","1":"product","2":"type-product","3":"status-publish","4":"has-post-thumbnail","6":"product_cat-gradjevinska-oprema","8":"first","9":"onbackorder","10":"taxable","11":"shipping-taxable","12":"product-type-simple","swatches":"rey-swatches","show_selected":""},"acf":[],"yoast_head":"<!-- This site is optimized with the Yoast SEO plugin v24.9 - https:\/\/yoast.com\/wordpress\/plugins\/seo\/ -->\n<title>Geo-Fennel prijemnici za rotiraju\u0107e lasere FRM 800-M \/ C set - Geooprema<\/title>\n<meta name=\"robots\" content=\"index, follow, max-snippet:-1, max-image-preview:large, max-video-preview:-1\" \/>\n<link rel=\"canonical\" href=\"https:\/\/geooprema.com\/bs\/products\/gradjevinska-oprema\/geo-fennel-prijemnici-za-rotirajuce-lasere-frm-800-m-c-set\/\" \/>\n<meta property=\"og:locale\" content=\"bs_BA\" \/>\n<meta property=\"og:type\" content=\"article\" \/>\n<meta property=\"og:title\" content=\"Geo-Fennel prijemnici za rotiraju\u0107e lasere FRM 800-M \/ C set - Geooprema\" \/>\n<meta property=\"og:description\" content=\"FUNKCIJE I KARAKTERISTIKE  \u00b7 Ma\u0161inski upravlja\u010dki prijemnik FMR 800-M \/ C koji se koristi sa gra\u0111evinskim ma\u0161inama za pove\u0107anje preciznosti i pove\u0107anje produktivnosti.  \u00b7 Za konstantnu kontrolu nagiba i visine  \u00b7 Buldo\u017eer: Kontrola nagiba i visine o\u0161trice  \u00b7 Bager: Kontrola nagiba i visine ka\u0161ike  \u00b7 Veza RF veze sa udaljenim ekranom  \u00b7 Povezivost:  Magnetna veza direktno na ma\u0161inu  Stezni spoj na jarbol ma\u0161ine  Magnetna potpora (opcionalno) za upotrebu na poluzi bagera ili jarbolu buldo\u017eera  \u00b7 Daljinski ekran FRD 807 (opcionalno)  \u00b7 Povezivost:  integrisane magnetne trake;  sna\u017ena usisna plo\u010dica za vjetrobransko staklo kabine.\" \/>\n<meta property=\"og:url\" content=\"https:\/\/geooprema.com\/bs\/products\/gradjevinska-oprema\/geo-fennel-prijemnici-za-rotirajuce-lasere-frm-800-m-c-set\/\" \/>\n<meta property=\"og:site_name\" content=\"Geooprema\" \/>\n<meta property=\"article:publisher\" content=\"https:\/\/www.facebook.com\/geoinfobih\" \/>\n<meta property=\"og:image\" content=\"https:\/\/geooprema.com\/wp-content\/uploads\/2020\/10\/FMR_800-M_01_NEU_2017_RZ-1.jpg\" \/>\n\t<meta property=\"og:image:width\" content=\"800\" \/>\n\t<meta property=\"og:image:height\" content=\"800\" \/>\n\t<meta property=\"og:image:type\" content=\"image\/jpeg\" \/>\n<meta name=\"twitter:card\" content=\"summary_large_image\" \/>\n<meta name=\"twitter:label1\" content=\"Est. reading time\" \/>\n\t<meta name=\"twitter:data1\" content=\"1 minuta\" \/>\n<script type=\"application\/ld+json\" class=\"yoast-schema-graph\">{\"@context\":\"https:\/\/schema.org\",\"@graph\":[{\"@type\":\"WebPage\",\"@id\":\"https:\/\/geooprema.com\/bs\/products\/gradjevinska-oprema\/geo-fennel-prijemnici-za-rotirajuce-lasere-frm-800-m-c-set\/\",\"url\":\"https:\/\/geooprema.com\/bs\/products\/gradjevinska-oprema\/geo-fennel-prijemnici-za-rotirajuce-lasere-frm-800-m-c-set\/\",\"name\":\"Geo-Fennel prijemnici za rotiraju\u0107e lasere FRM 800-M \/ C set - Geooprema\",\"isPartOf\":{\"@id\":\"https:\/\/geooprema.com\/#website\"},\"primaryImageOfPage\":{\"@id\":\"https:\/\/geooprema.com\/bs\/products\/gradjevinska-oprema\/geo-fennel-prijemnici-za-rotirajuce-lasere-frm-800-m-c-set\/#primaryimage\"},\"image\":{\"@id\":\"https:\/\/geooprema.com\/bs\/products\/gradjevinska-oprema\/geo-fennel-prijemnici-za-rotirajuce-lasere-frm-800-m-c-set\/#primaryimage\"},\"thumbnailUrl\":\"https:\/\/geooprema.com\/wp-content\/uploads\/2020\/10\/FMR_800-M_01_NEU_2017_RZ-1.jpg\",\"datePublished\":\"2020-10-16T09:53:58+00:00\",\"breadcrumb\":{\"@id\":\"https:\/\/geooprema.com\/bs\/products\/gradjevinska-oprema\/geo-fennel-prijemnici-za-rotirajuce-lasere-frm-800-m-c-set\/#breadcrumb\"},\"inLanguage\":\"bs-BA\",\"potentialAction\":[{\"@type\":\"ReadAction\",\"target\":[\"https:\/\/geooprema.com\/bs\/products\/gradjevinska-oprema\/geo-fennel-prijemnici-za-rotirajuce-lasere-frm-800-m-c-set\/\"]}]},{\"@type\":\"ImageObject\",\"inLanguage\":\"bs-BA\",\"@id\":\"https:\/\/geooprema.com\/bs\/products\/gradjevinska-oprema\/geo-fennel-prijemnici-za-rotirajuce-lasere-frm-800-m-c-set\/#primaryimage\",\"url\":\"https:\/\/geooprema.com\/wp-content\/uploads\/2020\/10\/FMR_800-M_01_NEU_2017_RZ-1.jpg\",\"contentUrl\":\"https:\/\/geooprema.com\/wp-content\/uploads\/2020\/10\/FMR_800-M_01_NEU_2017_RZ-1.jpg\",\"width\":800,\"height\":800,\"caption\":\"Geo-Fennel Receivers for Rotating Lasers FRM 800-M\/C\"},{\"@type\":\"BreadcrumbList\",\"@id\":\"https:\/\/geooprema.com\/bs\/products\/gradjevinska-oprema\/geo-fennel-prijemnici-za-rotirajuce-lasere-frm-800-m-c-set\/#breadcrumb\",\"itemListElement\":[{\"@type\":\"ListItem\",\"position\":1,\"name\":\"Home\",\"item\":\"https:\/\/geooprema.com\/bs\/\"},{\"@type\":\"ListItem\",\"position\":2,\"name\":\"Shop\",\"item\":\"https:\/\/geooprema.com\/shop-2\/\"},{\"@type\":\"ListItem\",\"position\":3,\"name\":\"Geo-Fennel prijemnici za rotiraju\u0107e lasere FRM 800-M \/ C set\"}]},{\"@type\":\"WebSite\",\"@id\":\"https:\/\/geooprema.com\/#website\",\"url\":\"https:\/\/geooprema.com\/\",\"name\":\"Geooprema\",\"description\":\"Surveying and Construction Equipmen, Software and Accessories\",\"publisher\":{\"@id\":\"https:\/\/geooprema.com\/#organization\"},\"potentialAction\":[{\"@type\":\"SearchAction\",\"target\":{\"@type\":\"EntryPoint\",\"urlTemplate\":\"https:\/\/geooprema.com\/?s={search_term_string}\"},\"query-input\":{\"@type\":\"PropertyValueSpecification\",\"valueRequired\":true,\"valueName\":\"search_term_string\"}}],\"inLanguage\":\"bs-BA\"},{\"@type\":\"Organization\",\"@id\":\"https:\/\/geooprema.com\/#organization\",\"name\":\"Geooprema\",\"url\":\"https:\/\/geooprema.com\/\",\"logo\":{\"@type\":\"ImageObject\",\"inLanguage\":\"bs-BA\",\"@id\":\"https:\/\/geooprema.com\/#\/schema\/logo\/image\/\",\"url\":\"https:\/\/geooprema.com\/wp-content\/uploads\/2020\/08\/geooprema-logo.png\",\"contentUrl\":\"https:\/\/geooprema.com\/wp-content\/uploads\/2020\/08\/geooprema-logo.png\",\"width\":513,\"height\":161,\"caption\":\"Geooprema\"},\"image\":{\"@id\":\"https:\/\/geooprema.com\/#\/schema\/logo\/image\/\"},\"sameAs\":[\"https:\/\/www.facebook.com\/geoinfobih\",\"https:\/\/www.instagram.com\/geoinfodoo\/\",\"https:\/\/www.linkedin.com\/company\/geoinfo-doo\/\",\"https:\/\/www.youtube.com\/c\/Geoinfodoo\"]}]}<\/script>\n<!-- \/ Yoast SEO plugin. -->","yoast_head_json":{"title":"Geo-Fennel prijemnici za rotiraju\u0107e lasere FRM 800-M \/ C set - Geooprema","robots":{"index":"index","follow":"follow","max-snippet":"max-snippet:-1","max-image-preview":"max-image-preview:large","max-video-preview":"max-video-preview:-1"},"canonical":"https:\/\/geooprema.com\/bs\/products\/gradjevinska-oprema\/geo-fennel-prijemnici-za-rotirajuce-lasere-frm-800-m-c-set\/","og_locale":"bs_BA","og_type":"article","og_title":"Geo-Fennel prijemnici za rotiraju\u0107e lasere FRM 800-M \/ C set - Geooprema","og_description":"FUNKCIJE I KARAKTERISTIKE  \u00b7 Ma\u0161inski upravlja\u010dki prijemnik FMR 800-M \/ C koji se koristi sa gra\u0111evinskim ma\u0161inama za pove\u0107anje preciznosti i pove\u0107anje produktivnosti.  \u00b7 Za konstantnu kontrolu nagiba i visine  \u00b7 Buldo\u017eer: Kontrola nagiba i visine o\u0161trice  \u00b7 Bager: Kontrola nagiba i visine ka\u0161ike  \u00b7 Veza RF veze sa udaljenim ekranom  \u00b7 Povezivost:  Magnetna veza direktno na ma\u0161inu  Stezni spoj na jarbol ma\u0161ine  Magnetna potpora (opcionalno) za upotrebu na poluzi bagera ili jarbolu buldo\u017eera  \u00b7 Daljinski ekran FRD 807 (opcionalno)  \u00b7 Povezivost:  integrisane magnetne trake;  sna\u017ena usisna plo\u010dica za vjetrobransko staklo kabine.","og_url":"https:\/\/geooprema.com\/bs\/products\/gradjevinska-oprema\/geo-fennel-prijemnici-za-rotirajuce-lasere-frm-800-m-c-set\/","og_site_name":"Geooprema","article_publisher":"https:\/\/www.facebook.com\/geoinfobih","og_image":[{"width":800,"height":800,"url":"https:\/\/geooprema.com\/wp-content\/uploads\/2020\/10\/FMR_800-M_01_NEU_2017_RZ-1.jpg","type":"image\/jpeg"}],"twitter_card":"summary_large_image","twitter_misc":{"Est. reading time":"1 minuta"},"schema":{"@context":"https:\/\/schema.org","@graph":[{"@type":"WebPage","@id":"https:\/\/geooprema.com\/bs\/products\/gradjevinska-oprema\/geo-fennel-prijemnici-za-rotirajuce-lasere-frm-800-m-c-set\/","url":"https:\/\/geooprema.com\/bs\/products\/gradjevinska-oprema\/geo-fennel-prijemnici-za-rotirajuce-lasere-frm-800-m-c-set\/","name":"Geo-Fennel prijemnici za rotiraju\u0107e lasere FRM 800-M \/ C set - Geooprema","isPartOf":{"@id":"https:\/\/geooprema.com\/#website"},"primaryImageOfPage":{"@id":"https:\/\/geooprema.com\/bs\/products\/gradjevinska-oprema\/geo-fennel-prijemnici-za-rotirajuce-lasere-frm-800-m-c-set\/#primaryimage"},"image":{"@id":"https:\/\/geooprema.com\/bs\/products\/gradjevinska-oprema\/geo-fennel-prijemnici-za-rotirajuce-lasere-frm-800-m-c-set\/#primaryimage"},"thumbnailUrl":"https:\/\/geooprema.com\/wp-content\/uploads\/2020\/10\/FMR_800-M_01_NEU_2017_RZ-1.jpg","datePublished":"2020-10-16T09:53:58+00:00","breadcrumb":{"@id":"https:\/\/geooprema.com\/bs\/products\/gradjevinska-oprema\/geo-fennel-prijemnici-za-rotirajuce-lasere-frm-800-m-c-set\/#breadcrumb"},"inLanguage":"bs-BA","potentialAction":[{"@type":"ReadAction","target":["https:\/\/geooprema.com\/bs\/products\/gradjevinska-oprema\/geo-fennel-prijemnici-za-rotirajuce-lasere-frm-800-m-c-set\/"]}]},{"@type":"ImageObject","inLanguage":"bs-BA","@id":"https:\/\/geooprema.com\/bs\/products\/gradjevinska-oprema\/geo-fennel-prijemnici-za-rotirajuce-lasere-frm-800-m-c-set\/#primaryimage","url":"https:\/\/geooprema.com\/wp-content\/uploads\/2020\/10\/FMR_800-M_01_NEU_2017_RZ-1.jpg","contentUrl":"https:\/\/geooprema.com\/wp-content\/uploads\/2020\/10\/FMR_800-M_01_NEU_2017_RZ-1.jpg","width":800,"height":800,"caption":"Geo-Fennel Receivers for Rotating Lasers FRM 800-M\/C"},{"@type":"BreadcrumbList","@id":"https:\/\/geooprema.com\/bs\/products\/gradjevinska-oprema\/geo-fennel-prijemnici-za-rotirajuce-lasere-frm-800-m-c-set\/#breadcrumb","itemListElement":[{"@type":"ListItem","position":1,"name":"Home","item":"https:\/\/geooprema.com\/bs\/"},{"@type":"ListItem","position":2,"name":"Shop","item":"https:\/\/geooprema.com\/shop-2\/"},{"@type":"ListItem","position":3,"name":"Geo-Fennel prijemnici za rotiraju\u0107e lasere FRM 800-M \/ C set"}]},{"@type":"WebSite","@id":"https:\/\/geooprema.com\/#website","url":"https:\/\/geooprema.com\/","name":"Geooprema","description":"Surveying and Construction Equipmen, Software and Accessories","publisher":{"@id":"https:\/\/geooprema.com\/#organization"},"potentialAction":[{"@type":"SearchAction","target":{"@type":"EntryPoint","urlTemplate":"https:\/\/geooprema.com\/?s={search_term_string}"},"query-input":{"@type":"PropertyValueSpecification","valueRequired":true,"valueName":"search_term_string"}}],"inLanguage":"bs-BA"},{"@type":"Organization","@id":"https:\/\/geooprema.com\/#organization","name":"Geooprema","url":"https:\/\/geooprema.com\/","logo":{"@type":"ImageObject","inLanguage":"bs-BA","@id":"https:\/\/geooprema.com\/#\/schema\/logo\/image\/","url":"https:\/\/geooprema.com\/wp-content\/uploads\/2020\/08\/geooprema-logo.png","contentUrl":"https:\/\/geooprema.com\/wp-content\/uploads\/2020\/08\/geooprema-logo.png","width":513,"height":161,"caption":"Geooprema"},"image":{"@id":"https:\/\/geooprema.com\/#\/schema\/logo\/image\/"},"sameAs":["https:\/\/www.facebook.com\/geoinfobih","https:\/\/www.instagram.com\/geoinfodoo\/","https:\/\/www.linkedin.com\/company\/geoinfo-doo\/","https:\/\/www.youtube.com\/c\/Geoinfodoo"]}]}},"_links":{"self":[{"href":"https:\/\/geooprema.com\/bs\/wp-json\/wp\/v2\/product\/32436","targetHints":{"allow":["GET"]}}],"collection":[{"href":"https:\/\/geooprema.com\/bs\/wp-json\/wp\/v2\/product"}],"about":[{"href":"https:\/\/geooprema.com\/bs\/wp-json\/wp\/v2\/types\/product"}],"replies":[{"embeddable":true,"href":"https:\/\/geooprema.com\/bs\/wp-json\/wp\/v2\/comments?post=32436"}],"wp:featuredmedia":[{"embeddable":true,"href":"https:\/\/geooprema.com\/bs\/wp-json\/wp\/v2\/media\/28037"}],"wp:attachment":[{"href":"https:\/\/geooprema.com\/bs\/wp-json\/wp\/v2\/media?parent=32436"}],"wp:term":[{"taxonomy":"product_brand","embeddable":true,"href":"https:\/\/geooprema.com\/bs\/wp-json\/wp\/v2\/product_brand?post=32436"},{"taxonomy":"product_cat","embeddable":true,"href":"https:\/\/geooprema.com\/bs\/wp-json\/wp\/v2\/product_cat?post=32436"},{"taxonomy":"product_tag","embeddable":true,"href":"https:\/\/geooprema.com\/bs\/wp-json\/wp\/v2\/product_tag?post=32436"}],"curies":[{"name":"wp","href":"https:\/\/api.w.org\/{rel}","templated":true}]}}