
{"id":32434,"date":"2020-10-15T15:30:42","date_gmt":"2020-10-15T15:30:42","guid":{"rendered":"https:\/\/geooprema.com\/products\/Bez kategorije\/geo-fennel-easytrack-plus\/"},"modified":"2020-10-15T15:30:42","modified_gmt":"2020-10-15T15:30:42","slug":"geo-fennel-easytrack-plus","status":"publish","type":"product","link":"https:\/\/geooprema.com\/bs\/products\/gradjevinska-oprema\/geo-fennel-easytrack-plus\/","title":{"rendered":"Geo-Fennel EasyTRACK plus"},"content":{"rendered":"<p><strong> Ref.br .: 290900 <\/strong><\/p>\n<p><strong> DOBAVLJA SE SA: <\/strong><\/p>\n<p>EasyTRACK baza<br \/>\nEasyTRACK prijemnik<br \/>\nDaljinski upravlja\u010d EasyTRACK<br \/>\n4 x AA baterije (baza)<br \/>\n3 x AA baterije (prijemnik)<br \/>\n1 x 9V baterija (daljinski upravlja\u010d)<br \/>\nMekana torba<\/p>\n<p><strong> TEHNI\u010cKI PODACI <\/strong><\/p>\n<p>Za\u0161tita od pra\u0161ine i vode: IP 54<br \/>\nPriklju\u010dak instrumenta: 5\/8 &#8220;i 1\/4&#8221; (postolje)<br \/>\nTonovi: 3 (preklopni)<br \/>\nTa\u010dnost centriranja PRA\u0106ENJE: \u00b1 1 mm (baza)<br \/>\nRadno podru\u010dje: radijus 50 m (baza)<br \/>\nNapajanje: 3 x AA alkalna (prijemnik), 4 x AA alkalna (baza)<br \/>\nRaspon temperatura: od\u00a0 -10 \u00b0 C do + 50 \u00b0 C (baza)<br \/>\nAutomatsko isklju\u010divanje: da (prijemnik)<\/p>\n","protected":false},"excerpt":{"rendered":"<p>Karakteristike:<\/p>\n<ul>\n<li>360 \u00b0 horizontalna orijentacija u motoriziranom na\u010dinu rada.<\/li>\n<li>Automatsko poravnanje vertikalne osne linije s polo\u017eajem prijemnika na nivou (pra\u0107enje) *<\/li>\n<li>Poravnavanje okomite linije sa bilo kojim polo\u017eajem pomo\u0107u daljinskog upravlja\u010da **<\/li>\n<li>Ru\u010dni zavrtanj za poravnanje osa<\/li>\n<li>Za linijske lasere s crvenim ili zelenim snopom<\/li>\n<\/ul>\n<p>* Kompatibilno s CrossPointer5 ZELENIM, Geo6-XR ZELENIM, FL 40-PowerCross Plus \/ ZELENIM, Geo1X-360 ZELENIM, Geo6X \/ ZELENIM, FLG 64-ZELENIM, FLG 66-Xtreme, FL 70, FL 1000<br \/>\n** Kompatibilan s bilo kojim linijskim laserom (geo-FENNEL i drugih marki) osim FL 70<\/p>\n","protected":false},"featured_media":27843,"comment_status":"open","ping_status":"closed","template":"","meta":{"_acf_changed":false},"product_brand":[],"product_cat":[397],"product_tag":[],"class_list":{"0":"post-32434","1":"product","2":"type-product","3":"status-publish","4":"has-post-thumbnail","6":"product_cat-gradjevinska-oprema","8":"first","9":"onbackorder","10":"taxable","11":"shipping-taxable","12":"product-type-simple","swatches":"rey-swatches","show_selected":""},"acf":[],"yoast_head":"<!-- This site is optimized with the Yoast SEO plugin v24.9 - https:\/\/yoast.com\/wordpress\/plugins\/seo\/ -->\n<title>Geo-Fennel EasyTRACK plus - Geooprema<\/title>\n<meta name=\"robots\" content=\"index, follow, max-snippet:-1, max-image-preview:large, max-video-preview:-1\" \/>\n<link rel=\"canonical\" href=\"https:\/\/geooprema.com\/bs\/products\/gradjevinska-oprema\/geo-fennel-easytrack-plus\/\" \/>\n<meta property=\"og:locale\" content=\"bs_BA\" \/>\n<meta property=\"og:type\" content=\"article\" \/>\n<meta property=\"og:title\" content=\"Geo-Fennel EasyTRACK plus - Geooprema\" \/>\n<meta property=\"og:description\" content=\"Karakteristike:   360 \u00b0 horizontalna orijentacija u motoriziranom na\u010dinu rada.  Automatsko poravnanje vertikalne osne linije s polo\u017eajem prijemnika na nivou (pra\u0107enje) *  Poravnavanje okomite linije sa bilo kojim polo\u017eajem pomo\u0107u daljinskog upravlja\u010da **  Ru\u010dni zavrtanj za poravnanje osa  Za linijske lasere s crvenim ili zelenim snopom  * Kompatibilno s CrossPointer5 ZELENIM, Geo6-XR ZELENIM, FL 40-PowerCross Plus \/ ZELENIM, Geo1X-360 ZELENIM, Geo6X \/ ZELENIM, FLG 64-ZELENIM, FLG 66-Xtreme, FL 70, FL 1000 ** Kompatibilan s bilo kojim linijskim laserom (geo-FENNEL i drugih marki) osim FL 70\" \/>\n<meta property=\"og:url\" content=\"https:\/\/geooprema.com\/bs\/products\/gradjevinska-oprema\/geo-fennel-easytrack-plus\/\" \/>\n<meta property=\"og:site_name\" content=\"Geooprema\" \/>\n<meta property=\"article:publisher\" content=\"https:\/\/www.facebook.com\/geoinfobih\" \/>\n<meta property=\"og:image\" content=\"https:\/\/geooprema.com\/wp-content\/uploads\/2020\/10\/EasyTRACK_AW_01_web-1.jpg\" \/>\n\t<meta property=\"og:image:width\" content=\"800\" \/>\n\t<meta property=\"og:image:height\" content=\"800\" \/>\n\t<meta property=\"og:image:type\" content=\"image\/jpeg\" \/>\n<meta name=\"twitter:card\" content=\"summary_large_image\" \/>\n<script type=\"application\/ld+json\" class=\"yoast-schema-graph\">{\"@context\":\"https:\/\/schema.org\",\"@graph\":[{\"@type\":\"WebPage\",\"@id\":\"https:\/\/geooprema.com\/bs\/products\/gradjevinska-oprema\/geo-fennel-easytrack-plus\/\",\"url\":\"https:\/\/geooprema.com\/bs\/products\/gradjevinska-oprema\/geo-fennel-easytrack-plus\/\",\"name\":\"Geo-Fennel EasyTRACK plus - Geooprema\",\"isPartOf\":{\"@id\":\"https:\/\/geooprema.com\/#website\"},\"primaryImageOfPage\":{\"@id\":\"https:\/\/geooprema.com\/bs\/products\/gradjevinska-oprema\/geo-fennel-easytrack-plus\/#primaryimage\"},\"image\":{\"@id\":\"https:\/\/geooprema.com\/bs\/products\/gradjevinska-oprema\/geo-fennel-easytrack-plus\/#primaryimage\"},\"thumbnailUrl\":\"https:\/\/geooprema.com\/wp-content\/uploads\/2020\/10\/EasyTRACK_AW_01_web-1.jpg\",\"datePublished\":\"2020-10-15T15:30:42+00:00\",\"breadcrumb\":{\"@id\":\"https:\/\/geooprema.com\/bs\/products\/gradjevinska-oprema\/geo-fennel-easytrack-plus\/#breadcrumb\"},\"inLanguage\":\"bs-BA\",\"potentialAction\":[{\"@type\":\"ReadAction\",\"target\":[\"https:\/\/geooprema.com\/bs\/products\/gradjevinska-oprema\/geo-fennel-easytrack-plus\/\"]}]},{\"@type\":\"ImageObject\",\"inLanguage\":\"bs-BA\",\"@id\":\"https:\/\/geooprema.com\/bs\/products\/gradjevinska-oprema\/geo-fennel-easytrack-plus\/#primaryimage\",\"url\":\"https:\/\/geooprema.com\/wp-content\/uploads\/2020\/10\/EasyTRACK_AW_01_web-1.jpg\",\"contentUrl\":\"https:\/\/geooprema.com\/wp-content\/uploads\/2020\/10\/EasyTRACK_AW_01_web-1.jpg\",\"width\":800,\"height\":800,\"caption\":\"Geo-Fennel EasyTRACK Plus\"},{\"@type\":\"BreadcrumbList\",\"@id\":\"https:\/\/geooprema.com\/bs\/products\/gradjevinska-oprema\/geo-fennel-easytrack-plus\/#breadcrumb\",\"itemListElement\":[{\"@type\":\"ListItem\",\"position\":1,\"name\":\"Home\",\"item\":\"https:\/\/geooprema.com\/bs\/\"},{\"@type\":\"ListItem\",\"position\":2,\"name\":\"Shop\",\"item\":\"https:\/\/geooprema.com\/shop-2\/\"},{\"@type\":\"ListItem\",\"position\":3,\"name\":\"Geo-Fennel EasyTRACK plus\"}]},{\"@type\":\"WebSite\",\"@id\":\"https:\/\/geooprema.com\/#website\",\"url\":\"https:\/\/geooprema.com\/\",\"name\":\"Geooprema\",\"description\":\"Surveying and Construction Equipmen, Software and Accessories\",\"publisher\":{\"@id\":\"https:\/\/geooprema.com\/#organization\"},\"potentialAction\":[{\"@type\":\"SearchAction\",\"target\":{\"@type\":\"EntryPoint\",\"urlTemplate\":\"https:\/\/geooprema.com\/?s={search_term_string}\"},\"query-input\":{\"@type\":\"PropertyValueSpecification\",\"valueRequired\":true,\"valueName\":\"search_term_string\"}}],\"inLanguage\":\"bs-BA\"},{\"@type\":\"Organization\",\"@id\":\"https:\/\/geooprema.com\/#organization\",\"name\":\"Geooprema\",\"url\":\"https:\/\/geooprema.com\/\",\"logo\":{\"@type\":\"ImageObject\",\"inLanguage\":\"bs-BA\",\"@id\":\"https:\/\/geooprema.com\/#\/schema\/logo\/image\/\",\"url\":\"https:\/\/geooprema.com\/wp-content\/uploads\/2020\/08\/geooprema-logo.png\",\"contentUrl\":\"https:\/\/geooprema.com\/wp-content\/uploads\/2020\/08\/geooprema-logo.png\",\"width\":513,\"height\":161,\"caption\":\"Geooprema\"},\"image\":{\"@id\":\"https:\/\/geooprema.com\/#\/schema\/logo\/image\/\"},\"sameAs\":[\"https:\/\/www.facebook.com\/geoinfobih\",\"https:\/\/www.instagram.com\/geoinfodoo\/\",\"https:\/\/www.linkedin.com\/company\/geoinfo-doo\/\",\"https:\/\/www.youtube.com\/c\/Geoinfodoo\"]}]}<\/script>\n<!-- \/ Yoast SEO plugin. -->","yoast_head_json":{"title":"Geo-Fennel EasyTRACK plus - Geooprema","robots":{"index":"index","follow":"follow","max-snippet":"max-snippet:-1","max-image-preview":"max-image-preview:large","max-video-preview":"max-video-preview:-1"},"canonical":"https:\/\/geooprema.com\/bs\/products\/gradjevinska-oprema\/geo-fennel-easytrack-plus\/","og_locale":"bs_BA","og_type":"article","og_title":"Geo-Fennel EasyTRACK plus - Geooprema","og_description":"Karakteristike:   360 \u00b0 horizontalna orijentacija u motoriziranom na\u010dinu rada.  Automatsko poravnanje vertikalne osne linije s polo\u017eajem prijemnika na nivou (pra\u0107enje) *  Poravnavanje okomite linije sa bilo kojim polo\u017eajem pomo\u0107u daljinskog upravlja\u010da **  Ru\u010dni zavrtanj za poravnanje osa  Za linijske lasere s crvenim ili zelenim snopom  * Kompatibilno s CrossPointer5 ZELENIM, Geo6-XR ZELENIM, FL 40-PowerCross Plus \/ ZELENIM, Geo1X-360 ZELENIM, Geo6X \/ ZELENIM, FLG 64-ZELENIM, FLG 66-Xtreme, FL 70, FL 1000 ** Kompatibilan s bilo kojim linijskim laserom (geo-FENNEL i drugih marki) osim FL 70","og_url":"https:\/\/geooprema.com\/bs\/products\/gradjevinska-oprema\/geo-fennel-easytrack-plus\/","og_site_name":"Geooprema","article_publisher":"https:\/\/www.facebook.com\/geoinfobih","og_image":[{"width":800,"height":800,"url":"https:\/\/geooprema.com\/wp-content\/uploads\/2020\/10\/EasyTRACK_AW_01_web-1.jpg","type":"image\/jpeg"}],"twitter_card":"summary_large_image","schema":{"@context":"https:\/\/schema.org","@graph":[{"@type":"WebPage","@id":"https:\/\/geooprema.com\/bs\/products\/gradjevinska-oprema\/geo-fennel-easytrack-plus\/","url":"https:\/\/geooprema.com\/bs\/products\/gradjevinska-oprema\/geo-fennel-easytrack-plus\/","name":"Geo-Fennel EasyTRACK plus - Geooprema","isPartOf":{"@id":"https:\/\/geooprema.com\/#website"},"primaryImageOfPage":{"@id":"https:\/\/geooprema.com\/bs\/products\/gradjevinska-oprema\/geo-fennel-easytrack-plus\/#primaryimage"},"image":{"@id":"https:\/\/geooprema.com\/bs\/products\/gradjevinska-oprema\/geo-fennel-easytrack-plus\/#primaryimage"},"thumbnailUrl":"https:\/\/geooprema.com\/wp-content\/uploads\/2020\/10\/EasyTRACK_AW_01_web-1.jpg","datePublished":"2020-10-15T15:30:42+00:00","breadcrumb":{"@id":"https:\/\/geooprema.com\/bs\/products\/gradjevinska-oprema\/geo-fennel-easytrack-plus\/#breadcrumb"},"inLanguage":"bs-BA","potentialAction":[{"@type":"ReadAction","target":["https:\/\/geooprema.com\/bs\/products\/gradjevinska-oprema\/geo-fennel-easytrack-plus\/"]}]},{"@type":"ImageObject","inLanguage":"bs-BA","@id":"https:\/\/geooprema.com\/bs\/products\/gradjevinska-oprema\/geo-fennel-easytrack-plus\/#primaryimage","url":"https:\/\/geooprema.com\/wp-content\/uploads\/2020\/10\/EasyTRACK_AW_01_web-1.jpg","contentUrl":"https:\/\/geooprema.com\/wp-content\/uploads\/2020\/10\/EasyTRACK_AW_01_web-1.jpg","width":800,"height":800,"caption":"Geo-Fennel EasyTRACK Plus"},{"@type":"BreadcrumbList","@id":"https:\/\/geooprema.com\/bs\/products\/gradjevinska-oprema\/geo-fennel-easytrack-plus\/#breadcrumb","itemListElement":[{"@type":"ListItem","position":1,"name":"Home","item":"https:\/\/geooprema.com\/bs\/"},{"@type":"ListItem","position":2,"name":"Shop","item":"https:\/\/geooprema.com\/shop-2\/"},{"@type":"ListItem","position":3,"name":"Geo-Fennel EasyTRACK plus"}]},{"@type":"WebSite","@id":"https:\/\/geooprema.com\/#website","url":"https:\/\/geooprema.com\/","name":"Geooprema","description":"Surveying and Construction Equipmen, Software and Accessories","publisher":{"@id":"https:\/\/geooprema.com\/#organization"},"potentialAction":[{"@type":"SearchAction","target":{"@type":"EntryPoint","urlTemplate":"https:\/\/geooprema.com\/?s={search_term_string}"},"query-input":{"@type":"PropertyValueSpecification","valueRequired":true,"valueName":"search_term_string"}}],"inLanguage":"bs-BA"},{"@type":"Organization","@id":"https:\/\/geooprema.com\/#organization","name":"Geooprema","url":"https:\/\/geooprema.com\/","logo":{"@type":"ImageObject","inLanguage":"bs-BA","@id":"https:\/\/geooprema.com\/#\/schema\/logo\/image\/","url":"https:\/\/geooprema.com\/wp-content\/uploads\/2020\/08\/geooprema-logo.png","contentUrl":"https:\/\/geooprema.com\/wp-content\/uploads\/2020\/08\/geooprema-logo.png","width":513,"height":161,"caption":"Geooprema"},"image":{"@id":"https:\/\/geooprema.com\/#\/schema\/logo\/image\/"},"sameAs":["https:\/\/www.facebook.com\/geoinfobih","https:\/\/www.instagram.com\/geoinfodoo\/","https:\/\/www.linkedin.com\/company\/geoinfo-doo\/","https:\/\/www.youtube.com\/c\/Geoinfodoo"]}]}},"_links":{"self":[{"href":"https:\/\/geooprema.com\/bs\/wp-json\/wp\/v2\/product\/32434","targetHints":{"allow":["GET"]}}],"collection":[{"href":"https:\/\/geooprema.com\/bs\/wp-json\/wp\/v2\/product"}],"about":[{"href":"https:\/\/geooprema.com\/bs\/wp-json\/wp\/v2\/types\/product"}],"replies":[{"embeddable":true,"href":"https:\/\/geooprema.com\/bs\/wp-json\/wp\/v2\/comments?post=32434"}],"wp:featuredmedia":[{"embeddable":true,"href":"https:\/\/geooprema.com\/bs\/wp-json\/wp\/v2\/media\/27843"}],"wp:attachment":[{"href":"https:\/\/geooprema.com\/bs\/wp-json\/wp\/v2\/media?parent=32434"}],"wp:term":[{"taxonomy":"product_brand","embeddable":true,"href":"https:\/\/geooprema.com\/bs\/wp-json\/wp\/v2\/product_brand?post=32434"},{"taxonomy":"product_cat","embeddable":true,"href":"https:\/\/geooprema.com\/bs\/wp-json\/wp\/v2\/product_cat?post=32434"},{"taxonomy":"product_tag","embeddable":true,"href":"https:\/\/geooprema.com\/bs\/wp-json\/wp\/v2\/product_tag?post=32434"}],"curies":[{"name":"wp","href":"https:\/\/api.w.org\/{rel}","templated":true}]}}