
{"id":32421,"date":"2020-10-11T15:37:52","date_gmt":"2020-10-11T15:37:52","guid":{"rendered":"https:\/\/geooprema.com\/products\/Bez kategorije\/nedo-univerzalni-laser-linus1\/"},"modified":"2020-10-11T15:37:52","modified_gmt":"2020-10-11T15:37:52","slug":"nedo-univerzalni-laser-linus1","status":"publish","type":"product","link":"https:\/\/geooprema.com\/bs\/products\/geodetska-oprema\/nedo-univerzalni-laser-linus1\/","title":{"rendered":"Nedo Univerzalni laser Linus1"},"content":{"rendered":"<p> Ref. broj <\/p>\n<p> 471810 <\/p>\n<p> <strong> Ta\u010dnost nivelisanja <\/strong> <\/p>\n<p> \u00b1 1 mm \/ 10 m <\/p>\n<p> <strong> Samorazlivaju\u0107i domet <\/strong> <\/p>\n<p> \u00b1 5 \u00b0 na motorni pogon, s automatskom regulacijom nivoa vodoravne osi <\/p>\n<p> <strong> Radno podru\u010dje \u00d8 <\/strong> <\/p>\n<p> do 200 m sa prijemnikom ACCEPTOR <sup> Line <\/sup> <\/p>\n<p> Laser<\/p>\n<p> Klasa lasera 2M, 635-650 nm <\/p>\n<p> <strong> Klasa za\u0161tite <\/strong> <\/p>\n<p> IP65 <\/p>\n<p> <strong> Napajanje <\/strong> <\/p>\n<p> Punjive baterije NiMH 4,8 V, 3800 mAh <\/p>\n<p> <strong> Ugao otvora vertikalnih linija <\/strong> <\/p>\n<p> 135 \u00b0 <\/p>\n<p> <strong> Trajanje operacije <\/strong> <\/p>\n<p> cca. 30 h <\/p>\n<p> <strong> Povezuju\u0107a nit <\/strong> <\/p>\n<p> 5\/8 \u2019\u2019 <\/p>\n","protected":false},"excerpt":{"rendered":"<p> <b> Karakteristike: <\/b> <br \/>\n&#8211; Samoniveli\u0161u\u0107i i univerzalni laser za nivelisanje, poravnavanje, vodovod i ozna\u010davanje pod pravim uglom <br \/>\n&#8211; Izuzetno robustan <br \/>\n&#8211; Vodoravna laserska linija od 360 \u00b0 <br \/>\n&#8211; \u010cetiri vertikalne, pojedina\u010dno preklopive laserske linije pod uglom od 90 \u00b0, usmjerene prema dolje <br \/>\n&#8211; Vise\u0107a ta\u010dka <br \/>\n&#8211; Robusno nivelisanje na motorni pogon <br \/>\n&#8211; Raspon samonivelisanja \u00b1 5 \u00b0 <br \/>\n&#8211; Vi\u0161enamjenska noga od lijevanog aluminija s finim pode\u0161avanjem za precizno poravnanje osi <br \/>\n&#8211; \u010cvrsto ku\u0107i\u0161te za\u0161ti\u0107eno od mlaza vode pod niskim pritiskom u skladu sa IP 65 <br \/>\n&#8211; Priklju\u010dni navoj 5\/8 \u201c<br \/>\n&#8211; Laserski prijemnik ACCEPTOR <sup> Line <\/sup> sa mm ekranom i stezaljkom za \u0161ipku Heavy Duty od livenog aluminijuma <\/p>\n<p> <b> Aplikacije <\/b> <br \/>\nZahvaljuju\u0107i savr\u0161enoj funkcionalnosti i \u0161irokom spektru karakteristika, LINUS <sup> 1 <\/sup> HV idealan je za profesionalce kojima je potreban \u010dvrst i pouzdan univerzalni laser za nivelisanje, poravnavanje i ozna\u010davanje pravih uglova. <\/p>\n<p> <b> Vrtlarenje i ure\u0111enje vrta: <\/b> <br \/>\n&#8211; Asfaltiranje <br \/>\n&#8211; Granice <br \/>\n&#8211; Parkirali\u0161ta <br \/>\n&#8211; Terase i sun\u010dali\u0161ta <\/p>\n<p> <b> Obrada drveta i stolarija: <\/b> <br \/>\n&#8211; Drvene stubove <br \/>\n&#8211; Jednostruke plo\u010de <br \/>\n&#8211; Nadstre\u0161nice za automobile i kote 1: 1 <\/p>\n<p> <b> Gra\u0111evinarstvo i niskogradnja: <\/b> <br \/>\n&#8211; Ozna\u010davanje pravih uglova na terenu <br \/>\n&#8211; Temelji <br \/>\n&#8211; Oplata i zidovi <\/p>\n<p> <b> \u010celi\u010dna konstrukcija: <\/b> <br \/>\n&#8211; Stupci <br \/>\n&#8211; Temelji rukava <br \/>\n&#8211; Zavarene plo\u010de <br \/>\n&#8211; Zimski vrtovi <\/p>\n<div class = \"STYLE_12\" align = \"LEFT\"> <b> Obuhvat isporuke: <\/b> <br \/>\n&#8211; Univerzalni laser <br \/>\n&#8211; laserski prijemnik ACCEPTOR <sup> Line <\/sup> sa te\u0161kom steznom \u0161ipkom od livenog aluminijuma <br \/>\n&#8211; vi\u0161enamjensko stopalo s finim pode\u0161avanjem za precizno poravnanje osa <br \/>\n&#8211; Punjive baterije <br \/>\n&#8211; Punja\u010d <br \/>\n&#8211; Laserske nao\u010dare <br \/>\n&#8211; Ciljna plo\u010da <br \/>\n&#8211; Slu\u010daj za transport <\/div>\n<div class = \"STYLE_9\" align = \"LEFT\"> <a name=\"Marker_10_Lieferumfang\"> <\/a> <img src = \"https:\/\/www.nedo.com\/img\/trans.gif\" alt = \"\" width = \"1\" height = \"1\" border = \"0\" hspace = \"0\" vspace = \"0\" \/> <\/div>\n<div class = \"STYLE_12\" align = \"LEFT\"> Isporu\u010duje se standardno sa ACCEPTOR <sup> linijom <\/sup> <br \/>\nLaserski prijemnik sa mm prikazom, velikim detektorskim poljem i stezaljkom za \u0161ipku Heavy Duty. <\/div>\n","protected":false},"featured_media":26181,"comment_status":"open","ping_status":"closed","template":"","meta":{"_acf_changed":false},"product_brand":[],"product_cat":[341,397],"product_tag":[],"class_list":{"0":"post-32421","1":"product","2":"type-product","3":"status-publish","4":"has-post-thumbnail","6":"product_cat-geodetska-oprema","7":"product_cat-gradjevinska-oprema","9":"first","10":"onbackorder","11":"taxable","12":"shipping-taxable","13":"product-type-simple","swatches":"rey-swatches","show_selected":""},"acf":[],"yoast_head":"<!-- This site is optimized with the Yoast SEO plugin v24.9 - https:\/\/yoast.com\/wordpress\/plugins\/seo\/ -->\n<title>Nedo Univerzalni laser Linus1 - Geooprema<\/title>\n<meta name=\"robots\" content=\"index, follow, max-snippet:-1, max-image-preview:large, max-video-preview:-1\" \/>\n<link rel=\"canonical\" href=\"https:\/\/geooprema.com\/bs\/products\/geodetska-oprema\/nedo-univerzalni-laser-linus1\/\" \/>\n<meta property=\"og:locale\" content=\"bs_BA\" \/>\n<meta property=\"og:type\" content=\"article\" \/>\n<meta property=\"og:title\" content=\"Nedo Univerzalni laser Linus1 - Geooprema\" \/>\n<meta property=\"og:description\" content=\"Karakteristike:  - Samoniveli\u0161u\u0107i i univerzalni laser za nivelisanje, poravnavanje, vodovod i ozna\u010davanje pod pravim uglom  - Izuzetno robustan  - Vodoravna laserska linija od 360 \u00b0  - \u010cetiri vertikalne, pojedina\u010dno preklopive laserske linije pod uglom od 90 \u00b0, usmjerene prema dolje  - Vise\u0107a ta\u010dka  - Robusno nivelisanje na motorni pogon  - Raspon samonivelisanja \u00b1 5 \u00b0  - Vi\u0161enamjenska noga od lijevanog aluminija s finim pode\u0161avanjem za precizno poravnanje osi  - \u010cvrsto ku\u0107i\u0161te za\u0161ti\u0107eno od mlaza vode pod niskim pritiskom u skladu sa IP 65  - Priklju\u010dni navoj 5\/8 \u201c - Laserski prijemnik ACCEPTOR Line sa mm ekranom i stezaljkom za \u0161ipku Heavy Duty od livenog aluminijuma   Aplikacije  Zahvaljuju\u0107i savr\u0161enoj funkcionalnosti i \u0161irokom spektru karakteristika, LINUS 1 HV idealan je za profesionalce kojima je potreban \u010dvrst i pouzdan univerzalni laser za nivelisanje, poravnavanje i ozna\u010davanje pravih uglova.   Vrtlarenje i ure\u0111enje vrta:  - Asfaltiranje  - Granice  - Parkirali\u0161ta  - Terase i sun\u010dali\u0161ta   Obrada drveta i stolarija:  - Drvene stubove  - Jednostruke plo\u010de  - Nadstre\u0161nice za automobile i kote 1: 1   Gra\u0111evinarstvo i niskogradnja:  - Ozna\u010davanje pravih uglova na terenu  - Temelji  - Oplata i zidovi   \u010celi\u010dna konstrukcija:  - Stupci  - Temelji rukava  - Zavarene plo\u010de  - Zimski vrtovi   Obuhvat isporuke:  - Univerzalni laser  - laserski prijemnik ACCEPTOR Line sa te\u0161kom steznom \u0161ipkom od livenog aluminijuma  - vi\u0161enamjensko stopalo s finim pode\u0161avanjem za precizno poravnanje osa  - Punjive baterije  - Punja\u010d  - Laserske nao\u010dare  - Ciljna plo\u010da  - Slu\u010daj za transport     Isporu\u010duje se standardno sa ACCEPTOR linijom  Laserski prijemnik sa mm prikazom, velikim detektorskim poljem i stezaljkom za \u0161ipku Heavy Duty.\" \/>\n<meta property=\"og:url\" content=\"https:\/\/geooprema.com\/bs\/products\/geodetska-oprema\/nedo-univerzalni-laser-linus1\/\" \/>\n<meta property=\"og:site_name\" content=\"Geooprema\" \/>\n<meta property=\"article:publisher\" content=\"https:\/\/www.facebook.com\/geoinfobih\" \/>\n<meta property=\"og:image\" content=\"https:\/\/geooprema.com\/wp-content\/uploads\/2020\/10\/Laser-Linus.jpg\" \/>\n\t<meta property=\"og:image:width\" content=\"800\" \/>\n\t<meta property=\"og:image:height\" content=\"800\" \/>\n\t<meta property=\"og:image:type\" content=\"image\/jpeg\" \/>\n<meta name=\"twitter:card\" content=\"summary_large_image\" \/>\n<script type=\"application\/ld+json\" class=\"yoast-schema-graph\">{\"@context\":\"https:\/\/schema.org\",\"@graph\":[{\"@type\":\"WebPage\",\"@id\":\"https:\/\/geooprema.com\/bs\/products\/geodetska-oprema\/nedo-univerzalni-laser-linus1\/\",\"url\":\"https:\/\/geooprema.com\/bs\/products\/geodetska-oprema\/nedo-univerzalni-laser-linus1\/\",\"name\":\"Nedo Univerzalni laser Linus1 - Geooprema\",\"isPartOf\":{\"@id\":\"https:\/\/geooprema.com\/#website\"},\"primaryImageOfPage\":{\"@id\":\"https:\/\/geooprema.com\/bs\/products\/geodetska-oprema\/nedo-univerzalni-laser-linus1\/#primaryimage\"},\"image\":{\"@id\":\"https:\/\/geooprema.com\/bs\/products\/geodetska-oprema\/nedo-univerzalni-laser-linus1\/#primaryimage\"},\"thumbnailUrl\":\"https:\/\/geooprema.com\/wp-content\/uploads\/2020\/10\/Laser-Linus.jpg\",\"datePublished\":\"2020-10-11T15:37:52+00:00\",\"breadcrumb\":{\"@id\":\"https:\/\/geooprema.com\/bs\/products\/geodetska-oprema\/nedo-univerzalni-laser-linus1\/#breadcrumb\"},\"inLanguage\":\"bs-BA\",\"potentialAction\":[{\"@type\":\"ReadAction\",\"target\":[\"https:\/\/geooprema.com\/bs\/products\/geodetska-oprema\/nedo-univerzalni-laser-linus1\/\"]}]},{\"@type\":\"ImageObject\",\"inLanguage\":\"bs-BA\",\"@id\":\"https:\/\/geooprema.com\/bs\/products\/geodetska-oprema\/nedo-univerzalni-laser-linus1\/#primaryimage\",\"url\":\"https:\/\/geooprema.com\/wp-content\/uploads\/2020\/10\/Laser-Linus.jpg\",\"contentUrl\":\"https:\/\/geooprema.com\/wp-content\/uploads\/2020\/10\/Laser-Linus.jpg\",\"width\":800,\"height\":800,\"caption\":\"Nedo Universal laser Linus1\"},{\"@type\":\"BreadcrumbList\",\"@id\":\"https:\/\/geooprema.com\/bs\/products\/geodetska-oprema\/nedo-univerzalni-laser-linus1\/#breadcrumb\",\"itemListElement\":[{\"@type\":\"ListItem\",\"position\":1,\"name\":\"Home\",\"item\":\"https:\/\/geooprema.com\/bs\/\"},{\"@type\":\"ListItem\",\"position\":2,\"name\":\"Shop\",\"item\":\"https:\/\/geooprema.com\/shop-2\/\"},{\"@type\":\"ListItem\",\"position\":3,\"name\":\"Nedo Univerzalni laser Linus1\"}]},{\"@type\":\"WebSite\",\"@id\":\"https:\/\/geooprema.com\/#website\",\"url\":\"https:\/\/geooprema.com\/\",\"name\":\"Geooprema\",\"description\":\"Surveying and Construction Equipmen, Software and Accessories\",\"publisher\":{\"@id\":\"https:\/\/geooprema.com\/#organization\"},\"potentialAction\":[{\"@type\":\"SearchAction\",\"target\":{\"@type\":\"EntryPoint\",\"urlTemplate\":\"https:\/\/geooprema.com\/?s={search_term_string}\"},\"query-input\":{\"@type\":\"PropertyValueSpecification\",\"valueRequired\":true,\"valueName\":\"search_term_string\"}}],\"inLanguage\":\"bs-BA\"},{\"@type\":\"Organization\",\"@id\":\"https:\/\/geooprema.com\/#organization\",\"name\":\"Geooprema\",\"url\":\"https:\/\/geooprema.com\/\",\"logo\":{\"@type\":\"ImageObject\",\"inLanguage\":\"bs-BA\",\"@id\":\"https:\/\/geooprema.com\/#\/schema\/logo\/image\/\",\"url\":\"https:\/\/geooprema.com\/wp-content\/uploads\/2020\/08\/geooprema-logo.png\",\"contentUrl\":\"https:\/\/geooprema.com\/wp-content\/uploads\/2020\/08\/geooprema-logo.png\",\"width\":513,\"height\":161,\"caption\":\"Geooprema\"},\"image\":{\"@id\":\"https:\/\/geooprema.com\/#\/schema\/logo\/image\/\"},\"sameAs\":[\"https:\/\/www.facebook.com\/geoinfobih\",\"https:\/\/www.instagram.com\/geoinfodoo\/\",\"https:\/\/www.linkedin.com\/company\/geoinfo-doo\/\",\"https:\/\/www.youtube.com\/c\/Geoinfodoo\"]}]}<\/script>\n<!-- \/ Yoast SEO plugin. -->","yoast_head_json":{"title":"Nedo Univerzalni laser Linus1 - Geooprema","robots":{"index":"index","follow":"follow","max-snippet":"max-snippet:-1","max-image-preview":"max-image-preview:large","max-video-preview":"max-video-preview:-1"},"canonical":"https:\/\/geooprema.com\/bs\/products\/geodetska-oprema\/nedo-univerzalni-laser-linus1\/","og_locale":"bs_BA","og_type":"article","og_title":"Nedo Univerzalni laser Linus1 - Geooprema","og_description":"Karakteristike:  - Samoniveli\u0161u\u0107i i univerzalni laser za nivelisanje, poravnavanje, vodovod i ozna\u010davanje pod pravim uglom  - Izuzetno robustan  - Vodoravna laserska linija od 360 \u00b0  - \u010cetiri vertikalne, pojedina\u010dno preklopive laserske linije pod uglom od 90 \u00b0, usmjerene prema dolje  - Vise\u0107a ta\u010dka  - Robusno nivelisanje na motorni pogon  - Raspon samonivelisanja \u00b1 5 \u00b0  - Vi\u0161enamjenska noga od lijevanog aluminija s finim pode\u0161avanjem za precizno poravnanje osi  - \u010cvrsto ku\u0107i\u0161te za\u0161ti\u0107eno od mlaza vode pod niskim pritiskom u skladu sa IP 65  - Priklju\u010dni navoj 5\/8 \u201c - Laserski prijemnik ACCEPTOR Line sa mm ekranom i stezaljkom za \u0161ipku Heavy Duty od livenog aluminijuma   Aplikacije  Zahvaljuju\u0107i savr\u0161enoj funkcionalnosti i \u0161irokom spektru karakteristika, LINUS 1 HV idealan je za profesionalce kojima je potreban \u010dvrst i pouzdan univerzalni laser za nivelisanje, poravnavanje i ozna\u010davanje pravih uglova.   Vrtlarenje i ure\u0111enje vrta:  - Asfaltiranje  - Granice  - Parkirali\u0161ta  - Terase i sun\u010dali\u0161ta   Obrada drveta i stolarija:  - Drvene stubove  - Jednostruke plo\u010de  - Nadstre\u0161nice za automobile i kote 1: 1   Gra\u0111evinarstvo i niskogradnja:  - Ozna\u010davanje pravih uglova na terenu  - Temelji  - Oplata i zidovi   \u010celi\u010dna konstrukcija:  - Stupci  - Temelji rukava  - Zavarene plo\u010de  - Zimski vrtovi   Obuhvat isporuke:  - Univerzalni laser  - laserski prijemnik ACCEPTOR Line sa te\u0161kom steznom \u0161ipkom od livenog aluminijuma  - vi\u0161enamjensko stopalo s finim pode\u0161avanjem za precizno poravnanje osa  - Punjive baterije  - Punja\u010d  - Laserske nao\u010dare  - Ciljna plo\u010da  - Slu\u010daj za transport     Isporu\u010duje se standardno sa ACCEPTOR linijom  Laserski prijemnik sa mm prikazom, velikim detektorskim poljem i stezaljkom za \u0161ipku Heavy Duty.","og_url":"https:\/\/geooprema.com\/bs\/products\/geodetska-oprema\/nedo-univerzalni-laser-linus1\/","og_site_name":"Geooprema","article_publisher":"https:\/\/www.facebook.com\/geoinfobih","og_image":[{"width":800,"height":800,"url":"https:\/\/geooprema.com\/wp-content\/uploads\/2020\/10\/Laser-Linus.jpg","type":"image\/jpeg"}],"twitter_card":"summary_large_image","schema":{"@context":"https:\/\/schema.org","@graph":[{"@type":"WebPage","@id":"https:\/\/geooprema.com\/bs\/products\/geodetska-oprema\/nedo-univerzalni-laser-linus1\/","url":"https:\/\/geooprema.com\/bs\/products\/geodetska-oprema\/nedo-univerzalni-laser-linus1\/","name":"Nedo Univerzalni laser Linus1 - Geooprema","isPartOf":{"@id":"https:\/\/geooprema.com\/#website"},"primaryImageOfPage":{"@id":"https:\/\/geooprema.com\/bs\/products\/geodetska-oprema\/nedo-univerzalni-laser-linus1\/#primaryimage"},"image":{"@id":"https:\/\/geooprema.com\/bs\/products\/geodetska-oprema\/nedo-univerzalni-laser-linus1\/#primaryimage"},"thumbnailUrl":"https:\/\/geooprema.com\/wp-content\/uploads\/2020\/10\/Laser-Linus.jpg","datePublished":"2020-10-11T15:37:52+00:00","breadcrumb":{"@id":"https:\/\/geooprema.com\/bs\/products\/geodetska-oprema\/nedo-univerzalni-laser-linus1\/#breadcrumb"},"inLanguage":"bs-BA","potentialAction":[{"@type":"ReadAction","target":["https:\/\/geooprema.com\/bs\/products\/geodetska-oprema\/nedo-univerzalni-laser-linus1\/"]}]},{"@type":"ImageObject","inLanguage":"bs-BA","@id":"https:\/\/geooprema.com\/bs\/products\/geodetska-oprema\/nedo-univerzalni-laser-linus1\/#primaryimage","url":"https:\/\/geooprema.com\/wp-content\/uploads\/2020\/10\/Laser-Linus.jpg","contentUrl":"https:\/\/geooprema.com\/wp-content\/uploads\/2020\/10\/Laser-Linus.jpg","width":800,"height":800,"caption":"Nedo Universal laser Linus1"},{"@type":"BreadcrumbList","@id":"https:\/\/geooprema.com\/bs\/products\/geodetska-oprema\/nedo-univerzalni-laser-linus1\/#breadcrumb","itemListElement":[{"@type":"ListItem","position":1,"name":"Home","item":"https:\/\/geooprema.com\/bs\/"},{"@type":"ListItem","position":2,"name":"Shop","item":"https:\/\/geooprema.com\/shop-2\/"},{"@type":"ListItem","position":3,"name":"Nedo Univerzalni laser Linus1"}]},{"@type":"WebSite","@id":"https:\/\/geooprema.com\/#website","url":"https:\/\/geooprema.com\/","name":"Geooprema","description":"Surveying and Construction Equipmen, Software and Accessories","publisher":{"@id":"https:\/\/geooprema.com\/#organization"},"potentialAction":[{"@type":"SearchAction","target":{"@type":"EntryPoint","urlTemplate":"https:\/\/geooprema.com\/?s={search_term_string}"},"query-input":{"@type":"PropertyValueSpecification","valueRequired":true,"valueName":"search_term_string"}}],"inLanguage":"bs-BA"},{"@type":"Organization","@id":"https:\/\/geooprema.com\/#organization","name":"Geooprema","url":"https:\/\/geooprema.com\/","logo":{"@type":"ImageObject","inLanguage":"bs-BA","@id":"https:\/\/geooprema.com\/#\/schema\/logo\/image\/","url":"https:\/\/geooprema.com\/wp-content\/uploads\/2020\/08\/geooprema-logo.png","contentUrl":"https:\/\/geooprema.com\/wp-content\/uploads\/2020\/08\/geooprema-logo.png","width":513,"height":161,"caption":"Geooprema"},"image":{"@id":"https:\/\/geooprema.com\/#\/schema\/logo\/image\/"},"sameAs":["https:\/\/www.facebook.com\/geoinfobih","https:\/\/www.instagram.com\/geoinfodoo\/","https:\/\/www.linkedin.com\/company\/geoinfo-doo\/","https:\/\/www.youtube.com\/c\/Geoinfodoo"]}]}},"_links":{"self":[{"href":"https:\/\/geooprema.com\/bs\/wp-json\/wp\/v2\/product\/32421","targetHints":{"allow":["GET"]}}],"collection":[{"href":"https:\/\/geooprema.com\/bs\/wp-json\/wp\/v2\/product"}],"about":[{"href":"https:\/\/geooprema.com\/bs\/wp-json\/wp\/v2\/types\/product"}],"replies":[{"embeddable":true,"href":"https:\/\/geooprema.com\/bs\/wp-json\/wp\/v2\/comments?post=32421"}],"wp:featuredmedia":[{"embeddable":true,"href":"https:\/\/geooprema.com\/bs\/wp-json\/wp\/v2\/media\/26181"}],"wp:attachment":[{"href":"https:\/\/geooprema.com\/bs\/wp-json\/wp\/v2\/media?parent=32421"}],"wp:term":[{"taxonomy":"product_brand","embeddable":true,"href":"https:\/\/geooprema.com\/bs\/wp-json\/wp\/v2\/product_brand?post=32421"},{"taxonomy":"product_cat","embeddable":true,"href":"https:\/\/geooprema.com\/bs\/wp-json\/wp\/v2\/product_cat?post=32421"},{"taxonomy":"product_tag","embeddable":true,"href":"https:\/\/geooprema.com\/bs\/wp-json\/wp\/v2\/product_tag?post=32421"}],"curies":[{"name":"wp","href":"https:\/\/api.w.org\/{rel}","templated":true}]}}