
{"id":32397,"date":"2020-10-17T10:51:21","date_gmt":"2020-10-17T10:51:21","guid":{"rendered":"https:\/\/geooprema.com\/products\/Bez%20kategorije\/geo-fennel-fs-30-xs-podizuci-stativ\/"},"modified":"2021-06-26T17:41:18","modified_gmt":"2021-06-26T17:41:18","slug":"geo-fennel-fs-30-xs-podizuci-stativ","status":"publish","type":"product","link":"https:\/\/geooprema.com\/bs\/products\/dodatna-oprema\/tronosci\/geo-fennel-fs-30-xs-podizuci-stativ\/","title":{"rendered":"Geo-Fennel FS 30-XS podi\u017eu\u0107i stativ"},"content":{"rendered":"<p> <strong> Ref.br .: 165 <\/strong> <\/p>\n<ul>\n<li> Stupac \/ ravna glava <\/li>\n<li> 101\u2013300 cm <\/li>\n<li> 5,7 kg <\/li>\n<li> Lagani stativ za podizanje izra\u0111en od aluminijuma za instrumente s navojem 5\/8 \u201c<\/li>\n<li> Podesivi domet sredi\u0161njeg stuba 36 cm <\/li>\n<li> Fini pogon ru\u010dice za ta\u010dno pode\u0161avanje <\/li>\n<li> Du\u017eina gornjeg stupa 43 cm <\/li>\n<li> Sistem brzih stezaljki, naramenica za no\u0161enje na ramenu <\/li>\n<li> Podupira\u010di izme\u0111u nogu stativa <\/li>\n<li> Integrisane uvla\u010dni gumeni gumeni jastu\u010di\u0107i za neklizaju\u0107u upotrebu na tvrdim povr\u0161inama <\/li>\n<li> Povu\u010dena du\u017eina 1,1 m za prakti\u010dan transport <\/li>\n<li> Ugra\u0111eni kru\u017eni mjehuri\u0107 <\/li>\n<li> <\/li>\n<\/ul>\n","protected":false},"excerpt":{"rendered":"<p>Ref.br .: 165 Stupac \/ ravna glava 101\u2013300 cm 5,7 kg Lagani stativ za podizanje izra\u0111en od aluminijuma za instrumente s navojem 5\/8 \u201c Podesivi domet sredi\u0161njeg stuba 36 cm Fini pogon ru\u010dice za ta\u010dno pode\u0161avanje Du\u017eina gornjeg stupa 43 cm Sistem brzih stezaljki, naramenica za no\u0161enje na ramenu Podupira\u010di izme\u0111u nogu stativa Integrisane uvla\u010dni [&hellip;]<\/p>\n","protected":false},"featured_media":28644,"comment_status":"open","ping_status":"closed","template":"","meta":{"_acf_changed":false},"product_brand":[],"product_cat":[336,339],"product_tag":[],"class_list":{"0":"post-32397","1":"product","2":"type-product","3":"status-publish","4":"has-post-thumbnail","6":"product_cat-dodatna-oprema","7":"product_cat-tronosci","8":"pa_brand-geofennel-bs","10":"first","11":"onbackorder","12":"taxable","13":"shipping-taxable","14":"product-type-simple","swatches":"rey-swatches","show_selected":""},"acf":[],"yoast_head":"<!-- This site is optimized with the Yoast SEO plugin v24.9 - https:\/\/yoast.com\/wordpress\/plugins\/seo\/ -->\n<title>Geo-Fennel FS 30-XS podi\u017eu\u0107i stativ - Geooprema<\/title>\n<meta name=\"robots\" content=\"index, follow, max-snippet:-1, max-image-preview:large, max-video-preview:-1\" \/>\n<link rel=\"canonical\" href=\"https:\/\/geooprema.com\/bs\/products\/dodatna-oprema\/tronosci\/geo-fennel-fs-30-xs-podizuci-stativ\/\" \/>\n<meta property=\"og:locale\" content=\"bs_BA\" \/>\n<meta property=\"og:type\" content=\"article\" \/>\n<meta property=\"og:title\" content=\"Geo-Fennel FS 30-XS podi\u017eu\u0107i stativ - Geooprema\" \/>\n<meta property=\"og:description\" content=\"Ref.br .: 165 Stupac \/ ravna glava 101\u2013300 cm 5,7 kg Lagani stativ za podizanje izra\u0111en od aluminijuma za instrumente s navojem 5\/8 \u201c Podesivi domet sredi\u0161njeg stuba 36 cm Fini pogon ru\u010dice za ta\u010dno pode\u0161avanje Du\u017eina gornjeg stupa 43 cm Sistem brzih stezaljki, naramenica za no\u0161enje na ramenu Podupira\u010di izme\u0111u nogu stativa Integrisane uvla\u010dni [&hellip;]\" \/>\n<meta property=\"og:url\" content=\"https:\/\/geooprema.com\/bs\/products\/dodatna-oprema\/tronosci\/geo-fennel-fs-30-xs-podizuci-stativ\/\" \/>\n<meta property=\"og:site_name\" content=\"Geooprema\" \/>\n<meta property=\"article:publisher\" content=\"https:\/\/www.facebook.com\/geoinfobih\" \/>\n<meta property=\"article:modified_time\" content=\"2021-06-26T17:41:18+00:00\" \/>\n<meta property=\"og:image\" content=\"https:\/\/geooprema.com\/wp-content\/uploads\/2020\/10\/FS_30XS_jpg_rgb_150-1.jpg\" \/>\n\t<meta property=\"og:image:width\" content=\"800\" \/>\n\t<meta property=\"og:image:height\" content=\"800\" \/>\n\t<meta property=\"og:image:type\" content=\"image\/jpeg\" \/>\n<meta name=\"twitter:card\" content=\"summary_large_image\" \/>\n<script type=\"application\/ld+json\" class=\"yoast-schema-graph\">{\"@context\":\"https:\/\/schema.org\",\"@graph\":[{\"@type\":\"WebPage\",\"@id\":\"https:\/\/geooprema.com\/bs\/products\/dodatna-oprema\/tronosci\/geo-fennel-fs-30-xs-podizuci-stativ\/\",\"url\":\"https:\/\/geooprema.com\/bs\/products\/dodatna-oprema\/tronosci\/geo-fennel-fs-30-xs-podizuci-stativ\/\",\"name\":\"Geo-Fennel FS 30-XS podi\u017eu\u0107i stativ - Geooprema\",\"isPartOf\":{\"@id\":\"https:\/\/geooprema.com\/#website\"},\"primaryImageOfPage\":{\"@id\":\"https:\/\/geooprema.com\/bs\/products\/dodatna-oprema\/tronosci\/geo-fennel-fs-30-xs-podizuci-stativ\/#primaryimage\"},\"image\":{\"@id\":\"https:\/\/geooprema.com\/bs\/products\/dodatna-oprema\/tronosci\/geo-fennel-fs-30-xs-podizuci-stativ\/#primaryimage\"},\"thumbnailUrl\":\"https:\/\/geooprema.com\/wp-content\/uploads\/2020\/10\/FS_30XS_jpg_rgb_150-1.jpg\",\"datePublished\":\"2020-10-17T10:51:21+00:00\",\"dateModified\":\"2021-06-26T17:41:18+00:00\",\"breadcrumb\":{\"@id\":\"https:\/\/geooprema.com\/bs\/products\/dodatna-oprema\/tronosci\/geo-fennel-fs-30-xs-podizuci-stativ\/#breadcrumb\"},\"inLanguage\":\"bs-BA\",\"potentialAction\":[{\"@type\":\"ReadAction\",\"target\":[\"https:\/\/geooprema.com\/bs\/products\/dodatna-oprema\/tronosci\/geo-fennel-fs-30-xs-podizuci-stativ\/\"]}]},{\"@type\":\"ImageObject\",\"inLanguage\":\"bs-BA\",\"@id\":\"https:\/\/geooprema.com\/bs\/products\/dodatna-oprema\/tronosci\/geo-fennel-fs-30-xs-podizuci-stativ\/#primaryimage\",\"url\":\"https:\/\/geooprema.com\/wp-content\/uploads\/2020\/10\/FS_30XS_jpg_rgb_150-1.jpg\",\"contentUrl\":\"https:\/\/geooprema.com\/wp-content\/uploads\/2020\/10\/FS_30XS_jpg_rgb_150-1.jpg\",\"width\":800,\"height\":800,\"caption\":\"Geo-Fennel Elevating Tripod FS 30-XS\"},{\"@type\":\"BreadcrumbList\",\"@id\":\"https:\/\/geooprema.com\/bs\/products\/dodatna-oprema\/tronosci\/geo-fennel-fs-30-xs-podizuci-stativ\/#breadcrumb\",\"itemListElement\":[{\"@type\":\"ListItem\",\"position\":1,\"name\":\"Home\",\"item\":\"https:\/\/geooprema.com\/bs\/\"},{\"@type\":\"ListItem\",\"position\":2,\"name\":\"Shop\",\"item\":\"https:\/\/geooprema.com\/shop-2\/\"},{\"@type\":\"ListItem\",\"position\":3,\"name\":\"Geo-Fennel FS 30-XS podi\u017eu\u0107i stativ\"}]},{\"@type\":\"WebSite\",\"@id\":\"https:\/\/geooprema.com\/#website\",\"url\":\"https:\/\/geooprema.com\/\",\"name\":\"Geooprema\",\"description\":\"Surveying and Construction Equipmen, Software and Accessories\",\"publisher\":{\"@id\":\"https:\/\/geooprema.com\/#organization\"},\"potentialAction\":[{\"@type\":\"SearchAction\",\"target\":{\"@type\":\"EntryPoint\",\"urlTemplate\":\"https:\/\/geooprema.com\/?s={search_term_string}\"},\"query-input\":{\"@type\":\"PropertyValueSpecification\",\"valueRequired\":true,\"valueName\":\"search_term_string\"}}],\"inLanguage\":\"bs-BA\"},{\"@type\":\"Organization\",\"@id\":\"https:\/\/geooprema.com\/#organization\",\"name\":\"Geooprema\",\"url\":\"https:\/\/geooprema.com\/\",\"logo\":{\"@type\":\"ImageObject\",\"inLanguage\":\"bs-BA\",\"@id\":\"https:\/\/geooprema.com\/#\/schema\/logo\/image\/\",\"url\":\"https:\/\/geooprema.com\/wp-content\/uploads\/2020\/08\/geooprema-logo.png\",\"contentUrl\":\"https:\/\/geooprema.com\/wp-content\/uploads\/2020\/08\/geooprema-logo.png\",\"width\":513,\"height\":161,\"caption\":\"Geooprema\"},\"image\":{\"@id\":\"https:\/\/geooprema.com\/#\/schema\/logo\/image\/\"},\"sameAs\":[\"https:\/\/www.facebook.com\/geoinfobih\",\"https:\/\/www.instagram.com\/geoinfodoo\/\",\"https:\/\/www.linkedin.com\/company\/geoinfo-doo\/\",\"https:\/\/www.youtube.com\/c\/Geoinfodoo\"]}]}<\/script>\n<!-- \/ Yoast SEO plugin. -->","yoast_head_json":{"title":"Geo-Fennel FS 30-XS podi\u017eu\u0107i stativ - Geooprema","robots":{"index":"index","follow":"follow","max-snippet":"max-snippet:-1","max-image-preview":"max-image-preview:large","max-video-preview":"max-video-preview:-1"},"canonical":"https:\/\/geooprema.com\/bs\/products\/dodatna-oprema\/tronosci\/geo-fennel-fs-30-xs-podizuci-stativ\/","og_locale":"bs_BA","og_type":"article","og_title":"Geo-Fennel FS 30-XS podi\u017eu\u0107i stativ - Geooprema","og_description":"Ref.br .: 165 Stupac \/ ravna glava 101\u2013300 cm 5,7 kg Lagani stativ za podizanje izra\u0111en od aluminijuma za instrumente s navojem 5\/8 \u201c Podesivi domet sredi\u0161njeg stuba 36 cm Fini pogon ru\u010dice za ta\u010dno pode\u0161avanje Du\u017eina gornjeg stupa 43 cm Sistem brzih stezaljki, naramenica za no\u0161enje na ramenu Podupira\u010di izme\u0111u nogu stativa Integrisane uvla\u010dni [&hellip;]","og_url":"https:\/\/geooprema.com\/bs\/products\/dodatna-oprema\/tronosci\/geo-fennel-fs-30-xs-podizuci-stativ\/","og_site_name":"Geooprema","article_publisher":"https:\/\/www.facebook.com\/geoinfobih","article_modified_time":"2021-06-26T17:41:18+00:00","og_image":[{"width":800,"height":800,"url":"https:\/\/geooprema.com\/wp-content\/uploads\/2020\/10\/FS_30XS_jpg_rgb_150-1.jpg","type":"image\/jpeg"}],"twitter_card":"summary_large_image","schema":{"@context":"https:\/\/schema.org","@graph":[{"@type":"WebPage","@id":"https:\/\/geooprema.com\/bs\/products\/dodatna-oprema\/tronosci\/geo-fennel-fs-30-xs-podizuci-stativ\/","url":"https:\/\/geooprema.com\/bs\/products\/dodatna-oprema\/tronosci\/geo-fennel-fs-30-xs-podizuci-stativ\/","name":"Geo-Fennel FS 30-XS podi\u017eu\u0107i stativ - Geooprema","isPartOf":{"@id":"https:\/\/geooprema.com\/#website"},"primaryImageOfPage":{"@id":"https:\/\/geooprema.com\/bs\/products\/dodatna-oprema\/tronosci\/geo-fennel-fs-30-xs-podizuci-stativ\/#primaryimage"},"image":{"@id":"https:\/\/geooprema.com\/bs\/products\/dodatna-oprema\/tronosci\/geo-fennel-fs-30-xs-podizuci-stativ\/#primaryimage"},"thumbnailUrl":"https:\/\/geooprema.com\/wp-content\/uploads\/2020\/10\/FS_30XS_jpg_rgb_150-1.jpg","datePublished":"2020-10-17T10:51:21+00:00","dateModified":"2021-06-26T17:41:18+00:00","breadcrumb":{"@id":"https:\/\/geooprema.com\/bs\/products\/dodatna-oprema\/tronosci\/geo-fennel-fs-30-xs-podizuci-stativ\/#breadcrumb"},"inLanguage":"bs-BA","potentialAction":[{"@type":"ReadAction","target":["https:\/\/geooprema.com\/bs\/products\/dodatna-oprema\/tronosci\/geo-fennel-fs-30-xs-podizuci-stativ\/"]}]},{"@type":"ImageObject","inLanguage":"bs-BA","@id":"https:\/\/geooprema.com\/bs\/products\/dodatna-oprema\/tronosci\/geo-fennel-fs-30-xs-podizuci-stativ\/#primaryimage","url":"https:\/\/geooprema.com\/wp-content\/uploads\/2020\/10\/FS_30XS_jpg_rgb_150-1.jpg","contentUrl":"https:\/\/geooprema.com\/wp-content\/uploads\/2020\/10\/FS_30XS_jpg_rgb_150-1.jpg","width":800,"height":800,"caption":"Geo-Fennel Elevating Tripod FS 30-XS"},{"@type":"BreadcrumbList","@id":"https:\/\/geooprema.com\/bs\/products\/dodatna-oprema\/tronosci\/geo-fennel-fs-30-xs-podizuci-stativ\/#breadcrumb","itemListElement":[{"@type":"ListItem","position":1,"name":"Home","item":"https:\/\/geooprema.com\/bs\/"},{"@type":"ListItem","position":2,"name":"Shop","item":"https:\/\/geooprema.com\/shop-2\/"},{"@type":"ListItem","position":3,"name":"Geo-Fennel FS 30-XS podi\u017eu\u0107i stativ"}]},{"@type":"WebSite","@id":"https:\/\/geooprema.com\/#website","url":"https:\/\/geooprema.com\/","name":"Geooprema","description":"Surveying and Construction Equipmen, Software and Accessories","publisher":{"@id":"https:\/\/geooprema.com\/#organization"},"potentialAction":[{"@type":"SearchAction","target":{"@type":"EntryPoint","urlTemplate":"https:\/\/geooprema.com\/?s={search_term_string}"},"query-input":{"@type":"PropertyValueSpecification","valueRequired":true,"valueName":"search_term_string"}}],"inLanguage":"bs-BA"},{"@type":"Organization","@id":"https:\/\/geooprema.com\/#organization","name":"Geooprema","url":"https:\/\/geooprema.com\/","logo":{"@type":"ImageObject","inLanguage":"bs-BA","@id":"https:\/\/geooprema.com\/#\/schema\/logo\/image\/","url":"https:\/\/geooprema.com\/wp-content\/uploads\/2020\/08\/geooprema-logo.png","contentUrl":"https:\/\/geooprema.com\/wp-content\/uploads\/2020\/08\/geooprema-logo.png","width":513,"height":161,"caption":"Geooprema"},"image":{"@id":"https:\/\/geooprema.com\/#\/schema\/logo\/image\/"},"sameAs":["https:\/\/www.facebook.com\/geoinfobih","https:\/\/www.instagram.com\/geoinfodoo\/","https:\/\/www.linkedin.com\/company\/geoinfo-doo\/","https:\/\/www.youtube.com\/c\/Geoinfodoo"]}]}},"_links":{"self":[{"href":"https:\/\/geooprema.com\/bs\/wp-json\/wp\/v2\/product\/32397","targetHints":{"allow":["GET"]}}],"collection":[{"href":"https:\/\/geooprema.com\/bs\/wp-json\/wp\/v2\/product"}],"about":[{"href":"https:\/\/geooprema.com\/bs\/wp-json\/wp\/v2\/types\/product"}],"replies":[{"embeddable":true,"href":"https:\/\/geooprema.com\/bs\/wp-json\/wp\/v2\/comments?post=32397"}],"wp:featuredmedia":[{"embeddable":true,"href":"https:\/\/geooprema.com\/bs\/wp-json\/wp\/v2\/media\/28644"}],"wp:attachment":[{"href":"https:\/\/geooprema.com\/bs\/wp-json\/wp\/v2\/media?parent=32397"}],"wp:term":[{"taxonomy":"product_brand","embeddable":true,"href":"https:\/\/geooprema.com\/bs\/wp-json\/wp\/v2\/product_brand?post=32397"},{"taxonomy":"product_cat","embeddable":true,"href":"https:\/\/geooprema.com\/bs\/wp-json\/wp\/v2\/product_cat?post=32397"},{"taxonomy":"product_tag","embeddable":true,"href":"https:\/\/geooprema.com\/bs\/wp-json\/wp\/v2\/product_tag?post=32397"}],"curies":[{"name":"wp","href":"https:\/\/api.w.org\/{rel}","templated":true}]}}