
{"id":32349,"date":"2020-10-12T15:33:00","date_gmt":"2020-10-12T15:33:00","guid":{"rendered":"https:\/\/geooprema.com\/products\/Bez%20kategorije\/nedo-podizuci-stativ-srednje-nosivosti-078-m-203-m-raspon-545-mm\/"},"modified":"2021-06-26T13:21:02","modified_gmt":"2021-06-26T13:21:02","slug":"nedo-podizuci-stativ-srednje-nosivosti-078-m-203-m-raspon-545-mm","status":"publish","type":"product","link":"https:\/\/geooprema.com\/bs\/products\/dodatna-oprema\/tronosci\/nedo-podizuci-stativ-srednje-nosivosti-078-m-203-m-raspon-545-mm\/","title":{"rendered":"Nedo Podi\u017eu\u0107i stativ srednje nosivosti 0,78 m-2,03 m, raspon 545 mm"},"content":{"rendered":"<p><b>Karakteristike:<\/b> <\/p>\n<ul type = \"square\">\n<li> Indirektni zup\u010danik <\/li>\n<li> Brza stezaljka <\/li>\n<li> Za\u0161tita od proklizavanja <\/li>\n<li> Kru\u017eni balon <\/li>\n<li> Aluminijska plo\u010da stativa <\/li>\n<li> mm gradacija na teleskopskoj cijevi <\/li>\n<li> Sistem zaklju\u010davanja nogu bez kai\u0161a <\/li>\n<\/ul>\n<p> <b> Pogodno za: <\/b> <\/p>\n<ul type = \"square\">\n<li> Rotiraju\u0107i laseri <\/li>\n<\/ul>\n<div class = \"STYLE_12\" align = \"LIJEVO\">\n<table border = \"0\" cellpacing = \"0\" cellpadding = \"2\">\n<tbody>\n<tr>\n<td class = \"TabelleZeile1\" align = \"LEFT\" valign = \"TOP\" width = \"185\"> <b> Stativ Ref.br. 210 616 <\/b> <\/td>\n<td class = \"TabelleZeile1\" align = \"RIGHT\" valign = \"TOP\" width = \"185\"> <\/td>\n<\/tr>\n<tr>\n<td class = \"TabelleZeile2\" align = \"LEFT\" valign = \"TOP\" width = \"185\"> Min. efektivna visina <\/td>\n<td class = \"TabelleZeile2\" align = \"RIGHT\" valign = \"TOP\" width = \"185\"> pribli\u017eno 0,78 m <\/td>\n<\/tr>\n<tr>\n<td class = \"TabelleZeile3\" align = \"LEFT\" valign = \"TOP\" width = \"185\"> Maks. efektivna visina <\/td>\n<td class = \"TabelleZeile3\" align = \"RIGHT\" valign = \"TOP\" width = \"185\"> pribli\u017eno 2,03 m <\/td>\n<\/tr>\n<tr>\n<td class = \"TabelleZeile2\" align = \"LEFT\" valign = \"TOP\" width = \"185\"> povu\u010dena du\u017eina <\/td>\n<td class = \"TabelleZeile2\" align = \"RIGHT\" valign = \"TOP\" width = \"185\"> pribli\u017eno 1,02 m <\/td>\n<\/tr>\n<tr>\n<td class = \"TabelleZeile3\" align = \"LEFT\" valign = \"TOP\" width = \"185\"> Te\u017eina <\/td>\n<td class = \"TabelleZeile3\" align = \"RIGHT\" valign = \"TOP\" width = \"185\"> pribli\u017eno 5,10 kg <\/td>\n<\/tr>\n<tr>\n<td class = \"TabelleZeile2\" align = \"LEFT\" valign = \"TOP\" width = \"185\"> Plo\u010da stativa <\/td>\n<td class = \"TabelleZeile2\" align = \"RIGHT\" valign = \"TOP\" width = \"185\"> <b> ravna <\/b>, \u00d8 110 mm <\/td>\n<\/tr>\n<tr>\n<td class = \"TabelleZeile3\" align = \"LEFT\" valign = \"TOP\" width = \"185\"> Zavrtanj za dr\u017eanje <\/td>\n<td class = \"TabelleZeile3\" align = \"RIGHT\" valign = \"TOP\" width = \"185\"> 5\/8 &#8220;nit <\/td>\n<\/tr>\n<tr>\n<td class = \"TabelleZeile2\" align = \"LEFT\" valign = \"TOP\" width = \"185\"> Teleskopski odjeljak <\/td>\n<td class = \"TabelleZeile2\" align = \"RIGHT\" valign = \"TOP\" width = \"185\"> 1-puta <\/td>\n<\/tr>\n<tr>\n<td class = \"TabelleZeile3\" align = \"LEFT\" valign = \"TOP\" width = \"185\"> Podesivi raspon stupaca <\/td>\n<td class = \"TabelleZeile3\" align = \"RIGHT\" valign = \"TOP\" width = \"185\"> 545 mm <\/td>\n<\/tr>\n<\/tbody>\n<\/table>\n<\/div>\n","protected":false},"excerpt":{"rendered":"<p>Sa Nedo podizaju\u0107im trono\u0161cima, \u010dak i rotiraju\u0107i laseri za te\u0161ke uslove rada lako se mogu postaviti na \u017eeljenu visinu zahvaljuju\u0107i integrisanom indukcijskom zup\u010daniku. Nadalje, reduktor smanjuje nehoti\u010dno spu\u0161tanje lasera kada se otvori zavrtanj za zaklju\u010davanje. Indirektni zup\u010danik je posebno su\u0161tinsko rje\u0161enje, posebno kada se koriste rotiraju\u0107i laseri za velike uslove. Dvostruki teleskopski dijelovi Nedo stativa s podiznom glavom omogu\u0107uju izuzetno \u0161irok raspon rada. Nedo stativ sa podiznom glavom mo\u017ee se koristiti za oznake od 1 metra, u stropnim radovima itd. \u0160titnik za klizanje Nedo, koji je za\u0161ti\u0107en registriranim dizajnom, garantuje apsolutnu stabilnost za sve Nedo trono\u0161ce s podiznom glavom. Svi Nedovi te\u0161ki stativi za podizanje mogu biti opremljeni kombinovanim nogama stativa kako bi se za\u0161titili osjetljivi podovi.<\/p>\n","protected":false},"featured_media":26729,"comment_status":"open","ping_status":"closed","template":"","meta":{"_acf_changed":false},"product_brand":[],"product_cat":[336,339],"product_tag":[],"class_list":{"0":"post-32349","1":"product","2":"type-product","3":"status-publish","4":"has-post-thumbnail","6":"product_cat-dodatna-oprema","7":"product_cat-tronosci","8":"pa_brand-nedo-bs","10":"first","11":"onbackorder","12":"taxable","13":"shipping-taxable","14":"product-type-simple","swatches":"rey-swatches","show_selected":""},"acf":[],"yoast_head":"<!-- This site is optimized with the Yoast SEO plugin v24.9 - https:\/\/yoast.com\/wordpress\/plugins\/seo\/ -->\n<title>Nedo Podi\u017eu\u0107i stativ srednje nosivosti 0,78 m-2,03 m, raspon 545 mm - Geooprema<\/title>\n<meta name=\"robots\" content=\"index, follow, max-snippet:-1, max-image-preview:large, max-video-preview:-1\" \/>\n<link rel=\"canonical\" href=\"https:\/\/geooprema.com\/bs\/products\/dodatna-oprema\/tronosci\/nedo-podizuci-stativ-srednje-nosivosti-078-m-203-m-raspon-545-mm\/\" \/>\n<meta property=\"og:locale\" content=\"bs_BA\" \/>\n<meta property=\"og:type\" content=\"article\" \/>\n<meta property=\"og:title\" content=\"Nedo Podi\u017eu\u0107i stativ srednje nosivosti 0,78 m-2,03 m, raspon 545 mm - Geooprema\" \/>\n<meta property=\"og:description\" content=\"Sa Nedo podizaju\u0107im trono\u0161cima, \u010dak i rotiraju\u0107i laseri za te\u0161ke uslove rada lako se mogu postaviti na \u017eeljenu visinu zahvaljuju\u0107i integrisanom indukcijskom zup\u010daniku. Nadalje, reduktor smanjuje nehoti\u010dno spu\u0161tanje lasera kada se otvori zavrtanj za zaklju\u010davanje. Indirektni zup\u010danik je posebno su\u0161tinsko rje\u0161enje, posebno kada se koriste rotiraju\u0107i laseri za velike uslove. Dvostruki teleskopski dijelovi Nedo stativa s podiznom glavom omogu\u0107uju izuzetno \u0161irok raspon rada. Nedo stativ sa podiznom glavom mo\u017ee se koristiti za oznake od 1 metra, u stropnim radovima itd. \u0160titnik za klizanje Nedo, koji je za\u0161ti\u0107en registriranim dizajnom, garantuje apsolutnu stabilnost za sve Nedo trono\u0161ce s podiznom glavom. Svi Nedovi te\u0161ki stativi za podizanje mogu biti opremljeni kombinovanim nogama stativa kako bi se za\u0161titili osjetljivi podovi.\" \/>\n<meta property=\"og:url\" content=\"https:\/\/geooprema.com\/bs\/products\/dodatna-oprema\/tronosci\/nedo-podizuci-stativ-srednje-nosivosti-078-m-203-m-raspon-545-mm\/\" \/>\n<meta property=\"og:site_name\" content=\"Geooprema\" \/>\n<meta property=\"article:publisher\" content=\"https:\/\/www.facebook.com\/geoinfobih\" \/>\n<meta property=\"article:modified_time\" content=\"2021-06-26T13:21:02+00:00\" \/>\n<meta property=\"og:image\" content=\"https:\/\/geooprema.com\/wp-content\/uploads\/2020\/10\/Nedo-Medium-Duty-Elevating-Tripods-2.jpg\" \/>\n\t<meta property=\"og:image:width\" content=\"800\" \/>\n\t<meta property=\"og:image:height\" content=\"800\" \/>\n\t<meta property=\"og:image:type\" content=\"image\/jpeg\" \/>\n<meta name=\"twitter:card\" content=\"summary_large_image\" \/>\n<script type=\"application\/ld+json\" class=\"yoast-schema-graph\">{\"@context\":\"https:\/\/schema.org\",\"@graph\":[{\"@type\":\"WebPage\",\"@id\":\"https:\/\/geooprema.com\/bs\/products\/dodatna-oprema\/tronosci\/nedo-podizuci-stativ-srednje-nosivosti-078-m-203-m-raspon-545-mm\/\",\"url\":\"https:\/\/geooprema.com\/bs\/products\/dodatna-oprema\/tronosci\/nedo-podizuci-stativ-srednje-nosivosti-078-m-203-m-raspon-545-mm\/\",\"name\":\"Nedo Podi\u017eu\u0107i stativ srednje nosivosti 0,78 m-2,03 m, raspon 545 mm - Geooprema\",\"isPartOf\":{\"@id\":\"https:\/\/geooprema.com\/#website\"},\"primaryImageOfPage\":{\"@id\":\"https:\/\/geooprema.com\/bs\/products\/dodatna-oprema\/tronosci\/nedo-podizuci-stativ-srednje-nosivosti-078-m-203-m-raspon-545-mm\/#primaryimage\"},\"image\":{\"@id\":\"https:\/\/geooprema.com\/bs\/products\/dodatna-oprema\/tronosci\/nedo-podizuci-stativ-srednje-nosivosti-078-m-203-m-raspon-545-mm\/#primaryimage\"},\"thumbnailUrl\":\"https:\/\/geooprema.com\/wp-content\/uploads\/2020\/10\/Nedo-Medium-Duty-Elevating-Tripods-2.jpg\",\"datePublished\":\"2020-10-12T15:33:00+00:00\",\"dateModified\":\"2021-06-26T13:21:02+00:00\",\"breadcrumb\":{\"@id\":\"https:\/\/geooprema.com\/bs\/products\/dodatna-oprema\/tronosci\/nedo-podizuci-stativ-srednje-nosivosti-078-m-203-m-raspon-545-mm\/#breadcrumb\"},\"inLanguage\":\"bs-BA\",\"potentialAction\":[{\"@type\":\"ReadAction\",\"target\":[\"https:\/\/geooprema.com\/bs\/products\/dodatna-oprema\/tronosci\/nedo-podizuci-stativ-srednje-nosivosti-078-m-203-m-raspon-545-mm\/\"]}]},{\"@type\":\"ImageObject\",\"inLanguage\":\"bs-BA\",\"@id\":\"https:\/\/geooprema.com\/bs\/products\/dodatna-oprema\/tronosci\/nedo-podizuci-stativ-srednje-nosivosti-078-m-203-m-raspon-545-mm\/#primaryimage\",\"url\":\"https:\/\/geooprema.com\/wp-content\/uploads\/2020\/10\/Nedo-Medium-Duty-Elevating-Tripods-2.jpg\",\"contentUrl\":\"https:\/\/geooprema.com\/wp-content\/uploads\/2020\/10\/Nedo-Medium-Duty-Elevating-Tripods-2.jpg\",\"width\":800,\"height\":800,\"caption\":\"Nedo Medium-Duty Elevating Tripods 0,78 m-2,03 m, range 545 mm\"},{\"@type\":\"BreadcrumbList\",\"@id\":\"https:\/\/geooprema.com\/bs\/products\/dodatna-oprema\/tronosci\/nedo-podizuci-stativ-srednje-nosivosti-078-m-203-m-raspon-545-mm\/#breadcrumb\",\"itemListElement\":[{\"@type\":\"ListItem\",\"position\":1,\"name\":\"Home\",\"item\":\"https:\/\/geooprema.com\/bs\/\"},{\"@type\":\"ListItem\",\"position\":2,\"name\":\"Shop\",\"item\":\"https:\/\/geooprema.com\/shop-2\/\"},{\"@type\":\"ListItem\",\"position\":3,\"name\":\"Nedo Podi\u017eu\u0107i stativ srednje nosivosti 0,78 m-2,03 m, raspon 545 mm\"}]},{\"@type\":\"WebSite\",\"@id\":\"https:\/\/geooprema.com\/#website\",\"url\":\"https:\/\/geooprema.com\/\",\"name\":\"Geooprema\",\"description\":\"Surveying and Construction Equipmen, Software and Accessories\",\"publisher\":{\"@id\":\"https:\/\/geooprema.com\/#organization\"},\"potentialAction\":[{\"@type\":\"SearchAction\",\"target\":{\"@type\":\"EntryPoint\",\"urlTemplate\":\"https:\/\/geooprema.com\/?s={search_term_string}\"},\"query-input\":{\"@type\":\"PropertyValueSpecification\",\"valueRequired\":true,\"valueName\":\"search_term_string\"}}],\"inLanguage\":\"bs-BA\"},{\"@type\":\"Organization\",\"@id\":\"https:\/\/geooprema.com\/#organization\",\"name\":\"Geooprema\",\"url\":\"https:\/\/geooprema.com\/\",\"logo\":{\"@type\":\"ImageObject\",\"inLanguage\":\"bs-BA\",\"@id\":\"https:\/\/geooprema.com\/#\/schema\/logo\/image\/\",\"url\":\"https:\/\/geooprema.com\/wp-content\/uploads\/2020\/08\/geooprema-logo.png\",\"contentUrl\":\"https:\/\/geooprema.com\/wp-content\/uploads\/2020\/08\/geooprema-logo.png\",\"width\":513,\"height\":161,\"caption\":\"Geooprema\"},\"image\":{\"@id\":\"https:\/\/geooprema.com\/#\/schema\/logo\/image\/\"},\"sameAs\":[\"https:\/\/www.facebook.com\/geoinfobih\",\"https:\/\/www.instagram.com\/geoinfodoo\/\",\"https:\/\/www.linkedin.com\/company\/geoinfo-doo\/\",\"https:\/\/www.youtube.com\/c\/Geoinfodoo\"]}]}<\/script>\n<!-- \/ Yoast SEO plugin. -->","yoast_head_json":{"title":"Nedo Podi\u017eu\u0107i stativ srednje nosivosti 0,78 m-2,03 m, raspon 545 mm - Geooprema","robots":{"index":"index","follow":"follow","max-snippet":"max-snippet:-1","max-image-preview":"max-image-preview:large","max-video-preview":"max-video-preview:-1"},"canonical":"https:\/\/geooprema.com\/bs\/products\/dodatna-oprema\/tronosci\/nedo-podizuci-stativ-srednje-nosivosti-078-m-203-m-raspon-545-mm\/","og_locale":"bs_BA","og_type":"article","og_title":"Nedo Podi\u017eu\u0107i stativ srednje nosivosti 0,78 m-2,03 m, raspon 545 mm - Geooprema","og_description":"Sa Nedo podizaju\u0107im trono\u0161cima, \u010dak i rotiraju\u0107i laseri za te\u0161ke uslove rada lako se mogu postaviti na \u017eeljenu visinu zahvaljuju\u0107i integrisanom indukcijskom zup\u010daniku. Nadalje, reduktor smanjuje nehoti\u010dno spu\u0161tanje lasera kada se otvori zavrtanj za zaklju\u010davanje. Indirektni zup\u010danik je posebno su\u0161tinsko rje\u0161enje, posebno kada se koriste rotiraju\u0107i laseri za velike uslove. Dvostruki teleskopski dijelovi Nedo stativa s podiznom glavom omogu\u0107uju izuzetno \u0161irok raspon rada. Nedo stativ sa podiznom glavom mo\u017ee se koristiti za oznake od 1 metra, u stropnim radovima itd. \u0160titnik za klizanje Nedo, koji je za\u0161ti\u0107en registriranim dizajnom, garantuje apsolutnu stabilnost za sve Nedo trono\u0161ce s podiznom glavom. Svi Nedovi te\u0161ki stativi za podizanje mogu biti opremljeni kombinovanim nogama stativa kako bi se za\u0161titili osjetljivi podovi.","og_url":"https:\/\/geooprema.com\/bs\/products\/dodatna-oprema\/tronosci\/nedo-podizuci-stativ-srednje-nosivosti-078-m-203-m-raspon-545-mm\/","og_site_name":"Geooprema","article_publisher":"https:\/\/www.facebook.com\/geoinfobih","article_modified_time":"2021-06-26T13:21:02+00:00","og_image":[{"width":800,"height":800,"url":"https:\/\/geooprema.com\/wp-content\/uploads\/2020\/10\/Nedo-Medium-Duty-Elevating-Tripods-2.jpg","type":"image\/jpeg"}],"twitter_card":"summary_large_image","schema":{"@context":"https:\/\/schema.org","@graph":[{"@type":"WebPage","@id":"https:\/\/geooprema.com\/bs\/products\/dodatna-oprema\/tronosci\/nedo-podizuci-stativ-srednje-nosivosti-078-m-203-m-raspon-545-mm\/","url":"https:\/\/geooprema.com\/bs\/products\/dodatna-oprema\/tronosci\/nedo-podizuci-stativ-srednje-nosivosti-078-m-203-m-raspon-545-mm\/","name":"Nedo Podi\u017eu\u0107i stativ srednje nosivosti 0,78 m-2,03 m, raspon 545 mm - Geooprema","isPartOf":{"@id":"https:\/\/geooprema.com\/#website"},"primaryImageOfPage":{"@id":"https:\/\/geooprema.com\/bs\/products\/dodatna-oprema\/tronosci\/nedo-podizuci-stativ-srednje-nosivosti-078-m-203-m-raspon-545-mm\/#primaryimage"},"image":{"@id":"https:\/\/geooprema.com\/bs\/products\/dodatna-oprema\/tronosci\/nedo-podizuci-stativ-srednje-nosivosti-078-m-203-m-raspon-545-mm\/#primaryimage"},"thumbnailUrl":"https:\/\/geooprema.com\/wp-content\/uploads\/2020\/10\/Nedo-Medium-Duty-Elevating-Tripods-2.jpg","datePublished":"2020-10-12T15:33:00+00:00","dateModified":"2021-06-26T13:21:02+00:00","breadcrumb":{"@id":"https:\/\/geooprema.com\/bs\/products\/dodatna-oprema\/tronosci\/nedo-podizuci-stativ-srednje-nosivosti-078-m-203-m-raspon-545-mm\/#breadcrumb"},"inLanguage":"bs-BA","potentialAction":[{"@type":"ReadAction","target":["https:\/\/geooprema.com\/bs\/products\/dodatna-oprema\/tronosci\/nedo-podizuci-stativ-srednje-nosivosti-078-m-203-m-raspon-545-mm\/"]}]},{"@type":"ImageObject","inLanguage":"bs-BA","@id":"https:\/\/geooprema.com\/bs\/products\/dodatna-oprema\/tronosci\/nedo-podizuci-stativ-srednje-nosivosti-078-m-203-m-raspon-545-mm\/#primaryimage","url":"https:\/\/geooprema.com\/wp-content\/uploads\/2020\/10\/Nedo-Medium-Duty-Elevating-Tripods-2.jpg","contentUrl":"https:\/\/geooprema.com\/wp-content\/uploads\/2020\/10\/Nedo-Medium-Duty-Elevating-Tripods-2.jpg","width":800,"height":800,"caption":"Nedo Medium-Duty Elevating Tripods 0,78 m-2,03 m, range 545 mm"},{"@type":"BreadcrumbList","@id":"https:\/\/geooprema.com\/bs\/products\/dodatna-oprema\/tronosci\/nedo-podizuci-stativ-srednje-nosivosti-078-m-203-m-raspon-545-mm\/#breadcrumb","itemListElement":[{"@type":"ListItem","position":1,"name":"Home","item":"https:\/\/geooprema.com\/bs\/"},{"@type":"ListItem","position":2,"name":"Shop","item":"https:\/\/geooprema.com\/shop-2\/"},{"@type":"ListItem","position":3,"name":"Nedo Podi\u017eu\u0107i stativ srednje nosivosti 0,78 m-2,03 m, raspon 545 mm"}]},{"@type":"WebSite","@id":"https:\/\/geooprema.com\/#website","url":"https:\/\/geooprema.com\/","name":"Geooprema","description":"Surveying and Construction Equipmen, Software and Accessories","publisher":{"@id":"https:\/\/geooprema.com\/#organization"},"potentialAction":[{"@type":"SearchAction","target":{"@type":"EntryPoint","urlTemplate":"https:\/\/geooprema.com\/?s={search_term_string}"},"query-input":{"@type":"PropertyValueSpecification","valueRequired":true,"valueName":"search_term_string"}}],"inLanguage":"bs-BA"},{"@type":"Organization","@id":"https:\/\/geooprema.com\/#organization","name":"Geooprema","url":"https:\/\/geooprema.com\/","logo":{"@type":"ImageObject","inLanguage":"bs-BA","@id":"https:\/\/geooprema.com\/#\/schema\/logo\/image\/","url":"https:\/\/geooprema.com\/wp-content\/uploads\/2020\/08\/geooprema-logo.png","contentUrl":"https:\/\/geooprema.com\/wp-content\/uploads\/2020\/08\/geooprema-logo.png","width":513,"height":161,"caption":"Geooprema"},"image":{"@id":"https:\/\/geooprema.com\/#\/schema\/logo\/image\/"},"sameAs":["https:\/\/www.facebook.com\/geoinfobih","https:\/\/www.instagram.com\/geoinfodoo\/","https:\/\/www.linkedin.com\/company\/geoinfo-doo\/","https:\/\/www.youtube.com\/c\/Geoinfodoo"]}]}},"_links":{"self":[{"href":"https:\/\/geooprema.com\/bs\/wp-json\/wp\/v2\/product\/32349","targetHints":{"allow":["GET"]}}],"collection":[{"href":"https:\/\/geooprema.com\/bs\/wp-json\/wp\/v2\/product"}],"about":[{"href":"https:\/\/geooprema.com\/bs\/wp-json\/wp\/v2\/types\/product"}],"replies":[{"embeddable":true,"href":"https:\/\/geooprema.com\/bs\/wp-json\/wp\/v2\/comments?post=32349"}],"wp:featuredmedia":[{"embeddable":true,"href":"https:\/\/geooprema.com\/bs\/wp-json\/wp\/v2\/media\/26729"}],"wp:attachment":[{"href":"https:\/\/geooprema.com\/bs\/wp-json\/wp\/v2\/media?parent=32349"}],"wp:term":[{"taxonomy":"product_brand","embeddable":true,"href":"https:\/\/geooprema.com\/bs\/wp-json\/wp\/v2\/product_brand?post=32349"},{"taxonomy":"product_cat","embeddable":true,"href":"https:\/\/geooprema.com\/bs\/wp-json\/wp\/v2\/product_cat?post=32349"},{"taxonomy":"product_tag","embeddable":true,"href":"https:\/\/geooprema.com\/bs\/wp-json\/wp\/v2\/product_tag?post=32349"}],"curies":[{"name":"wp","href":"https:\/\/api.w.org\/{rel}","templated":true}]}}