
{"id":32330,"date":"2020-10-30T07:36:15","date_gmt":"2020-10-30T07:36:15","guid":{"rendered":"https:\/\/geooprema.com\/products\/Bez kategorije\/grz122-reflektor-od-360-s-navojem-5-8-%e2%80%b3-na-vrhu-za-upotrebu-s-gnss-antenom\/"},"modified":"2020-10-30T07:36:15","modified_gmt":"2020-10-30T07:36:15","slug":"grz122-reflektor-od-360-s-navojem-5-8-%e2%80%b3-na-vrhu-za-upotrebu-s-gnss-antenom","status":"publish","type":"product","link":"https:\/\/geooprema.com\/bs\/products\/dodatna-oprema\/prizma-i-letve\/grz122-reflektor-od-360-s-navojem-5-8-%e2%80%b3-na-vrhu-za-upotrebu-s-gnss-antenom\/","title":{"rendered":"GRZ122, reflektor od 360 \u00b0 s navojem 5\/8 \u2033 na vrhu za upotrebu s GNSS antenom"},"content":{"rendered":"<p>GRZ122 360 \u00b0 prizma visoke preciznosti<\/p>\n<ul>\n<li>Reflektor od 360 \u00b0, \u0161vicarski stil<\/li>\n<li>Prizma visoke preciznosti 360 \u00b0 s vanjskim navojem 5\/8 \u2033 x11 na vrhu za GNSS antenu<br \/>\nGRZ122 visoka performansa omogu\u0107uje povezivanje s Leica Smart antenom.<\/li>\n<li>Ugra\u0111ena ta\u010dka omogu\u0107uje postavljanje reflektora direktno na mjernu oznaku, na visini od 78 mm.<\/li>\n<li>Ukupna ta\u010dnost 3D usmjeravanja iznosi 2,0 mmm (&lt;1\/8 \u2033).<\/li>\n<li>ATR domet od 600m.<\/li>\n<li>(Constants Geomax +23,1, Absolute -11,3)<\/li>\n<\/ul>\n","protected":false},"excerpt":{"rendered":"<p>GRZ122 360 \u00b0 prizma visoke preciznosti: Reflektor 360 \u00b0, \u0161vicarska izvedba 360 \u00b0 prizme visoke preciznosti s vanjskim navojem 5\/8 \u2033 x11 na vrhu za GNSS antenu Visoke performanse GRZ122 omogu\u0107uju povezivanje s Leica Smart antenom. Ugra\u0111ena ta\u010dka omogu\u0107uje postavljanje reflektora direktno na mjernu oznaku, na visini od 78 mm. Ukupna ta\u010dnost 3D usmjeravanja iznosi 2,0 mmm (&lt;1\/8 \u2033). ATR domet od 600m. (Konstante Geomax +23,1, Apsolutna -11,3).<\/p>\n","protected":false},"featured_media":0,"comment_status":"open","ping_status":"closed","template":"","meta":{"_acf_changed":false},"product_brand":[],"product_cat":[336,435],"product_tag":[1740,1741],"class_list":{"0":"post-32330","1":"product","2":"type-product","3":"status-publish","5":"product_cat-dodatna-oprema","6":"product_cat-prizma-i-letve","7":"product_tag-grz122-bs","8":"product_tag-reflektor-od-360-sa-navojem-5-8-na-vrhu-za-upotrebu-sa-gnss-antenom","9":"pa_brand-geomax-positioning-bs","11":"first","12":"instock","13":"taxable","14":"shipping-taxable","15":"product-type-simple","swatches":"rey-swatches","show_selected":""},"acf":[],"yoast_head":"<!-- This site is optimized with the Yoast SEO plugin v24.9 - https:\/\/yoast.com\/wordpress\/plugins\/seo\/ -->\n<title>GRZ122, reflektor od 360 \u00b0 s navojem 5\/8 \u2033 na vrhu za upotrebu s GNSS antenom - Geooprema<\/title>\n<meta name=\"description\" content=\"GRZ122, reflektor od 360 \u00b0 s navojem 5\/8 \u2033 na vrhu za upotrebu s GNSS antenom\" \/>\n<meta name=\"robots\" content=\"index, follow, max-snippet:-1, max-image-preview:large, max-video-preview:-1\" \/>\n<link rel=\"canonical\" href=\"https:\/\/geooprema.com\/bs\/products\/dodatna-oprema\/prizma-i-letve\/grz122-reflektor-od-360-s-navojem-5-8-\u2033-na-vrhu-za-upotrebu-s-gnss-antenom\/\" \/>\n<meta property=\"og:locale\" content=\"bs_BA\" \/>\n<meta property=\"og:type\" content=\"article\" \/>\n<meta property=\"og:title\" content=\"GRZ122, reflektor od 360 \u00b0 s navojem 5\/8 \u2033 na vrhu za upotrebu s GNSS antenom - Geooprema\" \/>\n<meta property=\"og:description\" content=\"GRZ122, reflektor od 360 \u00b0 s navojem 5\/8 \u2033 na vrhu za upotrebu s GNSS antenom\" \/>\n<meta property=\"og:url\" content=\"https:\/\/geooprema.com\/bs\/products\/dodatna-oprema\/prizma-i-letve\/grz122-reflektor-od-360-s-navojem-5-8-\u2033-na-vrhu-za-upotrebu-s-gnss-antenom\/\" \/>\n<meta property=\"og:site_name\" content=\"Geooprema\" \/>\n<meta property=\"article:publisher\" content=\"https:\/\/www.facebook.com\/geoinfobih\" \/>\n<meta name=\"twitter:card\" content=\"summary_large_image\" \/>\n<script type=\"application\/ld+json\" class=\"yoast-schema-graph\">{\"@context\":\"https:\/\/schema.org\",\"@graph\":[{\"@type\":\"WebPage\",\"@id\":\"https:\/\/geooprema.com\/bs\/products\/dodatna-oprema\/prizma-i-letve\/grz122-reflektor-od-360-s-navojem-5-8-%e2%80%b3-na-vrhu-za-upotrebu-s-gnss-antenom\/\",\"url\":\"https:\/\/geooprema.com\/bs\/products\/dodatna-oprema\/prizma-i-letve\/grz122-reflektor-od-360-s-navojem-5-8-%e2%80%b3-na-vrhu-za-upotrebu-s-gnss-antenom\/\",\"name\":\"GRZ122, reflektor od 360 \u00b0 s navojem 5\/8 \u2033 na vrhu za upotrebu s GNSS antenom - Geooprema\",\"isPartOf\":{\"@id\":\"https:\/\/geooprema.com\/#website\"},\"datePublished\":\"2020-10-30T07:36:15+00:00\",\"description\":\"GRZ122, reflektor od 360 \u00b0 s navojem 5\/8 \u2033 na vrhu za upotrebu s GNSS antenom\",\"breadcrumb\":{\"@id\":\"https:\/\/geooprema.com\/bs\/products\/dodatna-oprema\/prizma-i-letve\/grz122-reflektor-od-360-s-navojem-5-8-%e2%80%b3-na-vrhu-za-upotrebu-s-gnss-antenom\/#breadcrumb\"},\"inLanguage\":\"bs-BA\",\"potentialAction\":[{\"@type\":\"ReadAction\",\"target\":[\"https:\/\/geooprema.com\/bs\/products\/dodatna-oprema\/prizma-i-letve\/grz122-reflektor-od-360-s-navojem-5-8-%e2%80%b3-na-vrhu-za-upotrebu-s-gnss-antenom\/\"]}]},{\"@type\":\"BreadcrumbList\",\"@id\":\"https:\/\/geooprema.com\/bs\/products\/dodatna-oprema\/prizma-i-letve\/grz122-reflektor-od-360-s-navojem-5-8-%e2%80%b3-na-vrhu-za-upotrebu-s-gnss-antenom\/#breadcrumb\",\"itemListElement\":[{\"@type\":\"ListItem\",\"position\":1,\"name\":\"Home\",\"item\":\"https:\/\/geooprema.com\/bs\/\"},{\"@type\":\"ListItem\",\"position\":2,\"name\":\"Shop\",\"item\":\"https:\/\/geooprema.com\/shop-2\/\"},{\"@type\":\"ListItem\",\"position\":3,\"name\":\"GRZ122, reflektor od 360 \u00b0 s navojem 5\/8 \u2033 na vrhu za upotrebu s GNSS antenom\"}]},{\"@type\":\"WebSite\",\"@id\":\"https:\/\/geooprema.com\/#website\",\"url\":\"https:\/\/geooprema.com\/\",\"name\":\"Geooprema\",\"description\":\"Surveying and Construction Equipmen, Software and Accessories\",\"publisher\":{\"@id\":\"https:\/\/geooprema.com\/#organization\"},\"potentialAction\":[{\"@type\":\"SearchAction\",\"target\":{\"@type\":\"EntryPoint\",\"urlTemplate\":\"https:\/\/geooprema.com\/?s={search_term_string}\"},\"query-input\":{\"@type\":\"PropertyValueSpecification\",\"valueRequired\":true,\"valueName\":\"search_term_string\"}}],\"inLanguage\":\"bs-BA\"},{\"@type\":\"Organization\",\"@id\":\"https:\/\/geooprema.com\/#organization\",\"name\":\"Geooprema\",\"url\":\"https:\/\/geooprema.com\/\",\"logo\":{\"@type\":\"ImageObject\",\"inLanguage\":\"bs-BA\",\"@id\":\"https:\/\/geooprema.com\/#\/schema\/logo\/image\/\",\"url\":\"https:\/\/geooprema.com\/wp-content\/uploads\/2020\/08\/geooprema-logo.png\",\"contentUrl\":\"https:\/\/geooprema.com\/wp-content\/uploads\/2020\/08\/geooprema-logo.png\",\"width\":513,\"height\":161,\"caption\":\"Geooprema\"},\"image\":{\"@id\":\"https:\/\/geooprema.com\/#\/schema\/logo\/image\/\"},\"sameAs\":[\"https:\/\/www.facebook.com\/geoinfobih\",\"https:\/\/www.instagram.com\/geoinfodoo\/\",\"https:\/\/www.linkedin.com\/company\/geoinfo-doo\/\",\"https:\/\/www.youtube.com\/c\/Geoinfodoo\"]}]}<\/script>\n<!-- \/ Yoast SEO plugin. -->","yoast_head_json":{"title":"GRZ122, reflektor od 360 \u00b0 s navojem 5\/8 \u2033 na vrhu za upotrebu s GNSS antenom - Geooprema","description":"GRZ122, reflektor od 360 \u00b0 s navojem 5\/8 \u2033 na vrhu za upotrebu s GNSS antenom","robots":{"index":"index","follow":"follow","max-snippet":"max-snippet:-1","max-image-preview":"max-image-preview:large","max-video-preview":"max-video-preview:-1"},"canonical":"https:\/\/geooprema.com\/bs\/products\/dodatna-oprema\/prizma-i-letve\/grz122-reflektor-od-360-s-navojem-5-8-\u2033-na-vrhu-za-upotrebu-s-gnss-antenom\/","og_locale":"bs_BA","og_type":"article","og_title":"GRZ122, reflektor od 360 \u00b0 s navojem 5\/8 \u2033 na vrhu za upotrebu s GNSS antenom - Geooprema","og_description":"GRZ122, reflektor od 360 \u00b0 s navojem 5\/8 \u2033 na vrhu za upotrebu s GNSS antenom","og_url":"https:\/\/geooprema.com\/bs\/products\/dodatna-oprema\/prizma-i-letve\/grz122-reflektor-od-360-s-navojem-5-8-\u2033-na-vrhu-za-upotrebu-s-gnss-antenom\/","og_site_name":"Geooprema","article_publisher":"https:\/\/www.facebook.com\/geoinfobih","twitter_card":"summary_large_image","schema":{"@context":"https:\/\/schema.org","@graph":[{"@type":"WebPage","@id":"https:\/\/geooprema.com\/bs\/products\/dodatna-oprema\/prizma-i-letve\/grz122-reflektor-od-360-s-navojem-5-8-%e2%80%b3-na-vrhu-za-upotrebu-s-gnss-antenom\/","url":"https:\/\/geooprema.com\/bs\/products\/dodatna-oprema\/prizma-i-letve\/grz122-reflektor-od-360-s-navojem-5-8-%e2%80%b3-na-vrhu-za-upotrebu-s-gnss-antenom\/","name":"GRZ122, reflektor od 360 \u00b0 s navojem 5\/8 \u2033 na vrhu za upotrebu s GNSS antenom - Geooprema","isPartOf":{"@id":"https:\/\/geooprema.com\/#website"},"datePublished":"2020-10-30T07:36:15+00:00","description":"GRZ122, reflektor od 360 \u00b0 s navojem 5\/8 \u2033 na vrhu za upotrebu s GNSS antenom","breadcrumb":{"@id":"https:\/\/geooprema.com\/bs\/products\/dodatna-oprema\/prizma-i-letve\/grz122-reflektor-od-360-s-navojem-5-8-%e2%80%b3-na-vrhu-za-upotrebu-s-gnss-antenom\/#breadcrumb"},"inLanguage":"bs-BA","potentialAction":[{"@type":"ReadAction","target":["https:\/\/geooprema.com\/bs\/products\/dodatna-oprema\/prizma-i-letve\/grz122-reflektor-od-360-s-navojem-5-8-%e2%80%b3-na-vrhu-za-upotrebu-s-gnss-antenom\/"]}]},{"@type":"BreadcrumbList","@id":"https:\/\/geooprema.com\/bs\/products\/dodatna-oprema\/prizma-i-letve\/grz122-reflektor-od-360-s-navojem-5-8-%e2%80%b3-na-vrhu-za-upotrebu-s-gnss-antenom\/#breadcrumb","itemListElement":[{"@type":"ListItem","position":1,"name":"Home","item":"https:\/\/geooprema.com\/bs\/"},{"@type":"ListItem","position":2,"name":"Shop","item":"https:\/\/geooprema.com\/shop-2\/"},{"@type":"ListItem","position":3,"name":"GRZ122, reflektor od 360 \u00b0 s navojem 5\/8 \u2033 na vrhu za upotrebu s GNSS antenom"}]},{"@type":"WebSite","@id":"https:\/\/geooprema.com\/#website","url":"https:\/\/geooprema.com\/","name":"Geooprema","description":"Surveying and Construction Equipmen, Software and Accessories","publisher":{"@id":"https:\/\/geooprema.com\/#organization"},"potentialAction":[{"@type":"SearchAction","target":{"@type":"EntryPoint","urlTemplate":"https:\/\/geooprema.com\/?s={search_term_string}"},"query-input":{"@type":"PropertyValueSpecification","valueRequired":true,"valueName":"search_term_string"}}],"inLanguage":"bs-BA"},{"@type":"Organization","@id":"https:\/\/geooprema.com\/#organization","name":"Geooprema","url":"https:\/\/geooprema.com\/","logo":{"@type":"ImageObject","inLanguage":"bs-BA","@id":"https:\/\/geooprema.com\/#\/schema\/logo\/image\/","url":"https:\/\/geooprema.com\/wp-content\/uploads\/2020\/08\/geooprema-logo.png","contentUrl":"https:\/\/geooprema.com\/wp-content\/uploads\/2020\/08\/geooprema-logo.png","width":513,"height":161,"caption":"Geooprema"},"image":{"@id":"https:\/\/geooprema.com\/#\/schema\/logo\/image\/"},"sameAs":["https:\/\/www.facebook.com\/geoinfobih","https:\/\/www.instagram.com\/geoinfodoo\/","https:\/\/www.linkedin.com\/company\/geoinfo-doo\/","https:\/\/www.youtube.com\/c\/Geoinfodoo"]}]}},"_links":{"self":[{"href":"https:\/\/geooprema.com\/bs\/wp-json\/wp\/v2\/product\/32330","targetHints":{"allow":["GET"]}}],"collection":[{"href":"https:\/\/geooprema.com\/bs\/wp-json\/wp\/v2\/product"}],"about":[{"href":"https:\/\/geooprema.com\/bs\/wp-json\/wp\/v2\/types\/product"}],"replies":[{"embeddable":true,"href":"https:\/\/geooprema.com\/bs\/wp-json\/wp\/v2\/comments?post=32330"}],"wp:attachment":[{"href":"https:\/\/geooprema.com\/bs\/wp-json\/wp\/v2\/media?parent=32330"}],"wp:term":[{"taxonomy":"product_brand","embeddable":true,"href":"https:\/\/geooprema.com\/bs\/wp-json\/wp\/v2\/product_brand?post=32330"},{"taxonomy":"product_cat","embeddable":true,"href":"https:\/\/geooprema.com\/bs\/wp-json\/wp\/v2\/product_cat?post=32330"},{"taxonomy":"product_tag","embeddable":true,"href":"https:\/\/geooprema.com\/bs\/wp-json\/wp\/v2\/product_tag?post=32330"}],"curies":[{"name":"wp","href":"https:\/\/api.w.org\/{rel}","templated":true}]}}