
{"id":32301,"date":"2020-10-13T14:20:12","date_gmt":"2020-10-13T14:20:12","guid":{"rendered":"https:\/\/geooprema.com\/products\/Bez kategorije\/aluminijska-letva-za-prizmu-s-vijcanom-stezaljkom-2\/"},"modified":"2020-10-13T14:20:12","modified_gmt":"2020-10-13T14:20:12","slug":"aluminijska-letva-za-prizmu-s-vijcanom-stezaljkom-2","status":"publish","type":"product","link":"https:\/\/geooprema.com\/bs\/products\/dodatna-oprema\/prizma-i-letve\/aluminijska-letva-za-prizmu-s-vijcanom-stezaljkom-2\/","title":{"rendered":"Aluminijska letva za prizmu s vij\u010danom stezaljkom"},"content":{"rendered":"<p><b> Ref.-br. <\/b> 484622<\/p>\n<div class=\"STYLE_12\" align=\"LIJEVO\">\n<div class=\"STYLE_12\" align=\"LIJEVO\">\n<div class=\"STYLE_12\" align=\"LIJEVO\">\n<div class=\"STYLE_12\" align=\"LIJEVO\">\n<ul type=\"square\">\n<li>Radno podru\u010dje: 125 cm-210 cm<\/li>\n<li>Transportna du\u017eina: 117 cm<\/li>\n<li>Te\u017eina: 1,10 kg<\/li>\n<li>Plasti\u010dna ru\u010dka s integrisanom kru\u017enom libelom<\/li>\n<li>Zamjenjivi \u010deli\u010dni vrh<\/li>\n<li>S kombinovanim adapterom M8 \/ 5\/8 &#8220;<\/li>\n<li>Pogodno za TR1N prizmu<\/li>\n<\/ul>\n<\/div>\n<div class=\"STYLE_12\" align=\"LEFT\">5\/8 &#8220;-pin za <b> Zeiss Prism KTR 1 <\/b> i M8-pin za<br \/>\n<b> Zeiss prizma TR1N <\/b><\/div>\n<\/div>\n<\/div>\n<\/div>\n","protected":false},"excerpt":{"rendered":"<p>Ref.-br. 484622 Radno podru\u010dje: 125 cm-210 cm Transportna du\u017eina: 117 cm Te\u017eina: 1,10 kg Plasti\u010dna ru\u010dka s integrisanom kru\u017enom libelom Zamjenjivi \u010deli\u010dni vrh S kombinovanim adapterom M8 \/ 5\/8 &#8220; Pogodno za TR1N prizmu 5\/8 &#8220;-pin za Zeiss Prism KTR 1 i M8-pin za Zeiss prizma TR1N<\/p>\n","protected":false},"featured_media":27292,"comment_status":"open","ping_status":"closed","template":"","meta":{"_acf_changed":false},"product_brand":[],"product_cat":[336,341,435],"product_tag":[],"class_list":{"0":"post-32301","1":"product","2":"type-product","3":"status-publish","4":"has-post-thumbnail","6":"product_cat-dodatna-oprema","7":"product_cat-geodetska-oprema","8":"product_cat-prizma-i-letve","9":"pa_brand-nedo-bs","11":"first","12":"onbackorder","13":"taxable","14":"shipping-taxable","15":"product-type-simple","swatches":"rey-swatches","show_selected":""},"acf":[],"yoast_head":"<!-- This site is optimized with the Yoast SEO plugin v24.9 - https:\/\/yoast.com\/wordpress\/plugins\/seo\/ -->\n<title>Aluminijska letva za prizmu s vij\u010danom stezaljkom - Geooprema<\/title>\n<meta name=\"robots\" content=\"index, follow, max-snippet:-1, max-image-preview:large, max-video-preview:-1\" \/>\n<link rel=\"canonical\" href=\"https:\/\/geooprema.com\/bs\/products\/dodatna-oprema\/prizma-i-letve\/aluminijska-letva-za-prizmu-s-vijcanom-stezaljkom-2\/\" \/>\n<meta property=\"og:locale\" content=\"bs_BA\" \/>\n<meta property=\"og:type\" content=\"article\" \/>\n<meta property=\"og:title\" content=\"Aluminijska letva za prizmu s vij\u010danom stezaljkom - Geooprema\" \/>\n<meta property=\"og:description\" content=\"Ref.-br. 484622 Radno podru\u010dje: 125 cm-210 cm Transportna du\u017eina: 117 cm Te\u017eina: 1,10 kg Plasti\u010dna ru\u010dka s integrisanom kru\u017enom libelom Zamjenjivi \u010deli\u010dni vrh S kombinovanim adapterom M8 \/ 5\/8 &#8220; Pogodno za TR1N prizmu 5\/8 &#8220;-pin za Zeiss Prism KTR 1 i M8-pin za Zeiss prizma TR1N\" \/>\n<meta property=\"og:url\" content=\"https:\/\/geooprema.com\/bs\/products\/dodatna-oprema\/prizma-i-letve\/aluminijska-letva-za-prizmu-s-vijcanom-stezaljkom-2\/\" \/>\n<meta property=\"og:site_name\" content=\"Geooprema\" \/>\n<meta property=\"article:publisher\" content=\"https:\/\/www.facebook.com\/geoinfobih\" \/>\n<meta property=\"og:image\" content=\"https:\/\/geooprema.com\/wp-content\/uploads\/2020\/10\/NEDO_Aluminium-prism-pole-with-Screw-Clamp_1.jpg\" \/>\n\t<meta property=\"og:image:width\" content=\"800\" \/>\n\t<meta property=\"og:image:height\" content=\"800\" \/>\n\t<meta property=\"og:image:type\" content=\"image\/jpeg\" \/>\n<meta name=\"twitter:card\" content=\"summary_large_image\" \/>\n<script type=\"application\/ld+json\" class=\"yoast-schema-graph\">{\"@context\":\"https:\/\/schema.org\",\"@graph\":[{\"@type\":\"WebPage\",\"@id\":\"https:\/\/geooprema.com\/bs\/products\/dodatna-oprema\/prizma-i-letve\/aluminijska-letva-za-prizmu-s-vijcanom-stezaljkom-2\/\",\"url\":\"https:\/\/geooprema.com\/bs\/products\/dodatna-oprema\/prizma-i-letve\/aluminijska-letva-za-prizmu-s-vijcanom-stezaljkom-2\/\",\"name\":\"Aluminijska letva za prizmu s vij\u010danom stezaljkom - Geooprema\",\"isPartOf\":{\"@id\":\"https:\/\/geooprema.com\/#website\"},\"primaryImageOfPage\":{\"@id\":\"https:\/\/geooprema.com\/bs\/products\/dodatna-oprema\/prizma-i-letve\/aluminijska-letva-za-prizmu-s-vijcanom-stezaljkom-2\/#primaryimage\"},\"image\":{\"@id\":\"https:\/\/geooprema.com\/bs\/products\/dodatna-oprema\/prizma-i-letve\/aluminijska-letva-za-prizmu-s-vijcanom-stezaljkom-2\/#primaryimage\"},\"thumbnailUrl\":\"https:\/\/geooprema.com\/wp-content\/uploads\/2020\/10\/NEDO_Aluminium-prism-pole-with-Screw-Clamp_1.jpg\",\"datePublished\":\"2020-10-13T14:20:12+00:00\",\"breadcrumb\":{\"@id\":\"https:\/\/geooprema.com\/bs\/products\/dodatna-oprema\/prizma-i-letve\/aluminijska-letva-za-prizmu-s-vijcanom-stezaljkom-2\/#breadcrumb\"},\"inLanguage\":\"bs-BA\",\"potentialAction\":[{\"@type\":\"ReadAction\",\"target\":[\"https:\/\/geooprema.com\/bs\/products\/dodatna-oprema\/prizma-i-letve\/aluminijska-letva-za-prizmu-s-vijcanom-stezaljkom-2\/\"]}]},{\"@type\":\"ImageObject\",\"inLanguage\":\"bs-BA\",\"@id\":\"https:\/\/geooprema.com\/bs\/products\/dodatna-oprema\/prizma-i-letve\/aluminijska-letva-za-prizmu-s-vijcanom-stezaljkom-2\/#primaryimage\",\"url\":\"https:\/\/geooprema.com\/wp-content\/uploads\/2020\/10\/NEDO_Aluminium-prism-pole-with-Screw-Clamp_1.jpg\",\"contentUrl\":\"https:\/\/geooprema.com\/wp-content\/uploads\/2020\/10\/NEDO_Aluminium-prism-pole-with-Screw-Clamp_1.jpg\",\"width\":800,\"height\":800,\"caption\":\"Nedo Aluminium prism pole with Screw Clamp\"},{\"@type\":\"BreadcrumbList\",\"@id\":\"https:\/\/geooprema.com\/bs\/products\/dodatna-oprema\/prizma-i-letve\/aluminijska-letva-za-prizmu-s-vijcanom-stezaljkom-2\/#breadcrumb\",\"itemListElement\":[{\"@type\":\"ListItem\",\"position\":1,\"name\":\"Home\",\"item\":\"https:\/\/geooprema.com\/bs\/\"},{\"@type\":\"ListItem\",\"position\":2,\"name\":\"Shop\",\"item\":\"https:\/\/geooprema.com\/shop-2\/\"},{\"@type\":\"ListItem\",\"position\":3,\"name\":\"Aluminijska letva za prizmu s vij\u010danom stezaljkom\"}]},{\"@type\":\"WebSite\",\"@id\":\"https:\/\/geooprema.com\/#website\",\"url\":\"https:\/\/geooprema.com\/\",\"name\":\"Geooprema\",\"description\":\"Surveying and Construction Equipmen, Software and Accessories\",\"publisher\":{\"@id\":\"https:\/\/geooprema.com\/#organization\"},\"potentialAction\":[{\"@type\":\"SearchAction\",\"target\":{\"@type\":\"EntryPoint\",\"urlTemplate\":\"https:\/\/geooprema.com\/?s={search_term_string}\"},\"query-input\":{\"@type\":\"PropertyValueSpecification\",\"valueRequired\":true,\"valueName\":\"search_term_string\"}}],\"inLanguage\":\"bs-BA\"},{\"@type\":\"Organization\",\"@id\":\"https:\/\/geooprema.com\/#organization\",\"name\":\"Geooprema\",\"url\":\"https:\/\/geooprema.com\/\",\"logo\":{\"@type\":\"ImageObject\",\"inLanguage\":\"bs-BA\",\"@id\":\"https:\/\/geooprema.com\/#\/schema\/logo\/image\/\",\"url\":\"https:\/\/geooprema.com\/wp-content\/uploads\/2020\/08\/geooprema-logo.png\",\"contentUrl\":\"https:\/\/geooprema.com\/wp-content\/uploads\/2020\/08\/geooprema-logo.png\",\"width\":513,\"height\":161,\"caption\":\"Geooprema\"},\"image\":{\"@id\":\"https:\/\/geooprema.com\/#\/schema\/logo\/image\/\"},\"sameAs\":[\"https:\/\/www.facebook.com\/geoinfobih\",\"https:\/\/www.instagram.com\/geoinfodoo\/\",\"https:\/\/www.linkedin.com\/company\/geoinfo-doo\/\",\"https:\/\/www.youtube.com\/c\/Geoinfodoo\"]}]}<\/script>\n<!-- \/ Yoast SEO plugin. -->","yoast_head_json":{"title":"Aluminijska letva za prizmu s vij\u010danom stezaljkom - Geooprema","robots":{"index":"index","follow":"follow","max-snippet":"max-snippet:-1","max-image-preview":"max-image-preview:large","max-video-preview":"max-video-preview:-1"},"canonical":"https:\/\/geooprema.com\/bs\/products\/dodatna-oprema\/prizma-i-letve\/aluminijska-letva-za-prizmu-s-vijcanom-stezaljkom-2\/","og_locale":"bs_BA","og_type":"article","og_title":"Aluminijska letva za prizmu s vij\u010danom stezaljkom - Geooprema","og_description":"Ref.-br. 484622 Radno podru\u010dje: 125 cm-210 cm Transportna du\u017eina: 117 cm Te\u017eina: 1,10 kg Plasti\u010dna ru\u010dka s integrisanom kru\u017enom libelom Zamjenjivi \u010deli\u010dni vrh S kombinovanim adapterom M8 \/ 5\/8 &#8220; Pogodno za TR1N prizmu 5\/8 &#8220;-pin za Zeiss Prism KTR 1 i M8-pin za Zeiss prizma TR1N","og_url":"https:\/\/geooprema.com\/bs\/products\/dodatna-oprema\/prizma-i-letve\/aluminijska-letva-za-prizmu-s-vijcanom-stezaljkom-2\/","og_site_name":"Geooprema","article_publisher":"https:\/\/www.facebook.com\/geoinfobih","og_image":[{"width":800,"height":800,"url":"https:\/\/geooprema.com\/wp-content\/uploads\/2020\/10\/NEDO_Aluminium-prism-pole-with-Screw-Clamp_1.jpg","type":"image\/jpeg"}],"twitter_card":"summary_large_image","schema":{"@context":"https:\/\/schema.org","@graph":[{"@type":"WebPage","@id":"https:\/\/geooprema.com\/bs\/products\/dodatna-oprema\/prizma-i-letve\/aluminijska-letva-za-prizmu-s-vijcanom-stezaljkom-2\/","url":"https:\/\/geooprema.com\/bs\/products\/dodatna-oprema\/prizma-i-letve\/aluminijska-letva-za-prizmu-s-vijcanom-stezaljkom-2\/","name":"Aluminijska letva za prizmu s vij\u010danom stezaljkom - Geooprema","isPartOf":{"@id":"https:\/\/geooprema.com\/#website"},"primaryImageOfPage":{"@id":"https:\/\/geooprema.com\/bs\/products\/dodatna-oprema\/prizma-i-letve\/aluminijska-letva-za-prizmu-s-vijcanom-stezaljkom-2\/#primaryimage"},"image":{"@id":"https:\/\/geooprema.com\/bs\/products\/dodatna-oprema\/prizma-i-letve\/aluminijska-letva-za-prizmu-s-vijcanom-stezaljkom-2\/#primaryimage"},"thumbnailUrl":"https:\/\/geooprema.com\/wp-content\/uploads\/2020\/10\/NEDO_Aluminium-prism-pole-with-Screw-Clamp_1.jpg","datePublished":"2020-10-13T14:20:12+00:00","breadcrumb":{"@id":"https:\/\/geooprema.com\/bs\/products\/dodatna-oprema\/prizma-i-letve\/aluminijska-letva-za-prizmu-s-vijcanom-stezaljkom-2\/#breadcrumb"},"inLanguage":"bs-BA","potentialAction":[{"@type":"ReadAction","target":["https:\/\/geooprema.com\/bs\/products\/dodatna-oprema\/prizma-i-letve\/aluminijska-letva-za-prizmu-s-vijcanom-stezaljkom-2\/"]}]},{"@type":"ImageObject","inLanguage":"bs-BA","@id":"https:\/\/geooprema.com\/bs\/products\/dodatna-oprema\/prizma-i-letve\/aluminijska-letva-za-prizmu-s-vijcanom-stezaljkom-2\/#primaryimage","url":"https:\/\/geooprema.com\/wp-content\/uploads\/2020\/10\/NEDO_Aluminium-prism-pole-with-Screw-Clamp_1.jpg","contentUrl":"https:\/\/geooprema.com\/wp-content\/uploads\/2020\/10\/NEDO_Aluminium-prism-pole-with-Screw-Clamp_1.jpg","width":800,"height":800,"caption":"Nedo Aluminium prism pole with Screw Clamp"},{"@type":"BreadcrumbList","@id":"https:\/\/geooprema.com\/bs\/products\/dodatna-oprema\/prizma-i-letve\/aluminijska-letva-za-prizmu-s-vijcanom-stezaljkom-2\/#breadcrumb","itemListElement":[{"@type":"ListItem","position":1,"name":"Home","item":"https:\/\/geooprema.com\/bs\/"},{"@type":"ListItem","position":2,"name":"Shop","item":"https:\/\/geooprema.com\/shop-2\/"},{"@type":"ListItem","position":3,"name":"Aluminijska letva za prizmu s vij\u010danom stezaljkom"}]},{"@type":"WebSite","@id":"https:\/\/geooprema.com\/#website","url":"https:\/\/geooprema.com\/","name":"Geooprema","description":"Surveying and Construction Equipmen, Software and Accessories","publisher":{"@id":"https:\/\/geooprema.com\/#organization"},"potentialAction":[{"@type":"SearchAction","target":{"@type":"EntryPoint","urlTemplate":"https:\/\/geooprema.com\/?s={search_term_string}"},"query-input":{"@type":"PropertyValueSpecification","valueRequired":true,"valueName":"search_term_string"}}],"inLanguage":"bs-BA"},{"@type":"Organization","@id":"https:\/\/geooprema.com\/#organization","name":"Geooprema","url":"https:\/\/geooprema.com\/","logo":{"@type":"ImageObject","inLanguage":"bs-BA","@id":"https:\/\/geooprema.com\/#\/schema\/logo\/image\/","url":"https:\/\/geooprema.com\/wp-content\/uploads\/2020\/08\/geooprema-logo.png","contentUrl":"https:\/\/geooprema.com\/wp-content\/uploads\/2020\/08\/geooprema-logo.png","width":513,"height":161,"caption":"Geooprema"},"image":{"@id":"https:\/\/geooprema.com\/#\/schema\/logo\/image\/"},"sameAs":["https:\/\/www.facebook.com\/geoinfobih","https:\/\/www.instagram.com\/geoinfodoo\/","https:\/\/www.linkedin.com\/company\/geoinfo-doo\/","https:\/\/www.youtube.com\/c\/Geoinfodoo"]}]}},"_links":{"self":[{"href":"https:\/\/geooprema.com\/bs\/wp-json\/wp\/v2\/product\/32301","targetHints":{"allow":["GET"]}}],"collection":[{"href":"https:\/\/geooprema.com\/bs\/wp-json\/wp\/v2\/product"}],"about":[{"href":"https:\/\/geooprema.com\/bs\/wp-json\/wp\/v2\/types\/product"}],"replies":[{"embeddable":true,"href":"https:\/\/geooprema.com\/bs\/wp-json\/wp\/v2\/comments?post=32301"}],"wp:featuredmedia":[{"embeddable":true,"href":"https:\/\/geooprema.com\/bs\/wp-json\/wp\/v2\/media\/27292"}],"wp:attachment":[{"href":"https:\/\/geooprema.com\/bs\/wp-json\/wp\/v2\/media?parent=32301"}],"wp:term":[{"taxonomy":"product_brand","embeddable":true,"href":"https:\/\/geooprema.com\/bs\/wp-json\/wp\/v2\/product_brand?post=32301"},{"taxonomy":"product_cat","embeddable":true,"href":"https:\/\/geooprema.com\/bs\/wp-json\/wp\/v2\/product_cat?post=32301"},{"taxonomy":"product_tag","embeddable":true,"href":"https:\/\/geooprema.com\/bs\/wp-json\/wp\/v2\/product_tag?post=32301"}],"curies":[{"name":"wp","href":"https:\/\/api.w.org\/{rel}","templated":true}]}}