
{"id":32292,"date":"2020-10-30T07:03:36","date_gmt":"2020-10-30T07:03:36","guid":{"rendered":"https:\/\/geooprema.com\/products\/Bez kategorije\/zpc200-teleskopska-letva-od-karbonskih-vlakana-i-aluminija\/"},"modified":"2020-10-30T07:03:36","modified_gmt":"2020-10-30T07:03:36","slug":"zpc200-teleskopska-letva-od-karbonskih-vlakana-i-aluminija","status":"publish","type":"product","link":"https:\/\/geooprema.com\/bs\/products\/dodatna-oprema\/stapovi\/zpc200-teleskopska-letva-od-karbonskih-vlakana-i-aluminija\/","title":{"rendered":"ZPC200, teleskopska letva od karbonskih vlakana i aluminija"},"content":{"rendered":"<p>Teleskopska letva od karbonskih vlakana i aluminija sa zavrtnjem 5\/8 \u201c za GNSS. Prote\u017ee se na 2,5m.<\/p>\n","protected":false},"excerpt":{"rendered":"<p>Teleskopska letva od karbonskih vlakana i aluminija sa zavrtnjem 5\/8 \u201c za GNSS. Prote\u017ee se na 2,5m.<\/p>\n","protected":false},"featured_media":0,"comment_status":"open","ping_status":"closed","template":"","meta":{"_acf_changed":false},"product_brand":[],"product_cat":[336,1274],"product_tag":[357,1736,1737],"class_list":{"0":"post-32292","1":"product","2":"type-product","3":"status-publish","5":"product_cat-dodatna-oprema","6":"product_cat-stapovi","7":"product_tag-gps-gnss-stap-bs","8":"product_tag-teleskopska-letva","9":"product_tag-teleskopska-letva-od-karbonskih-vlakana-i-aluminijuma","10":"pa_brand-geomax-positioning-bs","12":"first","13":"instock","14":"taxable","15":"shipping-taxable","16":"product-type-simple","swatches":"rey-swatches","show_selected":""},"acf":[],"yoast_head":"<!-- This site is optimized with the Yoast SEO plugin v24.9 - https:\/\/yoast.com\/wordpress\/plugins\/seo\/ -->\n<title>ZPC200, teleskopska letva od karbonskih vlakana i aluminija - Geooprema<\/title>\n<meta name=\"description\" content=\"Uklju\u010duje: Komplet dodatne opreme s tvrdim spremnikom Punja\u010d i 2 baterije GSM antena USB kabl Kratki vodi\u010d i CD ZRA100 Gainflex UHF antena - frekvencijski obuhvat 435-470 MHz ZPC200 teleskopsk letve od karbonskih vlakana i aluminija sa zavrtnjem 5\/8 \u201c za GNSS - produ\u017eava se na 2,5 m\" \/>\n<meta name=\"robots\" content=\"index, follow, max-snippet:-1, max-image-preview:large, max-video-preview:-1\" \/>\n<link rel=\"canonical\" href=\"https:\/\/geooprema.com\/bs\/products\/dodatna-oprema\/zpc200-teleskopska-letva-od-karbonskih-vlakana-i-aluminija\/\" \/>\n<meta property=\"og:locale\" content=\"bs_BA\" \/>\n<meta property=\"og:type\" content=\"article\" \/>\n<meta property=\"og:title\" content=\"ZPC200, teleskopska letva od karbonskih vlakana i aluminija - Geooprema\" \/>\n<meta property=\"og:description\" content=\"Uklju\u010duje: Komplet dodatne opreme s tvrdim spremnikom Punja\u010d i 2 baterije GSM antena USB kabl Kratki vodi\u010d i CD ZRA100 Gainflex UHF antena - frekvencijski obuhvat 435-470 MHz ZPC200 teleskopsk letve od karbonskih vlakana i aluminija sa zavrtnjem 5\/8 \u201c za GNSS - produ\u017eava se na 2,5 m\" \/>\n<meta property=\"og:url\" content=\"https:\/\/geooprema.com\/bs\/products\/dodatna-oprema\/zpc200-teleskopska-letva-od-karbonskih-vlakana-i-aluminija\/\" \/>\n<meta property=\"og:site_name\" content=\"Geooprema\" \/>\n<meta property=\"article:publisher\" content=\"https:\/\/www.facebook.com\/geoinfobih\" \/>\n<meta name=\"twitter:card\" content=\"summary_large_image\" \/>\n<script type=\"application\/ld+json\" class=\"yoast-schema-graph\">{\"@context\":\"https:\/\/schema.org\",\"@graph\":[{\"@type\":\"WebPage\",\"@id\":\"https:\/\/geooprema.com\/bs\/products\/dodatna-oprema\/zpc200-teleskopska-letva-od-karbonskih-vlakana-i-aluminija\/\",\"url\":\"https:\/\/geooprema.com\/bs\/products\/dodatna-oprema\/zpc200-teleskopska-letva-od-karbonskih-vlakana-i-aluminija\/\",\"name\":\"ZPC200, teleskopska letva od karbonskih vlakana i aluminija - Geooprema\",\"isPartOf\":{\"@id\":\"https:\/\/geooprema.com\/#website\"},\"datePublished\":\"2020-10-30T07:03:36+00:00\",\"description\":\"Uklju\u010duje: Komplet dodatne opreme s tvrdim spremnikom Punja\u010d i 2 baterije GSM antena USB kabl Kratki vodi\u010d i CD ZRA100 Gainflex UHF antena - frekvencijski obuhvat 435-470 MHz ZPC200 teleskopsk letve od karbonskih vlakana i aluminija sa zavrtnjem 5\/8 \u201c za GNSS - produ\u017eava se na 2,5 m\",\"breadcrumb\":{\"@id\":\"https:\/\/geooprema.com\/bs\/products\/dodatna-oprema\/zpc200-teleskopska-letva-od-karbonskih-vlakana-i-aluminija\/#breadcrumb\"},\"inLanguage\":\"bs-BA\",\"potentialAction\":[{\"@type\":\"ReadAction\",\"target\":[\"https:\/\/geooprema.com\/bs\/products\/dodatna-oprema\/zpc200-teleskopska-letva-od-karbonskih-vlakana-i-aluminija\/\"]}]},{\"@type\":\"BreadcrumbList\",\"@id\":\"https:\/\/geooprema.com\/bs\/products\/dodatna-oprema\/zpc200-teleskopska-letva-od-karbonskih-vlakana-i-aluminija\/#breadcrumb\",\"itemListElement\":[{\"@type\":\"ListItem\",\"position\":1,\"name\":\"Home\",\"item\":\"https:\/\/geooprema.com\/bs\/\"},{\"@type\":\"ListItem\",\"position\":2,\"name\":\"Shop\",\"item\":\"https:\/\/geooprema.com\/shop-2\/\"},{\"@type\":\"ListItem\",\"position\":3,\"name\":\"ZPC200, teleskopska letva od karbonskih vlakana i aluminija\"}]},{\"@type\":\"WebSite\",\"@id\":\"https:\/\/geooprema.com\/#website\",\"url\":\"https:\/\/geooprema.com\/\",\"name\":\"Geooprema\",\"description\":\"Surveying and Construction Equipmen, Software and Accessories\",\"publisher\":{\"@id\":\"https:\/\/geooprema.com\/#organization\"},\"potentialAction\":[{\"@type\":\"SearchAction\",\"target\":{\"@type\":\"EntryPoint\",\"urlTemplate\":\"https:\/\/geooprema.com\/?s={search_term_string}\"},\"query-input\":{\"@type\":\"PropertyValueSpecification\",\"valueRequired\":true,\"valueName\":\"search_term_string\"}}],\"inLanguage\":\"bs-BA\"},{\"@type\":\"Organization\",\"@id\":\"https:\/\/geooprema.com\/#organization\",\"name\":\"Geooprema\",\"url\":\"https:\/\/geooprema.com\/\",\"logo\":{\"@type\":\"ImageObject\",\"inLanguage\":\"bs-BA\",\"@id\":\"https:\/\/geooprema.com\/#\/schema\/logo\/image\/\",\"url\":\"https:\/\/geooprema.com\/wp-content\/uploads\/2020\/08\/geooprema-logo.png\",\"contentUrl\":\"https:\/\/geooprema.com\/wp-content\/uploads\/2020\/08\/geooprema-logo.png\",\"width\":513,\"height\":161,\"caption\":\"Geooprema\"},\"image\":{\"@id\":\"https:\/\/geooprema.com\/#\/schema\/logo\/image\/\"},\"sameAs\":[\"https:\/\/www.facebook.com\/geoinfobih\",\"https:\/\/www.instagram.com\/geoinfodoo\/\",\"https:\/\/www.linkedin.com\/company\/geoinfo-doo\/\",\"https:\/\/www.youtube.com\/c\/Geoinfodoo\"]}]}<\/script>\n<!-- \/ Yoast SEO plugin. -->","yoast_head_json":{"title":"ZPC200, teleskopska letva od karbonskih vlakana i aluminija - Geooprema","description":"Uklju\u010duje: Komplet dodatne opreme s tvrdim spremnikom Punja\u010d i 2 baterije GSM antena USB kabl Kratki vodi\u010d i CD ZRA100 Gainflex UHF antena - frekvencijski obuhvat 435-470 MHz ZPC200 teleskopsk letve od karbonskih vlakana i aluminija sa zavrtnjem 5\/8 \u201c za GNSS - produ\u017eava se na 2,5 m","robots":{"index":"index","follow":"follow","max-snippet":"max-snippet:-1","max-image-preview":"max-image-preview:large","max-video-preview":"max-video-preview:-1"},"canonical":"https:\/\/geooprema.com\/bs\/products\/dodatna-oprema\/zpc200-teleskopska-letva-od-karbonskih-vlakana-i-aluminija\/","og_locale":"bs_BA","og_type":"article","og_title":"ZPC200, teleskopska letva od karbonskih vlakana i aluminija - Geooprema","og_description":"Uklju\u010duje: Komplet dodatne opreme s tvrdim spremnikom Punja\u010d i 2 baterije GSM antena USB kabl Kratki vodi\u010d i CD ZRA100 Gainflex UHF antena - frekvencijski obuhvat 435-470 MHz ZPC200 teleskopsk letve od karbonskih vlakana i aluminija sa zavrtnjem 5\/8 \u201c za GNSS - produ\u017eava se na 2,5 m","og_url":"https:\/\/geooprema.com\/bs\/products\/dodatna-oprema\/zpc200-teleskopska-letva-od-karbonskih-vlakana-i-aluminija\/","og_site_name":"Geooprema","article_publisher":"https:\/\/www.facebook.com\/geoinfobih","twitter_card":"summary_large_image","schema":{"@context":"https:\/\/schema.org","@graph":[{"@type":"WebPage","@id":"https:\/\/geooprema.com\/bs\/products\/dodatna-oprema\/zpc200-teleskopska-letva-od-karbonskih-vlakana-i-aluminija\/","url":"https:\/\/geooprema.com\/bs\/products\/dodatna-oprema\/zpc200-teleskopska-letva-od-karbonskih-vlakana-i-aluminija\/","name":"ZPC200, teleskopska letva od karbonskih vlakana i aluminija - Geooprema","isPartOf":{"@id":"https:\/\/geooprema.com\/#website"},"datePublished":"2020-10-30T07:03:36+00:00","description":"Uklju\u010duje: Komplet dodatne opreme s tvrdim spremnikom Punja\u010d i 2 baterije GSM antena USB kabl Kratki vodi\u010d i CD ZRA100 Gainflex UHF antena - frekvencijski obuhvat 435-470 MHz ZPC200 teleskopsk letve od karbonskih vlakana i aluminija sa zavrtnjem 5\/8 \u201c za GNSS - produ\u017eava se na 2,5 m","breadcrumb":{"@id":"https:\/\/geooprema.com\/bs\/products\/dodatna-oprema\/zpc200-teleskopska-letva-od-karbonskih-vlakana-i-aluminija\/#breadcrumb"},"inLanguage":"bs-BA","potentialAction":[{"@type":"ReadAction","target":["https:\/\/geooprema.com\/bs\/products\/dodatna-oprema\/zpc200-teleskopska-letva-od-karbonskih-vlakana-i-aluminija\/"]}]},{"@type":"BreadcrumbList","@id":"https:\/\/geooprema.com\/bs\/products\/dodatna-oprema\/zpc200-teleskopska-letva-od-karbonskih-vlakana-i-aluminija\/#breadcrumb","itemListElement":[{"@type":"ListItem","position":1,"name":"Home","item":"https:\/\/geooprema.com\/bs\/"},{"@type":"ListItem","position":2,"name":"Shop","item":"https:\/\/geooprema.com\/shop-2\/"},{"@type":"ListItem","position":3,"name":"ZPC200, teleskopska letva od karbonskih vlakana i aluminija"}]},{"@type":"WebSite","@id":"https:\/\/geooprema.com\/#website","url":"https:\/\/geooprema.com\/","name":"Geooprema","description":"Surveying and Construction Equipmen, Software and Accessories","publisher":{"@id":"https:\/\/geooprema.com\/#organization"},"potentialAction":[{"@type":"SearchAction","target":{"@type":"EntryPoint","urlTemplate":"https:\/\/geooprema.com\/?s={search_term_string}"},"query-input":{"@type":"PropertyValueSpecification","valueRequired":true,"valueName":"search_term_string"}}],"inLanguage":"bs-BA"},{"@type":"Organization","@id":"https:\/\/geooprema.com\/#organization","name":"Geooprema","url":"https:\/\/geooprema.com\/","logo":{"@type":"ImageObject","inLanguage":"bs-BA","@id":"https:\/\/geooprema.com\/#\/schema\/logo\/image\/","url":"https:\/\/geooprema.com\/wp-content\/uploads\/2020\/08\/geooprema-logo.png","contentUrl":"https:\/\/geooprema.com\/wp-content\/uploads\/2020\/08\/geooprema-logo.png","width":513,"height":161,"caption":"Geooprema"},"image":{"@id":"https:\/\/geooprema.com\/#\/schema\/logo\/image\/"},"sameAs":["https:\/\/www.facebook.com\/geoinfobih","https:\/\/www.instagram.com\/geoinfodoo\/","https:\/\/www.linkedin.com\/company\/geoinfo-doo\/","https:\/\/www.youtube.com\/c\/Geoinfodoo"]}]}},"_links":{"self":[{"href":"https:\/\/geooprema.com\/bs\/wp-json\/wp\/v2\/product\/32292","targetHints":{"allow":["GET"]}}],"collection":[{"href":"https:\/\/geooprema.com\/bs\/wp-json\/wp\/v2\/product"}],"about":[{"href":"https:\/\/geooprema.com\/bs\/wp-json\/wp\/v2\/types\/product"}],"replies":[{"embeddable":true,"href":"https:\/\/geooprema.com\/bs\/wp-json\/wp\/v2\/comments?post=32292"}],"wp:attachment":[{"href":"https:\/\/geooprema.com\/bs\/wp-json\/wp\/v2\/media?parent=32292"}],"wp:term":[{"taxonomy":"product_brand","embeddable":true,"href":"https:\/\/geooprema.com\/bs\/wp-json\/wp\/v2\/product_brand?post=32292"},{"taxonomy":"product_cat","embeddable":true,"href":"https:\/\/geooprema.com\/bs\/wp-json\/wp\/v2\/product_cat?post=32292"},{"taxonomy":"product_tag","embeddable":true,"href":"https:\/\/geooprema.com\/bs\/wp-json\/wp\/v2\/product_tag?post=32292"}],"curies":[{"name":"wp","href":"https:\/\/api.w.org\/{rel}","templated":true}]}}