
{"id":32274,"date":"2020-10-26T16:35:08","date_gmt":"2020-10-26T16:35:08","guid":{"rendered":"https:\/\/geooprema.com\/products\/Bez kategorije\/geomax-zch201-punjac-za-zba201-i-zba400-li-ion-baterije\/"},"modified":"2020-10-26T16:35:08","modified_gmt":"2020-10-26T16:35:08","slug":"geomax-zch201-punjac-za-zba201-i-zba400-li-ion-baterije","status":"publish","type":"product","link":"https:\/\/geooprema.com\/bs\/products\/dodatna-oprema\/baterije-i-punjaci\/geomax-zch201-punjac-za-zba201-i-zba400-li-ion-baterije\/","title":{"rendered":"GeoMax ZCH201 punja\u010d za ZBA201 i ZBA400 Li-Ion baterije"},"content":{"rendered":"<p> <strong> Ref.br .: 766872 <\/strong> <\/p>\n<ul>\n<li> <strong> Visoko funkcionalni <\/strong> punja\u010d <\/li>\n<li> <strong> Puni <\/strong> ZBA201 i ZBA400 Li-ion baterije <\/li>\n<li> <strong> Dobro radi <\/strong> sa Geomax Zoom30, <a href=\"https:\/\/www.tigersupplies.com\/Products\/GeoMax-Zoom-35-Pro-3-R1000__GEO6008002.aspx\" target=\"_blank\" rel=\"noopener noreferrer\"> Zoom35 <\/a>, <a href=\"https:\/\/www.tigersupplies.com\/Products\/Geomax-Zoom50-Series-Reflectorless-Total-Station__GEO6012499-.aspx\" target=\"_blank\" rel=\"noopener noreferrer\"> Zoom50 <\/a> i totalne stanice Zoom80 <\/li>\n<li> <strong> Dugotrajan <\/strong> rad <\/li>\n<\/ul>\n","protected":false},"excerpt":{"rendered":"<p>Punja\u010d ZCH201 za ZBA201 i ZBA400 Li-Ion baterije visoko je funkcionalni punja\u010d za ZBA201 i ZBA400 Li-ion baterije. Ovaj Geomaxov punja\u010d dobro funkcionira sa Geomax Zoom30, <a href=\"https:\/\/www.tigersupplies.com\/Products\/GeoMax-Zoom-35-Pro-3-R1000__GEO6008002.aspx\" target=\"_ blank\" rel=\"noopener noreferrer\"> Zoom35 <\/a>, <a href =\" https:\/\/www.tigersupplies.com\/Products\/Geomax-Zoom50-Series-Reflectorless-Total-Station__GEO6012499-.aspx \"target =\" _ blank \"rel = \"noopener noreferrer\"> Zoom50 <\/a> i totalne stanice Zoom80. Tako\u0111e, pru\u017ea dugo radno vrijeme \u0161to osigurava dugotrajan rad.<\/p>\n","protected":false},"featured_media":29521,"comment_status":"open","ping_status":"closed","template":"","meta":{"_acf_changed":false},"product_brand":[],"product_cat":[434,336],"product_tag":[],"class_list":{"0":"post-32274","1":"product","2":"type-product","3":"status-publish","4":"has-post-thumbnail","6":"product_cat-baterije-i-punjaci","7":"product_cat-dodatna-oprema","8":"pa_brand-geomax-positioning-bs","10":"first","11":"onbackorder","12":"taxable","13":"shipping-taxable","14":"product-type-simple","swatches":"rey-swatches","show_selected":""},"acf":[],"yoast_head":"<!-- This site is optimized with the Yoast SEO plugin v24.9 - https:\/\/yoast.com\/wordpress\/plugins\/seo\/ -->\n<title>GeoMax ZCH201 punja\u010d za ZBA201 i ZBA400 Li-Ion baterije - Geooprema<\/title>\n<meta name=\"robots\" content=\"index, follow, max-snippet:-1, max-image-preview:large, max-video-preview:-1\" \/>\n<link rel=\"canonical\" href=\"https:\/\/geooprema.com\/bs\/products\/dodatna-oprema\/baterije-i-punjaci\/geomax-zch201-punjac-za-zba201-i-zba400-li-ion-baterije\/\" \/>\n<meta property=\"og:locale\" content=\"bs_BA\" \/>\n<meta property=\"og:type\" content=\"article\" \/>\n<meta property=\"og:title\" content=\"GeoMax ZCH201 punja\u010d za ZBA201 i ZBA400 Li-Ion baterije - Geooprema\" \/>\n<meta property=\"og:description\" content=\"Punja\u010d ZCH201 za ZBA201 i ZBA400 Li-Ion baterije visoko je funkcionalni punja\u010d za ZBA201 i ZBA400 Li-ion baterije. Ovaj Geomaxov punja\u010d dobro funkcionira sa Geomax Zoom30, Zoom35 , Zoom50 i totalne stanice Zoom80. Tako\u0111e, pru\u017ea dugo radno vrijeme \u0161to osigurava dugotrajan rad.\" \/>\n<meta property=\"og:url\" content=\"https:\/\/geooprema.com\/bs\/products\/dodatna-oprema\/baterije-i-punjaci\/geomax-zch201-punjac-za-zba201-i-zba400-li-ion-baterije\/\" \/>\n<meta property=\"og:site_name\" content=\"Geooprema\" \/>\n<meta property=\"article:publisher\" content=\"https:\/\/www.facebook.com\/geoinfobih\" \/>\n<meta property=\"og:image\" content=\"https:\/\/geooprema.com\/wp-content\/uploads\/2020\/10\/GEO-766872-1.jpg\" \/>\n\t<meta property=\"og:image:width\" content=\"800\" \/>\n\t<meta property=\"og:image:height\" content=\"800\" \/>\n\t<meta property=\"og:image:type\" content=\"image\/jpeg\" \/>\n<meta name=\"twitter:card\" content=\"summary_large_image\" \/>\n<script type=\"application\/ld+json\" class=\"yoast-schema-graph\">{\"@context\":\"https:\/\/schema.org\",\"@graph\":[{\"@type\":\"WebPage\",\"@id\":\"https:\/\/geooprema.com\/bs\/products\/dodatna-oprema\/baterije-i-punjaci\/geomax-zch201-punjac-za-zba201-i-zba400-li-ion-baterije\/\",\"url\":\"https:\/\/geooprema.com\/bs\/products\/dodatna-oprema\/baterije-i-punjaci\/geomax-zch201-punjac-za-zba201-i-zba400-li-ion-baterije\/\",\"name\":\"GeoMax ZCH201 punja\u010d za ZBA201 i ZBA400 Li-Ion baterije - Geooprema\",\"isPartOf\":{\"@id\":\"https:\/\/geooprema.com\/#website\"},\"primaryImageOfPage\":{\"@id\":\"https:\/\/geooprema.com\/bs\/products\/dodatna-oprema\/baterije-i-punjaci\/geomax-zch201-punjac-za-zba201-i-zba400-li-ion-baterije\/#primaryimage\"},\"image\":{\"@id\":\"https:\/\/geooprema.com\/bs\/products\/dodatna-oprema\/baterije-i-punjaci\/geomax-zch201-punjac-za-zba201-i-zba400-li-ion-baterije\/#primaryimage\"},\"thumbnailUrl\":\"https:\/\/geooprema.com\/wp-content\/uploads\/2020\/10\/GEO-766872-1.jpg\",\"datePublished\":\"2020-10-26T16:35:08+00:00\",\"breadcrumb\":{\"@id\":\"https:\/\/geooprema.com\/bs\/products\/dodatna-oprema\/baterije-i-punjaci\/geomax-zch201-punjac-za-zba201-i-zba400-li-ion-baterije\/#breadcrumb\"},\"inLanguage\":\"bs-BA\",\"potentialAction\":[{\"@type\":\"ReadAction\",\"target\":[\"https:\/\/geooprema.com\/bs\/products\/dodatna-oprema\/baterije-i-punjaci\/geomax-zch201-punjac-za-zba201-i-zba400-li-ion-baterije\/\"]}]},{\"@type\":\"ImageObject\",\"inLanguage\":\"bs-BA\",\"@id\":\"https:\/\/geooprema.com\/bs\/products\/dodatna-oprema\/baterije-i-punjaci\/geomax-zch201-punjac-za-zba201-i-zba400-li-ion-baterije\/#primaryimage\",\"url\":\"https:\/\/geooprema.com\/wp-content\/uploads\/2020\/10\/GEO-766872-1.jpg\",\"contentUrl\":\"https:\/\/geooprema.com\/wp-content\/uploads\/2020\/10\/GEO-766872-1.jpg\",\"width\":800,\"height\":800,\"caption\":\"GeoMax ZCH201 Charger for ZBA201 & ZBA400 Li-Ion batteries\"},{\"@type\":\"BreadcrumbList\",\"@id\":\"https:\/\/geooprema.com\/bs\/products\/dodatna-oprema\/baterije-i-punjaci\/geomax-zch201-punjac-za-zba201-i-zba400-li-ion-baterije\/#breadcrumb\",\"itemListElement\":[{\"@type\":\"ListItem\",\"position\":1,\"name\":\"Home\",\"item\":\"https:\/\/geooprema.com\/bs\/\"},{\"@type\":\"ListItem\",\"position\":2,\"name\":\"Shop\",\"item\":\"https:\/\/geooprema.com\/shop-2\/\"},{\"@type\":\"ListItem\",\"position\":3,\"name\":\"GeoMax ZCH201 punja\u010d za ZBA201 i ZBA400 Li-Ion baterije\"}]},{\"@type\":\"WebSite\",\"@id\":\"https:\/\/geooprema.com\/#website\",\"url\":\"https:\/\/geooprema.com\/\",\"name\":\"Geooprema\",\"description\":\"Surveying and Construction Equipmen, Software and Accessories\",\"publisher\":{\"@id\":\"https:\/\/geooprema.com\/#organization\"},\"potentialAction\":[{\"@type\":\"SearchAction\",\"target\":{\"@type\":\"EntryPoint\",\"urlTemplate\":\"https:\/\/geooprema.com\/?s={search_term_string}\"},\"query-input\":{\"@type\":\"PropertyValueSpecification\",\"valueRequired\":true,\"valueName\":\"search_term_string\"}}],\"inLanguage\":\"bs-BA\"},{\"@type\":\"Organization\",\"@id\":\"https:\/\/geooprema.com\/#organization\",\"name\":\"Geooprema\",\"url\":\"https:\/\/geooprema.com\/\",\"logo\":{\"@type\":\"ImageObject\",\"inLanguage\":\"bs-BA\",\"@id\":\"https:\/\/geooprema.com\/#\/schema\/logo\/image\/\",\"url\":\"https:\/\/geooprema.com\/wp-content\/uploads\/2020\/08\/geooprema-logo.png\",\"contentUrl\":\"https:\/\/geooprema.com\/wp-content\/uploads\/2020\/08\/geooprema-logo.png\",\"width\":513,\"height\":161,\"caption\":\"Geooprema\"},\"image\":{\"@id\":\"https:\/\/geooprema.com\/#\/schema\/logo\/image\/\"},\"sameAs\":[\"https:\/\/www.facebook.com\/geoinfobih\",\"https:\/\/www.instagram.com\/geoinfodoo\/\",\"https:\/\/www.linkedin.com\/company\/geoinfo-doo\/\",\"https:\/\/www.youtube.com\/c\/Geoinfodoo\"]}]}<\/script>\n<!-- \/ Yoast SEO plugin. -->","yoast_head_json":{"title":"GeoMax ZCH201 punja\u010d za ZBA201 i ZBA400 Li-Ion baterije - Geooprema","robots":{"index":"index","follow":"follow","max-snippet":"max-snippet:-1","max-image-preview":"max-image-preview:large","max-video-preview":"max-video-preview:-1"},"canonical":"https:\/\/geooprema.com\/bs\/products\/dodatna-oprema\/baterije-i-punjaci\/geomax-zch201-punjac-za-zba201-i-zba400-li-ion-baterije\/","og_locale":"bs_BA","og_type":"article","og_title":"GeoMax ZCH201 punja\u010d za ZBA201 i ZBA400 Li-Ion baterije - Geooprema","og_description":"Punja\u010d ZCH201 za ZBA201 i ZBA400 Li-Ion baterije visoko je funkcionalni punja\u010d za ZBA201 i ZBA400 Li-ion baterije. Ovaj Geomaxov punja\u010d dobro funkcionira sa Geomax Zoom30, Zoom35 , Zoom50 i totalne stanice Zoom80. Tako\u0111e, pru\u017ea dugo radno vrijeme \u0161to osigurava dugotrajan rad.","og_url":"https:\/\/geooprema.com\/bs\/products\/dodatna-oprema\/baterije-i-punjaci\/geomax-zch201-punjac-za-zba201-i-zba400-li-ion-baterije\/","og_site_name":"Geooprema","article_publisher":"https:\/\/www.facebook.com\/geoinfobih","og_image":[{"width":800,"height":800,"url":"https:\/\/geooprema.com\/wp-content\/uploads\/2020\/10\/GEO-766872-1.jpg","type":"image\/jpeg"}],"twitter_card":"summary_large_image","schema":{"@context":"https:\/\/schema.org","@graph":[{"@type":"WebPage","@id":"https:\/\/geooprema.com\/bs\/products\/dodatna-oprema\/baterije-i-punjaci\/geomax-zch201-punjac-za-zba201-i-zba400-li-ion-baterije\/","url":"https:\/\/geooprema.com\/bs\/products\/dodatna-oprema\/baterije-i-punjaci\/geomax-zch201-punjac-za-zba201-i-zba400-li-ion-baterije\/","name":"GeoMax ZCH201 punja\u010d za ZBA201 i ZBA400 Li-Ion baterije - Geooprema","isPartOf":{"@id":"https:\/\/geooprema.com\/#website"},"primaryImageOfPage":{"@id":"https:\/\/geooprema.com\/bs\/products\/dodatna-oprema\/baterije-i-punjaci\/geomax-zch201-punjac-za-zba201-i-zba400-li-ion-baterije\/#primaryimage"},"image":{"@id":"https:\/\/geooprema.com\/bs\/products\/dodatna-oprema\/baterije-i-punjaci\/geomax-zch201-punjac-za-zba201-i-zba400-li-ion-baterije\/#primaryimage"},"thumbnailUrl":"https:\/\/geooprema.com\/wp-content\/uploads\/2020\/10\/GEO-766872-1.jpg","datePublished":"2020-10-26T16:35:08+00:00","breadcrumb":{"@id":"https:\/\/geooprema.com\/bs\/products\/dodatna-oprema\/baterije-i-punjaci\/geomax-zch201-punjac-za-zba201-i-zba400-li-ion-baterije\/#breadcrumb"},"inLanguage":"bs-BA","potentialAction":[{"@type":"ReadAction","target":["https:\/\/geooprema.com\/bs\/products\/dodatna-oprema\/baterije-i-punjaci\/geomax-zch201-punjac-za-zba201-i-zba400-li-ion-baterije\/"]}]},{"@type":"ImageObject","inLanguage":"bs-BA","@id":"https:\/\/geooprema.com\/bs\/products\/dodatna-oprema\/baterije-i-punjaci\/geomax-zch201-punjac-za-zba201-i-zba400-li-ion-baterije\/#primaryimage","url":"https:\/\/geooprema.com\/wp-content\/uploads\/2020\/10\/GEO-766872-1.jpg","contentUrl":"https:\/\/geooprema.com\/wp-content\/uploads\/2020\/10\/GEO-766872-1.jpg","width":800,"height":800,"caption":"GeoMax ZCH201 Charger for ZBA201 & ZBA400 Li-Ion batteries"},{"@type":"BreadcrumbList","@id":"https:\/\/geooprema.com\/bs\/products\/dodatna-oprema\/baterije-i-punjaci\/geomax-zch201-punjac-za-zba201-i-zba400-li-ion-baterije\/#breadcrumb","itemListElement":[{"@type":"ListItem","position":1,"name":"Home","item":"https:\/\/geooprema.com\/bs\/"},{"@type":"ListItem","position":2,"name":"Shop","item":"https:\/\/geooprema.com\/shop-2\/"},{"@type":"ListItem","position":3,"name":"GeoMax ZCH201 punja\u010d za ZBA201 i ZBA400 Li-Ion baterije"}]},{"@type":"WebSite","@id":"https:\/\/geooprema.com\/#website","url":"https:\/\/geooprema.com\/","name":"Geooprema","description":"Surveying and Construction Equipmen, Software and Accessories","publisher":{"@id":"https:\/\/geooprema.com\/#organization"},"potentialAction":[{"@type":"SearchAction","target":{"@type":"EntryPoint","urlTemplate":"https:\/\/geooprema.com\/?s={search_term_string}"},"query-input":{"@type":"PropertyValueSpecification","valueRequired":true,"valueName":"search_term_string"}}],"inLanguage":"bs-BA"},{"@type":"Organization","@id":"https:\/\/geooprema.com\/#organization","name":"Geooprema","url":"https:\/\/geooprema.com\/","logo":{"@type":"ImageObject","inLanguage":"bs-BA","@id":"https:\/\/geooprema.com\/#\/schema\/logo\/image\/","url":"https:\/\/geooprema.com\/wp-content\/uploads\/2020\/08\/geooprema-logo.png","contentUrl":"https:\/\/geooprema.com\/wp-content\/uploads\/2020\/08\/geooprema-logo.png","width":513,"height":161,"caption":"Geooprema"},"image":{"@id":"https:\/\/geooprema.com\/#\/schema\/logo\/image\/"},"sameAs":["https:\/\/www.facebook.com\/geoinfobih","https:\/\/www.instagram.com\/geoinfodoo\/","https:\/\/www.linkedin.com\/company\/geoinfo-doo\/","https:\/\/www.youtube.com\/c\/Geoinfodoo"]}]}},"_links":{"self":[{"href":"https:\/\/geooprema.com\/bs\/wp-json\/wp\/v2\/product\/32274","targetHints":{"allow":["GET"]}}],"collection":[{"href":"https:\/\/geooprema.com\/bs\/wp-json\/wp\/v2\/product"}],"about":[{"href":"https:\/\/geooprema.com\/bs\/wp-json\/wp\/v2\/types\/product"}],"replies":[{"embeddable":true,"href":"https:\/\/geooprema.com\/bs\/wp-json\/wp\/v2\/comments?post=32274"}],"wp:featuredmedia":[{"embeddable":true,"href":"https:\/\/geooprema.com\/bs\/wp-json\/wp\/v2\/media\/29521"}],"wp:attachment":[{"href":"https:\/\/geooprema.com\/bs\/wp-json\/wp\/v2\/media?parent=32274"}],"wp:term":[{"taxonomy":"product_brand","embeddable":true,"href":"https:\/\/geooprema.com\/bs\/wp-json\/wp\/v2\/product_brand?post=32274"},{"taxonomy":"product_cat","embeddable":true,"href":"https:\/\/geooprema.com\/bs\/wp-json\/wp\/v2\/product_cat?post=32274"},{"taxonomy":"product_tag","embeddable":true,"href":"https:\/\/geooprema.com\/bs\/wp-json\/wp\/v2\/product_tag?post=32274"}],"curies":[{"name":"wp","href":"https:\/\/api.w.org\/{rel}","templated":true}]}}