
{"id":32253,"date":"2020-10-20T09:14:04","date_gmt":"2020-10-20T09:14:04","guid":{"rendered":"https:\/\/geooprema.com\/products\/Bez kategorije\/3d-prilagodavanje-za-ggo\/"},"modified":"2020-10-20T09:14:04","modified_gmt":"2020-10-20T09:14:04","slug":"3d-prilagodavanje-za-ggo","status":"publish","type":"product","link":"https:\/\/geooprema.com\/bs\/products\/softverska-rijesenja\/geodetski-programi\/3d-prilagodavanje-za-ggo\/","title":{"rendered":"3D prilago\u0111avanje za GGO"},"content":{"rendered":"<p>Ref. Br. 774856<\/p>\n<div class=\"row jednake visine\">\n<div class=\"col-lg-6 jednaka-visina-unutra\u0161nja\">\n<div class=\"inner-container no-border\">\n<div class=\"caption baseFont\">\n<div class=\"text\">\n<div class=\"text-group info-content\">GeoMax Geo Office verzija 3 temelji se na dokazanim performansama GGO-a i sada podr\u017eava \u010ditav trenutni asortiman Geomax proizvoda. GGO vam omogu\u0107ava kombinovanje i upravljanje va\u0161im GNSS-om, podacima totalne stanice i nivelira. GGO verzija 3 sada je tako\u0111e kompatibilna sa svim 32- i 64-bitnim verzijama Microsoft Windows-a. GGO se temelji na intuitivnom, grafi\u010dkom interfejsu \u0161to ga \u010dini brzim za u\u010denje i jednostavnim za upotrebu. Svi podaci su prikazani grafi\u010dki pru\u017eaju\u0107i jasan pregled va\u0161eg rada. Jednostavnim odabirom bilo kojeg elementa, povezanim informacijama se mo\u017ee pristupiti ili urediti.<\/div>\n<div class=\"row jednake visine\">\n<div class=\"col-lg-6 jednaka-visina-unutra\u0161nja\">\n<div class=\"inner-container\">\n<div class=\"caption baseFont\">\n<div class=\"text\">\n<h5>Fleksibilni uvoz i izvoz<\/h5>\n<p>Podaci se mogu prenositi direktno izme\u0111u Geomaxovih instrumenata i GGO-a pomo\u0107u Upravitelja razmjene podataka. Fleksibilni ASCII izvoz omogu\u0107uje stvaranje datoteka podataka u bilo kojem formatu.<\/p>\n<\/div>\n<\/div>\n<\/div>\n<\/div>\n<div class=\"col-lg-6 jednaka-visina-unutra\u0161nja\">\n<div class=\"inner-container\">\n<div class=\"caption baseFont\">\n<div class=\"text\">\n<h5>Transformacije koordinata<\/h5>\n<p>GGO uklju\u010duje niz alata za definisanje koordinatnih sistema i za transformaciju koordinata u lokalni sistem. Kori\u0161tenjem geiodalnih modela, GNSS izmjerene visine elipsioda mogu se pretvoriti u ortometrijske visine.<\/p>\n<\/div>\n<\/div>\n<\/div>\n<\/div>\n<\/div>\n<div class=\"row jednake visine\">\n<div class=\"col-lg-6 jednaka-visina-unutra\u0161nja\">\n<div class=\"inner-container no-border\">\n<div class=\"caption baseFont\">\n<div class=\"text\">\n<h5>GNSS naknadna obrada<\/h5>\n<p>Sirovi podaci mogu se uvesti u GGO sa svih vrsta GNSS senzora. Modul naknadne obrade omogu\u0107uje pro\u0161irenu kontrolu korisnika nad parametrima koji se koriste u osnovnim prora\u010dunima. Rezultiraju\u0107i izvje\u0161taji pru\u017eaju detaljne informacije o postupku obrade i dobijenim ta\u010dnostima.<\/p>\n<\/div>\n<\/div>\n<\/div>\n<\/div>\n<div class=\"col-lg-6 jednaka-visina-unutra\u0161nja\">\n<div class=\"inner-container no-border\">\n<div class=\"caption baseFont\">\n<div class=\"text\">\n<h5>Prilago\u0111avanje mre\u017ee<\/h5>\n<p>Podaci razli\u010ditih geodetskih instrumenata mogu se kombinovati i prilagoditi kako bi se dobila maksimalna ta\u010dnost i pouzdanost. Modul za pode\u0161avanje mo\u017ee se koristiti s 3D GNSS mre\u017eama, 2D traverzalnim petljama ili 1D linijama nivoa. Prilago\u0111avanje mre\u017ee savr\u0161eno dovr\u0161ava va\u0161 posao.<\/p>\n<\/div>\n<\/div>\n<\/div>\n<\/div>\n<\/div>\n<\/div>\n<\/div>\n<\/div>\n<\/div>\n<\/div>\n","protected":false},"excerpt":{"rendered":"<p>Ref. Br. 774856 GeoMax Geo Office verzija 3 temelji se na dokazanim performansama GGO-a i sada podr\u017eava \u010ditav trenutni asortiman Geomax proizvoda. GGO vam omogu\u0107ava kombinovanje i upravljanje va\u0161im GNSS-om, podacima totalne stanice i nivelira. GGO verzija 3 sada je tako\u0111e kompatibilna sa svim 32- i 64-bitnim verzijama Microsoft Windows-a. GGO se temelji na intuitivnom, [&hellip;]<\/p>\n","protected":false},"featured_media":0,"comment_status":"open","ping_status":"closed","template":"","meta":{"_acf_changed":false},"product_brand":[],"product_cat":[407],"product_tag":[],"class_list":{"0":"post-32253","1":"product","2":"type-product","3":"status-publish","5":"product_cat-geodetski-programi","6":"pa_brand-geomax-positioning-bs","8":"first","9":"instock","10":"taxable","11":"shipping-taxable","12":"product-type-simple","swatches":"rey-swatches","show_selected":""},"acf":[],"yoast_head":"<!-- This site is optimized with the Yoast SEO plugin v24.9 - https:\/\/yoast.com\/wordpress\/plugins\/seo\/ -->\n<title>3D prilago\u0111avanje za GGO - Geooprema<\/title>\n<meta name=\"robots\" content=\"index, follow, max-snippet:-1, max-image-preview:large, max-video-preview:-1\" \/>\n<link rel=\"canonical\" href=\"https:\/\/geooprema.com\/bs\/products\/softverska-rijesenja\/geodetski-programi\/3d-prilagodavanje-za-ggo\/\" \/>\n<meta property=\"og:locale\" content=\"bs_BA\" \/>\n<meta property=\"og:type\" content=\"article\" \/>\n<meta property=\"og:title\" content=\"3D prilago\u0111avanje za GGO - Geooprema\" \/>\n<meta property=\"og:description\" content=\"Ref. Br. 774856 GeoMax Geo Office verzija 3 temelji se na dokazanim performansama GGO-a i sada podr\u017eava \u010ditav trenutni asortiman Geomax proizvoda. GGO vam omogu\u0107ava kombinovanje i upravljanje va\u0161im GNSS-om, podacima totalne stanice i nivelira. GGO verzija 3 sada je tako\u0111e kompatibilna sa svim 32- i 64-bitnim verzijama Microsoft Windows-a. GGO se temelji na intuitivnom, [&hellip;]\" \/>\n<meta property=\"og:url\" content=\"https:\/\/geooprema.com\/bs\/products\/softverska-rijesenja\/geodetski-programi\/3d-prilagodavanje-za-ggo\/\" \/>\n<meta property=\"og:site_name\" content=\"Geooprema\" \/>\n<meta property=\"article:publisher\" content=\"https:\/\/www.facebook.com\/geoinfobih\" \/>\n<meta name=\"twitter:card\" content=\"summary_large_image\" \/>\n<meta name=\"twitter:label1\" content=\"Est. reading time\" \/>\n\t<meta name=\"twitter:data1\" content=\"1 minuta\" \/>\n<script type=\"application\/ld+json\" class=\"yoast-schema-graph\">{\"@context\":\"https:\/\/schema.org\",\"@graph\":[{\"@type\":\"WebPage\",\"@id\":\"https:\/\/geooprema.com\/bs\/products\/softverska-rijesenja\/geodetski-programi\/3d-prilagodavanje-za-ggo\/\",\"url\":\"https:\/\/geooprema.com\/bs\/products\/softverska-rijesenja\/geodetski-programi\/3d-prilagodavanje-za-ggo\/\",\"name\":\"3D prilago\u0111avanje za GGO - Geooprema\",\"isPartOf\":{\"@id\":\"https:\/\/geooprema.com\/#website\"},\"datePublished\":\"2020-10-20T09:14:04+00:00\",\"breadcrumb\":{\"@id\":\"https:\/\/geooprema.com\/bs\/products\/softverska-rijesenja\/geodetski-programi\/3d-prilagodavanje-za-ggo\/#breadcrumb\"},\"inLanguage\":\"bs-BA\",\"potentialAction\":[{\"@type\":\"ReadAction\",\"target\":[\"https:\/\/geooprema.com\/bs\/products\/softverska-rijesenja\/geodetski-programi\/3d-prilagodavanje-za-ggo\/\"]}]},{\"@type\":\"BreadcrumbList\",\"@id\":\"https:\/\/geooprema.com\/bs\/products\/softverska-rijesenja\/geodetski-programi\/3d-prilagodavanje-za-ggo\/#breadcrumb\",\"itemListElement\":[{\"@type\":\"ListItem\",\"position\":1,\"name\":\"Home\",\"item\":\"https:\/\/geooprema.com\/bs\/\"},{\"@type\":\"ListItem\",\"position\":2,\"name\":\"Shop\",\"item\":\"https:\/\/geooprema.com\/shop-2\/\"},{\"@type\":\"ListItem\",\"position\":3,\"name\":\"3D prilago\u0111avanje za GGO\"}]},{\"@type\":\"WebSite\",\"@id\":\"https:\/\/geooprema.com\/#website\",\"url\":\"https:\/\/geooprema.com\/\",\"name\":\"Geooprema\",\"description\":\"Surveying and Construction Equipmen, Software and Accessories\",\"publisher\":{\"@id\":\"https:\/\/geooprema.com\/#organization\"},\"potentialAction\":[{\"@type\":\"SearchAction\",\"target\":{\"@type\":\"EntryPoint\",\"urlTemplate\":\"https:\/\/geooprema.com\/?s={search_term_string}\"},\"query-input\":{\"@type\":\"PropertyValueSpecification\",\"valueRequired\":true,\"valueName\":\"search_term_string\"}}],\"inLanguage\":\"bs-BA\"},{\"@type\":\"Organization\",\"@id\":\"https:\/\/geooprema.com\/#organization\",\"name\":\"Geooprema\",\"url\":\"https:\/\/geooprema.com\/\",\"logo\":{\"@type\":\"ImageObject\",\"inLanguage\":\"bs-BA\",\"@id\":\"https:\/\/geooprema.com\/#\/schema\/logo\/image\/\",\"url\":\"https:\/\/geooprema.com\/wp-content\/uploads\/2020\/08\/geooprema-logo.png\",\"contentUrl\":\"https:\/\/geooprema.com\/wp-content\/uploads\/2020\/08\/geooprema-logo.png\",\"width\":513,\"height\":161,\"caption\":\"Geooprema\"},\"image\":{\"@id\":\"https:\/\/geooprema.com\/#\/schema\/logo\/image\/\"},\"sameAs\":[\"https:\/\/www.facebook.com\/geoinfobih\",\"https:\/\/www.instagram.com\/geoinfodoo\/\",\"https:\/\/www.linkedin.com\/company\/geoinfo-doo\/\",\"https:\/\/www.youtube.com\/c\/Geoinfodoo\"]}]}<\/script>\n<!-- \/ Yoast SEO plugin. -->","yoast_head_json":{"title":"3D prilago\u0111avanje za GGO - Geooprema","robots":{"index":"index","follow":"follow","max-snippet":"max-snippet:-1","max-image-preview":"max-image-preview:large","max-video-preview":"max-video-preview:-1"},"canonical":"https:\/\/geooprema.com\/bs\/products\/softverska-rijesenja\/geodetski-programi\/3d-prilagodavanje-za-ggo\/","og_locale":"bs_BA","og_type":"article","og_title":"3D prilago\u0111avanje za GGO - Geooprema","og_description":"Ref. Br. 774856 GeoMax Geo Office verzija 3 temelji se na dokazanim performansama GGO-a i sada podr\u017eava \u010ditav trenutni asortiman Geomax proizvoda. GGO vam omogu\u0107ava kombinovanje i upravljanje va\u0161im GNSS-om, podacima totalne stanice i nivelira. GGO verzija 3 sada je tako\u0111e kompatibilna sa svim 32- i 64-bitnim verzijama Microsoft Windows-a. GGO se temelji na intuitivnom, [&hellip;]","og_url":"https:\/\/geooprema.com\/bs\/products\/softverska-rijesenja\/geodetski-programi\/3d-prilagodavanje-za-ggo\/","og_site_name":"Geooprema","article_publisher":"https:\/\/www.facebook.com\/geoinfobih","twitter_card":"summary_large_image","twitter_misc":{"Est. reading time":"1 minuta"},"schema":{"@context":"https:\/\/schema.org","@graph":[{"@type":"WebPage","@id":"https:\/\/geooprema.com\/bs\/products\/softverska-rijesenja\/geodetski-programi\/3d-prilagodavanje-za-ggo\/","url":"https:\/\/geooprema.com\/bs\/products\/softverska-rijesenja\/geodetski-programi\/3d-prilagodavanje-za-ggo\/","name":"3D prilago\u0111avanje za GGO - Geooprema","isPartOf":{"@id":"https:\/\/geooprema.com\/#website"},"datePublished":"2020-10-20T09:14:04+00:00","breadcrumb":{"@id":"https:\/\/geooprema.com\/bs\/products\/softverska-rijesenja\/geodetski-programi\/3d-prilagodavanje-za-ggo\/#breadcrumb"},"inLanguage":"bs-BA","potentialAction":[{"@type":"ReadAction","target":["https:\/\/geooprema.com\/bs\/products\/softverska-rijesenja\/geodetski-programi\/3d-prilagodavanje-za-ggo\/"]}]},{"@type":"BreadcrumbList","@id":"https:\/\/geooprema.com\/bs\/products\/softverska-rijesenja\/geodetski-programi\/3d-prilagodavanje-za-ggo\/#breadcrumb","itemListElement":[{"@type":"ListItem","position":1,"name":"Home","item":"https:\/\/geooprema.com\/bs\/"},{"@type":"ListItem","position":2,"name":"Shop","item":"https:\/\/geooprema.com\/shop-2\/"},{"@type":"ListItem","position":3,"name":"3D prilago\u0111avanje za GGO"}]},{"@type":"WebSite","@id":"https:\/\/geooprema.com\/#website","url":"https:\/\/geooprema.com\/","name":"Geooprema","description":"Surveying and Construction Equipmen, Software and Accessories","publisher":{"@id":"https:\/\/geooprema.com\/#organization"},"potentialAction":[{"@type":"SearchAction","target":{"@type":"EntryPoint","urlTemplate":"https:\/\/geooprema.com\/?s={search_term_string}"},"query-input":{"@type":"PropertyValueSpecification","valueRequired":true,"valueName":"search_term_string"}}],"inLanguage":"bs-BA"},{"@type":"Organization","@id":"https:\/\/geooprema.com\/#organization","name":"Geooprema","url":"https:\/\/geooprema.com\/","logo":{"@type":"ImageObject","inLanguage":"bs-BA","@id":"https:\/\/geooprema.com\/#\/schema\/logo\/image\/","url":"https:\/\/geooprema.com\/wp-content\/uploads\/2020\/08\/geooprema-logo.png","contentUrl":"https:\/\/geooprema.com\/wp-content\/uploads\/2020\/08\/geooprema-logo.png","width":513,"height":161,"caption":"Geooprema"},"image":{"@id":"https:\/\/geooprema.com\/#\/schema\/logo\/image\/"},"sameAs":["https:\/\/www.facebook.com\/geoinfobih","https:\/\/www.instagram.com\/geoinfodoo\/","https:\/\/www.linkedin.com\/company\/geoinfo-doo\/","https:\/\/www.youtube.com\/c\/Geoinfodoo"]}]}},"_links":{"self":[{"href":"https:\/\/geooprema.com\/bs\/wp-json\/wp\/v2\/product\/32253","targetHints":{"allow":["GET"]}}],"collection":[{"href":"https:\/\/geooprema.com\/bs\/wp-json\/wp\/v2\/product"}],"about":[{"href":"https:\/\/geooprema.com\/bs\/wp-json\/wp\/v2\/types\/product"}],"replies":[{"embeddable":true,"href":"https:\/\/geooprema.com\/bs\/wp-json\/wp\/v2\/comments?post=32253"}],"wp:attachment":[{"href":"https:\/\/geooprema.com\/bs\/wp-json\/wp\/v2\/media?parent=32253"}],"wp:term":[{"taxonomy":"product_brand","embeddable":true,"href":"https:\/\/geooprema.com\/bs\/wp-json\/wp\/v2\/product_brand?post=32253"},{"taxonomy":"product_cat","embeddable":true,"href":"https:\/\/geooprema.com\/bs\/wp-json\/wp\/v2\/product_cat?post=32253"},{"taxonomy":"product_tag","embeddable":true,"href":"https:\/\/geooprema.com\/bs\/wp-json\/wp\/v2\/product_tag?post=32253"}],"curies":[{"name":"wp","href":"https:\/\/api.w.org\/{rel}","templated":true}]}}