
{"id":32209,"date":"2020-10-19T08:53:40","date_gmt":"2020-10-19T08:53:40","guid":{"rendered":"https:\/\/geooprema.com\/products\/Bez kategorije\/x-pad-ultimate-survey-tps-prirucnik\/"},"modified":"2020-10-19T08:53:40","modified_gmt":"2020-10-19T08:53:40","slug":"x-pad-ultimate-survey-tps-prirucnik","status":"publish","type":"product","link":"https:\/\/geooprema.com\/bs\/products\/softverska-rijesenja\/geodetski-programi\/x-pad-ultimate-survey-tps-prirucnik\/","title":{"rendered":"X-PAD Ultimate Survey TPS Priru\u010dnik"},"content":{"rendered":"<p> Ref. Br. 877735 <\/p>\n<p> Osnovno rje\u0161enje za profesionalne gra\u0111evinske geodete. <\/p>\n<p> X-PAD Ultimate Survey TPS priru\u010dnik: Sadr\u017ei sve funkcije za snimanje, ulaganje i kontrolu sa mehani\u010dkom totalnom stanicom. <\/p>\n<p> Jeste li geodetski profesionalac koji tra\u017ei jednostavnost upotrebe i fleksibilnost? X-PAD Ultimate Survey najbolje je rje\u0161enje za sve potrebe dizajna, istra\u017eivanja imovine i rasporeda. Kombinuje prikupljanje podataka iz svih GeoMax instrumenata i pru\u017ea vam kompletne funkcije, integraciju podataka, skalabilnost i najnoviju tehnologiju &#8211; pokrivaju\u0107i sve va\u0161e potrebe na terenu. <\/p>\n<p> X-PAD Ultimate je najnaprednije terensko softversko rje\u0161enje za sve korisnike koji tra\u017ee alat koji omogu\u0107ava produktivnost, jednostavnost upotrebe, skalabilnost i potpunu kontrolu podataka. <\/p>\n<p> X-PAD Ultimate donosi najbolje tehnologije u topografiju: puni 3D preglednik, integracija va\u0161ih podataka s kartama, kamera za pro\u0161irenu stvarnost itd. <\/p>\n<h2> Softverske specifikacije <\/h2>\n<div class = \"row\">\n<div class = \"col-lg-6 col-md-6 col-sm-12 col-xs-12\">\n<p class = \"abstract-text padding-left-10\"> Izvo\u0111en na Android ure\u0111ajima, X-PAD Ultimate Survey donosi najbolju tehnologiju direktno na teren i u va\u0161e ruke. <\/p>\n<\/div>\n<div class = \"col-lg-6 col-md-6 col-sm-12 col-xs-12\">\n<table class = \"table table-border\">\n<thead> <\/thead>\n<tbody>\n<tr>\n<td> Operativni sistem <\/td>\n<td> Android <\/td>\n<\/tr>\n<tr>\n<td> Sistem licenciranja <\/td>\n<td> ID opreme <\/td>\n<\/tr>\n<tr>\n<td> Uklju\u010dene usluge <\/td>\n<td> \u0160TIT i jednogodi\u0161nji X-PERT <\/td>\n<\/tr>\n<tr>\n<td> Demo licenca <\/td>\n<td> Dostupno <\/td>\n<\/tr>\n<tr>\n<td> Obrazovna licenca <\/td>\n<td> Dostupno <\/td>\n<\/tr>\n<\/tbody>\n<\/table>\n<h2> Kompatibilna oprema <\/h2>\n<div class = \"row\">\n<div class = \"col-lg-6 col-md-6 col-sm-12 col-xs-12\">\n<p class = \"abstract-text padding-left-10\"> X-PAD Ultimate Survey osigurava produktivnost na terenu i pru\u017ea savr\u0161enu integraciju, \u010dak i sa podacima iz razli\u010ditih mjernih instrumenata. Ovo rje\u0161enje je kompatibilno sa sljede\u0107im ure\u0111ajima: <\/p>\n<\/div>\n<div class = \"col-lg-6 col-md-6 col-sm-12 col-xs-12\">\n<table class = \"table table-border\">\n<thead> <\/thead>\n<tbody>\n<tr>\n<td> TPS <\/td>\n<td> Zoom Series <\/td>\n<\/tr>\n<tr>\n<td> GNSS <\/td>\n<td> Zenith serija <\/td>\n<\/tr>\n<tr>\n<td> Kontroler <\/td>\n<td> Zenius + Android ure\u0111aji tre\u0107e strane <\/td>\n<\/tr>\n<tr>\n<td> Lokatori <\/td>\n<td> EziCATs <\/td>\n<\/tr>\n<tr>\n<td> Laserski mjera\u010di udaljenosti <\/td>\n<td> Pogledajte kompatibilne ure\u0111aje <\/td>\n<\/tr>\n<tr>\n<td> Ehosonderi <\/td>\n<td> Pogledajte kompatibilne ure\u0111aje <\/td>\n<\/tr>\n<\/tbody>\n<\/table>\n<\/div>\n<\/div>\n<\/div>\n<\/div>\n","protected":false},"excerpt":{"rendered":"<p>Ref. Br. 877735 Osnovno rje\u0161enje za profesionalne gra\u0111evinske geodete. X-PAD Ultimate Survey TPS priru\u010dnik: Sadr\u017ei sve funkcije za snimanje, ulaganje i kontrolu sa mehani\u010dkom totalnom stanicom. Jeste li geodetski profesionalac koji tra\u017ei jednostavnost upotrebe i fleksibilnost? X-PAD Ultimate Survey najbolje je rje\u0161enje za sve potrebe dizajna, istra\u017eivanja imovine i rasporeda. Kombinuje prikupljanje podataka iz svih [&hellip;]<\/p>\n","protected":false},"featured_media":28861,"comment_status":"open","ping_status":"closed","template":"","meta":{"_acf_changed":false},"product_brand":[],"product_cat":[407],"product_tag":[],"class_list":{"0":"post-32209","1":"product","2":"type-product","3":"status-publish","4":"has-post-thumbnail","6":"product_cat-geodetski-programi","7":"pa_brand-geomax-positioning-bs","9":"first","10":"onbackorder","11":"taxable","12":"shipping-taxable","13":"product-type-simple","swatches":"rey-swatches","show_selected":""},"acf":[],"yoast_head":"<!-- This site is optimized with the Yoast SEO plugin v24.9 - https:\/\/yoast.com\/wordpress\/plugins\/seo\/ -->\n<title>X-PAD Ultimate Survey TPS Priru\u010dnik - Geooprema<\/title>\n<meta name=\"robots\" content=\"index, follow, max-snippet:-1, max-image-preview:large, max-video-preview:-1\" \/>\n<link rel=\"canonical\" href=\"https:\/\/geooprema.com\/bs\/products\/softverska-rijesenja\/geodetski-programi\/x-pad-ultimate-survey-tps-prirucnik\/\" \/>\n<meta property=\"og:locale\" content=\"bs_BA\" \/>\n<meta property=\"og:type\" content=\"article\" \/>\n<meta property=\"og:title\" content=\"X-PAD Ultimate Survey TPS Priru\u010dnik - Geooprema\" \/>\n<meta property=\"og:description\" content=\"Ref. Br. 877735 Osnovno rje\u0161enje za profesionalne gra\u0111evinske geodete. X-PAD Ultimate Survey TPS priru\u010dnik: Sadr\u017ei sve funkcije za snimanje, ulaganje i kontrolu sa mehani\u010dkom totalnom stanicom. Jeste li geodetski profesionalac koji tra\u017ei jednostavnost upotrebe i fleksibilnost? X-PAD Ultimate Survey najbolje je rje\u0161enje za sve potrebe dizajna, istra\u017eivanja imovine i rasporeda. Kombinuje prikupljanje podataka iz svih [&hellip;]\" \/>\n<meta property=\"og:url\" content=\"https:\/\/geooprema.com\/bs\/products\/softverska-rijesenja\/geodetski-programi\/x-pad-ultimate-survey-tps-prirucnik\/\" \/>\n<meta property=\"og:site_name\" content=\"Geooprema\" \/>\n<meta property=\"article:publisher\" content=\"https:\/\/www.facebook.com\/geoinfobih\" \/>\n<meta property=\"og:image\" content=\"https:\/\/geooprema.com\/wp-content\/uploads\/2020\/10\/geomax-xpad-ultimate-survey.jpg\" \/>\n\t<meta property=\"og:image:width\" content=\"800\" \/>\n\t<meta property=\"og:image:height\" content=\"800\" \/>\n\t<meta property=\"og:image:type\" content=\"image\/jpeg\" \/>\n<meta name=\"twitter:card\" content=\"summary_large_image\" \/>\n<meta name=\"twitter:label1\" content=\"Est. reading time\" \/>\n\t<meta name=\"twitter:data1\" content=\"1 minuta\" \/>\n<script type=\"application\/ld+json\" class=\"yoast-schema-graph\">{\"@context\":\"https:\/\/schema.org\",\"@graph\":[{\"@type\":\"WebPage\",\"@id\":\"https:\/\/geooprema.com\/bs\/products\/softverska-rijesenja\/geodetski-programi\/x-pad-ultimate-survey-tps-prirucnik\/\",\"url\":\"https:\/\/geooprema.com\/bs\/products\/softverska-rijesenja\/geodetski-programi\/x-pad-ultimate-survey-tps-prirucnik\/\",\"name\":\"X-PAD Ultimate Survey TPS Priru\u010dnik - Geooprema\",\"isPartOf\":{\"@id\":\"https:\/\/geooprema.com\/#website\"},\"primaryImageOfPage\":{\"@id\":\"https:\/\/geooprema.com\/bs\/products\/softverska-rijesenja\/geodetski-programi\/x-pad-ultimate-survey-tps-prirucnik\/#primaryimage\"},\"image\":{\"@id\":\"https:\/\/geooprema.com\/bs\/products\/softverska-rijesenja\/geodetski-programi\/x-pad-ultimate-survey-tps-prirucnik\/#primaryimage\"},\"thumbnailUrl\":\"https:\/\/geooprema.com\/wp-content\/uploads\/2020\/10\/geomax-xpad-ultimate-survey.jpg\",\"datePublished\":\"2020-10-19T08:53:40+00:00\",\"breadcrumb\":{\"@id\":\"https:\/\/geooprema.com\/bs\/products\/softverska-rijesenja\/geodetski-programi\/x-pad-ultimate-survey-tps-prirucnik\/#breadcrumb\"},\"inLanguage\":\"bs-BA\",\"potentialAction\":[{\"@type\":\"ReadAction\",\"target\":[\"https:\/\/geooprema.com\/bs\/products\/softverska-rijesenja\/geodetski-programi\/x-pad-ultimate-survey-tps-prirucnik\/\"]}]},{\"@type\":\"ImageObject\",\"inLanguage\":\"bs-BA\",\"@id\":\"https:\/\/geooprema.com\/bs\/products\/softverska-rijesenja\/geodetski-programi\/x-pad-ultimate-survey-tps-prirucnik\/#primaryimage\",\"url\":\"https:\/\/geooprema.com\/wp-content\/uploads\/2020\/10\/geomax-xpad-ultimate-survey.jpg\",\"contentUrl\":\"https:\/\/geooprema.com\/wp-content\/uploads\/2020\/10\/geomax-xpad-ultimate-survey.jpg\",\"width\":800,\"height\":800,\"caption\":\"X-PAD Ultimate Survey GNSS\"},{\"@type\":\"BreadcrumbList\",\"@id\":\"https:\/\/geooprema.com\/bs\/products\/softverska-rijesenja\/geodetski-programi\/x-pad-ultimate-survey-tps-prirucnik\/#breadcrumb\",\"itemListElement\":[{\"@type\":\"ListItem\",\"position\":1,\"name\":\"Home\",\"item\":\"https:\/\/geooprema.com\/bs\/\"},{\"@type\":\"ListItem\",\"position\":2,\"name\":\"Shop\",\"item\":\"https:\/\/geooprema.com\/shop-2\/\"},{\"@type\":\"ListItem\",\"position\":3,\"name\":\"X-PAD Ultimate Survey TPS Priru\u010dnik\"}]},{\"@type\":\"WebSite\",\"@id\":\"https:\/\/geooprema.com\/#website\",\"url\":\"https:\/\/geooprema.com\/\",\"name\":\"Geooprema\",\"description\":\"Surveying and Construction Equipmen, Software and Accessories\",\"publisher\":{\"@id\":\"https:\/\/geooprema.com\/#organization\"},\"potentialAction\":[{\"@type\":\"SearchAction\",\"target\":{\"@type\":\"EntryPoint\",\"urlTemplate\":\"https:\/\/geooprema.com\/?s={search_term_string}\"},\"query-input\":{\"@type\":\"PropertyValueSpecification\",\"valueRequired\":true,\"valueName\":\"search_term_string\"}}],\"inLanguage\":\"bs-BA\"},{\"@type\":\"Organization\",\"@id\":\"https:\/\/geooprema.com\/#organization\",\"name\":\"Geooprema\",\"url\":\"https:\/\/geooprema.com\/\",\"logo\":{\"@type\":\"ImageObject\",\"inLanguage\":\"bs-BA\",\"@id\":\"https:\/\/geooprema.com\/#\/schema\/logo\/image\/\",\"url\":\"https:\/\/geooprema.com\/wp-content\/uploads\/2020\/08\/geooprema-logo.png\",\"contentUrl\":\"https:\/\/geooprema.com\/wp-content\/uploads\/2020\/08\/geooprema-logo.png\",\"width\":513,\"height\":161,\"caption\":\"Geooprema\"},\"image\":{\"@id\":\"https:\/\/geooprema.com\/#\/schema\/logo\/image\/\"},\"sameAs\":[\"https:\/\/www.facebook.com\/geoinfobih\",\"https:\/\/www.instagram.com\/geoinfodoo\/\",\"https:\/\/www.linkedin.com\/company\/geoinfo-doo\/\",\"https:\/\/www.youtube.com\/c\/Geoinfodoo\"]}]}<\/script>\n<!-- \/ Yoast SEO plugin. -->","yoast_head_json":{"title":"X-PAD Ultimate Survey TPS Priru\u010dnik - Geooprema","robots":{"index":"index","follow":"follow","max-snippet":"max-snippet:-1","max-image-preview":"max-image-preview:large","max-video-preview":"max-video-preview:-1"},"canonical":"https:\/\/geooprema.com\/bs\/products\/softverska-rijesenja\/geodetski-programi\/x-pad-ultimate-survey-tps-prirucnik\/","og_locale":"bs_BA","og_type":"article","og_title":"X-PAD Ultimate Survey TPS Priru\u010dnik - Geooprema","og_description":"Ref. Br. 877735 Osnovno rje\u0161enje za profesionalne gra\u0111evinske geodete. X-PAD Ultimate Survey TPS priru\u010dnik: Sadr\u017ei sve funkcije za snimanje, ulaganje i kontrolu sa mehani\u010dkom totalnom stanicom. Jeste li geodetski profesionalac koji tra\u017ei jednostavnost upotrebe i fleksibilnost? X-PAD Ultimate Survey najbolje je rje\u0161enje za sve potrebe dizajna, istra\u017eivanja imovine i rasporeda. Kombinuje prikupljanje podataka iz svih [&hellip;]","og_url":"https:\/\/geooprema.com\/bs\/products\/softverska-rijesenja\/geodetski-programi\/x-pad-ultimate-survey-tps-prirucnik\/","og_site_name":"Geooprema","article_publisher":"https:\/\/www.facebook.com\/geoinfobih","og_image":[{"width":800,"height":800,"url":"https:\/\/geooprema.com\/wp-content\/uploads\/2020\/10\/geomax-xpad-ultimate-survey.jpg","type":"image\/jpeg"}],"twitter_card":"summary_large_image","twitter_misc":{"Est. reading time":"1 minuta"},"schema":{"@context":"https:\/\/schema.org","@graph":[{"@type":"WebPage","@id":"https:\/\/geooprema.com\/bs\/products\/softverska-rijesenja\/geodetski-programi\/x-pad-ultimate-survey-tps-prirucnik\/","url":"https:\/\/geooprema.com\/bs\/products\/softverska-rijesenja\/geodetski-programi\/x-pad-ultimate-survey-tps-prirucnik\/","name":"X-PAD Ultimate Survey TPS Priru\u010dnik - Geooprema","isPartOf":{"@id":"https:\/\/geooprema.com\/#website"},"primaryImageOfPage":{"@id":"https:\/\/geooprema.com\/bs\/products\/softverska-rijesenja\/geodetski-programi\/x-pad-ultimate-survey-tps-prirucnik\/#primaryimage"},"image":{"@id":"https:\/\/geooprema.com\/bs\/products\/softverska-rijesenja\/geodetski-programi\/x-pad-ultimate-survey-tps-prirucnik\/#primaryimage"},"thumbnailUrl":"https:\/\/geooprema.com\/wp-content\/uploads\/2020\/10\/geomax-xpad-ultimate-survey.jpg","datePublished":"2020-10-19T08:53:40+00:00","breadcrumb":{"@id":"https:\/\/geooprema.com\/bs\/products\/softverska-rijesenja\/geodetski-programi\/x-pad-ultimate-survey-tps-prirucnik\/#breadcrumb"},"inLanguage":"bs-BA","potentialAction":[{"@type":"ReadAction","target":["https:\/\/geooprema.com\/bs\/products\/softverska-rijesenja\/geodetski-programi\/x-pad-ultimate-survey-tps-prirucnik\/"]}]},{"@type":"ImageObject","inLanguage":"bs-BA","@id":"https:\/\/geooprema.com\/bs\/products\/softverska-rijesenja\/geodetski-programi\/x-pad-ultimate-survey-tps-prirucnik\/#primaryimage","url":"https:\/\/geooprema.com\/wp-content\/uploads\/2020\/10\/geomax-xpad-ultimate-survey.jpg","contentUrl":"https:\/\/geooprema.com\/wp-content\/uploads\/2020\/10\/geomax-xpad-ultimate-survey.jpg","width":800,"height":800,"caption":"X-PAD Ultimate Survey GNSS"},{"@type":"BreadcrumbList","@id":"https:\/\/geooprema.com\/bs\/products\/softverska-rijesenja\/geodetski-programi\/x-pad-ultimate-survey-tps-prirucnik\/#breadcrumb","itemListElement":[{"@type":"ListItem","position":1,"name":"Home","item":"https:\/\/geooprema.com\/bs\/"},{"@type":"ListItem","position":2,"name":"Shop","item":"https:\/\/geooprema.com\/shop-2\/"},{"@type":"ListItem","position":3,"name":"X-PAD Ultimate Survey TPS Priru\u010dnik"}]},{"@type":"WebSite","@id":"https:\/\/geooprema.com\/#website","url":"https:\/\/geooprema.com\/","name":"Geooprema","description":"Surveying and Construction Equipmen, Software and Accessories","publisher":{"@id":"https:\/\/geooprema.com\/#organization"},"potentialAction":[{"@type":"SearchAction","target":{"@type":"EntryPoint","urlTemplate":"https:\/\/geooprema.com\/?s={search_term_string}"},"query-input":{"@type":"PropertyValueSpecification","valueRequired":true,"valueName":"search_term_string"}}],"inLanguage":"bs-BA"},{"@type":"Organization","@id":"https:\/\/geooprema.com\/#organization","name":"Geooprema","url":"https:\/\/geooprema.com\/","logo":{"@type":"ImageObject","inLanguage":"bs-BA","@id":"https:\/\/geooprema.com\/#\/schema\/logo\/image\/","url":"https:\/\/geooprema.com\/wp-content\/uploads\/2020\/08\/geooprema-logo.png","contentUrl":"https:\/\/geooprema.com\/wp-content\/uploads\/2020\/08\/geooprema-logo.png","width":513,"height":161,"caption":"Geooprema"},"image":{"@id":"https:\/\/geooprema.com\/#\/schema\/logo\/image\/"},"sameAs":["https:\/\/www.facebook.com\/geoinfobih","https:\/\/www.instagram.com\/geoinfodoo\/","https:\/\/www.linkedin.com\/company\/geoinfo-doo\/","https:\/\/www.youtube.com\/c\/Geoinfodoo"]}]}},"_links":{"self":[{"href":"https:\/\/geooprema.com\/bs\/wp-json\/wp\/v2\/product\/32209","targetHints":{"allow":["GET"]}}],"collection":[{"href":"https:\/\/geooprema.com\/bs\/wp-json\/wp\/v2\/product"}],"about":[{"href":"https:\/\/geooprema.com\/bs\/wp-json\/wp\/v2\/types\/product"}],"replies":[{"embeddable":true,"href":"https:\/\/geooprema.com\/bs\/wp-json\/wp\/v2\/comments?post=32209"}],"wp:featuredmedia":[{"embeddable":true,"href":"https:\/\/geooprema.com\/bs\/wp-json\/wp\/v2\/media\/28861"}],"wp:attachment":[{"href":"https:\/\/geooprema.com\/bs\/wp-json\/wp\/v2\/media?parent=32209"}],"wp:term":[{"taxonomy":"product_brand","embeddable":true,"href":"https:\/\/geooprema.com\/bs\/wp-json\/wp\/v2\/product_brand?post=32209"},{"taxonomy":"product_cat","embeddable":true,"href":"https:\/\/geooprema.com\/bs\/wp-json\/wp\/v2\/product_cat?post=32209"},{"taxonomy":"product_tag","embeddable":true,"href":"https:\/\/geooprema.com\/bs\/wp-json\/wp\/v2\/product_tag?post=32209"}],"curies":[{"name":"wp","href":"https:\/\/api.w.org\/{rel}","templated":true}]}}