
{"id":32174,"date":"2020-10-26T18:05:31","date_gmt":"2020-10-26T18:05:31","guid":{"rendered":"https:\/\/geooprema.com\/products\/Bez%20kategorije\/geomax-1-godina-produzene-garancije-zenith35-pro-samo-pri-pocetnoj-prodaji\/"},"modified":"2021-06-23T19:00:11","modified_gmt":"2021-06-23T19:00:11","slug":"geomax-1-godina-produzene-garancije-zenith35-pro-samo-pri-pocetnoj-prodaji","status":"publish","type":"product","link":"https:\/\/geooprema.com\/bs\/products\/briga-i-zastita-kupaca\/prosirenja-garancije\/gps-gnss-bs-2\/geomax-1-godina-produzene-garancije-zenith35-pro-samo-pri-pocetnoj-prodaji\/","title":{"rendered":"GeoMax 1 godina produ\u017eene garancije Zenith35 Pro (samo pri po\u010detnoj prodaji)"},"content":{"rendered":"<p>\u0160ta je produ\u017eena garancija?<\/p>\n<p>Ovo pru\u017ea opciju jedne ili dvije godine osnovne produ\u017eene garancije za totalne stanice bez reflektora Geomax serije Zoom. Ova pro\u0161irena garancija osigurava najbolje performanse va\u0161e totalne stanice.<\/p>\n<p>Za\u0161to da produ\u017eim garanciju?<\/p>\n<p>Klju\u010dno je da va\u0161a totalna stanica pru\u017ei specifi\u010dne i pouzdane rezultate koji su vam potrebni. S ovom produ\u017eenom garancijom garantuje vam da \u0107e va\u0161a totalna stanica imati rezervu jo\u0161 godinu dana nakon isteka po\u010detne garancije.<\/p>\n","protected":false},"excerpt":{"rendered":"<p>\u0160ta je produ\u017eena garancija? Ovo pru\u017ea opciju jedne ili dvije godine osnovne produ\u017eene garancije za totalne stanice bez reflektora Geomax serije Zoom. Ova pro\u0161irena garancija osigurava najbolje performanse va\u0161e totalne stanice. Za\u0161to da produ\u017eim garanciju? Klju\u010dno je da va\u0161a totalna stanica pru\u017ei specifi\u010dne i pouzdane rezultate koji su vam potrebni. S ovom produ\u017eenom garancijom garantuje [&hellip;]<\/p>\n","protected":false},"featured_media":29580,"comment_status":"open","ping_status":"closed","template":"","meta":{"_acf_changed":false},"product_brand":[],"product_cat":[1300,1298],"product_tag":[],"class_list":{"0":"post-32174","1":"product","2":"type-product","3":"status-publish","4":"has-post-thumbnail","6":"product_cat-gps-gnss-bs-2","7":"product_cat-prosirenja-garancije","8":"pa_brand-geomax-positioning-bs","10":"first","11":"onbackorder","12":"taxable","13":"shipping-taxable","14":"product-type-simple","swatches":"rey-swatches","show_selected":""},"acf":[],"yoast_head":"<!-- This site is optimized with the Yoast SEO plugin v24.9 - https:\/\/yoast.com\/wordpress\/plugins\/seo\/ -->\n<title>GeoMax 1 godina produ\u017eene garancije Zenith35 Pro (samo pri po\u010detnoj prodaji) - Geooprema<\/title>\n<meta name=\"robots\" content=\"index, follow, max-snippet:-1, max-image-preview:large, max-video-preview:-1\" \/>\n<link rel=\"canonical\" href=\"https:\/\/geooprema.com\/bs\/products\/prosirenja-garancije\/geomax-1-godina-produzene-garancije-zenith35-pro-samo-pri-pocetnoj-prodaji\/\" \/>\n<meta property=\"og:locale\" content=\"bs_BA\" \/>\n<meta property=\"og:type\" content=\"article\" \/>\n<meta property=\"og:title\" content=\"GeoMax 1 godina produ\u017eene garancije Zenith35 Pro (samo pri po\u010detnoj prodaji) - Geooprema\" \/>\n<meta property=\"og:description\" content=\"\u0160ta je produ\u017eena garancija? Ovo pru\u017ea opciju jedne ili dvije godine osnovne produ\u017eene garancije za totalne stanice bez reflektora Geomax serije Zoom. Ova pro\u0161irena garancija osigurava najbolje performanse va\u0161e totalne stanice. Za\u0161to da produ\u017eim garanciju? Klju\u010dno je da va\u0161a totalna stanica pru\u017ei specifi\u010dne i pouzdane rezultate koji su vam potrebni. S ovom produ\u017eenom garancijom garantuje [&hellip;]\" \/>\n<meta property=\"og:url\" content=\"https:\/\/geooprema.com\/bs\/products\/prosirenja-garancije\/geomax-1-godina-produzene-garancije-zenith35-pro-samo-pri-pocetnoj-prodaji\/\" \/>\n<meta property=\"og:site_name\" content=\"Geooprema\" \/>\n<meta property=\"article:publisher\" content=\"https:\/\/www.facebook.com\/geoinfobih\" \/>\n<meta property=\"article:modified_time\" content=\"2021-06-23T19:00:11+00:00\" \/>\n<meta property=\"og:image\" content=\"https:\/\/geooprema.com\/wp-content\/uploads\/2020\/10\/Geomax.jpg\" \/>\n\t<meta property=\"og:image:width\" content=\"800\" \/>\n\t<meta property=\"og:image:height\" content=\"800\" \/>\n\t<meta property=\"og:image:type\" content=\"image\/jpeg\" \/>\n<meta name=\"twitter:card\" content=\"summary_large_image\" \/>\n<script type=\"application\/ld+json\" class=\"yoast-schema-graph\">{\"@context\":\"https:\/\/schema.org\",\"@graph\":[{\"@type\":\"WebPage\",\"@id\":\"https:\/\/geooprema.com\/bs\/products\/prosirenja-garancije\/geomax-1-godina-produzene-garancije-zenith35-pro-samo-pri-pocetnoj-prodaji\/\",\"url\":\"https:\/\/geooprema.com\/bs\/products\/prosirenja-garancije\/geomax-1-godina-produzene-garancije-zenith35-pro-samo-pri-pocetnoj-prodaji\/\",\"name\":\"GeoMax 1 godina produ\u017eene garancije Zenith35 Pro (samo pri po\u010detnoj prodaji) - Geooprema\",\"isPartOf\":{\"@id\":\"https:\/\/geooprema.com\/#website\"},\"primaryImageOfPage\":{\"@id\":\"https:\/\/geooprema.com\/bs\/products\/prosirenja-garancije\/geomax-1-godina-produzene-garancije-zenith35-pro-samo-pri-pocetnoj-prodaji\/#primaryimage\"},\"image\":{\"@id\":\"https:\/\/geooprema.com\/bs\/products\/prosirenja-garancije\/geomax-1-godina-produzene-garancije-zenith35-pro-samo-pri-pocetnoj-prodaji\/#primaryimage\"},\"thumbnailUrl\":\"https:\/\/geooprema.com\/wp-content\/uploads\/2020\/10\/Geomax.jpg\",\"datePublished\":\"2020-10-26T18:05:31+00:00\",\"dateModified\":\"2021-06-23T19:00:11+00:00\",\"breadcrumb\":{\"@id\":\"https:\/\/geooprema.com\/bs\/products\/prosirenja-garancije\/geomax-1-godina-produzene-garancije-zenith35-pro-samo-pri-pocetnoj-prodaji\/#breadcrumb\"},\"inLanguage\":\"bs-BA\",\"potentialAction\":[{\"@type\":\"ReadAction\",\"target\":[\"https:\/\/geooprema.com\/bs\/products\/prosirenja-garancije\/geomax-1-godina-produzene-garancije-zenith35-pro-samo-pri-pocetnoj-prodaji\/\"]}]},{\"@type\":\"ImageObject\",\"inLanguage\":\"bs-BA\",\"@id\":\"https:\/\/geooprema.com\/bs\/products\/prosirenja-garancije\/geomax-1-godina-produzene-garancije-zenith35-pro-samo-pri-pocetnoj-prodaji\/#primaryimage\",\"url\":\"https:\/\/geooprema.com\/wp-content\/uploads\/2020\/10\/Geomax.jpg\",\"contentUrl\":\"https:\/\/geooprema.com\/wp-content\/uploads\/2020\/10\/Geomax.jpg\",\"width\":800,\"height\":800,\"caption\":\"Small target plate for Zoom3D\"},{\"@type\":\"BreadcrumbList\",\"@id\":\"https:\/\/geooprema.com\/bs\/products\/prosirenja-garancije\/geomax-1-godina-produzene-garancije-zenith35-pro-samo-pri-pocetnoj-prodaji\/#breadcrumb\",\"itemListElement\":[{\"@type\":\"ListItem\",\"position\":1,\"name\":\"Home\",\"item\":\"https:\/\/geooprema.com\/bs\/\"},{\"@type\":\"ListItem\",\"position\":2,\"name\":\"Shop\",\"item\":\"https:\/\/geooprema.com\/shop-2\/\"},{\"@type\":\"ListItem\",\"position\":3,\"name\":\"GeoMax 1 godina produ\u017eene garancije Zenith35 Pro (samo pri po\u010detnoj prodaji)\"}]},{\"@type\":\"WebSite\",\"@id\":\"https:\/\/geooprema.com\/#website\",\"url\":\"https:\/\/geooprema.com\/\",\"name\":\"Geooprema\",\"description\":\"Surveying and Construction Equipmen, Software and Accessories\",\"publisher\":{\"@id\":\"https:\/\/geooprema.com\/#organization\"},\"potentialAction\":[{\"@type\":\"SearchAction\",\"target\":{\"@type\":\"EntryPoint\",\"urlTemplate\":\"https:\/\/geooprema.com\/?s={search_term_string}\"},\"query-input\":{\"@type\":\"PropertyValueSpecification\",\"valueRequired\":true,\"valueName\":\"search_term_string\"}}],\"inLanguage\":\"bs-BA\"},{\"@type\":\"Organization\",\"@id\":\"https:\/\/geooprema.com\/#organization\",\"name\":\"Geooprema\",\"url\":\"https:\/\/geooprema.com\/\",\"logo\":{\"@type\":\"ImageObject\",\"inLanguage\":\"bs-BA\",\"@id\":\"https:\/\/geooprema.com\/#\/schema\/logo\/image\/\",\"url\":\"https:\/\/geooprema.com\/wp-content\/uploads\/2020\/08\/geooprema-logo.png\",\"contentUrl\":\"https:\/\/geooprema.com\/wp-content\/uploads\/2020\/08\/geooprema-logo.png\",\"width\":513,\"height\":161,\"caption\":\"Geooprema\"},\"image\":{\"@id\":\"https:\/\/geooprema.com\/#\/schema\/logo\/image\/\"},\"sameAs\":[\"https:\/\/www.facebook.com\/geoinfobih\",\"https:\/\/www.instagram.com\/geoinfodoo\/\",\"https:\/\/www.linkedin.com\/company\/geoinfo-doo\/\",\"https:\/\/www.youtube.com\/c\/Geoinfodoo\"]}]}<\/script>\n<!-- \/ Yoast SEO plugin. -->","yoast_head_json":{"title":"GeoMax 1 godina produ\u017eene garancije Zenith35 Pro (samo pri po\u010detnoj prodaji) - Geooprema","robots":{"index":"index","follow":"follow","max-snippet":"max-snippet:-1","max-image-preview":"max-image-preview:large","max-video-preview":"max-video-preview:-1"},"canonical":"https:\/\/geooprema.com\/bs\/products\/prosirenja-garancije\/geomax-1-godina-produzene-garancije-zenith35-pro-samo-pri-pocetnoj-prodaji\/","og_locale":"bs_BA","og_type":"article","og_title":"GeoMax 1 godina produ\u017eene garancije Zenith35 Pro (samo pri po\u010detnoj prodaji) - Geooprema","og_description":"\u0160ta je produ\u017eena garancija? Ovo pru\u017ea opciju jedne ili dvije godine osnovne produ\u017eene garancije za totalne stanice bez reflektora Geomax serije Zoom. Ova pro\u0161irena garancija osigurava najbolje performanse va\u0161e totalne stanice. Za\u0161to da produ\u017eim garanciju? Klju\u010dno je da va\u0161a totalna stanica pru\u017ei specifi\u010dne i pouzdane rezultate koji su vam potrebni. S ovom produ\u017eenom garancijom garantuje [&hellip;]","og_url":"https:\/\/geooprema.com\/bs\/products\/prosirenja-garancije\/geomax-1-godina-produzene-garancije-zenith35-pro-samo-pri-pocetnoj-prodaji\/","og_site_name":"Geooprema","article_publisher":"https:\/\/www.facebook.com\/geoinfobih","article_modified_time":"2021-06-23T19:00:11+00:00","og_image":[{"width":800,"height":800,"url":"https:\/\/geooprema.com\/wp-content\/uploads\/2020\/10\/Geomax.jpg","type":"image\/jpeg"}],"twitter_card":"summary_large_image","schema":{"@context":"https:\/\/schema.org","@graph":[{"@type":"WebPage","@id":"https:\/\/geooprema.com\/bs\/products\/prosirenja-garancije\/geomax-1-godina-produzene-garancije-zenith35-pro-samo-pri-pocetnoj-prodaji\/","url":"https:\/\/geooprema.com\/bs\/products\/prosirenja-garancije\/geomax-1-godina-produzene-garancije-zenith35-pro-samo-pri-pocetnoj-prodaji\/","name":"GeoMax 1 godina produ\u017eene garancije Zenith35 Pro (samo pri po\u010detnoj prodaji) - Geooprema","isPartOf":{"@id":"https:\/\/geooprema.com\/#website"},"primaryImageOfPage":{"@id":"https:\/\/geooprema.com\/bs\/products\/prosirenja-garancije\/geomax-1-godina-produzene-garancije-zenith35-pro-samo-pri-pocetnoj-prodaji\/#primaryimage"},"image":{"@id":"https:\/\/geooprema.com\/bs\/products\/prosirenja-garancije\/geomax-1-godina-produzene-garancije-zenith35-pro-samo-pri-pocetnoj-prodaji\/#primaryimage"},"thumbnailUrl":"https:\/\/geooprema.com\/wp-content\/uploads\/2020\/10\/Geomax.jpg","datePublished":"2020-10-26T18:05:31+00:00","dateModified":"2021-06-23T19:00:11+00:00","breadcrumb":{"@id":"https:\/\/geooprema.com\/bs\/products\/prosirenja-garancije\/geomax-1-godina-produzene-garancije-zenith35-pro-samo-pri-pocetnoj-prodaji\/#breadcrumb"},"inLanguage":"bs-BA","potentialAction":[{"@type":"ReadAction","target":["https:\/\/geooprema.com\/bs\/products\/prosirenja-garancije\/geomax-1-godina-produzene-garancije-zenith35-pro-samo-pri-pocetnoj-prodaji\/"]}]},{"@type":"ImageObject","inLanguage":"bs-BA","@id":"https:\/\/geooprema.com\/bs\/products\/prosirenja-garancije\/geomax-1-godina-produzene-garancije-zenith35-pro-samo-pri-pocetnoj-prodaji\/#primaryimage","url":"https:\/\/geooprema.com\/wp-content\/uploads\/2020\/10\/Geomax.jpg","contentUrl":"https:\/\/geooprema.com\/wp-content\/uploads\/2020\/10\/Geomax.jpg","width":800,"height":800,"caption":"Small target plate for Zoom3D"},{"@type":"BreadcrumbList","@id":"https:\/\/geooprema.com\/bs\/products\/prosirenja-garancije\/geomax-1-godina-produzene-garancije-zenith35-pro-samo-pri-pocetnoj-prodaji\/#breadcrumb","itemListElement":[{"@type":"ListItem","position":1,"name":"Home","item":"https:\/\/geooprema.com\/bs\/"},{"@type":"ListItem","position":2,"name":"Shop","item":"https:\/\/geooprema.com\/shop-2\/"},{"@type":"ListItem","position":3,"name":"GeoMax 1 godina produ\u017eene garancije Zenith35 Pro (samo pri po\u010detnoj prodaji)"}]},{"@type":"WebSite","@id":"https:\/\/geooprema.com\/#website","url":"https:\/\/geooprema.com\/","name":"Geooprema","description":"Surveying and Construction Equipmen, Software and Accessories","publisher":{"@id":"https:\/\/geooprema.com\/#organization"},"potentialAction":[{"@type":"SearchAction","target":{"@type":"EntryPoint","urlTemplate":"https:\/\/geooprema.com\/?s={search_term_string}"},"query-input":{"@type":"PropertyValueSpecification","valueRequired":true,"valueName":"search_term_string"}}],"inLanguage":"bs-BA"},{"@type":"Organization","@id":"https:\/\/geooprema.com\/#organization","name":"Geooprema","url":"https:\/\/geooprema.com\/","logo":{"@type":"ImageObject","inLanguage":"bs-BA","@id":"https:\/\/geooprema.com\/#\/schema\/logo\/image\/","url":"https:\/\/geooprema.com\/wp-content\/uploads\/2020\/08\/geooprema-logo.png","contentUrl":"https:\/\/geooprema.com\/wp-content\/uploads\/2020\/08\/geooprema-logo.png","width":513,"height":161,"caption":"Geooprema"},"image":{"@id":"https:\/\/geooprema.com\/#\/schema\/logo\/image\/"},"sameAs":["https:\/\/www.facebook.com\/geoinfobih","https:\/\/www.instagram.com\/geoinfodoo\/","https:\/\/www.linkedin.com\/company\/geoinfo-doo\/","https:\/\/www.youtube.com\/c\/Geoinfodoo"]}]}},"_links":{"self":[{"href":"https:\/\/geooprema.com\/bs\/wp-json\/wp\/v2\/product\/32174","targetHints":{"allow":["GET"]}}],"collection":[{"href":"https:\/\/geooprema.com\/bs\/wp-json\/wp\/v2\/product"}],"about":[{"href":"https:\/\/geooprema.com\/bs\/wp-json\/wp\/v2\/types\/product"}],"replies":[{"embeddable":true,"href":"https:\/\/geooprema.com\/bs\/wp-json\/wp\/v2\/comments?post=32174"}],"wp:featuredmedia":[{"embeddable":true,"href":"https:\/\/geooprema.com\/bs\/wp-json\/wp\/v2\/media\/29580"}],"wp:attachment":[{"href":"https:\/\/geooprema.com\/bs\/wp-json\/wp\/v2\/media?parent=32174"}],"wp:term":[{"taxonomy":"product_brand","embeddable":true,"href":"https:\/\/geooprema.com\/bs\/wp-json\/wp\/v2\/product_brand?post=32174"},{"taxonomy":"product_cat","embeddable":true,"href":"https:\/\/geooprema.com\/bs\/wp-json\/wp\/v2\/product_cat?post=32174"},{"taxonomy":"product_tag","embeddable":true,"href":"https:\/\/geooprema.com\/bs\/wp-json\/wp\/v2\/product_tag?post=32174"}],"curies":[{"name":"wp","href":"https:\/\/api.w.org\/{rel}","templated":true}]}}