
{"id":32158,"date":"2020-10-16T15:57:58","date_gmt":"2020-10-16T15:57:58","guid":{"rendered":"https:\/\/geooprema.com\/products\/Bez kategorije\/geo-fennel-p1-9-gusciji-vrat-1m-glava-kamere-9-mm\/"},"modified":"2020-10-16T15:57:58","modified_gmt":"2020-10-16T15:57:58","slug":"geo-fennel-p1-9-gusciji-vrat-1m-glava-kamere-9-mm","status":"publish","type":"product","link":"https:\/\/geooprema.com\/bs\/products\/gradjevinska-oprema\/video-boreskopi\/geo-fennel-p1-9-gusciji-vrat-1m-glava-kamere-9-mm\/","title":{"rendered":"Geo Fennel P1-9 gu\u0161\u010diji vrat 1m, glava kamere 9 mm"},"content":{"rendered":"<h4> Specifikacije <\/h4>\n<div class = \"e4987-38 x-stupac x-sm x-1-3\">\n<div class = \"e4987-40 x-text\">\n<ul class = \"fa-ul\">\n<li> Vodonepropusna glava i sonda kamere <\/li>\n<li> 1 m duga fleksibilna sonda sa gu\u0161\u010dijim vratom s glavom kamere za opti\u010dki pregled nepristupa\u010dnih podru\u010dja <\/li>\n<li> Glava kamere sa LED osvjetljenjem <\/li>\n<li> Trenutni prenos slike u boji na veliki LCD ekran <\/li>\n<li> Zakretanje slike za 180 \u00b0 pritiskom na dugme <\/li>\n<li> Direktan prenos slike na televizor ili notebook <\/li>\n<li> Dodaci: <br \/>\n&#8211; Priklju\u010dci za kuke i magnet za izvla\u010denje predmeta <br \/>\n&#8211; Ugaoni dodatak ogledala za \u201epogled oko uglova\u201c <br \/>\n&#8211; Mo\u0107na Li-Ion baterija sa punja\u010dem <\/li>\n<\/ul>\n<\/div>\n<\/div>\n<div class = \"e4987-41 x-stupac x-sm x-1-3\">\n<div class = \"e4987-42 x-text\">\n<ul class = \"fa-ul\">\n<li> <strong> Glava kamere: <\/strong> <\/li>\n<li> Vidljivi ugao: <span class = \"Apple-tab-span\"> <\/span> 0 \u00b0 i 180 \u00b0 <\/li>\n<li> \u017di\u017ena daljina: <span class = \"Apple-tab-span\"> <\/span> 6 &#8211; 7 cm <\/li>\n<li> Vidljiva udaljenost: <span class = \"Apple-tab-span\"> <\/span> 5 &#8211; 15 cm <\/li>\n<li> Pre\u010dnik glave kamere: <span class = \"Apple-tab-span\"> <\/span> 17 mm <\/li>\n<li> Izvor svjetlosti: <span class = \"Apple-tab-span\"> <\/span> LED <\/li>\n<li> Ekran: <\/strong> <\/li>\n<li> Veli\u010dina prikaza: <span class = \"Apple-tab-span\"> <\/span> 3 \u201c<\/li>\n<li> Rezolucija: <span class = \"Apple-tab-span\"> <\/span> 960 x 240 piksela <\/li>\n<li> Prijenos slike na LCD: <span class = \"Apple-tab-span\"> <\/span> Fleksibilan guska vrat <\/li>\n<li> CMOS senzor slike: <span class = \"Apple-tab-span\"> <\/span> 300.000 piksela <\/li>\n<li> Video izlaz (na TV) <span class = \"Apple-tab-span\"> <\/span> PAL \/ NTSC <\/li>\n<\/ul>\n<\/div>\n<\/div>\n<div class = \"e4987-43 x-stupac x-sm x-1-3\">\n<div class = \"e4987-44 x-text\">\n<p> &#038; nbsp; <\/p>\n<ul class = \"fa-ul\">\n<li><< Razno:<\/ <\/strong> <\/li>\n<li> Du\u017eina sonde: <span class = \"Apple-tab-span\"> <\/span> 100 cm <\/li>\n<li> Radijus savijanja sonde: <span class = \"Apple-tab-span\"> <\/span> 6 cm <\/li>\n<li> Sonda i kamera za za\u0161titu od pra\u0161ine \/ vode: <span class = \"Apple-tab-span\"> <\/span> IP 67 <\/li>\n<li> Napajanje: <span class = \"Apple-tab-span\"> <\/span> 3,7 V \/ 2000 mAH Li-Ion <\/li>\n<li> Vrijeme rada: <span class = \"Apple-tab-span\"> <\/span> 4 h <\/li>\n<li> Raspon temperatura: <span class = \"Apple-tab-span\"> <\/span> -10 \u00b0 C &#8211; + 50 \u00b0 C <\/li>\n<li> Raspon vla\u017enosti: <span class = \"Apple-tab-span\"> <\/span> 15 &#8211; 85% relativne vla\u017enosti <\/li>\n<li> Dimenzije: <span class = \"Apple-tab-span\"> <\/span> 240 x 160 x 100 mm <\/li>\n<li> Te\u017eina sa sondom: <span class = \"Apple-tab-span\"> <\/span> 0,584 kg <\/li>\n<\/ul>\n<\/div>\n<\/div>\n","protected":false},"excerpt":{"rendered":"<div class = \"content - title\">\n<div class = \"content - title\">\n<div class = \"content - title\"> Informacije o proizvodu &#8220;FVE 100&#8221; <\/div>\n<div class = \"product - description\">\n<p> Video borescope za kontrolu i snimanje nepristupa\u010dnih podru\u010dja. <\/p>\n<p> <strong> Razmjene i zadaci: <\/strong> Sanitarije, grijanje i ventilacija, automobilska industrija, radionice, obnova. <\/p>\n<p> Karakteristike: <\/p>\n<ul>\n<li> Vodonepropusna glava i sonda kamere <\/li>\n<li> 1 m duga\u010dka fleksibilna sonda sa gu\u0161\u010dijim vratom s glavom kamere za opti\u010dki pregled nepristupa\u010dnih podru\u010dja <\/li>\n<li> Glava kamere sa LED osvjetljenjem <\/li>\n<li> Trenutni prenos slike u boji na veliki LCD ekran <\/li>\n<li> Zakretanje slike za 180 \u00b0 pritiskom na dugme <\/li>\n<li> Direktan prenos slike na televizor ili notebook <\/li>\n<li> Dodaci:\n<ul>\n<li> Priklju\u010dci za kuke i magnete za preuzimanje predmeta <\/li>\n<li> Ugaoni dodatak ogledala za \u201epogled oko uglova\u201c <\/li>\n<li> Mo\u0107na Li-Ion baterija sa punja\u010dem <\/li>\n<\/ul>\n<\/li>\n<\/ul>\n<\/div>\n<\/div>\n<\/div>\n","protected":false},"featured_media":28197,"comment_status":"open","ping_status":"closed","template":"","meta":{"_acf_changed":false},"product_brand":[],"product_cat":[341,1289],"product_tag":[],"class_list":{"0":"post-32158","1":"product","2":"type-product","3":"status-publish","4":"has-post-thumbnail","6":"product_cat-geodetska-oprema","7":"product_cat-video-boreskopi","8":"pa_brand-geofennel-bs","10":"first","11":"onbackorder","12":"taxable","13":"shipping-taxable","14":"product-type-simple","swatches":"rey-swatches","show_selected":""},"acf":[],"yoast_head":"<!-- This site is optimized with the Yoast SEO plugin v24.9 - https:\/\/yoast.com\/wordpress\/plugins\/seo\/ -->\n<title>Geo Fennel P1-9 gu\u0161\u010diji vrat 1m, glava kamere 9 mm - Geooprema<\/title>\n<meta name=\"robots\" content=\"index, follow, max-snippet:-1, max-image-preview:large, max-video-preview:-1\" \/>\n<link rel=\"canonical\" href=\"https:\/\/geooprema.com\/bs\/products\/geodetska-oprema\/geo-fennel-p1-9-gusciji-vrat-1m-glava-kamere-9-mm\/\" \/>\n<meta property=\"og:locale\" content=\"bs_BA\" \/>\n<meta property=\"og:type\" content=\"article\" \/>\n<meta property=\"og:title\" content=\"Geo Fennel P1-9 gu\u0161\u010diji vrat 1m, glava kamere 9 mm - Geooprema\" \/>\n<meta property=\"og:description\" content=\"Informacije o proizvodu &quot;FVE 100&quot;   Video borescope za kontrolu i snimanje nepristupa\u010dnih podru\u010dja.   Razmjene i zadaci: Sanitarije, grijanje i ventilacija, automobilska industrija, radionice, obnova.  Karakteristike:   Vodonepropusna glava i sonda kamere  1 m duga\u010dka fleksibilna sonda sa gu\u0161\u010dijim vratom s glavom kamere za opti\u010dki pregled nepristupa\u010dnih podru\u010dja  Glava kamere sa LED osvjetljenjem  Trenutni prenos slike u boji na veliki LCD ekran  Zakretanje slike za 180 \u00b0 pritiskom na dugme  Direktan prenos slike na televizor ili notebook  Dodaci:   Priklju\u010dci za kuke i magnete za preuzimanje predmeta  Ugaoni dodatak ogledala za \u201epogled oko uglova\u201c  Mo\u0107na Li-Ion baterija sa punja\u010dem\" \/>\n<meta property=\"og:url\" content=\"https:\/\/geooprema.com\/bs\/products\/geodetska-oprema\/geo-fennel-p1-9-gusciji-vrat-1m-glava-kamere-9-mm\/\" \/>\n<meta property=\"og:site_name\" content=\"Geooprema\" \/>\n<meta property=\"article:publisher\" content=\"https:\/\/www.facebook.com\/geoinfobih\" \/>\n<meta property=\"og:image\" content=\"https:\/\/geooprema.com\/wp-content\/uploads\/2020\/10\/FVE-100.jpg\" \/>\n\t<meta property=\"og:image:width\" content=\"800\" \/>\n\t<meta property=\"og:image:height\" content=\"800\" \/>\n\t<meta property=\"og:image:type\" content=\"image\/jpeg\" \/>\n<meta name=\"twitter:card\" content=\"summary_large_image\" \/>\n<meta name=\"twitter:label1\" content=\"Est. reading time\" \/>\n\t<meta name=\"twitter:data1\" content=\"1 minuta\" \/>\n<script type=\"application\/ld+json\" class=\"yoast-schema-graph\">{\"@context\":\"https:\/\/schema.org\",\"@graph\":[{\"@type\":\"WebPage\",\"@id\":\"https:\/\/geooprema.com\/bs\/products\/geodetska-oprema\/geo-fennel-p1-9-gusciji-vrat-1m-glava-kamere-9-mm\/\",\"url\":\"https:\/\/geooprema.com\/bs\/products\/geodetska-oprema\/geo-fennel-p1-9-gusciji-vrat-1m-glava-kamere-9-mm\/\",\"name\":\"Geo Fennel P1-9 gu\u0161\u010diji vrat 1m, glava kamere 9 mm - Geooprema\",\"isPartOf\":{\"@id\":\"https:\/\/geooprema.com\/#website\"},\"primaryImageOfPage\":{\"@id\":\"https:\/\/geooprema.com\/bs\/products\/geodetska-oprema\/geo-fennel-p1-9-gusciji-vrat-1m-glava-kamere-9-mm\/#primaryimage\"},\"image\":{\"@id\":\"https:\/\/geooprema.com\/bs\/products\/geodetska-oprema\/geo-fennel-p1-9-gusciji-vrat-1m-glava-kamere-9-mm\/#primaryimage\"},\"thumbnailUrl\":\"https:\/\/geooprema.com\/wp-content\/uploads\/2020\/10\/FVE-100.jpg\",\"datePublished\":\"2020-10-16T15:57:58+00:00\",\"breadcrumb\":{\"@id\":\"https:\/\/geooprema.com\/bs\/products\/geodetska-oprema\/geo-fennel-p1-9-gusciji-vrat-1m-glava-kamere-9-mm\/#breadcrumb\"},\"inLanguage\":\"bs-BA\",\"potentialAction\":[{\"@type\":\"ReadAction\",\"target\":[\"https:\/\/geooprema.com\/bs\/products\/geodetska-oprema\/geo-fennel-p1-9-gusciji-vrat-1m-glava-kamere-9-mm\/\"]}]},{\"@type\":\"ImageObject\",\"inLanguage\":\"bs-BA\",\"@id\":\"https:\/\/geooprema.com\/bs\/products\/geodetska-oprema\/geo-fennel-p1-9-gusciji-vrat-1m-glava-kamere-9-mm\/#primaryimage\",\"url\":\"https:\/\/geooprema.com\/wp-content\/uploads\/2020\/10\/FVE-100.jpg\",\"contentUrl\":\"https:\/\/geooprema.com\/wp-content\/uploads\/2020\/10\/FVE-100.jpg\",\"width\":800,\"height\":800,\"caption\":\"Geo Fennel FVE 150 Video borescope\"},{\"@type\":\"BreadcrumbList\",\"@id\":\"https:\/\/geooprema.com\/bs\/products\/geodetska-oprema\/geo-fennel-p1-9-gusciji-vrat-1m-glava-kamere-9-mm\/#breadcrumb\",\"itemListElement\":[{\"@type\":\"ListItem\",\"position\":1,\"name\":\"Home\",\"item\":\"https:\/\/geooprema.com\/bs\/\"},{\"@type\":\"ListItem\",\"position\":2,\"name\":\"Shop\",\"item\":\"https:\/\/geooprema.com\/shop-2\/\"},{\"@type\":\"ListItem\",\"position\":3,\"name\":\"Geo Fennel P1-9 gu\u0161\u010diji vrat 1m, glava kamere 9 mm\"}]},{\"@type\":\"WebSite\",\"@id\":\"https:\/\/geooprema.com\/#website\",\"url\":\"https:\/\/geooprema.com\/\",\"name\":\"Geooprema\",\"description\":\"Surveying and Construction Equipmen, Software and Accessories\",\"publisher\":{\"@id\":\"https:\/\/geooprema.com\/#organization\"},\"potentialAction\":[{\"@type\":\"SearchAction\",\"target\":{\"@type\":\"EntryPoint\",\"urlTemplate\":\"https:\/\/geooprema.com\/?s={search_term_string}\"},\"query-input\":{\"@type\":\"PropertyValueSpecification\",\"valueRequired\":true,\"valueName\":\"search_term_string\"}}],\"inLanguage\":\"bs-BA\"},{\"@type\":\"Organization\",\"@id\":\"https:\/\/geooprema.com\/#organization\",\"name\":\"Geooprema\",\"url\":\"https:\/\/geooprema.com\/\",\"logo\":{\"@type\":\"ImageObject\",\"inLanguage\":\"bs-BA\",\"@id\":\"https:\/\/geooprema.com\/#\/schema\/logo\/image\/\",\"url\":\"https:\/\/geooprema.com\/wp-content\/uploads\/2020\/08\/geooprema-logo.png\",\"contentUrl\":\"https:\/\/geooprema.com\/wp-content\/uploads\/2020\/08\/geooprema-logo.png\",\"width\":513,\"height\":161,\"caption\":\"Geooprema\"},\"image\":{\"@id\":\"https:\/\/geooprema.com\/#\/schema\/logo\/image\/\"},\"sameAs\":[\"https:\/\/www.facebook.com\/geoinfobih\",\"https:\/\/www.instagram.com\/geoinfodoo\/\",\"https:\/\/www.linkedin.com\/company\/geoinfo-doo\/\",\"https:\/\/www.youtube.com\/c\/Geoinfodoo\"]}]}<\/script>\n<!-- \/ Yoast SEO plugin. -->","yoast_head_json":{"title":"Geo Fennel P1-9 gu\u0161\u010diji vrat 1m, glava kamere 9 mm - Geooprema","robots":{"index":"index","follow":"follow","max-snippet":"max-snippet:-1","max-image-preview":"max-image-preview:large","max-video-preview":"max-video-preview:-1"},"canonical":"https:\/\/geooprema.com\/bs\/products\/geodetska-oprema\/geo-fennel-p1-9-gusciji-vrat-1m-glava-kamere-9-mm\/","og_locale":"bs_BA","og_type":"article","og_title":"Geo Fennel P1-9 gu\u0161\u010diji vrat 1m, glava kamere 9 mm - Geooprema","og_description":"Informacije o proizvodu \"FVE 100\"   Video borescope za kontrolu i snimanje nepristupa\u010dnih podru\u010dja.   Razmjene i zadaci: Sanitarije, grijanje i ventilacija, automobilska industrija, radionice, obnova.  Karakteristike:   Vodonepropusna glava i sonda kamere  1 m duga\u010dka fleksibilna sonda sa gu\u0161\u010dijim vratom s glavom kamere za opti\u010dki pregled nepristupa\u010dnih podru\u010dja  Glava kamere sa LED osvjetljenjem  Trenutni prenos slike u boji na veliki LCD ekran  Zakretanje slike za 180 \u00b0 pritiskom na dugme  Direktan prenos slike na televizor ili notebook  Dodaci:   Priklju\u010dci za kuke i magnete za preuzimanje predmeta  Ugaoni dodatak ogledala za \u201epogled oko uglova\u201c  Mo\u0107na Li-Ion baterija sa punja\u010dem","og_url":"https:\/\/geooprema.com\/bs\/products\/geodetska-oprema\/geo-fennel-p1-9-gusciji-vrat-1m-glava-kamere-9-mm\/","og_site_name":"Geooprema","article_publisher":"https:\/\/www.facebook.com\/geoinfobih","og_image":[{"width":800,"height":800,"url":"https:\/\/geooprema.com\/wp-content\/uploads\/2020\/10\/FVE-100.jpg","type":"image\/jpeg"}],"twitter_card":"summary_large_image","twitter_misc":{"Est. reading time":"1 minuta"},"schema":{"@context":"https:\/\/schema.org","@graph":[{"@type":"WebPage","@id":"https:\/\/geooprema.com\/bs\/products\/geodetska-oprema\/geo-fennel-p1-9-gusciji-vrat-1m-glava-kamere-9-mm\/","url":"https:\/\/geooprema.com\/bs\/products\/geodetska-oprema\/geo-fennel-p1-9-gusciji-vrat-1m-glava-kamere-9-mm\/","name":"Geo Fennel P1-9 gu\u0161\u010diji vrat 1m, glava kamere 9 mm - Geooprema","isPartOf":{"@id":"https:\/\/geooprema.com\/#website"},"primaryImageOfPage":{"@id":"https:\/\/geooprema.com\/bs\/products\/geodetska-oprema\/geo-fennel-p1-9-gusciji-vrat-1m-glava-kamere-9-mm\/#primaryimage"},"image":{"@id":"https:\/\/geooprema.com\/bs\/products\/geodetska-oprema\/geo-fennel-p1-9-gusciji-vrat-1m-glava-kamere-9-mm\/#primaryimage"},"thumbnailUrl":"https:\/\/geooprema.com\/wp-content\/uploads\/2020\/10\/FVE-100.jpg","datePublished":"2020-10-16T15:57:58+00:00","breadcrumb":{"@id":"https:\/\/geooprema.com\/bs\/products\/geodetska-oprema\/geo-fennel-p1-9-gusciji-vrat-1m-glava-kamere-9-mm\/#breadcrumb"},"inLanguage":"bs-BA","potentialAction":[{"@type":"ReadAction","target":["https:\/\/geooprema.com\/bs\/products\/geodetska-oprema\/geo-fennel-p1-9-gusciji-vrat-1m-glava-kamere-9-mm\/"]}]},{"@type":"ImageObject","inLanguage":"bs-BA","@id":"https:\/\/geooprema.com\/bs\/products\/geodetska-oprema\/geo-fennel-p1-9-gusciji-vrat-1m-glava-kamere-9-mm\/#primaryimage","url":"https:\/\/geooprema.com\/wp-content\/uploads\/2020\/10\/FVE-100.jpg","contentUrl":"https:\/\/geooprema.com\/wp-content\/uploads\/2020\/10\/FVE-100.jpg","width":800,"height":800,"caption":"Geo Fennel FVE 150 Video borescope"},{"@type":"BreadcrumbList","@id":"https:\/\/geooprema.com\/bs\/products\/geodetska-oprema\/geo-fennel-p1-9-gusciji-vrat-1m-glava-kamere-9-mm\/#breadcrumb","itemListElement":[{"@type":"ListItem","position":1,"name":"Home","item":"https:\/\/geooprema.com\/bs\/"},{"@type":"ListItem","position":2,"name":"Shop","item":"https:\/\/geooprema.com\/shop-2\/"},{"@type":"ListItem","position":3,"name":"Geo Fennel P1-9 gu\u0161\u010diji vrat 1m, glava kamere 9 mm"}]},{"@type":"WebSite","@id":"https:\/\/geooprema.com\/#website","url":"https:\/\/geooprema.com\/","name":"Geooprema","description":"Surveying and Construction Equipmen, Software and Accessories","publisher":{"@id":"https:\/\/geooprema.com\/#organization"},"potentialAction":[{"@type":"SearchAction","target":{"@type":"EntryPoint","urlTemplate":"https:\/\/geooprema.com\/?s={search_term_string}"},"query-input":{"@type":"PropertyValueSpecification","valueRequired":true,"valueName":"search_term_string"}}],"inLanguage":"bs-BA"},{"@type":"Organization","@id":"https:\/\/geooprema.com\/#organization","name":"Geooprema","url":"https:\/\/geooprema.com\/","logo":{"@type":"ImageObject","inLanguage":"bs-BA","@id":"https:\/\/geooprema.com\/#\/schema\/logo\/image\/","url":"https:\/\/geooprema.com\/wp-content\/uploads\/2020\/08\/geooprema-logo.png","contentUrl":"https:\/\/geooprema.com\/wp-content\/uploads\/2020\/08\/geooprema-logo.png","width":513,"height":161,"caption":"Geooprema"},"image":{"@id":"https:\/\/geooprema.com\/#\/schema\/logo\/image\/"},"sameAs":["https:\/\/www.facebook.com\/geoinfobih","https:\/\/www.instagram.com\/geoinfodoo\/","https:\/\/www.linkedin.com\/company\/geoinfo-doo\/","https:\/\/www.youtube.com\/c\/Geoinfodoo"]}]}},"_links":{"self":[{"href":"https:\/\/geooprema.com\/bs\/wp-json\/wp\/v2\/product\/32158","targetHints":{"allow":["GET"]}}],"collection":[{"href":"https:\/\/geooprema.com\/bs\/wp-json\/wp\/v2\/product"}],"about":[{"href":"https:\/\/geooprema.com\/bs\/wp-json\/wp\/v2\/types\/product"}],"replies":[{"embeddable":true,"href":"https:\/\/geooprema.com\/bs\/wp-json\/wp\/v2\/comments?post=32158"}],"wp:featuredmedia":[{"embeddable":true,"href":"https:\/\/geooprema.com\/bs\/wp-json\/wp\/v2\/media\/28197"}],"wp:attachment":[{"href":"https:\/\/geooprema.com\/bs\/wp-json\/wp\/v2\/media?parent=32158"}],"wp:term":[{"taxonomy":"product_brand","embeddable":true,"href":"https:\/\/geooprema.com\/bs\/wp-json\/wp\/v2\/product_brand?post=32158"},{"taxonomy":"product_cat","embeddable":true,"href":"https:\/\/geooprema.com\/bs\/wp-json\/wp\/v2\/product_cat?post=32158"},{"taxonomy":"product_tag","embeddable":true,"href":"https:\/\/geooprema.com\/bs\/wp-json\/wp\/v2\/product_tag?post=32158"}],"curies":[{"name":"wp","href":"https:\/\/api.w.org\/{rel}","templated":true}]}}