
{"id":32157,"date":"2020-10-16T15:57:54","date_gmt":"2020-10-16T15:57:54","guid":{"rendered":"https:\/\/geooprema.com\/products\/Bez%20kategorije\/geo-fennel-p1-17-gusciji-vrat-1m-glava-kamere-17-mm\/"},"modified":"2021-06-23T18:19:40","modified_gmt":"2021-06-23T18:19:40","slug":"geo-fennel-p1-17-gusciji-vrat-1m-glava-kamere-17-mm","status":"publish","type":"product","link":"https:\/\/geooprema.com\/bs\/products\/gradjevinska-oprema\/video-boreskopi\/geo-fennel-p1-17-gusciji-vrat-1m-glava-kamere-17-mm\/","title":{"rendered":"Geo Fennel P1-17 gu\u0161\u010diji vrat 1m, glava kamere 17 mm"},"content":{"rendered":"<h4>Specifikacije:<\/h4>\n<div class=\"e4987-38 x-stupac x-sm x-1-3\">\n<div class=\"e4987-40 x-text\">\n<ul class=\"fa-ul\">\n<li>Vodonepropusna glava i sonda kamere<\/li>\n<li>1 m duga fleksibilna sonda za gu\u0161\u010diji vrat s glavom kamere za opti\u010dki pregled nepristupa\u010dnih podru\u010dja<\/li>\n<li>Glava kamere sa LED osvjetljenjem<\/li>\n<li>Trenutni prenos slike u boji na veliki LCD ekran<\/li>\n<li>Zakretanje slike za 180 \u00b0 pritiskom na dugme<\/li>\n<li>Direktan prenos slike na televizor ili notebook<\/li>\n<li>Dodaci:<br \/>\n&#8211; Priklju\u010dci za kuke i magnet za izvla\u010denje predmeta<br \/>\n&#8211; Ugaoni dodatak ogledala za \u201epogled oko uglova\u201c<br \/>\n&#8211; Mo\u0107na Li-Ion baterija sa punja\u010dem<\/li>\n<\/ul>\n<\/div>\n<\/div>\n<div class=\"e4987-41 x-stupac x-sm x-1-3\">\n<div class=\"e4987-42 x-text\">\n<ul class=\"fa-ul\">\n<li><strong> Glava kamere: <\/strong><\/li>\n<li>Vidljivi ugao: 0 \u00b0 i 180 \u00b0<\/li>\n<li>\u017di\u017ena daljina: 6 &#8211; 7 cm<\/li>\n<li>Vidljiva udaljenost: 5 &#8211; 15 cm<\/li>\n<li>Pre\u010dnik glave kamere: 17 mm<\/li>\n<li>Izvor svjetlosti: LED<\/li>\n<li>\u00a0Ekran:<\/li>\n<li>Veli\u010dina prikaza: 3 \u201c<\/li>\n<li>Rezolucija: 960 x 240 piksela<\/li>\n<li>Prenos slike na LCD: Fleksibilan guska vrat<\/li>\n<li>CMOS senzor slike: 300.000 piksela<\/li>\n<li>Video izlaz (na TV) PAL \/ NTSC<\/li>\n<\/ul>\n<\/div>\n<\/div>\n<div class=\"e4987-43 x-stupac x-sm x-1-3\">\n<div class=\"e4987-44 x-text\">\n<ul class=\"fa-ul\">\n<li>Razno:<\/li>\n<li>Du\u017eina sonde: 100 cm<\/li>\n<li>Radijus savijanja sonde: 6 cm<\/li>\n<li>Sonda i kamera za za\u0161titu od pra\u0161ine \/ vode: IP 67<\/li>\n<li>Napajanje: 3,7 V \/ 2000 mAH Li-Ion<\/li>\n<li>Vrijeme rada: 4 h<\/li>\n<li>Raspon temperatura: -10 \u00b0 C &#8211; + 50 \u00b0 C<\/li>\n<li>Raspon vla\u017enosti: 15 &#8211; 85% relativne vla\u017enosti<\/li>\n<li>Dimenzije: 240 x 160 x 100 mm<\/li>\n<li>Te\u017eina sa sondom: 0,584 kg<\/li>\n<\/ul>\n<\/div>\n<\/div>\n","protected":false},"excerpt":{"rendered":"<div class=\"content - title\">\n<div class=\"content - title\">\n<div class=\"content - title\">\n<h2>Karakteristike<\/h2>\n<ul class=\"fa-ul\">\n<li>Vodonepropusna glava i sonda kamere<\/li>\n<li>1 m duga\u010dka fleksibilna sonda sa gu\u0161\u010dijim vratom s glavom kamere za opti\u010dki pregled nepristupa\u010dnih podru\u010dja<\/li>\n<li>Glava kamere sa LED osvjetljenjem<\/li>\n<li>Trenutni prenos slike u boji na veliki LCD ekran<\/li>\n<li>Zakretanje slike za 180 \u00b0 pritiskom na dugme<\/li>\n<li>Direktan prenos slike na televizor ili notebook<\/li>\n<li>Dodaci:<br \/>\n&#8211; Priklju\u010dci za kuke i magnet za izvla\u010denje predmeta<br \/>\n&#8211; Ugaoni dodatak ogledala za \u201epogled oko uglova\u201c<br \/>\n&#8211; Mo\u0107na Li-Ion baterija sa punja\u010dem<\/li>\n<\/ul>\n<h4>Uklju\u010duje:<\/h4>\n<ul class=\"fa-ul\">\n<li>Video borescope<\/li>\n<li>1 m fleksibilna sonda za gu\u0161e<\/li>\n<li>TV kabel<\/li>\n<li>USB kabel<\/li>\n<li>Punja\u010d<\/li>\n<li>Magnet<\/li>\n<li>Kuka<\/li>\n<li>Ogledalo<\/li>\n<li>Spremnik<\/li>\n<\/ul>\n<\/div>\n<\/div>\n<\/div>\n","protected":false},"featured_media":28197,"comment_status":"open","ping_status":"closed","template":"","meta":{"_acf_changed":false},"product_brand":[],"product_cat":[341,1289],"product_tag":[],"class_list":{"0":"post-32157","1":"product","2":"type-product","3":"status-publish","4":"has-post-thumbnail","6":"product_cat-geodetska-oprema","7":"product_cat-video-boreskopi","8":"pa_brand-geofennel-bs","10":"first","11":"onbackorder","12":"taxable","13":"shipping-taxable","14":"product-type-simple","swatches":"rey-swatches","show_selected":""},"acf":[],"yoast_head":"<!-- This site is optimized with the Yoast SEO plugin v24.9 - https:\/\/yoast.com\/wordpress\/plugins\/seo\/ -->\n<title>Geo Fennel P1-17 gu\u0161\u010diji vrat 1m, glava kamere 17 mm - Geooprema<\/title>\n<meta name=\"robots\" content=\"index, follow, max-snippet:-1, max-image-preview:large, max-video-preview:-1\" \/>\n<link rel=\"canonical\" href=\"https:\/\/geooprema.com\/bs\/products\/geodetska-oprema\/geo-fennel-p1-17-gusciji-vrat-1m-glava-kamere-17-mm\/\" \/>\n<meta property=\"og:locale\" content=\"bs_BA\" \/>\n<meta property=\"og:type\" content=\"article\" \/>\n<meta property=\"og:title\" content=\"Geo Fennel P1-17 gu\u0161\u010diji vrat 1m, glava kamere 17 mm - Geooprema\" \/>\n<meta property=\"og:description\" content=\"Karakteristike   Vodonepropusna glava i sonda kamere  1 m duga\u010dka fleksibilna sonda sa gu\u0161\u010dijim vratom s glavom kamere za opti\u010dki pregled nepristupa\u010dnih podru\u010dja  Glava kamere sa LED osvjetljenjem  Trenutni prenos slike u boji na veliki LCD ekran  Zakretanje slike za 180 \u00b0 pritiskom na dugme  Direktan prenos slike na televizor ili notebook  Dodaci: - Priklju\u010dci za kuke i magnet za izvla\u010denje predmeta - Ugaoni dodatak ogledala za \u201epogled oko uglova\u201c - Mo\u0107na Li-Ion baterija sa punja\u010dem  Uklju\u010duje:   Video borescope  1 m fleksibilna sonda za gu\u0161e  TV kabel  USB kabel  Punja\u010d  Magnet  Kuka  Ogledalo  Spremnik\" \/>\n<meta property=\"og:url\" content=\"https:\/\/geooprema.com\/bs\/products\/geodetska-oprema\/geo-fennel-p1-17-gusciji-vrat-1m-glava-kamere-17-mm\/\" \/>\n<meta property=\"og:site_name\" content=\"Geooprema\" \/>\n<meta property=\"article:publisher\" content=\"https:\/\/www.facebook.com\/geoinfobih\" \/>\n<meta property=\"article:modified_time\" content=\"2021-06-23T18:19:40+00:00\" \/>\n<meta property=\"og:image\" content=\"https:\/\/geooprema.com\/wp-content\/uploads\/2020\/10\/FVE-100.jpg\" \/>\n\t<meta property=\"og:image:width\" content=\"800\" \/>\n\t<meta property=\"og:image:height\" content=\"800\" \/>\n\t<meta property=\"og:image:type\" content=\"image\/jpeg\" \/>\n<meta name=\"twitter:card\" content=\"summary_large_image\" \/>\n<meta name=\"twitter:label1\" content=\"Est. reading time\" \/>\n\t<meta name=\"twitter:data1\" content=\"1 minuta\" \/>\n<script type=\"application\/ld+json\" class=\"yoast-schema-graph\">{\"@context\":\"https:\/\/schema.org\",\"@graph\":[{\"@type\":\"WebPage\",\"@id\":\"https:\/\/geooprema.com\/bs\/products\/geodetska-oprema\/geo-fennel-p1-17-gusciji-vrat-1m-glava-kamere-17-mm\/\",\"url\":\"https:\/\/geooprema.com\/bs\/products\/geodetska-oprema\/geo-fennel-p1-17-gusciji-vrat-1m-glava-kamere-17-mm\/\",\"name\":\"Geo Fennel P1-17 gu\u0161\u010diji vrat 1m, glava kamere 17 mm - Geooprema\",\"isPartOf\":{\"@id\":\"https:\/\/geooprema.com\/#website\"},\"primaryImageOfPage\":{\"@id\":\"https:\/\/geooprema.com\/bs\/products\/geodetska-oprema\/geo-fennel-p1-17-gusciji-vrat-1m-glava-kamere-17-mm\/#primaryimage\"},\"image\":{\"@id\":\"https:\/\/geooprema.com\/bs\/products\/geodetska-oprema\/geo-fennel-p1-17-gusciji-vrat-1m-glava-kamere-17-mm\/#primaryimage\"},\"thumbnailUrl\":\"https:\/\/geooprema.com\/wp-content\/uploads\/2020\/10\/FVE-100.jpg\",\"datePublished\":\"2020-10-16T15:57:54+00:00\",\"dateModified\":\"2021-06-23T18:19:40+00:00\",\"breadcrumb\":{\"@id\":\"https:\/\/geooprema.com\/bs\/products\/geodetska-oprema\/geo-fennel-p1-17-gusciji-vrat-1m-glava-kamere-17-mm\/#breadcrumb\"},\"inLanguage\":\"bs-BA\",\"potentialAction\":[{\"@type\":\"ReadAction\",\"target\":[\"https:\/\/geooprema.com\/bs\/products\/geodetska-oprema\/geo-fennel-p1-17-gusciji-vrat-1m-glava-kamere-17-mm\/\"]}]},{\"@type\":\"ImageObject\",\"inLanguage\":\"bs-BA\",\"@id\":\"https:\/\/geooprema.com\/bs\/products\/geodetska-oprema\/geo-fennel-p1-17-gusciji-vrat-1m-glava-kamere-17-mm\/#primaryimage\",\"url\":\"https:\/\/geooprema.com\/wp-content\/uploads\/2020\/10\/FVE-100.jpg\",\"contentUrl\":\"https:\/\/geooprema.com\/wp-content\/uploads\/2020\/10\/FVE-100.jpg\",\"width\":800,\"height\":800,\"caption\":\"Geo Fennel FVE 150 Video borescope\"},{\"@type\":\"BreadcrumbList\",\"@id\":\"https:\/\/geooprema.com\/bs\/products\/geodetska-oprema\/geo-fennel-p1-17-gusciji-vrat-1m-glava-kamere-17-mm\/#breadcrumb\",\"itemListElement\":[{\"@type\":\"ListItem\",\"position\":1,\"name\":\"Home\",\"item\":\"https:\/\/geooprema.com\/bs\/\"},{\"@type\":\"ListItem\",\"position\":2,\"name\":\"Shop\",\"item\":\"https:\/\/geooprema.com\/shop-2\/\"},{\"@type\":\"ListItem\",\"position\":3,\"name\":\"Geo Fennel P1-17 gu\u0161\u010diji vrat 1m, glava kamere 17 mm\"}]},{\"@type\":\"WebSite\",\"@id\":\"https:\/\/geooprema.com\/#website\",\"url\":\"https:\/\/geooprema.com\/\",\"name\":\"Geooprema\",\"description\":\"Surveying and Construction Equipmen, Software and Accessories\",\"publisher\":{\"@id\":\"https:\/\/geooprema.com\/#organization\"},\"potentialAction\":[{\"@type\":\"SearchAction\",\"target\":{\"@type\":\"EntryPoint\",\"urlTemplate\":\"https:\/\/geooprema.com\/?s={search_term_string}\"},\"query-input\":{\"@type\":\"PropertyValueSpecification\",\"valueRequired\":true,\"valueName\":\"search_term_string\"}}],\"inLanguage\":\"bs-BA\"},{\"@type\":\"Organization\",\"@id\":\"https:\/\/geooprema.com\/#organization\",\"name\":\"Geooprema\",\"url\":\"https:\/\/geooprema.com\/\",\"logo\":{\"@type\":\"ImageObject\",\"inLanguage\":\"bs-BA\",\"@id\":\"https:\/\/geooprema.com\/#\/schema\/logo\/image\/\",\"url\":\"https:\/\/geooprema.com\/wp-content\/uploads\/2020\/08\/geooprema-logo.png\",\"contentUrl\":\"https:\/\/geooprema.com\/wp-content\/uploads\/2020\/08\/geooprema-logo.png\",\"width\":513,\"height\":161,\"caption\":\"Geooprema\"},\"image\":{\"@id\":\"https:\/\/geooprema.com\/#\/schema\/logo\/image\/\"},\"sameAs\":[\"https:\/\/www.facebook.com\/geoinfobih\",\"https:\/\/www.instagram.com\/geoinfodoo\/\",\"https:\/\/www.linkedin.com\/company\/geoinfo-doo\/\",\"https:\/\/www.youtube.com\/c\/Geoinfodoo\"]}]}<\/script>\n<!-- \/ Yoast SEO plugin. -->","yoast_head_json":{"title":"Geo Fennel P1-17 gu\u0161\u010diji vrat 1m, glava kamere 17 mm - Geooprema","robots":{"index":"index","follow":"follow","max-snippet":"max-snippet:-1","max-image-preview":"max-image-preview:large","max-video-preview":"max-video-preview:-1"},"canonical":"https:\/\/geooprema.com\/bs\/products\/geodetska-oprema\/geo-fennel-p1-17-gusciji-vrat-1m-glava-kamere-17-mm\/","og_locale":"bs_BA","og_type":"article","og_title":"Geo Fennel P1-17 gu\u0161\u010diji vrat 1m, glava kamere 17 mm - Geooprema","og_description":"Karakteristike   Vodonepropusna glava i sonda kamere  1 m duga\u010dka fleksibilna sonda sa gu\u0161\u010dijim vratom s glavom kamere za opti\u010dki pregled nepristupa\u010dnih podru\u010dja  Glava kamere sa LED osvjetljenjem  Trenutni prenos slike u boji na veliki LCD ekran  Zakretanje slike za 180 \u00b0 pritiskom na dugme  Direktan prenos slike na televizor ili notebook  Dodaci: - Priklju\u010dci za kuke i magnet za izvla\u010denje predmeta - Ugaoni dodatak ogledala za \u201epogled oko uglova\u201c - Mo\u0107na Li-Ion baterija sa punja\u010dem  Uklju\u010duje:   Video borescope  1 m fleksibilna sonda za gu\u0161e  TV kabel  USB kabel  Punja\u010d  Magnet  Kuka  Ogledalo  Spremnik","og_url":"https:\/\/geooprema.com\/bs\/products\/geodetska-oprema\/geo-fennel-p1-17-gusciji-vrat-1m-glava-kamere-17-mm\/","og_site_name":"Geooprema","article_publisher":"https:\/\/www.facebook.com\/geoinfobih","article_modified_time":"2021-06-23T18:19:40+00:00","og_image":[{"width":800,"height":800,"url":"https:\/\/geooprema.com\/wp-content\/uploads\/2020\/10\/FVE-100.jpg","type":"image\/jpeg"}],"twitter_card":"summary_large_image","twitter_misc":{"Est. reading time":"1 minuta"},"schema":{"@context":"https:\/\/schema.org","@graph":[{"@type":"WebPage","@id":"https:\/\/geooprema.com\/bs\/products\/geodetska-oprema\/geo-fennel-p1-17-gusciji-vrat-1m-glava-kamere-17-mm\/","url":"https:\/\/geooprema.com\/bs\/products\/geodetska-oprema\/geo-fennel-p1-17-gusciji-vrat-1m-glava-kamere-17-mm\/","name":"Geo Fennel P1-17 gu\u0161\u010diji vrat 1m, glava kamere 17 mm - Geooprema","isPartOf":{"@id":"https:\/\/geooprema.com\/#website"},"primaryImageOfPage":{"@id":"https:\/\/geooprema.com\/bs\/products\/geodetska-oprema\/geo-fennel-p1-17-gusciji-vrat-1m-glava-kamere-17-mm\/#primaryimage"},"image":{"@id":"https:\/\/geooprema.com\/bs\/products\/geodetska-oprema\/geo-fennel-p1-17-gusciji-vrat-1m-glava-kamere-17-mm\/#primaryimage"},"thumbnailUrl":"https:\/\/geooprema.com\/wp-content\/uploads\/2020\/10\/FVE-100.jpg","datePublished":"2020-10-16T15:57:54+00:00","dateModified":"2021-06-23T18:19:40+00:00","breadcrumb":{"@id":"https:\/\/geooprema.com\/bs\/products\/geodetska-oprema\/geo-fennel-p1-17-gusciji-vrat-1m-glava-kamere-17-mm\/#breadcrumb"},"inLanguage":"bs-BA","potentialAction":[{"@type":"ReadAction","target":["https:\/\/geooprema.com\/bs\/products\/geodetska-oprema\/geo-fennel-p1-17-gusciji-vrat-1m-glava-kamere-17-mm\/"]}]},{"@type":"ImageObject","inLanguage":"bs-BA","@id":"https:\/\/geooprema.com\/bs\/products\/geodetska-oprema\/geo-fennel-p1-17-gusciji-vrat-1m-glava-kamere-17-mm\/#primaryimage","url":"https:\/\/geooprema.com\/wp-content\/uploads\/2020\/10\/FVE-100.jpg","contentUrl":"https:\/\/geooprema.com\/wp-content\/uploads\/2020\/10\/FVE-100.jpg","width":800,"height":800,"caption":"Geo Fennel FVE 150 Video borescope"},{"@type":"BreadcrumbList","@id":"https:\/\/geooprema.com\/bs\/products\/geodetska-oprema\/geo-fennel-p1-17-gusciji-vrat-1m-glava-kamere-17-mm\/#breadcrumb","itemListElement":[{"@type":"ListItem","position":1,"name":"Home","item":"https:\/\/geooprema.com\/bs\/"},{"@type":"ListItem","position":2,"name":"Shop","item":"https:\/\/geooprema.com\/shop-2\/"},{"@type":"ListItem","position":3,"name":"Geo Fennel P1-17 gu\u0161\u010diji vrat 1m, glava kamere 17 mm"}]},{"@type":"WebSite","@id":"https:\/\/geooprema.com\/#website","url":"https:\/\/geooprema.com\/","name":"Geooprema","description":"Surveying and Construction Equipmen, Software and Accessories","publisher":{"@id":"https:\/\/geooprema.com\/#organization"},"potentialAction":[{"@type":"SearchAction","target":{"@type":"EntryPoint","urlTemplate":"https:\/\/geooprema.com\/?s={search_term_string}"},"query-input":{"@type":"PropertyValueSpecification","valueRequired":true,"valueName":"search_term_string"}}],"inLanguage":"bs-BA"},{"@type":"Organization","@id":"https:\/\/geooprema.com\/#organization","name":"Geooprema","url":"https:\/\/geooprema.com\/","logo":{"@type":"ImageObject","inLanguage":"bs-BA","@id":"https:\/\/geooprema.com\/#\/schema\/logo\/image\/","url":"https:\/\/geooprema.com\/wp-content\/uploads\/2020\/08\/geooprema-logo.png","contentUrl":"https:\/\/geooprema.com\/wp-content\/uploads\/2020\/08\/geooprema-logo.png","width":513,"height":161,"caption":"Geooprema"},"image":{"@id":"https:\/\/geooprema.com\/#\/schema\/logo\/image\/"},"sameAs":["https:\/\/www.facebook.com\/geoinfobih","https:\/\/www.instagram.com\/geoinfodoo\/","https:\/\/www.linkedin.com\/company\/geoinfo-doo\/","https:\/\/www.youtube.com\/c\/Geoinfodoo"]}]}},"_links":{"self":[{"href":"https:\/\/geooprema.com\/bs\/wp-json\/wp\/v2\/product\/32157","targetHints":{"allow":["GET"]}}],"collection":[{"href":"https:\/\/geooprema.com\/bs\/wp-json\/wp\/v2\/product"}],"about":[{"href":"https:\/\/geooprema.com\/bs\/wp-json\/wp\/v2\/types\/product"}],"replies":[{"embeddable":true,"href":"https:\/\/geooprema.com\/bs\/wp-json\/wp\/v2\/comments?post=32157"}],"wp:featuredmedia":[{"embeddable":true,"href":"https:\/\/geooprema.com\/bs\/wp-json\/wp\/v2\/media\/28197"}],"wp:attachment":[{"href":"https:\/\/geooprema.com\/bs\/wp-json\/wp\/v2\/media?parent=32157"}],"wp:term":[{"taxonomy":"product_brand","embeddable":true,"href":"https:\/\/geooprema.com\/bs\/wp-json\/wp\/v2\/product_brand?post=32157"},{"taxonomy":"product_cat","embeddable":true,"href":"https:\/\/geooprema.com\/bs\/wp-json\/wp\/v2\/product_cat?post=32157"},{"taxonomy":"product_tag","embeddable":true,"href":"https:\/\/geooprema.com\/bs\/wp-json\/wp\/v2\/product_tag?post=32157"}],"curies":[{"name":"wp","href":"https:\/\/api.w.org\/{rel}","templated":true}]}}