
{"id":32137,"date":"2020-10-15T14:46:34","date_gmt":"2020-10-15T14:46:34","guid":{"rendered":"https:\/\/geooprema.com\/products\/Bez kategorije\/geofennel-fl-510hv-g-treking-lc-2\/"},"modified":"2020-10-15T14:46:34","modified_gmt":"2020-10-15T14:46:34","slug":"geofennel-fl-510hv-g-treking-lc-2","status":"publish","type":"product","link":"https:\/\/geooprema.com\/bs\/products\/gradjevinska-oprema\/rotacioni-laseri\/geofennel-fl-510hv-g-treking-lc-2\/","title":{"rendered":"GeoFennel FL 510HV-G Treking (LC 2)"},"content":{"rendered":"<p><strong> Ref.br .: 231700 <\/strong><\/p>\n<p><strong> Isporu\u010duje se sa: <\/strong><br \/>\nDvo-osni laser FL 510HV-G TRACKING M<br \/>\n\u00b7 Dvosmjerni RF daljinski upravlja\u010d<br \/>\n\u00b7 Li-Ion punjive baterije i punja\u010d<br \/>\n\u00b7 Vertikalni nosa\u010d<br \/>\n\u00b7 Teleskopsko tra\u017eilo<br \/>\n\u00b7 Prijemnik FR 77-MM TRACKING M sa stezaljkom za nivelisanje skele<br \/>\n\u00b7 Punjive baterije i punja\u010d<br \/>\n\u00b7 Spremnik<br \/>\n\u00b7 Korisni\u010dki priru\u010dnik<\/p>\n<p><strong> Tehni\u010dki podaci <\/strong><\/p>\n<p>Raspon samonivelisanja \u00b1 8 \u00b0<br \/>\nTa\u010dnost Hz \u00b1 0,5 mm \/ 10 m<br \/>\nTa\u010dnost V \u00b1 1 mm \/ 10 m<br \/>\nRadni obuhvat sa prijemnikom FR 77-MM TRACKING M \u00d8 800 m<br \/>\nLaserska klasa 2<br \/>\nHorizontalni re\u017eim nagiba<br \/>\nX osa \u00b1 10 000%<br \/>\nY osa \u00b1 10 000%<br \/>\nObje ose X \/ Y \u2211 \u00b1 14%<br \/>\nVertikalni na\u010din nagiba<br \/>\nX osa \u00b1 10 000%<br \/>\nOsa Y (Z) horizontalno samonivelisana<br \/>\nRadni domet funkcije pra\u0107enja 140 m *<br \/>\nBrzina rotacije 300\/600\/1100 o \/ min<br \/>\nVrijeme rada 40 h<br \/>\nInteligentno napajanje \/ Li-Ion<br \/>\n(Alkalno alternativno)<br \/>\nRadni domet RF daljinskog upravlja\u010da 100 m<br \/>\nKanali 8<br \/>\nRaspon temperatura -10 \u00b0 C &#8211; +50 \u00b0 C<br \/>\nZa\u0161tita od pra\u0161ine i vode IP 66<br \/>\nTe\u017eina (samo instrument) 3,85 kg<\/p>\n","protected":false},"excerpt":{"rendered":"<p>Opis: Idealan laser za vanjske radove.<br \/>\nOptimizirani laser za vanjske radove sa automatskim vertikalnim i horizontalnim poravnanjem osa.<br \/>\n1. Tracking karakteristike:<br \/>\n&#8211; Laserska ravnina se automatski centrira prema prijamniku<br \/>\n&#8211; Vertikalno: u X i Y ose<br \/>\n&#8211; Horizontalno: jedna X ili Y ose, druga osa horizontalno samo-niveli\u0161u\u0107a<br \/>\n&#8211; Indikacija vrijednosti nagiba u % se prikazuje naekranu instrumenta i daljinskog kontrolera nakon zavr\u0161etka tracking procesa.<br \/>\n2. Potpuno automatsko samo-nivelisanje (horizontalno, vertikalno, nagibno)<br \/>\n3.1. Horizontalno:<br \/>\n&#8211; Digitalno postavljanje nagiba X i Y osa do \u00b110 %<br \/>\n&#8211; Ru\u010dno postavljanje nagiba X i Y osa<br \/>\n3.2. Vertikalno:<br \/>\n&#8211; Smjer X ose se mo\u017ee postaviti do \u00b110 % uz samo-niveli\u0161u\u0107u Y osu<br \/>\n&#8211; Ru\u010dno postavljanje smjera X i Z ose<br \/>\n&#8211; Automatska TILT funkcija i VWS funkcija (Vibration-Wind-Security)<br \/>\n&#8211; Rotacija se ne\u0107e zaustaviti zbog laganih vibracija zemlje ili vjetra (kombinacija sa TILT funkcijom)<br \/>\n&#8211; Zonska kontrola sa elektroni\u010dkom screen zrakom (maskiranje)<br \/>\n&#8211; 8 kanalni RF daljinski kontroler<br \/>\n&#8211; Li-Ion tehnologija baterije<\/p>\n","protected":false},"featured_media":27817,"comment_status":"open","ping_status":"closed","template":"","meta":{"_acf_changed":false},"product_brand":[],"product_cat":[397,1286],"product_tag":[],"class_list":{"0":"post-32137","1":"product","2":"type-product","3":"status-publish","4":"has-post-thumbnail","6":"product_cat-gradjevinska-oprema","7":"product_cat-rotacioni-laseri","8":"pa_brand-geofennel-bs","10":"first","11":"onbackorder","12":"taxable","13":"shipping-taxable","14":"product-type-simple","swatches":"rey-swatches","show_selected":""},"acf":[],"yoast_head":"<!-- This site is optimized with the Yoast SEO plugin v24.9 - https:\/\/yoast.com\/wordpress\/plugins\/seo\/ -->\n<title>GeoFennel FL 510HV-G Treking (LC 2) - Geooprema<\/title>\n<meta name=\"robots\" content=\"index, follow, max-snippet:-1, max-image-preview:large, max-video-preview:-1\" \/>\n<link rel=\"canonical\" href=\"https:\/\/geooprema.com\/bs\/products\/gradjevinska-oprema\/geofennel-fl-510hv-g-treking-lc-2\/\" \/>\n<meta property=\"og:locale\" content=\"bs_BA\" \/>\n<meta property=\"og:type\" content=\"article\" \/>\n<meta property=\"og:title\" content=\"GeoFennel FL 510HV-G Treking (LC 2) - Geooprema\" \/>\n<meta property=\"og:description\" content=\"Opis: Idealan laser za vanjske radove. Optimizirani laser za vanjske radove sa automatskim vertikalnim i horizontalnim poravnanjem osa. 1. Tracking karakteristike: - Laserska ravnina se automatski centrira prema prijamniku - Vertikalno: u X i Y ose - Horizontalno: jedna X ili Y ose, druga osa horizontalno samo-niveli\u0161u\u0107a - Indikacija vrijednosti nagiba u % se prikazuje naekranu instrumenta i daljinskog kontrolera nakon zavr\u0161etka tracking procesa. 2. Potpuno automatsko samo-nivelisanje (horizontalno, vertikalno, nagibno) 3.1. Horizontalno: - Digitalno postavljanje nagiba X i Y osa do \u00b110 % - Ru\u010dno postavljanje nagiba X i Y osa 3.2. Vertikalno: - Smjer X ose se mo\u017ee postaviti do \u00b110 % uz samo-niveli\u0161u\u0107u Y osu - Ru\u010dno postavljanje smjera X i Z ose - Automatska TILT funkcija i VWS funkcija (Vibration-Wind-Security) - Rotacija se ne\u0107e zaustaviti zbog laganih vibracija zemlje ili vjetra (kombinacija sa TILT funkcijom) - Zonska kontrola sa elektroni\u010dkom screen zrakom (maskiranje) - 8 kanalni RF daljinski kontroler - Li-Ion tehnologija baterije\" \/>\n<meta property=\"og:url\" content=\"https:\/\/geooprema.com\/bs\/products\/gradjevinska-oprema\/geofennel-fl-510hv-g-treking-lc-2\/\" \/>\n<meta property=\"og:site_name\" content=\"Geooprema\" \/>\n<meta property=\"article:publisher\" content=\"https:\/\/www.facebook.com\/geoinfobih\" \/>\n<meta property=\"og:image\" content=\"https:\/\/geooprema.com\/wp-content\/uploads\/2020\/10\/FL510HV-GTracking-_01_web3.jpg\" \/>\n\t<meta property=\"og:image:width\" content=\"800\" \/>\n\t<meta property=\"og:image:height\" content=\"800\" \/>\n\t<meta property=\"og:image:type\" content=\"image\/jpeg\" \/>\n<meta name=\"twitter:card\" content=\"summary_large_image\" \/>\n<meta name=\"twitter:label1\" content=\"Est. reading time\" \/>\n\t<meta name=\"twitter:data1\" content=\"1 minuta\" \/>\n<script type=\"application\/ld+json\" class=\"yoast-schema-graph\">{\"@context\":\"https:\/\/schema.org\",\"@graph\":[{\"@type\":\"WebPage\",\"@id\":\"https:\/\/geooprema.com\/bs\/products\/gradjevinska-oprema\/geofennel-fl-510hv-g-treking-lc-2\/\",\"url\":\"https:\/\/geooprema.com\/bs\/products\/gradjevinska-oprema\/geofennel-fl-510hv-g-treking-lc-2\/\",\"name\":\"GeoFennel FL 510HV-G Treking (LC 2) - Geooprema\",\"isPartOf\":{\"@id\":\"https:\/\/geooprema.com\/#website\"},\"primaryImageOfPage\":{\"@id\":\"https:\/\/geooprema.com\/bs\/products\/gradjevinska-oprema\/geofennel-fl-510hv-g-treking-lc-2\/#primaryimage\"},\"image\":{\"@id\":\"https:\/\/geooprema.com\/bs\/products\/gradjevinska-oprema\/geofennel-fl-510hv-g-treking-lc-2\/#primaryimage\"},\"thumbnailUrl\":\"https:\/\/geooprema.com\/wp-content\/uploads\/2020\/10\/FL510HV-GTracking-_01_web3.jpg\",\"datePublished\":\"2020-10-15T14:46:34+00:00\",\"breadcrumb\":{\"@id\":\"https:\/\/geooprema.com\/bs\/products\/gradjevinska-oprema\/geofennel-fl-510hv-g-treking-lc-2\/#breadcrumb\"},\"inLanguage\":\"bs-BA\",\"potentialAction\":[{\"@type\":\"ReadAction\",\"target\":[\"https:\/\/geooprema.com\/bs\/products\/gradjevinska-oprema\/geofennel-fl-510hv-g-treking-lc-2\/\"]}]},{\"@type\":\"ImageObject\",\"inLanguage\":\"bs-BA\",\"@id\":\"https:\/\/geooprema.com\/bs\/products\/gradjevinska-oprema\/geofennel-fl-510hv-g-treking-lc-2\/#primaryimage\",\"url\":\"https:\/\/geooprema.com\/wp-content\/uploads\/2020\/10\/FL510HV-GTracking-_01_web3.jpg\",\"contentUrl\":\"https:\/\/geooprema.com\/wp-content\/uploads\/2020\/10\/FL510HV-GTracking-_01_web3.jpg\",\"width\":800,\"height\":800,\"caption\":\"Geo-Fennel FL 510HV-G Tracking (LC 2)\"},{\"@type\":\"BreadcrumbList\",\"@id\":\"https:\/\/geooprema.com\/bs\/products\/gradjevinska-oprema\/geofennel-fl-510hv-g-treking-lc-2\/#breadcrumb\",\"itemListElement\":[{\"@type\":\"ListItem\",\"position\":1,\"name\":\"Home\",\"item\":\"https:\/\/geooprema.com\/bs\/\"},{\"@type\":\"ListItem\",\"position\":2,\"name\":\"Shop\",\"item\":\"https:\/\/geooprema.com\/shop-2\/\"},{\"@type\":\"ListItem\",\"position\":3,\"name\":\"GeoFennel FL 510HV-G Treking (LC 2)\"}]},{\"@type\":\"WebSite\",\"@id\":\"https:\/\/geooprema.com\/#website\",\"url\":\"https:\/\/geooprema.com\/\",\"name\":\"Geooprema\",\"description\":\"Surveying and Construction Equipmen, Software and Accessories\",\"publisher\":{\"@id\":\"https:\/\/geooprema.com\/#organization\"},\"potentialAction\":[{\"@type\":\"SearchAction\",\"target\":{\"@type\":\"EntryPoint\",\"urlTemplate\":\"https:\/\/geooprema.com\/?s={search_term_string}\"},\"query-input\":{\"@type\":\"PropertyValueSpecification\",\"valueRequired\":true,\"valueName\":\"search_term_string\"}}],\"inLanguage\":\"bs-BA\"},{\"@type\":\"Organization\",\"@id\":\"https:\/\/geooprema.com\/#organization\",\"name\":\"Geooprema\",\"url\":\"https:\/\/geooprema.com\/\",\"logo\":{\"@type\":\"ImageObject\",\"inLanguage\":\"bs-BA\",\"@id\":\"https:\/\/geooprema.com\/#\/schema\/logo\/image\/\",\"url\":\"https:\/\/geooprema.com\/wp-content\/uploads\/2020\/08\/geooprema-logo.png\",\"contentUrl\":\"https:\/\/geooprema.com\/wp-content\/uploads\/2020\/08\/geooprema-logo.png\",\"width\":513,\"height\":161,\"caption\":\"Geooprema\"},\"image\":{\"@id\":\"https:\/\/geooprema.com\/#\/schema\/logo\/image\/\"},\"sameAs\":[\"https:\/\/www.facebook.com\/geoinfobih\",\"https:\/\/www.instagram.com\/geoinfodoo\/\",\"https:\/\/www.linkedin.com\/company\/geoinfo-doo\/\",\"https:\/\/www.youtube.com\/c\/Geoinfodoo\"]}]}<\/script>\n<!-- \/ Yoast SEO plugin. -->","yoast_head_json":{"title":"GeoFennel FL 510HV-G Treking (LC 2) - Geooprema","robots":{"index":"index","follow":"follow","max-snippet":"max-snippet:-1","max-image-preview":"max-image-preview:large","max-video-preview":"max-video-preview:-1"},"canonical":"https:\/\/geooprema.com\/bs\/products\/gradjevinska-oprema\/geofennel-fl-510hv-g-treking-lc-2\/","og_locale":"bs_BA","og_type":"article","og_title":"GeoFennel FL 510HV-G Treking (LC 2) - Geooprema","og_description":"Opis: Idealan laser za vanjske radove. Optimizirani laser za vanjske radove sa automatskim vertikalnim i horizontalnim poravnanjem osa. 1. Tracking karakteristike: - Laserska ravnina se automatski centrira prema prijamniku - Vertikalno: u X i Y ose - Horizontalno: jedna X ili Y ose, druga osa horizontalno samo-niveli\u0161u\u0107a - Indikacija vrijednosti nagiba u % se prikazuje naekranu instrumenta i daljinskog kontrolera nakon zavr\u0161etka tracking procesa. 2. Potpuno automatsko samo-nivelisanje (horizontalno, vertikalno, nagibno) 3.1. Horizontalno: - Digitalno postavljanje nagiba X i Y osa do \u00b110 % - Ru\u010dno postavljanje nagiba X i Y osa 3.2. Vertikalno: - Smjer X ose se mo\u017ee postaviti do \u00b110 % uz samo-niveli\u0161u\u0107u Y osu - Ru\u010dno postavljanje smjera X i Z ose - Automatska TILT funkcija i VWS funkcija (Vibration-Wind-Security) - Rotacija se ne\u0107e zaustaviti zbog laganih vibracija zemlje ili vjetra (kombinacija sa TILT funkcijom) - Zonska kontrola sa elektroni\u010dkom screen zrakom (maskiranje) - 8 kanalni RF daljinski kontroler - Li-Ion tehnologija baterije","og_url":"https:\/\/geooprema.com\/bs\/products\/gradjevinska-oprema\/geofennel-fl-510hv-g-treking-lc-2\/","og_site_name":"Geooprema","article_publisher":"https:\/\/www.facebook.com\/geoinfobih","og_image":[{"width":800,"height":800,"url":"https:\/\/geooprema.com\/wp-content\/uploads\/2020\/10\/FL510HV-GTracking-_01_web3.jpg","type":"image\/jpeg"}],"twitter_card":"summary_large_image","twitter_misc":{"Est. reading time":"1 minuta"},"schema":{"@context":"https:\/\/schema.org","@graph":[{"@type":"WebPage","@id":"https:\/\/geooprema.com\/bs\/products\/gradjevinska-oprema\/geofennel-fl-510hv-g-treking-lc-2\/","url":"https:\/\/geooprema.com\/bs\/products\/gradjevinska-oprema\/geofennel-fl-510hv-g-treking-lc-2\/","name":"GeoFennel FL 510HV-G Treking (LC 2) - Geooprema","isPartOf":{"@id":"https:\/\/geooprema.com\/#website"},"primaryImageOfPage":{"@id":"https:\/\/geooprema.com\/bs\/products\/gradjevinska-oprema\/geofennel-fl-510hv-g-treking-lc-2\/#primaryimage"},"image":{"@id":"https:\/\/geooprema.com\/bs\/products\/gradjevinska-oprema\/geofennel-fl-510hv-g-treking-lc-2\/#primaryimage"},"thumbnailUrl":"https:\/\/geooprema.com\/wp-content\/uploads\/2020\/10\/FL510HV-GTracking-_01_web3.jpg","datePublished":"2020-10-15T14:46:34+00:00","breadcrumb":{"@id":"https:\/\/geooprema.com\/bs\/products\/gradjevinska-oprema\/geofennel-fl-510hv-g-treking-lc-2\/#breadcrumb"},"inLanguage":"bs-BA","potentialAction":[{"@type":"ReadAction","target":["https:\/\/geooprema.com\/bs\/products\/gradjevinska-oprema\/geofennel-fl-510hv-g-treking-lc-2\/"]}]},{"@type":"ImageObject","inLanguage":"bs-BA","@id":"https:\/\/geooprema.com\/bs\/products\/gradjevinska-oprema\/geofennel-fl-510hv-g-treking-lc-2\/#primaryimage","url":"https:\/\/geooprema.com\/wp-content\/uploads\/2020\/10\/FL510HV-GTracking-_01_web3.jpg","contentUrl":"https:\/\/geooprema.com\/wp-content\/uploads\/2020\/10\/FL510HV-GTracking-_01_web3.jpg","width":800,"height":800,"caption":"Geo-Fennel FL 510HV-G Tracking (LC 2)"},{"@type":"BreadcrumbList","@id":"https:\/\/geooprema.com\/bs\/products\/gradjevinska-oprema\/geofennel-fl-510hv-g-treking-lc-2\/#breadcrumb","itemListElement":[{"@type":"ListItem","position":1,"name":"Home","item":"https:\/\/geooprema.com\/bs\/"},{"@type":"ListItem","position":2,"name":"Shop","item":"https:\/\/geooprema.com\/shop-2\/"},{"@type":"ListItem","position":3,"name":"GeoFennel FL 510HV-G Treking (LC 2)"}]},{"@type":"WebSite","@id":"https:\/\/geooprema.com\/#website","url":"https:\/\/geooprema.com\/","name":"Geooprema","description":"Surveying and Construction Equipmen, Software and Accessories","publisher":{"@id":"https:\/\/geooprema.com\/#organization"},"potentialAction":[{"@type":"SearchAction","target":{"@type":"EntryPoint","urlTemplate":"https:\/\/geooprema.com\/?s={search_term_string}"},"query-input":{"@type":"PropertyValueSpecification","valueRequired":true,"valueName":"search_term_string"}}],"inLanguage":"bs-BA"},{"@type":"Organization","@id":"https:\/\/geooprema.com\/#organization","name":"Geooprema","url":"https:\/\/geooprema.com\/","logo":{"@type":"ImageObject","inLanguage":"bs-BA","@id":"https:\/\/geooprema.com\/#\/schema\/logo\/image\/","url":"https:\/\/geooprema.com\/wp-content\/uploads\/2020\/08\/geooprema-logo.png","contentUrl":"https:\/\/geooprema.com\/wp-content\/uploads\/2020\/08\/geooprema-logo.png","width":513,"height":161,"caption":"Geooprema"},"image":{"@id":"https:\/\/geooprema.com\/#\/schema\/logo\/image\/"},"sameAs":["https:\/\/www.facebook.com\/geoinfobih","https:\/\/www.instagram.com\/geoinfodoo\/","https:\/\/www.linkedin.com\/company\/geoinfo-doo\/","https:\/\/www.youtube.com\/c\/Geoinfodoo"]}]}},"_links":{"self":[{"href":"https:\/\/geooprema.com\/bs\/wp-json\/wp\/v2\/product\/32137","targetHints":{"allow":["GET"]}}],"collection":[{"href":"https:\/\/geooprema.com\/bs\/wp-json\/wp\/v2\/product"}],"about":[{"href":"https:\/\/geooprema.com\/bs\/wp-json\/wp\/v2\/types\/product"}],"replies":[{"embeddable":true,"href":"https:\/\/geooprema.com\/bs\/wp-json\/wp\/v2\/comments?post=32137"}],"wp:featuredmedia":[{"embeddable":true,"href":"https:\/\/geooprema.com\/bs\/wp-json\/wp\/v2\/media\/27817"}],"wp:attachment":[{"href":"https:\/\/geooprema.com\/bs\/wp-json\/wp\/v2\/media?parent=32137"}],"wp:term":[{"taxonomy":"product_brand","embeddable":true,"href":"https:\/\/geooprema.com\/bs\/wp-json\/wp\/v2\/product_brand?post=32137"},{"taxonomy":"product_cat","embeddable":true,"href":"https:\/\/geooprema.com\/bs\/wp-json\/wp\/v2\/product_cat?post=32137"},{"taxonomy":"product_tag","embeddable":true,"href":"https:\/\/geooprema.com\/bs\/wp-json\/wp\/v2\/product_tag?post=32137"}],"curies":[{"name":"wp","href":"https:\/\/api.w.org\/{rel}","templated":true}]}}