
{"id":32136,"date":"2020-10-15T14:35:55","date_gmt":"2020-10-15T14:35:55","guid":{"rendered":"https:\/\/geooprema.com\/products\/Bez kategorije\/geo-fennel-fl-505hv-g-lc-2-fr-dist-30\/"},"modified":"2020-10-15T14:35:55","modified_gmt":"2020-10-15T14:35:55","slug":"geo-fennel-fl-505hv-g-lc-2-fr-dist-30","status":"publish","type":"product","link":"https:\/\/geooprema.com\/bs\/products\/gradjevinska-oprema\/rotacioni-laseri\/geo-fennel-fl-505hv-g-lc-2-fr-dist-30\/","title":{"rendered":"Geo-Fennel FL 505HV-G (LC 2) &#038; FR-DIST 30"},"content":{"rendered":"<p><strong> Ref.br .: 231025 <\/strong><\/p>\n<p><strong> Isporu\u010duje se sa: <\/strong><br \/>\nDvokrilni laser FL 505HV-G<br \/>\n\u00b7 Prijemnik FR 77-MM sa stezaljkom za osoblje za nivelisanje<br \/>\n\u00b7 Dvosmjerni RF daljinski upravlja\u010d<br \/>\n\u00b7 Li-Ion punjive baterije i punja\u010d<br \/>\n\u00b7 Vertikalni nosa\u010d<br \/>\n\u00b7 Nosa\u010d za fino pode\u0161avanje horizontalno za 360 \u00b0<br \/>\n\u00b7 Teleskopsko tra\u017eilo<br \/>\n\u00b7 Spremnik<br \/>\n\u00b7 Korisni\u010dki priru\u010dnik<\/p>\n<p><strong> Tehni\u010dki podaci <\/strong><\/p>\n<p>Raspon samonivelisanja \u00b1 8 \u00b0<br \/>\nTa\u010dnost<br \/>\n\u00b7 Horizontalno \u00b1 0,5 mm \/ 10 m<br \/>\n\u00b7 Vertikalno \u00b1 1 mm \/ 10 m<br \/>\nRadni obuhvat sa FR 77-MM \u00d8 800 m<br \/>\nSkeniranje bez prijemnika 40 m *<br \/>\nRotiraju\u0107i bez prijemnika \u00d8 60 m *<br \/>\nRadni domet sa FMR 800 \u00d8 600 m<br \/>\nRasponi skeniranja 0 \u00b0, 10 \u00b0, 45 \u00b0, 90 \u00b0, 180 \u00b0<br \/>\nPromjer grede 4 mm<br \/>\nNagib<br \/>\nHorizontalni na\u010din rada<br \/>\n\u00b7 X osa \u00b1 10 000%<br \/>\n\u00b7 Y osa \u00b1 10 000%<br \/>\n\u00b7 Obje ose X \/ Y \u2211 \u00b1 14%<br \/>\nVertikalni na\u010din rada<br \/>\n\u00b7 X osa \u00b1 10 000%<br \/>\n\u00b7 Y (Z) osa horizontalno samonivelisana<br \/>\nBrzina rotacije 300, 600, 1100 o \/ min<br \/>\nInteligentno napajanje \/ Li-Ion (alkalno alternativno)<br \/>\nVrijeme rada 40h<br \/>\nRadni domet RF daljinskog upravlja\u010da 150 m<br \/>\nKanali 9<br \/>\nRaspon temperatura -10 \u00b0 C &#8211; + 50 \u00b0 C<br \/>\n635 nm laserska dioda<br \/>\nLaserska klasa 2<br \/>\nZa\u0161tita od pra\u0161ine i vode IP 66<br \/>\nTe\u017eina (samo instrument) 3,85 kg<\/p>\n","protected":false},"excerpt":{"rendered":"<p>Opis: Pobolj\u0161ane performanse uliziraju\u0107e PowerSwitch-Tehnologije:<br \/>\nSnaga klase 3R u laseru klase 2.<br \/>\nPromjer laserske zrake od 4 mm za optimalnu. Kompatibilnost s na\u0161im FMR 700\/800 na velikim udaljenostima.<br \/>\nPotpuno automatsko samonivelisanje u horizontalnoj, vertikalnoj i nagibu.<br \/>\nFunkcije nagiba horizontalno:<br \/>\nDigitalno pode\u0161avanje stepeni ose X i Y do \u00b1 10%.<br \/>\nRu\u010dno pode\u0161avanje nagiba ose X i Y..<br \/>\nFunkcije nagiba vertikalno:<br \/>\nSmjer ose X mo\u017ee se podesiti na \u00b1 10% s samoniveli\u0161u\u0107oj osi Y.<br \/>\nSmjer ose X i Z mo\u017ee se podesiti ru\u010dno.<br \/>\nDolazi sa resiverom FR-DIST 30.<\/p>\n","protected":false},"featured_media":27802,"comment_status":"open","ping_status":"closed","template":"","meta":{"_acf_changed":false},"product_brand":[],"product_cat":[397,1286],"product_tag":[],"class_list":{"0":"post-32136","1":"product","2":"type-product","3":"status-publish","4":"has-post-thumbnail","6":"product_cat-gradjevinska-oprema","7":"product_cat-rotacioni-laseri","8":"pa_brand-geofennel-bs","10":"first","11":"onbackorder","12":"taxable","13":"shipping-taxable","14":"product-type-simple","swatches":"rey-swatches","show_selected":""},"acf":[],"yoast_head":"<!-- This site is optimized with the Yoast SEO plugin v24.9 - https:\/\/yoast.com\/wordpress\/plugins\/seo\/ -->\n<title>Geo-Fennel FL 505HV-G (LC 2) &amp; FR-DIST 30 - Geooprema<\/title>\n<meta name=\"robots\" content=\"index, follow, max-snippet:-1, max-image-preview:large, max-video-preview:-1\" \/>\n<link rel=\"canonical\" href=\"https:\/\/geooprema.com\/bs\/products\/gradjevinska-oprema\/geo-fennel-fl-505hv-g-lc-2-fr-dist-30\/\" \/>\n<meta property=\"og:locale\" content=\"bs_BA\" \/>\n<meta property=\"og:type\" content=\"article\" \/>\n<meta property=\"og:title\" content=\"Geo-Fennel FL 505HV-G (LC 2) &amp; FR-DIST 30 - Geooprema\" \/>\n<meta property=\"og:description\" content=\"Opis: Pobolj\u0161ane performanse uliziraju\u0107e PowerSwitch-Tehnologije: Snaga klase 3R u laseru klase 2. Promjer laserske zrake od 4 mm za optimalnu. Kompatibilnost s na\u0161im FMR 700\/800 na velikim udaljenostima. Potpuno automatsko samonivelisanje u horizontalnoj, vertikalnoj i nagibu. Funkcije nagiba horizontalno: Digitalno pode\u0161avanje stepeni ose X i Y do \u00b1 10%. Ru\u010dno pode\u0161avanje nagiba ose X i Y.. Funkcije nagiba vertikalno: Smjer ose X mo\u017ee se podesiti na \u00b1 10% s samoniveli\u0161u\u0107oj osi Y. Smjer ose X i Z mo\u017ee se podesiti ru\u010dno. Dolazi sa resiverom FR-DIST 30.\" \/>\n<meta property=\"og:url\" content=\"https:\/\/geooprema.com\/bs\/products\/gradjevinska-oprema\/geo-fennel-fl-505hv-g-lc-2-fr-dist-30\/\" \/>\n<meta property=\"og:site_name\" content=\"Geooprema\" \/>\n<meta property=\"article:publisher\" content=\"https:\/\/www.facebook.com\/geoinfobih\" \/>\n<meta property=\"og:image\" content=\"https:\/\/geooprema.com\/wp-content\/uploads\/2020\/10\/Geo_Fennel_FL_505HV-G_LC_2_Dual_Grade_Rotating_Laser_Level_with_FR_77m3.jpg\" \/>\n\t<meta property=\"og:image:width\" content=\"800\" \/>\n\t<meta property=\"og:image:height\" content=\"800\" \/>\n\t<meta property=\"og:image:type\" content=\"image\/jpeg\" \/>\n<meta name=\"twitter:card\" content=\"summary_large_image\" \/>\n<meta name=\"twitter:label1\" content=\"Est. reading time\" \/>\n\t<meta name=\"twitter:data1\" content=\"1 minuta\" \/>\n<script type=\"application\/ld+json\" class=\"yoast-schema-graph\">{\"@context\":\"https:\/\/schema.org\",\"@graph\":[{\"@type\":\"WebPage\",\"@id\":\"https:\/\/geooprema.com\/bs\/products\/gradjevinska-oprema\/geo-fennel-fl-505hv-g-lc-2-fr-dist-30\/\",\"url\":\"https:\/\/geooprema.com\/bs\/products\/gradjevinska-oprema\/geo-fennel-fl-505hv-g-lc-2-fr-dist-30\/\",\"name\":\"Geo-Fennel FL 505HV-G (LC 2) & FR-DIST 30 - Geooprema\",\"isPartOf\":{\"@id\":\"https:\/\/geooprema.com\/#website\"},\"primaryImageOfPage\":{\"@id\":\"https:\/\/geooprema.com\/bs\/products\/gradjevinska-oprema\/geo-fennel-fl-505hv-g-lc-2-fr-dist-30\/#primaryimage\"},\"image\":{\"@id\":\"https:\/\/geooprema.com\/bs\/products\/gradjevinska-oprema\/geo-fennel-fl-505hv-g-lc-2-fr-dist-30\/#primaryimage\"},\"thumbnailUrl\":\"https:\/\/geooprema.com\/wp-content\/uploads\/2020\/10\/Geo_Fennel_FL_505HV-G_LC_2_Dual_Grade_Rotating_Laser_Level_with_FR_77m3.jpg\",\"datePublished\":\"2020-10-15T14:35:55+00:00\",\"breadcrumb\":{\"@id\":\"https:\/\/geooprema.com\/bs\/products\/gradjevinska-oprema\/geo-fennel-fl-505hv-g-lc-2-fr-dist-30\/#breadcrumb\"},\"inLanguage\":\"bs-BA\",\"potentialAction\":[{\"@type\":\"ReadAction\",\"target\":[\"https:\/\/geooprema.com\/bs\/products\/gradjevinska-oprema\/geo-fennel-fl-505hv-g-lc-2-fr-dist-30\/\"]}]},{\"@type\":\"ImageObject\",\"inLanguage\":\"bs-BA\",\"@id\":\"https:\/\/geooprema.com\/bs\/products\/gradjevinska-oprema\/geo-fennel-fl-505hv-g-lc-2-fr-dist-30\/#primaryimage\",\"url\":\"https:\/\/geooprema.com\/wp-content\/uploads\/2020\/10\/Geo_Fennel_FL_505HV-G_LC_2_Dual_Grade_Rotating_Laser_Level_with_FR_77m3.jpg\",\"contentUrl\":\"https:\/\/geooprema.com\/wp-content\/uploads\/2020\/10\/Geo_Fennel_FL_505HV-G_LC_2_Dual_Grade_Rotating_Laser_Level_with_FR_77m3.jpg\",\"width\":800,\"height\":800,\"caption\":\"Geo-Fennel FL 505HV-G (LC 2) & FR 77-MM\"},{\"@type\":\"BreadcrumbList\",\"@id\":\"https:\/\/geooprema.com\/bs\/products\/gradjevinska-oprema\/geo-fennel-fl-505hv-g-lc-2-fr-dist-30\/#breadcrumb\",\"itemListElement\":[{\"@type\":\"ListItem\",\"position\":1,\"name\":\"Home\",\"item\":\"https:\/\/geooprema.com\/bs\/\"},{\"@type\":\"ListItem\",\"position\":2,\"name\":\"Shop\",\"item\":\"https:\/\/geooprema.com\/shop-2\/\"},{\"@type\":\"ListItem\",\"position\":3,\"name\":\"Geo-Fennel FL 505HV-G (LC 2) &#038; FR-DIST 30\"}]},{\"@type\":\"WebSite\",\"@id\":\"https:\/\/geooprema.com\/#website\",\"url\":\"https:\/\/geooprema.com\/\",\"name\":\"Geooprema\",\"description\":\"Surveying and Construction Equipmen, Software and Accessories\",\"publisher\":{\"@id\":\"https:\/\/geooprema.com\/#organization\"},\"potentialAction\":[{\"@type\":\"SearchAction\",\"target\":{\"@type\":\"EntryPoint\",\"urlTemplate\":\"https:\/\/geooprema.com\/?s={search_term_string}\"},\"query-input\":{\"@type\":\"PropertyValueSpecification\",\"valueRequired\":true,\"valueName\":\"search_term_string\"}}],\"inLanguage\":\"bs-BA\"},{\"@type\":\"Organization\",\"@id\":\"https:\/\/geooprema.com\/#organization\",\"name\":\"Geooprema\",\"url\":\"https:\/\/geooprema.com\/\",\"logo\":{\"@type\":\"ImageObject\",\"inLanguage\":\"bs-BA\",\"@id\":\"https:\/\/geooprema.com\/#\/schema\/logo\/image\/\",\"url\":\"https:\/\/geooprema.com\/wp-content\/uploads\/2020\/08\/geooprema-logo.png\",\"contentUrl\":\"https:\/\/geooprema.com\/wp-content\/uploads\/2020\/08\/geooprema-logo.png\",\"width\":513,\"height\":161,\"caption\":\"Geooprema\"},\"image\":{\"@id\":\"https:\/\/geooprema.com\/#\/schema\/logo\/image\/\"},\"sameAs\":[\"https:\/\/www.facebook.com\/geoinfobih\",\"https:\/\/www.instagram.com\/geoinfodoo\/\",\"https:\/\/www.linkedin.com\/company\/geoinfo-doo\/\",\"https:\/\/www.youtube.com\/c\/Geoinfodoo\"]}]}<\/script>\n<!-- \/ Yoast SEO plugin. -->","yoast_head_json":{"title":"Geo-Fennel FL 505HV-G (LC 2) & FR-DIST 30 - Geooprema","robots":{"index":"index","follow":"follow","max-snippet":"max-snippet:-1","max-image-preview":"max-image-preview:large","max-video-preview":"max-video-preview:-1"},"canonical":"https:\/\/geooprema.com\/bs\/products\/gradjevinska-oprema\/geo-fennel-fl-505hv-g-lc-2-fr-dist-30\/","og_locale":"bs_BA","og_type":"article","og_title":"Geo-Fennel FL 505HV-G (LC 2) & FR-DIST 30 - Geooprema","og_description":"Opis: Pobolj\u0161ane performanse uliziraju\u0107e PowerSwitch-Tehnologije: Snaga klase 3R u laseru klase 2. Promjer laserske zrake od 4 mm za optimalnu. Kompatibilnost s na\u0161im FMR 700\/800 na velikim udaljenostima. Potpuno automatsko samonivelisanje u horizontalnoj, vertikalnoj i nagibu. Funkcije nagiba horizontalno: Digitalno pode\u0161avanje stepeni ose X i Y do \u00b1 10%. Ru\u010dno pode\u0161avanje nagiba ose X i Y.. Funkcije nagiba vertikalno: Smjer ose X mo\u017ee se podesiti na \u00b1 10% s samoniveli\u0161u\u0107oj osi Y. Smjer ose X i Z mo\u017ee se podesiti ru\u010dno. Dolazi sa resiverom FR-DIST 30.","og_url":"https:\/\/geooprema.com\/bs\/products\/gradjevinska-oprema\/geo-fennel-fl-505hv-g-lc-2-fr-dist-30\/","og_site_name":"Geooprema","article_publisher":"https:\/\/www.facebook.com\/geoinfobih","og_image":[{"width":800,"height":800,"url":"https:\/\/geooprema.com\/wp-content\/uploads\/2020\/10\/Geo_Fennel_FL_505HV-G_LC_2_Dual_Grade_Rotating_Laser_Level_with_FR_77m3.jpg","type":"image\/jpeg"}],"twitter_card":"summary_large_image","twitter_misc":{"Est. reading time":"1 minuta"},"schema":{"@context":"https:\/\/schema.org","@graph":[{"@type":"WebPage","@id":"https:\/\/geooprema.com\/bs\/products\/gradjevinska-oprema\/geo-fennel-fl-505hv-g-lc-2-fr-dist-30\/","url":"https:\/\/geooprema.com\/bs\/products\/gradjevinska-oprema\/geo-fennel-fl-505hv-g-lc-2-fr-dist-30\/","name":"Geo-Fennel FL 505HV-G (LC 2) & FR-DIST 30 - Geooprema","isPartOf":{"@id":"https:\/\/geooprema.com\/#website"},"primaryImageOfPage":{"@id":"https:\/\/geooprema.com\/bs\/products\/gradjevinska-oprema\/geo-fennel-fl-505hv-g-lc-2-fr-dist-30\/#primaryimage"},"image":{"@id":"https:\/\/geooprema.com\/bs\/products\/gradjevinska-oprema\/geo-fennel-fl-505hv-g-lc-2-fr-dist-30\/#primaryimage"},"thumbnailUrl":"https:\/\/geooprema.com\/wp-content\/uploads\/2020\/10\/Geo_Fennel_FL_505HV-G_LC_2_Dual_Grade_Rotating_Laser_Level_with_FR_77m3.jpg","datePublished":"2020-10-15T14:35:55+00:00","breadcrumb":{"@id":"https:\/\/geooprema.com\/bs\/products\/gradjevinska-oprema\/geo-fennel-fl-505hv-g-lc-2-fr-dist-30\/#breadcrumb"},"inLanguage":"bs-BA","potentialAction":[{"@type":"ReadAction","target":["https:\/\/geooprema.com\/bs\/products\/gradjevinska-oprema\/geo-fennel-fl-505hv-g-lc-2-fr-dist-30\/"]}]},{"@type":"ImageObject","inLanguage":"bs-BA","@id":"https:\/\/geooprema.com\/bs\/products\/gradjevinska-oprema\/geo-fennel-fl-505hv-g-lc-2-fr-dist-30\/#primaryimage","url":"https:\/\/geooprema.com\/wp-content\/uploads\/2020\/10\/Geo_Fennel_FL_505HV-G_LC_2_Dual_Grade_Rotating_Laser_Level_with_FR_77m3.jpg","contentUrl":"https:\/\/geooprema.com\/wp-content\/uploads\/2020\/10\/Geo_Fennel_FL_505HV-G_LC_2_Dual_Grade_Rotating_Laser_Level_with_FR_77m3.jpg","width":800,"height":800,"caption":"Geo-Fennel FL 505HV-G (LC 2) & FR 77-MM"},{"@type":"BreadcrumbList","@id":"https:\/\/geooprema.com\/bs\/products\/gradjevinska-oprema\/geo-fennel-fl-505hv-g-lc-2-fr-dist-30\/#breadcrumb","itemListElement":[{"@type":"ListItem","position":1,"name":"Home","item":"https:\/\/geooprema.com\/bs\/"},{"@type":"ListItem","position":2,"name":"Shop","item":"https:\/\/geooprema.com\/shop-2\/"},{"@type":"ListItem","position":3,"name":"Geo-Fennel FL 505HV-G (LC 2) &#038; FR-DIST 30"}]},{"@type":"WebSite","@id":"https:\/\/geooprema.com\/#website","url":"https:\/\/geooprema.com\/","name":"Geooprema","description":"Surveying and Construction Equipmen, Software and Accessories","publisher":{"@id":"https:\/\/geooprema.com\/#organization"},"potentialAction":[{"@type":"SearchAction","target":{"@type":"EntryPoint","urlTemplate":"https:\/\/geooprema.com\/?s={search_term_string}"},"query-input":{"@type":"PropertyValueSpecification","valueRequired":true,"valueName":"search_term_string"}}],"inLanguage":"bs-BA"},{"@type":"Organization","@id":"https:\/\/geooprema.com\/#organization","name":"Geooprema","url":"https:\/\/geooprema.com\/","logo":{"@type":"ImageObject","inLanguage":"bs-BA","@id":"https:\/\/geooprema.com\/#\/schema\/logo\/image\/","url":"https:\/\/geooprema.com\/wp-content\/uploads\/2020\/08\/geooprema-logo.png","contentUrl":"https:\/\/geooprema.com\/wp-content\/uploads\/2020\/08\/geooprema-logo.png","width":513,"height":161,"caption":"Geooprema"},"image":{"@id":"https:\/\/geooprema.com\/#\/schema\/logo\/image\/"},"sameAs":["https:\/\/www.facebook.com\/geoinfobih","https:\/\/www.instagram.com\/geoinfodoo\/","https:\/\/www.linkedin.com\/company\/geoinfo-doo\/","https:\/\/www.youtube.com\/c\/Geoinfodoo"]}]}},"_links":{"self":[{"href":"https:\/\/geooprema.com\/bs\/wp-json\/wp\/v2\/product\/32136","targetHints":{"allow":["GET"]}}],"collection":[{"href":"https:\/\/geooprema.com\/bs\/wp-json\/wp\/v2\/product"}],"about":[{"href":"https:\/\/geooprema.com\/bs\/wp-json\/wp\/v2\/types\/product"}],"replies":[{"embeddable":true,"href":"https:\/\/geooprema.com\/bs\/wp-json\/wp\/v2\/comments?post=32136"}],"wp:featuredmedia":[{"embeddable":true,"href":"https:\/\/geooprema.com\/bs\/wp-json\/wp\/v2\/media\/27802"}],"wp:attachment":[{"href":"https:\/\/geooprema.com\/bs\/wp-json\/wp\/v2\/media?parent=32136"}],"wp:term":[{"taxonomy":"product_brand","embeddable":true,"href":"https:\/\/geooprema.com\/bs\/wp-json\/wp\/v2\/product_brand?post=32136"},{"taxonomy":"product_cat","embeddable":true,"href":"https:\/\/geooprema.com\/bs\/wp-json\/wp\/v2\/product_cat?post=32136"},{"taxonomy":"product_tag","embeddable":true,"href":"https:\/\/geooprema.com\/bs\/wp-json\/wp\/v2\/product_tag?post=32136"}],"curies":[{"name":"wp","href":"https:\/\/api.w.org\/{rel}","templated":true}]}}