
{"id":32132,"date":"2020-10-15T14:19:15","date_gmt":"2020-10-15T14:19:15","guid":{"rendered":"https:\/\/geooprema.com\/products\/Bez kategorije\/geo-fennel-fl-300hv-g-easygrade-lc-2-fr-77-mm\/"},"modified":"2020-10-15T14:19:15","modified_gmt":"2020-10-15T14:19:15","slug":"geo-fennel-fl-300hv-g-easygrade-lc-2-fr-77-mm","status":"publish","type":"product","link":"https:\/\/geooprema.com\/bs\/products\/gradjevinska-oprema\/rotacioni-laseri\/geo-fennel-fl-300hv-g-easygrade-lc-2-fr-77-mm\/","title":{"rendered":"Geo-Fennel FL 300HV-G EasyGRADE (LC 2) &#038; FR 77-MM"},"content":{"rendered":"<p> <strong> \u0160ifra: 214077 <\/strong> <\/p>\n<p> <strong> Isporu\u010duje se sa: <\/strong> <br \/>\nJednoosovinski horizontalni laser sa vertikalnom funkcijom <br \/>\nFL 300HV-G EasyGRADE <br \/>\n\u00b7 Prijemnik sa stezaljkom <br \/>\n\u00b7 Daljinski upravlja\u010d <br \/>\n\u00b7 Punjiva baterija (Li-Ion) <br \/>\n\u00b7 Inteligentni punja\u010d baterija <br \/>\n\u00b7 Ku\u0107i\u0161te baterije za alkalne baterije <br \/>\n\u00b7 Podni nosa\u010d (integrisan) <br \/>\n\u00b7 Torbica <br \/>\n\u00b7 Korisni\u010dki priru\u010dnik <\/p>\n<p> <strong> Tehni\u010dki podaci <\/strong> <\/p>\n<p> Samoniveli\u0161u\u0107e horizontalno \/ vertikalno <br \/>\nRaspon samonivelisanja \u00b1 5 \u00b0 <br \/>\nLaserska klasa 2 <br \/>\nTa\u010dnost <br \/>\n\u00b7 Horizontalno \u00b1 0,75 mm \/ 10 m <br \/>\n\u00b7 Vertikalno \u00b1 1,0 mm \/ 10 m <br \/>\nRadno podru\u010dje sa prijemnikom \u00d8 <br \/>\n\u00b7 FR 45 1.200 m <br \/>\n\u00b7 FR 77-MM 600 m <br \/>\n\u00b7 FR-DIST 30 600 m <br \/>\nPode\u0161avanje nagiba \/ smjer osa <br \/>\nHORIZONTALNI <br \/>\n\u00b7 Postavljanje ocjene u X-osi + 0,1 do 6,9% (u koraku 0,1%) <br \/>\n\u00b7 Y-osa samonivelisano &#8211; ili &#8211; ru\u010dno pode\u0161avanje nagiba \u00b1 5 \u00b0 (\u00b1 9%) <br \/>\nVERTIKALNA <br \/>\n\u00b7 Smjer vertikalne ose \u00b1 5 \u00b0 <br \/>\n\u00b7 2. osovina samonivelisana <br \/>\nDomet daljinskog upravlja\u010da IR 100 m <br \/>\nBrzina rotacije 800 o \/ min <br \/>\nNapajanje \/ radno vrijeme 40h (Li-Ion) <br \/>\nRaspon temperatura -10 \u00b0 C &#8211; + 50 \u00b0 C <br \/>\nZa\u0161tita od pra\u0161ine i vode IP 66 <\/p>\n","protected":false},"excerpt":{"rendered":"<p>Opis: Jednostavno pritisnite tipke \u201e%\u201c na tastaturi da biste postavili \u017eeljeni stepen X ose &#8211; to je jednostavno.<br \/>\nIdealno za postavljanje nagiba za povr\u0161insku odvodnju, poplo\u010davanje, ure\u0111enje okoline itd.<br \/>\nRaspon od 0,1% do 6,9% pokriva ve\u0107inu zadataka na terenu.<br \/>\nHorizontalno: samonivelisanje ili ru\u010dno pode\u0161avanje stepeni s daljinskim upravlja\u010dem.<br \/>\nVertikalno: smjer ose s daljinskim upravlja\u010dem.<br \/>\nJednostavno pode\u0161avanje pojedina\u010dnog stepena, dugi radni domet, TILT- \/ VWS-mjerne sigurnosne funkcije.<br \/>\nPowerSwitch-tehnologija: snaga lasera klase 3R u laseru klase 2.<br \/>\nIP 66, visoka preciznost, robusnost, Li-Ion baterija.<br \/>\nDolazi sa resiverom FR 77-MM.<\/p>\n","protected":false},"featured_media":27778,"comment_status":"open","ping_status":"closed","template":"","meta":{"_acf_changed":false},"product_brand":[],"product_cat":[397,1286],"product_tag":[],"class_list":{"0":"post-32132","1":"product","2":"type-product","3":"status-publish","4":"has-post-thumbnail","6":"product_cat-gradjevinska-oprema","7":"product_cat-rotacioni-laseri","8":"pa_brand-geofennel-bs","10":"first","11":"onbackorder","12":"taxable","13":"shipping-taxable","14":"product-type-simple","swatches":"rey-swatches","show_selected":""},"acf":[],"yoast_head":"<!-- This site is optimized with the Yoast SEO plugin v24.9 - https:\/\/yoast.com\/wordpress\/plugins\/seo\/ -->\n<title>Geo-Fennel FL 300HV-G EasyGRADE (LC 2) &amp; FR 77-MM - Geooprema<\/title>\n<meta name=\"robots\" content=\"index, follow, max-snippet:-1, max-image-preview:large, max-video-preview:-1\" \/>\n<link rel=\"canonical\" href=\"https:\/\/geooprema.com\/bs\/products\/gradjevinska-oprema\/geo-fennel-fl-300hv-g-easygrade-lc-2-fr-77-mm\/\" \/>\n<meta property=\"og:locale\" content=\"bs_BA\" \/>\n<meta property=\"og:type\" content=\"article\" \/>\n<meta property=\"og:title\" content=\"Geo-Fennel FL 300HV-G EasyGRADE (LC 2) &amp; FR 77-MM - Geooprema\" \/>\n<meta property=\"og:description\" content=\"Opis: Jednostavno pritisnite tipke \u201e%\u201c na tastaturi da biste postavili \u017eeljeni stepen X ose - to je jednostavno. Idealno za postavljanje nagiba za povr\u0161insku odvodnju, poplo\u010davanje, ure\u0111enje okoline itd. Raspon od 0,1% do 6,9% pokriva ve\u0107inu zadataka na terenu. Horizontalno: samonivelisanje ili ru\u010dno pode\u0161avanje stepeni s daljinskim upravlja\u010dem. Vertikalno: smjer ose s daljinskim upravlja\u010dem. Jednostavno pode\u0161avanje pojedina\u010dnog stepena, dugi radni domet, TILT- \/ VWS-mjerne sigurnosne funkcije. PowerSwitch-tehnologija: snaga lasera klase 3R u laseru klase 2. IP 66, visoka preciznost, robusnost, Li-Ion baterija. Dolazi sa resiverom FR 77-MM.\" \/>\n<meta property=\"og:url\" content=\"https:\/\/geooprema.com\/bs\/products\/gradjevinska-oprema\/geo-fennel-fl-300hv-g-easygrade-lc-2-fr-77-mm\/\" \/>\n<meta property=\"og:site_name\" content=\"Geooprema\" \/>\n<meta property=\"article:publisher\" content=\"https:\/\/www.facebook.com\/geoinfobih\" \/>\n<meta property=\"og:image\" content=\"https:\/\/geooprema.com\/wp-content\/uploads\/2020\/10\/FL_300HV-G_EasyGRADE_v1_4045921014190_06_web2-2.jpg\" \/>\n\t<meta property=\"og:image:width\" content=\"800\" \/>\n\t<meta property=\"og:image:height\" content=\"800\" \/>\n\t<meta property=\"og:image:type\" content=\"image\/jpeg\" \/>\n<meta name=\"twitter:card\" content=\"summary_large_image\" \/>\n<meta name=\"twitter:label1\" content=\"Est. reading time\" \/>\n\t<meta name=\"twitter:data1\" content=\"1 minuta\" \/>\n<script type=\"application\/ld+json\" class=\"yoast-schema-graph\">{\"@context\":\"https:\/\/schema.org\",\"@graph\":[{\"@type\":\"WebPage\",\"@id\":\"https:\/\/geooprema.com\/bs\/products\/gradjevinska-oprema\/geo-fennel-fl-300hv-g-easygrade-lc-2-fr-77-mm\/\",\"url\":\"https:\/\/geooprema.com\/bs\/products\/gradjevinska-oprema\/geo-fennel-fl-300hv-g-easygrade-lc-2-fr-77-mm\/\",\"name\":\"Geo-Fennel FL 300HV-G EasyGRADE (LC 2) & FR 77-MM - Geooprema\",\"isPartOf\":{\"@id\":\"https:\/\/geooprema.com\/#website\"},\"primaryImageOfPage\":{\"@id\":\"https:\/\/geooprema.com\/bs\/products\/gradjevinska-oprema\/geo-fennel-fl-300hv-g-easygrade-lc-2-fr-77-mm\/#primaryimage\"},\"image\":{\"@id\":\"https:\/\/geooprema.com\/bs\/products\/gradjevinska-oprema\/geo-fennel-fl-300hv-g-easygrade-lc-2-fr-77-mm\/#primaryimage\"},\"thumbnailUrl\":\"https:\/\/geooprema.com\/wp-content\/uploads\/2020\/10\/FL_300HV-G_EasyGRADE_v1_4045921014190_06_web2-2.jpg\",\"datePublished\":\"2020-10-15T14:19:15+00:00\",\"breadcrumb\":{\"@id\":\"https:\/\/geooprema.com\/bs\/products\/gradjevinska-oprema\/geo-fennel-fl-300hv-g-easygrade-lc-2-fr-77-mm\/#breadcrumb\"},\"inLanguage\":\"bs-BA\",\"potentialAction\":[{\"@type\":\"ReadAction\",\"target\":[\"https:\/\/geooprema.com\/bs\/products\/gradjevinska-oprema\/geo-fennel-fl-300hv-g-easygrade-lc-2-fr-77-mm\/\"]}]},{\"@type\":\"ImageObject\",\"inLanguage\":\"bs-BA\",\"@id\":\"https:\/\/geooprema.com\/bs\/products\/gradjevinska-oprema\/geo-fennel-fl-300hv-g-easygrade-lc-2-fr-77-mm\/#primaryimage\",\"url\":\"https:\/\/geooprema.com\/wp-content\/uploads\/2020\/10\/FL_300HV-G_EasyGRADE_v1_4045921014190_06_web2-2.jpg\",\"contentUrl\":\"https:\/\/geooprema.com\/wp-content\/uploads\/2020\/10\/FL_300HV-G_EasyGRADE_v1_4045921014190_06_web2-2.jpg\",\"width\":800,\"height\":800,\"caption\":\"Geo-Fennel FL 300HV-G EasyGRADE (LC 2) & FR 45 rotating laser\"},{\"@type\":\"BreadcrumbList\",\"@id\":\"https:\/\/geooprema.com\/bs\/products\/gradjevinska-oprema\/geo-fennel-fl-300hv-g-easygrade-lc-2-fr-77-mm\/#breadcrumb\",\"itemListElement\":[{\"@type\":\"ListItem\",\"position\":1,\"name\":\"Home\",\"item\":\"https:\/\/geooprema.com\/bs\/\"},{\"@type\":\"ListItem\",\"position\":2,\"name\":\"Shop\",\"item\":\"https:\/\/geooprema.com\/shop-2\/\"},{\"@type\":\"ListItem\",\"position\":3,\"name\":\"Geo-Fennel FL 300HV-G EasyGRADE (LC 2) &#038; FR 77-MM\"}]},{\"@type\":\"WebSite\",\"@id\":\"https:\/\/geooprema.com\/#website\",\"url\":\"https:\/\/geooprema.com\/\",\"name\":\"Geooprema\",\"description\":\"Surveying and Construction Equipmen, Software and Accessories\",\"publisher\":{\"@id\":\"https:\/\/geooprema.com\/#organization\"},\"potentialAction\":[{\"@type\":\"SearchAction\",\"target\":{\"@type\":\"EntryPoint\",\"urlTemplate\":\"https:\/\/geooprema.com\/?s={search_term_string}\"},\"query-input\":{\"@type\":\"PropertyValueSpecification\",\"valueRequired\":true,\"valueName\":\"search_term_string\"}}],\"inLanguage\":\"bs-BA\"},{\"@type\":\"Organization\",\"@id\":\"https:\/\/geooprema.com\/#organization\",\"name\":\"Geooprema\",\"url\":\"https:\/\/geooprema.com\/\",\"logo\":{\"@type\":\"ImageObject\",\"inLanguage\":\"bs-BA\",\"@id\":\"https:\/\/geooprema.com\/#\/schema\/logo\/image\/\",\"url\":\"https:\/\/geooprema.com\/wp-content\/uploads\/2020\/08\/geooprema-logo.png\",\"contentUrl\":\"https:\/\/geooprema.com\/wp-content\/uploads\/2020\/08\/geooprema-logo.png\",\"width\":513,\"height\":161,\"caption\":\"Geooprema\"},\"image\":{\"@id\":\"https:\/\/geooprema.com\/#\/schema\/logo\/image\/\"},\"sameAs\":[\"https:\/\/www.facebook.com\/geoinfobih\",\"https:\/\/www.instagram.com\/geoinfodoo\/\",\"https:\/\/www.linkedin.com\/company\/geoinfo-doo\/\",\"https:\/\/www.youtube.com\/c\/Geoinfodoo\"]}]}<\/script>\n<!-- \/ Yoast SEO plugin. -->","yoast_head_json":{"title":"Geo-Fennel FL 300HV-G EasyGRADE (LC 2) & FR 77-MM - Geooprema","robots":{"index":"index","follow":"follow","max-snippet":"max-snippet:-1","max-image-preview":"max-image-preview:large","max-video-preview":"max-video-preview:-1"},"canonical":"https:\/\/geooprema.com\/bs\/products\/gradjevinska-oprema\/geo-fennel-fl-300hv-g-easygrade-lc-2-fr-77-mm\/","og_locale":"bs_BA","og_type":"article","og_title":"Geo-Fennel FL 300HV-G EasyGRADE (LC 2) & FR 77-MM - Geooprema","og_description":"Opis: Jednostavno pritisnite tipke \u201e%\u201c na tastaturi da biste postavili \u017eeljeni stepen X ose - to je jednostavno. Idealno za postavljanje nagiba za povr\u0161insku odvodnju, poplo\u010davanje, ure\u0111enje okoline itd. Raspon od 0,1% do 6,9% pokriva ve\u0107inu zadataka na terenu. Horizontalno: samonivelisanje ili ru\u010dno pode\u0161avanje stepeni s daljinskim upravlja\u010dem. Vertikalno: smjer ose s daljinskim upravlja\u010dem. Jednostavno pode\u0161avanje pojedina\u010dnog stepena, dugi radni domet, TILT- \/ VWS-mjerne sigurnosne funkcije. PowerSwitch-tehnologija: snaga lasera klase 3R u laseru klase 2. IP 66, visoka preciznost, robusnost, Li-Ion baterija. Dolazi sa resiverom FR 77-MM.","og_url":"https:\/\/geooprema.com\/bs\/products\/gradjevinska-oprema\/geo-fennel-fl-300hv-g-easygrade-lc-2-fr-77-mm\/","og_site_name":"Geooprema","article_publisher":"https:\/\/www.facebook.com\/geoinfobih","og_image":[{"width":800,"height":800,"url":"https:\/\/geooprema.com\/wp-content\/uploads\/2020\/10\/FL_300HV-G_EasyGRADE_v1_4045921014190_06_web2-2.jpg","type":"image\/jpeg"}],"twitter_card":"summary_large_image","twitter_misc":{"Est. reading time":"1 minuta"},"schema":{"@context":"https:\/\/schema.org","@graph":[{"@type":"WebPage","@id":"https:\/\/geooprema.com\/bs\/products\/gradjevinska-oprema\/geo-fennel-fl-300hv-g-easygrade-lc-2-fr-77-mm\/","url":"https:\/\/geooprema.com\/bs\/products\/gradjevinska-oprema\/geo-fennel-fl-300hv-g-easygrade-lc-2-fr-77-mm\/","name":"Geo-Fennel FL 300HV-G EasyGRADE (LC 2) & FR 77-MM - Geooprema","isPartOf":{"@id":"https:\/\/geooprema.com\/#website"},"primaryImageOfPage":{"@id":"https:\/\/geooprema.com\/bs\/products\/gradjevinska-oprema\/geo-fennel-fl-300hv-g-easygrade-lc-2-fr-77-mm\/#primaryimage"},"image":{"@id":"https:\/\/geooprema.com\/bs\/products\/gradjevinska-oprema\/geo-fennel-fl-300hv-g-easygrade-lc-2-fr-77-mm\/#primaryimage"},"thumbnailUrl":"https:\/\/geooprema.com\/wp-content\/uploads\/2020\/10\/FL_300HV-G_EasyGRADE_v1_4045921014190_06_web2-2.jpg","datePublished":"2020-10-15T14:19:15+00:00","breadcrumb":{"@id":"https:\/\/geooprema.com\/bs\/products\/gradjevinska-oprema\/geo-fennel-fl-300hv-g-easygrade-lc-2-fr-77-mm\/#breadcrumb"},"inLanguage":"bs-BA","potentialAction":[{"@type":"ReadAction","target":["https:\/\/geooprema.com\/bs\/products\/gradjevinska-oprema\/geo-fennel-fl-300hv-g-easygrade-lc-2-fr-77-mm\/"]}]},{"@type":"ImageObject","inLanguage":"bs-BA","@id":"https:\/\/geooprema.com\/bs\/products\/gradjevinska-oprema\/geo-fennel-fl-300hv-g-easygrade-lc-2-fr-77-mm\/#primaryimage","url":"https:\/\/geooprema.com\/wp-content\/uploads\/2020\/10\/FL_300HV-G_EasyGRADE_v1_4045921014190_06_web2-2.jpg","contentUrl":"https:\/\/geooprema.com\/wp-content\/uploads\/2020\/10\/FL_300HV-G_EasyGRADE_v1_4045921014190_06_web2-2.jpg","width":800,"height":800,"caption":"Geo-Fennel FL 300HV-G EasyGRADE (LC 2) & FR 45 rotating laser"},{"@type":"BreadcrumbList","@id":"https:\/\/geooprema.com\/bs\/products\/gradjevinska-oprema\/geo-fennel-fl-300hv-g-easygrade-lc-2-fr-77-mm\/#breadcrumb","itemListElement":[{"@type":"ListItem","position":1,"name":"Home","item":"https:\/\/geooprema.com\/bs\/"},{"@type":"ListItem","position":2,"name":"Shop","item":"https:\/\/geooprema.com\/shop-2\/"},{"@type":"ListItem","position":3,"name":"Geo-Fennel FL 300HV-G EasyGRADE (LC 2) &#038; FR 77-MM"}]},{"@type":"WebSite","@id":"https:\/\/geooprema.com\/#website","url":"https:\/\/geooprema.com\/","name":"Geooprema","description":"Surveying and Construction Equipmen, Software and Accessories","publisher":{"@id":"https:\/\/geooprema.com\/#organization"},"potentialAction":[{"@type":"SearchAction","target":{"@type":"EntryPoint","urlTemplate":"https:\/\/geooprema.com\/?s={search_term_string}"},"query-input":{"@type":"PropertyValueSpecification","valueRequired":true,"valueName":"search_term_string"}}],"inLanguage":"bs-BA"},{"@type":"Organization","@id":"https:\/\/geooprema.com\/#organization","name":"Geooprema","url":"https:\/\/geooprema.com\/","logo":{"@type":"ImageObject","inLanguage":"bs-BA","@id":"https:\/\/geooprema.com\/#\/schema\/logo\/image\/","url":"https:\/\/geooprema.com\/wp-content\/uploads\/2020\/08\/geooprema-logo.png","contentUrl":"https:\/\/geooprema.com\/wp-content\/uploads\/2020\/08\/geooprema-logo.png","width":513,"height":161,"caption":"Geooprema"},"image":{"@id":"https:\/\/geooprema.com\/#\/schema\/logo\/image\/"},"sameAs":["https:\/\/www.facebook.com\/geoinfobih","https:\/\/www.instagram.com\/geoinfodoo\/","https:\/\/www.linkedin.com\/company\/geoinfo-doo\/","https:\/\/www.youtube.com\/c\/Geoinfodoo"]}]}},"_links":{"self":[{"href":"https:\/\/geooprema.com\/bs\/wp-json\/wp\/v2\/product\/32132","targetHints":{"allow":["GET"]}}],"collection":[{"href":"https:\/\/geooprema.com\/bs\/wp-json\/wp\/v2\/product"}],"about":[{"href":"https:\/\/geooprema.com\/bs\/wp-json\/wp\/v2\/types\/product"}],"replies":[{"embeddable":true,"href":"https:\/\/geooprema.com\/bs\/wp-json\/wp\/v2\/comments?post=32132"}],"wp:featuredmedia":[{"embeddable":true,"href":"https:\/\/geooprema.com\/bs\/wp-json\/wp\/v2\/media\/27778"}],"wp:attachment":[{"href":"https:\/\/geooprema.com\/bs\/wp-json\/wp\/v2\/media?parent=32132"}],"wp:term":[{"taxonomy":"product_brand","embeddable":true,"href":"https:\/\/geooprema.com\/bs\/wp-json\/wp\/v2\/product_brand?post=32132"},{"taxonomy":"product_cat","embeddable":true,"href":"https:\/\/geooprema.com\/bs\/wp-json\/wp\/v2\/product_cat?post=32132"},{"taxonomy":"product_tag","embeddable":true,"href":"https:\/\/geooprema.com\/bs\/wp-json\/wp\/v2\/product_tag?post=32132"}],"curies":[{"name":"wp","href":"https:\/\/api.w.org\/{rel}","templated":true}]}}