
{"id":32129,"date":"2020-10-15T14:05:16","date_gmt":"2020-10-15T14:05:16","guid":{"rendered":"https:\/\/geooprema.com\/products\/Bez kategorije\/geofennel-fl-275hv-tracking-rotirajuci-laser\/"},"modified":"2020-10-15T14:05:16","modified_gmt":"2020-10-15T14:05:16","slug":"geofennel-fl-275hv-tracking-rotirajuci-laser","status":"publish","type":"product","link":"https:\/\/geooprema.com\/bs\/products\/gradjevinska-oprema\/rotacioni-laseri\/geofennel-fl-275hv-tracking-rotirajuci-laser\/","title":{"rendered":"GeoFennel FL 275HV &#8220;Tracking&#8221; rotiraju\u0107i laser"},"content":{"rendered":"<p> <strong> Ref.br .: 242701 <\/strong> <\/p>\n<p> <strong> Isporu\u010duje se sa: <\/strong> <br \/>\nRotiraju\u0107i laser FL 275HV-TRACKING <br \/>\nGlavne karakteristike:<br \/>\n\u2022\tTracking fukncija za automatsko poravnavanje osa horizontalno i vertikalno<br \/>\n\u2022\tLaserska ravnina automatski se usmjerava na prijamnik<br \/>\n\u2022\tJednostavna 1 tipka za tracking fuknciju<br \/>\n\u2022\tRad tracking funkcije do 70 metara<br \/>\n\u2022\tVertikalni : x i y os<br \/>\n\u2022\tHorizontalni: 1 os x ili y, suprotno os samo-nivelirajul\u0107a<br \/>\n\u2022\tOtpornost na pra\u0161inu\/vlagu IP 66<br \/>\n\u2022\tVisoka to\u010dnost promjera 400metara<br \/>\n\u2022\tPobolj\u0161ane funkcije skeniranja s malim koracima i rasponom do 180 \u00b0<br \/>\n\u2022\t90\u00b0 trajna zraka za desni ugao<br \/>\n\u2022\tAutomatska funkcija TILT alarma<br \/>\n\u2022\tVWS Funkcija (Vibration-Wind-Security)<br \/>\n\u2022\tAutomatsko isklju\u010divanje kad nije u dometu<br \/>\n\u2022\tDaljinsko upravljanje on\/off: da se izbjegnu smetnje s drugim daljinskim upravlja\u010dima<br \/>\n\u2022\tRu\u010dno pode\u0161avanje nagiba x i x osi ili automatsko samo nivelisanje suprotnih osa<br \/>\n\u2022\tPodni nosa\u010d sa sredi\u0161njom oznakom za precizno postavljanje iznad ta\u010dke tla<\/p>\n","protected":false},"excerpt":{"rendered":"<p>Opis: Novi inovativni niski pogon trenja i samoniveli\u0161u\u0107i modul.<br \/>\nPogon niskog trenja za smanjeno stvaranje buke.<br \/>\nSmanjen broj tipki.<br \/>\nSve funkcije na daljinskom upravlja\u010du.<br \/>\nFunkcija pra\u0107enja na prijemniku.<br \/>\nDaljinsko upravljanje do 100 metara.<\/p>\n","protected":false},"featured_media":27767,"comment_status":"open","ping_status":"closed","template":"","meta":{"_acf_changed":false},"product_brand":[],"product_cat":[397,1286],"product_tag":[],"class_list":{"0":"post-32129","1":"product","2":"type-product","3":"status-publish","4":"has-post-thumbnail","6":"product_cat-gradjevinska-oprema","7":"product_cat-rotacioni-laseri","8":"pa_brand-geofennel-bs","10":"first","11":"onbackorder","12":"taxable","13":"shipping-taxable","14":"product-type-simple","swatches":"rey-swatches","show_selected":""},"acf":[],"yoast_head":"<!-- This site is optimized with the Yoast SEO plugin v24.9 - https:\/\/yoast.com\/wordpress\/plugins\/seo\/ -->\n<title>GeoFennel FL 275HV &quot;Tracking&quot; rotiraju\u0107i laser - Geooprema<\/title>\n<meta name=\"robots\" content=\"index, follow, max-snippet:-1, max-image-preview:large, max-video-preview:-1\" \/>\n<link rel=\"canonical\" href=\"https:\/\/geooprema.com\/bs\/products\/gradjevinska-oprema\/geofennel-fl-275hv-tracking-rotirajuci-laser\/\" \/>\n<meta property=\"og:locale\" content=\"bs_BA\" \/>\n<meta property=\"og:type\" content=\"article\" \/>\n<meta property=\"og:title\" content=\"GeoFennel FL 275HV &quot;Tracking&quot; rotiraju\u0107i laser - Geooprema\" \/>\n<meta property=\"og:description\" content=\"Opis: Novi inovativni niski pogon trenja i samoniveli\u0161u\u0107i modul. Pogon niskog trenja za smanjeno stvaranje buke. Smanjen broj tipki. Sve funkcije na daljinskom upravlja\u010du. Funkcija pra\u0107enja na prijemniku. Daljinsko upravljanje do 100 metara.\" \/>\n<meta property=\"og:url\" content=\"https:\/\/geooprema.com\/bs\/products\/gradjevinska-oprema\/geofennel-fl-275hv-tracking-rotirajuci-laser\/\" \/>\n<meta property=\"og:site_name\" content=\"Geooprema\" \/>\n<meta property=\"article:publisher\" content=\"https:\/\/www.facebook.com\/geoinfobih\" \/>\n<meta property=\"og:image\" content=\"https:\/\/geooprema.com\/wp-content\/uploads\/2020\/10\/FL_275HV_Tracking_04_web.jpg\" \/>\n\t<meta property=\"og:image:width\" content=\"800\" \/>\n\t<meta property=\"og:image:height\" content=\"800\" \/>\n\t<meta property=\"og:image:type\" content=\"image\/jpeg\" \/>\n<meta name=\"twitter:card\" content=\"summary_large_image\" \/>\n<meta name=\"twitter:label1\" content=\"Est. reading time\" \/>\n\t<meta name=\"twitter:data1\" content=\"1 minuta\" \/>\n<script type=\"application\/ld+json\" class=\"yoast-schema-graph\">{\"@context\":\"https:\/\/schema.org\",\"@graph\":[{\"@type\":\"WebPage\",\"@id\":\"https:\/\/geooprema.com\/bs\/products\/gradjevinska-oprema\/geofennel-fl-275hv-tracking-rotirajuci-laser\/\",\"url\":\"https:\/\/geooprema.com\/bs\/products\/gradjevinska-oprema\/geofennel-fl-275hv-tracking-rotirajuci-laser\/\",\"name\":\"GeoFennel FL 275HV \\\"Tracking\\\" rotiraju\u0107i laser - Geooprema\",\"isPartOf\":{\"@id\":\"https:\/\/geooprema.com\/#website\"},\"primaryImageOfPage\":{\"@id\":\"https:\/\/geooprema.com\/bs\/products\/gradjevinska-oprema\/geofennel-fl-275hv-tracking-rotirajuci-laser\/#primaryimage\"},\"image\":{\"@id\":\"https:\/\/geooprema.com\/bs\/products\/gradjevinska-oprema\/geofennel-fl-275hv-tracking-rotirajuci-laser\/#primaryimage\"},\"thumbnailUrl\":\"https:\/\/geooprema.com\/wp-content\/uploads\/2020\/10\/FL_275HV_Tracking_04_web.jpg\",\"datePublished\":\"2020-10-15T14:05:16+00:00\",\"breadcrumb\":{\"@id\":\"https:\/\/geooprema.com\/bs\/products\/gradjevinska-oprema\/geofennel-fl-275hv-tracking-rotirajuci-laser\/#breadcrumb\"},\"inLanguage\":\"bs-BA\",\"potentialAction\":[{\"@type\":\"ReadAction\",\"target\":[\"https:\/\/geooprema.com\/bs\/products\/gradjevinska-oprema\/geofennel-fl-275hv-tracking-rotirajuci-laser\/\"]}]},{\"@type\":\"ImageObject\",\"inLanguage\":\"bs-BA\",\"@id\":\"https:\/\/geooprema.com\/bs\/products\/gradjevinska-oprema\/geofennel-fl-275hv-tracking-rotirajuci-laser\/#primaryimage\",\"url\":\"https:\/\/geooprema.com\/wp-content\/uploads\/2020\/10\/FL_275HV_Tracking_04_web.jpg\",\"contentUrl\":\"https:\/\/geooprema.com\/wp-content\/uploads\/2020\/10\/FL_275HV_Tracking_04_web.jpg\",\"width\":800,\"height\":800,\"caption\":\"Fotografien von Jens Distelberg\"},{\"@type\":\"BreadcrumbList\",\"@id\":\"https:\/\/geooprema.com\/bs\/products\/gradjevinska-oprema\/geofennel-fl-275hv-tracking-rotirajuci-laser\/#breadcrumb\",\"itemListElement\":[{\"@type\":\"ListItem\",\"position\":1,\"name\":\"Home\",\"item\":\"https:\/\/geooprema.com\/bs\/\"},{\"@type\":\"ListItem\",\"position\":2,\"name\":\"Shop\",\"item\":\"https:\/\/geooprema.com\/shop-2\/\"},{\"@type\":\"ListItem\",\"position\":3,\"name\":\"GeoFennel FL 275HV &#8220;Tracking&#8221; rotiraju\u0107i laser\"}]},{\"@type\":\"WebSite\",\"@id\":\"https:\/\/geooprema.com\/#website\",\"url\":\"https:\/\/geooprema.com\/\",\"name\":\"Geooprema\",\"description\":\"Surveying and Construction Equipmen, Software and Accessories\",\"publisher\":{\"@id\":\"https:\/\/geooprema.com\/#organization\"},\"potentialAction\":[{\"@type\":\"SearchAction\",\"target\":{\"@type\":\"EntryPoint\",\"urlTemplate\":\"https:\/\/geooprema.com\/?s={search_term_string}\"},\"query-input\":{\"@type\":\"PropertyValueSpecification\",\"valueRequired\":true,\"valueName\":\"search_term_string\"}}],\"inLanguage\":\"bs-BA\"},{\"@type\":\"Organization\",\"@id\":\"https:\/\/geooprema.com\/#organization\",\"name\":\"Geooprema\",\"url\":\"https:\/\/geooprema.com\/\",\"logo\":{\"@type\":\"ImageObject\",\"inLanguage\":\"bs-BA\",\"@id\":\"https:\/\/geooprema.com\/#\/schema\/logo\/image\/\",\"url\":\"https:\/\/geooprema.com\/wp-content\/uploads\/2020\/08\/geooprema-logo.png\",\"contentUrl\":\"https:\/\/geooprema.com\/wp-content\/uploads\/2020\/08\/geooprema-logo.png\",\"width\":513,\"height\":161,\"caption\":\"Geooprema\"},\"image\":{\"@id\":\"https:\/\/geooprema.com\/#\/schema\/logo\/image\/\"},\"sameAs\":[\"https:\/\/www.facebook.com\/geoinfobih\",\"https:\/\/www.instagram.com\/geoinfodoo\/\",\"https:\/\/www.linkedin.com\/company\/geoinfo-doo\/\",\"https:\/\/www.youtube.com\/c\/Geoinfodoo\"]}]}<\/script>\n<!-- \/ Yoast SEO plugin. -->","yoast_head_json":{"title":"GeoFennel FL 275HV \"Tracking\" rotiraju\u0107i laser - Geooprema","robots":{"index":"index","follow":"follow","max-snippet":"max-snippet:-1","max-image-preview":"max-image-preview:large","max-video-preview":"max-video-preview:-1"},"canonical":"https:\/\/geooprema.com\/bs\/products\/gradjevinska-oprema\/geofennel-fl-275hv-tracking-rotirajuci-laser\/","og_locale":"bs_BA","og_type":"article","og_title":"GeoFennel FL 275HV \"Tracking\" rotiraju\u0107i laser - Geooprema","og_description":"Opis: Novi inovativni niski pogon trenja i samoniveli\u0161u\u0107i modul. Pogon niskog trenja za smanjeno stvaranje buke. Smanjen broj tipki. Sve funkcije na daljinskom upravlja\u010du. Funkcija pra\u0107enja na prijemniku. Daljinsko upravljanje do 100 metara.","og_url":"https:\/\/geooprema.com\/bs\/products\/gradjevinska-oprema\/geofennel-fl-275hv-tracking-rotirajuci-laser\/","og_site_name":"Geooprema","article_publisher":"https:\/\/www.facebook.com\/geoinfobih","og_image":[{"width":800,"height":800,"url":"https:\/\/geooprema.com\/wp-content\/uploads\/2020\/10\/FL_275HV_Tracking_04_web.jpg","type":"image\/jpeg"}],"twitter_card":"summary_large_image","twitter_misc":{"Est. reading time":"1 minuta"},"schema":{"@context":"https:\/\/schema.org","@graph":[{"@type":"WebPage","@id":"https:\/\/geooprema.com\/bs\/products\/gradjevinska-oprema\/geofennel-fl-275hv-tracking-rotirajuci-laser\/","url":"https:\/\/geooprema.com\/bs\/products\/gradjevinska-oprema\/geofennel-fl-275hv-tracking-rotirajuci-laser\/","name":"GeoFennel FL 275HV \"Tracking\" rotiraju\u0107i laser - Geooprema","isPartOf":{"@id":"https:\/\/geooprema.com\/#website"},"primaryImageOfPage":{"@id":"https:\/\/geooprema.com\/bs\/products\/gradjevinska-oprema\/geofennel-fl-275hv-tracking-rotirajuci-laser\/#primaryimage"},"image":{"@id":"https:\/\/geooprema.com\/bs\/products\/gradjevinska-oprema\/geofennel-fl-275hv-tracking-rotirajuci-laser\/#primaryimage"},"thumbnailUrl":"https:\/\/geooprema.com\/wp-content\/uploads\/2020\/10\/FL_275HV_Tracking_04_web.jpg","datePublished":"2020-10-15T14:05:16+00:00","breadcrumb":{"@id":"https:\/\/geooprema.com\/bs\/products\/gradjevinska-oprema\/geofennel-fl-275hv-tracking-rotirajuci-laser\/#breadcrumb"},"inLanguage":"bs-BA","potentialAction":[{"@type":"ReadAction","target":["https:\/\/geooprema.com\/bs\/products\/gradjevinska-oprema\/geofennel-fl-275hv-tracking-rotirajuci-laser\/"]}]},{"@type":"ImageObject","inLanguage":"bs-BA","@id":"https:\/\/geooprema.com\/bs\/products\/gradjevinska-oprema\/geofennel-fl-275hv-tracking-rotirajuci-laser\/#primaryimage","url":"https:\/\/geooprema.com\/wp-content\/uploads\/2020\/10\/FL_275HV_Tracking_04_web.jpg","contentUrl":"https:\/\/geooprema.com\/wp-content\/uploads\/2020\/10\/FL_275HV_Tracking_04_web.jpg","width":800,"height":800,"caption":"Fotografien von Jens Distelberg"},{"@type":"BreadcrumbList","@id":"https:\/\/geooprema.com\/bs\/products\/gradjevinska-oprema\/geofennel-fl-275hv-tracking-rotirajuci-laser\/#breadcrumb","itemListElement":[{"@type":"ListItem","position":1,"name":"Home","item":"https:\/\/geooprema.com\/bs\/"},{"@type":"ListItem","position":2,"name":"Shop","item":"https:\/\/geooprema.com\/shop-2\/"},{"@type":"ListItem","position":3,"name":"GeoFennel FL 275HV &#8220;Tracking&#8221; rotiraju\u0107i laser"}]},{"@type":"WebSite","@id":"https:\/\/geooprema.com\/#website","url":"https:\/\/geooprema.com\/","name":"Geooprema","description":"Surveying and Construction Equipmen, Software and Accessories","publisher":{"@id":"https:\/\/geooprema.com\/#organization"},"potentialAction":[{"@type":"SearchAction","target":{"@type":"EntryPoint","urlTemplate":"https:\/\/geooprema.com\/?s={search_term_string}"},"query-input":{"@type":"PropertyValueSpecification","valueRequired":true,"valueName":"search_term_string"}}],"inLanguage":"bs-BA"},{"@type":"Organization","@id":"https:\/\/geooprema.com\/#organization","name":"Geooprema","url":"https:\/\/geooprema.com\/","logo":{"@type":"ImageObject","inLanguage":"bs-BA","@id":"https:\/\/geooprema.com\/#\/schema\/logo\/image\/","url":"https:\/\/geooprema.com\/wp-content\/uploads\/2020\/08\/geooprema-logo.png","contentUrl":"https:\/\/geooprema.com\/wp-content\/uploads\/2020\/08\/geooprema-logo.png","width":513,"height":161,"caption":"Geooprema"},"image":{"@id":"https:\/\/geooprema.com\/#\/schema\/logo\/image\/"},"sameAs":["https:\/\/www.facebook.com\/geoinfobih","https:\/\/www.instagram.com\/geoinfodoo\/","https:\/\/www.linkedin.com\/company\/geoinfo-doo\/","https:\/\/www.youtube.com\/c\/Geoinfodoo"]}]}},"_links":{"self":[{"href":"https:\/\/geooprema.com\/bs\/wp-json\/wp\/v2\/product\/32129","targetHints":{"allow":["GET"]}}],"collection":[{"href":"https:\/\/geooprema.com\/bs\/wp-json\/wp\/v2\/product"}],"about":[{"href":"https:\/\/geooprema.com\/bs\/wp-json\/wp\/v2\/types\/product"}],"replies":[{"embeddable":true,"href":"https:\/\/geooprema.com\/bs\/wp-json\/wp\/v2\/comments?post=32129"}],"wp:featuredmedia":[{"embeddable":true,"href":"https:\/\/geooprema.com\/bs\/wp-json\/wp\/v2\/media\/27767"}],"wp:attachment":[{"href":"https:\/\/geooprema.com\/bs\/wp-json\/wp\/v2\/media?parent=32129"}],"wp:term":[{"taxonomy":"product_brand","embeddable":true,"href":"https:\/\/geooprema.com\/bs\/wp-json\/wp\/v2\/product_brand?post=32129"},{"taxonomy":"product_cat","embeddable":true,"href":"https:\/\/geooprema.com\/bs\/wp-json\/wp\/v2\/product_cat?post=32129"},{"taxonomy":"product_tag","embeddable":true,"href":"https:\/\/geooprema.com\/bs\/wp-json\/wp\/v2\/product_tag?post=32129"}],"curies":[{"name":"wp","href":"https:\/\/api.w.org\/{rel}","templated":true}]}}