
{"id":32119,"date":"2020-10-15T13:31:00","date_gmt":"2020-10-15T13:31:00","guid":{"rendered":"https:\/\/geooprema.com\/products\/Bez kategorije\/geo-fennel-115h-lc-2-fr-77-mm\/"},"modified":"2020-10-15T13:31:00","modified_gmt":"2020-10-15T13:31:00","slug":"geo-fennel-115h-lc-2-fr-77-mm","status":"publish","type":"product","link":"https:\/\/geooprema.com\/bs\/products\/gradjevinska-oprema\/rotacioni-laseri\/geo-fennel-115h-lc-2-fr-77-mm\/","title":{"rendered":"Geo-Fennel 115H (LC 2) &#038; FR 77-MM"},"content":{"rendered":"<p><strong> Ref.br .: 211078<\/strong><\/p>\n<p><strong> FUNKCIJE I KARAK<\/strong><strong>TERISTIKE<\/strong><br \/>\nHorizontalni laserski nivo FL 115H<br \/>\n\u00b7 Prijemnik FR 45 sa stezaljkom za nivelisanje\u00a0 ili<br \/>\n\u00b7 Prijemnik FR 77-MM sa stezaljkom za nivelisanje<br \/>\nPunjiva Li-Ion-baterija sa punja\u010dem<br \/>\n\u00b7 Odjeljak za baterije za alkalne baterije<br \/>\n\u00b7 Daljinski upravlja\u010d<br \/>\n\u00b7 Spremnik<br \/>\n\u00b7 Korisni\u010dki priru\u010dnik<\/p>\n<p><strong> Tehni\u010dki podaci <\/strong><\/p>\n<p>Samoniveli\u0161u\u0107i\u00a0 horizontalni<br \/>\nRaspon samonivelisanja \u00b1 5 \u00b0<br \/>\nKlasa lasera 2<br \/>\nHorizontalna ta\u010dnost \u00b1 0,5 mm \/ 10 m<br \/>\nRadni obuhvat<br \/>\n\u00b7 Sa prijemnikom FR 45 \u00d8 1200 m<br \/>\n\u00b7 Sa prijemnikom FR 77-MM \u00d8 900 m<br \/>\n\u00b7 Sa prijemnikom FMR 706 \u00d8 900 m<br \/>\nRu\u010dno pode\u0161avanje nagiba<br \/>\n\u00b7 X osa \u00b1 5 \u00b0 (9%)<br \/>\n\u00b7 Y osa \u00b1 5 \u00b0 (9%)<br \/>\nDaljinski upravlja\u010d radnog dometa IR 100 m<br \/>\nBrzina rotacije 800 o \/ min<br \/>\nNapajanje \/ rad 26h \/ Li-Ion Akku<br \/>\nRaspon temperatura od -20 \u00b0 C do + 50 \u00b0 C<br \/>\nZa\u0161tita od pra\u0161ine i vode IP 66<\/p>\n<p>&nbsp;<\/p>\n","protected":false},"excerpt":{"rendered":"<p>Opis:<br \/>\nVrhunski samoniveli\u0161u\u0107i horizontalni rotiraju\u0107i laser.<br \/>\nJednostavan i intuitivan za upotrebu.<br \/>\nRobusno gumirano ku\u0107i\u0161te s metalnom navlakom.<br \/>\nRadno podru\u010dje promjera 1200 m.<br \/>\nZa\u0161tita od pra\u0161ine i vode IP 66.<br \/>\nVisoka ta\u010dnost od \u00b1 0,5 mm \/ 10 m.<br \/>\nAutomatska funkcija alarma za TILT.<br \/>\nVWS funkcija (Vibration-WindSecurity).<br \/>\nAutomatsko isklju\u010divanje kada je izvan nivelisanja.<br \/>\nElektroni\u010dki ekran snopa.<br \/>\nRu\u010dno pode\u0161avanje nagiba osi X i Y.<br \/>\nLi-Ion tehnologija baterija.<\/p>\n","protected":false},"featured_media":27619,"comment_status":"open","ping_status":"closed","template":"","meta":{"_acf_changed":false},"product_brand":[],"product_cat":[397,1286],"product_tag":[],"class_list":{"0":"post-32119","1":"product","2":"type-product","3":"status-publish","4":"has-post-thumbnail","6":"product_cat-gradjevinska-oprema","7":"product_cat-rotacioni-laseri","8":"pa_brand-geofennel-bs","10":"first","11":"onbackorder","12":"taxable","13":"shipping-taxable","14":"product-type-simple","swatches":"rey-swatches","show_selected":""},"acf":[],"yoast_head":"<!-- This site is optimized with the Yoast SEO plugin v24.9 - https:\/\/yoast.com\/wordpress\/plugins\/seo\/ -->\n<title>Geo-Fennel 115H (LC 2) &amp; FR 77-MM - Geooprema<\/title>\n<meta name=\"robots\" content=\"index, follow, max-snippet:-1, max-image-preview:large, max-video-preview:-1\" \/>\n<link rel=\"canonical\" href=\"https:\/\/geooprema.com\/bs\/products\/gradjevinska-oprema\/geo-fennel-115h-lc-2-fr-77-mm\/\" \/>\n<meta property=\"og:locale\" content=\"bs_BA\" \/>\n<meta property=\"og:type\" content=\"article\" \/>\n<meta property=\"og:title\" content=\"Geo-Fennel 115H (LC 2) &amp; FR 77-MM - Geooprema\" \/>\n<meta property=\"og:description\" content=\"Opis:  Vrhunski samoniveli\u0161u\u0107i horizontalni rotiraju\u0107i laser. Jednostavan i intuitivan za upotrebu. Robusno gumirano ku\u0107i\u0161te s metalnom navlakom. Radno podru\u010dje promjera 1200 m. Za\u0161tita od pra\u0161ine i vode IP 66. Visoka ta\u010dnost od \u00b1 0,5 mm \/ 10 m. Automatska funkcija alarma za TILT. VWS funkcija (Vibration-WindSecurity). Automatsko isklju\u010divanje kada je izvan nivelisanja. Elektroni\u010dki ekran snopa. Ru\u010dno pode\u0161avanje nagiba osi X i Y. Li-Ion tehnologija baterija.\" \/>\n<meta property=\"og:url\" content=\"https:\/\/geooprema.com\/bs\/products\/gradjevinska-oprema\/geo-fennel-115h-lc-2-fr-77-mm\/\" \/>\n<meta property=\"og:site_name\" content=\"Geooprema\" \/>\n<meta property=\"article:publisher\" content=\"https:\/\/www.facebook.com\/geoinfobih\" \/>\n<meta property=\"og:image\" content=\"https:\/\/geooprema.com\/wp-content\/uploads\/2020\/10\/FL_115H_03_web-1.jpg\" \/>\n\t<meta property=\"og:image:width\" content=\"800\" \/>\n\t<meta property=\"og:image:height\" content=\"800\" \/>\n\t<meta property=\"og:image:type\" content=\"image\/jpeg\" \/>\n<meta name=\"twitter:card\" content=\"summary_large_image\" \/>\n<meta name=\"twitter:label1\" content=\"Est. reading time\" \/>\n\t<meta name=\"twitter:data1\" content=\"1 minuta\" \/>\n<script type=\"application\/ld+json\" class=\"yoast-schema-graph\">{\"@context\":\"https:\/\/schema.org\",\"@graph\":[{\"@type\":\"WebPage\",\"@id\":\"https:\/\/geooprema.com\/bs\/products\/gradjevinska-oprema\/geo-fennel-115h-lc-2-fr-77-mm\/\",\"url\":\"https:\/\/geooprema.com\/bs\/products\/gradjevinska-oprema\/geo-fennel-115h-lc-2-fr-77-mm\/\",\"name\":\"Geo-Fennel 115H (LC 2) & FR 77-MM - Geooprema\",\"isPartOf\":{\"@id\":\"https:\/\/geooprema.com\/#website\"},\"primaryImageOfPage\":{\"@id\":\"https:\/\/geooprema.com\/bs\/products\/gradjevinska-oprema\/geo-fennel-115h-lc-2-fr-77-mm\/#primaryimage\"},\"image\":{\"@id\":\"https:\/\/geooprema.com\/bs\/products\/gradjevinska-oprema\/geo-fennel-115h-lc-2-fr-77-mm\/#primaryimage\"},\"thumbnailUrl\":\"https:\/\/geooprema.com\/wp-content\/uploads\/2020\/10\/FL_115H_03_web-1.jpg\",\"datePublished\":\"2020-10-15T13:31:00+00:00\",\"breadcrumb\":{\"@id\":\"https:\/\/geooprema.com\/bs\/products\/gradjevinska-oprema\/geo-fennel-115h-lc-2-fr-77-mm\/#breadcrumb\"},\"inLanguage\":\"bs-BA\",\"potentialAction\":[{\"@type\":\"ReadAction\",\"target\":[\"https:\/\/geooprema.com\/bs\/products\/gradjevinska-oprema\/geo-fennel-115h-lc-2-fr-77-mm\/\"]}]},{\"@type\":\"ImageObject\",\"inLanguage\":\"bs-BA\",\"@id\":\"https:\/\/geooprema.com\/bs\/products\/gradjevinska-oprema\/geo-fennel-115h-lc-2-fr-77-mm\/#primaryimage\",\"url\":\"https:\/\/geooprema.com\/wp-content\/uploads\/2020\/10\/FL_115H_03_web-1.jpg\",\"contentUrl\":\"https:\/\/geooprema.com\/wp-content\/uploads\/2020\/10\/FL_115H_03_web-1.jpg\",\"width\":800,\"height\":800,\"caption\":\"Geo-Fennel FL 115H (LC 2) & FR 45\"},{\"@type\":\"BreadcrumbList\",\"@id\":\"https:\/\/geooprema.com\/bs\/products\/gradjevinska-oprema\/geo-fennel-115h-lc-2-fr-77-mm\/#breadcrumb\",\"itemListElement\":[{\"@type\":\"ListItem\",\"position\":1,\"name\":\"Home\",\"item\":\"https:\/\/geooprema.com\/bs\/\"},{\"@type\":\"ListItem\",\"position\":2,\"name\":\"Shop\",\"item\":\"https:\/\/geooprema.com\/shop-2\/\"},{\"@type\":\"ListItem\",\"position\":3,\"name\":\"Geo-Fennel 115H (LC 2) &#038; FR 77-MM\"}]},{\"@type\":\"WebSite\",\"@id\":\"https:\/\/geooprema.com\/#website\",\"url\":\"https:\/\/geooprema.com\/\",\"name\":\"Geooprema\",\"description\":\"Surveying and Construction Equipmen, Software and Accessories\",\"publisher\":{\"@id\":\"https:\/\/geooprema.com\/#organization\"},\"potentialAction\":[{\"@type\":\"SearchAction\",\"target\":{\"@type\":\"EntryPoint\",\"urlTemplate\":\"https:\/\/geooprema.com\/?s={search_term_string}\"},\"query-input\":{\"@type\":\"PropertyValueSpecification\",\"valueRequired\":true,\"valueName\":\"search_term_string\"}}],\"inLanguage\":\"bs-BA\"},{\"@type\":\"Organization\",\"@id\":\"https:\/\/geooprema.com\/#organization\",\"name\":\"Geooprema\",\"url\":\"https:\/\/geooprema.com\/\",\"logo\":{\"@type\":\"ImageObject\",\"inLanguage\":\"bs-BA\",\"@id\":\"https:\/\/geooprema.com\/#\/schema\/logo\/image\/\",\"url\":\"https:\/\/geooprema.com\/wp-content\/uploads\/2020\/08\/geooprema-logo.png\",\"contentUrl\":\"https:\/\/geooprema.com\/wp-content\/uploads\/2020\/08\/geooprema-logo.png\",\"width\":513,\"height\":161,\"caption\":\"Geooprema\"},\"image\":{\"@id\":\"https:\/\/geooprema.com\/#\/schema\/logo\/image\/\"},\"sameAs\":[\"https:\/\/www.facebook.com\/geoinfobih\",\"https:\/\/www.instagram.com\/geoinfodoo\/\",\"https:\/\/www.linkedin.com\/company\/geoinfo-doo\/\",\"https:\/\/www.youtube.com\/c\/Geoinfodoo\"]}]}<\/script>\n<!-- \/ Yoast SEO plugin. -->","yoast_head_json":{"title":"Geo-Fennel 115H (LC 2) & FR 77-MM - Geooprema","robots":{"index":"index","follow":"follow","max-snippet":"max-snippet:-1","max-image-preview":"max-image-preview:large","max-video-preview":"max-video-preview:-1"},"canonical":"https:\/\/geooprema.com\/bs\/products\/gradjevinska-oprema\/geo-fennel-115h-lc-2-fr-77-mm\/","og_locale":"bs_BA","og_type":"article","og_title":"Geo-Fennel 115H (LC 2) & FR 77-MM - Geooprema","og_description":"Opis:  Vrhunski samoniveli\u0161u\u0107i horizontalni rotiraju\u0107i laser. Jednostavan i intuitivan za upotrebu. Robusno gumirano ku\u0107i\u0161te s metalnom navlakom. Radno podru\u010dje promjera 1200 m. Za\u0161tita od pra\u0161ine i vode IP 66. Visoka ta\u010dnost od \u00b1 0,5 mm \/ 10 m. Automatska funkcija alarma za TILT. VWS funkcija (Vibration-WindSecurity). Automatsko isklju\u010divanje kada je izvan nivelisanja. Elektroni\u010dki ekran snopa. Ru\u010dno pode\u0161avanje nagiba osi X i Y. Li-Ion tehnologija baterija.","og_url":"https:\/\/geooprema.com\/bs\/products\/gradjevinska-oprema\/geo-fennel-115h-lc-2-fr-77-mm\/","og_site_name":"Geooprema","article_publisher":"https:\/\/www.facebook.com\/geoinfobih","og_image":[{"width":800,"height":800,"url":"https:\/\/geooprema.com\/wp-content\/uploads\/2020\/10\/FL_115H_03_web-1.jpg","type":"image\/jpeg"}],"twitter_card":"summary_large_image","twitter_misc":{"Est. reading time":"1 minuta"},"schema":{"@context":"https:\/\/schema.org","@graph":[{"@type":"WebPage","@id":"https:\/\/geooprema.com\/bs\/products\/gradjevinska-oprema\/geo-fennel-115h-lc-2-fr-77-mm\/","url":"https:\/\/geooprema.com\/bs\/products\/gradjevinska-oprema\/geo-fennel-115h-lc-2-fr-77-mm\/","name":"Geo-Fennel 115H (LC 2) & FR 77-MM - Geooprema","isPartOf":{"@id":"https:\/\/geooprema.com\/#website"},"primaryImageOfPage":{"@id":"https:\/\/geooprema.com\/bs\/products\/gradjevinska-oprema\/geo-fennel-115h-lc-2-fr-77-mm\/#primaryimage"},"image":{"@id":"https:\/\/geooprema.com\/bs\/products\/gradjevinska-oprema\/geo-fennel-115h-lc-2-fr-77-mm\/#primaryimage"},"thumbnailUrl":"https:\/\/geooprema.com\/wp-content\/uploads\/2020\/10\/FL_115H_03_web-1.jpg","datePublished":"2020-10-15T13:31:00+00:00","breadcrumb":{"@id":"https:\/\/geooprema.com\/bs\/products\/gradjevinska-oprema\/geo-fennel-115h-lc-2-fr-77-mm\/#breadcrumb"},"inLanguage":"bs-BA","potentialAction":[{"@type":"ReadAction","target":["https:\/\/geooprema.com\/bs\/products\/gradjevinska-oprema\/geo-fennel-115h-lc-2-fr-77-mm\/"]}]},{"@type":"ImageObject","inLanguage":"bs-BA","@id":"https:\/\/geooprema.com\/bs\/products\/gradjevinska-oprema\/geo-fennel-115h-lc-2-fr-77-mm\/#primaryimage","url":"https:\/\/geooprema.com\/wp-content\/uploads\/2020\/10\/FL_115H_03_web-1.jpg","contentUrl":"https:\/\/geooprema.com\/wp-content\/uploads\/2020\/10\/FL_115H_03_web-1.jpg","width":800,"height":800,"caption":"Geo-Fennel FL 115H (LC 2) & FR 45"},{"@type":"BreadcrumbList","@id":"https:\/\/geooprema.com\/bs\/products\/gradjevinska-oprema\/geo-fennel-115h-lc-2-fr-77-mm\/#breadcrumb","itemListElement":[{"@type":"ListItem","position":1,"name":"Home","item":"https:\/\/geooprema.com\/bs\/"},{"@type":"ListItem","position":2,"name":"Shop","item":"https:\/\/geooprema.com\/shop-2\/"},{"@type":"ListItem","position":3,"name":"Geo-Fennel 115H (LC 2) &#038; FR 77-MM"}]},{"@type":"WebSite","@id":"https:\/\/geooprema.com\/#website","url":"https:\/\/geooprema.com\/","name":"Geooprema","description":"Surveying and Construction Equipmen, Software and Accessories","publisher":{"@id":"https:\/\/geooprema.com\/#organization"},"potentialAction":[{"@type":"SearchAction","target":{"@type":"EntryPoint","urlTemplate":"https:\/\/geooprema.com\/?s={search_term_string}"},"query-input":{"@type":"PropertyValueSpecification","valueRequired":true,"valueName":"search_term_string"}}],"inLanguage":"bs-BA"},{"@type":"Organization","@id":"https:\/\/geooprema.com\/#organization","name":"Geooprema","url":"https:\/\/geooprema.com\/","logo":{"@type":"ImageObject","inLanguage":"bs-BA","@id":"https:\/\/geooprema.com\/#\/schema\/logo\/image\/","url":"https:\/\/geooprema.com\/wp-content\/uploads\/2020\/08\/geooprema-logo.png","contentUrl":"https:\/\/geooprema.com\/wp-content\/uploads\/2020\/08\/geooprema-logo.png","width":513,"height":161,"caption":"Geooprema"},"image":{"@id":"https:\/\/geooprema.com\/#\/schema\/logo\/image\/"},"sameAs":["https:\/\/www.facebook.com\/geoinfobih","https:\/\/www.instagram.com\/geoinfodoo\/","https:\/\/www.linkedin.com\/company\/geoinfo-doo\/","https:\/\/www.youtube.com\/c\/Geoinfodoo"]}]}},"_links":{"self":[{"href":"https:\/\/geooprema.com\/bs\/wp-json\/wp\/v2\/product\/32119","targetHints":{"allow":["GET"]}}],"collection":[{"href":"https:\/\/geooprema.com\/bs\/wp-json\/wp\/v2\/product"}],"about":[{"href":"https:\/\/geooprema.com\/bs\/wp-json\/wp\/v2\/types\/product"}],"replies":[{"embeddable":true,"href":"https:\/\/geooprema.com\/bs\/wp-json\/wp\/v2\/comments?post=32119"}],"wp:featuredmedia":[{"embeddable":true,"href":"https:\/\/geooprema.com\/bs\/wp-json\/wp\/v2\/media\/27619"}],"wp:attachment":[{"href":"https:\/\/geooprema.com\/bs\/wp-json\/wp\/v2\/media?parent=32119"}],"wp:term":[{"taxonomy":"product_brand","embeddable":true,"href":"https:\/\/geooprema.com\/bs\/wp-json\/wp\/v2\/product_brand?post=32119"},{"taxonomy":"product_cat","embeddable":true,"href":"https:\/\/geooprema.com\/bs\/wp-json\/wp\/v2\/product_cat?post=32119"},{"taxonomy":"product_tag","embeddable":true,"href":"https:\/\/geooprema.com\/bs\/wp-json\/wp\/v2\/product_tag?post=32119"}],"curies":[{"name":"wp","href":"https:\/\/api.w.org\/{rel}","templated":true}]}}