
{"id":32110,"date":"2020-10-14T13:28:47","date_gmt":"2020-10-14T13:28:47","guid":{"rendered":"https:\/\/geooprema.com\/products\/Bez kategorije\/geo-fennel-fl-190a-lc-2-fr-45\/"},"modified":"2020-10-14T13:28:47","modified_gmt":"2020-10-14T13:28:47","slug":"geo-fennel-fl-190a-lc-2-fr-45","status":"publish","type":"product","link":"https:\/\/geooprema.com\/bs\/products\/gradjevinska-oprema\/rotacioni-laseri\/geo-fennel-fl-190a-lc-2-fr-45\/","title":{"rendered":"Geo-Fennel FL 190A (LC 2) &#038; FR 45"},"content":{"rendered":"<p> <strong> \u0160ifra: 292190 <\/strong> <\/p>\n<p> <strong> DOSTAVLJA SE SA: <\/strong> <br \/>\nRotiraju\u0107i laser FL 190A <br \/>\n\u2219 Prijemnik FR 45 sa stezaljkom, za nivelisanje <br \/>\n\u2219 NiHM baterije <br \/>\n\u2219 Punja\u010d <br \/>\n\u2219 Torbica <br \/>\n\u2219 Korisni\u010dki priru\u010dnik <\/p>\n<p> <strong> Tehni\u010dki podaci <\/strong> <br \/>\nRaspon samonivelisanja \u00b1 3 \u00b0 <br \/>\nTa\u010dnost \u00b1 1,5 mm \/ 10 m <br \/>\nRadni obuhvat <br \/>\n\u2219 bez prijemnika \u00d8 30 m * <br \/>\n\u2219 sa prijemnikom \u00d8 400 m <br \/>\nBrzina rotacije o \/ min 200, 400, 600 <br \/>\nNapajanje NiMH <br \/>\nVrijeme rada 20 h <br \/>\nZa\u0161tita od pra\u0161ine i vode IP 54 <br \/>\n635 nm laserska dioda <br \/>\nKlasa lasera 2 <br \/>\nRaspon temperatura od -10 \u00b0 C do + 45 \u00b0 C <br \/>\nTe\u017eina (instrument sa baterijom) 1,5 kg <br \/>\nTe\u017eina (kompletna laserska jedinica) 2,5 kg <\/p>\n<p> &#038; nbsp; <\/p>\n","protected":false},"excerpt":{"rendered":"<p>\u0160ifra: 292190 DOSTAVLJA SE SA: Rotiraju\u0107i laser FL 190A \u2219 Prijemnik FR 45 sa stezaljkom, za nivelisanje \u2219 NiHM baterije \u2219 Punja\u010d \u2219 Torbica \u2219 Korisni\u010dki priru\u010dnik Tehni\u010dki podaci Raspon samonivelisanja \u00b1 3 \u00b0 Ta\u010dnost \u00b1 1,5 mm \/ 10 m Radni obuhvat \u2219 bez prijemnika \u00d8 30 m * \u2219 sa prijemnikom \u00d8 400 [&hellip;]<\/p>\n","protected":false},"featured_media":27552,"comment_status":"open","ping_status":"closed","template":"","meta":{"_acf_changed":false},"product_brand":[],"product_cat":[397,1286],"product_tag":[],"class_list":{"0":"post-32110","1":"product","2":"type-product","3":"status-publish","4":"has-post-thumbnail","6":"product_cat-gradjevinska-oprema","7":"product_cat-rotacioni-laseri","8":"pa_brand-geofennel-bs","10":"first","11":"onbackorder","12":"taxable","13":"shipping-taxable","14":"product-type-simple","swatches":"rey-swatches","show_selected":""},"acf":[],"yoast_head":"<!-- This site is optimized with the Yoast SEO plugin v24.9 - https:\/\/yoast.com\/wordpress\/plugins\/seo\/ -->\n<title>Geo-Fennel FL 190A (LC 2) &amp; FR 45 - Geooprema<\/title>\n<meta name=\"robots\" content=\"index, follow, max-snippet:-1, max-image-preview:large, max-video-preview:-1\" \/>\n<link rel=\"canonical\" href=\"https:\/\/geooprema.com\/bs\/products\/gradjevinska-oprema\/geo-fennel-fl-190a-lc-2-fr-45\/\" \/>\n<meta property=\"og:locale\" content=\"bs_BA\" \/>\n<meta property=\"og:type\" content=\"article\" \/>\n<meta property=\"og:title\" content=\"Geo-Fennel FL 190A (LC 2) &amp; FR 45 - Geooprema\" \/>\n<meta property=\"og:description\" content=\"\u0160ifra: 292190 DOSTAVLJA SE SA: Rotiraju\u0107i laser FL 190A \u2219 Prijemnik FR 45 sa stezaljkom, za nivelisanje \u2219 NiHM baterije \u2219 Punja\u010d \u2219 Torbica \u2219 Korisni\u010dki priru\u010dnik Tehni\u010dki podaci Raspon samonivelisanja \u00b1 3 \u00b0 Ta\u010dnost \u00b1 1,5 mm \/ 10 m Radni obuhvat \u2219 bez prijemnika \u00d8 30 m * \u2219 sa prijemnikom \u00d8 400 [&hellip;]\" \/>\n<meta property=\"og:url\" content=\"https:\/\/geooprema.com\/bs\/products\/gradjevinska-oprema\/geo-fennel-fl-190a-lc-2-fr-45\/\" \/>\n<meta property=\"og:site_name\" content=\"Geooprema\" \/>\n<meta property=\"article:publisher\" content=\"https:\/\/www.facebook.com\/geoinfobih\" \/>\n<meta property=\"og:image\" content=\"https:\/\/geooprema.com\/wp-content\/uploads\/2020\/10\/FL_190A_01_web.jpg\" \/>\n\t<meta property=\"og:image:width\" content=\"800\" \/>\n\t<meta property=\"og:image:height\" content=\"800\" \/>\n\t<meta property=\"og:image:type\" content=\"image\/jpeg\" \/>\n<meta name=\"twitter:card\" content=\"summary_large_image\" \/>\n<script type=\"application\/ld+json\" class=\"yoast-schema-graph\">{\"@context\":\"https:\/\/schema.org\",\"@graph\":[{\"@type\":\"WebPage\",\"@id\":\"https:\/\/geooprema.com\/bs\/products\/gradjevinska-oprema\/geo-fennel-fl-190a-lc-2-fr-45\/\",\"url\":\"https:\/\/geooprema.com\/bs\/products\/gradjevinska-oprema\/geo-fennel-fl-190a-lc-2-fr-45\/\",\"name\":\"Geo-Fennel FL 190A (LC 2) & FR 45 - Geooprema\",\"isPartOf\":{\"@id\":\"https:\/\/geooprema.com\/#website\"},\"primaryImageOfPage\":{\"@id\":\"https:\/\/geooprema.com\/bs\/products\/gradjevinska-oprema\/geo-fennel-fl-190a-lc-2-fr-45\/#primaryimage\"},\"image\":{\"@id\":\"https:\/\/geooprema.com\/bs\/products\/gradjevinska-oprema\/geo-fennel-fl-190a-lc-2-fr-45\/#primaryimage\"},\"thumbnailUrl\":\"https:\/\/geooprema.com\/wp-content\/uploads\/2020\/10\/FL_190A_01_web.jpg\",\"datePublished\":\"2020-10-14T13:28:47+00:00\",\"breadcrumb\":{\"@id\":\"https:\/\/geooprema.com\/bs\/products\/gradjevinska-oprema\/geo-fennel-fl-190a-lc-2-fr-45\/#breadcrumb\"},\"inLanguage\":\"bs-BA\",\"potentialAction\":[{\"@type\":\"ReadAction\",\"target\":[\"https:\/\/geooprema.com\/bs\/products\/gradjevinska-oprema\/geo-fennel-fl-190a-lc-2-fr-45\/\"]}]},{\"@type\":\"ImageObject\",\"inLanguage\":\"bs-BA\",\"@id\":\"https:\/\/geooprema.com\/bs\/products\/gradjevinska-oprema\/geo-fennel-fl-190a-lc-2-fr-45\/#primaryimage\",\"url\":\"https:\/\/geooprema.com\/wp-content\/uploads\/2020\/10\/FL_190A_01_web.jpg\",\"contentUrl\":\"https:\/\/geooprema.com\/wp-content\/uploads\/2020\/10\/FL_190A_01_web.jpg\",\"width\":800,\"height\":800,\"caption\":\"Geo-Fennel FL 190A (LC 2) & FR 45\"},{\"@type\":\"BreadcrumbList\",\"@id\":\"https:\/\/geooprema.com\/bs\/products\/gradjevinska-oprema\/geo-fennel-fl-190a-lc-2-fr-45\/#breadcrumb\",\"itemListElement\":[{\"@type\":\"ListItem\",\"position\":1,\"name\":\"Home\",\"item\":\"https:\/\/geooprema.com\/bs\/\"},{\"@type\":\"ListItem\",\"position\":2,\"name\":\"Shop\",\"item\":\"https:\/\/geooprema.com\/shop-2\/\"},{\"@type\":\"ListItem\",\"position\":3,\"name\":\"Geo-Fennel FL 190A (LC 2) &#038; FR 45\"}]},{\"@type\":\"WebSite\",\"@id\":\"https:\/\/geooprema.com\/#website\",\"url\":\"https:\/\/geooprema.com\/\",\"name\":\"Geooprema\",\"description\":\"Surveying and Construction Equipmen, Software and Accessories\",\"publisher\":{\"@id\":\"https:\/\/geooprema.com\/#organization\"},\"potentialAction\":[{\"@type\":\"SearchAction\",\"target\":{\"@type\":\"EntryPoint\",\"urlTemplate\":\"https:\/\/geooprema.com\/?s={search_term_string}\"},\"query-input\":{\"@type\":\"PropertyValueSpecification\",\"valueRequired\":true,\"valueName\":\"search_term_string\"}}],\"inLanguage\":\"bs-BA\"},{\"@type\":\"Organization\",\"@id\":\"https:\/\/geooprema.com\/#organization\",\"name\":\"Geooprema\",\"url\":\"https:\/\/geooprema.com\/\",\"logo\":{\"@type\":\"ImageObject\",\"inLanguage\":\"bs-BA\",\"@id\":\"https:\/\/geooprema.com\/#\/schema\/logo\/image\/\",\"url\":\"https:\/\/geooprema.com\/wp-content\/uploads\/2020\/08\/geooprema-logo.png\",\"contentUrl\":\"https:\/\/geooprema.com\/wp-content\/uploads\/2020\/08\/geooprema-logo.png\",\"width\":513,\"height\":161,\"caption\":\"Geooprema\"},\"image\":{\"@id\":\"https:\/\/geooprema.com\/#\/schema\/logo\/image\/\"},\"sameAs\":[\"https:\/\/www.facebook.com\/geoinfobih\",\"https:\/\/www.instagram.com\/geoinfodoo\/\",\"https:\/\/www.linkedin.com\/company\/geoinfo-doo\/\",\"https:\/\/www.youtube.com\/c\/Geoinfodoo\"]}]}<\/script>\n<!-- \/ Yoast SEO plugin. -->","yoast_head_json":{"title":"Geo-Fennel FL 190A (LC 2) & FR 45 - Geooprema","robots":{"index":"index","follow":"follow","max-snippet":"max-snippet:-1","max-image-preview":"max-image-preview:large","max-video-preview":"max-video-preview:-1"},"canonical":"https:\/\/geooprema.com\/bs\/products\/gradjevinska-oprema\/geo-fennel-fl-190a-lc-2-fr-45\/","og_locale":"bs_BA","og_type":"article","og_title":"Geo-Fennel FL 190A (LC 2) & FR 45 - Geooprema","og_description":"\u0160ifra: 292190 DOSTAVLJA SE SA: Rotiraju\u0107i laser FL 190A \u2219 Prijemnik FR 45 sa stezaljkom, za nivelisanje \u2219 NiHM baterije \u2219 Punja\u010d \u2219 Torbica \u2219 Korisni\u010dki priru\u010dnik Tehni\u010dki podaci Raspon samonivelisanja \u00b1 3 \u00b0 Ta\u010dnost \u00b1 1,5 mm \/ 10 m Radni obuhvat \u2219 bez prijemnika \u00d8 30 m * \u2219 sa prijemnikom \u00d8 400 [&hellip;]","og_url":"https:\/\/geooprema.com\/bs\/products\/gradjevinska-oprema\/geo-fennel-fl-190a-lc-2-fr-45\/","og_site_name":"Geooprema","article_publisher":"https:\/\/www.facebook.com\/geoinfobih","og_image":[{"width":800,"height":800,"url":"https:\/\/geooprema.com\/wp-content\/uploads\/2020\/10\/FL_190A_01_web.jpg","type":"image\/jpeg"}],"twitter_card":"summary_large_image","schema":{"@context":"https:\/\/schema.org","@graph":[{"@type":"WebPage","@id":"https:\/\/geooprema.com\/bs\/products\/gradjevinska-oprema\/geo-fennel-fl-190a-lc-2-fr-45\/","url":"https:\/\/geooprema.com\/bs\/products\/gradjevinska-oprema\/geo-fennel-fl-190a-lc-2-fr-45\/","name":"Geo-Fennel FL 190A (LC 2) & FR 45 - Geooprema","isPartOf":{"@id":"https:\/\/geooprema.com\/#website"},"primaryImageOfPage":{"@id":"https:\/\/geooprema.com\/bs\/products\/gradjevinska-oprema\/geo-fennel-fl-190a-lc-2-fr-45\/#primaryimage"},"image":{"@id":"https:\/\/geooprema.com\/bs\/products\/gradjevinska-oprema\/geo-fennel-fl-190a-lc-2-fr-45\/#primaryimage"},"thumbnailUrl":"https:\/\/geooprema.com\/wp-content\/uploads\/2020\/10\/FL_190A_01_web.jpg","datePublished":"2020-10-14T13:28:47+00:00","breadcrumb":{"@id":"https:\/\/geooprema.com\/bs\/products\/gradjevinska-oprema\/geo-fennel-fl-190a-lc-2-fr-45\/#breadcrumb"},"inLanguage":"bs-BA","potentialAction":[{"@type":"ReadAction","target":["https:\/\/geooprema.com\/bs\/products\/gradjevinska-oprema\/geo-fennel-fl-190a-lc-2-fr-45\/"]}]},{"@type":"ImageObject","inLanguage":"bs-BA","@id":"https:\/\/geooprema.com\/bs\/products\/gradjevinska-oprema\/geo-fennel-fl-190a-lc-2-fr-45\/#primaryimage","url":"https:\/\/geooprema.com\/wp-content\/uploads\/2020\/10\/FL_190A_01_web.jpg","contentUrl":"https:\/\/geooprema.com\/wp-content\/uploads\/2020\/10\/FL_190A_01_web.jpg","width":800,"height":800,"caption":"Geo-Fennel FL 190A (LC 2) & FR 45"},{"@type":"BreadcrumbList","@id":"https:\/\/geooprema.com\/bs\/products\/gradjevinska-oprema\/geo-fennel-fl-190a-lc-2-fr-45\/#breadcrumb","itemListElement":[{"@type":"ListItem","position":1,"name":"Home","item":"https:\/\/geooprema.com\/bs\/"},{"@type":"ListItem","position":2,"name":"Shop","item":"https:\/\/geooprema.com\/shop-2\/"},{"@type":"ListItem","position":3,"name":"Geo-Fennel FL 190A (LC 2) &#038; FR 45"}]},{"@type":"WebSite","@id":"https:\/\/geooprema.com\/#website","url":"https:\/\/geooprema.com\/","name":"Geooprema","description":"Surveying and Construction Equipmen, Software and Accessories","publisher":{"@id":"https:\/\/geooprema.com\/#organization"},"potentialAction":[{"@type":"SearchAction","target":{"@type":"EntryPoint","urlTemplate":"https:\/\/geooprema.com\/?s={search_term_string}"},"query-input":{"@type":"PropertyValueSpecification","valueRequired":true,"valueName":"search_term_string"}}],"inLanguage":"bs-BA"},{"@type":"Organization","@id":"https:\/\/geooprema.com\/#organization","name":"Geooprema","url":"https:\/\/geooprema.com\/","logo":{"@type":"ImageObject","inLanguage":"bs-BA","@id":"https:\/\/geooprema.com\/#\/schema\/logo\/image\/","url":"https:\/\/geooprema.com\/wp-content\/uploads\/2020\/08\/geooprema-logo.png","contentUrl":"https:\/\/geooprema.com\/wp-content\/uploads\/2020\/08\/geooprema-logo.png","width":513,"height":161,"caption":"Geooprema"},"image":{"@id":"https:\/\/geooprema.com\/#\/schema\/logo\/image\/"},"sameAs":["https:\/\/www.facebook.com\/geoinfobih","https:\/\/www.instagram.com\/geoinfodoo\/","https:\/\/www.linkedin.com\/company\/geoinfo-doo\/","https:\/\/www.youtube.com\/c\/Geoinfodoo"]}]}},"_links":{"self":[{"href":"https:\/\/geooprema.com\/bs\/wp-json\/wp\/v2\/product\/32110","targetHints":{"allow":["GET"]}}],"collection":[{"href":"https:\/\/geooprema.com\/bs\/wp-json\/wp\/v2\/product"}],"about":[{"href":"https:\/\/geooprema.com\/bs\/wp-json\/wp\/v2\/types\/product"}],"replies":[{"embeddable":true,"href":"https:\/\/geooprema.com\/bs\/wp-json\/wp\/v2\/comments?post=32110"}],"wp:featuredmedia":[{"embeddable":true,"href":"https:\/\/geooprema.com\/bs\/wp-json\/wp\/v2\/media\/27552"}],"wp:attachment":[{"href":"https:\/\/geooprema.com\/bs\/wp-json\/wp\/v2\/media?parent=32110"}],"wp:term":[{"taxonomy":"product_brand","embeddable":true,"href":"https:\/\/geooprema.com\/bs\/wp-json\/wp\/v2\/product_brand?post=32110"},{"taxonomy":"product_cat","embeddable":true,"href":"https:\/\/geooprema.com\/bs\/wp-json\/wp\/v2\/product_cat?post=32110"},{"taxonomy":"product_tag","embeddable":true,"href":"https:\/\/geooprema.com\/bs\/wp-json\/wp\/v2\/product_tag?post=32110"}],"curies":[{"name":"wp","href":"https:\/\/api.w.org\/{rel}","templated":true}]}}