
{"id":32096,"date":"2020-10-23T19:00:20","date_gmt":"2020-10-23T19:00:20","guid":{"rendered":"https:\/\/geooprema.com\/products\/Bez kategorije\/geomax-zrc60-daljinski-za-zone60dg-80dg\/"},"modified":"2020-10-23T19:00:20","modified_gmt":"2020-10-23T19:00:20","slug":"geomax-zrc60-daljinski-za-zone60dg-80dg","status":"publish","type":"product","link":"https:\/\/geooprema.com\/bs\/products\/gradjevinska-oprema\/rotacioni-laserski-prijemnik\/geomax-zrc60-daljinski-za-zone60dg-80dg\/","title":{"rendered":"GeoMax ZRC60 daljinski za Zone60DG\/80DG"},"content":{"rendered":"<p> <strong> REF.br .: 835245 <\/strong> <\/p>\n<ul>\n<li class = \"p1\"> ZRC60 daljinski upravlja\u010d za rotacioni laser Geomax Zone60 DG <\/li>\n<li class = \"p1\"> Baterije <\/li>\n<\/ul>\n<ul>\n<li class = \"p1\"> <strong> Radi <\/strong> sa <a href = \"https:\/\/www.tigersupplies.com\/Products\/GeoMax-Zone60-DG-Fully-Automatic-Dual-Grade-Laser__GEO6010665 -.aspx \"target =\" _ blank \"rel =\" noopener noreferrer \"> Geomax Zone60 DG dvostruki laser <\/a> <\/li>\n<li class = \"p1\"> <strong> Radni <\/strong> domet do 1.000 stopa. (300 m) <\/li>\n<li class = \"p1\"> <strong> Komunicira <\/strong> putem radio frekvencije (RF) <\/li>\n<li class = \"p1\"> <strong> LCD <\/strong> ekran za prikaz informacija <span class = \"Apple-convert-space\"> <\/span> <\/li>\n<li class = \"p1\"> <strong> Jednostavna <\/strong> upravlja\u010dka plo\u010da <\/li>\n<li class = \"p1\"> <strong> Dugme mirovanja <\/strong> <\/li>\n<li class = \"p1\"> <strong> LED <\/strong> indikator za status baterije <\/li>\n<li class = \"p1\"> <strong> Napajaju ga <\/strong> dvije AA baterije <\/li>\n<\/ul>\n","protected":false},"excerpt":{"rendered":"<p>Opis: Daljinski upravlja\u010d dvostrukog rotiraju\u0107eg lasera Geomax Zone60 DG\/80DG omogu\u0107uje profesionalcima izvi\u0111anja i gra\u0111evine upotrebu svojih laserskih lasera na velikim udaljenostima. Komunicira s Geomax Zone60 DG\/80DG dvostrukim stepenom lasera putem dio frekvencije (RF) i pru\u017ea radni domet do 1000 stopa. Uz LCD ekran, ovaj daljinski upravlja\u010d kompanije Geomax prikazuje informacije o nadmorskoj visini i poravnanju. Opremljen je korisni\u010dkom upravlja\u010dkom plo\u010dom koja osigurava nesmetan rad bez muke. Njegova funkcionalna dugmad &#8211; Power, Grade i strelice za usmjeravanje &#8211; prikladni su za upotrebu, nude\u0107i brzo i precizno ocjenjivanje. Daljinski upravlja\u010d ZRC60 za dvostruki laser Geomax Zone60 DG\/80DG uklju\u010duje dugme za na\u010din mirovanja koji trenutno onemogu\u0107uje laser kada se ne koristi. Pokre\u0107u ga dvije AA baterije. S LED indikatorom za daljinsku bateriju lako nadgleda stanje baterije.<\/p>\n","protected":false},"featured_media":29286,"comment_status":"open","ping_status":"closed","template":"","meta":{"_acf_changed":false},"product_brand":[],"product_cat":[1285],"product_tag":[],"class_list":{"0":"post-32096","1":"product","2":"type-product","3":"status-publish","4":"has-post-thumbnail","6":"product_cat-rotacioni-laserski-prijemnik","7":"pa_brand-geomax-positioning-bs","9":"first","10":"onbackorder","11":"taxable","12":"shipping-taxable","13":"product-type-simple","swatches":"rey-swatches","show_selected":""},"acf":[],"yoast_head":"<!-- This site is optimized with the Yoast SEO plugin v24.9 - https:\/\/yoast.com\/wordpress\/plugins\/seo\/ -->\n<title>GeoMax ZRC60 daljinski za Zone60DG\/80DG - Geooprema<\/title>\n<meta name=\"robots\" content=\"index, follow, max-snippet:-1, max-image-preview:large, max-video-preview:-1\" \/>\n<link rel=\"canonical\" href=\"https:\/\/geooprema.com\/bs\/products\/rotacioni-laserski-prijemnik\/geomax-zrc60-daljinski-za-zone60dg-80dg\/\" \/>\n<meta property=\"og:locale\" content=\"bs_BA\" \/>\n<meta property=\"og:type\" content=\"article\" \/>\n<meta property=\"og:title\" content=\"GeoMax ZRC60 daljinski za Zone60DG\/80DG - Geooprema\" \/>\n<meta property=\"og:description\" content=\"Opis: Daljinski upravlja\u010d dvostrukog rotiraju\u0107eg lasera Geomax Zone60 DG\/80DG omogu\u0107uje profesionalcima izvi\u0111anja i gra\u0111evine upotrebu svojih laserskih lasera na velikim udaljenostima. Komunicira s Geomax Zone60 DG\/80DG dvostrukim stepenom lasera putem dio frekvencije (RF) i pru\u017ea radni domet do 1000 stopa. Uz LCD ekran, ovaj daljinski upravlja\u010d kompanije Geomax prikazuje informacije o nadmorskoj visini i poravnanju. Opremljen je korisni\u010dkom upravlja\u010dkom plo\u010dom koja osigurava nesmetan rad bez muke. Njegova funkcionalna dugmad - Power, Grade i strelice za usmjeravanje - prikladni su za upotrebu, nude\u0107i brzo i precizno ocjenjivanje. Daljinski upravlja\u010d ZRC60 za dvostruki laser Geomax Zone60 DG\/80DG uklju\u010duje dugme za na\u010din mirovanja koji trenutno onemogu\u0107uje laser kada se ne koristi. Pokre\u0107u ga dvije AA baterije. S LED indikatorom za daljinsku bateriju lako nadgleda stanje baterije.\" \/>\n<meta property=\"og:url\" content=\"https:\/\/geooprema.com\/bs\/products\/rotacioni-laserski-prijemnik\/geomax-zrc60-daljinski-za-zone60dg-80dg\/\" \/>\n<meta property=\"og:site_name\" content=\"Geooprema\" \/>\n<meta property=\"article:publisher\" content=\"https:\/\/www.facebook.com\/geoinfobih\" \/>\n<meta property=\"og:image\" content=\"https:\/\/geooprema.com\/wp-content\/uploads\/2020\/10\/Geomax-Zone60-DG-Adjustable-Automatic-Dual-Grade-Laser-_1.jpg\" \/>\n\t<meta property=\"og:image:width\" content=\"800\" \/>\n\t<meta property=\"og:image:height\" content=\"800\" \/>\n\t<meta property=\"og:image:type\" content=\"image\/jpeg\" \/>\n<meta name=\"twitter:card\" content=\"summary_large_image\" \/>\n<script type=\"application\/ld+json\" class=\"yoast-schema-graph\">{\"@context\":\"https:\/\/schema.org\",\"@graph\":[{\"@type\":\"WebPage\",\"@id\":\"https:\/\/geooprema.com\/bs\/products\/rotacioni-laserski-prijemnik\/geomax-zrc60-daljinski-za-zone60dg-80dg\/\",\"url\":\"https:\/\/geooprema.com\/bs\/products\/rotacioni-laserski-prijemnik\/geomax-zrc60-daljinski-za-zone60dg-80dg\/\",\"name\":\"GeoMax ZRC60 daljinski za Zone60DG\/80DG - Geooprema\",\"isPartOf\":{\"@id\":\"https:\/\/geooprema.com\/#website\"},\"primaryImageOfPage\":{\"@id\":\"https:\/\/geooprema.com\/bs\/products\/rotacioni-laserski-prijemnik\/geomax-zrc60-daljinski-za-zone60dg-80dg\/#primaryimage\"},\"image\":{\"@id\":\"https:\/\/geooprema.com\/bs\/products\/rotacioni-laserski-prijemnik\/geomax-zrc60-daljinski-za-zone60dg-80dg\/#primaryimage\"},\"thumbnailUrl\":\"https:\/\/geooprema.com\/wp-content\/uploads\/2020\/10\/Geomax-Zone60-DG-Adjustable-Automatic-Dual-Grade-Laser-_1.jpg\",\"datePublished\":\"2020-10-23T19:00:20+00:00\",\"breadcrumb\":{\"@id\":\"https:\/\/geooprema.com\/bs\/products\/rotacioni-laserski-prijemnik\/geomax-zrc60-daljinski-za-zone60dg-80dg\/#breadcrumb\"},\"inLanguage\":\"bs-BA\",\"potentialAction\":[{\"@type\":\"ReadAction\",\"target\":[\"https:\/\/geooprema.com\/bs\/products\/rotacioni-laserski-prijemnik\/geomax-zrc60-daljinski-za-zone60dg-80dg\/\"]}]},{\"@type\":\"ImageObject\",\"inLanguage\":\"bs-BA\",\"@id\":\"https:\/\/geooprema.com\/bs\/products\/rotacioni-laserski-prijemnik\/geomax-zrc60-daljinski-za-zone60dg-80dg\/#primaryimage\",\"url\":\"https:\/\/geooprema.com\/wp-content\/uploads\/2020\/10\/Geomax-Zone60-DG-Adjustable-Automatic-Dual-Grade-Laser-_1.jpg\",\"contentUrl\":\"https:\/\/geooprema.com\/wp-content\/uploads\/2020\/10\/Geomax-Zone60-DG-Adjustable-Automatic-Dual-Grade-Laser-_1.jpg\",\"width\":800,\"height\":800,\"caption\":\"ZRC60 Remote Control\"},{\"@type\":\"BreadcrumbList\",\"@id\":\"https:\/\/geooprema.com\/bs\/products\/rotacioni-laserski-prijemnik\/geomax-zrc60-daljinski-za-zone60dg-80dg\/#breadcrumb\",\"itemListElement\":[{\"@type\":\"ListItem\",\"position\":1,\"name\":\"Home\",\"item\":\"https:\/\/geooprema.com\/bs\/\"},{\"@type\":\"ListItem\",\"position\":2,\"name\":\"Shop\",\"item\":\"https:\/\/geooprema.com\/shop-2\/\"},{\"@type\":\"ListItem\",\"position\":3,\"name\":\"GeoMax ZRC60 daljinski za Zone60DG\/80DG\"}]},{\"@type\":\"WebSite\",\"@id\":\"https:\/\/geooprema.com\/#website\",\"url\":\"https:\/\/geooprema.com\/\",\"name\":\"Geooprema\",\"description\":\"Surveying and Construction Equipmen, Software and Accessories\",\"publisher\":{\"@id\":\"https:\/\/geooprema.com\/#organization\"},\"potentialAction\":[{\"@type\":\"SearchAction\",\"target\":{\"@type\":\"EntryPoint\",\"urlTemplate\":\"https:\/\/geooprema.com\/?s={search_term_string}\"},\"query-input\":{\"@type\":\"PropertyValueSpecification\",\"valueRequired\":true,\"valueName\":\"search_term_string\"}}],\"inLanguage\":\"bs-BA\"},{\"@type\":\"Organization\",\"@id\":\"https:\/\/geooprema.com\/#organization\",\"name\":\"Geooprema\",\"url\":\"https:\/\/geooprema.com\/\",\"logo\":{\"@type\":\"ImageObject\",\"inLanguage\":\"bs-BA\",\"@id\":\"https:\/\/geooprema.com\/#\/schema\/logo\/image\/\",\"url\":\"https:\/\/geooprema.com\/wp-content\/uploads\/2020\/08\/geooprema-logo.png\",\"contentUrl\":\"https:\/\/geooprema.com\/wp-content\/uploads\/2020\/08\/geooprema-logo.png\",\"width\":513,\"height\":161,\"caption\":\"Geooprema\"},\"image\":{\"@id\":\"https:\/\/geooprema.com\/#\/schema\/logo\/image\/\"},\"sameAs\":[\"https:\/\/www.facebook.com\/geoinfobih\",\"https:\/\/www.instagram.com\/geoinfodoo\/\",\"https:\/\/www.linkedin.com\/company\/geoinfo-doo\/\",\"https:\/\/www.youtube.com\/c\/Geoinfodoo\"]}]}<\/script>\n<!-- \/ Yoast SEO plugin. -->","yoast_head_json":{"title":"GeoMax ZRC60 daljinski za Zone60DG\/80DG - Geooprema","robots":{"index":"index","follow":"follow","max-snippet":"max-snippet:-1","max-image-preview":"max-image-preview:large","max-video-preview":"max-video-preview:-1"},"canonical":"https:\/\/geooprema.com\/bs\/products\/rotacioni-laserski-prijemnik\/geomax-zrc60-daljinski-za-zone60dg-80dg\/","og_locale":"bs_BA","og_type":"article","og_title":"GeoMax ZRC60 daljinski za Zone60DG\/80DG - Geooprema","og_description":"Opis: Daljinski upravlja\u010d dvostrukog rotiraju\u0107eg lasera Geomax Zone60 DG\/80DG omogu\u0107uje profesionalcima izvi\u0111anja i gra\u0111evine upotrebu svojih laserskih lasera na velikim udaljenostima. Komunicira s Geomax Zone60 DG\/80DG dvostrukim stepenom lasera putem dio frekvencije (RF) i pru\u017ea radni domet do 1000 stopa. Uz LCD ekran, ovaj daljinski upravlja\u010d kompanije Geomax prikazuje informacije o nadmorskoj visini i poravnanju. Opremljen je korisni\u010dkom upravlja\u010dkom plo\u010dom koja osigurava nesmetan rad bez muke. Njegova funkcionalna dugmad - Power, Grade i strelice za usmjeravanje - prikladni su za upotrebu, nude\u0107i brzo i precizno ocjenjivanje. Daljinski upravlja\u010d ZRC60 za dvostruki laser Geomax Zone60 DG\/80DG uklju\u010duje dugme za na\u010din mirovanja koji trenutno onemogu\u0107uje laser kada se ne koristi. Pokre\u0107u ga dvije AA baterije. S LED indikatorom za daljinsku bateriju lako nadgleda stanje baterije.","og_url":"https:\/\/geooprema.com\/bs\/products\/rotacioni-laserski-prijemnik\/geomax-zrc60-daljinski-za-zone60dg-80dg\/","og_site_name":"Geooprema","article_publisher":"https:\/\/www.facebook.com\/geoinfobih","og_image":[{"width":800,"height":800,"url":"https:\/\/geooprema.com\/wp-content\/uploads\/2020\/10\/Geomax-Zone60-DG-Adjustable-Automatic-Dual-Grade-Laser-_1.jpg","type":"image\/jpeg"}],"twitter_card":"summary_large_image","schema":{"@context":"https:\/\/schema.org","@graph":[{"@type":"WebPage","@id":"https:\/\/geooprema.com\/bs\/products\/rotacioni-laserski-prijemnik\/geomax-zrc60-daljinski-za-zone60dg-80dg\/","url":"https:\/\/geooprema.com\/bs\/products\/rotacioni-laserski-prijemnik\/geomax-zrc60-daljinski-za-zone60dg-80dg\/","name":"GeoMax ZRC60 daljinski za Zone60DG\/80DG - Geooprema","isPartOf":{"@id":"https:\/\/geooprema.com\/#website"},"primaryImageOfPage":{"@id":"https:\/\/geooprema.com\/bs\/products\/rotacioni-laserski-prijemnik\/geomax-zrc60-daljinski-za-zone60dg-80dg\/#primaryimage"},"image":{"@id":"https:\/\/geooprema.com\/bs\/products\/rotacioni-laserski-prijemnik\/geomax-zrc60-daljinski-za-zone60dg-80dg\/#primaryimage"},"thumbnailUrl":"https:\/\/geooprema.com\/wp-content\/uploads\/2020\/10\/Geomax-Zone60-DG-Adjustable-Automatic-Dual-Grade-Laser-_1.jpg","datePublished":"2020-10-23T19:00:20+00:00","breadcrumb":{"@id":"https:\/\/geooprema.com\/bs\/products\/rotacioni-laserski-prijemnik\/geomax-zrc60-daljinski-za-zone60dg-80dg\/#breadcrumb"},"inLanguage":"bs-BA","potentialAction":[{"@type":"ReadAction","target":["https:\/\/geooprema.com\/bs\/products\/rotacioni-laserski-prijemnik\/geomax-zrc60-daljinski-za-zone60dg-80dg\/"]}]},{"@type":"ImageObject","inLanguage":"bs-BA","@id":"https:\/\/geooprema.com\/bs\/products\/rotacioni-laserski-prijemnik\/geomax-zrc60-daljinski-za-zone60dg-80dg\/#primaryimage","url":"https:\/\/geooprema.com\/wp-content\/uploads\/2020\/10\/Geomax-Zone60-DG-Adjustable-Automatic-Dual-Grade-Laser-_1.jpg","contentUrl":"https:\/\/geooprema.com\/wp-content\/uploads\/2020\/10\/Geomax-Zone60-DG-Adjustable-Automatic-Dual-Grade-Laser-_1.jpg","width":800,"height":800,"caption":"ZRC60 Remote Control"},{"@type":"BreadcrumbList","@id":"https:\/\/geooprema.com\/bs\/products\/rotacioni-laserski-prijemnik\/geomax-zrc60-daljinski-za-zone60dg-80dg\/#breadcrumb","itemListElement":[{"@type":"ListItem","position":1,"name":"Home","item":"https:\/\/geooprema.com\/bs\/"},{"@type":"ListItem","position":2,"name":"Shop","item":"https:\/\/geooprema.com\/shop-2\/"},{"@type":"ListItem","position":3,"name":"GeoMax ZRC60 daljinski za Zone60DG\/80DG"}]},{"@type":"WebSite","@id":"https:\/\/geooprema.com\/#website","url":"https:\/\/geooprema.com\/","name":"Geooprema","description":"Surveying and Construction Equipmen, Software and Accessories","publisher":{"@id":"https:\/\/geooprema.com\/#organization"},"potentialAction":[{"@type":"SearchAction","target":{"@type":"EntryPoint","urlTemplate":"https:\/\/geooprema.com\/?s={search_term_string}"},"query-input":{"@type":"PropertyValueSpecification","valueRequired":true,"valueName":"search_term_string"}}],"inLanguage":"bs-BA"},{"@type":"Organization","@id":"https:\/\/geooprema.com\/#organization","name":"Geooprema","url":"https:\/\/geooprema.com\/","logo":{"@type":"ImageObject","inLanguage":"bs-BA","@id":"https:\/\/geooprema.com\/#\/schema\/logo\/image\/","url":"https:\/\/geooprema.com\/wp-content\/uploads\/2020\/08\/geooprema-logo.png","contentUrl":"https:\/\/geooprema.com\/wp-content\/uploads\/2020\/08\/geooprema-logo.png","width":513,"height":161,"caption":"Geooprema"},"image":{"@id":"https:\/\/geooprema.com\/#\/schema\/logo\/image\/"},"sameAs":["https:\/\/www.facebook.com\/geoinfobih","https:\/\/www.instagram.com\/geoinfodoo\/","https:\/\/www.linkedin.com\/company\/geoinfo-doo\/","https:\/\/www.youtube.com\/c\/Geoinfodoo"]}]}},"_links":{"self":[{"href":"https:\/\/geooprema.com\/bs\/wp-json\/wp\/v2\/product\/32096","targetHints":{"allow":["GET"]}}],"collection":[{"href":"https:\/\/geooprema.com\/bs\/wp-json\/wp\/v2\/product"}],"about":[{"href":"https:\/\/geooprema.com\/bs\/wp-json\/wp\/v2\/types\/product"}],"replies":[{"embeddable":true,"href":"https:\/\/geooprema.com\/bs\/wp-json\/wp\/v2\/comments?post=32096"}],"wp:featuredmedia":[{"embeddable":true,"href":"https:\/\/geooprema.com\/bs\/wp-json\/wp\/v2\/media\/29286"}],"wp:attachment":[{"href":"https:\/\/geooprema.com\/bs\/wp-json\/wp\/v2\/media?parent=32096"}],"wp:term":[{"taxonomy":"product_brand","embeddable":true,"href":"https:\/\/geooprema.com\/bs\/wp-json\/wp\/v2\/product_brand?post=32096"},{"taxonomy":"product_cat","embeddable":true,"href":"https:\/\/geooprema.com\/bs\/wp-json\/wp\/v2\/product_cat?post=32096"},{"taxonomy":"product_tag","embeddable":true,"href":"https:\/\/geooprema.com\/bs\/wp-json\/wp\/v2\/product_tag?post=32096"}],"curies":[{"name":"wp","href":"https:\/\/api.w.org\/{rel}","templated":true}]}}