
{"id":32094,"date":"2020-10-23T18:24:17","date_gmt":"2020-10-23T18:24:17","guid":{"rendered":"https:\/\/geooprema.com\/products\/Bez kategorije\/geomax-zrd105b-digitalni-resiver-sa-hvatacem-lasera\/"},"modified":"2020-10-23T18:24:17","modified_gmt":"2020-10-23T18:24:17","slug":"geomax-zrd105b-digitalni-resiver-sa-hvatacem-lasera","status":"publish","type":"product","link":"https:\/\/geooprema.com\/bs\/products\/gradjevinska-oprema\/rotacioni-laserski-prijemnik\/geomax-zrd105b-digitalni-resiver-sa-hvatacem-lasera\/","title":{"rendered":"GeoMax ZRD105B digitalni resiver sa hvata\u010dem lasera"},"content":{"rendered":"<p> <strong> Ref.br .: 855671 <\/strong> <\/p>\n<ul class = \"list-normal\">\n<li> IP67 otporan na udarce i vodu <\/li>\n<li> Radna temperatura od -20 \u00b0 C do + 50 \u00b0 C <\/li>\n<li> Uhvatite i poravnajte lasersku ravan u kombinaciji sa Zonom 60DG <\/li>\n<\/ul>\n<p> <strong> Specifikacije <\/ \u25cf <\/p>\n<div class = \"row\">\n<div class = \"col font-weight-bold\"> Laserski receptor 105 mm <\/div>\n<\/div>\n<div class = \"row\">\n<div class = \"col font-weight-bold\"> Digitalno o\u010ditavanje 90 mm <\/div>\n<\/div>\n<div class = \"row\">\n<div class = \"col font-weight-bold\"> \u0160irina pojasa \u00b1 0,5 mm, \u00b1 1 mm, \u00b1 2 mm, \u00b1 3 mm, \u00b1 5 mm <\/div>\n<\/div>\n<div class = \"row\">\n<div class = \"col font-weight-bold\"> Domet \/ domet RF \u00d8 900m \/ \u00d8 100m za hvatanje snopa + blokada grede <\/div>\n<\/div>\n<div class = \"row\">\n<div class = \"col font-weight-bold\"> Prikaz i ton signala <\/div>\n<\/div>\n<div class = \"row\">\n<div class = \"col font-weight-bold\"> Klasa za\u0161tite IP67 <\/div>\n<\/div>\n<div class = \"row\">\n<div class = \"col font-weight-bold\"> Radna temperatura od -20 \u00b0 C do + 50 \u00b0 C <\/div>\n<\/div>\n<div class = \"row\">\n<div class = \"col font-weight-bold\"> Te\u017eina 320g <\/div>\n<\/div>\n<div class = \"row\">\n<div class = \"col font-weight-bold\"> Dimenzija 175 x 80 x 30 mm <\/div>\n<\/div>\n<div class = \"row\">\n<div class = \"col font-weight-bold\"> Uklju\u010dite tehnologiju hvatanja snopa i blokade zrake <\/div>\n<\/div>\n","protected":false},"excerpt":{"rendered":"<p>Opis: Prona\u0111ite i poravnajte ravninu lasera jednim pritiskom tipke za primjenu nagiba ili okomitog poravnanja. Jednostavno postavite laser, postavite ZRD105B na drugu ta\u010dku, a zatim zapo\u010dnite pretragu zraka, npr. kosine s vezanjem. Vi\u0161e nema ru\u010dnog pomicanja laserske ravnine niti su potrebni prora\u010duni.<br \/>\nPomo\u0107u funkcije Beam Lock laserska ravnina se hvata i nadgleda u stvarnom vremenu, \u0161to je dragocjeno za spajanje ta\u010daka na povr\u0161ini s osovinom za ozna\u010davanje.<br \/>\nZRD105B je opremljen radio tehnologijom za pouzdano poravnanje i primjene nagiba na velikim udaljenostima do 100 m.<br \/>\nNovi prijemnik tako\u0111e omogu\u0107uje digitalno o\u010ditavanje udaljenosti odmaknute povr\u0161ine, a ima i veliki prijemni prozor za najbr\u017ee otkrivanje snopa.<br \/>\nNajbolje od svega je \u0161to tako\u0111e radi s bilo kojim laserom GeoMax Zone 60DG koji je dostupan na tr\u017ei\u0161tu.<\/p>\n","protected":false},"featured_media":29261,"comment_status":"open","ping_status":"closed","template":"","meta":{"_acf_changed":false},"product_brand":[],"product_cat":[397,1285],"product_tag":[],"class_list":{"0":"post-32094","1":"product","2":"type-product","3":"status-publish","4":"has-post-thumbnail","6":"product_cat-gradjevinska-oprema","7":"product_cat-rotacioni-laserski-prijemnik","8":"pa_brand-geomax-positioning-bs","10":"first","11":"onbackorder","12":"taxable","13":"shipping-taxable","14":"product-type-simple","swatches":"rey-swatches","show_selected":""},"acf":[],"yoast_head":"<!-- This site is optimized with the Yoast SEO plugin v24.9 - https:\/\/yoast.com\/wordpress\/plugins\/seo\/ -->\n<title>GeoMax ZRD105B digitalni resiver sa hvata\u010dem lasera - Geooprema<\/title>\n<meta name=\"robots\" content=\"index, follow, max-snippet:-1, max-image-preview:large, max-video-preview:-1\" \/>\n<link rel=\"canonical\" href=\"https:\/\/geooprema.com\/bs\/products\/gradjevinska-oprema\/geomax-zrd105b-digitalni-resiver-sa-hvatacem-lasera\/\" \/>\n<meta property=\"og:locale\" content=\"bs_BA\" \/>\n<meta property=\"og:type\" content=\"article\" \/>\n<meta property=\"og:title\" content=\"GeoMax ZRD105B digitalni resiver sa hvata\u010dem lasera - Geooprema\" \/>\n<meta property=\"og:description\" content=\"Opis: Prona\u0111ite i poravnajte ravninu lasera jednim pritiskom tipke za primjenu nagiba ili okomitog poravnanja. Jednostavno postavite laser, postavite ZRD105B na drugu ta\u010dku, a zatim zapo\u010dnite pretragu zraka, npr. kosine s vezanjem. Vi\u0161e nema ru\u010dnog pomicanja laserske ravnine niti su potrebni prora\u010duni. Pomo\u0107u funkcije Beam Lock laserska ravnina se hvata i nadgleda u stvarnom vremenu, \u0161to je dragocjeno za spajanje ta\u010daka na povr\u0161ini s osovinom za ozna\u010davanje. ZRD105B je opremljen radio tehnologijom za pouzdano poravnanje i primjene nagiba na velikim udaljenostima do 100 m. Novi prijemnik tako\u0111e omogu\u0107uje digitalno o\u010ditavanje udaljenosti odmaknute povr\u0161ine, a ima i veliki prijemni prozor za najbr\u017ee otkrivanje snopa. Najbolje od svega je \u0161to tako\u0111e radi s bilo kojim laserom GeoMax Zone 60DG koji je dostupan na tr\u017ei\u0161tu.\" \/>\n<meta property=\"og:url\" content=\"https:\/\/geooprema.com\/bs\/products\/gradjevinska-oprema\/geomax-zrd105b-digitalni-resiver-sa-hvatacem-lasera\/\" \/>\n<meta property=\"og:site_name\" content=\"Geooprema\" \/>\n<meta property=\"article:publisher\" content=\"https:\/\/www.facebook.com\/geoinfobih\" \/>\n<meta property=\"og:image\" content=\"https:\/\/geooprema.com\/wp-content\/uploads\/2020\/10\/beam.jpg\" \/>\n\t<meta property=\"og:image:width\" content=\"800\" \/>\n\t<meta property=\"og:image:height\" content=\"800\" \/>\n\t<meta property=\"og:image:type\" content=\"image\/jpeg\" \/>\n<meta name=\"twitter:card\" content=\"summary_large_image\" \/>\n<script type=\"application\/ld+json\" class=\"yoast-schema-graph\">{\"@context\":\"https:\/\/schema.org\",\"@graph\":[{\"@type\":\"WebPage\",\"@id\":\"https:\/\/geooprema.com\/bs\/products\/gradjevinska-oprema\/geomax-zrd105b-digitalni-resiver-sa-hvatacem-lasera\/\",\"url\":\"https:\/\/geooprema.com\/bs\/products\/gradjevinska-oprema\/geomax-zrd105b-digitalni-resiver-sa-hvatacem-lasera\/\",\"name\":\"GeoMax ZRD105B digitalni resiver sa hvata\u010dem lasera - Geooprema\",\"isPartOf\":{\"@id\":\"https:\/\/geooprema.com\/#website\"},\"primaryImageOfPage\":{\"@id\":\"https:\/\/geooprema.com\/bs\/products\/gradjevinska-oprema\/geomax-zrd105b-digitalni-resiver-sa-hvatacem-lasera\/#primaryimage\"},\"image\":{\"@id\":\"https:\/\/geooprema.com\/bs\/products\/gradjevinska-oprema\/geomax-zrd105b-digitalni-resiver-sa-hvatacem-lasera\/#primaryimage\"},\"thumbnailUrl\":\"https:\/\/geooprema.com\/wp-content\/uploads\/2020\/10\/beam.jpg\",\"datePublished\":\"2020-10-23T18:24:17+00:00\",\"breadcrumb\":{\"@id\":\"https:\/\/geooprema.com\/bs\/products\/gradjevinska-oprema\/geomax-zrd105b-digitalni-resiver-sa-hvatacem-lasera\/#breadcrumb\"},\"inLanguage\":\"bs-BA\",\"potentialAction\":[{\"@type\":\"ReadAction\",\"target\":[\"https:\/\/geooprema.com\/bs\/products\/gradjevinska-oprema\/geomax-zrd105b-digitalni-resiver-sa-hvatacem-lasera\/\"]}]},{\"@type\":\"ImageObject\",\"inLanguage\":\"bs-BA\",\"@id\":\"https:\/\/geooprema.com\/bs\/products\/gradjevinska-oprema\/geomax-zrd105b-digitalni-resiver-sa-hvatacem-lasera\/#primaryimage\",\"url\":\"https:\/\/geooprema.com\/wp-content\/uploads\/2020\/10\/beam.jpg\",\"contentUrl\":\"https:\/\/geooprema.com\/wp-content\/uploads\/2020\/10\/beam.jpg\",\"width\":800,\"height\":800,\"caption\":\"GeoMax ZRD105B laser receiver\"},{\"@type\":\"BreadcrumbList\",\"@id\":\"https:\/\/geooprema.com\/bs\/products\/gradjevinska-oprema\/geomax-zrd105b-digitalni-resiver-sa-hvatacem-lasera\/#breadcrumb\",\"itemListElement\":[{\"@type\":\"ListItem\",\"position\":1,\"name\":\"Home\",\"item\":\"https:\/\/geooprema.com\/bs\/\"},{\"@type\":\"ListItem\",\"position\":2,\"name\":\"Shop\",\"item\":\"https:\/\/geooprema.com\/shop-2\/\"},{\"@type\":\"ListItem\",\"position\":3,\"name\":\"GeoMax ZRD105B digitalni resiver sa hvata\u010dem lasera\"}]},{\"@type\":\"WebSite\",\"@id\":\"https:\/\/geooprema.com\/#website\",\"url\":\"https:\/\/geooprema.com\/\",\"name\":\"Geooprema\",\"description\":\"Surveying and Construction Equipmen, Software and Accessories\",\"publisher\":{\"@id\":\"https:\/\/geooprema.com\/#organization\"},\"potentialAction\":[{\"@type\":\"SearchAction\",\"target\":{\"@type\":\"EntryPoint\",\"urlTemplate\":\"https:\/\/geooprema.com\/?s={search_term_string}\"},\"query-input\":{\"@type\":\"PropertyValueSpecification\",\"valueRequired\":true,\"valueName\":\"search_term_string\"}}],\"inLanguage\":\"bs-BA\"},{\"@type\":\"Organization\",\"@id\":\"https:\/\/geooprema.com\/#organization\",\"name\":\"Geooprema\",\"url\":\"https:\/\/geooprema.com\/\",\"logo\":{\"@type\":\"ImageObject\",\"inLanguage\":\"bs-BA\",\"@id\":\"https:\/\/geooprema.com\/#\/schema\/logo\/image\/\",\"url\":\"https:\/\/geooprema.com\/wp-content\/uploads\/2020\/08\/geooprema-logo.png\",\"contentUrl\":\"https:\/\/geooprema.com\/wp-content\/uploads\/2020\/08\/geooprema-logo.png\",\"width\":513,\"height\":161,\"caption\":\"Geooprema\"},\"image\":{\"@id\":\"https:\/\/geooprema.com\/#\/schema\/logo\/image\/\"},\"sameAs\":[\"https:\/\/www.facebook.com\/geoinfobih\",\"https:\/\/www.instagram.com\/geoinfodoo\/\",\"https:\/\/www.linkedin.com\/company\/geoinfo-doo\/\",\"https:\/\/www.youtube.com\/c\/Geoinfodoo\"]}]}<\/script>\n<!-- \/ Yoast SEO plugin. -->","yoast_head_json":{"title":"GeoMax ZRD105B digitalni resiver sa hvata\u010dem lasera - Geooprema","robots":{"index":"index","follow":"follow","max-snippet":"max-snippet:-1","max-image-preview":"max-image-preview:large","max-video-preview":"max-video-preview:-1"},"canonical":"https:\/\/geooprema.com\/bs\/products\/gradjevinska-oprema\/geomax-zrd105b-digitalni-resiver-sa-hvatacem-lasera\/","og_locale":"bs_BA","og_type":"article","og_title":"GeoMax ZRD105B digitalni resiver sa hvata\u010dem lasera - Geooprema","og_description":"Opis: Prona\u0111ite i poravnajte ravninu lasera jednim pritiskom tipke za primjenu nagiba ili okomitog poravnanja. Jednostavno postavite laser, postavite ZRD105B na drugu ta\u010dku, a zatim zapo\u010dnite pretragu zraka, npr. kosine s vezanjem. Vi\u0161e nema ru\u010dnog pomicanja laserske ravnine niti su potrebni prora\u010duni. Pomo\u0107u funkcije Beam Lock laserska ravnina se hvata i nadgleda u stvarnom vremenu, \u0161to je dragocjeno za spajanje ta\u010daka na povr\u0161ini s osovinom za ozna\u010davanje. ZRD105B je opremljen radio tehnologijom za pouzdano poravnanje i primjene nagiba na velikim udaljenostima do 100 m. Novi prijemnik tako\u0111e omogu\u0107uje digitalno o\u010ditavanje udaljenosti odmaknute povr\u0161ine, a ima i veliki prijemni prozor za najbr\u017ee otkrivanje snopa. Najbolje od svega je \u0161to tako\u0111e radi s bilo kojim laserom GeoMax Zone 60DG koji je dostupan na tr\u017ei\u0161tu.","og_url":"https:\/\/geooprema.com\/bs\/products\/gradjevinska-oprema\/geomax-zrd105b-digitalni-resiver-sa-hvatacem-lasera\/","og_site_name":"Geooprema","article_publisher":"https:\/\/www.facebook.com\/geoinfobih","og_image":[{"width":800,"height":800,"url":"https:\/\/geooprema.com\/wp-content\/uploads\/2020\/10\/beam.jpg","type":"image\/jpeg"}],"twitter_card":"summary_large_image","schema":{"@context":"https:\/\/schema.org","@graph":[{"@type":"WebPage","@id":"https:\/\/geooprema.com\/bs\/products\/gradjevinska-oprema\/geomax-zrd105b-digitalni-resiver-sa-hvatacem-lasera\/","url":"https:\/\/geooprema.com\/bs\/products\/gradjevinska-oprema\/geomax-zrd105b-digitalni-resiver-sa-hvatacem-lasera\/","name":"GeoMax ZRD105B digitalni resiver sa hvata\u010dem lasera - Geooprema","isPartOf":{"@id":"https:\/\/geooprema.com\/#website"},"primaryImageOfPage":{"@id":"https:\/\/geooprema.com\/bs\/products\/gradjevinska-oprema\/geomax-zrd105b-digitalni-resiver-sa-hvatacem-lasera\/#primaryimage"},"image":{"@id":"https:\/\/geooprema.com\/bs\/products\/gradjevinska-oprema\/geomax-zrd105b-digitalni-resiver-sa-hvatacem-lasera\/#primaryimage"},"thumbnailUrl":"https:\/\/geooprema.com\/wp-content\/uploads\/2020\/10\/beam.jpg","datePublished":"2020-10-23T18:24:17+00:00","breadcrumb":{"@id":"https:\/\/geooprema.com\/bs\/products\/gradjevinska-oprema\/geomax-zrd105b-digitalni-resiver-sa-hvatacem-lasera\/#breadcrumb"},"inLanguage":"bs-BA","potentialAction":[{"@type":"ReadAction","target":["https:\/\/geooprema.com\/bs\/products\/gradjevinska-oprema\/geomax-zrd105b-digitalni-resiver-sa-hvatacem-lasera\/"]}]},{"@type":"ImageObject","inLanguage":"bs-BA","@id":"https:\/\/geooprema.com\/bs\/products\/gradjevinska-oprema\/geomax-zrd105b-digitalni-resiver-sa-hvatacem-lasera\/#primaryimage","url":"https:\/\/geooprema.com\/wp-content\/uploads\/2020\/10\/beam.jpg","contentUrl":"https:\/\/geooprema.com\/wp-content\/uploads\/2020\/10\/beam.jpg","width":800,"height":800,"caption":"GeoMax ZRD105B laser receiver"},{"@type":"BreadcrumbList","@id":"https:\/\/geooprema.com\/bs\/products\/gradjevinska-oprema\/geomax-zrd105b-digitalni-resiver-sa-hvatacem-lasera\/#breadcrumb","itemListElement":[{"@type":"ListItem","position":1,"name":"Home","item":"https:\/\/geooprema.com\/bs\/"},{"@type":"ListItem","position":2,"name":"Shop","item":"https:\/\/geooprema.com\/shop-2\/"},{"@type":"ListItem","position":3,"name":"GeoMax ZRD105B digitalni resiver sa hvata\u010dem lasera"}]},{"@type":"WebSite","@id":"https:\/\/geooprema.com\/#website","url":"https:\/\/geooprema.com\/","name":"Geooprema","description":"Surveying and Construction Equipmen, Software and Accessories","publisher":{"@id":"https:\/\/geooprema.com\/#organization"},"potentialAction":[{"@type":"SearchAction","target":{"@type":"EntryPoint","urlTemplate":"https:\/\/geooprema.com\/?s={search_term_string}"},"query-input":{"@type":"PropertyValueSpecification","valueRequired":true,"valueName":"search_term_string"}}],"inLanguage":"bs-BA"},{"@type":"Organization","@id":"https:\/\/geooprema.com\/#organization","name":"Geooprema","url":"https:\/\/geooprema.com\/","logo":{"@type":"ImageObject","inLanguage":"bs-BA","@id":"https:\/\/geooprema.com\/#\/schema\/logo\/image\/","url":"https:\/\/geooprema.com\/wp-content\/uploads\/2020\/08\/geooprema-logo.png","contentUrl":"https:\/\/geooprema.com\/wp-content\/uploads\/2020\/08\/geooprema-logo.png","width":513,"height":161,"caption":"Geooprema"},"image":{"@id":"https:\/\/geooprema.com\/#\/schema\/logo\/image\/"},"sameAs":["https:\/\/www.facebook.com\/geoinfobih","https:\/\/www.instagram.com\/geoinfodoo\/","https:\/\/www.linkedin.com\/company\/geoinfo-doo\/","https:\/\/www.youtube.com\/c\/Geoinfodoo"]}]}},"_links":{"self":[{"href":"https:\/\/geooprema.com\/bs\/wp-json\/wp\/v2\/product\/32094","targetHints":{"allow":["GET"]}}],"collection":[{"href":"https:\/\/geooprema.com\/bs\/wp-json\/wp\/v2\/product"}],"about":[{"href":"https:\/\/geooprema.com\/bs\/wp-json\/wp\/v2\/types\/product"}],"replies":[{"embeddable":true,"href":"https:\/\/geooprema.com\/bs\/wp-json\/wp\/v2\/comments?post=32094"}],"wp:featuredmedia":[{"embeddable":true,"href":"https:\/\/geooprema.com\/bs\/wp-json\/wp\/v2\/media\/29261"}],"wp:attachment":[{"href":"https:\/\/geooprema.com\/bs\/wp-json\/wp\/v2\/media?parent=32094"}],"wp:term":[{"taxonomy":"product_brand","embeddable":true,"href":"https:\/\/geooprema.com\/bs\/wp-json\/wp\/v2\/product_brand?post=32094"},{"taxonomy":"product_cat","embeddable":true,"href":"https:\/\/geooprema.com\/bs\/wp-json\/wp\/v2\/product_cat?post=32094"},{"taxonomy":"product_tag","embeddable":true,"href":"https:\/\/geooprema.com\/bs\/wp-json\/wp\/v2\/product_tag?post=32094"}],"curies":[{"name":"wp","href":"https:\/\/api.w.org\/{rel}","templated":true}]}}