
{"id":32093,"date":"2020-10-23T18:24:16","date_gmt":"2020-10-23T18:24:16","guid":{"rendered":"https:\/\/geooprema.com\/products\/Bez kategorije\/geomax-zrd105-digitalni-laserski-resiver\/"},"modified":"2020-10-23T18:24:16","modified_gmt":"2020-10-23T18:24:16","slug":"geomax-zrd105-digitalni-laserski-resiver","status":"publish","type":"product","link":"https:\/\/geooprema.com\/bs\/products\/gradjevinska-oprema\/rotacioni-laserski-prijemnik\/geomax-zrd105-digitalni-laserski-resiver\/","title":{"rendered":"GeoMax ZRD105 digitalni laserski resiver"},"content":{"rendered":"<p><strong> Ref.br .: 835248 <\/strong><\/p>\n<ul class=\"list-normal\">\n<li>Klasa za\u0161tite IP67 pogodna za najte\u017ee zadatke.<\/li>\n<li>Radna temperatura: od -20 \u00b0 C do + 50 \u00b0 C.<\/li>\n<li>Pogodno za sve rotiraju\u0107e lasere u zoni GeoMax.<\/li>\n<li>Akusti\u010dni i grafi\u010dki prikaz.<\/li>\n<li>Pogodno za radni obuhvat od \u00d8900m.<\/li>\n<\/ul>\n<p><strong> Specifikacije: <\/strong><\/p>\n<div class=\"row\">\n<div class=\"col font-weight-bold\">Laserski receptor 105 mm<\/div>\n<\/div>\n<div class=\"row\">\n<div class=\"col font-weight-bold\">Digitalno o\u010ditavanje 90 mm<\/div>\n<\/div>\n<div class=\"row\">\n<div class=\"col font-weight-bold\">Propusni obuhvati\u00a0 \u00b1 0,5 mm, \u00b1 1 mm, \u00b1 2 mm, \u00b1 3 mm, \u00b1 5 mm<\/div>\n<\/div>\n<div class=\"row\">\n<div class=\"col font-weight-bold\">Domet \u00d8900 m<\/div>\n<\/div>\n<div class=\"row\">\n<div class=\"col font-weight-bold\">Prikaz i signal signala<\/div>\n<\/div>\n<div class=\"row\">\n<div class=\"col font-weight-bold\">Klasa za\u0161tite IP67<\/div>\n<\/div>\n<div class=\"row\">\n<div class=\"col font-weight-bold\">Radna temperatura od -20 \u00b0 C do + 50 \u00b0 C<\/div>\n<\/div>\n<div class=\"row\">\n<div class=\"col font-weight-bold\">Te\u017eina 320g<\/div>\n<\/div>\n<div class=\"row\">\n<div class=\"col font-weight-bold\">Dimenzija 175 x 80 x 30 mm<\/div>\n<\/div>\n","protected":false},"excerpt":{"rendered":"<ul class=\"list-normal\">\n<li>ZRD105 laserski prijemnik pogodan je za sve rotiraju\u0107e lasere iz serije GeoMax Zone.<\/li>\n<li>ZRD105 digitalni laserski prijemnik. Najbolja digitalna tehnologija u robusnom ku\u0107i\u0161tu.<\/li>\n<li>Dvostrani prikaz i numeri\u010dki prikaz u pet nivoa preciznosti.<\/li>\n<li>Digitalni ekran prikazuje udaljenost lasera u stvarnim numeri\u010dkim vrijednostima.<\/li>\n<\/ul>\n","protected":false},"featured_media":29245,"comment_status":"open","ping_status":"closed","template":"","meta":{"_acf_changed":false},"product_brand":[],"product_cat":[397,1285],"product_tag":[],"class_list":{"0":"post-32093","1":"product","2":"type-product","3":"status-publish","4":"has-post-thumbnail","6":"product_cat-gradjevinska-oprema","7":"product_cat-rotacioni-laserski-prijemnik","8":"pa_brand-geomax-positioning-bs","10":"first","11":"onbackorder","12":"taxable","13":"shipping-taxable","14":"product-type-simple","swatches":"rey-swatches","show_selected":""},"acf":[],"yoast_head":"<!-- This site is optimized with the Yoast SEO plugin v24.9 - https:\/\/yoast.com\/wordpress\/plugins\/seo\/ -->\n<title>GeoMax ZRD105 digitalni laserski resiver - Geooprema<\/title>\n<meta name=\"robots\" content=\"index, follow, max-snippet:-1, max-image-preview:large, max-video-preview:-1\" \/>\n<link rel=\"canonical\" href=\"https:\/\/geooprema.com\/bs\/products\/gradjevinska-oprema\/geomax-zrd105-digitalni-laserski-resiver\/\" \/>\n<meta property=\"og:locale\" content=\"bs_BA\" \/>\n<meta property=\"og:type\" content=\"article\" \/>\n<meta property=\"og:title\" content=\"GeoMax ZRD105 digitalni laserski resiver - Geooprema\" \/>\n<meta property=\"og:description\" content=\"ZRD105 laserski prijemnik pogodan je za sve rotiraju\u0107e lasere iz serije GeoMax Zone.  ZRD105 digitalni laserski prijemnik. Najbolja digitalna tehnologija u robusnom ku\u0107i\u0161tu.  Dvostrani prikaz i numeri\u010dki prikaz u pet nivoa preciznosti.  Digitalni ekran prikazuje udaljenost lasera u stvarnim numeri\u010dkim vrijednostima.\" \/>\n<meta property=\"og:url\" content=\"https:\/\/geooprema.com\/bs\/products\/gradjevinska-oprema\/geomax-zrd105-digitalni-laserski-resiver\/\" \/>\n<meta property=\"og:site_name\" content=\"Geooprema\" \/>\n<meta property=\"article:publisher\" content=\"https:\/\/www.facebook.com\/geoinfobih\" \/>\n<meta property=\"og:image\" content=\"https:\/\/geooprema.com\/wp-content\/uploads\/2020\/10\/digitall.jpg\" \/>\n\t<meta property=\"og:image:width\" content=\"800\" \/>\n\t<meta property=\"og:image:height\" content=\"800\" \/>\n\t<meta property=\"og:image:type\" content=\"image\/jpeg\" \/>\n<meta name=\"twitter:card\" content=\"summary_large_image\" \/>\n<script type=\"application\/ld+json\" class=\"yoast-schema-graph\">{\"@context\":\"https:\/\/schema.org\",\"@graph\":[{\"@type\":\"WebPage\",\"@id\":\"https:\/\/geooprema.com\/bs\/products\/gradjevinska-oprema\/geomax-zrd105-digitalni-laserski-resiver\/\",\"url\":\"https:\/\/geooprema.com\/bs\/products\/gradjevinska-oprema\/geomax-zrd105-digitalni-laserski-resiver\/\",\"name\":\"GeoMax ZRD105 digitalni laserski resiver - Geooprema\",\"isPartOf\":{\"@id\":\"https:\/\/geooprema.com\/#website\"},\"primaryImageOfPage\":{\"@id\":\"https:\/\/geooprema.com\/bs\/products\/gradjevinska-oprema\/geomax-zrd105-digitalni-laserski-resiver\/#primaryimage\"},\"image\":{\"@id\":\"https:\/\/geooprema.com\/bs\/products\/gradjevinska-oprema\/geomax-zrd105-digitalni-laserski-resiver\/#primaryimage\"},\"thumbnailUrl\":\"https:\/\/geooprema.com\/wp-content\/uploads\/2020\/10\/digitall.jpg\",\"datePublished\":\"2020-10-23T18:24:16+00:00\",\"breadcrumb\":{\"@id\":\"https:\/\/geooprema.com\/bs\/products\/gradjevinska-oprema\/geomax-zrd105-digitalni-laserski-resiver\/#breadcrumb\"},\"inLanguage\":\"bs-BA\",\"potentialAction\":[{\"@type\":\"ReadAction\",\"target\":[\"https:\/\/geooprema.com\/bs\/products\/gradjevinska-oprema\/geomax-zrd105-digitalni-laserski-resiver\/\"]}]},{\"@type\":\"ImageObject\",\"inLanguage\":\"bs-BA\",\"@id\":\"https:\/\/geooprema.com\/bs\/products\/gradjevinska-oprema\/geomax-zrd105-digitalni-laserski-resiver\/#primaryimage\",\"url\":\"https:\/\/geooprema.com\/wp-content\/uploads\/2020\/10\/digitall.jpg\",\"contentUrl\":\"https:\/\/geooprema.com\/wp-content\/uploads\/2020\/10\/digitall.jpg\",\"width\":800,\"height\":800,\"caption\":\"ZRD105 Digital Laser Receiver\"},{\"@type\":\"BreadcrumbList\",\"@id\":\"https:\/\/geooprema.com\/bs\/products\/gradjevinska-oprema\/geomax-zrd105-digitalni-laserski-resiver\/#breadcrumb\",\"itemListElement\":[{\"@type\":\"ListItem\",\"position\":1,\"name\":\"Home\",\"item\":\"https:\/\/geooprema.com\/bs\/\"},{\"@type\":\"ListItem\",\"position\":2,\"name\":\"Shop\",\"item\":\"https:\/\/geooprema.com\/shop-2\/\"},{\"@type\":\"ListItem\",\"position\":3,\"name\":\"GeoMax ZRD105 digitalni laserski resiver\"}]},{\"@type\":\"WebSite\",\"@id\":\"https:\/\/geooprema.com\/#website\",\"url\":\"https:\/\/geooprema.com\/\",\"name\":\"Geooprema\",\"description\":\"Surveying and Construction Equipmen, Software and Accessories\",\"publisher\":{\"@id\":\"https:\/\/geooprema.com\/#organization\"},\"potentialAction\":[{\"@type\":\"SearchAction\",\"target\":{\"@type\":\"EntryPoint\",\"urlTemplate\":\"https:\/\/geooprema.com\/?s={search_term_string}\"},\"query-input\":{\"@type\":\"PropertyValueSpecification\",\"valueRequired\":true,\"valueName\":\"search_term_string\"}}],\"inLanguage\":\"bs-BA\"},{\"@type\":\"Organization\",\"@id\":\"https:\/\/geooprema.com\/#organization\",\"name\":\"Geooprema\",\"url\":\"https:\/\/geooprema.com\/\",\"logo\":{\"@type\":\"ImageObject\",\"inLanguage\":\"bs-BA\",\"@id\":\"https:\/\/geooprema.com\/#\/schema\/logo\/image\/\",\"url\":\"https:\/\/geooprema.com\/wp-content\/uploads\/2020\/08\/geooprema-logo.png\",\"contentUrl\":\"https:\/\/geooprema.com\/wp-content\/uploads\/2020\/08\/geooprema-logo.png\",\"width\":513,\"height\":161,\"caption\":\"Geooprema\"},\"image\":{\"@id\":\"https:\/\/geooprema.com\/#\/schema\/logo\/image\/\"},\"sameAs\":[\"https:\/\/www.facebook.com\/geoinfobih\",\"https:\/\/www.instagram.com\/geoinfodoo\/\",\"https:\/\/www.linkedin.com\/company\/geoinfo-doo\/\",\"https:\/\/www.youtube.com\/c\/Geoinfodoo\"]}]}<\/script>\n<!-- \/ Yoast SEO plugin. -->","yoast_head_json":{"title":"GeoMax ZRD105 digitalni laserski resiver - Geooprema","robots":{"index":"index","follow":"follow","max-snippet":"max-snippet:-1","max-image-preview":"max-image-preview:large","max-video-preview":"max-video-preview:-1"},"canonical":"https:\/\/geooprema.com\/bs\/products\/gradjevinska-oprema\/geomax-zrd105-digitalni-laserski-resiver\/","og_locale":"bs_BA","og_type":"article","og_title":"GeoMax ZRD105 digitalni laserski resiver - Geooprema","og_description":"ZRD105 laserski prijemnik pogodan je za sve rotiraju\u0107e lasere iz serije GeoMax Zone.  ZRD105 digitalni laserski prijemnik. Najbolja digitalna tehnologija u robusnom ku\u0107i\u0161tu.  Dvostrani prikaz i numeri\u010dki prikaz u pet nivoa preciznosti.  Digitalni ekran prikazuje udaljenost lasera u stvarnim numeri\u010dkim vrijednostima.","og_url":"https:\/\/geooprema.com\/bs\/products\/gradjevinska-oprema\/geomax-zrd105-digitalni-laserski-resiver\/","og_site_name":"Geooprema","article_publisher":"https:\/\/www.facebook.com\/geoinfobih","og_image":[{"width":800,"height":800,"url":"https:\/\/geooprema.com\/wp-content\/uploads\/2020\/10\/digitall.jpg","type":"image\/jpeg"}],"twitter_card":"summary_large_image","schema":{"@context":"https:\/\/schema.org","@graph":[{"@type":"WebPage","@id":"https:\/\/geooprema.com\/bs\/products\/gradjevinska-oprema\/geomax-zrd105-digitalni-laserski-resiver\/","url":"https:\/\/geooprema.com\/bs\/products\/gradjevinska-oprema\/geomax-zrd105-digitalni-laserski-resiver\/","name":"GeoMax ZRD105 digitalni laserski resiver - Geooprema","isPartOf":{"@id":"https:\/\/geooprema.com\/#website"},"primaryImageOfPage":{"@id":"https:\/\/geooprema.com\/bs\/products\/gradjevinska-oprema\/geomax-zrd105-digitalni-laserski-resiver\/#primaryimage"},"image":{"@id":"https:\/\/geooprema.com\/bs\/products\/gradjevinska-oprema\/geomax-zrd105-digitalni-laserski-resiver\/#primaryimage"},"thumbnailUrl":"https:\/\/geooprema.com\/wp-content\/uploads\/2020\/10\/digitall.jpg","datePublished":"2020-10-23T18:24:16+00:00","breadcrumb":{"@id":"https:\/\/geooprema.com\/bs\/products\/gradjevinska-oprema\/geomax-zrd105-digitalni-laserski-resiver\/#breadcrumb"},"inLanguage":"bs-BA","potentialAction":[{"@type":"ReadAction","target":["https:\/\/geooprema.com\/bs\/products\/gradjevinska-oprema\/geomax-zrd105-digitalni-laserski-resiver\/"]}]},{"@type":"ImageObject","inLanguage":"bs-BA","@id":"https:\/\/geooprema.com\/bs\/products\/gradjevinska-oprema\/geomax-zrd105-digitalni-laserski-resiver\/#primaryimage","url":"https:\/\/geooprema.com\/wp-content\/uploads\/2020\/10\/digitall.jpg","contentUrl":"https:\/\/geooprema.com\/wp-content\/uploads\/2020\/10\/digitall.jpg","width":800,"height":800,"caption":"ZRD105 Digital Laser Receiver"},{"@type":"BreadcrumbList","@id":"https:\/\/geooprema.com\/bs\/products\/gradjevinska-oprema\/geomax-zrd105-digitalni-laserski-resiver\/#breadcrumb","itemListElement":[{"@type":"ListItem","position":1,"name":"Home","item":"https:\/\/geooprema.com\/bs\/"},{"@type":"ListItem","position":2,"name":"Shop","item":"https:\/\/geooprema.com\/shop-2\/"},{"@type":"ListItem","position":3,"name":"GeoMax ZRD105 digitalni laserski resiver"}]},{"@type":"WebSite","@id":"https:\/\/geooprema.com\/#website","url":"https:\/\/geooprema.com\/","name":"Geooprema","description":"Surveying and Construction Equipmen, Software and Accessories","publisher":{"@id":"https:\/\/geooprema.com\/#organization"},"potentialAction":[{"@type":"SearchAction","target":{"@type":"EntryPoint","urlTemplate":"https:\/\/geooprema.com\/?s={search_term_string}"},"query-input":{"@type":"PropertyValueSpecification","valueRequired":true,"valueName":"search_term_string"}}],"inLanguage":"bs-BA"},{"@type":"Organization","@id":"https:\/\/geooprema.com\/#organization","name":"Geooprema","url":"https:\/\/geooprema.com\/","logo":{"@type":"ImageObject","inLanguage":"bs-BA","@id":"https:\/\/geooprema.com\/#\/schema\/logo\/image\/","url":"https:\/\/geooprema.com\/wp-content\/uploads\/2020\/08\/geooprema-logo.png","contentUrl":"https:\/\/geooprema.com\/wp-content\/uploads\/2020\/08\/geooprema-logo.png","width":513,"height":161,"caption":"Geooprema"},"image":{"@id":"https:\/\/geooprema.com\/#\/schema\/logo\/image\/"},"sameAs":["https:\/\/www.facebook.com\/geoinfobih","https:\/\/www.instagram.com\/geoinfodoo\/","https:\/\/www.linkedin.com\/company\/geoinfo-doo\/","https:\/\/www.youtube.com\/c\/Geoinfodoo"]}]}},"_links":{"self":[{"href":"https:\/\/geooprema.com\/bs\/wp-json\/wp\/v2\/product\/32093","targetHints":{"allow":["GET"]}}],"collection":[{"href":"https:\/\/geooprema.com\/bs\/wp-json\/wp\/v2\/product"}],"about":[{"href":"https:\/\/geooprema.com\/bs\/wp-json\/wp\/v2\/types\/product"}],"replies":[{"embeddable":true,"href":"https:\/\/geooprema.com\/bs\/wp-json\/wp\/v2\/comments?post=32093"}],"wp:featuredmedia":[{"embeddable":true,"href":"https:\/\/geooprema.com\/bs\/wp-json\/wp\/v2\/media\/29245"}],"wp:attachment":[{"href":"https:\/\/geooprema.com\/bs\/wp-json\/wp\/v2\/media?parent=32093"}],"wp:term":[{"taxonomy":"product_brand","embeddable":true,"href":"https:\/\/geooprema.com\/bs\/wp-json\/wp\/v2\/product_brand?post=32093"},{"taxonomy":"product_cat","embeddable":true,"href":"https:\/\/geooprema.com\/bs\/wp-json\/wp\/v2\/product_cat?post=32093"},{"taxonomy":"product_tag","embeddable":true,"href":"https:\/\/geooprema.com\/bs\/wp-json\/wp\/v2\/product_tag?post=32093"}],"curies":[{"name":"wp","href":"https:\/\/api.w.org\/{rel}","templated":true}]}}