
{"id":32092,"date":"2020-10-23T18:24:15","date_gmt":"2020-10-23T18:24:15","guid":{"rendered":"https:\/\/geooprema.com\/products\/Bez kategorije\/geomax-zrp105-profesionalni-laserski-resiver\/"},"modified":"2020-10-23T18:24:15","modified_gmt":"2020-10-23T18:24:15","slug":"geomax-zrp105-profesionalni-laserski-resiver","status":"publish","type":"product","link":"https:\/\/geooprema.com\/bs\/products\/gradjevinska-oprema\/rotacioni-laserski-prijemnik\/geomax-zrp105-profesionalni-laserski-resiver\/","title":{"rendered":"GeoMax ZRP105 profesionalni  laserski resiver"},"content":{"rendered":"<p> <strong> \u0160ifra: 835247 <\/strong> <\/p>\n<ul class = \"list-normal\">\n<li> Radna temperatura: od -20 \u00b0 C do + 50 \u00b0 C. <\/li>\n<li> Zbog velikog dometa detekcije laserski zrak se mo\u017ee brzo i jednostavno prona\u0107i. <\/li>\n<li> Akusti\u010dni i grafi\u010dki prikaz. <\/li>\n<\/ul>\n<p> <strong> Specifikacije: <\/ \u25cf <\/p>\n<div class = \"row\">\n<div class = \"col font-weight-bold\"> Laserski receptor 105 mm <\/div>\n<\/div>\n<div class = \"row\">\n<div class = \"col font-weight-bold\"> Broj digitalnog o\u010ditavanja <\/div>\n<\/div>\n<div class = \"row\">\n<div class = \"col font-weight-bold\"> Propusni obuhvati \u00b1 1 mm, \u00b1 2 mm, \u00b1 3 mm <\/div>\n<\/div>\n<div class = \"row\">\n<div class = \"col font-weight-bold\"> Domet \u00d8900 m <\/div>\n<\/div>\n<div class = \"row\">\n<div class = \"col font-weight-bold\"> Prikaz i signal signala <\/div>\n<\/div>\n<div class = \"row\">\n<div class = \"col font-weight-bold\"> Klasa za\u0161tite IP67 <\/div>\n<\/div>\n<div class = \"row\">\n<div class = \"col font-weight-bold\"> Radna temperatura od -20 \u00b0 C do + 50 \u00b0 C <\/div>\n<\/div>\n<div class = \"row\">\n<div class = \"col font-weight-bold\"> Te\u017eina: 320g <\/div>\n<\/div>\n<div class = \"row\">\n<div class = \"col font-weight-bold\"> Dimenzija: 175 x 80 x 30 mm <\/div>\n<\/div>\n","protected":false},"excerpt":{"rendered":"<p>Opis: Vrhunski rad. Profesionalni format s detaljnim, vi\u0161ekanalnim analognim, dvostrukim ekranom, podr\u017eanom podesivim LED i audio signalima. Ugra\u0111eno suzbijanje bljeskalice. Ovaj se prijemnik mo\u017ee koristiti za sve lasere u zoni.<\/p>\n","protected":false},"featured_media":29242,"comment_status":"open","ping_status":"closed","template":"","meta":{"_acf_changed":false},"product_brand":[],"product_cat":[397,1285],"product_tag":[],"class_list":{"0":"post-32092","1":"product","2":"type-product","3":"status-publish","4":"has-post-thumbnail","6":"product_cat-gradjevinska-oprema","7":"product_cat-rotacioni-laserski-prijemnik","8":"pa_brand-geomax-positioning-bs","10":"first","11":"onbackorder","12":"taxable","13":"shipping-taxable","14":"product-type-simple","swatches":"rey-swatches","show_selected":""},"acf":[],"yoast_head":"<!-- This site is optimized with the Yoast SEO plugin v24.9 - https:\/\/yoast.com\/wordpress\/plugins\/seo\/ -->\n<title>GeoMax ZRP105 profesionalni laserski resiver - Geooprema<\/title>\n<meta name=\"robots\" content=\"index, follow, max-snippet:-1, max-image-preview:large, max-video-preview:-1\" \/>\n<link rel=\"canonical\" href=\"https:\/\/geooprema.com\/bs\/products\/gradjevinska-oprema\/geomax-zrp105-profesionalni-laserski-resiver\/\" \/>\n<meta property=\"og:locale\" content=\"bs_BA\" \/>\n<meta property=\"og:type\" content=\"article\" \/>\n<meta property=\"og:title\" content=\"GeoMax ZRP105 profesionalni laserski resiver - Geooprema\" \/>\n<meta property=\"og:description\" content=\"Opis: Vrhunski rad. Profesionalni format s detaljnim, vi\u0161ekanalnim analognim, dvostrukim ekranom, podr\u017eanom podesivim LED i audio signalima. Ugra\u0111eno suzbijanje bljeskalice. Ovaj se prijemnik mo\u017ee koristiti za sve lasere u zoni.\" \/>\n<meta property=\"og:url\" content=\"https:\/\/geooprema.com\/bs\/products\/gradjevinska-oprema\/geomax-zrp105-profesionalni-laserski-resiver\/\" \/>\n<meta property=\"og:site_name\" content=\"Geooprema\" \/>\n<meta property=\"article:publisher\" content=\"https:\/\/www.facebook.com\/geoinfobih\" \/>\n<meta property=\"og:image\" content=\"https:\/\/geooprema.com\/wp-content\/uploads\/2020\/10\/zrp105_fronal_1k__61557.1599655842.jpg\" \/>\n\t<meta property=\"og:image:width\" content=\"800\" \/>\n\t<meta property=\"og:image:height\" content=\"800\" \/>\n\t<meta property=\"og:image:type\" content=\"image\/jpeg\" \/>\n<meta name=\"twitter:card\" content=\"summary_large_image\" \/>\n<script type=\"application\/ld+json\" class=\"yoast-schema-graph\">{\"@context\":\"https:\/\/schema.org\",\"@graph\":[{\"@type\":\"WebPage\",\"@id\":\"https:\/\/geooprema.com\/bs\/products\/gradjevinska-oprema\/geomax-zrp105-profesionalni-laserski-resiver\/\",\"url\":\"https:\/\/geooprema.com\/bs\/products\/gradjevinska-oprema\/geomax-zrp105-profesionalni-laserski-resiver\/\",\"name\":\"GeoMax ZRP105 profesionalni laserski resiver - Geooprema\",\"isPartOf\":{\"@id\":\"https:\/\/geooprema.com\/#website\"},\"primaryImageOfPage\":{\"@id\":\"https:\/\/geooprema.com\/bs\/products\/gradjevinska-oprema\/geomax-zrp105-profesionalni-laserski-resiver\/#primaryimage\"},\"image\":{\"@id\":\"https:\/\/geooprema.com\/bs\/products\/gradjevinska-oprema\/geomax-zrp105-profesionalni-laserski-resiver\/#primaryimage\"},\"thumbnailUrl\":\"https:\/\/geooprema.com\/wp-content\/uploads\/2020\/10\/zrp105_fronal_1k__61557.1599655842.jpg\",\"datePublished\":\"2020-10-23T18:24:15+00:00\",\"breadcrumb\":{\"@id\":\"https:\/\/geooprema.com\/bs\/products\/gradjevinska-oprema\/geomax-zrp105-profesionalni-laserski-resiver\/#breadcrumb\"},\"inLanguage\":\"bs-BA\",\"potentialAction\":[{\"@type\":\"ReadAction\",\"target\":[\"https:\/\/geooprema.com\/bs\/products\/gradjevinska-oprema\/geomax-zrp105-profesionalni-laserski-resiver\/\"]}]},{\"@type\":\"ImageObject\",\"inLanguage\":\"bs-BA\",\"@id\":\"https:\/\/geooprema.com\/bs\/products\/gradjevinska-oprema\/geomax-zrp105-profesionalni-laserski-resiver\/#primaryimage\",\"url\":\"https:\/\/geooprema.com\/wp-content\/uploads\/2020\/10\/zrp105_fronal_1k__61557.1599655842.jpg\",\"contentUrl\":\"https:\/\/geooprema.com\/wp-content\/uploads\/2020\/10\/zrp105_fronal_1k__61557.1599655842.jpg\",\"width\":800,\"height\":800,\"caption\":\"ZRP105 Pro Laser Receiver\"},{\"@type\":\"BreadcrumbList\",\"@id\":\"https:\/\/geooprema.com\/bs\/products\/gradjevinska-oprema\/geomax-zrp105-profesionalni-laserski-resiver\/#breadcrumb\",\"itemListElement\":[{\"@type\":\"ListItem\",\"position\":1,\"name\":\"Home\",\"item\":\"https:\/\/geooprema.com\/bs\/\"},{\"@type\":\"ListItem\",\"position\":2,\"name\":\"Shop\",\"item\":\"https:\/\/geooprema.com\/shop-2\/\"},{\"@type\":\"ListItem\",\"position\":3,\"name\":\"GeoMax ZRP105 profesionalni laserski resiver\"}]},{\"@type\":\"WebSite\",\"@id\":\"https:\/\/geooprema.com\/#website\",\"url\":\"https:\/\/geooprema.com\/\",\"name\":\"Geooprema\",\"description\":\"Surveying and Construction Equipmen, Software and Accessories\",\"publisher\":{\"@id\":\"https:\/\/geooprema.com\/#organization\"},\"potentialAction\":[{\"@type\":\"SearchAction\",\"target\":{\"@type\":\"EntryPoint\",\"urlTemplate\":\"https:\/\/geooprema.com\/?s={search_term_string}\"},\"query-input\":{\"@type\":\"PropertyValueSpecification\",\"valueRequired\":true,\"valueName\":\"search_term_string\"}}],\"inLanguage\":\"bs-BA\"},{\"@type\":\"Organization\",\"@id\":\"https:\/\/geooprema.com\/#organization\",\"name\":\"Geooprema\",\"url\":\"https:\/\/geooprema.com\/\",\"logo\":{\"@type\":\"ImageObject\",\"inLanguage\":\"bs-BA\",\"@id\":\"https:\/\/geooprema.com\/#\/schema\/logo\/image\/\",\"url\":\"https:\/\/geooprema.com\/wp-content\/uploads\/2020\/08\/geooprema-logo.png\",\"contentUrl\":\"https:\/\/geooprema.com\/wp-content\/uploads\/2020\/08\/geooprema-logo.png\",\"width\":513,\"height\":161,\"caption\":\"Geooprema\"},\"image\":{\"@id\":\"https:\/\/geooprema.com\/#\/schema\/logo\/image\/\"},\"sameAs\":[\"https:\/\/www.facebook.com\/geoinfobih\",\"https:\/\/www.instagram.com\/geoinfodoo\/\",\"https:\/\/www.linkedin.com\/company\/geoinfo-doo\/\",\"https:\/\/www.youtube.com\/c\/Geoinfodoo\"]}]}<\/script>\n<!-- \/ Yoast SEO plugin. -->","yoast_head_json":{"title":"GeoMax ZRP105 profesionalni laserski resiver - Geooprema","robots":{"index":"index","follow":"follow","max-snippet":"max-snippet:-1","max-image-preview":"max-image-preview:large","max-video-preview":"max-video-preview:-1"},"canonical":"https:\/\/geooprema.com\/bs\/products\/gradjevinska-oprema\/geomax-zrp105-profesionalni-laserski-resiver\/","og_locale":"bs_BA","og_type":"article","og_title":"GeoMax ZRP105 profesionalni laserski resiver - Geooprema","og_description":"Opis: Vrhunski rad. Profesionalni format s detaljnim, vi\u0161ekanalnim analognim, dvostrukim ekranom, podr\u017eanom podesivim LED i audio signalima. Ugra\u0111eno suzbijanje bljeskalice. Ovaj se prijemnik mo\u017ee koristiti za sve lasere u zoni.","og_url":"https:\/\/geooprema.com\/bs\/products\/gradjevinska-oprema\/geomax-zrp105-profesionalni-laserski-resiver\/","og_site_name":"Geooprema","article_publisher":"https:\/\/www.facebook.com\/geoinfobih","og_image":[{"width":800,"height":800,"url":"https:\/\/geooprema.com\/wp-content\/uploads\/2020\/10\/zrp105_fronal_1k__61557.1599655842.jpg","type":"image\/jpeg"}],"twitter_card":"summary_large_image","schema":{"@context":"https:\/\/schema.org","@graph":[{"@type":"WebPage","@id":"https:\/\/geooprema.com\/bs\/products\/gradjevinska-oprema\/geomax-zrp105-profesionalni-laserski-resiver\/","url":"https:\/\/geooprema.com\/bs\/products\/gradjevinska-oprema\/geomax-zrp105-profesionalni-laserski-resiver\/","name":"GeoMax ZRP105 profesionalni laserski resiver - Geooprema","isPartOf":{"@id":"https:\/\/geooprema.com\/#website"},"primaryImageOfPage":{"@id":"https:\/\/geooprema.com\/bs\/products\/gradjevinska-oprema\/geomax-zrp105-profesionalni-laserski-resiver\/#primaryimage"},"image":{"@id":"https:\/\/geooprema.com\/bs\/products\/gradjevinska-oprema\/geomax-zrp105-profesionalni-laserski-resiver\/#primaryimage"},"thumbnailUrl":"https:\/\/geooprema.com\/wp-content\/uploads\/2020\/10\/zrp105_fronal_1k__61557.1599655842.jpg","datePublished":"2020-10-23T18:24:15+00:00","breadcrumb":{"@id":"https:\/\/geooprema.com\/bs\/products\/gradjevinska-oprema\/geomax-zrp105-profesionalni-laserski-resiver\/#breadcrumb"},"inLanguage":"bs-BA","potentialAction":[{"@type":"ReadAction","target":["https:\/\/geooprema.com\/bs\/products\/gradjevinska-oprema\/geomax-zrp105-profesionalni-laserski-resiver\/"]}]},{"@type":"ImageObject","inLanguage":"bs-BA","@id":"https:\/\/geooprema.com\/bs\/products\/gradjevinska-oprema\/geomax-zrp105-profesionalni-laserski-resiver\/#primaryimage","url":"https:\/\/geooprema.com\/wp-content\/uploads\/2020\/10\/zrp105_fronal_1k__61557.1599655842.jpg","contentUrl":"https:\/\/geooprema.com\/wp-content\/uploads\/2020\/10\/zrp105_fronal_1k__61557.1599655842.jpg","width":800,"height":800,"caption":"ZRP105 Pro Laser Receiver"},{"@type":"BreadcrumbList","@id":"https:\/\/geooprema.com\/bs\/products\/gradjevinska-oprema\/geomax-zrp105-profesionalni-laserski-resiver\/#breadcrumb","itemListElement":[{"@type":"ListItem","position":1,"name":"Home","item":"https:\/\/geooprema.com\/bs\/"},{"@type":"ListItem","position":2,"name":"Shop","item":"https:\/\/geooprema.com\/shop-2\/"},{"@type":"ListItem","position":3,"name":"GeoMax ZRP105 profesionalni laserski resiver"}]},{"@type":"WebSite","@id":"https:\/\/geooprema.com\/#website","url":"https:\/\/geooprema.com\/","name":"Geooprema","description":"Surveying and Construction Equipmen, Software and Accessories","publisher":{"@id":"https:\/\/geooprema.com\/#organization"},"potentialAction":[{"@type":"SearchAction","target":{"@type":"EntryPoint","urlTemplate":"https:\/\/geooprema.com\/?s={search_term_string}"},"query-input":{"@type":"PropertyValueSpecification","valueRequired":true,"valueName":"search_term_string"}}],"inLanguage":"bs-BA"},{"@type":"Organization","@id":"https:\/\/geooprema.com\/#organization","name":"Geooprema","url":"https:\/\/geooprema.com\/","logo":{"@type":"ImageObject","inLanguage":"bs-BA","@id":"https:\/\/geooprema.com\/#\/schema\/logo\/image\/","url":"https:\/\/geooprema.com\/wp-content\/uploads\/2020\/08\/geooprema-logo.png","contentUrl":"https:\/\/geooprema.com\/wp-content\/uploads\/2020\/08\/geooprema-logo.png","width":513,"height":161,"caption":"Geooprema"},"image":{"@id":"https:\/\/geooprema.com\/#\/schema\/logo\/image\/"},"sameAs":["https:\/\/www.facebook.com\/geoinfobih","https:\/\/www.instagram.com\/geoinfodoo\/","https:\/\/www.linkedin.com\/company\/geoinfo-doo\/","https:\/\/www.youtube.com\/c\/Geoinfodoo"]}]}},"_links":{"self":[{"href":"https:\/\/geooprema.com\/bs\/wp-json\/wp\/v2\/product\/32092","targetHints":{"allow":["GET"]}}],"collection":[{"href":"https:\/\/geooprema.com\/bs\/wp-json\/wp\/v2\/product"}],"about":[{"href":"https:\/\/geooprema.com\/bs\/wp-json\/wp\/v2\/types\/product"}],"replies":[{"embeddable":true,"href":"https:\/\/geooprema.com\/bs\/wp-json\/wp\/v2\/comments?post=32092"}],"wp:featuredmedia":[{"embeddable":true,"href":"https:\/\/geooprema.com\/bs\/wp-json\/wp\/v2\/media\/29242"}],"wp:attachment":[{"href":"https:\/\/geooprema.com\/bs\/wp-json\/wp\/v2\/media?parent=32092"}],"wp:term":[{"taxonomy":"product_brand","embeddable":true,"href":"https:\/\/geooprema.com\/bs\/wp-json\/wp\/v2\/product_brand?post=32092"},{"taxonomy":"product_cat","embeddable":true,"href":"https:\/\/geooprema.com\/bs\/wp-json\/wp\/v2\/product_cat?post=32092"},{"taxonomy":"product_tag","embeddable":true,"href":"https:\/\/geooprema.com\/bs\/wp-json\/wp\/v2\/product_tag?post=32092"}],"curies":[{"name":"wp","href":"https:\/\/api.w.org\/{rel}","templated":true}]}}