
{"id":32091,"date":"2020-10-23T18:23:35","date_gmt":"2020-10-23T18:23:35","guid":{"rendered":"https:\/\/geooprema.com\/products\/Bez kategorije\/geomax-zrb90-osnovni-laserski-resiver\/"},"modified":"2020-10-23T18:23:35","modified_gmt":"2020-10-23T18:23:35","slug":"geomax-zrb90-osnovni-laserski-resiver","status":"publish","type":"product","link":"https:\/\/geooprema.com\/bs\/products\/gradjevinska-oprema\/rotacioni-laserski-prijemnik\/geomax-zrb90-osnovni-laserski-resiver\/","title":{"rendered":"GeoMax ZRB90 osnovni laserski resiver"},"content":{"rendered":"<p><strong> Ref.br .: 869174 <\/strong><\/p>\n<ul class=\"list-normal\">\n<li>Radna temperatura: od &#8211; 10 \u00b0 C do + 50 \u00b0 C.<\/li>\n<li>Pogodno za sve rotiraju\u0107e lasere GeoMax Zone.<\/li>\n<li>Akusti\u010dni i grafi\u010dki prikaz.<\/li>\n<\/ul>\n<p><strong> Specifikacije:<\/strong><br \/>\nLaserski receptor 80 mm<br \/>\nDigitalno o\u010ditavanje br.<br \/>\n\u0160irina pojasa \u00b1 1 mm, \u00b1 2 mm<br \/>\nDomet \u00d8600m<br \/>\nPrikaz signala i signal<br \/>\nKlasa za\u0161tite IP66<br \/>\nRadna temperatura: od -10 \u00b0 C do + 50 \u00b0 C<br \/>\nTe\u017eina: 255g<br \/>\nDimenzija: 155x70x25mm<\/p>\n<p>&nbsp;<\/p>\n","protected":false},"excerpt":{"rendered":"<p>Opis: Novi i robusni prijemnik, koji dolazi s odre\u0111enim nosa\u010dem, ima duga\u010dki prozor za otkrivanje i omogu\u0107uje otkrivanje u du\u017eini od 8 cm. To\u010dnost o\u010ditanja od 1 mm \/ 2 mm omogu\u0107uje lako pronala\u017eenje laserske zrake. ZRB90 Basic prijemnik radi do 300 m i napaja se iz 2 x AA alkalnih baterija. Dosljedan je visokom standardu IP66 i stoga omogu\u0107uje rad \u010dak i u te\u0161kim gra\u0111evinskim okru\u017eenjima.<\/p>\n","protected":false},"featured_media":29229,"comment_status":"open","ping_status":"closed","template":"","meta":{"_acf_changed":false},"product_brand":[],"product_cat":[397,1285],"product_tag":[],"class_list":{"0":"post-32091","1":"product","2":"type-product","3":"status-publish","4":"has-post-thumbnail","6":"product_cat-gradjevinska-oprema","7":"product_cat-rotacioni-laserski-prijemnik","8":"pa_brand-geomax-positioning-bs","10":"first","11":"onbackorder","12":"taxable","13":"shipping-taxable","14":"product-type-simple","swatches":"rey-swatches","show_selected":""},"acf":[],"yoast_head":"<!-- This site is optimized with the Yoast SEO plugin v24.9 - https:\/\/yoast.com\/wordpress\/plugins\/seo\/ -->\n<title>GeoMax ZRB90 osnovni laserski resiver - Geooprema<\/title>\n<meta name=\"robots\" content=\"index, follow, max-snippet:-1, max-image-preview:large, max-video-preview:-1\" \/>\n<link rel=\"canonical\" href=\"https:\/\/geooprema.com\/bs\/products\/gradjevinska-oprema\/geomax-zrb90-osnovni-laserski-resiver\/\" \/>\n<meta property=\"og:locale\" content=\"bs_BA\" \/>\n<meta property=\"og:type\" content=\"article\" \/>\n<meta property=\"og:title\" content=\"GeoMax ZRB90 osnovni laserski resiver - Geooprema\" \/>\n<meta property=\"og:description\" content=\"Opis: Novi i robusni prijemnik, koji dolazi s odre\u0111enim nosa\u010dem, ima duga\u010dki prozor za otkrivanje i omogu\u0107uje otkrivanje u du\u017eini od 8 cm. To\u010dnost o\u010ditanja od 1 mm \/ 2 mm omogu\u0107uje lako pronala\u017eenje laserske zrake. ZRB90 Basic prijemnik radi do 300 m i napaja se iz 2 x AA alkalnih baterija. Dosljedan je visokom standardu IP66 i stoga omogu\u0107uje rad \u010dak i u te\u0161kim gra\u0111evinskim okru\u017eenjima.\" \/>\n<meta property=\"og:url\" content=\"https:\/\/geooprema.com\/bs\/products\/gradjevinska-oprema\/geomax-zrb90-osnovni-laserski-resiver\/\" \/>\n<meta property=\"og:site_name\" content=\"Geooprema\" \/>\n<meta property=\"article:publisher\" content=\"https:\/\/www.facebook.com\/geoinfobih\" \/>\n<meta property=\"og:image\" content=\"https:\/\/geooprema.com\/wp-content\/uploads\/2020\/10\/basic.jpg\" \/>\n\t<meta property=\"og:image:width\" content=\"800\" \/>\n\t<meta property=\"og:image:height\" content=\"800\" \/>\n\t<meta property=\"og:image:type\" content=\"image\/jpeg\" \/>\n<meta name=\"twitter:card\" content=\"summary_large_image\" \/>\n<script type=\"application\/ld+json\" class=\"yoast-schema-graph\">{\"@context\":\"https:\/\/schema.org\",\"@graph\":[{\"@type\":\"WebPage\",\"@id\":\"https:\/\/geooprema.com\/bs\/products\/gradjevinska-oprema\/geomax-zrb90-osnovni-laserski-resiver\/\",\"url\":\"https:\/\/geooprema.com\/bs\/products\/gradjevinska-oprema\/geomax-zrb90-osnovni-laserski-resiver\/\",\"name\":\"GeoMax ZRB90 osnovni laserski resiver - Geooprema\",\"isPartOf\":{\"@id\":\"https:\/\/geooprema.com\/#website\"},\"primaryImageOfPage\":{\"@id\":\"https:\/\/geooprema.com\/bs\/products\/gradjevinska-oprema\/geomax-zrb90-osnovni-laserski-resiver\/#primaryimage\"},\"image\":{\"@id\":\"https:\/\/geooprema.com\/bs\/products\/gradjevinska-oprema\/geomax-zrb90-osnovni-laserski-resiver\/#primaryimage\"},\"thumbnailUrl\":\"https:\/\/geooprema.com\/wp-content\/uploads\/2020\/10\/basic.jpg\",\"datePublished\":\"2020-10-23T18:23:35+00:00\",\"breadcrumb\":{\"@id\":\"https:\/\/geooprema.com\/bs\/products\/gradjevinska-oprema\/geomax-zrb90-osnovni-laserski-resiver\/#breadcrumb\"},\"inLanguage\":\"bs-BA\",\"potentialAction\":[{\"@type\":\"ReadAction\",\"target\":[\"https:\/\/geooprema.com\/bs\/products\/gradjevinska-oprema\/geomax-zrb90-osnovni-laserski-resiver\/\"]}]},{\"@type\":\"ImageObject\",\"inLanguage\":\"bs-BA\",\"@id\":\"https:\/\/geooprema.com\/bs\/products\/gradjevinska-oprema\/geomax-zrb90-osnovni-laserski-resiver\/#primaryimage\",\"url\":\"https:\/\/geooprema.com\/wp-content\/uploads\/2020\/10\/basic.jpg\",\"contentUrl\":\"https:\/\/geooprema.com\/wp-content\/uploads\/2020\/10\/basic.jpg\",\"width\":800,\"height\":800,\"caption\":\"GeoMax ZRB90 Basic Receiver\"},{\"@type\":\"BreadcrumbList\",\"@id\":\"https:\/\/geooprema.com\/bs\/products\/gradjevinska-oprema\/geomax-zrb90-osnovni-laserski-resiver\/#breadcrumb\",\"itemListElement\":[{\"@type\":\"ListItem\",\"position\":1,\"name\":\"Home\",\"item\":\"https:\/\/geooprema.com\/bs\/\"},{\"@type\":\"ListItem\",\"position\":2,\"name\":\"Shop\",\"item\":\"https:\/\/geooprema.com\/shop-2\/\"},{\"@type\":\"ListItem\",\"position\":3,\"name\":\"GeoMax ZRB90 osnovni laserski resiver\"}]},{\"@type\":\"WebSite\",\"@id\":\"https:\/\/geooprema.com\/#website\",\"url\":\"https:\/\/geooprema.com\/\",\"name\":\"Geooprema\",\"description\":\"Surveying and Construction Equipmen, Software and Accessories\",\"publisher\":{\"@id\":\"https:\/\/geooprema.com\/#organization\"},\"potentialAction\":[{\"@type\":\"SearchAction\",\"target\":{\"@type\":\"EntryPoint\",\"urlTemplate\":\"https:\/\/geooprema.com\/?s={search_term_string}\"},\"query-input\":{\"@type\":\"PropertyValueSpecification\",\"valueRequired\":true,\"valueName\":\"search_term_string\"}}],\"inLanguage\":\"bs-BA\"},{\"@type\":\"Organization\",\"@id\":\"https:\/\/geooprema.com\/#organization\",\"name\":\"Geooprema\",\"url\":\"https:\/\/geooprema.com\/\",\"logo\":{\"@type\":\"ImageObject\",\"inLanguage\":\"bs-BA\",\"@id\":\"https:\/\/geooprema.com\/#\/schema\/logo\/image\/\",\"url\":\"https:\/\/geooprema.com\/wp-content\/uploads\/2020\/08\/geooprema-logo.png\",\"contentUrl\":\"https:\/\/geooprema.com\/wp-content\/uploads\/2020\/08\/geooprema-logo.png\",\"width\":513,\"height\":161,\"caption\":\"Geooprema\"},\"image\":{\"@id\":\"https:\/\/geooprema.com\/#\/schema\/logo\/image\/\"},\"sameAs\":[\"https:\/\/www.facebook.com\/geoinfobih\",\"https:\/\/www.instagram.com\/geoinfodoo\/\",\"https:\/\/www.linkedin.com\/company\/geoinfo-doo\/\",\"https:\/\/www.youtube.com\/c\/Geoinfodoo\"]}]}<\/script>\n<!-- \/ Yoast SEO plugin. -->","yoast_head_json":{"title":"GeoMax ZRB90 osnovni laserski resiver - Geooprema","robots":{"index":"index","follow":"follow","max-snippet":"max-snippet:-1","max-image-preview":"max-image-preview:large","max-video-preview":"max-video-preview:-1"},"canonical":"https:\/\/geooprema.com\/bs\/products\/gradjevinska-oprema\/geomax-zrb90-osnovni-laserski-resiver\/","og_locale":"bs_BA","og_type":"article","og_title":"GeoMax ZRB90 osnovni laserski resiver - Geooprema","og_description":"Opis: Novi i robusni prijemnik, koji dolazi s odre\u0111enim nosa\u010dem, ima duga\u010dki prozor za otkrivanje i omogu\u0107uje otkrivanje u du\u017eini od 8 cm. To\u010dnost o\u010ditanja od 1 mm \/ 2 mm omogu\u0107uje lako pronala\u017eenje laserske zrake. ZRB90 Basic prijemnik radi do 300 m i napaja se iz 2 x AA alkalnih baterija. Dosljedan je visokom standardu IP66 i stoga omogu\u0107uje rad \u010dak i u te\u0161kim gra\u0111evinskim okru\u017eenjima.","og_url":"https:\/\/geooprema.com\/bs\/products\/gradjevinska-oprema\/geomax-zrb90-osnovni-laserski-resiver\/","og_site_name":"Geooprema","article_publisher":"https:\/\/www.facebook.com\/geoinfobih","og_image":[{"width":800,"height":800,"url":"https:\/\/geooprema.com\/wp-content\/uploads\/2020\/10\/basic.jpg","type":"image\/jpeg"}],"twitter_card":"summary_large_image","schema":{"@context":"https:\/\/schema.org","@graph":[{"@type":"WebPage","@id":"https:\/\/geooprema.com\/bs\/products\/gradjevinska-oprema\/geomax-zrb90-osnovni-laserski-resiver\/","url":"https:\/\/geooprema.com\/bs\/products\/gradjevinska-oprema\/geomax-zrb90-osnovni-laserski-resiver\/","name":"GeoMax ZRB90 osnovni laserski resiver - Geooprema","isPartOf":{"@id":"https:\/\/geooprema.com\/#website"},"primaryImageOfPage":{"@id":"https:\/\/geooprema.com\/bs\/products\/gradjevinska-oprema\/geomax-zrb90-osnovni-laserski-resiver\/#primaryimage"},"image":{"@id":"https:\/\/geooprema.com\/bs\/products\/gradjevinska-oprema\/geomax-zrb90-osnovni-laserski-resiver\/#primaryimage"},"thumbnailUrl":"https:\/\/geooprema.com\/wp-content\/uploads\/2020\/10\/basic.jpg","datePublished":"2020-10-23T18:23:35+00:00","breadcrumb":{"@id":"https:\/\/geooprema.com\/bs\/products\/gradjevinska-oprema\/geomax-zrb90-osnovni-laserski-resiver\/#breadcrumb"},"inLanguage":"bs-BA","potentialAction":[{"@type":"ReadAction","target":["https:\/\/geooprema.com\/bs\/products\/gradjevinska-oprema\/geomax-zrb90-osnovni-laserski-resiver\/"]}]},{"@type":"ImageObject","inLanguage":"bs-BA","@id":"https:\/\/geooprema.com\/bs\/products\/gradjevinska-oprema\/geomax-zrb90-osnovni-laserski-resiver\/#primaryimage","url":"https:\/\/geooprema.com\/wp-content\/uploads\/2020\/10\/basic.jpg","contentUrl":"https:\/\/geooprema.com\/wp-content\/uploads\/2020\/10\/basic.jpg","width":800,"height":800,"caption":"GeoMax ZRB90 Basic Receiver"},{"@type":"BreadcrumbList","@id":"https:\/\/geooprema.com\/bs\/products\/gradjevinska-oprema\/geomax-zrb90-osnovni-laserski-resiver\/#breadcrumb","itemListElement":[{"@type":"ListItem","position":1,"name":"Home","item":"https:\/\/geooprema.com\/bs\/"},{"@type":"ListItem","position":2,"name":"Shop","item":"https:\/\/geooprema.com\/shop-2\/"},{"@type":"ListItem","position":3,"name":"GeoMax ZRB90 osnovni laserski resiver"}]},{"@type":"WebSite","@id":"https:\/\/geooprema.com\/#website","url":"https:\/\/geooprema.com\/","name":"Geooprema","description":"Surveying and Construction Equipmen, Software and Accessories","publisher":{"@id":"https:\/\/geooprema.com\/#organization"},"potentialAction":[{"@type":"SearchAction","target":{"@type":"EntryPoint","urlTemplate":"https:\/\/geooprema.com\/?s={search_term_string}"},"query-input":{"@type":"PropertyValueSpecification","valueRequired":true,"valueName":"search_term_string"}}],"inLanguage":"bs-BA"},{"@type":"Organization","@id":"https:\/\/geooprema.com\/#organization","name":"Geooprema","url":"https:\/\/geooprema.com\/","logo":{"@type":"ImageObject","inLanguage":"bs-BA","@id":"https:\/\/geooprema.com\/#\/schema\/logo\/image\/","url":"https:\/\/geooprema.com\/wp-content\/uploads\/2020\/08\/geooprema-logo.png","contentUrl":"https:\/\/geooprema.com\/wp-content\/uploads\/2020\/08\/geooprema-logo.png","width":513,"height":161,"caption":"Geooprema"},"image":{"@id":"https:\/\/geooprema.com\/#\/schema\/logo\/image\/"},"sameAs":["https:\/\/www.facebook.com\/geoinfobih","https:\/\/www.instagram.com\/geoinfodoo\/","https:\/\/www.linkedin.com\/company\/geoinfo-doo\/","https:\/\/www.youtube.com\/c\/Geoinfodoo"]}]}},"_links":{"self":[{"href":"https:\/\/geooprema.com\/bs\/wp-json\/wp\/v2\/product\/32091","targetHints":{"allow":["GET"]}}],"collection":[{"href":"https:\/\/geooprema.com\/bs\/wp-json\/wp\/v2\/product"}],"about":[{"href":"https:\/\/geooprema.com\/bs\/wp-json\/wp\/v2\/types\/product"}],"replies":[{"embeddable":true,"href":"https:\/\/geooprema.com\/bs\/wp-json\/wp\/v2\/comments?post=32091"}],"wp:featuredmedia":[{"embeddable":true,"href":"https:\/\/geooprema.com\/bs\/wp-json\/wp\/v2\/media\/29229"}],"wp:attachment":[{"href":"https:\/\/geooprema.com\/bs\/wp-json\/wp\/v2\/media?parent=32091"}],"wp:term":[{"taxonomy":"product_brand","embeddable":true,"href":"https:\/\/geooprema.com\/bs\/wp-json\/wp\/v2\/product_brand?post=32091"},{"taxonomy":"product_cat","embeddable":true,"href":"https:\/\/geooprema.com\/bs\/wp-json\/wp\/v2\/product_cat?post=32091"},{"taxonomy":"product_tag","embeddable":true,"href":"https:\/\/geooprema.com\/bs\/wp-json\/wp\/v2\/product_tag?post=32091"}],"curies":[{"name":"wp","href":"https:\/\/api.w.org\/{rel}","templated":true}]}}