
{"id":32090,"date":"2020-10-16T09:29:51","date_gmt":"2020-10-16T09:29:51","guid":{"rendered":"https:\/\/geooprema.com\/products\/Bez kategorije\/geofennel-frp-707-resiver-za-rotirajuci-laser-sa-daljinskim-ekranom\/"},"modified":"2020-10-16T09:29:51","modified_gmt":"2020-10-16T09:29:51","slug":"geofennel-frp-707-resiver-za-rotirajuci-laser-sa-daljinskim-ekranom","status":"publish","type":"product","link":"https:\/\/geooprema.com\/bs\/products\/gradjevinska-oprema\/rotacioni-laserski-prijemnik\/geofennel-frp-707-resiver-za-rotirajuci-laser-sa-daljinskim-ekranom\/","title":{"rendered":"GeoFennel FRP 707 resiver za rotiraju\u0107i laser sa daljinskim ekranom"},"content":{"rendered":"<p>Opis: FRP-707 je pokaziva\u010d indikatora za upravlja\u010dku jedinicu stroja FMR-706.Za lo\u0161e vremenske uslove (ki\u0161a, magla) i \/ ili duge palice bagera (ruka), kabina se mo\u017ee nadopuniti repetitorom ekrana u kabini FRP 707. Ponavlja\u010d grejdera FRP 707 preporu\u010duje se za upotrebu s dugim jarbolom kad je prijemnik iznad kabine rukovaoca, tako da je indikator prijemnika poravnat s vizualnom kontrolnom linijom no\u017ea. Uz repetitor se isporu\u010duje priklju\u010dni kabl za spajanje na FMR-706 prijamnik.><\/p>\n","protected":false},"excerpt":{"rendered":"<p> <strong> Ref.br .: 263000 <\/strong> <\/p>\n<p> Udaljeni ekran FRP 707 <\/p>\n","protected":false},"featured_media":28023,"comment_status":"open","ping_status":"closed","template":"","meta":{"_acf_changed":false},"product_brand":[],"product_cat":[397,1285],"product_tag":[],"class_list":{"0":"post-32090","1":"product","2":"type-product","3":"status-publish","4":"has-post-thumbnail","6":"product_cat-gradjevinska-oprema","7":"product_cat-rotacioni-laserski-prijemnik","8":"pa_brand-geofennel-bs","10":"first","11":"onbackorder","12":"taxable","13":"shipping-taxable","14":"product-type-simple","swatches":"rey-swatches","show_selected":""},"acf":[],"yoast_head":"<!-- This site is optimized with the Yoast SEO plugin v24.9 - https:\/\/yoast.com\/wordpress\/plugins\/seo\/ -->\n<title>GeoFennel FRP 707 resiver za rotiraju\u0107i laser sa daljinskim ekranom - Geooprema<\/title>\n<meta name=\"robots\" content=\"index, follow, max-snippet:-1, max-image-preview:large, max-video-preview:-1\" \/>\n<link rel=\"canonical\" href=\"https:\/\/geooprema.com\/bs\/products\/gradjevinska-oprema\/geofennel-frp-707-resiver-za-rotirajuci-laser-sa-daljinskim-ekranom\/\" \/>\n<meta property=\"og:locale\" content=\"bs_BA\" \/>\n<meta property=\"og:type\" content=\"article\" \/>\n<meta property=\"og:title\" content=\"GeoFennel FRP 707 resiver za rotiraju\u0107i laser sa daljinskim ekranom - Geooprema\" \/>\n<meta property=\"og:description\" content=\"Ref.br .: 263000   Udaljeni ekran FRP 707\" \/>\n<meta property=\"og:url\" content=\"https:\/\/geooprema.com\/bs\/products\/gradjevinska-oprema\/geofennel-frp-707-resiver-za-rotirajuci-laser-sa-daljinskim-ekranom\/\" \/>\n<meta property=\"og:site_name\" content=\"Geooprema\" \/>\n<meta property=\"article:publisher\" content=\"https:\/\/www.facebook.com\/geoinfobih\" \/>\n<meta property=\"og:image\" content=\"https:\/\/geooprema.com\/wp-content\/uploads\/2020\/10\/FRP_707_jpg_rgb_150-1.jpg\" \/>\n\t<meta property=\"og:image:width\" content=\"800\" \/>\n\t<meta property=\"og:image:height\" content=\"800\" \/>\n\t<meta property=\"og:image:type\" content=\"image\/jpeg\" \/>\n<meta name=\"twitter:card\" content=\"summary_large_image\" \/>\n<script type=\"application\/ld+json\" class=\"yoast-schema-graph\">{\"@context\":\"https:\/\/schema.org\",\"@graph\":[{\"@type\":\"WebPage\",\"@id\":\"https:\/\/geooprema.com\/bs\/products\/gradjevinska-oprema\/geofennel-frp-707-resiver-za-rotirajuci-laser-sa-daljinskim-ekranom\/\",\"url\":\"https:\/\/geooprema.com\/bs\/products\/gradjevinska-oprema\/geofennel-frp-707-resiver-za-rotirajuci-laser-sa-daljinskim-ekranom\/\",\"name\":\"GeoFennel FRP 707 resiver za rotiraju\u0107i laser sa daljinskim ekranom - Geooprema\",\"isPartOf\":{\"@id\":\"https:\/\/geooprema.com\/#website\"},\"primaryImageOfPage\":{\"@id\":\"https:\/\/geooprema.com\/bs\/products\/gradjevinska-oprema\/geofennel-frp-707-resiver-za-rotirajuci-laser-sa-daljinskim-ekranom\/#primaryimage\"},\"image\":{\"@id\":\"https:\/\/geooprema.com\/bs\/products\/gradjevinska-oprema\/geofennel-frp-707-resiver-za-rotirajuci-laser-sa-daljinskim-ekranom\/#primaryimage\"},\"thumbnailUrl\":\"https:\/\/geooprema.com\/wp-content\/uploads\/2020\/10\/FRP_707_jpg_rgb_150-1.jpg\",\"datePublished\":\"2020-10-16T09:29:51+00:00\",\"breadcrumb\":{\"@id\":\"https:\/\/geooprema.com\/bs\/products\/gradjevinska-oprema\/geofennel-frp-707-resiver-za-rotirajuci-laser-sa-daljinskim-ekranom\/#breadcrumb\"},\"inLanguage\":\"bs-BA\",\"potentialAction\":[{\"@type\":\"ReadAction\",\"target\":[\"https:\/\/geooprema.com\/bs\/products\/gradjevinska-oprema\/geofennel-frp-707-resiver-za-rotirajuci-laser-sa-daljinskim-ekranom\/\"]}]},{\"@type\":\"ImageObject\",\"inLanguage\":\"bs-BA\",\"@id\":\"https:\/\/geooprema.com\/bs\/products\/gradjevinska-oprema\/geofennel-frp-707-resiver-za-rotirajuci-laser-sa-daljinskim-ekranom\/#primaryimage\",\"url\":\"https:\/\/geooprema.com\/wp-content\/uploads\/2020\/10\/FRP_707_jpg_rgb_150-1.jpg\",\"contentUrl\":\"https:\/\/geooprema.com\/wp-content\/uploads\/2020\/10\/FRP_707_jpg_rgb_150-1.jpg\",\"width\":800,\"height\":800,\"caption\":\"Geo-Fennel Receivers for Rotating Laser Remote display FRP 707\"},{\"@type\":\"BreadcrumbList\",\"@id\":\"https:\/\/geooprema.com\/bs\/products\/gradjevinska-oprema\/geofennel-frp-707-resiver-za-rotirajuci-laser-sa-daljinskim-ekranom\/#breadcrumb\",\"itemListElement\":[{\"@type\":\"ListItem\",\"position\":1,\"name\":\"Home\",\"item\":\"https:\/\/geooprema.com\/bs\/\"},{\"@type\":\"ListItem\",\"position\":2,\"name\":\"Shop\",\"item\":\"https:\/\/geooprema.com\/shop-2\/\"},{\"@type\":\"ListItem\",\"position\":3,\"name\":\"GeoFennel FRP 707 resiver za rotiraju\u0107i laser sa daljinskim ekranom\"}]},{\"@type\":\"WebSite\",\"@id\":\"https:\/\/geooprema.com\/#website\",\"url\":\"https:\/\/geooprema.com\/\",\"name\":\"Geooprema\",\"description\":\"Surveying and Construction Equipmen, Software and Accessories\",\"publisher\":{\"@id\":\"https:\/\/geooprema.com\/#organization\"},\"potentialAction\":[{\"@type\":\"SearchAction\",\"target\":{\"@type\":\"EntryPoint\",\"urlTemplate\":\"https:\/\/geooprema.com\/?s={search_term_string}\"},\"query-input\":{\"@type\":\"PropertyValueSpecification\",\"valueRequired\":true,\"valueName\":\"search_term_string\"}}],\"inLanguage\":\"bs-BA\"},{\"@type\":\"Organization\",\"@id\":\"https:\/\/geooprema.com\/#organization\",\"name\":\"Geooprema\",\"url\":\"https:\/\/geooprema.com\/\",\"logo\":{\"@type\":\"ImageObject\",\"inLanguage\":\"bs-BA\",\"@id\":\"https:\/\/geooprema.com\/#\/schema\/logo\/image\/\",\"url\":\"https:\/\/geooprema.com\/wp-content\/uploads\/2020\/08\/geooprema-logo.png\",\"contentUrl\":\"https:\/\/geooprema.com\/wp-content\/uploads\/2020\/08\/geooprema-logo.png\",\"width\":513,\"height\":161,\"caption\":\"Geooprema\"},\"image\":{\"@id\":\"https:\/\/geooprema.com\/#\/schema\/logo\/image\/\"},\"sameAs\":[\"https:\/\/www.facebook.com\/geoinfobih\",\"https:\/\/www.instagram.com\/geoinfodoo\/\",\"https:\/\/www.linkedin.com\/company\/geoinfo-doo\/\",\"https:\/\/www.youtube.com\/c\/Geoinfodoo\"]}]}<\/script>\n<!-- \/ Yoast SEO plugin. -->","yoast_head_json":{"title":"GeoFennel FRP 707 resiver za rotiraju\u0107i laser sa daljinskim ekranom - Geooprema","robots":{"index":"index","follow":"follow","max-snippet":"max-snippet:-1","max-image-preview":"max-image-preview:large","max-video-preview":"max-video-preview:-1"},"canonical":"https:\/\/geooprema.com\/bs\/products\/gradjevinska-oprema\/geofennel-frp-707-resiver-za-rotirajuci-laser-sa-daljinskim-ekranom\/","og_locale":"bs_BA","og_type":"article","og_title":"GeoFennel FRP 707 resiver za rotiraju\u0107i laser sa daljinskim ekranom - Geooprema","og_description":"Ref.br .: 263000   Udaljeni ekran FRP 707","og_url":"https:\/\/geooprema.com\/bs\/products\/gradjevinska-oprema\/geofennel-frp-707-resiver-za-rotirajuci-laser-sa-daljinskim-ekranom\/","og_site_name":"Geooprema","article_publisher":"https:\/\/www.facebook.com\/geoinfobih","og_image":[{"width":800,"height":800,"url":"https:\/\/geooprema.com\/wp-content\/uploads\/2020\/10\/FRP_707_jpg_rgb_150-1.jpg","type":"image\/jpeg"}],"twitter_card":"summary_large_image","schema":{"@context":"https:\/\/schema.org","@graph":[{"@type":"WebPage","@id":"https:\/\/geooprema.com\/bs\/products\/gradjevinska-oprema\/geofennel-frp-707-resiver-za-rotirajuci-laser-sa-daljinskim-ekranom\/","url":"https:\/\/geooprema.com\/bs\/products\/gradjevinska-oprema\/geofennel-frp-707-resiver-za-rotirajuci-laser-sa-daljinskim-ekranom\/","name":"GeoFennel FRP 707 resiver za rotiraju\u0107i laser sa daljinskim ekranom - Geooprema","isPartOf":{"@id":"https:\/\/geooprema.com\/#website"},"primaryImageOfPage":{"@id":"https:\/\/geooprema.com\/bs\/products\/gradjevinska-oprema\/geofennel-frp-707-resiver-za-rotirajuci-laser-sa-daljinskim-ekranom\/#primaryimage"},"image":{"@id":"https:\/\/geooprema.com\/bs\/products\/gradjevinska-oprema\/geofennel-frp-707-resiver-za-rotirajuci-laser-sa-daljinskim-ekranom\/#primaryimage"},"thumbnailUrl":"https:\/\/geooprema.com\/wp-content\/uploads\/2020\/10\/FRP_707_jpg_rgb_150-1.jpg","datePublished":"2020-10-16T09:29:51+00:00","breadcrumb":{"@id":"https:\/\/geooprema.com\/bs\/products\/gradjevinska-oprema\/geofennel-frp-707-resiver-za-rotirajuci-laser-sa-daljinskim-ekranom\/#breadcrumb"},"inLanguage":"bs-BA","potentialAction":[{"@type":"ReadAction","target":["https:\/\/geooprema.com\/bs\/products\/gradjevinska-oprema\/geofennel-frp-707-resiver-za-rotirajuci-laser-sa-daljinskim-ekranom\/"]}]},{"@type":"ImageObject","inLanguage":"bs-BA","@id":"https:\/\/geooprema.com\/bs\/products\/gradjevinska-oprema\/geofennel-frp-707-resiver-za-rotirajuci-laser-sa-daljinskim-ekranom\/#primaryimage","url":"https:\/\/geooprema.com\/wp-content\/uploads\/2020\/10\/FRP_707_jpg_rgb_150-1.jpg","contentUrl":"https:\/\/geooprema.com\/wp-content\/uploads\/2020\/10\/FRP_707_jpg_rgb_150-1.jpg","width":800,"height":800,"caption":"Geo-Fennel Receivers for Rotating Laser Remote display FRP 707"},{"@type":"BreadcrumbList","@id":"https:\/\/geooprema.com\/bs\/products\/gradjevinska-oprema\/geofennel-frp-707-resiver-za-rotirajuci-laser-sa-daljinskim-ekranom\/#breadcrumb","itemListElement":[{"@type":"ListItem","position":1,"name":"Home","item":"https:\/\/geooprema.com\/bs\/"},{"@type":"ListItem","position":2,"name":"Shop","item":"https:\/\/geooprema.com\/shop-2\/"},{"@type":"ListItem","position":3,"name":"GeoFennel FRP 707 resiver za rotiraju\u0107i laser sa daljinskim ekranom"}]},{"@type":"WebSite","@id":"https:\/\/geooprema.com\/#website","url":"https:\/\/geooprema.com\/","name":"Geooprema","description":"Surveying and Construction Equipmen, Software and Accessories","publisher":{"@id":"https:\/\/geooprema.com\/#organization"},"potentialAction":[{"@type":"SearchAction","target":{"@type":"EntryPoint","urlTemplate":"https:\/\/geooprema.com\/?s={search_term_string}"},"query-input":{"@type":"PropertyValueSpecification","valueRequired":true,"valueName":"search_term_string"}}],"inLanguage":"bs-BA"},{"@type":"Organization","@id":"https:\/\/geooprema.com\/#organization","name":"Geooprema","url":"https:\/\/geooprema.com\/","logo":{"@type":"ImageObject","inLanguage":"bs-BA","@id":"https:\/\/geooprema.com\/#\/schema\/logo\/image\/","url":"https:\/\/geooprema.com\/wp-content\/uploads\/2020\/08\/geooprema-logo.png","contentUrl":"https:\/\/geooprema.com\/wp-content\/uploads\/2020\/08\/geooprema-logo.png","width":513,"height":161,"caption":"Geooprema"},"image":{"@id":"https:\/\/geooprema.com\/#\/schema\/logo\/image\/"},"sameAs":["https:\/\/www.facebook.com\/geoinfobih","https:\/\/www.instagram.com\/geoinfodoo\/","https:\/\/www.linkedin.com\/company\/geoinfo-doo\/","https:\/\/www.youtube.com\/c\/Geoinfodoo"]}]}},"_links":{"self":[{"href":"https:\/\/geooprema.com\/bs\/wp-json\/wp\/v2\/product\/32090","targetHints":{"allow":["GET"]}}],"collection":[{"href":"https:\/\/geooprema.com\/bs\/wp-json\/wp\/v2\/product"}],"about":[{"href":"https:\/\/geooprema.com\/bs\/wp-json\/wp\/v2\/types\/product"}],"replies":[{"embeddable":true,"href":"https:\/\/geooprema.com\/bs\/wp-json\/wp\/v2\/comments?post=32090"}],"wp:featuredmedia":[{"embeddable":true,"href":"https:\/\/geooprema.com\/bs\/wp-json\/wp\/v2\/media\/28023"}],"wp:attachment":[{"href":"https:\/\/geooprema.com\/bs\/wp-json\/wp\/v2\/media?parent=32090"}],"wp:term":[{"taxonomy":"product_brand","embeddable":true,"href":"https:\/\/geooprema.com\/bs\/wp-json\/wp\/v2\/product_brand?post=32090"},{"taxonomy":"product_cat","embeddable":true,"href":"https:\/\/geooprema.com\/bs\/wp-json\/wp\/v2\/product_cat?post=32090"},{"taxonomy":"product_tag","embeddable":true,"href":"https:\/\/geooprema.com\/bs\/wp-json\/wp\/v2\/product_tag?post=32090"}],"curies":[{"name":"wp","href":"https:\/\/api.w.org\/{rel}","templated":true}]}}