
{"id":32068,"date":"2020-10-26T09:53:07","date_gmt":"2020-10-26T09:53:07","guid":{"rendered":"https:\/\/geooprema.com\/products\/Bez kategorije\/geomax-ezdig-t-kontrolna-tabla-na-dodir\/"},"modified":"2020-10-26T09:53:07","modified_gmt":"2020-10-26T09:53:07","slug":"geomax-ezdig-t-kontrolna-tabla-na-dodir","status":"publish","type":"product","link":"https:\/\/geooprema.com\/bs\/products\/gradjevinska-oprema\/sistemi-za-upravljanje-masinama\/geomax-ezdig-t-kontrolna-tabla-na-dodir\/","title":{"rendered":"GeoMax EzDig T kontrolna tabla na dodir"},"content":{"rendered":"<p>Novi jednostavan i precizan na\u010din vo\u0111enja bagera.<br \/>\nRad bagera uvijek se temeljio ili na intuitivnom naga\u0111anju ili na kori\u0161tenju skupih i te\u0161kih za instaliranje i upravljanje sustavima upravljanja strojevima.<\/p>\n","protected":false},"excerpt":{"rendered":"<p><strong> Novi jednostavan i precizan na\u010din vo\u0111enja bagera <\/strong><\/p>\n<p><strong> Rad bagera uvijek se temeljio ili na intuitivnom naga\u0111anju ili na kori\u0161tenju skupih i te\u0161kih za instalaciju\u00a0 sistema upravljanja ma\u0161inama. GeoMax EzDig je alternativa. <\/strong><\/p>\n<p>Upravljanje bagerom uglavnom se temeljilo na naga\u0111anjima. Izgleda li ovo kao nagib 1: 2? Je li dubina ovog rova \u200b\u200bduboka 1,5 m ili \u0107u pogoditi cjevovod na 2,5 m? \u010cak i uz pomo\u0107 \u0161ina za referentne klinove koji grubo pru\u017eaju smjernice, posao je i dalje u najboljem slu\u010daju ostao &#8220;dobra pretpostavka&#8221;. Klasi\u010dni sistemi za upravljanje ma\u0161inama nisu opcija, jer \u010dak i ako vam pru\u017eaju sve ove informacije, skupi su i dugotrajni za instalaciju i u\u010denje.<\/p>\n<p>Novi sistem navo\u0111enja bagera GeoMax EzDig S i T nudi najlak\u0161i postupak kalibracije i rada opreme dostupan na tr\u017ei\u0161tu &#8211; i to po pristupa\u010dnoj cijeni. EzDig sistemi za vo\u0111enje bagera &#8220;rade kad to u\u010dinite!&#8221;<\/p>\n<p><strong> Prednosti <\/strong><\/p>\n<ul>\n<li>Nema vi\u0161e presijecanja, skupih materijala za punjenje i prerada<\/li>\n<li>Uklonite zastoj ma\u0161ine za provjeru i instalaciju<\/li>\n<li>Nema vi\u0161e dugotrajnih mjerenja trake<\/li>\n<li>U\u0161tedite gorivo, vrijeme i materijal<\/li>\n<\/ul>\n","protected":false},"featured_media":29390,"comment_status":"open","ping_status":"closed","template":"","meta":{"_acf_changed":false},"product_brand":[],"product_cat":[336,1282],"product_tag":[],"class_list":{"0":"post-32068","1":"product","2":"type-product","3":"status-publish","4":"has-post-thumbnail","6":"product_cat-dodatna-oprema","7":"product_cat-sistemi-za-upravljanje-masinama","8":"pa_brand-geomax-positioning-bs","10":"first","11":"onbackorder","12":"taxable","13":"shipping-taxable","14":"product-type-simple","swatches":"rey-swatches","show_selected":""},"acf":[],"yoast_head":"<!-- This site is optimized with the Yoast SEO plugin v24.9 - https:\/\/yoast.com\/wordpress\/plugins\/seo\/ -->\n<title>GeoMax EzDig T kontrolna tabla na dodir - Geooprema<\/title>\n<meta name=\"robots\" content=\"index, follow, max-snippet:-1, max-image-preview:large, max-video-preview:-1\" \/>\n<link rel=\"canonical\" href=\"https:\/\/geooprema.com\/bs\/products\/dodatna-oprema\/geomax-ezdig-t-kontrolna-tabla-na-dodir\/\" \/>\n<meta property=\"og:locale\" content=\"bs_BA\" \/>\n<meta property=\"og:type\" content=\"article\" \/>\n<meta property=\"og:title\" content=\"GeoMax EzDig T kontrolna tabla na dodir - Geooprema\" \/>\n<meta property=\"og:description\" content=\"Novi jednostavan i precizan na\u010din vo\u0111enja bagera   Rad bagera uvijek se temeljio ili na intuitivnom naga\u0111anju ili na kori\u0161tenju skupih i te\u0161kih za instalaciju\u00a0 sistema upravljanja ma\u0161inama. GeoMax EzDig je alternativa.   Upravljanje bagerom uglavnom se temeljilo na naga\u0111anjima. Izgleda li ovo kao nagib 1: 2? Je li dubina ovog rova \u200b\u200bduboka 1,5 m ili \u0107u pogoditi cjevovod na 2,5 m? \u010cak i uz pomo\u0107 \u0161ina za referentne klinove koji grubo pru\u017eaju smjernice, posao je i dalje u najboljem slu\u010daju ostao &quot;dobra pretpostavka&quot;. Klasi\u010dni sistemi za upravljanje ma\u0161inama nisu opcija, jer \u010dak i ako vam pru\u017eaju sve ove informacije, skupi su i dugotrajni za instalaciju i u\u010denje.  Novi sistem navo\u0111enja bagera GeoMax EzDig S i T nudi najlak\u0161i postupak kalibracije i rada opreme dostupan na tr\u017ei\u0161tu - i to po pristupa\u010dnoj cijeni. EzDig sistemi za vo\u0111enje bagera &quot;rade kad to u\u010dinite!&quot;   Prednosti    Nema vi\u0161e presijecanja, skupih materijala za punjenje i prerada  Uklonite zastoj ma\u0161ine za provjeru i instalaciju  Nema vi\u0161e dugotrajnih mjerenja trake  U\u0161tedite gorivo, vrijeme i materijal\" \/>\n<meta property=\"og:url\" content=\"https:\/\/geooprema.com\/bs\/products\/dodatna-oprema\/geomax-ezdig-t-kontrolna-tabla-na-dodir\/\" \/>\n<meta property=\"og:site_name\" content=\"Geooprema\" \/>\n<meta property=\"article:publisher\" content=\"https:\/\/www.facebook.com\/geoinfobih\" \/>\n<meta property=\"og:image\" content=\"https:\/\/geooprema.com\/wp-content\/uploads\/2020\/10\/GeoMax-EZDig-T.jpg\" \/>\n\t<meta property=\"og:image:width\" content=\"800\" \/>\n\t<meta property=\"og:image:height\" content=\"800\" \/>\n\t<meta property=\"og:image:type\" content=\"image\/jpeg\" \/>\n<meta name=\"twitter:card\" content=\"summary_large_image\" \/>\n<script type=\"application\/ld+json\" class=\"yoast-schema-graph\">{\"@context\":\"https:\/\/schema.org\",\"@graph\":[{\"@type\":\"WebPage\",\"@id\":\"https:\/\/geooprema.com\/bs\/products\/dodatna-oprema\/geomax-ezdig-t-kontrolna-tabla-na-dodir\/\",\"url\":\"https:\/\/geooprema.com\/bs\/products\/dodatna-oprema\/geomax-ezdig-t-kontrolna-tabla-na-dodir\/\",\"name\":\"GeoMax EzDig T kontrolna tabla na dodir - Geooprema\",\"isPartOf\":{\"@id\":\"https:\/\/geooprema.com\/#website\"},\"primaryImageOfPage\":{\"@id\":\"https:\/\/geooprema.com\/bs\/products\/dodatna-oprema\/geomax-ezdig-t-kontrolna-tabla-na-dodir\/#primaryimage\"},\"image\":{\"@id\":\"https:\/\/geooprema.com\/bs\/products\/dodatna-oprema\/geomax-ezdig-t-kontrolna-tabla-na-dodir\/#primaryimage\"},\"thumbnailUrl\":\"https:\/\/geooprema.com\/wp-content\/uploads\/2020\/10\/GeoMax-EZDig-T.jpg\",\"datePublished\":\"2020-10-26T09:53:07+00:00\",\"breadcrumb\":{\"@id\":\"https:\/\/geooprema.com\/bs\/products\/dodatna-oprema\/geomax-ezdig-t-kontrolna-tabla-na-dodir\/#breadcrumb\"},\"inLanguage\":\"bs-BA\",\"potentialAction\":[{\"@type\":\"ReadAction\",\"target\":[\"https:\/\/geooprema.com\/bs\/products\/dodatna-oprema\/geomax-ezdig-t-kontrolna-tabla-na-dodir\/\"]}]},{\"@type\":\"ImageObject\",\"inLanguage\":\"bs-BA\",\"@id\":\"https:\/\/geooprema.com\/bs\/products\/dodatna-oprema\/geomax-ezdig-t-kontrolna-tabla-na-dodir\/#primaryimage\",\"url\":\"https:\/\/geooprema.com\/wp-content\/uploads\/2020\/10\/GeoMax-EZDig-T.jpg\",\"contentUrl\":\"https:\/\/geooprema.com\/wp-content\/uploads\/2020\/10\/GeoMax-EZDig-T.jpg\",\"width\":800,\"height\":800,\"caption\":\"GeoMax EzDig T Excavator Guidance System Touch\"},{\"@type\":\"BreadcrumbList\",\"@id\":\"https:\/\/geooprema.com\/bs\/products\/dodatna-oprema\/geomax-ezdig-t-kontrolna-tabla-na-dodir\/#breadcrumb\",\"itemListElement\":[{\"@type\":\"ListItem\",\"position\":1,\"name\":\"Home\",\"item\":\"https:\/\/geooprema.com\/bs\/\"},{\"@type\":\"ListItem\",\"position\":2,\"name\":\"Shop\",\"item\":\"https:\/\/geooprema.com\/shop-2\/\"},{\"@type\":\"ListItem\",\"position\":3,\"name\":\"GeoMax EzDig T kontrolna tabla na dodir\"}]},{\"@type\":\"WebSite\",\"@id\":\"https:\/\/geooprema.com\/#website\",\"url\":\"https:\/\/geooprema.com\/\",\"name\":\"Geooprema\",\"description\":\"Surveying and Construction Equipmen, Software and Accessories\",\"publisher\":{\"@id\":\"https:\/\/geooprema.com\/#organization\"},\"potentialAction\":[{\"@type\":\"SearchAction\",\"target\":{\"@type\":\"EntryPoint\",\"urlTemplate\":\"https:\/\/geooprema.com\/?s={search_term_string}\"},\"query-input\":{\"@type\":\"PropertyValueSpecification\",\"valueRequired\":true,\"valueName\":\"search_term_string\"}}],\"inLanguage\":\"bs-BA\"},{\"@type\":\"Organization\",\"@id\":\"https:\/\/geooprema.com\/#organization\",\"name\":\"Geooprema\",\"url\":\"https:\/\/geooprema.com\/\",\"logo\":{\"@type\":\"ImageObject\",\"inLanguage\":\"bs-BA\",\"@id\":\"https:\/\/geooprema.com\/#\/schema\/logo\/image\/\",\"url\":\"https:\/\/geooprema.com\/wp-content\/uploads\/2020\/08\/geooprema-logo.png\",\"contentUrl\":\"https:\/\/geooprema.com\/wp-content\/uploads\/2020\/08\/geooprema-logo.png\",\"width\":513,\"height\":161,\"caption\":\"Geooprema\"},\"image\":{\"@id\":\"https:\/\/geooprema.com\/#\/schema\/logo\/image\/\"},\"sameAs\":[\"https:\/\/www.facebook.com\/geoinfobih\",\"https:\/\/www.instagram.com\/geoinfodoo\/\",\"https:\/\/www.linkedin.com\/company\/geoinfo-doo\/\",\"https:\/\/www.youtube.com\/c\/Geoinfodoo\"]}]}<\/script>\n<!-- \/ Yoast SEO plugin. -->","yoast_head_json":{"title":"GeoMax EzDig T kontrolna tabla na dodir - Geooprema","robots":{"index":"index","follow":"follow","max-snippet":"max-snippet:-1","max-image-preview":"max-image-preview:large","max-video-preview":"max-video-preview:-1"},"canonical":"https:\/\/geooprema.com\/bs\/products\/dodatna-oprema\/geomax-ezdig-t-kontrolna-tabla-na-dodir\/","og_locale":"bs_BA","og_type":"article","og_title":"GeoMax EzDig T kontrolna tabla na dodir - Geooprema","og_description":"Novi jednostavan i precizan na\u010din vo\u0111enja bagera   Rad bagera uvijek se temeljio ili na intuitivnom naga\u0111anju ili na kori\u0161tenju skupih i te\u0161kih za instalaciju\u00a0 sistema upravljanja ma\u0161inama. GeoMax EzDig je alternativa.   Upravljanje bagerom uglavnom se temeljilo na naga\u0111anjima. Izgleda li ovo kao nagib 1: 2? Je li dubina ovog rova \u200b\u200bduboka 1,5 m ili \u0107u pogoditi cjevovod na 2,5 m? \u010cak i uz pomo\u0107 \u0161ina za referentne klinove koji grubo pru\u017eaju smjernice, posao je i dalje u najboljem slu\u010daju ostao \"dobra pretpostavka\". Klasi\u010dni sistemi za upravljanje ma\u0161inama nisu opcija, jer \u010dak i ako vam pru\u017eaju sve ove informacije, skupi su i dugotrajni za instalaciju i u\u010denje.  Novi sistem navo\u0111enja bagera GeoMax EzDig S i T nudi najlak\u0161i postupak kalibracije i rada opreme dostupan na tr\u017ei\u0161tu - i to po pristupa\u010dnoj cijeni. EzDig sistemi za vo\u0111enje bagera \"rade kad to u\u010dinite!\"   Prednosti    Nema vi\u0161e presijecanja, skupih materijala za punjenje i prerada  Uklonite zastoj ma\u0161ine za provjeru i instalaciju  Nema vi\u0161e dugotrajnih mjerenja trake  U\u0161tedite gorivo, vrijeme i materijal","og_url":"https:\/\/geooprema.com\/bs\/products\/dodatna-oprema\/geomax-ezdig-t-kontrolna-tabla-na-dodir\/","og_site_name":"Geooprema","article_publisher":"https:\/\/www.facebook.com\/geoinfobih","og_image":[{"width":800,"height":800,"url":"https:\/\/geooprema.com\/wp-content\/uploads\/2020\/10\/GeoMax-EZDig-T.jpg","type":"image\/jpeg"}],"twitter_card":"summary_large_image","schema":{"@context":"https:\/\/schema.org","@graph":[{"@type":"WebPage","@id":"https:\/\/geooprema.com\/bs\/products\/dodatna-oprema\/geomax-ezdig-t-kontrolna-tabla-na-dodir\/","url":"https:\/\/geooprema.com\/bs\/products\/dodatna-oprema\/geomax-ezdig-t-kontrolna-tabla-na-dodir\/","name":"GeoMax EzDig T kontrolna tabla na dodir - Geooprema","isPartOf":{"@id":"https:\/\/geooprema.com\/#website"},"primaryImageOfPage":{"@id":"https:\/\/geooprema.com\/bs\/products\/dodatna-oprema\/geomax-ezdig-t-kontrolna-tabla-na-dodir\/#primaryimage"},"image":{"@id":"https:\/\/geooprema.com\/bs\/products\/dodatna-oprema\/geomax-ezdig-t-kontrolna-tabla-na-dodir\/#primaryimage"},"thumbnailUrl":"https:\/\/geooprema.com\/wp-content\/uploads\/2020\/10\/GeoMax-EZDig-T.jpg","datePublished":"2020-10-26T09:53:07+00:00","breadcrumb":{"@id":"https:\/\/geooprema.com\/bs\/products\/dodatna-oprema\/geomax-ezdig-t-kontrolna-tabla-na-dodir\/#breadcrumb"},"inLanguage":"bs-BA","potentialAction":[{"@type":"ReadAction","target":["https:\/\/geooprema.com\/bs\/products\/dodatna-oprema\/geomax-ezdig-t-kontrolna-tabla-na-dodir\/"]}]},{"@type":"ImageObject","inLanguage":"bs-BA","@id":"https:\/\/geooprema.com\/bs\/products\/dodatna-oprema\/geomax-ezdig-t-kontrolna-tabla-na-dodir\/#primaryimage","url":"https:\/\/geooprema.com\/wp-content\/uploads\/2020\/10\/GeoMax-EZDig-T.jpg","contentUrl":"https:\/\/geooprema.com\/wp-content\/uploads\/2020\/10\/GeoMax-EZDig-T.jpg","width":800,"height":800,"caption":"GeoMax EzDig T Excavator Guidance System Touch"},{"@type":"BreadcrumbList","@id":"https:\/\/geooprema.com\/bs\/products\/dodatna-oprema\/geomax-ezdig-t-kontrolna-tabla-na-dodir\/#breadcrumb","itemListElement":[{"@type":"ListItem","position":1,"name":"Home","item":"https:\/\/geooprema.com\/bs\/"},{"@type":"ListItem","position":2,"name":"Shop","item":"https:\/\/geooprema.com\/shop-2\/"},{"@type":"ListItem","position":3,"name":"GeoMax EzDig T kontrolna tabla na dodir"}]},{"@type":"WebSite","@id":"https:\/\/geooprema.com\/#website","url":"https:\/\/geooprema.com\/","name":"Geooprema","description":"Surveying and Construction Equipmen, Software and Accessories","publisher":{"@id":"https:\/\/geooprema.com\/#organization"},"potentialAction":[{"@type":"SearchAction","target":{"@type":"EntryPoint","urlTemplate":"https:\/\/geooprema.com\/?s={search_term_string}"},"query-input":{"@type":"PropertyValueSpecification","valueRequired":true,"valueName":"search_term_string"}}],"inLanguage":"bs-BA"},{"@type":"Organization","@id":"https:\/\/geooprema.com\/#organization","name":"Geooprema","url":"https:\/\/geooprema.com\/","logo":{"@type":"ImageObject","inLanguage":"bs-BA","@id":"https:\/\/geooprema.com\/#\/schema\/logo\/image\/","url":"https:\/\/geooprema.com\/wp-content\/uploads\/2020\/08\/geooprema-logo.png","contentUrl":"https:\/\/geooprema.com\/wp-content\/uploads\/2020\/08\/geooprema-logo.png","width":513,"height":161,"caption":"Geooprema"},"image":{"@id":"https:\/\/geooprema.com\/#\/schema\/logo\/image\/"},"sameAs":["https:\/\/www.facebook.com\/geoinfobih","https:\/\/www.instagram.com\/geoinfodoo\/","https:\/\/www.linkedin.com\/company\/geoinfo-doo\/","https:\/\/www.youtube.com\/c\/Geoinfodoo"]}]}},"_links":{"self":[{"href":"https:\/\/geooprema.com\/bs\/wp-json\/wp\/v2\/product\/32068","targetHints":{"allow":["GET"]}}],"collection":[{"href":"https:\/\/geooprema.com\/bs\/wp-json\/wp\/v2\/product"}],"about":[{"href":"https:\/\/geooprema.com\/bs\/wp-json\/wp\/v2\/types\/product"}],"replies":[{"embeddable":true,"href":"https:\/\/geooprema.com\/bs\/wp-json\/wp\/v2\/comments?post=32068"}],"wp:featuredmedia":[{"embeddable":true,"href":"https:\/\/geooprema.com\/bs\/wp-json\/wp\/v2\/media\/29390"}],"wp:attachment":[{"href":"https:\/\/geooprema.com\/bs\/wp-json\/wp\/v2\/media?parent=32068"}],"wp:term":[{"taxonomy":"product_brand","embeddable":true,"href":"https:\/\/geooprema.com\/bs\/wp-json\/wp\/v2\/product_brand?post=32068"},{"taxonomy":"product_cat","embeddable":true,"href":"https:\/\/geooprema.com\/bs\/wp-json\/wp\/v2\/product_cat?post=32068"},{"taxonomy":"product_tag","embeddable":true,"href":"https:\/\/geooprema.com\/bs\/wp-json\/wp\/v2\/product_tag?post=32068"}],"curies":[{"name":"wp","href":"https:\/\/api.w.org\/{rel}","templated":true}]}}