
{"id":32065,"date":"2020-10-26T09:34:33","date_gmt":"2020-10-26T09:34:33","guid":{"rendered":"https:\/\/geooprema.com\/products\/Bez%20kategorije\/geomax-ezdig-s-sistem-za-upravljanje-dodatnom-masinom\/"},"modified":"2021-06-19T10:58:31","modified_gmt":"2021-06-19T10:58:31","slug":"geomax-ezdig-s-sistem-navodenja-za-bager-standardni","status":"publish","type":"product","link":"https:\/\/geooprema.com\/bs\/products\/gradjevinska-oprema\/sistemi-za-upravljanje-masinama\/geomax-ezdig-s-sistem-navodenja-za-bager-standardni\/","title":{"rendered":"GeoMax EzDig S sistem navo\u0111enja za bager Standardni"},"content":{"rendered":"<div class = \"ewa-rteLine\"> Uklju\u010denja: Standardna kontrolna plo\u010da, ABS spremnik, usisna \u010da\u0161a i nosa\u010d, dodatni senzori, kombinovani senzor, plo\u010da senzora, daljinski ekran, komplet postolja, klju\u010d za uklanjanje, podloga za \u010di\u0161\u0107enje, ljepljiva traka, kalibracijski set <\/div>\n<div> <span style = \"color: naslediti; font-family: naslediti; font-size: 1.25rem; font-weight: var (- font-weight-bold); background-color: var (- body- bg-color); \"> SPECIFIKACIJE: <\/span> <\/div>\n<div>\n<\u0161irina tabele = \"100%\"><\/p>\n<tbody>\n<tr>\n<td><< Op\u0161te: <\/\/> <\/td>\n<td> <\/td>\n<\/tr>\n<tr>\n<td> Klasa za\u0161tite <\/td>\n<td> IP67 <\/td>\n<\/tr>\n<tr>\n<td> Tip priloga <\/td>\n<td> 3M ljepljiva traka <\/td>\n<\/tr>\n<tr>\n<td> Broj senzora <\/td>\n<td> 2 x Boom &#038; amp; senzori ugla \u017elice <\/td>\n<\/tr>\n<tr>\n<td> Ta\u010dnost <\/td>\n<td> \u00b1 7\/16 in\u010da <\/td>\n<\/tr>\n<tr>\n<td> <strong> Baterija \/ napajanje <\/strong> <\/td>\n<td> <\/td>\n<\/tr>\n<tr>\n<td> Senzori <\/td>\n<td> Solar <\/td>\n<\/tr>\n<tr>\n<td> Kontrolni okvir <\/td>\n<td> 12\/28 V <\/td>\n<\/tr>\n<tr>\n<td><< Funkcije<\/ <\/strong> <\/td>\n<td> <\/td>\n<\/tr>\n<tr>\n<td> Udaljenost nagiba <\/td>\n<td> Da <\/td>\n<\/tr>\n<tr>\n<td> horizontalna udaljenost <\/td>\n<td> Da <\/td>\n<\/tr>\n<tr>\n<td> Vertikalna udaljenost <\/td>\n<td> Da <\/td>\n<\/tr>\n<tr>\n<td> Nagib <\/td>\n<td> Da <\/td>\n<\/tr>\n<tr>\n<td><< Ekran <\/\/> <\/td>\n<td> <\/td>\n<\/tr>\n<tr>\n<td> Kontrolni okvir <\/td>\n<td> Standard <\/td>\n<\/tr>\n<tr>\n<td> Udaljeni ekran <\/td>\n<td> Daljinski LED ekran <\/td>\n<\/tr>\n<tr>\n<td><< Komunikacija <\/\/< <\/td>\n<td> <\/td>\n<\/tr>\n<tr>\n<td> Kabl <\/td>\n<td> Uklju\u010deno <\/td>\n<\/tr>\n<tr>\n<td><< Temperatura<\/ <\/strong> <\/td>\n<td> <\/td>\n<\/tr>\n<tr>\n<td> Radna temperatura <\/td>\n<td> -4 \u00b0 do 158 \u00b0 F (-20 \u00b0 do + 70 \u00b0 C) <\/td>\n<\/tr>\n<\/tbody>\n<\/table>\n<\/div>\n","protected":false},"excerpt":{"rendered":"<p>Opis: Novi jednostavan i precizan na\u010din vo\u0111enja bagera.<br \/>\nRad bagera uvijek se temeljio ili na intuitivnom naga\u0111anju ili na kori\u0161tenju skupih i te\u0161kih za instaliranje i upravljanje sistemima upravljanja strojevima. GeoMax EZDig je alternativa.<br \/>\nNovi isitem navo\u0111enja bagera GeoMax EZDig S i T nudi najlak\u0161i postupak kalibracije i rada opreme dostupne na tr\u017ei\u0161tu &#8211; i to po pristupa\u010dnoj cijeni.<br \/>\nSistemi za vo\u0111enje bagera EzDig &#8220;rade kad i vi!&#8221;<\/p>\n","protected":false},"featured_media":29383,"comment_status":"open","ping_status":"closed","template":"","meta":{"_acf_changed":false},"product_brand":[],"product_cat":[336,1282],"product_tag":[],"class_list":{"0":"post-32065","1":"product","2":"type-product","3":"status-publish","4":"has-post-thumbnail","6":"product_cat-dodatna-oprema","7":"product_cat-sistemi-za-upravljanje-masinama","8":"pa_brand-geomax-positioning-bs","10":"first","11":"onbackorder","12":"taxable","13":"shipping-taxable","14":"product-type-simple","swatches":"rey-swatches","show_selected":""},"acf":[],"yoast_head":"<!-- This site is optimized with the Yoast SEO plugin v24.9 - https:\/\/yoast.com\/wordpress\/plugins\/seo\/ -->\n<title>GeoMax EzDig S sistem navo\u0111enja za bager Standardni - Geooprema<\/title>\n<meta name=\"robots\" content=\"index, follow, max-snippet:-1, max-image-preview:large, max-video-preview:-1\" \/>\n<link rel=\"canonical\" href=\"https:\/\/geooprema.com\/bs\/products\/dodatna-oprema\/geomax-ezdig-s-sistem-navodenja-za-bager-standardni\/\" \/>\n<meta property=\"og:locale\" content=\"bs_BA\" \/>\n<meta property=\"og:type\" content=\"article\" \/>\n<meta property=\"og:title\" content=\"GeoMax EzDig S sistem navo\u0111enja za bager Standardni - Geooprema\" \/>\n<meta property=\"og:description\" content=\"Opis: Novi jednostavan i precizan na\u010din vo\u0111enja bagera. Rad bagera uvijek se temeljio ili na intuitivnom naga\u0111anju ili na kori\u0161tenju skupih i te\u0161kih za instaliranje i upravljanje sistemima upravljanja strojevima. GeoMax EZDig je alternativa. Novi isitem navo\u0111enja bagera GeoMax EZDig S i T nudi najlak\u0161i postupak kalibracije i rada opreme dostupne na tr\u017ei\u0161tu - i to po pristupa\u010dnoj cijeni. Sistemi za vo\u0111enje bagera EzDig &quot;rade kad i vi!&quot;\" \/>\n<meta property=\"og:url\" content=\"https:\/\/geooprema.com\/bs\/products\/dodatna-oprema\/geomax-ezdig-s-sistem-navodenja-za-bager-standardni\/\" \/>\n<meta property=\"og:site_name\" content=\"Geooprema\" \/>\n<meta property=\"article:publisher\" content=\"https:\/\/www.facebook.com\/geoinfobih\" \/>\n<meta property=\"article:modified_time\" content=\"2021-06-19T10:58:31+00:00\" \/>\n<meta property=\"og:image\" content=\"https:\/\/geooprema.com\/wp-content\/uploads\/2020\/10\/GeoMax-EZDig.png\" \/>\n\t<meta property=\"og:image:width\" content=\"800\" \/>\n\t<meta property=\"og:image:height\" content=\"800\" \/>\n\t<meta property=\"og:image:type\" content=\"image\/png\" \/>\n<meta name=\"twitter:card\" content=\"summary_large_image\" \/>\n<script type=\"application\/ld+json\" class=\"yoast-schema-graph\">{\"@context\":\"https:\/\/schema.org\",\"@graph\":[{\"@type\":\"WebPage\",\"@id\":\"https:\/\/geooprema.com\/bs\/products\/dodatna-oprema\/geomax-ezdig-s-sistem-navodenja-za-bager-standardni\/\",\"url\":\"https:\/\/geooprema.com\/bs\/products\/dodatna-oprema\/geomax-ezdig-s-sistem-navodenja-za-bager-standardni\/\",\"name\":\"GeoMax EzDig S sistem navo\u0111enja za bager Standardni - Geooprema\",\"isPartOf\":{\"@id\":\"https:\/\/geooprema.com\/#website\"},\"primaryImageOfPage\":{\"@id\":\"https:\/\/geooprema.com\/bs\/products\/dodatna-oprema\/geomax-ezdig-s-sistem-navodenja-za-bager-standardni\/#primaryimage\"},\"image\":{\"@id\":\"https:\/\/geooprema.com\/bs\/products\/dodatna-oprema\/geomax-ezdig-s-sistem-navodenja-za-bager-standardni\/#primaryimage\"},\"thumbnailUrl\":\"https:\/\/geooprema.com\/wp-content\/uploads\/2020\/10\/GeoMax-EZDig.png\",\"datePublished\":\"2020-10-26T09:34:33+00:00\",\"dateModified\":\"2021-06-19T10:58:31+00:00\",\"breadcrumb\":{\"@id\":\"https:\/\/geooprema.com\/bs\/products\/dodatna-oprema\/geomax-ezdig-s-sistem-navodenja-za-bager-standardni\/#breadcrumb\"},\"inLanguage\":\"bs-BA\",\"potentialAction\":[{\"@type\":\"ReadAction\",\"target\":[\"https:\/\/geooprema.com\/bs\/products\/dodatna-oprema\/geomax-ezdig-s-sistem-navodenja-za-bager-standardni\/\"]}]},{\"@type\":\"ImageObject\",\"inLanguage\":\"bs-BA\",\"@id\":\"https:\/\/geooprema.com\/bs\/products\/dodatna-oprema\/geomax-ezdig-s-sistem-navodenja-za-bager-standardni\/#primaryimage\",\"url\":\"https:\/\/geooprema.com\/wp-content\/uploads\/2020\/10\/GeoMax-EZDig.png\",\"contentUrl\":\"https:\/\/geooprema.com\/wp-content\/uploads\/2020\/10\/GeoMax-EZDig.png\",\"width\":800,\"height\":800,\"caption\":\"GeoMax EzDig S Excavator Guidance System Standard\"},{\"@type\":\"BreadcrumbList\",\"@id\":\"https:\/\/geooprema.com\/bs\/products\/dodatna-oprema\/geomax-ezdig-s-sistem-navodenja-za-bager-standardni\/#breadcrumb\",\"itemListElement\":[{\"@type\":\"ListItem\",\"position\":1,\"name\":\"Home\",\"item\":\"https:\/\/geooprema.com\/bs\/\"},{\"@type\":\"ListItem\",\"position\":2,\"name\":\"Shop\",\"item\":\"https:\/\/geooprema.com\/shop-2\/\"},{\"@type\":\"ListItem\",\"position\":3,\"name\":\"GeoMax EzDig S sistem navo\u0111enja za bager Standardni\"}]},{\"@type\":\"WebSite\",\"@id\":\"https:\/\/geooprema.com\/#website\",\"url\":\"https:\/\/geooprema.com\/\",\"name\":\"Geooprema\",\"description\":\"Surveying and Construction Equipmen, Software and Accessories\",\"publisher\":{\"@id\":\"https:\/\/geooprema.com\/#organization\"},\"potentialAction\":[{\"@type\":\"SearchAction\",\"target\":{\"@type\":\"EntryPoint\",\"urlTemplate\":\"https:\/\/geooprema.com\/?s={search_term_string}\"},\"query-input\":{\"@type\":\"PropertyValueSpecification\",\"valueRequired\":true,\"valueName\":\"search_term_string\"}}],\"inLanguage\":\"bs-BA\"},{\"@type\":\"Organization\",\"@id\":\"https:\/\/geooprema.com\/#organization\",\"name\":\"Geooprema\",\"url\":\"https:\/\/geooprema.com\/\",\"logo\":{\"@type\":\"ImageObject\",\"inLanguage\":\"bs-BA\",\"@id\":\"https:\/\/geooprema.com\/#\/schema\/logo\/image\/\",\"url\":\"https:\/\/geooprema.com\/wp-content\/uploads\/2020\/08\/geooprema-logo.png\",\"contentUrl\":\"https:\/\/geooprema.com\/wp-content\/uploads\/2020\/08\/geooprema-logo.png\",\"width\":513,\"height\":161,\"caption\":\"Geooprema\"},\"image\":{\"@id\":\"https:\/\/geooprema.com\/#\/schema\/logo\/image\/\"},\"sameAs\":[\"https:\/\/www.facebook.com\/geoinfobih\",\"https:\/\/www.instagram.com\/geoinfodoo\/\",\"https:\/\/www.linkedin.com\/company\/geoinfo-doo\/\",\"https:\/\/www.youtube.com\/c\/Geoinfodoo\"]}]}<\/script>\n<!-- \/ Yoast SEO plugin. -->","yoast_head_json":{"title":"GeoMax EzDig S sistem navo\u0111enja za bager Standardni - Geooprema","robots":{"index":"index","follow":"follow","max-snippet":"max-snippet:-1","max-image-preview":"max-image-preview:large","max-video-preview":"max-video-preview:-1"},"canonical":"https:\/\/geooprema.com\/bs\/products\/dodatna-oprema\/geomax-ezdig-s-sistem-navodenja-za-bager-standardni\/","og_locale":"bs_BA","og_type":"article","og_title":"GeoMax EzDig S sistem navo\u0111enja za bager Standardni - Geooprema","og_description":"Opis: Novi jednostavan i precizan na\u010din vo\u0111enja bagera. Rad bagera uvijek se temeljio ili na intuitivnom naga\u0111anju ili na kori\u0161tenju skupih i te\u0161kih za instaliranje i upravljanje sistemima upravljanja strojevima. GeoMax EZDig je alternativa. Novi isitem navo\u0111enja bagera GeoMax EZDig S i T nudi najlak\u0161i postupak kalibracije i rada opreme dostupne na tr\u017ei\u0161tu - i to po pristupa\u010dnoj cijeni. Sistemi za vo\u0111enje bagera EzDig \"rade kad i vi!\"","og_url":"https:\/\/geooprema.com\/bs\/products\/dodatna-oprema\/geomax-ezdig-s-sistem-navodenja-za-bager-standardni\/","og_site_name":"Geooprema","article_publisher":"https:\/\/www.facebook.com\/geoinfobih","article_modified_time":"2021-06-19T10:58:31+00:00","og_image":[{"width":800,"height":800,"url":"https:\/\/geooprema.com\/wp-content\/uploads\/2020\/10\/GeoMax-EZDig.png","type":"image\/png"}],"twitter_card":"summary_large_image","schema":{"@context":"https:\/\/schema.org","@graph":[{"@type":"WebPage","@id":"https:\/\/geooprema.com\/bs\/products\/dodatna-oprema\/geomax-ezdig-s-sistem-navodenja-za-bager-standardni\/","url":"https:\/\/geooprema.com\/bs\/products\/dodatna-oprema\/geomax-ezdig-s-sistem-navodenja-za-bager-standardni\/","name":"GeoMax EzDig S sistem navo\u0111enja za bager Standardni - Geooprema","isPartOf":{"@id":"https:\/\/geooprema.com\/#website"},"primaryImageOfPage":{"@id":"https:\/\/geooprema.com\/bs\/products\/dodatna-oprema\/geomax-ezdig-s-sistem-navodenja-za-bager-standardni\/#primaryimage"},"image":{"@id":"https:\/\/geooprema.com\/bs\/products\/dodatna-oprema\/geomax-ezdig-s-sistem-navodenja-za-bager-standardni\/#primaryimage"},"thumbnailUrl":"https:\/\/geooprema.com\/wp-content\/uploads\/2020\/10\/GeoMax-EZDig.png","datePublished":"2020-10-26T09:34:33+00:00","dateModified":"2021-06-19T10:58:31+00:00","breadcrumb":{"@id":"https:\/\/geooprema.com\/bs\/products\/dodatna-oprema\/geomax-ezdig-s-sistem-navodenja-za-bager-standardni\/#breadcrumb"},"inLanguage":"bs-BA","potentialAction":[{"@type":"ReadAction","target":["https:\/\/geooprema.com\/bs\/products\/dodatna-oprema\/geomax-ezdig-s-sistem-navodenja-za-bager-standardni\/"]}]},{"@type":"ImageObject","inLanguage":"bs-BA","@id":"https:\/\/geooprema.com\/bs\/products\/dodatna-oprema\/geomax-ezdig-s-sistem-navodenja-za-bager-standardni\/#primaryimage","url":"https:\/\/geooprema.com\/wp-content\/uploads\/2020\/10\/GeoMax-EZDig.png","contentUrl":"https:\/\/geooprema.com\/wp-content\/uploads\/2020\/10\/GeoMax-EZDig.png","width":800,"height":800,"caption":"GeoMax EzDig S Excavator Guidance System Standard"},{"@type":"BreadcrumbList","@id":"https:\/\/geooprema.com\/bs\/products\/dodatna-oprema\/geomax-ezdig-s-sistem-navodenja-za-bager-standardni\/#breadcrumb","itemListElement":[{"@type":"ListItem","position":1,"name":"Home","item":"https:\/\/geooprema.com\/bs\/"},{"@type":"ListItem","position":2,"name":"Shop","item":"https:\/\/geooprema.com\/shop-2\/"},{"@type":"ListItem","position":3,"name":"GeoMax EzDig S sistem navo\u0111enja za bager Standardni"}]},{"@type":"WebSite","@id":"https:\/\/geooprema.com\/#website","url":"https:\/\/geooprema.com\/","name":"Geooprema","description":"Surveying and Construction Equipmen, Software and Accessories","publisher":{"@id":"https:\/\/geooprema.com\/#organization"},"potentialAction":[{"@type":"SearchAction","target":{"@type":"EntryPoint","urlTemplate":"https:\/\/geooprema.com\/?s={search_term_string}"},"query-input":{"@type":"PropertyValueSpecification","valueRequired":true,"valueName":"search_term_string"}}],"inLanguage":"bs-BA"},{"@type":"Organization","@id":"https:\/\/geooprema.com\/#organization","name":"Geooprema","url":"https:\/\/geooprema.com\/","logo":{"@type":"ImageObject","inLanguage":"bs-BA","@id":"https:\/\/geooprema.com\/#\/schema\/logo\/image\/","url":"https:\/\/geooprema.com\/wp-content\/uploads\/2020\/08\/geooprema-logo.png","contentUrl":"https:\/\/geooprema.com\/wp-content\/uploads\/2020\/08\/geooprema-logo.png","width":513,"height":161,"caption":"Geooprema"},"image":{"@id":"https:\/\/geooprema.com\/#\/schema\/logo\/image\/"},"sameAs":["https:\/\/www.facebook.com\/geoinfobih","https:\/\/www.instagram.com\/geoinfodoo\/","https:\/\/www.linkedin.com\/company\/geoinfo-doo\/","https:\/\/www.youtube.com\/c\/Geoinfodoo"]}]}},"_links":{"self":[{"href":"https:\/\/geooprema.com\/bs\/wp-json\/wp\/v2\/product\/32065","targetHints":{"allow":["GET"]}}],"collection":[{"href":"https:\/\/geooprema.com\/bs\/wp-json\/wp\/v2\/product"}],"about":[{"href":"https:\/\/geooprema.com\/bs\/wp-json\/wp\/v2\/types\/product"}],"replies":[{"embeddable":true,"href":"https:\/\/geooprema.com\/bs\/wp-json\/wp\/v2\/comments?post=32065"}],"wp:featuredmedia":[{"embeddable":true,"href":"https:\/\/geooprema.com\/bs\/wp-json\/wp\/v2\/media\/29383"}],"wp:attachment":[{"href":"https:\/\/geooprema.com\/bs\/wp-json\/wp\/v2\/media?parent=32065"}],"wp:term":[{"taxonomy":"product_brand","embeddable":true,"href":"https:\/\/geooprema.com\/bs\/wp-json\/wp\/v2\/product_brand?post=32065"},{"taxonomy":"product_cat","embeddable":true,"href":"https:\/\/geooprema.com\/bs\/wp-json\/wp\/v2\/product_cat?post=32065"},{"taxonomy":"product_tag","embeddable":true,"href":"https:\/\/geooprema.com\/bs\/wp-json\/wp\/v2\/product_tag?post=32065"}],"curies":[{"name":"wp","href":"https:\/\/api.w.org\/{rel}","templated":true}]}}