
{"id":32064,"date":"2020-10-22T16:18:23","date_gmt":"2020-10-22T16:18:23","guid":{"rendered":"https:\/\/geooprema.com\/products\/Bez kategorije\/geomax-md360-daljinski-ekran\/"},"modified":"2020-10-22T16:18:23","modified_gmt":"2020-10-22T16:18:23","slug":"geomax-md360-daljinski-ekran","status":"publish","type":"product","link":"https:\/\/geooprema.com\/bs\/products\/gradjevinska-oprema\/sistemi-za-upravljanje-masinama\/geomax-md360-daljinski-ekran\/","title":{"rendered":"GeoMax MD360 daljinski ekran"},"content":{"rendered":"<ul style=\"margin-bottom: 20px; padding-left: 15px; margin-top: 20px; family font: Arial, Helvetica, sans-serif; font-size: 12px;\">\n<li>\n<h5><span id=\"ctl00_MainContentHolder_lblFeaturesHeader\"> Karakteristike za daljinski prikaz Geomax 775129 MD360 <\/span><\/h5>\n<\/li>\n<\/ul>\n<p>Radi s MR360R prijemnikom za upravljanje ma\u0161inom<\/p>\n<p>Be\u017ei\u010dna veza radio frekvencija<\/p>\n<p>9 kanala za prikaz<\/p>\n<p>Okomiti indikator<\/p>\n<p>Izbori u meniju<\/p>\n<p>Sna\u017eni nosa\u010d usisne \u010da\u0161e<\/p>\n","protected":false},"excerpt":{"rendered":"<h5><span id=\"ctl00_MainContentHolder_lblDescriptionHeader\"> Pregled za Geomax 775129 MD360 daljinski ekran<\/span><\/h5>\n<p>Daljinski ekran Geomax MD360R pru\u017ea vizualizaciju u kabini koja radi s MR360R prijemnikom za upravljanje ma\u0161inom. Zahvaljuju\u0107i najnovijoj tehnologiji radio frekvencija, ovaj daljinski ekran nudi be\u017ei\u010dnu dvosmjernu komunikaciju koja omogu\u0107ava korisniku da promijeni postavke prijemnika za upravljanje ure\u0111ajem bez napu\u0161tanja kabine. Tako\u0111e, dolazi s devet kanala za prikaz za pouzdanije ocjenjivanje.<\/p>\n<p>Geomax MD360R dolazi s vertikalnim indikatorom za precizan smjer nagiba. Sadr\u017ei nekoliko izbora za promjenu postavki potrebnih za posao. Uz to, uklju\u010duje i nosa\u010d vakuuma za te\u0161ke uslove za jednostavnu i brzu ugradnju.<\/p>\n","protected":false},"featured_media":29099,"comment_status":"open","ping_status":"closed","template":"","meta":{"_acf_changed":false},"product_brand":[],"product_cat":[341,1282],"product_tag":[],"class_list":{"0":"post-32064","1":"product","2":"type-product","3":"status-publish","4":"has-post-thumbnail","6":"product_cat-geodetska-oprema","7":"product_cat-sistemi-za-upravljanje-masinama","8":"pa_brand-geomax-positioning-bs","10":"first","11":"onbackorder","12":"taxable","13":"shipping-taxable","14":"product-type-simple","swatches":"rey-swatches","show_selected":""},"acf":[],"yoast_head":"<!-- This site is optimized with the Yoast SEO plugin v24.9 - https:\/\/yoast.com\/wordpress\/plugins\/seo\/ -->\n<title>GeoMax MD360 daljinski ekran - Geooprema<\/title>\n<meta name=\"robots\" content=\"index, follow, max-snippet:-1, max-image-preview:large, max-video-preview:-1\" \/>\n<link rel=\"canonical\" href=\"https:\/\/geooprema.com\/bs\/products\/geodetska-oprema\/geomax-md360-daljinski-ekran\/\" \/>\n<meta property=\"og:locale\" content=\"bs_BA\" \/>\n<meta property=\"og:type\" content=\"article\" \/>\n<meta property=\"og:title\" content=\"GeoMax MD360 daljinski ekran - Geooprema\" \/>\n<meta property=\"og:description\" content=\"Pregled za Geomax 775129 MD360 daljinski ekran Daljinski ekran Geomax MD360R pru\u017ea vizualizaciju u kabini koja radi s MR360R prijemnikom za upravljanje ma\u0161inom. Zahvaljuju\u0107i najnovijoj tehnologiji radio frekvencija, ovaj daljinski ekran nudi be\u017ei\u010dnu dvosmjernu komunikaciju koja omogu\u0107ava korisniku da promijeni postavke prijemnika za upravljanje ure\u0111ajem bez napu\u0161tanja kabine. Tako\u0111e, dolazi s devet kanala za prikaz za pouzdanije ocjenjivanje.  Geomax MD360R dolazi s vertikalnim indikatorom za precizan smjer nagiba. Sadr\u017ei nekoliko izbora za promjenu postavki potrebnih za posao. Uz to, uklju\u010duje i nosa\u010d vakuuma za te\u0161ke uslove za jednostavnu i brzu ugradnju.\" \/>\n<meta property=\"og:url\" content=\"https:\/\/geooprema.com\/bs\/products\/geodetska-oprema\/geomax-md360-daljinski-ekran\/\" \/>\n<meta property=\"og:site_name\" content=\"Geooprema\" \/>\n<meta property=\"article:publisher\" content=\"https:\/\/www.facebook.com\/geoinfobih\" \/>\n<meta property=\"og:image\" content=\"https:\/\/geooprema.com\/wp-content\/uploads\/2020\/10\/Geomax-Md360.png\" \/>\n\t<meta property=\"og:image:width\" content=\"800\" \/>\n\t<meta property=\"og:image:height\" content=\"800\" \/>\n\t<meta property=\"og:image:type\" content=\"image\/png\" \/>\n<meta name=\"twitter:card\" content=\"summary_large_image\" \/>\n<script type=\"application\/ld+json\" class=\"yoast-schema-graph\">{\"@context\":\"https:\/\/schema.org\",\"@graph\":[{\"@type\":\"WebPage\",\"@id\":\"https:\/\/geooprema.com\/bs\/products\/geodetska-oprema\/geomax-md360-daljinski-ekran\/\",\"url\":\"https:\/\/geooprema.com\/bs\/products\/geodetska-oprema\/geomax-md360-daljinski-ekran\/\",\"name\":\"GeoMax MD360 daljinski ekran - Geooprema\",\"isPartOf\":{\"@id\":\"https:\/\/geooprema.com\/#website\"},\"primaryImageOfPage\":{\"@id\":\"https:\/\/geooprema.com\/bs\/products\/geodetska-oprema\/geomax-md360-daljinski-ekran\/#primaryimage\"},\"image\":{\"@id\":\"https:\/\/geooprema.com\/bs\/products\/geodetska-oprema\/geomax-md360-daljinski-ekran\/#primaryimage\"},\"thumbnailUrl\":\"https:\/\/geooprema.com\/wp-content\/uploads\/2020\/10\/Geomax-Md360.png\",\"datePublished\":\"2020-10-22T16:18:23+00:00\",\"breadcrumb\":{\"@id\":\"https:\/\/geooprema.com\/bs\/products\/geodetska-oprema\/geomax-md360-daljinski-ekran\/#breadcrumb\"},\"inLanguage\":\"bs-BA\",\"potentialAction\":[{\"@type\":\"ReadAction\",\"target\":[\"https:\/\/geooprema.com\/bs\/products\/geodetska-oprema\/geomax-md360-daljinski-ekran\/\"]}]},{\"@type\":\"ImageObject\",\"inLanguage\":\"bs-BA\",\"@id\":\"https:\/\/geooprema.com\/bs\/products\/geodetska-oprema\/geomax-md360-daljinski-ekran\/#primaryimage\",\"url\":\"https:\/\/geooprema.com\/wp-content\/uploads\/2020\/10\/Geomax-Md360.png\",\"contentUrl\":\"https:\/\/geooprema.com\/wp-content\/uploads\/2020\/10\/Geomax-Md360.png\",\"width\":800,\"height\":800,\"caption\":\"Geomax Md360 Remote display\"},{\"@type\":\"BreadcrumbList\",\"@id\":\"https:\/\/geooprema.com\/bs\/products\/geodetska-oprema\/geomax-md360-daljinski-ekran\/#breadcrumb\",\"itemListElement\":[{\"@type\":\"ListItem\",\"position\":1,\"name\":\"Home\",\"item\":\"https:\/\/geooprema.com\/bs\/\"},{\"@type\":\"ListItem\",\"position\":2,\"name\":\"Shop\",\"item\":\"https:\/\/geooprema.com\/shop-2\/\"},{\"@type\":\"ListItem\",\"position\":3,\"name\":\"GeoMax MD360 daljinski ekran\"}]},{\"@type\":\"WebSite\",\"@id\":\"https:\/\/geooprema.com\/#website\",\"url\":\"https:\/\/geooprema.com\/\",\"name\":\"Geooprema\",\"description\":\"Surveying and Construction Equipmen, Software and Accessories\",\"publisher\":{\"@id\":\"https:\/\/geooprema.com\/#organization\"},\"potentialAction\":[{\"@type\":\"SearchAction\",\"target\":{\"@type\":\"EntryPoint\",\"urlTemplate\":\"https:\/\/geooprema.com\/?s={search_term_string}\"},\"query-input\":{\"@type\":\"PropertyValueSpecification\",\"valueRequired\":true,\"valueName\":\"search_term_string\"}}],\"inLanguage\":\"bs-BA\"},{\"@type\":\"Organization\",\"@id\":\"https:\/\/geooprema.com\/#organization\",\"name\":\"Geooprema\",\"url\":\"https:\/\/geooprema.com\/\",\"logo\":{\"@type\":\"ImageObject\",\"inLanguage\":\"bs-BA\",\"@id\":\"https:\/\/geooprema.com\/#\/schema\/logo\/image\/\",\"url\":\"https:\/\/geooprema.com\/wp-content\/uploads\/2020\/08\/geooprema-logo.png\",\"contentUrl\":\"https:\/\/geooprema.com\/wp-content\/uploads\/2020\/08\/geooprema-logo.png\",\"width\":513,\"height\":161,\"caption\":\"Geooprema\"},\"image\":{\"@id\":\"https:\/\/geooprema.com\/#\/schema\/logo\/image\/\"},\"sameAs\":[\"https:\/\/www.facebook.com\/geoinfobih\",\"https:\/\/www.instagram.com\/geoinfodoo\/\",\"https:\/\/www.linkedin.com\/company\/geoinfo-doo\/\",\"https:\/\/www.youtube.com\/c\/Geoinfodoo\"]}]}<\/script>\n<!-- \/ Yoast SEO plugin. -->","yoast_head_json":{"title":"GeoMax MD360 daljinski ekran - Geooprema","robots":{"index":"index","follow":"follow","max-snippet":"max-snippet:-1","max-image-preview":"max-image-preview:large","max-video-preview":"max-video-preview:-1"},"canonical":"https:\/\/geooprema.com\/bs\/products\/geodetska-oprema\/geomax-md360-daljinski-ekran\/","og_locale":"bs_BA","og_type":"article","og_title":"GeoMax MD360 daljinski ekran - Geooprema","og_description":"Pregled za Geomax 775129 MD360 daljinski ekran Daljinski ekran Geomax MD360R pru\u017ea vizualizaciju u kabini koja radi s MR360R prijemnikom za upravljanje ma\u0161inom. Zahvaljuju\u0107i najnovijoj tehnologiji radio frekvencija, ovaj daljinski ekran nudi be\u017ei\u010dnu dvosmjernu komunikaciju koja omogu\u0107ava korisniku da promijeni postavke prijemnika za upravljanje ure\u0111ajem bez napu\u0161tanja kabine. Tako\u0111e, dolazi s devet kanala za prikaz za pouzdanije ocjenjivanje.  Geomax MD360R dolazi s vertikalnim indikatorom za precizan smjer nagiba. Sadr\u017ei nekoliko izbora za promjenu postavki potrebnih za posao. Uz to, uklju\u010duje i nosa\u010d vakuuma za te\u0161ke uslove za jednostavnu i brzu ugradnju.","og_url":"https:\/\/geooprema.com\/bs\/products\/geodetska-oprema\/geomax-md360-daljinski-ekran\/","og_site_name":"Geooprema","article_publisher":"https:\/\/www.facebook.com\/geoinfobih","og_image":[{"width":800,"height":800,"url":"https:\/\/geooprema.com\/wp-content\/uploads\/2020\/10\/Geomax-Md360.png","type":"image\/png"}],"twitter_card":"summary_large_image","schema":{"@context":"https:\/\/schema.org","@graph":[{"@type":"WebPage","@id":"https:\/\/geooprema.com\/bs\/products\/geodetska-oprema\/geomax-md360-daljinski-ekran\/","url":"https:\/\/geooprema.com\/bs\/products\/geodetska-oprema\/geomax-md360-daljinski-ekran\/","name":"GeoMax MD360 daljinski ekran - Geooprema","isPartOf":{"@id":"https:\/\/geooprema.com\/#website"},"primaryImageOfPage":{"@id":"https:\/\/geooprema.com\/bs\/products\/geodetska-oprema\/geomax-md360-daljinski-ekran\/#primaryimage"},"image":{"@id":"https:\/\/geooprema.com\/bs\/products\/geodetska-oprema\/geomax-md360-daljinski-ekran\/#primaryimage"},"thumbnailUrl":"https:\/\/geooprema.com\/wp-content\/uploads\/2020\/10\/Geomax-Md360.png","datePublished":"2020-10-22T16:18:23+00:00","breadcrumb":{"@id":"https:\/\/geooprema.com\/bs\/products\/geodetska-oprema\/geomax-md360-daljinski-ekran\/#breadcrumb"},"inLanguage":"bs-BA","potentialAction":[{"@type":"ReadAction","target":["https:\/\/geooprema.com\/bs\/products\/geodetska-oprema\/geomax-md360-daljinski-ekran\/"]}]},{"@type":"ImageObject","inLanguage":"bs-BA","@id":"https:\/\/geooprema.com\/bs\/products\/geodetska-oprema\/geomax-md360-daljinski-ekran\/#primaryimage","url":"https:\/\/geooprema.com\/wp-content\/uploads\/2020\/10\/Geomax-Md360.png","contentUrl":"https:\/\/geooprema.com\/wp-content\/uploads\/2020\/10\/Geomax-Md360.png","width":800,"height":800,"caption":"Geomax Md360 Remote display"},{"@type":"BreadcrumbList","@id":"https:\/\/geooprema.com\/bs\/products\/geodetska-oprema\/geomax-md360-daljinski-ekran\/#breadcrumb","itemListElement":[{"@type":"ListItem","position":1,"name":"Home","item":"https:\/\/geooprema.com\/bs\/"},{"@type":"ListItem","position":2,"name":"Shop","item":"https:\/\/geooprema.com\/shop-2\/"},{"@type":"ListItem","position":3,"name":"GeoMax MD360 daljinski ekran"}]},{"@type":"WebSite","@id":"https:\/\/geooprema.com\/#website","url":"https:\/\/geooprema.com\/","name":"Geooprema","description":"Surveying and Construction Equipmen, Software and Accessories","publisher":{"@id":"https:\/\/geooprema.com\/#organization"},"potentialAction":[{"@type":"SearchAction","target":{"@type":"EntryPoint","urlTemplate":"https:\/\/geooprema.com\/?s={search_term_string}"},"query-input":{"@type":"PropertyValueSpecification","valueRequired":true,"valueName":"search_term_string"}}],"inLanguage":"bs-BA"},{"@type":"Organization","@id":"https:\/\/geooprema.com\/#organization","name":"Geooprema","url":"https:\/\/geooprema.com\/","logo":{"@type":"ImageObject","inLanguage":"bs-BA","@id":"https:\/\/geooprema.com\/#\/schema\/logo\/image\/","url":"https:\/\/geooprema.com\/wp-content\/uploads\/2020\/08\/geooprema-logo.png","contentUrl":"https:\/\/geooprema.com\/wp-content\/uploads\/2020\/08\/geooprema-logo.png","width":513,"height":161,"caption":"Geooprema"},"image":{"@id":"https:\/\/geooprema.com\/#\/schema\/logo\/image\/"},"sameAs":["https:\/\/www.facebook.com\/geoinfobih","https:\/\/www.instagram.com\/geoinfodoo\/","https:\/\/www.linkedin.com\/company\/geoinfo-doo\/","https:\/\/www.youtube.com\/c\/Geoinfodoo"]}]}},"_links":{"self":[{"href":"https:\/\/geooprema.com\/bs\/wp-json\/wp\/v2\/product\/32064","targetHints":{"allow":["GET"]}}],"collection":[{"href":"https:\/\/geooprema.com\/bs\/wp-json\/wp\/v2\/product"}],"about":[{"href":"https:\/\/geooprema.com\/bs\/wp-json\/wp\/v2\/types\/product"}],"replies":[{"embeddable":true,"href":"https:\/\/geooprema.com\/bs\/wp-json\/wp\/v2\/comments?post=32064"}],"wp:featuredmedia":[{"embeddable":true,"href":"https:\/\/geooprema.com\/bs\/wp-json\/wp\/v2\/media\/29099"}],"wp:attachment":[{"href":"https:\/\/geooprema.com\/bs\/wp-json\/wp\/v2\/media?parent=32064"}],"wp:term":[{"taxonomy":"product_brand","embeddable":true,"href":"https:\/\/geooprema.com\/bs\/wp-json\/wp\/v2\/product_brand?post=32064"},{"taxonomy":"product_cat","embeddable":true,"href":"https:\/\/geooprema.com\/bs\/wp-json\/wp\/v2\/product_cat?post=32064"},{"taxonomy":"product_tag","embeddable":true,"href":"https:\/\/geooprema.com\/bs\/wp-json\/wp\/v2\/product_tag?post=32064"}],"curies":[{"name":"wp","href":"https:\/\/api.w.org\/{rel}","templated":true}]}}