
{"id":32061,"date":"2020-10-22T16:26:49","date_gmt":"2020-10-22T16:26:49","guid":{"rendered":"https:\/\/geooprema.com\/products\/Bez kategorije\/geomax-mr360-prijemnik-sa-stezaljkama-bez-ekrana-punjive-baterije-kutija\/"},"modified":"2020-10-22T16:26:49","modified_gmt":"2020-10-22T16:26:49","slug":"geomax-mr360-prijemnik-sa-stezaljkama-bez-ekrana-punjive-baterije-kutija","status":"publish","type":"product","link":"https:\/\/geooprema.com\/bs\/products\/gradjevinska-oprema\/prijemnici-za-upravljanje-masinom\/geomax-mr360-prijemnik-sa-stezaljkama-bez-ekrana-punjive-baterije-kutija\/","title":{"rendered":"GeoMax MR360 Prijemnik sa stezaljkama bez ekrana (punjive baterije, kutija)"},"content":{"rendered":"<ul style = \"margin-bottom: 20px; padding-left: 15px; margin-top: 20px; family font: Arial, Helvetica, sans-serif; font-size: 12px;\">\n<li> <strong> Pogodnosti <\/strong>\n<ul>\n<li> Rukovanje za jednu osobu <\/li>\n<li> Automatsko isklju\u010divanje <\/li>\n<li> Robusna, vodootporna konstrukcija (IP67) <\/li>\n<li> Domet: 200 m (650 ft) varira u zavisnosti od kori\u0161tenog lasera <\/li>\n<li> Preciznost: Fino: 6 mm Grubo: 12 mm <\/li>\n<li> Ugao prijema: 360 \u00b0 <\/li>\n<li>\n<ul style = \"margin-bottom: 20px; padding-left: 15px; margin-top: 20px; family font: Arial, Helvetica, sans-serif; font-size: 12px;\">\n<li> <strong> Pogodnosti <\/strong>\n<ul>\n<li> Operacija za jednu osobu <\/li>\n<li> Automatsko isklju\u010divanje <\/li>\n<li> Robusna, vodonepropusna konstrukcijaVodootporna (IP67) <\/li>\n<li> Domet: 200 m (650 ft) varira u zavisnosti od kori\u0161tenog lasera <\/li>\n<li> Preciznost: Fino: 6 mm Grubo: 12 mm <\/li>\n<li> Ugao prijema: 360 \u00b0 <\/li>\n<li> Okomiti indikator: \u00b1 5 \u00b0 <\/li>\n<li> Trajanje baterije pribli\u017eno 30 sati &#8211; NiMH punjive baterije <\/li>\n<li> Radna temperatura -18 do 158 F; (-28 do 70 C) <\/li>\n<\/ul>\n<p> <strong> Paket uklju\u010duje: <br \/>\n<\/strong> <\/p>\n<ul>\n<li> MR360R punjivi prijemnik sa magnetom <\/li>\n<li> 110 \/ 240V punja\u010d za MR360R <\/li>\n<li> Usisna \u010da\u0161a (za nosa\u010d MD360R) <\/li>\n<li> Korisni\u010dki priru\u010dnik MR360R <\/li>\n<li> Torbica <\/li>\n<\/ul>\n<\/li>\n<\/ul>\n<p>Vertikalni indikator: \u00b1 5 \u00b0 <\/li>\n<li> Trajanje baterije pribli\u017eno 30 sati &#8211; NiMH punjive baterije <\/li>\n<li> Radna temperatura -18 do 158 F; (-28 do 70 C) <\/li>\n<\/ul>\n<p> <strong> Paket uklju\u010duje: <br \/>\n<\/strong> <\/p>\n<ul>\n<li> MR360R punjivi prijemnik sa magnetom <\/li>\n<li> 110 \/ 240V punja\u010d za MR360R <\/li>\n<li> Usisna \u010da\u0161a (za nosa\u010d MD360R) <\/li>\n<li> Korisni\u010dki priru\u010dnik MR360R <\/li>\n<li> Torbica <\/li>\n<\/ul>\n<\/li>\n<\/ul>\n","protected":false},"excerpt":{"rendered":"<p>Opis: GeoMax MR360 nudi ta\u010dne informacije o ocjeni za sve aplikacije upravljanja vizualnim strojevima.<br \/>\nVeliki prozori za otkrivanje od 360 \u00b0 hvataju bilo koji rotiraju\u0107i laser iz bilo kojeg ugla.<br \/>\nUgra\u0111eni vertikalni indikator nadgleda ugao palice, signaliziraju\u0107i je li opu\u0161ten ili nedovoljno ili previ\u0161e produ\u017een.<br \/>\nMontiranje sa stezaljkama.<br \/>\nOpcijska jedinica ekrana MR360 omogu\u0107uje be\u017ei\u010dni prenos ekrana u kabini stroja.<\/p>\n","protected":false},"featured_media":29102,"comment_status":"open","ping_status":"closed","template":"","meta":{"_acf_changed":false},"product_brand":[],"product_cat":[341,1281],"product_tag":[],"class_list":{"0":"post-32061","1":"product","2":"type-product","3":"status-publish","4":"has-post-thumbnail","6":"product_cat-geodetska-oprema","7":"product_cat-prijemnici-za-upravljanje-masinom","8":"pa_brand-geomax-positioning-bs","10":"first","11":"onbackorder","12":"taxable","13":"shipping-taxable","14":"product-type-simple","swatches":"rey-swatches","show_selected":""},"acf":[],"yoast_head":"<!-- This site is optimized with the Yoast SEO plugin v24.9 - https:\/\/yoast.com\/wordpress\/plugins\/seo\/ -->\n<title>GeoMax MR360 Prijemnik sa stezaljkama bez ekrana (punjive baterije, kutija) - Geooprema<\/title>\n<meta name=\"robots\" content=\"index, follow, max-snippet:-1, max-image-preview:large, max-video-preview:-1\" \/>\n<link rel=\"canonical\" href=\"https:\/\/geooprema.com\/bs\/products\/geodetska-oprema\/geomax-mr360-prijemnik-sa-stezaljkama-bez-ekrana-punjive-baterije-kutija\/\" \/>\n<meta property=\"og:locale\" content=\"bs_BA\" \/>\n<meta property=\"og:type\" content=\"article\" \/>\n<meta property=\"og:title\" content=\"GeoMax MR360 Prijemnik sa stezaljkama bez ekrana (punjive baterije, kutija) - Geooprema\" \/>\n<meta property=\"og:description\" content=\"Opis: GeoMax MR360 nudi ta\u010dne informacije o ocjeni za sve aplikacije upravljanja vizualnim strojevima. Veliki prozori za otkrivanje od 360 \u00b0 hvataju bilo koji rotiraju\u0107i laser iz bilo kojeg ugla. Ugra\u0111eni vertikalni indikator nadgleda ugao palice, signaliziraju\u0107i je li opu\u0161ten ili nedovoljno ili previ\u0161e produ\u017een. Montiranje sa stezaljkama. Opcijska jedinica ekrana MR360 omogu\u0107uje be\u017ei\u010dni prenos ekrana u kabini stroja.\" \/>\n<meta property=\"og:url\" content=\"https:\/\/geooprema.com\/bs\/products\/geodetska-oprema\/geomax-mr360-prijemnik-sa-stezaljkama-bez-ekrana-punjive-baterije-kutija\/\" \/>\n<meta property=\"og:site_name\" content=\"Geooprema\" \/>\n<meta property=\"article:publisher\" content=\"https:\/\/www.facebook.com\/geoinfobih\" \/>\n<meta property=\"og:image\" content=\"https:\/\/geooprema.com\/wp-content\/uploads\/2020\/10\/Geomax-MR360-Receiver.png\" \/>\n\t<meta property=\"og:image:width\" content=\"800\" \/>\n\t<meta property=\"og:image:height\" content=\"800\" \/>\n\t<meta property=\"og:image:type\" content=\"image\/png\" \/>\n<meta name=\"twitter:card\" content=\"summary_large_image\" \/>\n<meta name=\"twitter:label1\" content=\"Est. reading time\" \/>\n\t<meta name=\"twitter:data1\" content=\"1 minuta\" \/>\n<script type=\"application\/ld+json\" class=\"yoast-schema-graph\">{\"@context\":\"https:\/\/schema.org\",\"@graph\":[{\"@type\":\"WebPage\",\"@id\":\"https:\/\/geooprema.com\/bs\/products\/geodetska-oprema\/geomax-mr360-prijemnik-sa-stezaljkama-bez-ekrana-punjive-baterije-kutija\/\",\"url\":\"https:\/\/geooprema.com\/bs\/products\/geodetska-oprema\/geomax-mr360-prijemnik-sa-stezaljkama-bez-ekrana-punjive-baterije-kutija\/\",\"name\":\"GeoMax MR360 Prijemnik sa stezaljkama bez ekrana (punjive baterije, kutija) - Geooprema\",\"isPartOf\":{\"@id\":\"https:\/\/geooprema.com\/#website\"},\"primaryImageOfPage\":{\"@id\":\"https:\/\/geooprema.com\/bs\/products\/geodetska-oprema\/geomax-mr360-prijemnik-sa-stezaljkama-bez-ekrana-punjive-baterije-kutija\/#primaryimage\"},\"image\":{\"@id\":\"https:\/\/geooprema.com\/bs\/products\/geodetska-oprema\/geomax-mr360-prijemnik-sa-stezaljkama-bez-ekrana-punjive-baterije-kutija\/#primaryimage\"},\"thumbnailUrl\":\"https:\/\/geooprema.com\/wp-content\/uploads\/2020\/10\/Geomax-MR360-Receiver.png\",\"datePublished\":\"2020-10-22T16:26:49+00:00\",\"breadcrumb\":{\"@id\":\"https:\/\/geooprema.com\/bs\/products\/geodetska-oprema\/geomax-mr360-prijemnik-sa-stezaljkama-bez-ekrana-punjive-baterije-kutija\/#breadcrumb\"},\"inLanguage\":\"bs-BA\",\"potentialAction\":[{\"@type\":\"ReadAction\",\"target\":[\"https:\/\/geooprema.com\/bs\/products\/geodetska-oprema\/geomax-mr360-prijemnik-sa-stezaljkama-bez-ekrana-punjive-baterije-kutija\/\"]}]},{\"@type\":\"ImageObject\",\"inLanguage\":\"bs-BA\",\"@id\":\"https:\/\/geooprema.com\/bs\/products\/geodetska-oprema\/geomax-mr360-prijemnik-sa-stezaljkama-bez-ekrana-punjive-baterije-kutija\/#primaryimage\",\"url\":\"https:\/\/geooprema.com\/wp-content\/uploads\/2020\/10\/Geomax-MR360-Receiver.png\",\"contentUrl\":\"https:\/\/geooprema.com\/wp-content\/uploads\/2020\/10\/Geomax-MR360-Receiver.png\",\"width\":800,\"height\":800,\"caption\":\"Geomax MR360 Receiver\"},{\"@type\":\"BreadcrumbList\",\"@id\":\"https:\/\/geooprema.com\/bs\/products\/geodetska-oprema\/geomax-mr360-prijemnik-sa-stezaljkama-bez-ekrana-punjive-baterije-kutija\/#breadcrumb\",\"itemListElement\":[{\"@type\":\"ListItem\",\"position\":1,\"name\":\"Home\",\"item\":\"https:\/\/geooprema.com\/bs\/\"},{\"@type\":\"ListItem\",\"position\":2,\"name\":\"Shop\",\"item\":\"https:\/\/geooprema.com\/shop-2\/\"},{\"@type\":\"ListItem\",\"position\":3,\"name\":\"GeoMax MR360 Prijemnik sa stezaljkama bez ekrana (punjive baterije, kutija)\"}]},{\"@type\":\"WebSite\",\"@id\":\"https:\/\/geooprema.com\/#website\",\"url\":\"https:\/\/geooprema.com\/\",\"name\":\"Geooprema\",\"description\":\"Surveying and Construction Equipmen, Software and Accessories\",\"publisher\":{\"@id\":\"https:\/\/geooprema.com\/#organization\"},\"potentialAction\":[{\"@type\":\"SearchAction\",\"target\":{\"@type\":\"EntryPoint\",\"urlTemplate\":\"https:\/\/geooprema.com\/?s={search_term_string}\"},\"query-input\":{\"@type\":\"PropertyValueSpecification\",\"valueRequired\":true,\"valueName\":\"search_term_string\"}}],\"inLanguage\":\"bs-BA\"},{\"@type\":\"Organization\",\"@id\":\"https:\/\/geooprema.com\/#organization\",\"name\":\"Geooprema\",\"url\":\"https:\/\/geooprema.com\/\",\"logo\":{\"@type\":\"ImageObject\",\"inLanguage\":\"bs-BA\",\"@id\":\"https:\/\/geooprema.com\/#\/schema\/logo\/image\/\",\"url\":\"https:\/\/geooprema.com\/wp-content\/uploads\/2020\/08\/geooprema-logo.png\",\"contentUrl\":\"https:\/\/geooprema.com\/wp-content\/uploads\/2020\/08\/geooprema-logo.png\",\"width\":513,\"height\":161,\"caption\":\"Geooprema\"},\"image\":{\"@id\":\"https:\/\/geooprema.com\/#\/schema\/logo\/image\/\"},\"sameAs\":[\"https:\/\/www.facebook.com\/geoinfobih\",\"https:\/\/www.instagram.com\/geoinfodoo\/\",\"https:\/\/www.linkedin.com\/company\/geoinfo-doo\/\",\"https:\/\/www.youtube.com\/c\/Geoinfodoo\"]}]}<\/script>\n<!-- \/ Yoast SEO plugin. -->","yoast_head_json":{"title":"GeoMax MR360 Prijemnik sa stezaljkama bez ekrana (punjive baterije, kutija) - Geooprema","robots":{"index":"index","follow":"follow","max-snippet":"max-snippet:-1","max-image-preview":"max-image-preview:large","max-video-preview":"max-video-preview:-1"},"canonical":"https:\/\/geooprema.com\/bs\/products\/geodetska-oprema\/geomax-mr360-prijemnik-sa-stezaljkama-bez-ekrana-punjive-baterije-kutija\/","og_locale":"bs_BA","og_type":"article","og_title":"GeoMax MR360 Prijemnik sa stezaljkama bez ekrana (punjive baterije, kutija) - Geooprema","og_description":"Opis: GeoMax MR360 nudi ta\u010dne informacije o ocjeni za sve aplikacije upravljanja vizualnim strojevima. Veliki prozori za otkrivanje od 360 \u00b0 hvataju bilo koji rotiraju\u0107i laser iz bilo kojeg ugla. Ugra\u0111eni vertikalni indikator nadgleda ugao palice, signaliziraju\u0107i je li opu\u0161ten ili nedovoljno ili previ\u0161e produ\u017een. Montiranje sa stezaljkama. Opcijska jedinica ekrana MR360 omogu\u0107uje be\u017ei\u010dni prenos ekrana u kabini stroja.","og_url":"https:\/\/geooprema.com\/bs\/products\/geodetska-oprema\/geomax-mr360-prijemnik-sa-stezaljkama-bez-ekrana-punjive-baterije-kutija\/","og_site_name":"Geooprema","article_publisher":"https:\/\/www.facebook.com\/geoinfobih","og_image":[{"width":800,"height":800,"url":"https:\/\/geooprema.com\/wp-content\/uploads\/2020\/10\/Geomax-MR360-Receiver.png","type":"image\/png"}],"twitter_card":"summary_large_image","twitter_misc":{"Est. reading time":"1 minuta"},"schema":{"@context":"https:\/\/schema.org","@graph":[{"@type":"WebPage","@id":"https:\/\/geooprema.com\/bs\/products\/geodetska-oprema\/geomax-mr360-prijemnik-sa-stezaljkama-bez-ekrana-punjive-baterije-kutija\/","url":"https:\/\/geooprema.com\/bs\/products\/geodetska-oprema\/geomax-mr360-prijemnik-sa-stezaljkama-bez-ekrana-punjive-baterije-kutija\/","name":"GeoMax MR360 Prijemnik sa stezaljkama bez ekrana (punjive baterije, kutija) - Geooprema","isPartOf":{"@id":"https:\/\/geooprema.com\/#website"},"primaryImageOfPage":{"@id":"https:\/\/geooprema.com\/bs\/products\/geodetska-oprema\/geomax-mr360-prijemnik-sa-stezaljkama-bez-ekrana-punjive-baterije-kutija\/#primaryimage"},"image":{"@id":"https:\/\/geooprema.com\/bs\/products\/geodetska-oprema\/geomax-mr360-prijemnik-sa-stezaljkama-bez-ekrana-punjive-baterije-kutija\/#primaryimage"},"thumbnailUrl":"https:\/\/geooprema.com\/wp-content\/uploads\/2020\/10\/Geomax-MR360-Receiver.png","datePublished":"2020-10-22T16:26:49+00:00","breadcrumb":{"@id":"https:\/\/geooprema.com\/bs\/products\/geodetska-oprema\/geomax-mr360-prijemnik-sa-stezaljkama-bez-ekrana-punjive-baterije-kutija\/#breadcrumb"},"inLanguage":"bs-BA","potentialAction":[{"@type":"ReadAction","target":["https:\/\/geooprema.com\/bs\/products\/geodetska-oprema\/geomax-mr360-prijemnik-sa-stezaljkama-bez-ekrana-punjive-baterije-kutija\/"]}]},{"@type":"ImageObject","inLanguage":"bs-BA","@id":"https:\/\/geooprema.com\/bs\/products\/geodetska-oprema\/geomax-mr360-prijemnik-sa-stezaljkama-bez-ekrana-punjive-baterije-kutija\/#primaryimage","url":"https:\/\/geooprema.com\/wp-content\/uploads\/2020\/10\/Geomax-MR360-Receiver.png","contentUrl":"https:\/\/geooprema.com\/wp-content\/uploads\/2020\/10\/Geomax-MR360-Receiver.png","width":800,"height":800,"caption":"Geomax MR360 Receiver"},{"@type":"BreadcrumbList","@id":"https:\/\/geooprema.com\/bs\/products\/geodetska-oprema\/geomax-mr360-prijemnik-sa-stezaljkama-bez-ekrana-punjive-baterije-kutija\/#breadcrumb","itemListElement":[{"@type":"ListItem","position":1,"name":"Home","item":"https:\/\/geooprema.com\/bs\/"},{"@type":"ListItem","position":2,"name":"Shop","item":"https:\/\/geooprema.com\/shop-2\/"},{"@type":"ListItem","position":3,"name":"GeoMax MR360 Prijemnik sa stezaljkama bez ekrana (punjive baterije, kutija)"}]},{"@type":"WebSite","@id":"https:\/\/geooprema.com\/#website","url":"https:\/\/geooprema.com\/","name":"Geooprema","description":"Surveying and Construction Equipmen, Software and Accessories","publisher":{"@id":"https:\/\/geooprema.com\/#organization"},"potentialAction":[{"@type":"SearchAction","target":{"@type":"EntryPoint","urlTemplate":"https:\/\/geooprema.com\/?s={search_term_string}"},"query-input":{"@type":"PropertyValueSpecification","valueRequired":true,"valueName":"search_term_string"}}],"inLanguage":"bs-BA"},{"@type":"Organization","@id":"https:\/\/geooprema.com\/#organization","name":"Geooprema","url":"https:\/\/geooprema.com\/","logo":{"@type":"ImageObject","inLanguage":"bs-BA","@id":"https:\/\/geooprema.com\/#\/schema\/logo\/image\/","url":"https:\/\/geooprema.com\/wp-content\/uploads\/2020\/08\/geooprema-logo.png","contentUrl":"https:\/\/geooprema.com\/wp-content\/uploads\/2020\/08\/geooprema-logo.png","width":513,"height":161,"caption":"Geooprema"},"image":{"@id":"https:\/\/geooprema.com\/#\/schema\/logo\/image\/"},"sameAs":["https:\/\/www.facebook.com\/geoinfobih","https:\/\/www.instagram.com\/geoinfodoo\/","https:\/\/www.linkedin.com\/company\/geoinfo-doo\/","https:\/\/www.youtube.com\/c\/Geoinfodoo"]}]}},"_links":{"self":[{"href":"https:\/\/geooprema.com\/bs\/wp-json\/wp\/v2\/product\/32061","targetHints":{"allow":["GET"]}}],"collection":[{"href":"https:\/\/geooprema.com\/bs\/wp-json\/wp\/v2\/product"}],"about":[{"href":"https:\/\/geooprema.com\/bs\/wp-json\/wp\/v2\/types\/product"}],"replies":[{"embeddable":true,"href":"https:\/\/geooprema.com\/bs\/wp-json\/wp\/v2\/comments?post=32061"}],"wp:featuredmedia":[{"embeddable":true,"href":"https:\/\/geooprema.com\/bs\/wp-json\/wp\/v2\/media\/29102"}],"wp:attachment":[{"href":"https:\/\/geooprema.com\/bs\/wp-json\/wp\/v2\/media?parent=32061"}],"wp:term":[{"taxonomy":"product_brand","embeddable":true,"href":"https:\/\/geooprema.com\/bs\/wp-json\/wp\/v2\/product_brand?post=32061"},{"taxonomy":"product_cat","embeddable":true,"href":"https:\/\/geooprema.com\/bs\/wp-json\/wp\/v2\/product_cat?post=32061"},{"taxonomy":"product_tag","embeddable":true,"href":"https:\/\/geooprema.com\/bs\/wp-json\/wp\/v2\/product_tag?post=32061"}],"curies":[{"name":"wp","href":"https:\/\/api.w.org\/{rel}","templated":true}]}}