
{"id":32059,"date":"2020-10-22T16:11:27","date_gmt":"2020-10-22T16:11:27","guid":{"rendered":"https:\/\/geooprema.com\/products\/Bez kategorije\/geomax-mr240-resiver-sa-kutijom\/"},"modified":"2020-10-22T16:11:27","modified_gmt":"2020-10-22T16:11:27","slug":"geomax-mr240-resiver-sa-kutijom","status":"publish","type":"product","link":"https:\/\/geooprema.com\/bs\/products\/gradjevinska-oprema\/prijemnici-za-upravljanje-masinom\/geomax-mr240-resiver-sa-kutijom\/","title":{"rendered":"GeoMax MR240 resiver sa kutijom"},"content":{"rendered":"<ul style=\"margin-bottom: 20px; padding-left: 15px; margin-top: 20px; family font: Arial, Helvetica, sans-serif; font-size: 12px;\">\n<li>\n<h6>LED indikatori pokazuju polo\u017eaj rezne ivice u odnosu na referentnu zraku lasera<\/h6>\n<\/li>\n<li>\n<h6>\u00a0Memorija pohranjuje zadnji primljeni signal. LED strelice pokazuju na koji na\u010din se pomi\u010de ka\u0161ika da bi se ponovo pokupila laserska zraka<\/h6>\n<\/li>\n<li>\n<h6>\u00a0Izbor izme\u0111u tri postavke: 3 kanala (indikatori) u grubom na\u010dinu; 3-5 kanala u finom na\u010dinu rada<\/h6>\n<\/li>\n<li style=\"color: # 333333; visina linije: 15px; margin-bottom: 7px; padding-left: 15px; background-image: url ('..\/ images \/ icons \/ bullet.png'); background- ponavljanje: nema ponavljanja; pozicija pozadine: lijevo sredi\u0161te; vrsta stila liste: nema; poravnanje teksta: lijevo;\">\n<h6>\u00a0Magnetni nosa\u010d omogu\u0107ava brzu monta\u017eu i lako kretanje od ma\u0161ine do ma\u0161ine<\/h6>\n<\/li>\n<\/ul>\n","protected":false},"excerpt":{"rendered":"<p>Opis: Idealan za upotrebu s rovokopa\u010dima i mini bagerima, ovaj MR240 prijamnik nudi prakti\u010dnost strojno postavljenog zaslona po ekonomi\u010dnoj cijeni.<br \/>\nU svakom trenutku znajte u kojem smjeru trebate kretati da bi ka\u0161ika dosegla ocjenu s LED indikatorima. Tako\u0111e pripazite na polo\u017eaj reznog ruba u odnosu na lasersku referentnu zraku s indikatorima.<br \/>\nOdabirom triju kanala u grubom na\u010dinu rada i tri-pet kanala u finom na\u010dinu rada, rad ipak najbolje odgovara va\u0161im potrebama.<br \/>\nS izuzetno jakim magnetima od rijetkih zemalja, zaslon ne ide nikuda ni na najte\u017eim terenima. Ekran je tako\u0111e vodootporan i dolazi s automatskim isklju\u010divanjem.<\/p>\n","protected":false},"featured_media":29096,"comment_status":"open","ping_status":"closed","template":"","meta":{"_acf_changed":false},"product_brand":[],"product_cat":[341,1281],"product_tag":[],"class_list":{"0":"post-32059","1":"product","2":"type-product","3":"status-publish","4":"has-post-thumbnail","6":"product_cat-geodetska-oprema","7":"product_cat-prijemnici-za-upravljanje-masinom","8":"pa_brand-geomax-positioning-bs","10":"first","11":"onbackorder","12":"taxable","13":"shipping-taxable","14":"product-type-simple","swatches":"rey-swatches","show_selected":""},"acf":[],"yoast_head":"<!-- This site is optimized with the Yoast SEO plugin v24.9 - https:\/\/yoast.com\/wordpress\/plugins\/seo\/ -->\n<title>GeoMax MR240 resiver sa kutijom - Geooprema<\/title>\n<meta name=\"robots\" content=\"index, follow, max-snippet:-1, max-image-preview:large, max-video-preview:-1\" \/>\n<link rel=\"canonical\" href=\"https:\/\/geooprema.com\/bs\/products\/geodetska-oprema\/geomax-mr240-resiver-sa-kutijom\/\" \/>\n<meta property=\"og:locale\" content=\"bs_BA\" \/>\n<meta property=\"og:type\" content=\"article\" \/>\n<meta property=\"og:title\" content=\"GeoMax MR240 resiver sa kutijom - Geooprema\" \/>\n<meta property=\"og:description\" content=\"Opis: Idealan za upotrebu s rovokopa\u010dima i mini bagerima, ovaj MR240 prijamnik nudi prakti\u010dnost strojno postavljenog zaslona po ekonomi\u010dnoj cijeni. U svakom trenutku znajte u kojem smjeru trebate kretati da bi ka\u0161ika dosegla ocjenu s LED indikatorima. Tako\u0111e pripazite na polo\u017eaj reznog ruba u odnosu na lasersku referentnu zraku s indikatorima. Odabirom triju kanala u grubom na\u010dinu rada i tri-pet kanala u finom na\u010dinu rada, rad ipak najbolje odgovara va\u0161im potrebama. S izuzetno jakim magnetima od rijetkih zemalja, zaslon ne ide nikuda ni na najte\u017eim terenima. Ekran je tako\u0111e vodootporan i dolazi s automatskim isklju\u010divanjem.\" \/>\n<meta property=\"og:url\" content=\"https:\/\/geooprema.com\/bs\/products\/geodetska-oprema\/geomax-mr240-resiver-sa-kutijom\/\" \/>\n<meta property=\"og:site_name\" content=\"Geooprema\" \/>\n<meta property=\"article:publisher\" content=\"https:\/\/www.facebook.com\/geoinfobih\" \/>\n<meta property=\"og:image\" content=\"https:\/\/geooprema.com\/wp-content\/uploads\/2020\/10\/Geomax-MR240.png\" \/>\n\t<meta property=\"og:image:width\" content=\"800\" \/>\n\t<meta property=\"og:image:height\" content=\"800\" \/>\n\t<meta property=\"og:image:type\" content=\"image\/png\" \/>\n<meta name=\"twitter:card\" content=\"summary_large_image\" \/>\n<script type=\"application\/ld+json\" class=\"yoast-schema-graph\">{\"@context\":\"https:\/\/schema.org\",\"@graph\":[{\"@type\":\"WebPage\",\"@id\":\"https:\/\/geooprema.com\/bs\/products\/geodetska-oprema\/geomax-mr240-resiver-sa-kutijom\/\",\"url\":\"https:\/\/geooprema.com\/bs\/products\/geodetska-oprema\/geomax-mr240-resiver-sa-kutijom\/\",\"name\":\"GeoMax MR240 resiver sa kutijom - Geooprema\",\"isPartOf\":{\"@id\":\"https:\/\/geooprema.com\/#website\"},\"primaryImageOfPage\":{\"@id\":\"https:\/\/geooprema.com\/bs\/products\/geodetska-oprema\/geomax-mr240-resiver-sa-kutijom\/#primaryimage\"},\"image\":{\"@id\":\"https:\/\/geooprema.com\/bs\/products\/geodetska-oprema\/geomax-mr240-resiver-sa-kutijom\/#primaryimage\"},\"thumbnailUrl\":\"https:\/\/geooprema.com\/wp-content\/uploads\/2020\/10\/Geomax-MR240.png\",\"datePublished\":\"2020-10-22T16:11:27+00:00\",\"breadcrumb\":{\"@id\":\"https:\/\/geooprema.com\/bs\/products\/geodetska-oprema\/geomax-mr240-resiver-sa-kutijom\/#breadcrumb\"},\"inLanguage\":\"bs-BA\",\"potentialAction\":[{\"@type\":\"ReadAction\",\"target\":[\"https:\/\/geooprema.com\/bs\/products\/geodetska-oprema\/geomax-mr240-resiver-sa-kutijom\/\"]}]},{\"@type\":\"ImageObject\",\"inLanguage\":\"bs-BA\",\"@id\":\"https:\/\/geooprema.com\/bs\/products\/geodetska-oprema\/geomax-mr240-resiver-sa-kutijom\/#primaryimage\",\"url\":\"https:\/\/geooprema.com\/wp-content\/uploads\/2020\/10\/Geomax-MR240.png\",\"contentUrl\":\"https:\/\/geooprema.com\/wp-content\/uploads\/2020\/10\/Geomax-MR240.png\",\"width\":800,\"height\":800,\"caption\":\"GeoMax MR240 Receiver with carrying case\"},{\"@type\":\"BreadcrumbList\",\"@id\":\"https:\/\/geooprema.com\/bs\/products\/geodetska-oprema\/geomax-mr240-resiver-sa-kutijom\/#breadcrumb\",\"itemListElement\":[{\"@type\":\"ListItem\",\"position\":1,\"name\":\"Home\",\"item\":\"https:\/\/geooprema.com\/bs\/\"},{\"@type\":\"ListItem\",\"position\":2,\"name\":\"Shop\",\"item\":\"https:\/\/geooprema.com\/shop-2\/\"},{\"@type\":\"ListItem\",\"position\":3,\"name\":\"GeoMax MR240 resiver sa kutijom\"}]},{\"@type\":\"WebSite\",\"@id\":\"https:\/\/geooprema.com\/#website\",\"url\":\"https:\/\/geooprema.com\/\",\"name\":\"Geooprema\",\"description\":\"Surveying and Construction Equipmen, Software and Accessories\",\"publisher\":{\"@id\":\"https:\/\/geooprema.com\/#organization\"},\"potentialAction\":[{\"@type\":\"SearchAction\",\"target\":{\"@type\":\"EntryPoint\",\"urlTemplate\":\"https:\/\/geooprema.com\/?s={search_term_string}\"},\"query-input\":{\"@type\":\"PropertyValueSpecification\",\"valueRequired\":true,\"valueName\":\"search_term_string\"}}],\"inLanguage\":\"bs-BA\"},{\"@type\":\"Organization\",\"@id\":\"https:\/\/geooprema.com\/#organization\",\"name\":\"Geooprema\",\"url\":\"https:\/\/geooprema.com\/\",\"logo\":{\"@type\":\"ImageObject\",\"inLanguage\":\"bs-BA\",\"@id\":\"https:\/\/geooprema.com\/#\/schema\/logo\/image\/\",\"url\":\"https:\/\/geooprema.com\/wp-content\/uploads\/2020\/08\/geooprema-logo.png\",\"contentUrl\":\"https:\/\/geooprema.com\/wp-content\/uploads\/2020\/08\/geooprema-logo.png\",\"width\":513,\"height\":161,\"caption\":\"Geooprema\"},\"image\":{\"@id\":\"https:\/\/geooprema.com\/#\/schema\/logo\/image\/\"},\"sameAs\":[\"https:\/\/www.facebook.com\/geoinfobih\",\"https:\/\/www.instagram.com\/geoinfodoo\/\",\"https:\/\/www.linkedin.com\/company\/geoinfo-doo\/\",\"https:\/\/www.youtube.com\/c\/Geoinfodoo\"]}]}<\/script>\n<!-- \/ Yoast SEO plugin. -->","yoast_head_json":{"title":"GeoMax MR240 resiver sa kutijom - Geooprema","robots":{"index":"index","follow":"follow","max-snippet":"max-snippet:-1","max-image-preview":"max-image-preview:large","max-video-preview":"max-video-preview:-1"},"canonical":"https:\/\/geooprema.com\/bs\/products\/geodetska-oprema\/geomax-mr240-resiver-sa-kutijom\/","og_locale":"bs_BA","og_type":"article","og_title":"GeoMax MR240 resiver sa kutijom - Geooprema","og_description":"Opis: Idealan za upotrebu s rovokopa\u010dima i mini bagerima, ovaj MR240 prijamnik nudi prakti\u010dnost strojno postavljenog zaslona po ekonomi\u010dnoj cijeni. U svakom trenutku znajte u kojem smjeru trebate kretati da bi ka\u0161ika dosegla ocjenu s LED indikatorima. Tako\u0111e pripazite na polo\u017eaj reznog ruba u odnosu na lasersku referentnu zraku s indikatorima. Odabirom triju kanala u grubom na\u010dinu rada i tri-pet kanala u finom na\u010dinu rada, rad ipak najbolje odgovara va\u0161im potrebama. S izuzetno jakim magnetima od rijetkih zemalja, zaslon ne ide nikuda ni na najte\u017eim terenima. Ekran je tako\u0111e vodootporan i dolazi s automatskim isklju\u010divanjem.","og_url":"https:\/\/geooprema.com\/bs\/products\/geodetska-oprema\/geomax-mr240-resiver-sa-kutijom\/","og_site_name":"Geooprema","article_publisher":"https:\/\/www.facebook.com\/geoinfobih","og_image":[{"width":800,"height":800,"url":"https:\/\/geooprema.com\/wp-content\/uploads\/2020\/10\/Geomax-MR240.png","type":"image\/png"}],"twitter_card":"summary_large_image","schema":{"@context":"https:\/\/schema.org","@graph":[{"@type":"WebPage","@id":"https:\/\/geooprema.com\/bs\/products\/geodetska-oprema\/geomax-mr240-resiver-sa-kutijom\/","url":"https:\/\/geooprema.com\/bs\/products\/geodetska-oprema\/geomax-mr240-resiver-sa-kutijom\/","name":"GeoMax MR240 resiver sa kutijom - Geooprema","isPartOf":{"@id":"https:\/\/geooprema.com\/#website"},"primaryImageOfPage":{"@id":"https:\/\/geooprema.com\/bs\/products\/geodetska-oprema\/geomax-mr240-resiver-sa-kutijom\/#primaryimage"},"image":{"@id":"https:\/\/geooprema.com\/bs\/products\/geodetska-oprema\/geomax-mr240-resiver-sa-kutijom\/#primaryimage"},"thumbnailUrl":"https:\/\/geooprema.com\/wp-content\/uploads\/2020\/10\/Geomax-MR240.png","datePublished":"2020-10-22T16:11:27+00:00","breadcrumb":{"@id":"https:\/\/geooprema.com\/bs\/products\/geodetska-oprema\/geomax-mr240-resiver-sa-kutijom\/#breadcrumb"},"inLanguage":"bs-BA","potentialAction":[{"@type":"ReadAction","target":["https:\/\/geooprema.com\/bs\/products\/geodetska-oprema\/geomax-mr240-resiver-sa-kutijom\/"]}]},{"@type":"ImageObject","inLanguage":"bs-BA","@id":"https:\/\/geooprema.com\/bs\/products\/geodetska-oprema\/geomax-mr240-resiver-sa-kutijom\/#primaryimage","url":"https:\/\/geooprema.com\/wp-content\/uploads\/2020\/10\/Geomax-MR240.png","contentUrl":"https:\/\/geooprema.com\/wp-content\/uploads\/2020\/10\/Geomax-MR240.png","width":800,"height":800,"caption":"GeoMax MR240 Receiver with carrying case"},{"@type":"BreadcrumbList","@id":"https:\/\/geooprema.com\/bs\/products\/geodetska-oprema\/geomax-mr240-resiver-sa-kutijom\/#breadcrumb","itemListElement":[{"@type":"ListItem","position":1,"name":"Home","item":"https:\/\/geooprema.com\/bs\/"},{"@type":"ListItem","position":2,"name":"Shop","item":"https:\/\/geooprema.com\/shop-2\/"},{"@type":"ListItem","position":3,"name":"GeoMax MR240 resiver sa kutijom"}]},{"@type":"WebSite","@id":"https:\/\/geooprema.com\/#website","url":"https:\/\/geooprema.com\/","name":"Geooprema","description":"Surveying and Construction Equipmen, Software and Accessories","publisher":{"@id":"https:\/\/geooprema.com\/#organization"},"potentialAction":[{"@type":"SearchAction","target":{"@type":"EntryPoint","urlTemplate":"https:\/\/geooprema.com\/?s={search_term_string}"},"query-input":{"@type":"PropertyValueSpecification","valueRequired":true,"valueName":"search_term_string"}}],"inLanguage":"bs-BA"},{"@type":"Organization","@id":"https:\/\/geooprema.com\/#organization","name":"Geooprema","url":"https:\/\/geooprema.com\/","logo":{"@type":"ImageObject","inLanguage":"bs-BA","@id":"https:\/\/geooprema.com\/#\/schema\/logo\/image\/","url":"https:\/\/geooprema.com\/wp-content\/uploads\/2020\/08\/geooprema-logo.png","contentUrl":"https:\/\/geooprema.com\/wp-content\/uploads\/2020\/08\/geooprema-logo.png","width":513,"height":161,"caption":"Geooprema"},"image":{"@id":"https:\/\/geooprema.com\/#\/schema\/logo\/image\/"},"sameAs":["https:\/\/www.facebook.com\/geoinfobih","https:\/\/www.instagram.com\/geoinfodoo\/","https:\/\/www.linkedin.com\/company\/geoinfo-doo\/","https:\/\/www.youtube.com\/c\/Geoinfodoo"]}]}},"_links":{"self":[{"href":"https:\/\/geooprema.com\/bs\/wp-json\/wp\/v2\/product\/32059","targetHints":{"allow":["GET"]}}],"collection":[{"href":"https:\/\/geooprema.com\/bs\/wp-json\/wp\/v2\/product"}],"about":[{"href":"https:\/\/geooprema.com\/bs\/wp-json\/wp\/v2\/types\/product"}],"replies":[{"embeddable":true,"href":"https:\/\/geooprema.com\/bs\/wp-json\/wp\/v2\/comments?post=32059"}],"wp:featuredmedia":[{"embeddable":true,"href":"https:\/\/geooprema.com\/bs\/wp-json\/wp\/v2\/media\/29096"}],"wp:attachment":[{"href":"https:\/\/geooprema.com\/bs\/wp-json\/wp\/v2\/media?parent=32059"}],"wp:term":[{"taxonomy":"product_brand","embeddable":true,"href":"https:\/\/geooprema.com\/bs\/wp-json\/wp\/v2\/product_brand?post=32059"},{"taxonomy":"product_cat","embeddable":true,"href":"https:\/\/geooprema.com\/bs\/wp-json\/wp\/v2\/product_cat?post=32059"},{"taxonomy":"product_tag","embeddable":true,"href":"https:\/\/geooprema.com\/bs\/wp-json\/wp\/v2\/product_tag?post=32059"}],"curies":[{"name":"wp","href":"https:\/\/api.w.org\/{rel}","templated":true}]}}