
{"id":32057,"date":"2020-10-12T08:17:38","date_gmt":"2020-10-12T08:17:38","guid":{"rendered":"https:\/\/geooprema.com\/products\/Bez kategorije\/nedo-laserski-resiver-za-bagere\/"},"modified":"2020-10-12T08:17:38","modified_gmt":"2020-10-12T08:17:38","slug":"nedo-laserski-resiver-za-bagere","status":"publish","type":"product","link":"https:\/\/geooprema.com\/bs\/products\/gradjevinska-oprema\/prijemnici-za-upravljanje-masinom\/nedo-laserski-resiver-za-bagere\/","title":{"rendered":"Nedo laserski resiver za bagere"},"content":{"rendered":"<p> <strong> Ref.-br. <\/strong> <\/p>\n<p> 430335 <\/p>\n<p> <strong> Preciznost: <\/strong> \u00b1 4 mm, \u00b1 8 mm i \u00b1 12 mm <\/p>\n<p> <strong> Radni domet \u00d8: <\/strong> \u00d8 1000 m (ovisno o laseru) <\/p>\n<p> <strong> Prihvatni ugao: <\/strong> 220 \u00b0 <\/p>\n<p> <strong> Du\u017eina polja detektora: <\/strong> 190 mm <\/p>\n<p> <strong> Klasa za\u0161tite: <\/strong> IP66 <\/p>\n<p> <strong> Radna temperatura: <\/strong> -10 \u00b0 C do + 50 \u00b0 C <\/p>\n<p> <strong> Napajanje: <\/strong> 1 x 1,5 V mono-\u0107elija <\/p>\n<p> <strong> Trajanje rada: <\/strong> pribli\u017eno 45 h <\/p>\n","protected":false},"excerpt":{"rendered":"<p>Opis: \u010cvrst laserski prijemnik s lako vidljivim ekranom za upotrebu s gra\u0111evinskim strojevima. Kada se koristi s rotiraju\u0107im laserom, novi Nedo ACCEPTOR M resiver za bager ta\u010dno pokazuje je li o\u0161trica bagera gore, na ili ispod potrebne visine. Velike, svijetle LED diode olak\u0161avaju prikaz ekrana iz kabine bagera. Preklopna kompenzacija nagiba predstavlja naginjanje lopatice za nagib do ugla od 30 \u00b0. Na taj na\u010din ACCEPTOR M pouzdano i ta\u010dno prikazuje polo\u017eaj lopatice bagera u odnosu na potrebnu visinu.<\/p>\n","protected":false},"featured_media":26302,"comment_status":"open","ping_status":"closed","template":"","meta":{"_acf_changed":false},"product_brand":[],"product_cat":[1281],"product_tag":[],"class_list":{"0":"post-32057","1":"product","2":"type-product","3":"status-publish","4":"has-post-thumbnail","6":"product_cat-prijemnici-za-upravljanje-masinom","7":"pa_brand-nedo-bs","9":"first","10":"onbackorder","11":"taxable","12":"shipping-taxable","13":"product-type-simple","swatches":"rey-swatches","show_selected":""},"acf":[],"yoast_head":"<!-- This site is optimized with the Yoast SEO plugin v24.9 - https:\/\/yoast.com\/wordpress\/plugins\/seo\/ -->\n<title>Nedo laserski resiver za bagere - Geooprema<\/title>\n<meta name=\"robots\" content=\"index, follow, max-snippet:-1, max-image-preview:large, max-video-preview:-1\" \/>\n<link rel=\"canonical\" href=\"https:\/\/geooprema.com\/bs\/products\/prijemnici-za-upravljanje-masinom\/nedo-laserski-resiver-za-bagere\/\" \/>\n<meta property=\"og:locale\" content=\"bs_BA\" \/>\n<meta property=\"og:type\" content=\"article\" \/>\n<meta property=\"og:title\" content=\"Nedo laserski resiver za bagere - Geooprema\" \/>\n<meta property=\"og:description\" content=\"Opis: \u010cvrst laserski prijemnik s lako vidljivim ekranom za upotrebu s gra\u0111evinskim strojevima. Kada se koristi s rotiraju\u0107im laserom, novi Nedo ACCEPTOR M resiver za bager ta\u010dno pokazuje je li o\u0161trica bagera gore, na ili ispod potrebne visine. Velike, svijetle LED diode olak\u0161avaju prikaz ekrana iz kabine bagera. Preklopna kompenzacija nagiba predstavlja naginjanje lopatice za nagib do ugla od 30 \u00b0. Na taj na\u010din ACCEPTOR M pouzdano i ta\u010dno prikazuje polo\u017eaj lopatice bagera u odnosu na potrebnu visinu.\" \/>\n<meta property=\"og:url\" content=\"https:\/\/geooprema.com\/bs\/products\/prijemnici-za-upravljanje-masinom\/nedo-laserski-resiver-za-bagere\/\" \/>\n<meta property=\"og:site_name\" content=\"Geooprema\" \/>\n<meta property=\"article:publisher\" content=\"https:\/\/www.facebook.com\/geoinfobih\" \/>\n<meta property=\"og:image\" content=\"https:\/\/geooprema.com\/wp-content\/uploads\/2020\/10\/ACCEPTORM-Excavator.jpg\" \/>\n\t<meta property=\"og:image:width\" content=\"800\" \/>\n\t<meta property=\"og:image:height\" content=\"800\" \/>\n\t<meta property=\"og:image:type\" content=\"image\/jpeg\" \/>\n<meta name=\"twitter:card\" content=\"summary_large_image\" \/>\n<script type=\"application\/ld+json\" class=\"yoast-schema-graph\">{\"@context\":\"https:\/\/schema.org\",\"@graph\":[{\"@type\":\"WebPage\",\"@id\":\"https:\/\/geooprema.com\/bs\/products\/prijemnici-za-upravljanje-masinom\/nedo-laserski-resiver-za-bagere\/\",\"url\":\"https:\/\/geooprema.com\/bs\/products\/prijemnici-za-upravljanje-masinom\/nedo-laserski-resiver-za-bagere\/\",\"name\":\"Nedo laserski resiver za bagere - Geooprema\",\"isPartOf\":{\"@id\":\"https:\/\/geooprema.com\/#website\"},\"primaryImageOfPage\":{\"@id\":\"https:\/\/geooprema.com\/bs\/products\/prijemnici-za-upravljanje-masinom\/nedo-laserski-resiver-za-bagere\/#primaryimage\"},\"image\":{\"@id\":\"https:\/\/geooprema.com\/bs\/products\/prijemnici-za-upravljanje-masinom\/nedo-laserski-resiver-za-bagere\/#primaryimage\"},\"thumbnailUrl\":\"https:\/\/geooprema.com\/wp-content\/uploads\/2020\/10\/ACCEPTORM-Excavator.jpg\",\"datePublished\":\"2020-10-12T08:17:38+00:00\",\"breadcrumb\":{\"@id\":\"https:\/\/geooprema.com\/bs\/products\/prijemnici-za-upravljanje-masinom\/nedo-laserski-resiver-za-bagere\/#breadcrumb\"},\"inLanguage\":\"bs-BA\",\"potentialAction\":[{\"@type\":\"ReadAction\",\"target\":[\"https:\/\/geooprema.com\/bs\/products\/prijemnici-za-upravljanje-masinom\/nedo-laserski-resiver-za-bagere\/\"]}]},{\"@type\":\"ImageObject\",\"inLanguage\":\"bs-BA\",\"@id\":\"https:\/\/geooprema.com\/bs\/products\/prijemnici-za-upravljanje-masinom\/nedo-laserski-resiver-za-bagere\/#primaryimage\",\"url\":\"https:\/\/geooprema.com\/wp-content\/uploads\/2020\/10\/ACCEPTORM-Excavator.jpg\",\"contentUrl\":\"https:\/\/geooprema.com\/wp-content\/uploads\/2020\/10\/ACCEPTORM-Excavator.jpg\",\"width\":800,\"height\":800,\"caption\":\"Nedo Laser Receivers Excavator\"},{\"@type\":\"BreadcrumbList\",\"@id\":\"https:\/\/geooprema.com\/bs\/products\/prijemnici-za-upravljanje-masinom\/nedo-laserski-resiver-za-bagere\/#breadcrumb\",\"itemListElement\":[{\"@type\":\"ListItem\",\"position\":1,\"name\":\"Home\",\"item\":\"https:\/\/geooprema.com\/bs\/\"},{\"@type\":\"ListItem\",\"position\":2,\"name\":\"Shop\",\"item\":\"https:\/\/geooprema.com\/shop-2\/\"},{\"@type\":\"ListItem\",\"position\":3,\"name\":\"Nedo laserski resiver za bagere\"}]},{\"@type\":\"WebSite\",\"@id\":\"https:\/\/geooprema.com\/#website\",\"url\":\"https:\/\/geooprema.com\/\",\"name\":\"Geooprema\",\"description\":\"Surveying and Construction Equipmen, Software and Accessories\",\"publisher\":{\"@id\":\"https:\/\/geooprema.com\/#organization\"},\"potentialAction\":[{\"@type\":\"SearchAction\",\"target\":{\"@type\":\"EntryPoint\",\"urlTemplate\":\"https:\/\/geooprema.com\/?s={search_term_string}\"},\"query-input\":{\"@type\":\"PropertyValueSpecification\",\"valueRequired\":true,\"valueName\":\"search_term_string\"}}],\"inLanguage\":\"bs-BA\"},{\"@type\":\"Organization\",\"@id\":\"https:\/\/geooprema.com\/#organization\",\"name\":\"Geooprema\",\"url\":\"https:\/\/geooprema.com\/\",\"logo\":{\"@type\":\"ImageObject\",\"inLanguage\":\"bs-BA\",\"@id\":\"https:\/\/geooprema.com\/#\/schema\/logo\/image\/\",\"url\":\"https:\/\/geooprema.com\/wp-content\/uploads\/2020\/08\/geooprema-logo.png\",\"contentUrl\":\"https:\/\/geooprema.com\/wp-content\/uploads\/2020\/08\/geooprema-logo.png\",\"width\":513,\"height\":161,\"caption\":\"Geooprema\"},\"image\":{\"@id\":\"https:\/\/geooprema.com\/#\/schema\/logo\/image\/\"},\"sameAs\":[\"https:\/\/www.facebook.com\/geoinfobih\",\"https:\/\/www.instagram.com\/geoinfodoo\/\",\"https:\/\/www.linkedin.com\/company\/geoinfo-doo\/\",\"https:\/\/www.youtube.com\/c\/Geoinfodoo\"]}]}<\/script>\n<!-- \/ Yoast SEO plugin. -->","yoast_head_json":{"title":"Nedo laserski resiver za bagere - Geooprema","robots":{"index":"index","follow":"follow","max-snippet":"max-snippet:-1","max-image-preview":"max-image-preview:large","max-video-preview":"max-video-preview:-1"},"canonical":"https:\/\/geooprema.com\/bs\/products\/prijemnici-za-upravljanje-masinom\/nedo-laserski-resiver-za-bagere\/","og_locale":"bs_BA","og_type":"article","og_title":"Nedo laserski resiver za bagere - Geooprema","og_description":"Opis: \u010cvrst laserski prijemnik s lako vidljivim ekranom za upotrebu s gra\u0111evinskim strojevima. Kada se koristi s rotiraju\u0107im laserom, novi Nedo ACCEPTOR M resiver za bager ta\u010dno pokazuje je li o\u0161trica bagera gore, na ili ispod potrebne visine. Velike, svijetle LED diode olak\u0161avaju prikaz ekrana iz kabine bagera. Preklopna kompenzacija nagiba predstavlja naginjanje lopatice za nagib do ugla od 30 \u00b0. Na taj na\u010din ACCEPTOR M pouzdano i ta\u010dno prikazuje polo\u017eaj lopatice bagera u odnosu na potrebnu visinu.","og_url":"https:\/\/geooprema.com\/bs\/products\/prijemnici-za-upravljanje-masinom\/nedo-laserski-resiver-za-bagere\/","og_site_name":"Geooprema","article_publisher":"https:\/\/www.facebook.com\/geoinfobih","og_image":[{"width":800,"height":800,"url":"https:\/\/geooprema.com\/wp-content\/uploads\/2020\/10\/ACCEPTORM-Excavator.jpg","type":"image\/jpeg"}],"twitter_card":"summary_large_image","schema":{"@context":"https:\/\/schema.org","@graph":[{"@type":"WebPage","@id":"https:\/\/geooprema.com\/bs\/products\/prijemnici-za-upravljanje-masinom\/nedo-laserski-resiver-za-bagere\/","url":"https:\/\/geooprema.com\/bs\/products\/prijemnici-za-upravljanje-masinom\/nedo-laserski-resiver-za-bagere\/","name":"Nedo laserski resiver za bagere - Geooprema","isPartOf":{"@id":"https:\/\/geooprema.com\/#website"},"primaryImageOfPage":{"@id":"https:\/\/geooprema.com\/bs\/products\/prijemnici-za-upravljanje-masinom\/nedo-laserski-resiver-za-bagere\/#primaryimage"},"image":{"@id":"https:\/\/geooprema.com\/bs\/products\/prijemnici-za-upravljanje-masinom\/nedo-laserski-resiver-za-bagere\/#primaryimage"},"thumbnailUrl":"https:\/\/geooprema.com\/wp-content\/uploads\/2020\/10\/ACCEPTORM-Excavator.jpg","datePublished":"2020-10-12T08:17:38+00:00","breadcrumb":{"@id":"https:\/\/geooprema.com\/bs\/products\/prijemnici-za-upravljanje-masinom\/nedo-laserski-resiver-za-bagere\/#breadcrumb"},"inLanguage":"bs-BA","potentialAction":[{"@type":"ReadAction","target":["https:\/\/geooprema.com\/bs\/products\/prijemnici-za-upravljanje-masinom\/nedo-laserski-resiver-za-bagere\/"]}]},{"@type":"ImageObject","inLanguage":"bs-BA","@id":"https:\/\/geooprema.com\/bs\/products\/prijemnici-za-upravljanje-masinom\/nedo-laserski-resiver-za-bagere\/#primaryimage","url":"https:\/\/geooprema.com\/wp-content\/uploads\/2020\/10\/ACCEPTORM-Excavator.jpg","contentUrl":"https:\/\/geooprema.com\/wp-content\/uploads\/2020\/10\/ACCEPTORM-Excavator.jpg","width":800,"height":800,"caption":"Nedo Laser Receivers Excavator"},{"@type":"BreadcrumbList","@id":"https:\/\/geooprema.com\/bs\/products\/prijemnici-za-upravljanje-masinom\/nedo-laserski-resiver-za-bagere\/#breadcrumb","itemListElement":[{"@type":"ListItem","position":1,"name":"Home","item":"https:\/\/geooprema.com\/bs\/"},{"@type":"ListItem","position":2,"name":"Shop","item":"https:\/\/geooprema.com\/shop-2\/"},{"@type":"ListItem","position":3,"name":"Nedo laserski resiver za bagere"}]},{"@type":"WebSite","@id":"https:\/\/geooprema.com\/#website","url":"https:\/\/geooprema.com\/","name":"Geooprema","description":"Surveying and Construction Equipmen, Software and Accessories","publisher":{"@id":"https:\/\/geooprema.com\/#organization"},"potentialAction":[{"@type":"SearchAction","target":{"@type":"EntryPoint","urlTemplate":"https:\/\/geooprema.com\/?s={search_term_string}"},"query-input":{"@type":"PropertyValueSpecification","valueRequired":true,"valueName":"search_term_string"}}],"inLanguage":"bs-BA"},{"@type":"Organization","@id":"https:\/\/geooprema.com\/#organization","name":"Geooprema","url":"https:\/\/geooprema.com\/","logo":{"@type":"ImageObject","inLanguage":"bs-BA","@id":"https:\/\/geooprema.com\/#\/schema\/logo\/image\/","url":"https:\/\/geooprema.com\/wp-content\/uploads\/2020\/08\/geooprema-logo.png","contentUrl":"https:\/\/geooprema.com\/wp-content\/uploads\/2020\/08\/geooprema-logo.png","width":513,"height":161,"caption":"Geooprema"},"image":{"@id":"https:\/\/geooprema.com\/#\/schema\/logo\/image\/"},"sameAs":["https:\/\/www.facebook.com\/geoinfobih","https:\/\/www.instagram.com\/geoinfodoo\/","https:\/\/www.linkedin.com\/company\/geoinfo-doo\/","https:\/\/www.youtube.com\/c\/Geoinfodoo"]}]}},"_links":{"self":[{"href":"https:\/\/geooprema.com\/bs\/wp-json\/wp\/v2\/product\/32057","targetHints":{"allow":["GET"]}}],"collection":[{"href":"https:\/\/geooprema.com\/bs\/wp-json\/wp\/v2\/product"}],"about":[{"href":"https:\/\/geooprema.com\/bs\/wp-json\/wp\/v2\/types\/product"}],"replies":[{"embeddable":true,"href":"https:\/\/geooprema.com\/bs\/wp-json\/wp\/v2\/comments?post=32057"}],"wp:featuredmedia":[{"embeddable":true,"href":"https:\/\/geooprema.com\/bs\/wp-json\/wp\/v2\/media\/26302"}],"wp:attachment":[{"href":"https:\/\/geooprema.com\/bs\/wp-json\/wp\/v2\/media?parent=32057"}],"wp:term":[{"taxonomy":"product_brand","embeddable":true,"href":"https:\/\/geooprema.com\/bs\/wp-json\/wp\/v2\/product_brand?post=32057"},{"taxonomy":"product_cat","embeddable":true,"href":"https:\/\/geooprema.com\/bs\/wp-json\/wp\/v2\/product_cat?post=32057"},{"taxonomy":"product_tag","embeddable":true,"href":"https:\/\/geooprema.com\/bs\/wp-json\/wp\/v2\/product_tag?post=32057"}],"curies":[{"name":"wp","href":"https:\/\/api.w.org\/{rel}","templated":true}]}}