
{"id":32044,"date":"2020-10-14T13:28:09","date_gmt":"2020-10-14T13:28:09","guid":{"rendered":"https:\/\/geooprema.com\/products\/Bez kategorije\/geofennel-geo6x-zelena-oprema-sp-mekana-torba\/"},"modified":"2020-10-14T13:28:09","modified_gmt":"2020-10-14T13:28:09","slug":"geofennel-geo6x-zelena-oprema-sp-mekana-torba","status":"publish","type":"product","link":"https:\/\/geooprema.com\/bs\/products\/gradjevinska-oprema\/linijski-laserski\/geofennel-geo6x-zelena-oprema-sp-mekana-torba\/","title":{"rendered":"GeoFennel Geo6X Zelena oprema SP &#8211; Mekana torba"},"content":{"rendered":"<p><strong> \u0160ifra: 534520 <\/strong><\/p>\n<p><strong> DOSTAVLJA SE SA: <\/strong><br \/>\n\u00b7 Linijski laser Geo6X SP Zeleni<br \/>\n\u00b7 Li-Ion punjiva baterija<br \/>\n\u00b7 Punja\u010d<br \/>\n\u00b7 Ku\u0107i\u0161te baterije za alkalne baterije<br \/>\n\u00b7 USB 3.0 kabl (za neprekidno napajanje)<br \/>\n\u00b7 Vi\u0161enamjenski nosa\u010d<br \/>\n\u00b7 Magnetna meta<br \/>\n\u00b7 Kontejner<br \/>\n\u00b7 Korisni\u010dki priru\u010dnik<\/p>\n<p><strong> Tehni\u010dki podaci: <\/strong><br \/>\nRadni obuhvat:<br \/>\n\u00b7 Bez prijemnika * 40 m (radijus)<br \/>\n\u00b7 Sa prijemnikom (opciono) 70 m<br \/>\nNapajanje \/ vrijeme rada:<br \/>\n\u00b7 1 x 360 \u00b0 14 h \/ Li-Ion<br \/>\n\u00b7 2 x 360 \u00b0 7 h \/ Li-Ion<br \/>\n\u00b7 3 x 360 \u00b0 5 h \/ Li-Ion<br \/>\nZa\u0161tita od pra\u0161ine i vode: IP 54<br \/>\nLaserska dioda \/ klasa lasera crvena: \/ 2<\/p>\n","protected":false},"excerpt":{"rendered":"<p>Opis: 3 x 360 \u00b0 linije =&gt; \u010dine 6 laserskih krstova.<br \/>\nLaserske linije mogu se posebno prebacivati.<br \/>\nVodovodna funkcija.<br \/>\nUdaljenost laserske ravnine do zida \/ stropa min. 12 mm.<br \/>\nMagneti sprijeda i sa strane za spajanje na suhu zidnu gusjenicu.<br \/>\nKori\u0161tenje sa resiverom (opcionalno).<br \/>\nFunkcija samonivelisanja mo\u017ee se zaklju\u010dati za ru\u010dnu upotrebu.<br \/>\nPriklju\u010dak 5\/8 \u201ci 1\/4\u201c na dnu instrumenta.<br \/>\nVi\u0161enamjenski nosa\u010d (samo za Geo6X SP KIT i Geo6X SP ZELENI KIT) s jakim magnetima na zadnjoj strani &#8211; pri\u010dvr\u0161\u0107ivanje trakom &#8211; podesiva visina &#8211; 5\/8 \u201c7.<br \/>\nPriklju\u010dak za gra\u0111evinski stativ.<\/p>\n","protected":false},"featured_media":27544,"comment_status":"open","ping_status":"closed","template":"","meta":{"_acf_changed":false},"product_brand":[],"product_cat":[397,1280],"product_tag":[],"class_list":{"0":"post-32044","1":"product","2":"type-product","3":"status-publish","4":"has-post-thumbnail","6":"product_cat-gradjevinska-oprema","7":"product_cat-linijski-laserski","8":"pa_brand-geofennel-bs","10":"first","11":"onbackorder","12":"taxable","13":"shipping-taxable","14":"product-type-simple","swatches":"rey-swatches","show_selected":""},"acf":[],"yoast_head":"<!-- This site is optimized with the Yoast SEO plugin v24.9 - https:\/\/yoast.com\/wordpress\/plugins\/seo\/ -->\n<title>GeoFennel Geo6X Zelena oprema SP - Mekana torba - Geooprema<\/title>\n<meta name=\"robots\" content=\"index, follow, max-snippet:-1, max-image-preview:large, max-video-preview:-1\" \/>\n<link rel=\"canonical\" href=\"https:\/\/geooprema.com\/bs\/products\/gradjevinska-oprema\/geofennel-geo6x-zelena-oprema-sp-mekana-torba\/\" \/>\n<meta property=\"og:locale\" content=\"bs_BA\" \/>\n<meta property=\"og:type\" content=\"article\" \/>\n<meta property=\"og:title\" content=\"GeoFennel Geo6X Zelena oprema SP - Mekana torba - Geooprema\" \/>\n<meta property=\"og:description\" content=\"Opis: 3 x 360 \u00b0 linije =&gt; \u010dine 6 laserskih krstova. Laserske linije mogu se posebno prebacivati. Vodovodna funkcija. Udaljenost laserske ravnine do zida \/ stropa min. 12 mm. Magneti sprijeda i sa strane za spajanje na suhu zidnu gusjenicu. Kori\u0161tenje sa resiverom (opcionalno). Funkcija samonivelisanja mo\u017ee se zaklju\u010dati za ru\u010dnu upotrebu. Priklju\u010dak 5\/8 \u201ci 1\/4\u201c na dnu instrumenta. Vi\u0161enamjenski nosa\u010d (samo za Geo6X SP KIT i Geo6X SP ZELENI KIT) s jakim magnetima na zadnjoj strani - pri\u010dvr\u0161\u0107ivanje trakom - podesiva visina - 5\/8 \u201c7. Priklju\u010dak za gra\u0111evinski stativ.\" \/>\n<meta property=\"og:url\" content=\"https:\/\/geooprema.com\/bs\/products\/gradjevinska-oprema\/geofennel-geo6x-zelena-oprema-sp-mekana-torba\/\" \/>\n<meta property=\"og:site_name\" content=\"Geooprema\" \/>\n<meta property=\"article:publisher\" content=\"https:\/\/www.facebook.com\/geoinfobih\" \/>\n<meta property=\"og:image\" content=\"https:\/\/geooprema.com\/wp-content\/uploads\/2020\/10\/Geo6X_SP_GREEN_KIT_v1_4045921010376_web-1.jpg\" \/>\n\t<meta property=\"og:image:width\" content=\"800\" \/>\n\t<meta property=\"og:image:height\" content=\"800\" \/>\n\t<meta property=\"og:image:type\" content=\"image\/jpeg\" \/>\n<meta name=\"twitter:card\" content=\"summary_large_image\" \/>\n<script type=\"application\/ld+json\" class=\"yoast-schema-graph\">{\"@context\":\"https:\/\/schema.org\",\"@graph\":[{\"@type\":\"WebPage\",\"@id\":\"https:\/\/geooprema.com\/bs\/products\/gradjevinska-oprema\/geofennel-geo6x-zelena-oprema-sp-mekana-torba\/\",\"url\":\"https:\/\/geooprema.com\/bs\/products\/gradjevinska-oprema\/geofennel-geo6x-zelena-oprema-sp-mekana-torba\/\",\"name\":\"GeoFennel Geo6X Zelena oprema SP - Mekana torba - Geooprema\",\"isPartOf\":{\"@id\":\"https:\/\/geooprema.com\/#website\"},\"primaryImageOfPage\":{\"@id\":\"https:\/\/geooprema.com\/bs\/products\/gradjevinska-oprema\/geofennel-geo6x-zelena-oprema-sp-mekana-torba\/#primaryimage\"},\"image\":{\"@id\":\"https:\/\/geooprema.com\/bs\/products\/gradjevinska-oprema\/geofennel-geo6x-zelena-oprema-sp-mekana-torba\/#primaryimage\"},\"thumbnailUrl\":\"https:\/\/geooprema.com\/wp-content\/uploads\/2020\/10\/Geo6X_SP_GREEN_KIT_v1_4045921010376_web-1.jpg\",\"datePublished\":\"2020-10-14T13:28:09+00:00\",\"breadcrumb\":{\"@id\":\"https:\/\/geooprema.com\/bs\/products\/gradjevinska-oprema\/geofennel-geo6x-zelena-oprema-sp-mekana-torba\/#breadcrumb\"},\"inLanguage\":\"bs-BA\",\"potentialAction\":[{\"@type\":\"ReadAction\",\"target\":[\"https:\/\/geooprema.com\/bs\/products\/gradjevinska-oprema\/geofennel-geo6x-zelena-oprema-sp-mekana-torba\/\"]}]},{\"@type\":\"ImageObject\",\"inLanguage\":\"bs-BA\",\"@id\":\"https:\/\/geooprema.com\/bs\/products\/gradjevinska-oprema\/geofennel-geo6x-zelena-oprema-sp-mekana-torba\/#primaryimage\",\"url\":\"https:\/\/geooprema.com\/wp-content\/uploads\/2020\/10\/Geo6X_SP_GREEN_KIT_v1_4045921010376_web-1.jpg\",\"contentUrl\":\"https:\/\/geooprema.com\/wp-content\/uploads\/2020\/10\/Geo6X_SP_GREEN_KIT_v1_4045921010376_web-1.jpg\",\"width\":800,\"height\":800,\"caption\":\"Geo-Fennel Geo6X GREEN KIT SP\"},{\"@type\":\"BreadcrumbList\",\"@id\":\"https:\/\/geooprema.com\/bs\/products\/gradjevinska-oprema\/geofennel-geo6x-zelena-oprema-sp-mekana-torba\/#breadcrumb\",\"itemListElement\":[{\"@type\":\"ListItem\",\"position\":1,\"name\":\"Home\",\"item\":\"https:\/\/geooprema.com\/bs\/\"},{\"@type\":\"ListItem\",\"position\":2,\"name\":\"Shop\",\"item\":\"https:\/\/geooprema.com\/shop-2\/\"},{\"@type\":\"ListItem\",\"position\":3,\"name\":\"GeoFennel Geo6X Zelena oprema SP &#8211; Mekana torba\"}]},{\"@type\":\"WebSite\",\"@id\":\"https:\/\/geooprema.com\/#website\",\"url\":\"https:\/\/geooprema.com\/\",\"name\":\"Geooprema\",\"description\":\"Surveying and Construction Equipmen, Software and Accessories\",\"publisher\":{\"@id\":\"https:\/\/geooprema.com\/#organization\"},\"potentialAction\":[{\"@type\":\"SearchAction\",\"target\":{\"@type\":\"EntryPoint\",\"urlTemplate\":\"https:\/\/geooprema.com\/?s={search_term_string}\"},\"query-input\":{\"@type\":\"PropertyValueSpecification\",\"valueRequired\":true,\"valueName\":\"search_term_string\"}}],\"inLanguage\":\"bs-BA\"},{\"@type\":\"Organization\",\"@id\":\"https:\/\/geooprema.com\/#organization\",\"name\":\"Geooprema\",\"url\":\"https:\/\/geooprema.com\/\",\"logo\":{\"@type\":\"ImageObject\",\"inLanguage\":\"bs-BA\",\"@id\":\"https:\/\/geooprema.com\/#\/schema\/logo\/image\/\",\"url\":\"https:\/\/geooprema.com\/wp-content\/uploads\/2020\/08\/geooprema-logo.png\",\"contentUrl\":\"https:\/\/geooprema.com\/wp-content\/uploads\/2020\/08\/geooprema-logo.png\",\"width\":513,\"height\":161,\"caption\":\"Geooprema\"},\"image\":{\"@id\":\"https:\/\/geooprema.com\/#\/schema\/logo\/image\/\"},\"sameAs\":[\"https:\/\/www.facebook.com\/geoinfobih\",\"https:\/\/www.instagram.com\/geoinfodoo\/\",\"https:\/\/www.linkedin.com\/company\/geoinfo-doo\/\",\"https:\/\/www.youtube.com\/c\/Geoinfodoo\"]}]}<\/script>\n<!-- \/ Yoast SEO plugin. -->","yoast_head_json":{"title":"GeoFennel Geo6X Zelena oprema SP - Mekana torba - Geooprema","robots":{"index":"index","follow":"follow","max-snippet":"max-snippet:-1","max-image-preview":"max-image-preview:large","max-video-preview":"max-video-preview:-1"},"canonical":"https:\/\/geooprema.com\/bs\/products\/gradjevinska-oprema\/geofennel-geo6x-zelena-oprema-sp-mekana-torba\/","og_locale":"bs_BA","og_type":"article","og_title":"GeoFennel Geo6X Zelena oprema SP - Mekana torba - Geooprema","og_description":"Opis: 3 x 360 \u00b0 linije =&gt; \u010dine 6 laserskih krstova. Laserske linije mogu se posebno prebacivati. Vodovodna funkcija. Udaljenost laserske ravnine do zida \/ stropa min. 12 mm. Magneti sprijeda i sa strane za spajanje na suhu zidnu gusjenicu. Kori\u0161tenje sa resiverom (opcionalno). Funkcija samonivelisanja mo\u017ee se zaklju\u010dati za ru\u010dnu upotrebu. Priklju\u010dak 5\/8 \u201ci 1\/4\u201c na dnu instrumenta. Vi\u0161enamjenski nosa\u010d (samo za Geo6X SP KIT i Geo6X SP ZELENI KIT) s jakim magnetima na zadnjoj strani - pri\u010dvr\u0161\u0107ivanje trakom - podesiva visina - 5\/8 \u201c7. Priklju\u010dak za gra\u0111evinski stativ.","og_url":"https:\/\/geooprema.com\/bs\/products\/gradjevinska-oprema\/geofennel-geo6x-zelena-oprema-sp-mekana-torba\/","og_site_name":"Geooprema","article_publisher":"https:\/\/www.facebook.com\/geoinfobih","og_image":[{"width":800,"height":800,"url":"https:\/\/geooprema.com\/wp-content\/uploads\/2020\/10\/Geo6X_SP_GREEN_KIT_v1_4045921010376_web-1.jpg","type":"image\/jpeg"}],"twitter_card":"summary_large_image","schema":{"@context":"https:\/\/schema.org","@graph":[{"@type":"WebPage","@id":"https:\/\/geooprema.com\/bs\/products\/gradjevinska-oprema\/geofennel-geo6x-zelena-oprema-sp-mekana-torba\/","url":"https:\/\/geooprema.com\/bs\/products\/gradjevinska-oprema\/geofennel-geo6x-zelena-oprema-sp-mekana-torba\/","name":"GeoFennel Geo6X Zelena oprema SP - Mekana torba - Geooprema","isPartOf":{"@id":"https:\/\/geooprema.com\/#website"},"primaryImageOfPage":{"@id":"https:\/\/geooprema.com\/bs\/products\/gradjevinska-oprema\/geofennel-geo6x-zelena-oprema-sp-mekana-torba\/#primaryimage"},"image":{"@id":"https:\/\/geooprema.com\/bs\/products\/gradjevinska-oprema\/geofennel-geo6x-zelena-oprema-sp-mekana-torba\/#primaryimage"},"thumbnailUrl":"https:\/\/geooprema.com\/wp-content\/uploads\/2020\/10\/Geo6X_SP_GREEN_KIT_v1_4045921010376_web-1.jpg","datePublished":"2020-10-14T13:28:09+00:00","breadcrumb":{"@id":"https:\/\/geooprema.com\/bs\/products\/gradjevinska-oprema\/geofennel-geo6x-zelena-oprema-sp-mekana-torba\/#breadcrumb"},"inLanguage":"bs-BA","potentialAction":[{"@type":"ReadAction","target":["https:\/\/geooprema.com\/bs\/products\/gradjevinska-oprema\/geofennel-geo6x-zelena-oprema-sp-mekana-torba\/"]}]},{"@type":"ImageObject","inLanguage":"bs-BA","@id":"https:\/\/geooprema.com\/bs\/products\/gradjevinska-oprema\/geofennel-geo6x-zelena-oprema-sp-mekana-torba\/#primaryimage","url":"https:\/\/geooprema.com\/wp-content\/uploads\/2020\/10\/Geo6X_SP_GREEN_KIT_v1_4045921010376_web-1.jpg","contentUrl":"https:\/\/geooprema.com\/wp-content\/uploads\/2020\/10\/Geo6X_SP_GREEN_KIT_v1_4045921010376_web-1.jpg","width":800,"height":800,"caption":"Geo-Fennel Geo6X GREEN KIT SP"},{"@type":"BreadcrumbList","@id":"https:\/\/geooprema.com\/bs\/products\/gradjevinska-oprema\/geofennel-geo6x-zelena-oprema-sp-mekana-torba\/#breadcrumb","itemListElement":[{"@type":"ListItem","position":1,"name":"Home","item":"https:\/\/geooprema.com\/bs\/"},{"@type":"ListItem","position":2,"name":"Shop","item":"https:\/\/geooprema.com\/shop-2\/"},{"@type":"ListItem","position":3,"name":"GeoFennel Geo6X Zelena oprema SP &#8211; Mekana torba"}]},{"@type":"WebSite","@id":"https:\/\/geooprema.com\/#website","url":"https:\/\/geooprema.com\/","name":"Geooprema","description":"Surveying and Construction Equipmen, Software and Accessories","publisher":{"@id":"https:\/\/geooprema.com\/#organization"},"potentialAction":[{"@type":"SearchAction","target":{"@type":"EntryPoint","urlTemplate":"https:\/\/geooprema.com\/?s={search_term_string}"},"query-input":{"@type":"PropertyValueSpecification","valueRequired":true,"valueName":"search_term_string"}}],"inLanguage":"bs-BA"},{"@type":"Organization","@id":"https:\/\/geooprema.com\/#organization","name":"Geooprema","url":"https:\/\/geooprema.com\/","logo":{"@type":"ImageObject","inLanguage":"bs-BA","@id":"https:\/\/geooprema.com\/#\/schema\/logo\/image\/","url":"https:\/\/geooprema.com\/wp-content\/uploads\/2020\/08\/geooprema-logo.png","contentUrl":"https:\/\/geooprema.com\/wp-content\/uploads\/2020\/08\/geooprema-logo.png","width":513,"height":161,"caption":"Geooprema"},"image":{"@id":"https:\/\/geooprema.com\/#\/schema\/logo\/image\/"},"sameAs":["https:\/\/www.facebook.com\/geoinfobih","https:\/\/www.instagram.com\/geoinfodoo\/","https:\/\/www.linkedin.com\/company\/geoinfo-doo\/","https:\/\/www.youtube.com\/c\/Geoinfodoo"]}]}},"_links":{"self":[{"href":"https:\/\/geooprema.com\/bs\/wp-json\/wp\/v2\/product\/32044","targetHints":{"allow":["GET"]}}],"collection":[{"href":"https:\/\/geooprema.com\/bs\/wp-json\/wp\/v2\/product"}],"about":[{"href":"https:\/\/geooprema.com\/bs\/wp-json\/wp\/v2\/types\/product"}],"replies":[{"embeddable":true,"href":"https:\/\/geooprema.com\/bs\/wp-json\/wp\/v2\/comments?post=32044"}],"wp:featuredmedia":[{"embeddable":true,"href":"https:\/\/geooprema.com\/bs\/wp-json\/wp\/v2\/media\/27544"}],"wp:attachment":[{"href":"https:\/\/geooprema.com\/bs\/wp-json\/wp\/v2\/media?parent=32044"}],"wp:term":[{"taxonomy":"product_brand","embeddable":true,"href":"https:\/\/geooprema.com\/bs\/wp-json\/wp\/v2\/product_brand?post=32044"},{"taxonomy":"product_cat","embeddable":true,"href":"https:\/\/geooprema.com\/bs\/wp-json\/wp\/v2\/product_cat?post=32044"},{"taxonomy":"product_tag","embeddable":true,"href":"https:\/\/geooprema.com\/bs\/wp-json\/wp\/v2\/product_tag?post=32044"}],"curies":[{"name":"wp","href":"https:\/\/api.w.org\/{rel}","templated":true}]}}