
{"id":32023,"date":"2020-10-11T16:08:25","date_gmt":"2020-10-11T16:08:25","guid":{"rendered":"https:\/\/geooprema.com\/products\/Bez kategorije\/nedo-vise-linijeski-laser-x-liner-5-2\/"},"modified":"2020-10-11T16:08:25","modified_gmt":"2020-10-11T16:08:25","slug":"nedo-vise-linijeski-laser-x-liner-5-2","status":"publish","type":"product","link":"https:\/\/geooprema.com\/bs\/products\/gradjevinska-oprema\/linijski-laserski\/nedo-vise-linijeski-laser-x-liner-5-2\/","title":{"rendered":"Nedo Vi\u0161e-linijeski laser X-Liner 5.2"},"content":{"rendered":"<p>X-Liner 5.2<\/p>\n<p><b> Ref.-br. 460 872 <\/b><\/p>\n<div class=\"STYLE_12\" align=\"LIJEVO\">\n<p><b>Karakteristike:<\/b><\/p>\n<\/div>\n<div class=\"STYLE_12\" align=\"LIJEVO\">\n<ul type=\"square\">\n<li>Samoniveli\u0161u\u0107a popre\u010dna linija \/ laser sa 5 ta\u010daka za nivelisanje, poravnanje, vodovod i postavljanje kvadrata.<\/li>\n<li>Dobro vidljive laserske ta\u010dke i laserske linije<\/li>\n<li>Laserske linije mogu se aktivirati posebno<\/li>\n<li>Pulsna funkcija za upotrebu opcionalnog ACCEPTOR Line laserskog prijemnika<\/li>\n<li>Pouzdano magnetno prigu\u0161ivanje<\/li>\n<li>Nagibna funkcija<\/li>\n<li>Univerzalni adapter s jakim magnetom i 1\/4 \u2019\u2019 i 5\/8 \u2019\u2019 monta\u017enim navojem<\/li>\n<\/ul>\n<p><strong> Tehni\u010dki podaci: <\/strong><br \/>\nTa\u010dnost: \u00b1 0,3 mm \/ m<br \/>\nRaspon samonivelisanja: \u00b1 4 \u00b0<br \/>\nRadni obuhvat: \u00d8 cca. 50 m bez laserskog prijemnika, cca. 100 m sa laserskim prijemnikom<br \/>\nLaserski laser klase: 2M, 630-680 nm<br \/>\nKlasa za\u0161tite: IP 54<br \/>\nNapajanje: 3 x 1,5 V tip \/ AA<br \/>\nTrajanje operacije: cca. 15 h<br \/>\nPriklju\u010dni navoj: 1\/4 &#8221;<br \/>\nRef.-br. 460 872<\/p>\n<\/div>\n<div class=\"STYLE_12\" align=\"LEFT\"><b> Obuhvat isporuke Ref.br. 460 872: <\/b><\/div>\n<div class=\"STYLE_12\" align=\"LIJEVO\">\n<ul type=\"square\">\n<li>Vi\u0161e-linijski laser X-Liner 5.2<\/li>\n<li>Ciljna plo\u010da<\/li>\n<li>Vi\u0161enamjenski adapter<\/li>\n<li>Torbica<\/li>\n<\/ul>\n<\/div>\n","protected":false},"excerpt":{"rendered":"<p>X-Liner 5.2 genijalna je kombinacija lasera s 5 ta\u010daka i lasera s popre\u010dnim linijama. Pet laserskih ta\u010daka su me\u0111usobno poravnate pod ta\u010dno pravim uglom, a nadopunjene su vodoravnom i okomitom laserskom linijom, \u0161to zna\u010di da je X-Liner 5.2 izuzetno fleksibilan u upotrebi gdje treba obaviti poslove nivelisanja, poravnanja, vodovoda ili postavljanja kvadrata.<br \/>\nZahvaljuju\u0107i impulsnoj funkciji, X-Liner 5.2, zajedno sa ACCEPTOR Line laserskim prijemnikom, tako\u0111e se mo\u017ee postaviti \u010dak i kada su svjetlosni uslovi nepovoljni.<\/p>\n","protected":false},"featured_media":26231,"comment_status":"open","ping_status":"closed","template":"","meta":{"_acf_changed":false},"product_brand":[],"product_cat":[397,1280],"product_tag":[],"class_list":{"0":"post-32023","1":"product","2":"type-product","3":"status-publish","4":"has-post-thumbnail","6":"product_cat-gradjevinska-oprema","7":"product_cat-linijski-laserski","8":"pa_brand-nedo-bs","10":"first","11":"onbackorder","12":"taxable","13":"shipping-taxable","14":"product-type-simple","swatches":"rey-swatches","show_selected":""},"acf":[],"yoast_head":"<!-- This site is optimized with the Yoast SEO plugin v24.9 - https:\/\/yoast.com\/wordpress\/plugins\/seo\/ -->\n<title>Nedo Vi\u0161e-linijeski laser X-Liner 5.2 - Geooprema<\/title>\n<meta name=\"robots\" content=\"index, follow, max-snippet:-1, max-image-preview:large, max-video-preview:-1\" \/>\n<link rel=\"canonical\" href=\"https:\/\/geooprema.com\/bs\/products\/gradjevinska-oprema\/nedo-vise-linijeski-laser-x-liner-5-2\/\" \/>\n<meta property=\"og:locale\" content=\"bs_BA\" \/>\n<meta property=\"og:type\" content=\"article\" \/>\n<meta property=\"og:title\" content=\"Nedo Vi\u0161e-linijeski laser X-Liner 5.2 - Geooprema\" \/>\n<meta property=\"og:description\" content=\"X-Liner 5.2 genijalna je kombinacija lasera s 5 ta\u010daka i lasera s popre\u010dnim linijama. Pet laserskih ta\u010daka su me\u0111usobno poravnate pod ta\u010dno pravim uglom, a nadopunjene su vodoravnom i okomitom laserskom linijom, \u0161to zna\u010di da je X-Liner 5.2 izuzetno fleksibilan u upotrebi gdje treba obaviti poslove nivelisanja, poravnanja, vodovoda ili postavljanja kvadrata. Zahvaljuju\u0107i impulsnoj funkciji, X-Liner 5.2, zajedno sa ACCEPTOR Line laserskim prijemnikom, tako\u0111e se mo\u017ee postaviti \u010dak i kada su svjetlosni uslovi nepovoljni.\" \/>\n<meta property=\"og:url\" content=\"https:\/\/geooprema.com\/bs\/products\/gradjevinska-oprema\/nedo-vise-linijeski-laser-x-liner-5-2\/\" \/>\n<meta property=\"og:site_name\" content=\"Geooprema\" \/>\n<meta property=\"article:publisher\" content=\"https:\/\/www.facebook.com\/geoinfobih\" \/>\n<meta property=\"og:image\" content=\"https:\/\/geooprema.com\/wp-content\/uploads\/2020\/10\/Webp.net-resizeimage-39-1.jpg\" \/>\n\t<meta property=\"og:image:width\" content=\"800\" \/>\n\t<meta property=\"og:image:height\" content=\"800\" \/>\n\t<meta property=\"og:image:type\" content=\"image\/jpeg\" \/>\n<meta name=\"twitter:card\" content=\"summary_large_image\" \/>\n<meta name=\"twitter:label1\" content=\"Est. reading time\" \/>\n\t<meta name=\"twitter:data1\" content=\"1 minuta\" \/>\n<script type=\"application\/ld+json\" class=\"yoast-schema-graph\">{\"@context\":\"https:\/\/schema.org\",\"@graph\":[{\"@type\":\"WebPage\",\"@id\":\"https:\/\/geooprema.com\/bs\/products\/gradjevinska-oprema\/nedo-vise-linijeski-laser-x-liner-5-2\/\",\"url\":\"https:\/\/geooprema.com\/bs\/products\/gradjevinska-oprema\/nedo-vise-linijeski-laser-x-liner-5-2\/\",\"name\":\"Nedo Vi\u0161e-linijeski laser X-Liner 5.2 - Geooprema\",\"isPartOf\":{\"@id\":\"https:\/\/geooprema.com\/#website\"},\"primaryImageOfPage\":{\"@id\":\"https:\/\/geooprema.com\/bs\/products\/gradjevinska-oprema\/nedo-vise-linijeski-laser-x-liner-5-2\/#primaryimage\"},\"image\":{\"@id\":\"https:\/\/geooprema.com\/bs\/products\/gradjevinska-oprema\/nedo-vise-linijeski-laser-x-liner-5-2\/#primaryimage\"},\"thumbnailUrl\":\"https:\/\/geooprema.com\/wp-content\/uploads\/2020\/10\/Webp.net-resizeimage-39-1.jpg\",\"datePublished\":\"2020-10-11T16:08:25+00:00\",\"breadcrumb\":{\"@id\":\"https:\/\/geooprema.com\/bs\/products\/gradjevinska-oprema\/nedo-vise-linijeski-laser-x-liner-5-2\/#breadcrumb\"},\"inLanguage\":\"bs-BA\",\"potentialAction\":[{\"@type\":\"ReadAction\",\"target\":[\"https:\/\/geooprema.com\/bs\/products\/gradjevinska-oprema\/nedo-vise-linijeski-laser-x-liner-5-2\/\"]}]},{\"@type\":\"ImageObject\",\"inLanguage\":\"bs-BA\",\"@id\":\"https:\/\/geooprema.com\/bs\/products\/gradjevinska-oprema\/nedo-vise-linijeski-laser-x-liner-5-2\/#primaryimage\",\"url\":\"https:\/\/geooprema.com\/wp-content\/uploads\/2020\/10\/Webp.net-resizeimage-39-1.jpg\",\"contentUrl\":\"https:\/\/geooprema.com\/wp-content\/uploads\/2020\/10\/Webp.net-resizeimage-39-1.jpg\",\"width\":800,\"height\":800,\"caption\":\"Nedo Multi-Line-Laser X-Liner 5.2\"},{\"@type\":\"BreadcrumbList\",\"@id\":\"https:\/\/geooprema.com\/bs\/products\/gradjevinska-oprema\/nedo-vise-linijeski-laser-x-liner-5-2\/#breadcrumb\",\"itemListElement\":[{\"@type\":\"ListItem\",\"position\":1,\"name\":\"Home\",\"item\":\"https:\/\/geooprema.com\/bs\/\"},{\"@type\":\"ListItem\",\"position\":2,\"name\":\"Shop\",\"item\":\"https:\/\/geooprema.com\/shop-2\/\"},{\"@type\":\"ListItem\",\"position\":3,\"name\":\"Nedo Vi\u0161e-linijeski laser X-Liner 5.2\"}]},{\"@type\":\"WebSite\",\"@id\":\"https:\/\/geooprema.com\/#website\",\"url\":\"https:\/\/geooprema.com\/\",\"name\":\"Geooprema\",\"description\":\"Surveying and Construction Equipmen, Software and Accessories\",\"publisher\":{\"@id\":\"https:\/\/geooprema.com\/#organization\"},\"potentialAction\":[{\"@type\":\"SearchAction\",\"target\":{\"@type\":\"EntryPoint\",\"urlTemplate\":\"https:\/\/geooprema.com\/?s={search_term_string}\"},\"query-input\":{\"@type\":\"PropertyValueSpecification\",\"valueRequired\":true,\"valueName\":\"search_term_string\"}}],\"inLanguage\":\"bs-BA\"},{\"@type\":\"Organization\",\"@id\":\"https:\/\/geooprema.com\/#organization\",\"name\":\"Geooprema\",\"url\":\"https:\/\/geooprema.com\/\",\"logo\":{\"@type\":\"ImageObject\",\"inLanguage\":\"bs-BA\",\"@id\":\"https:\/\/geooprema.com\/#\/schema\/logo\/image\/\",\"url\":\"https:\/\/geooprema.com\/wp-content\/uploads\/2020\/08\/geooprema-logo.png\",\"contentUrl\":\"https:\/\/geooprema.com\/wp-content\/uploads\/2020\/08\/geooprema-logo.png\",\"width\":513,\"height\":161,\"caption\":\"Geooprema\"},\"image\":{\"@id\":\"https:\/\/geooprema.com\/#\/schema\/logo\/image\/\"},\"sameAs\":[\"https:\/\/www.facebook.com\/geoinfobih\",\"https:\/\/www.instagram.com\/geoinfodoo\/\",\"https:\/\/www.linkedin.com\/company\/geoinfo-doo\/\",\"https:\/\/www.youtube.com\/c\/Geoinfodoo\"]}]}<\/script>\n<!-- \/ Yoast SEO plugin. -->","yoast_head_json":{"title":"Nedo Vi\u0161e-linijeski laser X-Liner 5.2 - Geooprema","robots":{"index":"index","follow":"follow","max-snippet":"max-snippet:-1","max-image-preview":"max-image-preview:large","max-video-preview":"max-video-preview:-1"},"canonical":"https:\/\/geooprema.com\/bs\/products\/gradjevinska-oprema\/nedo-vise-linijeski-laser-x-liner-5-2\/","og_locale":"bs_BA","og_type":"article","og_title":"Nedo Vi\u0161e-linijeski laser X-Liner 5.2 - Geooprema","og_description":"X-Liner 5.2 genijalna je kombinacija lasera s 5 ta\u010daka i lasera s popre\u010dnim linijama. Pet laserskih ta\u010daka su me\u0111usobno poravnate pod ta\u010dno pravim uglom, a nadopunjene su vodoravnom i okomitom laserskom linijom, \u0161to zna\u010di da je X-Liner 5.2 izuzetno fleksibilan u upotrebi gdje treba obaviti poslove nivelisanja, poravnanja, vodovoda ili postavljanja kvadrata. Zahvaljuju\u0107i impulsnoj funkciji, X-Liner 5.2, zajedno sa ACCEPTOR Line laserskim prijemnikom, tako\u0111e se mo\u017ee postaviti \u010dak i kada su svjetlosni uslovi nepovoljni.","og_url":"https:\/\/geooprema.com\/bs\/products\/gradjevinska-oprema\/nedo-vise-linijeski-laser-x-liner-5-2\/","og_site_name":"Geooprema","article_publisher":"https:\/\/www.facebook.com\/geoinfobih","og_image":[{"width":800,"height":800,"url":"https:\/\/geooprema.com\/wp-content\/uploads\/2020\/10\/Webp.net-resizeimage-39-1.jpg","type":"image\/jpeg"}],"twitter_card":"summary_large_image","twitter_misc":{"Est. reading time":"1 minuta"},"schema":{"@context":"https:\/\/schema.org","@graph":[{"@type":"WebPage","@id":"https:\/\/geooprema.com\/bs\/products\/gradjevinska-oprema\/nedo-vise-linijeski-laser-x-liner-5-2\/","url":"https:\/\/geooprema.com\/bs\/products\/gradjevinska-oprema\/nedo-vise-linijeski-laser-x-liner-5-2\/","name":"Nedo Vi\u0161e-linijeski laser X-Liner 5.2 - Geooprema","isPartOf":{"@id":"https:\/\/geooprema.com\/#website"},"primaryImageOfPage":{"@id":"https:\/\/geooprema.com\/bs\/products\/gradjevinska-oprema\/nedo-vise-linijeski-laser-x-liner-5-2\/#primaryimage"},"image":{"@id":"https:\/\/geooprema.com\/bs\/products\/gradjevinska-oprema\/nedo-vise-linijeski-laser-x-liner-5-2\/#primaryimage"},"thumbnailUrl":"https:\/\/geooprema.com\/wp-content\/uploads\/2020\/10\/Webp.net-resizeimage-39-1.jpg","datePublished":"2020-10-11T16:08:25+00:00","breadcrumb":{"@id":"https:\/\/geooprema.com\/bs\/products\/gradjevinska-oprema\/nedo-vise-linijeski-laser-x-liner-5-2\/#breadcrumb"},"inLanguage":"bs-BA","potentialAction":[{"@type":"ReadAction","target":["https:\/\/geooprema.com\/bs\/products\/gradjevinska-oprema\/nedo-vise-linijeski-laser-x-liner-5-2\/"]}]},{"@type":"ImageObject","inLanguage":"bs-BA","@id":"https:\/\/geooprema.com\/bs\/products\/gradjevinska-oprema\/nedo-vise-linijeski-laser-x-liner-5-2\/#primaryimage","url":"https:\/\/geooprema.com\/wp-content\/uploads\/2020\/10\/Webp.net-resizeimage-39-1.jpg","contentUrl":"https:\/\/geooprema.com\/wp-content\/uploads\/2020\/10\/Webp.net-resizeimage-39-1.jpg","width":800,"height":800,"caption":"Nedo Multi-Line-Laser X-Liner 5.2"},{"@type":"BreadcrumbList","@id":"https:\/\/geooprema.com\/bs\/products\/gradjevinska-oprema\/nedo-vise-linijeski-laser-x-liner-5-2\/#breadcrumb","itemListElement":[{"@type":"ListItem","position":1,"name":"Home","item":"https:\/\/geooprema.com\/bs\/"},{"@type":"ListItem","position":2,"name":"Shop","item":"https:\/\/geooprema.com\/shop-2\/"},{"@type":"ListItem","position":3,"name":"Nedo Vi\u0161e-linijeski laser X-Liner 5.2"}]},{"@type":"WebSite","@id":"https:\/\/geooprema.com\/#website","url":"https:\/\/geooprema.com\/","name":"Geooprema","description":"Surveying and Construction Equipmen, Software and Accessories","publisher":{"@id":"https:\/\/geooprema.com\/#organization"},"potentialAction":[{"@type":"SearchAction","target":{"@type":"EntryPoint","urlTemplate":"https:\/\/geooprema.com\/?s={search_term_string}"},"query-input":{"@type":"PropertyValueSpecification","valueRequired":true,"valueName":"search_term_string"}}],"inLanguage":"bs-BA"},{"@type":"Organization","@id":"https:\/\/geooprema.com\/#organization","name":"Geooprema","url":"https:\/\/geooprema.com\/","logo":{"@type":"ImageObject","inLanguage":"bs-BA","@id":"https:\/\/geooprema.com\/#\/schema\/logo\/image\/","url":"https:\/\/geooprema.com\/wp-content\/uploads\/2020\/08\/geooprema-logo.png","contentUrl":"https:\/\/geooprema.com\/wp-content\/uploads\/2020\/08\/geooprema-logo.png","width":513,"height":161,"caption":"Geooprema"},"image":{"@id":"https:\/\/geooprema.com\/#\/schema\/logo\/image\/"},"sameAs":["https:\/\/www.facebook.com\/geoinfobih","https:\/\/www.instagram.com\/geoinfodoo\/","https:\/\/www.linkedin.com\/company\/geoinfo-doo\/","https:\/\/www.youtube.com\/c\/Geoinfodoo"]}]}},"_links":{"self":[{"href":"https:\/\/geooprema.com\/bs\/wp-json\/wp\/v2\/product\/32023","targetHints":{"allow":["GET"]}}],"collection":[{"href":"https:\/\/geooprema.com\/bs\/wp-json\/wp\/v2\/product"}],"about":[{"href":"https:\/\/geooprema.com\/bs\/wp-json\/wp\/v2\/types\/product"}],"replies":[{"embeddable":true,"href":"https:\/\/geooprema.com\/bs\/wp-json\/wp\/v2\/comments?post=32023"}],"wp:featuredmedia":[{"embeddable":true,"href":"https:\/\/geooprema.com\/bs\/wp-json\/wp\/v2\/media\/26231"}],"wp:attachment":[{"href":"https:\/\/geooprema.com\/bs\/wp-json\/wp\/v2\/media?parent=32023"}],"wp:term":[{"taxonomy":"product_brand","embeddable":true,"href":"https:\/\/geooprema.com\/bs\/wp-json\/wp\/v2\/product_brand?post=32023"},{"taxonomy":"product_cat","embeddable":true,"href":"https:\/\/geooprema.com\/bs\/wp-json\/wp\/v2\/product_cat?post=32023"},{"taxonomy":"product_tag","embeddable":true,"href":"https:\/\/geooprema.com\/bs\/wp-json\/wp\/v2\/product_tag?post=32023"}],"curies":[{"name":"wp","href":"https:\/\/api.w.org\/{rel}","templated":true}]}}