
{"id":32004,"date":"2020-10-16T17:42:20","date_gmt":"2020-10-16T17:42:20","guid":{"rendered":"https:\/\/geooprema.com\/products\/Bez%20kategorije\/geo-fennel-fmm-5\/"},"modified":"2021-06-19T12:24:43","modified_gmt":"2021-06-19T12:24:43","slug":"geo-fennel-fmm-5","status":"publish","type":"product","link":"https:\/\/geooprema.com\/bs\/products\/gradjevinska-oprema\/instrumenti-za-mjerenje-okoline\/geo-fennel-fmm-5\/","title":{"rendered":"Geo Fennel FMM 5"},"content":{"rendered":"<p><strong> Tehni\u010dki podaci: <\/strong><\/p>\n<div class=\"content - title\">\n<div class=\"product - panel svojstava ima - border\">\n<table class=\"product - properties-table\">\n<tbody>\n<tr class=\"product - properties-row\">\n<td class=\"product - properties-label is - bold\">Maksimalni obuhvat mjerenja:<\/td>\n<td class=\"product - properties-value\">&#8211; 20 \u00b0 C do +200 \u00b0 C (temperatura), -20 \u00b0 C do +1300 \u00b0 C (temperatura), 10 A (struja jednosmerne struje), 20 m\u03a9), 20.000 Lux (lagana), 95% relativne vla\u017enosti (vla\u017enost), 100 dB (zvuk), 600 V (napon izmjeni\u010dne struje), 600 V (napon istosmjerne struje)<\/td>\n<\/tr>\n<tr class=\"product - properties-row\">\n<td class=\"product - properties-label is - bold\">Ta\u010dnost:<\/td>\n<td class=\"product - properties-value\">\u00b1 0,5% \u00b1 10 (svjetlost), \u00b1 0,8% \u00b1 2 (otpor), \u00b1 0,5% \u00b1 2 (napon istosmjerne struje), \u00b1 1,0% \u00b1 2 (napon istosmjerne struje), \u00b1 1,2% \u00b1 10 (napon izmjeni\u010dne struje), \u00b1 3,0% \u00b1 1 (temperatura), \u00b1 3,0% \u00b1 5 (temperatura), \u00b1 3,5 dB (zvuk), \u00b1 5,0% relativne vla\u017enosti (vla\u017enost)<\/td>\n<\/tr>\n<tr class=\"product - properties-row\">\n<td class=\"product - properties-label is - bold\">Rezolucija:<\/td>\n<td class=\"product - properties-value\">0,1% relativne vla\u017enosti (vla\u017enost), 0,1 dB (zvuk), 0,1 luksa (svjetlost), 0,1 mV (napon istosmjerne struje), 0,1 \u00b0 C (temperatura), 0,1 \u00b5A (struja istosmjerne struje ), 0,1 \u03a9 (otpor), 100 mV (napon izmjeni\u010dne struje)<\/td>\n<\/tr>\n<\/tbody>\n<\/table>\n<\/div>\n<\/div>\n","protected":false},"excerpt":{"rendered":"<div class=\"content - title\">\n<div class=\"content - title\">\n<div class=\"content - title\">\n<div class=\"content - title\">\n<div class=\"content - title\">\n<div class=\"content - title\">\n<div class=\"content - title\">\n<div class=\"content - title\">\n<div class=\"content - title\">\n<div class=\"content - title\">\n<div class=\"content - title\">\n<div class=\"content - title\">\n<div class=\"content - title\">Informacije o proizvodu &#8220;FMM 5&#8221;<\/div>\n<div class=\"product - description\">\n<p><strong> Obrt i zadaci: <\/strong> Univerzalni mjerni ure\u0111aj za jednosmjerni i izmjeni\u010dni napon, otpor jednosmjerne struje, tranzistor hFE dioda i ispitivanje kontinuiteta, svjetlosti (osvjetljenost), zvuka, vlage, za\u0161tita od preoptere\u0107enja temperature. &lt;\/ p &gt;<\/p>\n<\/div>\n<\/div>\n<\/div>\n<\/div>\n<\/div>\n<\/div>\n<\/div>\n<\/div>\n<\/div>\n<\/div>\n<\/div>\n<\/div>\n<\/div>\n","protected":false},"featured_media":28401,"comment_status":"open","ping_status":"closed","template":"","meta":{"_acf_changed":false},"product_brand":[],"product_cat":[1277,1284],"product_tag":[],"class_list":{"0":"post-32004","1":"product","2":"type-product","3":"status-publish","4":"has-post-thumbnail","6":"product_cat-instrumenti-za-mjerenje-okoline","7":"product_cat-multimetri","8":"pa_brand-geofennel-bs","10":"first","11":"onbackorder","12":"taxable","13":"shipping-taxable","14":"product-type-simple","swatches":"rey-swatches","show_selected":""},"acf":[],"yoast_head":"<!-- This site is optimized with the Yoast SEO plugin v24.9 - https:\/\/yoast.com\/wordpress\/plugins\/seo\/ -->\n<title>Geo Fennel FMM 5 - Geooprema<\/title>\n<meta name=\"robots\" content=\"index, follow, max-snippet:-1, max-image-preview:large, max-video-preview:-1\" \/>\n<link rel=\"canonical\" href=\"https:\/\/geooprema.com\/bs\/products\/instrumenti-za-mjerenje-okoline\/geo-fennel-fmm-5\/\" \/>\n<meta property=\"og:locale\" content=\"bs_BA\" \/>\n<meta property=\"og:type\" content=\"article\" \/>\n<meta property=\"og:title\" content=\"Geo Fennel FMM 5 - Geooprema\" \/>\n<meta property=\"og:description\" content=\"Informacije o proizvodu &quot;FMM 5&quot;    Obrt i zadaci: Univerzalni mjerni ure\u0111aj za jednosmjerni i izmjeni\u010dni napon, otpor jednosmjerne struje, tranzistor hFE dioda i ispitivanje kontinuiteta, svjetlosti (osvjetljenost), zvuka, vlage, za\u0161tita od preoptere\u0107enja temperature. &lt;\/ p &gt;\" \/>\n<meta property=\"og:url\" content=\"https:\/\/geooprema.com\/bs\/products\/instrumenti-za-mjerenje-okoline\/geo-fennel-fmm-5\/\" \/>\n<meta property=\"og:site_name\" content=\"Geooprema\" \/>\n<meta property=\"article:publisher\" content=\"https:\/\/www.facebook.com\/geoinfobih\" \/>\n<meta property=\"article:modified_time\" content=\"2021-06-19T12:24:43+00:00\" \/>\n<meta property=\"og:image\" content=\"https:\/\/geooprema.com\/wp-content\/uploads\/2020\/10\/Geofennel-FMM_5.jpg\" \/>\n\t<meta property=\"og:image:width\" content=\"800\" \/>\n\t<meta property=\"og:image:height\" content=\"800\" \/>\n\t<meta property=\"og:image:type\" content=\"image\/jpeg\" \/>\n<meta name=\"twitter:card\" content=\"summary_large_image\" \/>\n<script type=\"application\/ld+json\" class=\"yoast-schema-graph\">{\"@context\":\"https:\/\/schema.org\",\"@graph\":[{\"@type\":\"WebPage\",\"@id\":\"https:\/\/geooprema.com\/bs\/products\/instrumenti-za-mjerenje-okoline\/geo-fennel-fmm-5\/\",\"url\":\"https:\/\/geooprema.com\/bs\/products\/instrumenti-za-mjerenje-okoline\/geo-fennel-fmm-5\/\",\"name\":\"Geo Fennel FMM 5 - Geooprema\",\"isPartOf\":{\"@id\":\"https:\/\/geooprema.com\/#website\"},\"primaryImageOfPage\":{\"@id\":\"https:\/\/geooprema.com\/bs\/products\/instrumenti-za-mjerenje-okoline\/geo-fennel-fmm-5\/#primaryimage\"},\"image\":{\"@id\":\"https:\/\/geooprema.com\/bs\/products\/instrumenti-za-mjerenje-okoline\/geo-fennel-fmm-5\/#primaryimage\"},\"thumbnailUrl\":\"https:\/\/geooprema.com\/wp-content\/uploads\/2020\/10\/Geofennel-FMM_5.jpg\",\"datePublished\":\"2020-10-16T17:42:20+00:00\",\"dateModified\":\"2021-06-19T12:24:43+00:00\",\"breadcrumb\":{\"@id\":\"https:\/\/geooprema.com\/bs\/products\/instrumenti-za-mjerenje-okoline\/geo-fennel-fmm-5\/#breadcrumb\"},\"inLanguage\":\"bs-BA\",\"potentialAction\":[{\"@type\":\"ReadAction\",\"target\":[\"https:\/\/geooprema.com\/bs\/products\/instrumenti-za-mjerenje-okoline\/geo-fennel-fmm-5\/\"]}]},{\"@type\":\"ImageObject\",\"inLanguage\":\"bs-BA\",\"@id\":\"https:\/\/geooprema.com\/bs\/products\/instrumenti-za-mjerenje-okoline\/geo-fennel-fmm-5\/#primaryimage\",\"url\":\"https:\/\/geooprema.com\/wp-content\/uploads\/2020\/10\/Geofennel-FMM_5.jpg\",\"contentUrl\":\"https:\/\/geooprema.com\/wp-content\/uploads\/2020\/10\/Geofennel-FMM_5.jpg\",\"width\":800,\"height\":800,\"caption\":\"Geo Fennel FMM 5\"},{\"@type\":\"BreadcrumbList\",\"@id\":\"https:\/\/geooprema.com\/bs\/products\/instrumenti-za-mjerenje-okoline\/geo-fennel-fmm-5\/#breadcrumb\",\"itemListElement\":[{\"@type\":\"ListItem\",\"position\":1,\"name\":\"Home\",\"item\":\"https:\/\/geooprema.com\/bs\/\"},{\"@type\":\"ListItem\",\"position\":2,\"name\":\"Shop\",\"item\":\"https:\/\/geooprema.com\/shop-2\/\"},{\"@type\":\"ListItem\",\"position\":3,\"name\":\"Geo Fennel FMM 5\"}]},{\"@type\":\"WebSite\",\"@id\":\"https:\/\/geooprema.com\/#website\",\"url\":\"https:\/\/geooprema.com\/\",\"name\":\"Geooprema\",\"description\":\"Surveying and Construction Equipmen, Software and Accessories\",\"publisher\":{\"@id\":\"https:\/\/geooprema.com\/#organization\"},\"potentialAction\":[{\"@type\":\"SearchAction\",\"target\":{\"@type\":\"EntryPoint\",\"urlTemplate\":\"https:\/\/geooprema.com\/?s={search_term_string}\"},\"query-input\":{\"@type\":\"PropertyValueSpecification\",\"valueRequired\":true,\"valueName\":\"search_term_string\"}}],\"inLanguage\":\"bs-BA\"},{\"@type\":\"Organization\",\"@id\":\"https:\/\/geooprema.com\/#organization\",\"name\":\"Geooprema\",\"url\":\"https:\/\/geooprema.com\/\",\"logo\":{\"@type\":\"ImageObject\",\"inLanguage\":\"bs-BA\",\"@id\":\"https:\/\/geooprema.com\/#\/schema\/logo\/image\/\",\"url\":\"https:\/\/geooprema.com\/wp-content\/uploads\/2020\/08\/geooprema-logo.png\",\"contentUrl\":\"https:\/\/geooprema.com\/wp-content\/uploads\/2020\/08\/geooprema-logo.png\",\"width\":513,\"height\":161,\"caption\":\"Geooprema\"},\"image\":{\"@id\":\"https:\/\/geooprema.com\/#\/schema\/logo\/image\/\"},\"sameAs\":[\"https:\/\/www.facebook.com\/geoinfobih\",\"https:\/\/www.instagram.com\/geoinfodoo\/\",\"https:\/\/www.linkedin.com\/company\/geoinfo-doo\/\",\"https:\/\/www.youtube.com\/c\/Geoinfodoo\"]}]}<\/script>\n<!-- \/ Yoast SEO plugin. -->","yoast_head_json":{"title":"Geo Fennel FMM 5 - Geooprema","robots":{"index":"index","follow":"follow","max-snippet":"max-snippet:-1","max-image-preview":"max-image-preview:large","max-video-preview":"max-video-preview:-1"},"canonical":"https:\/\/geooprema.com\/bs\/products\/instrumenti-za-mjerenje-okoline\/geo-fennel-fmm-5\/","og_locale":"bs_BA","og_type":"article","og_title":"Geo Fennel FMM 5 - Geooprema","og_description":"Informacije o proizvodu \"FMM 5\"    Obrt i zadaci: Univerzalni mjerni ure\u0111aj za jednosmjerni i izmjeni\u010dni napon, otpor jednosmjerne struje, tranzistor hFE dioda i ispitivanje kontinuiteta, svjetlosti (osvjetljenost), zvuka, vlage, za\u0161tita od preoptere\u0107enja temperature. &lt;\/ p &gt;","og_url":"https:\/\/geooprema.com\/bs\/products\/instrumenti-za-mjerenje-okoline\/geo-fennel-fmm-5\/","og_site_name":"Geooprema","article_publisher":"https:\/\/www.facebook.com\/geoinfobih","article_modified_time":"2021-06-19T12:24:43+00:00","og_image":[{"width":800,"height":800,"url":"https:\/\/geooprema.com\/wp-content\/uploads\/2020\/10\/Geofennel-FMM_5.jpg","type":"image\/jpeg"}],"twitter_card":"summary_large_image","schema":{"@context":"https:\/\/schema.org","@graph":[{"@type":"WebPage","@id":"https:\/\/geooprema.com\/bs\/products\/instrumenti-za-mjerenje-okoline\/geo-fennel-fmm-5\/","url":"https:\/\/geooprema.com\/bs\/products\/instrumenti-za-mjerenje-okoline\/geo-fennel-fmm-5\/","name":"Geo Fennel FMM 5 - Geooprema","isPartOf":{"@id":"https:\/\/geooprema.com\/#website"},"primaryImageOfPage":{"@id":"https:\/\/geooprema.com\/bs\/products\/instrumenti-za-mjerenje-okoline\/geo-fennel-fmm-5\/#primaryimage"},"image":{"@id":"https:\/\/geooprema.com\/bs\/products\/instrumenti-za-mjerenje-okoline\/geo-fennel-fmm-5\/#primaryimage"},"thumbnailUrl":"https:\/\/geooprema.com\/wp-content\/uploads\/2020\/10\/Geofennel-FMM_5.jpg","datePublished":"2020-10-16T17:42:20+00:00","dateModified":"2021-06-19T12:24:43+00:00","breadcrumb":{"@id":"https:\/\/geooprema.com\/bs\/products\/instrumenti-za-mjerenje-okoline\/geo-fennel-fmm-5\/#breadcrumb"},"inLanguage":"bs-BA","potentialAction":[{"@type":"ReadAction","target":["https:\/\/geooprema.com\/bs\/products\/instrumenti-za-mjerenje-okoline\/geo-fennel-fmm-5\/"]}]},{"@type":"ImageObject","inLanguage":"bs-BA","@id":"https:\/\/geooprema.com\/bs\/products\/instrumenti-za-mjerenje-okoline\/geo-fennel-fmm-5\/#primaryimage","url":"https:\/\/geooprema.com\/wp-content\/uploads\/2020\/10\/Geofennel-FMM_5.jpg","contentUrl":"https:\/\/geooprema.com\/wp-content\/uploads\/2020\/10\/Geofennel-FMM_5.jpg","width":800,"height":800,"caption":"Geo Fennel FMM 5"},{"@type":"BreadcrumbList","@id":"https:\/\/geooprema.com\/bs\/products\/instrumenti-za-mjerenje-okoline\/geo-fennel-fmm-5\/#breadcrumb","itemListElement":[{"@type":"ListItem","position":1,"name":"Home","item":"https:\/\/geooprema.com\/bs\/"},{"@type":"ListItem","position":2,"name":"Shop","item":"https:\/\/geooprema.com\/shop-2\/"},{"@type":"ListItem","position":3,"name":"Geo Fennel FMM 5"}]},{"@type":"WebSite","@id":"https:\/\/geooprema.com\/#website","url":"https:\/\/geooprema.com\/","name":"Geooprema","description":"Surveying and Construction Equipmen, Software and Accessories","publisher":{"@id":"https:\/\/geooprema.com\/#organization"},"potentialAction":[{"@type":"SearchAction","target":{"@type":"EntryPoint","urlTemplate":"https:\/\/geooprema.com\/?s={search_term_string}"},"query-input":{"@type":"PropertyValueSpecification","valueRequired":true,"valueName":"search_term_string"}}],"inLanguage":"bs-BA"},{"@type":"Organization","@id":"https:\/\/geooprema.com\/#organization","name":"Geooprema","url":"https:\/\/geooprema.com\/","logo":{"@type":"ImageObject","inLanguage":"bs-BA","@id":"https:\/\/geooprema.com\/#\/schema\/logo\/image\/","url":"https:\/\/geooprema.com\/wp-content\/uploads\/2020\/08\/geooprema-logo.png","contentUrl":"https:\/\/geooprema.com\/wp-content\/uploads\/2020\/08\/geooprema-logo.png","width":513,"height":161,"caption":"Geooprema"},"image":{"@id":"https:\/\/geooprema.com\/#\/schema\/logo\/image\/"},"sameAs":["https:\/\/www.facebook.com\/geoinfobih","https:\/\/www.instagram.com\/geoinfodoo\/","https:\/\/www.linkedin.com\/company\/geoinfo-doo\/","https:\/\/www.youtube.com\/c\/Geoinfodoo"]}]}},"_links":{"self":[{"href":"https:\/\/geooprema.com\/bs\/wp-json\/wp\/v2\/product\/32004","targetHints":{"allow":["GET"]}}],"collection":[{"href":"https:\/\/geooprema.com\/bs\/wp-json\/wp\/v2\/product"}],"about":[{"href":"https:\/\/geooprema.com\/bs\/wp-json\/wp\/v2\/types\/product"}],"replies":[{"embeddable":true,"href":"https:\/\/geooprema.com\/bs\/wp-json\/wp\/v2\/comments?post=32004"}],"wp:featuredmedia":[{"embeddable":true,"href":"https:\/\/geooprema.com\/bs\/wp-json\/wp\/v2\/media\/28401"}],"wp:attachment":[{"href":"https:\/\/geooprema.com\/bs\/wp-json\/wp\/v2\/media?parent=32004"}],"wp:term":[{"taxonomy":"product_brand","embeddable":true,"href":"https:\/\/geooprema.com\/bs\/wp-json\/wp\/v2\/product_brand?post=32004"},{"taxonomy":"product_cat","embeddable":true,"href":"https:\/\/geooprema.com\/bs\/wp-json\/wp\/v2\/product_cat?post=32004"},{"taxonomy":"product_tag","embeddable":true,"href":"https:\/\/geooprema.com\/bs\/wp-json\/wp\/v2\/product_tag?post=32004"}],"curies":[{"name":"wp","href":"https:\/\/api.w.org\/{rel}","templated":true}]}}