
{"id":32002,"date":"2020-10-16T17:34:10","date_gmt":"2020-10-16T17:34:10","guid":{"rendered":"https:\/\/geooprema.com\/products\/Bez kategorije\/geo-fennel-ffm-100-copy\/"},"modified":"2020-10-16T17:34:10","modified_gmt":"2020-10-16T17:34:10","slug":"geo-fennel-ffm-100-copy","status":"publish","type":"product","link":"https:\/\/geooprema.com\/bs\/products\/gradjevinska-oprema\/instrumenti-za-mjerenje-okoline\/geo-fennel-ffm-100-copy\/","title":{"rendered":"Geo Fennel FTA 1"},"content":{"rendered":"<p> <strong> Tehni\u010dki podaci: <\/strong> <\/p>\n<div class = \"content - title\">\n<div class = \"product - panel svojstava ima - border\">\n<table class = \"product - properties-table\">\n<tbody>\n<tr class = \"product - properties-row\">\n<td class = \"product - properties-label is - bold\"> Napajanje: <\/td>\n<td class = \"product - properties-value\"> 9 V baterija <\/td>\n<\/tr>\n<tr class = \"product - properties-row\">\n<td class = \"product - properties-label is - bold\"> Ta\u010dnost: <\/td>\n<td class = \"product - properties-value\"> \u00b1 2 \u00b0 C, \u00b1 3% \u00b1 0,4 milje \/ h, \u00b1 3% \u00b1 0,8 km \/ h, \u00b1 3% \u00b1 0,20 m \/ s, \u00b1 3% \u00b1 0,4 \u010dvorova , \u00b1 3% \u00b1 40 ft \/ min, \u00b1 4 \u00b0 F <\/td>\n<\/tr>\n<tr class = \"product - properties-row\">\n<td class = \"product - properties-label is - bold\"> Pro\u0161irena veli\u010dina: <\/td>\n<td class = \"product - properties-value\"> 75 x 203 x 50 mm <\/td>\n<\/tr>\n<tr class = \"product - properties-row\">\n<td class = \"product - properties-label is - bold\"> Vrijeme rada: <\/td>\n<td class = \"product - properties-value\"> 80 h <\/td>\n<\/tr>\n<tr class = \"product - properties-row\">\n<td class = \"product - properties-label is - bold\"> Rezolucija: <\/td>\n<td class = \"product - properties-value\"> 0,001 (CFM), 0,001 (CMM), 0,01 (m \/ s), 0,1 (km \/ h), 0,1 (\u010dvorovi), 0, 1 (Lieues \/ h), 0,1 \u00b0 F, 0,1 \u00b0 C, 1 (ft \/ min) <\/td>\n<\/tr>\n<tr class = \"product - properties-row\">\n<td class = \"product - properties-label is - bold\"> Mjerna udaljenost: <\/td>\n<td class = \"product - properties-value\"> &#8211; 10 \u00b0 C do +60 \u00b0 C, 0 &#8211; 999900 CFM (ft\u00b3 \/ min), 0,40 &#8211; 30,00 m \/ s, 0,8 &#8211; 58,0 \u010dvorova, 0,9 &#8211; 67,0 milja \/ h , 0\u2013999900 CMM (m\u00b3 \/ min), 1,4 &#8211; 108,0 km \/ h, 14 \u00b0 F &#8211; 140 \u00b0 F, 80 &#8211; 5900 ft \/ min <\/td>\n<\/tr>\n<tr class = \"product - properties-row\">\n<td class = \"product - properties-label is - bold\"> Podru\u010dje: <\/td>\n<td class = \"product - properties-value\"> 0 &#8211; 999,9 ft\u00b2, 0 &#8211; 999,9 m\u00b2 <\/td>\n<\/tr>\n<tr class = \"product - properties-row\">\n<td class = \"product - properties-label is - bold\"> Te\u017eina: <\/td>\n<td class = \"product - properties-value\"> 280 g <\/td>\n<\/tr>\n<\/tbody>\n<\/table>\n<\/div>\n<\/div>\n","protected":false},"excerpt":{"rendered":"<div class=\"content - title\">\n<div class=\"content - title\">\n<div class=\"content - title\">\n<div class=\"content - title\">\n<div class=\"content - title\">\n<div class=\"content - title\">\n<div class=\"content - title\">\n<div class=\"content - title\">\n<div class=\"content - title\">\n<div class=\"content - title\">\n<div class=\"content - title\">Informacije o proizvodu &#8220;FTA 1&#8221;.<\/div>\n<div class=\"product - description\">\n<p>Profesionalni termo-anemometar sa daljinskim lopaticama za mjerenje brzine zraka, protoka i temperature zraka.<\/p>\n<p><strong> Obrt i zadaci: <\/strong> Ventilacija i klimatizacija: ugradnja ventilacijskih sistema, mjerenje protoka i temperature zraka; poljoprivreda: prskanje usjeva, pregled ventilacije i skladi\u0161tenje usjeva; monitoring okoline.<\/p>\n<p><strong> Karakteristike:<\/strong><\/p>\n<ul>\n<li>Simultani prikaz protoka zraka ili brzine i temperature okoline<\/li>\n<li>Veliki LCD koji se lako \u010dita, sa preklopnim pozadinskim osvjetljenjem<\/li>\n<li>Maksimalna \/ minimalna funkcija<\/li>\n<li>20 prosje\u010dnih o\u010ditanja protoka i brzine zraka<\/li>\n<li>Data HOLD funkcija<\/li>\n<li>16 memorijskih lokacija za podru\u010dje (8 CMM, 8 CFM)<\/li>\n<li>Daljinska lopatica s le\u017eajem niskog trenja (promjer 65 mm) za precizne rezultate<\/li>\n<\/ul>\n<\/div>\n<\/div>\n<\/div>\n<\/div>\n<\/div>\n<\/div>\n<\/div>\n<\/div>\n<\/div>\n<\/div>\n<\/div>\n","protected":false},"featured_media":28376,"comment_status":"open","ping_status":"closed","template":"","meta":{"_acf_changed":false},"product_brand":[],"product_cat":[1277,1287],"product_tag":[],"class_list":{"0":"post-32002","1":"product","2":"type-product","3":"status-publish","4":"has-post-thumbnail","6":"product_cat-instrumenti-za-mjerenje-okoline","7":"product_cat-mjerenje-temperature-vlaznosti","8":"pa_brand-geofennel-bs","10":"first","11":"onbackorder","12":"taxable","13":"shipping-taxable","14":"product-type-simple","swatches":"rey-swatches","show_selected":""},"acf":[],"yoast_head":"<!-- This site is optimized with the Yoast SEO plugin v24.9 - https:\/\/yoast.com\/wordpress\/plugins\/seo\/ -->\n<title>Geo Fennel FTA 1 - Geooprema<\/title>\n<meta name=\"robots\" content=\"index, follow, max-snippet:-1, max-image-preview:large, max-video-preview:-1\" \/>\n<link rel=\"canonical\" href=\"https:\/\/geooprema.com\/bs\/products\/instrumenti-za-mjerenje-okoline\/geo-fennel-ffm-100-copy\/\" \/>\n<meta property=\"og:locale\" content=\"bs_BA\" \/>\n<meta property=\"og:type\" content=\"article\" \/>\n<meta property=\"og:title\" content=\"Geo Fennel FTA 1 - Geooprema\" \/>\n<meta property=\"og:description\" content=\"Informacije o proizvodu &quot;FTA 1&quot;.   Profesionalni termo-anemometar sa daljinskim lopaticama za mjerenje brzine zraka, protoka i temperature zraka.   Obrt i zadaci: Ventilacija i klimatizacija: ugradnja ventilacijskih sistema, mjerenje protoka i temperature zraka; poljoprivreda: prskanje usjeva, pregled ventilacije i skladi\u0161tenje usjeva; monitoring okoline.   Karakteristike:   Simultani prikaz protoka zraka ili brzine i temperature okoline  Veliki LCD koji se lako \u010dita, sa preklopnim pozadinskim osvjetljenjem  Maksimalna \/ minimalna funkcija  20 prosje\u010dnih o\u010ditanja protoka i brzine zraka  Data HOLD funkcija  16 memorijskih lokacija za podru\u010dje (8 CMM, 8 CFM)  Daljinska lopatica s le\u017eajem niskog trenja (promjer 65 mm) za precizne rezultate\" \/>\n<meta property=\"og:url\" content=\"https:\/\/geooprema.com\/bs\/products\/instrumenti-za-mjerenje-okoline\/geo-fennel-ffm-100-copy\/\" \/>\n<meta property=\"og:site_name\" content=\"Geooprema\" \/>\n<meta property=\"article:publisher\" content=\"https:\/\/www.facebook.com\/geoinfobih\" \/>\n<meta property=\"og:image\" content=\"https:\/\/geooprema.com\/wp-content\/uploads\/2020\/10\/Geofennel-FTA_1.jpg\" \/>\n\t<meta property=\"og:image:width\" content=\"800\" \/>\n\t<meta property=\"og:image:height\" content=\"800\" \/>\n\t<meta property=\"og:image:type\" content=\"image\/jpeg\" \/>\n<meta name=\"twitter:card\" content=\"summary_large_image\" \/>\n<script type=\"application\/ld+json\" class=\"yoast-schema-graph\">{\"@context\":\"https:\/\/schema.org\",\"@graph\":[{\"@type\":\"WebPage\",\"@id\":\"https:\/\/geooprema.com\/bs\/products\/instrumenti-za-mjerenje-okoline\/geo-fennel-ffm-100-copy\/\",\"url\":\"https:\/\/geooprema.com\/bs\/products\/instrumenti-za-mjerenje-okoline\/geo-fennel-ffm-100-copy\/\",\"name\":\"Geo Fennel FTA 1 - Geooprema\",\"isPartOf\":{\"@id\":\"https:\/\/geooprema.com\/#website\"},\"primaryImageOfPage\":{\"@id\":\"https:\/\/geooprema.com\/bs\/products\/instrumenti-za-mjerenje-okoline\/geo-fennel-ffm-100-copy\/#primaryimage\"},\"image\":{\"@id\":\"https:\/\/geooprema.com\/bs\/products\/instrumenti-za-mjerenje-okoline\/geo-fennel-ffm-100-copy\/#primaryimage\"},\"thumbnailUrl\":\"https:\/\/geooprema.com\/wp-content\/uploads\/2020\/10\/Geofennel-FTA_1.jpg\",\"datePublished\":\"2020-10-16T17:34:10+00:00\",\"breadcrumb\":{\"@id\":\"https:\/\/geooprema.com\/bs\/products\/instrumenti-za-mjerenje-okoline\/geo-fennel-ffm-100-copy\/#breadcrumb\"},\"inLanguage\":\"bs-BA\",\"potentialAction\":[{\"@type\":\"ReadAction\",\"target\":[\"https:\/\/geooprema.com\/bs\/products\/instrumenti-za-mjerenje-okoline\/geo-fennel-ffm-100-copy\/\"]}]},{\"@type\":\"ImageObject\",\"inLanguage\":\"bs-BA\",\"@id\":\"https:\/\/geooprema.com\/bs\/products\/instrumenti-za-mjerenje-okoline\/geo-fennel-ffm-100-copy\/#primaryimage\",\"url\":\"https:\/\/geooprema.com\/wp-content\/uploads\/2020\/10\/Geofennel-FTA_1.jpg\",\"contentUrl\":\"https:\/\/geooprema.com\/wp-content\/uploads\/2020\/10\/Geofennel-FTA_1.jpg\",\"width\":800,\"height\":800,\"caption\":\"Geo Fennel FTA 1\"},{\"@type\":\"BreadcrumbList\",\"@id\":\"https:\/\/geooprema.com\/bs\/products\/instrumenti-za-mjerenje-okoline\/geo-fennel-ffm-100-copy\/#breadcrumb\",\"itemListElement\":[{\"@type\":\"ListItem\",\"position\":1,\"name\":\"Home\",\"item\":\"https:\/\/geooprema.com\/bs\/\"},{\"@type\":\"ListItem\",\"position\":2,\"name\":\"Shop\",\"item\":\"https:\/\/geooprema.com\/shop-2\/\"},{\"@type\":\"ListItem\",\"position\":3,\"name\":\"Geo Fennel FTA 1\"}]},{\"@type\":\"WebSite\",\"@id\":\"https:\/\/geooprema.com\/#website\",\"url\":\"https:\/\/geooprema.com\/\",\"name\":\"Geooprema\",\"description\":\"Surveying and Construction Equipmen, Software and Accessories\",\"publisher\":{\"@id\":\"https:\/\/geooprema.com\/#organization\"},\"potentialAction\":[{\"@type\":\"SearchAction\",\"target\":{\"@type\":\"EntryPoint\",\"urlTemplate\":\"https:\/\/geooprema.com\/?s={search_term_string}\"},\"query-input\":{\"@type\":\"PropertyValueSpecification\",\"valueRequired\":true,\"valueName\":\"search_term_string\"}}],\"inLanguage\":\"bs-BA\"},{\"@type\":\"Organization\",\"@id\":\"https:\/\/geooprema.com\/#organization\",\"name\":\"Geooprema\",\"url\":\"https:\/\/geooprema.com\/\",\"logo\":{\"@type\":\"ImageObject\",\"inLanguage\":\"bs-BA\",\"@id\":\"https:\/\/geooprema.com\/#\/schema\/logo\/image\/\",\"url\":\"https:\/\/geooprema.com\/wp-content\/uploads\/2020\/08\/geooprema-logo.png\",\"contentUrl\":\"https:\/\/geooprema.com\/wp-content\/uploads\/2020\/08\/geooprema-logo.png\",\"width\":513,\"height\":161,\"caption\":\"Geooprema\"},\"image\":{\"@id\":\"https:\/\/geooprema.com\/#\/schema\/logo\/image\/\"},\"sameAs\":[\"https:\/\/www.facebook.com\/geoinfobih\",\"https:\/\/www.instagram.com\/geoinfodoo\/\",\"https:\/\/www.linkedin.com\/company\/geoinfo-doo\/\",\"https:\/\/www.youtube.com\/c\/Geoinfodoo\"]}]}<\/script>\n<!-- \/ Yoast SEO plugin. -->","yoast_head_json":{"title":"Geo Fennel FTA 1 - Geooprema","robots":{"index":"index","follow":"follow","max-snippet":"max-snippet:-1","max-image-preview":"max-image-preview:large","max-video-preview":"max-video-preview:-1"},"canonical":"https:\/\/geooprema.com\/bs\/products\/instrumenti-za-mjerenje-okoline\/geo-fennel-ffm-100-copy\/","og_locale":"bs_BA","og_type":"article","og_title":"Geo Fennel FTA 1 - Geooprema","og_description":"Informacije o proizvodu \"FTA 1\".   Profesionalni termo-anemometar sa daljinskim lopaticama za mjerenje brzine zraka, protoka i temperature zraka.   Obrt i zadaci: Ventilacija i klimatizacija: ugradnja ventilacijskih sistema, mjerenje protoka i temperature zraka; poljoprivreda: prskanje usjeva, pregled ventilacije i skladi\u0161tenje usjeva; monitoring okoline.   Karakteristike:   Simultani prikaz protoka zraka ili brzine i temperature okoline  Veliki LCD koji se lako \u010dita, sa preklopnim pozadinskim osvjetljenjem  Maksimalna \/ minimalna funkcija  20 prosje\u010dnih o\u010ditanja protoka i brzine zraka  Data HOLD funkcija  16 memorijskih lokacija za podru\u010dje (8 CMM, 8 CFM)  Daljinska lopatica s le\u017eajem niskog trenja (promjer 65 mm) za precizne rezultate","og_url":"https:\/\/geooprema.com\/bs\/products\/instrumenti-za-mjerenje-okoline\/geo-fennel-ffm-100-copy\/","og_site_name":"Geooprema","article_publisher":"https:\/\/www.facebook.com\/geoinfobih","og_image":[{"width":800,"height":800,"url":"https:\/\/geooprema.com\/wp-content\/uploads\/2020\/10\/Geofennel-FTA_1.jpg","type":"image\/jpeg"}],"twitter_card":"summary_large_image","schema":{"@context":"https:\/\/schema.org","@graph":[{"@type":"WebPage","@id":"https:\/\/geooprema.com\/bs\/products\/instrumenti-za-mjerenje-okoline\/geo-fennel-ffm-100-copy\/","url":"https:\/\/geooprema.com\/bs\/products\/instrumenti-za-mjerenje-okoline\/geo-fennel-ffm-100-copy\/","name":"Geo Fennel FTA 1 - Geooprema","isPartOf":{"@id":"https:\/\/geooprema.com\/#website"},"primaryImageOfPage":{"@id":"https:\/\/geooprema.com\/bs\/products\/instrumenti-za-mjerenje-okoline\/geo-fennel-ffm-100-copy\/#primaryimage"},"image":{"@id":"https:\/\/geooprema.com\/bs\/products\/instrumenti-za-mjerenje-okoline\/geo-fennel-ffm-100-copy\/#primaryimage"},"thumbnailUrl":"https:\/\/geooprema.com\/wp-content\/uploads\/2020\/10\/Geofennel-FTA_1.jpg","datePublished":"2020-10-16T17:34:10+00:00","breadcrumb":{"@id":"https:\/\/geooprema.com\/bs\/products\/instrumenti-za-mjerenje-okoline\/geo-fennel-ffm-100-copy\/#breadcrumb"},"inLanguage":"bs-BA","potentialAction":[{"@type":"ReadAction","target":["https:\/\/geooprema.com\/bs\/products\/instrumenti-za-mjerenje-okoline\/geo-fennel-ffm-100-copy\/"]}]},{"@type":"ImageObject","inLanguage":"bs-BA","@id":"https:\/\/geooprema.com\/bs\/products\/instrumenti-za-mjerenje-okoline\/geo-fennel-ffm-100-copy\/#primaryimage","url":"https:\/\/geooprema.com\/wp-content\/uploads\/2020\/10\/Geofennel-FTA_1.jpg","contentUrl":"https:\/\/geooprema.com\/wp-content\/uploads\/2020\/10\/Geofennel-FTA_1.jpg","width":800,"height":800,"caption":"Geo Fennel FTA 1"},{"@type":"BreadcrumbList","@id":"https:\/\/geooprema.com\/bs\/products\/instrumenti-za-mjerenje-okoline\/geo-fennel-ffm-100-copy\/#breadcrumb","itemListElement":[{"@type":"ListItem","position":1,"name":"Home","item":"https:\/\/geooprema.com\/bs\/"},{"@type":"ListItem","position":2,"name":"Shop","item":"https:\/\/geooprema.com\/shop-2\/"},{"@type":"ListItem","position":3,"name":"Geo Fennel FTA 1"}]},{"@type":"WebSite","@id":"https:\/\/geooprema.com\/#website","url":"https:\/\/geooprema.com\/","name":"Geooprema","description":"Surveying and Construction Equipmen, Software and Accessories","publisher":{"@id":"https:\/\/geooprema.com\/#organization"},"potentialAction":[{"@type":"SearchAction","target":{"@type":"EntryPoint","urlTemplate":"https:\/\/geooprema.com\/?s={search_term_string}"},"query-input":{"@type":"PropertyValueSpecification","valueRequired":true,"valueName":"search_term_string"}}],"inLanguage":"bs-BA"},{"@type":"Organization","@id":"https:\/\/geooprema.com\/#organization","name":"Geooprema","url":"https:\/\/geooprema.com\/","logo":{"@type":"ImageObject","inLanguage":"bs-BA","@id":"https:\/\/geooprema.com\/#\/schema\/logo\/image\/","url":"https:\/\/geooprema.com\/wp-content\/uploads\/2020\/08\/geooprema-logo.png","contentUrl":"https:\/\/geooprema.com\/wp-content\/uploads\/2020\/08\/geooprema-logo.png","width":513,"height":161,"caption":"Geooprema"},"image":{"@id":"https:\/\/geooprema.com\/#\/schema\/logo\/image\/"},"sameAs":["https:\/\/www.facebook.com\/geoinfobih","https:\/\/www.instagram.com\/geoinfodoo\/","https:\/\/www.linkedin.com\/company\/geoinfo-doo\/","https:\/\/www.youtube.com\/c\/Geoinfodoo"]}]}},"_links":{"self":[{"href":"https:\/\/geooprema.com\/bs\/wp-json\/wp\/v2\/product\/32002","targetHints":{"allow":["GET"]}}],"collection":[{"href":"https:\/\/geooprema.com\/bs\/wp-json\/wp\/v2\/product"}],"about":[{"href":"https:\/\/geooprema.com\/bs\/wp-json\/wp\/v2\/types\/product"}],"replies":[{"embeddable":true,"href":"https:\/\/geooprema.com\/bs\/wp-json\/wp\/v2\/comments?post=32002"}],"wp:featuredmedia":[{"embeddable":true,"href":"https:\/\/geooprema.com\/bs\/wp-json\/wp\/v2\/media\/28376"}],"wp:attachment":[{"href":"https:\/\/geooprema.com\/bs\/wp-json\/wp\/v2\/media?parent=32002"}],"wp:term":[{"taxonomy":"product_brand","embeddable":true,"href":"https:\/\/geooprema.com\/bs\/wp-json\/wp\/v2\/product_brand?post=32002"},{"taxonomy":"product_cat","embeddable":true,"href":"https:\/\/geooprema.com\/bs\/wp-json\/wp\/v2\/product_cat?post=32002"},{"taxonomy":"product_tag","embeddable":true,"href":"https:\/\/geooprema.com\/bs\/wp-json\/wp\/v2\/product_tag?post=32002"}],"curies":[{"name":"wp","href":"https:\/\/api.w.org\/{rel}","templated":true}]}}