
{"id":31977,"date":"2020-10-22T20:22:54","date_gmt":"2020-10-22T20:22:54","guid":{"rendered":"https:\/\/geooprema.com\/products\/Bez kategorije\/geomax-ezitex-t300-xf\/"},"modified":"2020-10-22T20:22:54","modified_gmt":"2020-10-22T20:22:54","slug":"geomax-ezitex-t300-xf","status":"publish","type":"product","link":"https:\/\/geooprema.com\/bs\/products\/gradjevinska-oprema\/tragaci\/geomax-ezitex-t300-xf\/","title":{"rendered":"GeoMax Ezitex t300 xf"},"content":{"rendered":"<p> <strong> \u0160ifra: 832366 <\/strong> <\/p>\n<p> EZiTEX t300 radi na dva na\u010dina kako bi pratio \u0161to vi\u0161e usluga na najve\u0107oj udaljenosti. <\/p>\n<p> Moderno radili\u0161te opasno je mjesto s nezgodama koje se svakodnevno doga\u0111aju sa opremom. Kako bi se suprotstavio opasnosti od udaraca i padova, EZiTEX t300 za\u0161ti\u0107en je ku\u0107i\u0161tem otpornim na udarce i potpuno vodootpornim (IP65). Jednostavne komande zami\u0161ljeno su postavljene na vanjskoj strani ku\u0107i\u0161ta kako bi se smanjio rizik od o\u0161te\u0107enja vodom. <\/p>\n<p> Da bi se osiguralo da va\u0161 generator radi ispravno, ugra\u0111ena funkcija testiranja procjenjuje softver i sklopove prije upotrebe s bilo kojim problemom koji je ozna\u010den u roku od nekoliko sekundi <\/p>\n","protected":false},"excerpt":{"rendered":"<p>Opis: Oda\u0161ilja\u010di signala serije xf (gennys) kompaktni su, robusni i jednostavni za upotrebu. Imaju \u010detiri frekvencije i dizajnirani su za pra\u0107enje zakopanih komunalnih usluga na velike udaljenosti zajedno s lokatorima kablova EZiCAT xf.<br \/>\nUvijek bismo preporu\u010dili upotrebu predajnika signala EZiTEX xf-serije kad god poku\u0161avate locirati zakopane komunalne ure\u0111aje pomo\u0107u lokatora EZiCAT serije xf.<br \/>\nPobolj\u0161ano otkrivanje korisnosti u podru\u010djima visokih smetnji signala.<br \/>\nOmogu\u0107uje procjenu dubine kada se koristi lokator kablova za procjenu dubine.<br \/>\nOmogu\u0107uje vam lociranje neprovodnih komunalnih ure\u0111aja (tj. Ne odavanje aktivnog signala) primjenom aktivnog signala na komunalne usluge. Potom se signal mo\u017ee pratiti pomo\u0107u bilo kojeg lokatora EZiCAT xf-Series. Kori\u0161tenje EZiTEX oda\u0161ilja\u010da signala na ovaj na\u010din pomo\u0107i \u0107e vam da prona\u0111ete oko 50% vi\u0161e ukopanih komunalnih usluga nego samo upotreba lokatora EZiCAT.<\/p>\n","protected":false},"featured_media":29198,"comment_status":"open","ping_status":"closed","template":"","meta":{"_acf_changed":false},"product_brand":[],"product_cat":[402],"product_tag":[],"class_list":{"0":"post-31977","1":"product","2":"type-product","3":"status-publish","4":"has-post-thumbnail","6":"product_cat-tragaci","7":"pa_brand-geomax-positioning-bs","9":"first","10":"onbackorder","11":"taxable","12":"shipping-taxable","13":"product-type-simple","swatches":"rey-swatches","show_selected":""},"acf":[],"yoast_head":"<!-- This site is optimized with the Yoast SEO plugin v24.9 - https:\/\/yoast.com\/wordpress\/plugins\/seo\/ -->\n<title>GeoMax Ezitex t300 xf - Geooprema<\/title>\n<meta name=\"robots\" content=\"index, follow, max-snippet:-1, max-image-preview:large, max-video-preview:-1\" \/>\n<link rel=\"canonical\" href=\"https:\/\/geooprema.com\/bs\/products\/gradjevinska-oprema\/tragaci\/geomax-ezitex-t300-xf\/\" \/>\n<meta property=\"og:locale\" content=\"bs_BA\" \/>\n<meta property=\"og:type\" content=\"article\" \/>\n<meta property=\"og:title\" content=\"GeoMax Ezitex t300 xf - Geooprema\" \/>\n<meta property=\"og:description\" content=\"Opis: Oda\u0161ilja\u010di signala serije xf (gennys) kompaktni su, robusni i jednostavni za upotrebu. Imaju \u010detiri frekvencije i dizajnirani su za pra\u0107enje zakopanih komunalnih usluga na velike udaljenosti zajedno s lokatorima kablova EZiCAT xf. Uvijek bismo preporu\u010dili upotrebu predajnika signala EZiTEX xf-serije kad god poku\u0161avate locirati zakopane komunalne ure\u0111aje pomo\u0107u lokatora EZiCAT serije xf. Pobolj\u0161ano otkrivanje korisnosti u podru\u010djima visokih smetnji signala. Omogu\u0107uje procjenu dubine kada se koristi lokator kablova za procjenu dubine. Omogu\u0107uje vam lociranje neprovodnih komunalnih ure\u0111aja (tj. Ne odavanje aktivnog signala) primjenom aktivnog signala na komunalne usluge. Potom se signal mo\u017ee pratiti pomo\u0107u bilo kojeg lokatora EZiCAT xf-Series. Kori\u0161tenje EZiTEX oda\u0161ilja\u010da signala na ovaj na\u010din pomo\u0107i \u0107e vam da prona\u0111ete oko 50% vi\u0161e ukopanih komunalnih usluga nego samo upotreba lokatora EZiCAT.\" \/>\n<meta property=\"og:url\" content=\"https:\/\/geooprema.com\/bs\/products\/gradjevinska-oprema\/tragaci\/geomax-ezitex-t300-xf\/\" \/>\n<meta property=\"og:site_name\" content=\"Geooprema\" \/>\n<meta property=\"article:publisher\" content=\"https:\/\/www.facebook.com\/geoinfobih\" \/>\n<meta property=\"og:image\" content=\"https:\/\/geooprema.com\/wp-content\/uploads\/2020\/10\/signal_generator_3-1.jpg\" \/>\n\t<meta property=\"og:image:width\" content=\"800\" \/>\n\t<meta property=\"og:image:height\" content=\"800\" \/>\n\t<meta property=\"og:image:type\" content=\"image\/jpeg\" \/>\n<meta name=\"twitter:card\" content=\"summary_large_image\" \/>\n<meta name=\"twitter:label1\" content=\"Est. reading time\" \/>\n\t<meta name=\"twitter:data1\" content=\"1 minuta\" \/>\n<script type=\"application\/ld+json\" class=\"yoast-schema-graph\">{\"@context\":\"https:\/\/schema.org\",\"@graph\":[{\"@type\":\"WebPage\",\"@id\":\"https:\/\/geooprema.com\/bs\/products\/gradjevinska-oprema\/tragaci\/geomax-ezitex-t300-xf\/\",\"url\":\"https:\/\/geooprema.com\/bs\/products\/gradjevinska-oprema\/tragaci\/geomax-ezitex-t300-xf\/\",\"name\":\"GeoMax Ezitex t300 xf - Geooprema\",\"isPartOf\":{\"@id\":\"https:\/\/geooprema.com\/#website\"},\"primaryImageOfPage\":{\"@id\":\"https:\/\/geooprema.com\/bs\/products\/gradjevinska-oprema\/tragaci\/geomax-ezitex-t300-xf\/#primaryimage\"},\"image\":{\"@id\":\"https:\/\/geooprema.com\/bs\/products\/gradjevinska-oprema\/tragaci\/geomax-ezitex-t300-xf\/#primaryimage\"},\"thumbnailUrl\":\"https:\/\/geooprema.com\/wp-content\/uploads\/2020\/10\/signal_generator_3-1.jpg\",\"datePublished\":\"2020-10-22T20:22:54+00:00\",\"breadcrumb\":{\"@id\":\"https:\/\/geooprema.com\/bs\/products\/gradjevinska-oprema\/tragaci\/geomax-ezitex-t300-xf\/#breadcrumb\"},\"inLanguage\":\"bs-BA\",\"potentialAction\":[{\"@type\":\"ReadAction\",\"target\":[\"https:\/\/geooprema.com\/bs\/products\/gradjevinska-oprema\/tragaci\/geomax-ezitex-t300-xf\/\"]}]},{\"@type\":\"ImageObject\",\"inLanguage\":\"bs-BA\",\"@id\":\"https:\/\/geooprema.com\/bs\/products\/gradjevinska-oprema\/tragaci\/geomax-ezitex-t300-xf\/#primaryimage\",\"url\":\"https:\/\/geooprema.com\/wp-content\/uploads\/2020\/10\/signal_generator_3-1.jpg\",\"contentUrl\":\"https:\/\/geooprema.com\/wp-content\/uploads\/2020\/10\/signal_generator_3-1.jpg\",\"width\":800,\"height\":800,\"caption\":\"GeoMax Ezitex t300 xf\"},{\"@type\":\"BreadcrumbList\",\"@id\":\"https:\/\/geooprema.com\/bs\/products\/gradjevinska-oprema\/tragaci\/geomax-ezitex-t300-xf\/#breadcrumb\",\"itemListElement\":[{\"@type\":\"ListItem\",\"position\":1,\"name\":\"Home\",\"item\":\"https:\/\/geooprema.com\/bs\/\"},{\"@type\":\"ListItem\",\"position\":2,\"name\":\"Shop\",\"item\":\"https:\/\/geooprema.com\/shop-2\/\"},{\"@type\":\"ListItem\",\"position\":3,\"name\":\"GeoMax Ezitex t300 xf\"}]},{\"@type\":\"WebSite\",\"@id\":\"https:\/\/geooprema.com\/#website\",\"url\":\"https:\/\/geooprema.com\/\",\"name\":\"Geooprema\",\"description\":\"Surveying and Construction Equipmen, Software and Accessories\",\"publisher\":{\"@id\":\"https:\/\/geooprema.com\/#organization\"},\"potentialAction\":[{\"@type\":\"SearchAction\",\"target\":{\"@type\":\"EntryPoint\",\"urlTemplate\":\"https:\/\/geooprema.com\/?s={search_term_string}\"},\"query-input\":{\"@type\":\"PropertyValueSpecification\",\"valueRequired\":true,\"valueName\":\"search_term_string\"}}],\"inLanguage\":\"bs-BA\"},{\"@type\":\"Organization\",\"@id\":\"https:\/\/geooprema.com\/#organization\",\"name\":\"Geooprema\",\"url\":\"https:\/\/geooprema.com\/\",\"logo\":{\"@type\":\"ImageObject\",\"inLanguage\":\"bs-BA\",\"@id\":\"https:\/\/geooprema.com\/#\/schema\/logo\/image\/\",\"url\":\"https:\/\/geooprema.com\/wp-content\/uploads\/2020\/08\/geooprema-logo.png\",\"contentUrl\":\"https:\/\/geooprema.com\/wp-content\/uploads\/2020\/08\/geooprema-logo.png\",\"width\":513,\"height\":161,\"caption\":\"Geooprema\"},\"image\":{\"@id\":\"https:\/\/geooprema.com\/#\/schema\/logo\/image\/\"},\"sameAs\":[\"https:\/\/www.facebook.com\/geoinfobih\",\"https:\/\/www.instagram.com\/geoinfodoo\/\",\"https:\/\/www.linkedin.com\/company\/geoinfo-doo\/\",\"https:\/\/www.youtube.com\/c\/Geoinfodoo\"]}]}<\/script>\n<!-- \/ Yoast SEO plugin. -->","yoast_head_json":{"title":"GeoMax Ezitex t300 xf - Geooprema","robots":{"index":"index","follow":"follow","max-snippet":"max-snippet:-1","max-image-preview":"max-image-preview:large","max-video-preview":"max-video-preview:-1"},"canonical":"https:\/\/geooprema.com\/bs\/products\/gradjevinska-oprema\/tragaci\/geomax-ezitex-t300-xf\/","og_locale":"bs_BA","og_type":"article","og_title":"GeoMax Ezitex t300 xf - Geooprema","og_description":"Opis: Oda\u0161ilja\u010di signala serije xf (gennys) kompaktni su, robusni i jednostavni za upotrebu. Imaju \u010detiri frekvencije i dizajnirani su za pra\u0107enje zakopanih komunalnih usluga na velike udaljenosti zajedno s lokatorima kablova EZiCAT xf. Uvijek bismo preporu\u010dili upotrebu predajnika signala EZiTEX xf-serije kad god poku\u0161avate locirati zakopane komunalne ure\u0111aje pomo\u0107u lokatora EZiCAT serije xf. Pobolj\u0161ano otkrivanje korisnosti u podru\u010djima visokih smetnji signala. Omogu\u0107uje procjenu dubine kada se koristi lokator kablova za procjenu dubine. Omogu\u0107uje vam lociranje neprovodnih komunalnih ure\u0111aja (tj. Ne odavanje aktivnog signala) primjenom aktivnog signala na komunalne usluge. Potom se signal mo\u017ee pratiti pomo\u0107u bilo kojeg lokatora EZiCAT xf-Series. Kori\u0161tenje EZiTEX oda\u0161ilja\u010da signala na ovaj na\u010din pomo\u0107i \u0107e vam da prona\u0111ete oko 50% vi\u0161e ukopanih komunalnih usluga nego samo upotreba lokatora EZiCAT.","og_url":"https:\/\/geooprema.com\/bs\/products\/gradjevinska-oprema\/tragaci\/geomax-ezitex-t300-xf\/","og_site_name":"Geooprema","article_publisher":"https:\/\/www.facebook.com\/geoinfobih","og_image":[{"width":800,"height":800,"url":"https:\/\/geooprema.com\/wp-content\/uploads\/2020\/10\/signal_generator_3-1.jpg","type":"image\/jpeg"}],"twitter_card":"summary_large_image","twitter_misc":{"Est. reading time":"1 minuta"},"schema":{"@context":"https:\/\/schema.org","@graph":[{"@type":"WebPage","@id":"https:\/\/geooprema.com\/bs\/products\/gradjevinska-oprema\/tragaci\/geomax-ezitex-t300-xf\/","url":"https:\/\/geooprema.com\/bs\/products\/gradjevinska-oprema\/tragaci\/geomax-ezitex-t300-xf\/","name":"GeoMax Ezitex t300 xf - Geooprema","isPartOf":{"@id":"https:\/\/geooprema.com\/#website"},"primaryImageOfPage":{"@id":"https:\/\/geooprema.com\/bs\/products\/gradjevinska-oprema\/tragaci\/geomax-ezitex-t300-xf\/#primaryimage"},"image":{"@id":"https:\/\/geooprema.com\/bs\/products\/gradjevinska-oprema\/tragaci\/geomax-ezitex-t300-xf\/#primaryimage"},"thumbnailUrl":"https:\/\/geooprema.com\/wp-content\/uploads\/2020\/10\/signal_generator_3-1.jpg","datePublished":"2020-10-22T20:22:54+00:00","breadcrumb":{"@id":"https:\/\/geooprema.com\/bs\/products\/gradjevinska-oprema\/tragaci\/geomax-ezitex-t300-xf\/#breadcrumb"},"inLanguage":"bs-BA","potentialAction":[{"@type":"ReadAction","target":["https:\/\/geooprema.com\/bs\/products\/gradjevinska-oprema\/tragaci\/geomax-ezitex-t300-xf\/"]}]},{"@type":"ImageObject","inLanguage":"bs-BA","@id":"https:\/\/geooprema.com\/bs\/products\/gradjevinska-oprema\/tragaci\/geomax-ezitex-t300-xf\/#primaryimage","url":"https:\/\/geooprema.com\/wp-content\/uploads\/2020\/10\/signal_generator_3-1.jpg","contentUrl":"https:\/\/geooprema.com\/wp-content\/uploads\/2020\/10\/signal_generator_3-1.jpg","width":800,"height":800,"caption":"GeoMax Ezitex t300 xf"},{"@type":"BreadcrumbList","@id":"https:\/\/geooprema.com\/bs\/products\/gradjevinska-oprema\/tragaci\/geomax-ezitex-t300-xf\/#breadcrumb","itemListElement":[{"@type":"ListItem","position":1,"name":"Home","item":"https:\/\/geooprema.com\/bs\/"},{"@type":"ListItem","position":2,"name":"Shop","item":"https:\/\/geooprema.com\/shop-2\/"},{"@type":"ListItem","position":3,"name":"GeoMax Ezitex t300 xf"}]},{"@type":"WebSite","@id":"https:\/\/geooprema.com\/#website","url":"https:\/\/geooprema.com\/","name":"Geooprema","description":"Surveying and Construction Equipmen, Software and Accessories","publisher":{"@id":"https:\/\/geooprema.com\/#organization"},"potentialAction":[{"@type":"SearchAction","target":{"@type":"EntryPoint","urlTemplate":"https:\/\/geooprema.com\/?s={search_term_string}"},"query-input":{"@type":"PropertyValueSpecification","valueRequired":true,"valueName":"search_term_string"}}],"inLanguage":"bs-BA"},{"@type":"Organization","@id":"https:\/\/geooprema.com\/#organization","name":"Geooprema","url":"https:\/\/geooprema.com\/","logo":{"@type":"ImageObject","inLanguage":"bs-BA","@id":"https:\/\/geooprema.com\/#\/schema\/logo\/image\/","url":"https:\/\/geooprema.com\/wp-content\/uploads\/2020\/08\/geooprema-logo.png","contentUrl":"https:\/\/geooprema.com\/wp-content\/uploads\/2020\/08\/geooprema-logo.png","width":513,"height":161,"caption":"Geooprema"},"image":{"@id":"https:\/\/geooprema.com\/#\/schema\/logo\/image\/"},"sameAs":["https:\/\/www.facebook.com\/geoinfobih","https:\/\/www.instagram.com\/geoinfodoo\/","https:\/\/www.linkedin.com\/company\/geoinfo-doo\/","https:\/\/www.youtube.com\/c\/Geoinfodoo"]}]}},"_links":{"self":[{"href":"https:\/\/geooprema.com\/bs\/wp-json\/wp\/v2\/product\/31977","targetHints":{"allow":["GET"]}}],"collection":[{"href":"https:\/\/geooprema.com\/bs\/wp-json\/wp\/v2\/product"}],"about":[{"href":"https:\/\/geooprema.com\/bs\/wp-json\/wp\/v2\/types\/product"}],"replies":[{"embeddable":true,"href":"https:\/\/geooprema.com\/bs\/wp-json\/wp\/v2\/comments?post=31977"}],"wp:featuredmedia":[{"embeddable":true,"href":"https:\/\/geooprema.com\/bs\/wp-json\/wp\/v2\/media\/29198"}],"wp:attachment":[{"href":"https:\/\/geooprema.com\/bs\/wp-json\/wp\/v2\/media?parent=31977"}],"wp:term":[{"taxonomy":"product_brand","embeddable":true,"href":"https:\/\/geooprema.com\/bs\/wp-json\/wp\/v2\/product_brand?post=31977"},{"taxonomy":"product_cat","embeddable":true,"href":"https:\/\/geooprema.com\/bs\/wp-json\/wp\/v2\/product_cat?post=31977"},{"taxonomy":"product_tag","embeddable":true,"href":"https:\/\/geooprema.com\/bs\/wp-json\/wp\/v2\/product_tag?post=31977"}],"curies":[{"name":"wp","href":"https:\/\/api.w.org\/{rel}","templated":true}]}}