
{"id":31971,"date":"2020-10-22T20:01:12","date_gmt":"2020-10-22T20:01:12","guid":{"rendered":"https:\/\/geooprema.com\/products\/Bez%20kategorije\/geomax-ezicat-i500-60hz\/"},"modified":"2021-06-16T12:43:17","modified_gmt":"2021-06-16T12:43:17","slug":"geomax-ezicat-i500-60hz","status":"publish","type":"product","link":"https:\/\/geooprema.com\/bs\/products\/gradjevinska-oprema\/tragaci\/geomax-ezicat-i500-60hz\/","title":{"rendered":"GeoMax Ezicat i550 60Hz lokator"},"content":{"rendered":"<p> <strong> Ref.br .: 818079 <\/strong> <\/p>\n<p> Frekvencija \/ na\u010din rada Na\u010din napajanja 60 Hz, radio na\u010din rada 15 kHz do 60 kHz <br \/>\nNa\u010din oda\u0161ilja\u010da 8 kHz i 33 kHz, Automatski na\u010din = Napajanje + na\u010din rada <br \/>\nDubina napajanja do 3 m, radio do 2 m, na\u010din oda\u0161ilja\u010da do 3 m <br \/>\nZa\u0161tita u skladu sa IP54 <br \/>\nBaterije 6 x AA alkalne (isporu\u010duje se IEC LR6) <br \/>\nTrajanje baterije 40 sati uz isprekidanu upotrebu (na 20 \u00b0 C) <br \/>\nTe\u017eina 2,7 kg sa baterijama <\/p>\n","protected":false},"excerpt":{"rendered":"<p>Opis: Najmodernija tehnologija digitalne obrade signala (DSP).<br \/>\nAutomatske kontrole &#8211; \u010dine\u0107i EZiCAT jednostavnim za upotrebu, zahtijevaju\u0107i minimalno korisni\u010dko iskustvo.<br \/>\nPrvo pokretanje na\u010dina rada napajanja kojim se osiguravaju najopasnije usluge no\u0161enja struje.<br \/>\nKarakteristika zone opasnosti koja ukazuje na plitko zakopanu uslugu u re\u017eimima snage, 8 i 33 kHz, (unutar pribli\u017eno 30 cm) upozoravaju\u0107i na pove\u0107ani rizik.<br \/>\nUgra\u0111ena funkcija testiranja za hardver i softver.<br \/>\nDodatna prednost procjene dubine korisnosti na 3 m za dodatne informacije o ispitivanju.<br \/>\nLCD ekran s ugra\u0111enim svjetlosnim senzorom, automatski omogu\u0107ava pozadinsko osvjetljenje u tamnim uslovima.<br \/>\nRobustan, lagan dizajn, posebno dizajniran za te\u0161ke uslove na lokaciji.<br \/>\nPokazatelj dospije\u0107a usluge koji podr\u017eava planirani raspored odr\u017eavanja ili sisteme kvaliteta prikazivanjem ikone klju\u010da nakon 12 mjeseci.<\/p>\n","protected":false},"featured_media":29141,"comment_status":"open","ping_status":"closed","template":"","meta":{"_acf_changed":false},"product_brand":[],"product_cat":[402],"product_tag":[],"class_list":{"0":"post-31971","1":"product","2":"type-product","3":"status-publish","4":"has-post-thumbnail","6":"product_cat-tragaci","7":"pa_brand-geomax-positioning-bs","9":"first","10":"onbackorder","11":"taxable","12":"shipping-taxable","13":"product-type-simple","swatches":"rey-swatches","show_selected":""},"acf":[],"yoast_head":"<!-- This site is optimized with the Yoast SEO plugin v24.9 - https:\/\/yoast.com\/wordpress\/plugins\/seo\/ -->\n<title>GeoMax Ezicat i550 60Hz lokator - Geooprema<\/title>\n<meta name=\"robots\" content=\"index, follow, max-snippet:-1, max-image-preview:large, max-video-preview:-1\" \/>\n<link rel=\"canonical\" href=\"https:\/\/geooprema.com\/bs\/products\/gradjevinska-oprema\/tragaci\/geomax-ezicat-i500-60hz\/\" \/>\n<meta property=\"og:locale\" content=\"bs_BA\" \/>\n<meta property=\"og:type\" content=\"article\" \/>\n<meta property=\"og:title\" content=\"GeoMax Ezicat i550 60Hz lokator - Geooprema\" \/>\n<meta property=\"og:description\" content=\"Opis: Najmodernija tehnologija digitalne obrade signala (DSP). Automatske kontrole - \u010dine\u0107i EZiCAT jednostavnim za upotrebu, zahtijevaju\u0107i minimalno korisni\u010dko iskustvo. Prvo pokretanje na\u010dina rada napajanja kojim se osiguravaju najopasnije usluge no\u0161enja struje. Karakteristika zone opasnosti koja ukazuje na plitko zakopanu uslugu u re\u017eimima snage, 8 i 33 kHz, (unutar pribli\u017eno 30 cm) upozoravaju\u0107i na pove\u0107ani rizik. Ugra\u0111ena funkcija testiranja za hardver i softver. Dodatna prednost procjene dubine korisnosti na 3 m za dodatne informacije o ispitivanju. LCD ekran s ugra\u0111enim svjetlosnim senzorom, automatski omogu\u0107ava pozadinsko osvjetljenje u tamnim uslovima. Robustan, lagan dizajn, posebno dizajniran za te\u0161ke uslove na lokaciji. Pokazatelj dospije\u0107a usluge koji podr\u017eava planirani raspored odr\u017eavanja ili sisteme kvaliteta prikazivanjem ikone klju\u010da nakon 12 mjeseci.\" \/>\n<meta property=\"og:url\" content=\"https:\/\/geooprema.com\/bs\/products\/gradjevinska-oprema\/tragaci\/geomax-ezicat-i500-60hz\/\" \/>\n<meta property=\"og:site_name\" content=\"Geooprema\" \/>\n<meta property=\"article:publisher\" content=\"https:\/\/www.facebook.com\/geoinfobih\" \/>\n<meta property=\"article:modified_time\" content=\"2021-06-16T12:43:17+00:00\" \/>\n<meta property=\"og:image\" content=\"https:\/\/geooprema.com\/wp-content\/uploads\/2020\/10\/eyicat.jpg\" \/>\n\t<meta property=\"og:image:width\" content=\"800\" \/>\n\t<meta property=\"og:image:height\" content=\"800\" \/>\n\t<meta property=\"og:image:type\" content=\"image\/jpeg\" \/>\n<meta name=\"twitter:card\" content=\"summary_large_image\" \/>\n<script type=\"application\/ld+json\" class=\"yoast-schema-graph\">{\"@context\":\"https:\/\/schema.org\",\"@graph\":[{\"@type\":\"WebPage\",\"@id\":\"https:\/\/geooprema.com\/bs\/products\/gradjevinska-oprema\/tragaci\/geomax-ezicat-i500-60hz\/\",\"url\":\"https:\/\/geooprema.com\/bs\/products\/gradjevinska-oprema\/tragaci\/geomax-ezicat-i500-60hz\/\",\"name\":\"GeoMax Ezicat i550 60Hz lokator - Geooprema\",\"isPartOf\":{\"@id\":\"https:\/\/geooprema.com\/#website\"},\"primaryImageOfPage\":{\"@id\":\"https:\/\/geooprema.com\/bs\/products\/gradjevinska-oprema\/tragaci\/geomax-ezicat-i500-60hz\/#primaryimage\"},\"image\":{\"@id\":\"https:\/\/geooprema.com\/bs\/products\/gradjevinska-oprema\/tragaci\/geomax-ezicat-i500-60hz\/#primaryimage\"},\"thumbnailUrl\":\"https:\/\/geooprema.com\/wp-content\/uploads\/2020\/10\/eyicat.jpg\",\"datePublished\":\"2020-10-22T20:01:12+00:00\",\"dateModified\":\"2021-06-16T12:43:17+00:00\",\"breadcrumb\":{\"@id\":\"https:\/\/geooprema.com\/bs\/products\/gradjevinska-oprema\/tragaci\/geomax-ezicat-i500-60hz\/#breadcrumb\"},\"inLanguage\":\"bs-BA\",\"potentialAction\":[{\"@type\":\"ReadAction\",\"target\":[\"https:\/\/geooprema.com\/bs\/products\/gradjevinska-oprema\/tragaci\/geomax-ezicat-i500-60hz\/\"]}]},{\"@type\":\"ImageObject\",\"inLanguage\":\"bs-BA\",\"@id\":\"https:\/\/geooprema.com\/bs\/products\/gradjevinska-oprema\/tragaci\/geomax-ezicat-i500-60hz\/#primaryimage\",\"url\":\"https:\/\/geooprema.com\/wp-content\/uploads\/2020\/10\/eyicat.jpg\",\"contentUrl\":\"https:\/\/geooprema.com\/wp-content\/uploads\/2020\/10\/eyicat.jpg\",\"width\":800,\"height\":800,\"caption\":\"Geomax Ezicat i500 50Hz\"},{\"@type\":\"BreadcrumbList\",\"@id\":\"https:\/\/geooprema.com\/bs\/products\/gradjevinska-oprema\/tragaci\/geomax-ezicat-i500-60hz\/#breadcrumb\",\"itemListElement\":[{\"@type\":\"ListItem\",\"position\":1,\"name\":\"Home\",\"item\":\"https:\/\/geooprema.com\/bs\/\"},{\"@type\":\"ListItem\",\"position\":2,\"name\":\"Shop\",\"item\":\"https:\/\/geooprema.com\/shop-2\/\"},{\"@type\":\"ListItem\",\"position\":3,\"name\":\"GeoMax Ezicat i550 60Hz lokator\"}]},{\"@type\":\"WebSite\",\"@id\":\"https:\/\/geooprema.com\/#website\",\"url\":\"https:\/\/geooprema.com\/\",\"name\":\"Geooprema\",\"description\":\"Surveying and Construction Equipmen, Software and Accessories\",\"publisher\":{\"@id\":\"https:\/\/geooprema.com\/#organization\"},\"potentialAction\":[{\"@type\":\"SearchAction\",\"target\":{\"@type\":\"EntryPoint\",\"urlTemplate\":\"https:\/\/geooprema.com\/?s={search_term_string}\"},\"query-input\":{\"@type\":\"PropertyValueSpecification\",\"valueRequired\":true,\"valueName\":\"search_term_string\"}}],\"inLanguage\":\"bs-BA\"},{\"@type\":\"Organization\",\"@id\":\"https:\/\/geooprema.com\/#organization\",\"name\":\"Geooprema\",\"url\":\"https:\/\/geooprema.com\/\",\"logo\":{\"@type\":\"ImageObject\",\"inLanguage\":\"bs-BA\",\"@id\":\"https:\/\/geooprema.com\/#\/schema\/logo\/image\/\",\"url\":\"https:\/\/geooprema.com\/wp-content\/uploads\/2020\/08\/geooprema-logo.png\",\"contentUrl\":\"https:\/\/geooprema.com\/wp-content\/uploads\/2020\/08\/geooprema-logo.png\",\"width\":513,\"height\":161,\"caption\":\"Geooprema\"},\"image\":{\"@id\":\"https:\/\/geooprema.com\/#\/schema\/logo\/image\/\"},\"sameAs\":[\"https:\/\/www.facebook.com\/geoinfobih\",\"https:\/\/www.instagram.com\/geoinfodoo\/\",\"https:\/\/www.linkedin.com\/company\/geoinfo-doo\/\",\"https:\/\/www.youtube.com\/c\/Geoinfodoo\"]}]}<\/script>\n<!-- \/ Yoast SEO plugin. -->","yoast_head_json":{"title":"GeoMax Ezicat i550 60Hz lokator - Geooprema","robots":{"index":"index","follow":"follow","max-snippet":"max-snippet:-1","max-image-preview":"max-image-preview:large","max-video-preview":"max-video-preview:-1"},"canonical":"https:\/\/geooprema.com\/bs\/products\/gradjevinska-oprema\/tragaci\/geomax-ezicat-i500-60hz\/","og_locale":"bs_BA","og_type":"article","og_title":"GeoMax Ezicat i550 60Hz lokator - Geooprema","og_description":"Opis: Najmodernija tehnologija digitalne obrade signala (DSP). Automatske kontrole - \u010dine\u0107i EZiCAT jednostavnim za upotrebu, zahtijevaju\u0107i minimalno korisni\u010dko iskustvo. Prvo pokretanje na\u010dina rada napajanja kojim se osiguravaju najopasnije usluge no\u0161enja struje. Karakteristika zone opasnosti koja ukazuje na plitko zakopanu uslugu u re\u017eimima snage, 8 i 33 kHz, (unutar pribli\u017eno 30 cm) upozoravaju\u0107i na pove\u0107ani rizik. Ugra\u0111ena funkcija testiranja za hardver i softver. Dodatna prednost procjene dubine korisnosti na 3 m za dodatne informacije o ispitivanju. LCD ekran s ugra\u0111enim svjetlosnim senzorom, automatski omogu\u0107ava pozadinsko osvjetljenje u tamnim uslovima. Robustan, lagan dizajn, posebno dizajniran za te\u0161ke uslove na lokaciji. Pokazatelj dospije\u0107a usluge koji podr\u017eava planirani raspored odr\u017eavanja ili sisteme kvaliteta prikazivanjem ikone klju\u010da nakon 12 mjeseci.","og_url":"https:\/\/geooprema.com\/bs\/products\/gradjevinska-oprema\/tragaci\/geomax-ezicat-i500-60hz\/","og_site_name":"Geooprema","article_publisher":"https:\/\/www.facebook.com\/geoinfobih","article_modified_time":"2021-06-16T12:43:17+00:00","og_image":[{"width":800,"height":800,"url":"https:\/\/geooprema.com\/wp-content\/uploads\/2020\/10\/eyicat.jpg","type":"image\/jpeg"}],"twitter_card":"summary_large_image","schema":{"@context":"https:\/\/schema.org","@graph":[{"@type":"WebPage","@id":"https:\/\/geooprema.com\/bs\/products\/gradjevinska-oprema\/tragaci\/geomax-ezicat-i500-60hz\/","url":"https:\/\/geooprema.com\/bs\/products\/gradjevinska-oprema\/tragaci\/geomax-ezicat-i500-60hz\/","name":"GeoMax Ezicat i550 60Hz lokator - Geooprema","isPartOf":{"@id":"https:\/\/geooprema.com\/#website"},"primaryImageOfPage":{"@id":"https:\/\/geooprema.com\/bs\/products\/gradjevinska-oprema\/tragaci\/geomax-ezicat-i500-60hz\/#primaryimage"},"image":{"@id":"https:\/\/geooprema.com\/bs\/products\/gradjevinska-oprema\/tragaci\/geomax-ezicat-i500-60hz\/#primaryimage"},"thumbnailUrl":"https:\/\/geooprema.com\/wp-content\/uploads\/2020\/10\/eyicat.jpg","datePublished":"2020-10-22T20:01:12+00:00","dateModified":"2021-06-16T12:43:17+00:00","breadcrumb":{"@id":"https:\/\/geooprema.com\/bs\/products\/gradjevinska-oprema\/tragaci\/geomax-ezicat-i500-60hz\/#breadcrumb"},"inLanguage":"bs-BA","potentialAction":[{"@type":"ReadAction","target":["https:\/\/geooprema.com\/bs\/products\/gradjevinska-oprema\/tragaci\/geomax-ezicat-i500-60hz\/"]}]},{"@type":"ImageObject","inLanguage":"bs-BA","@id":"https:\/\/geooprema.com\/bs\/products\/gradjevinska-oprema\/tragaci\/geomax-ezicat-i500-60hz\/#primaryimage","url":"https:\/\/geooprema.com\/wp-content\/uploads\/2020\/10\/eyicat.jpg","contentUrl":"https:\/\/geooprema.com\/wp-content\/uploads\/2020\/10\/eyicat.jpg","width":800,"height":800,"caption":"Geomax Ezicat i500 50Hz"},{"@type":"BreadcrumbList","@id":"https:\/\/geooprema.com\/bs\/products\/gradjevinska-oprema\/tragaci\/geomax-ezicat-i500-60hz\/#breadcrumb","itemListElement":[{"@type":"ListItem","position":1,"name":"Home","item":"https:\/\/geooprema.com\/bs\/"},{"@type":"ListItem","position":2,"name":"Shop","item":"https:\/\/geooprema.com\/shop-2\/"},{"@type":"ListItem","position":3,"name":"GeoMax Ezicat i550 60Hz lokator"}]},{"@type":"WebSite","@id":"https:\/\/geooprema.com\/#website","url":"https:\/\/geooprema.com\/","name":"Geooprema","description":"Surveying and Construction Equipmen, Software and Accessories","publisher":{"@id":"https:\/\/geooprema.com\/#organization"},"potentialAction":[{"@type":"SearchAction","target":{"@type":"EntryPoint","urlTemplate":"https:\/\/geooprema.com\/?s={search_term_string}"},"query-input":{"@type":"PropertyValueSpecification","valueRequired":true,"valueName":"search_term_string"}}],"inLanguage":"bs-BA"},{"@type":"Organization","@id":"https:\/\/geooprema.com\/#organization","name":"Geooprema","url":"https:\/\/geooprema.com\/","logo":{"@type":"ImageObject","inLanguage":"bs-BA","@id":"https:\/\/geooprema.com\/#\/schema\/logo\/image\/","url":"https:\/\/geooprema.com\/wp-content\/uploads\/2020\/08\/geooprema-logo.png","contentUrl":"https:\/\/geooprema.com\/wp-content\/uploads\/2020\/08\/geooprema-logo.png","width":513,"height":161,"caption":"Geooprema"},"image":{"@id":"https:\/\/geooprema.com\/#\/schema\/logo\/image\/"},"sameAs":["https:\/\/www.facebook.com\/geoinfobih","https:\/\/www.instagram.com\/geoinfodoo\/","https:\/\/www.linkedin.com\/company\/geoinfo-doo\/","https:\/\/www.youtube.com\/c\/Geoinfodoo"]}]}},"_links":{"self":[{"href":"https:\/\/geooprema.com\/bs\/wp-json\/wp\/v2\/product\/31971","targetHints":{"allow":["GET"]}}],"collection":[{"href":"https:\/\/geooprema.com\/bs\/wp-json\/wp\/v2\/product"}],"about":[{"href":"https:\/\/geooprema.com\/bs\/wp-json\/wp\/v2\/types\/product"}],"replies":[{"embeddable":true,"href":"https:\/\/geooprema.com\/bs\/wp-json\/wp\/v2\/comments?post=31971"}],"wp:featuredmedia":[{"embeddable":true,"href":"https:\/\/geooprema.com\/bs\/wp-json\/wp\/v2\/media\/29141"}],"wp:attachment":[{"href":"https:\/\/geooprema.com\/bs\/wp-json\/wp\/v2\/media?parent=31971"}],"wp:term":[{"taxonomy":"product_brand","embeddable":true,"href":"https:\/\/geooprema.com\/bs\/wp-json\/wp\/v2\/product_brand?post=31971"},{"taxonomy":"product_cat","embeddable":true,"href":"https:\/\/geooprema.com\/bs\/wp-json\/wp\/v2\/product_cat?post=31971"},{"taxonomy":"product_tag","embeddable":true,"href":"https:\/\/geooprema.com\/bs\/wp-json\/wp\/v2\/product_tag?post=31971"}],"curies":[{"name":"wp","href":"https:\/\/api.w.org\/{rel}","templated":true}]}}