
{"id":31958,"date":"2020-10-16T09:20:51","date_gmt":"2020-10-16T09:20:51","guid":{"rendered":"https:\/\/geooprema.com\/products\/Bez kategorije\/geofennel-fkl-55-lc2\/"},"modified":"2020-10-16T09:20:51","modified_gmt":"2020-10-16T09:20:51","slug":"geofennel-fkl-55-lc2","status":"publish","type":"product","link":"https:\/\/geooprema.com\/bs\/products\/gradjevinska-oprema\/laseri-za-cijevi\/geofennel-fkl-55-lc2\/","title":{"rendered":"GeoFennel FKL 55 (LC2)"},"content":{"rendered":"<p> <strong> \u0160ifra: 455500 <\/strong> <\/p>\n<h4 class = \"produkt-detail-hl\"> Specifikacije <\/h4>\n<table class = \"contenttable\">\n<tbody>\n<tr>\n<td> Laserska klasa <\/td>\n<td> 3R <\/td>\n<\/tr>\n<tr>\n<td> Laserska dioda <\/td>\n<td> crvena <\/td>\n<\/tr>\n<tr>\n<td> Promjer grede <\/td>\n<td> 10 mm <\/td>\n<\/tr>\n<tr>\n<td> Radni obuhvat<\/td>\n<td> do 200 m <\/td>\n<\/tr>\n<tr>\n<td> Raspon ocjena <\/td>\n<td> -20% &#8211; +30% <\/td>\n<\/tr>\n<tr>\n<td> Raspon samonivelisanja <\/td>\n<td> \u00b1 5 \u00b0 <\/td>\n<\/tr>\n<tr>\n<td> Minimalno o\u010ditanje na ekranu <\/td>\n<td> 0,000% <\/td>\n<\/tr>\n<tr>\n<td> Horizontalna ta\u010dnost <\/td>\n<td> \u00b1 5 mm \/ 100 m <\/td>\n<\/tr>\n<tr>\n<td> Lijevo \/ desno skeniranje <\/td>\n<td> \u00b1 4 \u00b0 <\/td>\n<\/tr>\n<tr>\n<td> Vrijeme rada <\/td>\n<td> 24 h (NiMH) <\/td>\n<\/tr>\n<tr>\n<td> Napajanje <\/td>\n<td> 4 x D 8000 mAh NiMH <br \/>\n(opcionalno 4 x D alkalno) <\/td>\n<\/tr>\n<tr>\n<td> Obuhvat daljinskog upravlja\u010da <br \/>\nsprijeda \/ straga <\/td>\n<td> 100 m \/ 50 m <\/td>\n<\/tr>\n<tr>\n<td> Raspon temperature <\/td>\n<td> -20 \u00b0 C &#8211; +50 \u00b0 C <\/td>\n<\/tr>\n<tr>\n<td rowpan = \"1\"> Za\u0161tita od pra\u0161ine \/ vode <\/td>\n<td rowpan = \"1\"> IP 68 <\/td>\n<\/tr>\n<tr>\n<td rowpan = \"1\"> Dimenzije <\/td>\n<td redovi = \"1\"> \u00d8 132 mm, du\u017eina 380 mm <\/td>\n<\/tr>\n<tr>\n<td rowpan = \"1\"> Te\u017eina (samo laser) <\/td>\n<td redovi = \"1\"> 6 kg <\/td>\n<\/tr>\n<\/tbody>\n<\/table>\n<p> <strong> <\/strong> <\/p>\n","protected":false},"excerpt":{"rendered":"<p>Opis: Napredna tehnologija strojarstva, temperaturna stabilnost i kvalitetna tehnologija.<br \/>\nIzuzetno dobra vidljivost OLED-zaslona s velikim figurama.<br \/>\nIR daljinski upravlja\u010d velikog dometa s radnim dometom od 100 m.<br \/>\nPostavka smjera laserskog mrlja: brzo prebacivanje nastavkom pritiska odgovaraju\u0107e tipke na laseru ili daljinskom upravlja\u010du.<br \/>\nRobustan, vodootporan, mo\u0107an, lagan za upotrebu i sveobuhvatan raspon standardne opreme.<br \/>\nGlavne karakteristike:<br \/>\n\u2022 Robusno aluminijsko ku\u0107i\u0161te<br \/>\n\u2022 Jednostavno intuitivno upravljanje<br \/>\n\u2022 Potpuno automatski samonivelisanje<br \/>\n\u2022 Automatsko centriranje snopa<br \/>\n\u2022 Laserska indikacija po\u010detne to\u010dke<br \/>\n\u2022 Jasan OLED-zaslon koji se lako \u010dita<br \/>\n\u2022 IR daljinski upravlja\u010d s velikim radnim dometom<br \/>\n\u2022 Integrirane punjive baterije<\/p>\n","protected":false},"featured_media":27994,"comment_status":"open","ping_status":"closed","template":"","meta":{"_acf_changed":false},"product_brand":[],"product_cat":[397,401],"product_tag":[],"class_list":{"0":"post-31958","1":"product","2":"type-product","3":"status-publish","4":"has-post-thumbnail","6":"product_cat-gradjevinska-oprema","7":"product_cat-laseri-za-cijevi","8":"pa_brand-geofennel-bs","10":"first","11":"onbackorder","12":"taxable","13":"shipping-taxable","14":"product-type-simple","swatches":"rey-swatches","show_selected":""},"acf":[],"yoast_head":"<!-- This site is optimized with the Yoast SEO plugin v24.9 - https:\/\/yoast.com\/wordpress\/plugins\/seo\/ -->\n<title>GeoFennel FKL 55 (LC2) - Geooprema<\/title>\n<meta name=\"robots\" content=\"index, follow, max-snippet:-1, max-image-preview:large, max-video-preview:-1\" \/>\n<link rel=\"canonical\" href=\"https:\/\/geooprema.com\/bs\/products\/gradjevinska-oprema\/laseri-za-cijevi\/geofennel-fkl-55-lc2\/\" \/>\n<meta property=\"og:locale\" content=\"bs_BA\" \/>\n<meta property=\"og:type\" content=\"article\" \/>\n<meta property=\"og:title\" content=\"GeoFennel FKL 55 (LC2) - Geooprema\" \/>\n<meta property=\"og:description\" content=\"Opis: Napredna tehnologija strojarstva, temperaturna stabilnost i kvalitetna tehnologija. Izuzetno dobra vidljivost OLED-zaslona s velikim figurama. IR daljinski upravlja\u010d velikog dometa s radnim dometom od 100 m. Postavka smjera laserskog mrlja: brzo prebacivanje nastavkom pritiska odgovaraju\u0107e tipke na laseru ili daljinskom upravlja\u010du. Robustan, vodootporan, mo\u0107an, lagan za upotrebu i sveobuhvatan raspon standardne opreme. Glavne karakteristike: \u2022 Robusno aluminijsko ku\u0107i\u0161te \u2022 Jednostavno intuitivno upravljanje \u2022 Potpuno automatski samonivelisanje \u2022 Automatsko centriranje snopa \u2022 Laserska indikacija po\u010detne to\u010dke \u2022 Jasan OLED-zaslon koji se lako \u010dita \u2022 IR daljinski upravlja\u010d s velikim radnim dometom \u2022 Integrirane punjive baterije\" \/>\n<meta property=\"og:url\" content=\"https:\/\/geooprema.com\/bs\/products\/gradjevinska-oprema\/laseri-za-cijevi\/geofennel-fkl-55-lc2\/\" \/>\n<meta property=\"og:site_name\" content=\"Geooprema\" \/>\n<meta property=\"article:publisher\" content=\"https:\/\/www.facebook.com\/geoinfobih\" \/>\n<meta property=\"og:image\" content=\"https:\/\/geooprema.com\/wp-content\/uploads\/2020\/10\/Geo_Fennel_FKL_44_LC_2_Pipe_Laser_Level_Drainage_Laser_Pumbing_Laser_Level4.png\" \/>\n\t<meta property=\"og:image:width\" content=\"800\" \/>\n\t<meta property=\"og:image:height\" content=\"800\" \/>\n\t<meta property=\"og:image:type\" content=\"image\/png\" \/>\n<meta name=\"twitter:card\" content=\"summary_large_image\" \/>\n<script type=\"application\/ld+json\" class=\"yoast-schema-graph\">{\"@context\":\"https:\/\/schema.org\",\"@graph\":[{\"@type\":\"WebPage\",\"@id\":\"https:\/\/geooprema.com\/bs\/products\/gradjevinska-oprema\/laseri-za-cijevi\/geofennel-fkl-55-lc2\/\",\"url\":\"https:\/\/geooprema.com\/bs\/products\/gradjevinska-oprema\/laseri-za-cijevi\/geofennel-fkl-55-lc2\/\",\"name\":\"GeoFennel FKL 55 (LC2) - Geooprema\",\"isPartOf\":{\"@id\":\"https:\/\/geooprema.com\/#website\"},\"primaryImageOfPage\":{\"@id\":\"https:\/\/geooprema.com\/bs\/products\/gradjevinska-oprema\/laseri-za-cijevi\/geofennel-fkl-55-lc2\/#primaryimage\"},\"image\":{\"@id\":\"https:\/\/geooprema.com\/bs\/products\/gradjevinska-oprema\/laseri-za-cijevi\/geofennel-fkl-55-lc2\/#primaryimage\"},\"thumbnailUrl\":\"https:\/\/geooprema.com\/wp-content\/uploads\/2020\/10\/Geo_Fennel_FKL_44_LC_2_Pipe_Laser_Level_Drainage_Laser_Pumbing_Laser_Level4.png\",\"datePublished\":\"2020-10-16T09:20:51+00:00\",\"breadcrumb\":{\"@id\":\"https:\/\/geooprema.com\/bs\/products\/gradjevinska-oprema\/laseri-za-cijevi\/geofennel-fkl-55-lc2\/#breadcrumb\"},\"inLanguage\":\"bs-BA\",\"potentialAction\":[{\"@type\":\"ReadAction\",\"target\":[\"https:\/\/geooprema.com\/bs\/products\/gradjevinska-oprema\/laseri-za-cijevi\/geofennel-fkl-55-lc2\/\"]}]},{\"@type\":\"ImageObject\",\"inLanguage\":\"bs-BA\",\"@id\":\"https:\/\/geooprema.com\/bs\/products\/gradjevinska-oprema\/laseri-za-cijevi\/geofennel-fkl-55-lc2\/#primaryimage\",\"url\":\"https:\/\/geooprema.com\/wp-content\/uploads\/2020\/10\/Geo_Fennel_FKL_44_LC_2_Pipe_Laser_Level_Drainage_Laser_Pumbing_Laser_Level4.png\",\"contentUrl\":\"https:\/\/geooprema.com\/wp-content\/uploads\/2020\/10\/Geo_Fennel_FKL_44_LC_2_Pipe_Laser_Level_Drainage_Laser_Pumbing_Laser_Level4.png\",\"width\":800,\"height\":800,\"caption\":\"Geo-Fennel FKL 44 (LC 2) Pipe laser\"},{\"@type\":\"BreadcrumbList\",\"@id\":\"https:\/\/geooprema.com\/bs\/products\/gradjevinska-oprema\/laseri-za-cijevi\/geofennel-fkl-55-lc2\/#breadcrumb\",\"itemListElement\":[{\"@type\":\"ListItem\",\"position\":1,\"name\":\"Home\",\"item\":\"https:\/\/geooprema.com\/bs\/\"},{\"@type\":\"ListItem\",\"position\":2,\"name\":\"Shop\",\"item\":\"https:\/\/geooprema.com\/shop-2\/\"},{\"@type\":\"ListItem\",\"position\":3,\"name\":\"GeoFennel FKL 55 (LC2)\"}]},{\"@type\":\"WebSite\",\"@id\":\"https:\/\/geooprema.com\/#website\",\"url\":\"https:\/\/geooprema.com\/\",\"name\":\"Geooprema\",\"description\":\"Surveying and Construction Equipmen, Software and Accessories\",\"publisher\":{\"@id\":\"https:\/\/geooprema.com\/#organization\"},\"potentialAction\":[{\"@type\":\"SearchAction\",\"target\":{\"@type\":\"EntryPoint\",\"urlTemplate\":\"https:\/\/geooprema.com\/?s={search_term_string}\"},\"query-input\":{\"@type\":\"PropertyValueSpecification\",\"valueRequired\":true,\"valueName\":\"search_term_string\"}}],\"inLanguage\":\"bs-BA\"},{\"@type\":\"Organization\",\"@id\":\"https:\/\/geooprema.com\/#organization\",\"name\":\"Geooprema\",\"url\":\"https:\/\/geooprema.com\/\",\"logo\":{\"@type\":\"ImageObject\",\"inLanguage\":\"bs-BA\",\"@id\":\"https:\/\/geooprema.com\/#\/schema\/logo\/image\/\",\"url\":\"https:\/\/geooprema.com\/wp-content\/uploads\/2020\/08\/geooprema-logo.png\",\"contentUrl\":\"https:\/\/geooprema.com\/wp-content\/uploads\/2020\/08\/geooprema-logo.png\",\"width\":513,\"height\":161,\"caption\":\"Geooprema\"},\"image\":{\"@id\":\"https:\/\/geooprema.com\/#\/schema\/logo\/image\/\"},\"sameAs\":[\"https:\/\/www.facebook.com\/geoinfobih\",\"https:\/\/www.instagram.com\/geoinfodoo\/\",\"https:\/\/www.linkedin.com\/company\/geoinfo-doo\/\",\"https:\/\/www.youtube.com\/c\/Geoinfodoo\"]}]}<\/script>\n<!-- \/ Yoast SEO plugin. -->","yoast_head_json":{"title":"GeoFennel FKL 55 (LC2) - Geooprema","robots":{"index":"index","follow":"follow","max-snippet":"max-snippet:-1","max-image-preview":"max-image-preview:large","max-video-preview":"max-video-preview:-1"},"canonical":"https:\/\/geooprema.com\/bs\/products\/gradjevinska-oprema\/laseri-za-cijevi\/geofennel-fkl-55-lc2\/","og_locale":"bs_BA","og_type":"article","og_title":"GeoFennel FKL 55 (LC2) - Geooprema","og_description":"Opis: Napredna tehnologija strojarstva, temperaturna stabilnost i kvalitetna tehnologija. Izuzetno dobra vidljivost OLED-zaslona s velikim figurama. IR daljinski upravlja\u010d velikog dometa s radnim dometom od 100 m. Postavka smjera laserskog mrlja: brzo prebacivanje nastavkom pritiska odgovaraju\u0107e tipke na laseru ili daljinskom upravlja\u010du. Robustan, vodootporan, mo\u0107an, lagan za upotrebu i sveobuhvatan raspon standardne opreme. Glavne karakteristike: \u2022 Robusno aluminijsko ku\u0107i\u0161te \u2022 Jednostavno intuitivno upravljanje \u2022 Potpuno automatski samonivelisanje \u2022 Automatsko centriranje snopa \u2022 Laserska indikacija po\u010detne to\u010dke \u2022 Jasan OLED-zaslon koji se lako \u010dita \u2022 IR daljinski upravlja\u010d s velikim radnim dometom \u2022 Integrirane punjive baterije","og_url":"https:\/\/geooprema.com\/bs\/products\/gradjevinska-oprema\/laseri-za-cijevi\/geofennel-fkl-55-lc2\/","og_site_name":"Geooprema","article_publisher":"https:\/\/www.facebook.com\/geoinfobih","og_image":[{"width":800,"height":800,"url":"https:\/\/geooprema.com\/wp-content\/uploads\/2020\/10\/Geo_Fennel_FKL_44_LC_2_Pipe_Laser_Level_Drainage_Laser_Pumbing_Laser_Level4.png","type":"image\/png"}],"twitter_card":"summary_large_image","schema":{"@context":"https:\/\/schema.org","@graph":[{"@type":"WebPage","@id":"https:\/\/geooprema.com\/bs\/products\/gradjevinska-oprema\/laseri-za-cijevi\/geofennel-fkl-55-lc2\/","url":"https:\/\/geooprema.com\/bs\/products\/gradjevinska-oprema\/laseri-za-cijevi\/geofennel-fkl-55-lc2\/","name":"GeoFennel FKL 55 (LC2) - Geooprema","isPartOf":{"@id":"https:\/\/geooprema.com\/#website"},"primaryImageOfPage":{"@id":"https:\/\/geooprema.com\/bs\/products\/gradjevinska-oprema\/laseri-za-cijevi\/geofennel-fkl-55-lc2\/#primaryimage"},"image":{"@id":"https:\/\/geooprema.com\/bs\/products\/gradjevinska-oprema\/laseri-za-cijevi\/geofennel-fkl-55-lc2\/#primaryimage"},"thumbnailUrl":"https:\/\/geooprema.com\/wp-content\/uploads\/2020\/10\/Geo_Fennel_FKL_44_LC_2_Pipe_Laser_Level_Drainage_Laser_Pumbing_Laser_Level4.png","datePublished":"2020-10-16T09:20:51+00:00","breadcrumb":{"@id":"https:\/\/geooprema.com\/bs\/products\/gradjevinska-oprema\/laseri-za-cijevi\/geofennel-fkl-55-lc2\/#breadcrumb"},"inLanguage":"bs-BA","potentialAction":[{"@type":"ReadAction","target":["https:\/\/geooprema.com\/bs\/products\/gradjevinska-oprema\/laseri-za-cijevi\/geofennel-fkl-55-lc2\/"]}]},{"@type":"ImageObject","inLanguage":"bs-BA","@id":"https:\/\/geooprema.com\/bs\/products\/gradjevinska-oprema\/laseri-za-cijevi\/geofennel-fkl-55-lc2\/#primaryimage","url":"https:\/\/geooprema.com\/wp-content\/uploads\/2020\/10\/Geo_Fennel_FKL_44_LC_2_Pipe_Laser_Level_Drainage_Laser_Pumbing_Laser_Level4.png","contentUrl":"https:\/\/geooprema.com\/wp-content\/uploads\/2020\/10\/Geo_Fennel_FKL_44_LC_2_Pipe_Laser_Level_Drainage_Laser_Pumbing_Laser_Level4.png","width":800,"height":800,"caption":"Geo-Fennel FKL 44 (LC 2) Pipe laser"},{"@type":"BreadcrumbList","@id":"https:\/\/geooprema.com\/bs\/products\/gradjevinska-oprema\/laseri-za-cijevi\/geofennel-fkl-55-lc2\/#breadcrumb","itemListElement":[{"@type":"ListItem","position":1,"name":"Home","item":"https:\/\/geooprema.com\/bs\/"},{"@type":"ListItem","position":2,"name":"Shop","item":"https:\/\/geooprema.com\/shop-2\/"},{"@type":"ListItem","position":3,"name":"GeoFennel FKL 55 (LC2)"}]},{"@type":"WebSite","@id":"https:\/\/geooprema.com\/#website","url":"https:\/\/geooprema.com\/","name":"Geooprema","description":"Surveying and Construction Equipmen, Software and Accessories","publisher":{"@id":"https:\/\/geooprema.com\/#organization"},"potentialAction":[{"@type":"SearchAction","target":{"@type":"EntryPoint","urlTemplate":"https:\/\/geooprema.com\/?s={search_term_string}"},"query-input":{"@type":"PropertyValueSpecification","valueRequired":true,"valueName":"search_term_string"}}],"inLanguage":"bs-BA"},{"@type":"Organization","@id":"https:\/\/geooprema.com\/#organization","name":"Geooprema","url":"https:\/\/geooprema.com\/","logo":{"@type":"ImageObject","inLanguage":"bs-BA","@id":"https:\/\/geooprema.com\/#\/schema\/logo\/image\/","url":"https:\/\/geooprema.com\/wp-content\/uploads\/2020\/08\/geooprema-logo.png","contentUrl":"https:\/\/geooprema.com\/wp-content\/uploads\/2020\/08\/geooprema-logo.png","width":513,"height":161,"caption":"Geooprema"},"image":{"@id":"https:\/\/geooprema.com\/#\/schema\/logo\/image\/"},"sameAs":["https:\/\/www.facebook.com\/geoinfobih","https:\/\/www.instagram.com\/geoinfodoo\/","https:\/\/www.linkedin.com\/company\/geoinfo-doo\/","https:\/\/www.youtube.com\/c\/Geoinfodoo"]}]}},"_links":{"self":[{"href":"https:\/\/geooprema.com\/bs\/wp-json\/wp\/v2\/product\/31958","targetHints":{"allow":["GET"]}}],"collection":[{"href":"https:\/\/geooprema.com\/bs\/wp-json\/wp\/v2\/product"}],"about":[{"href":"https:\/\/geooprema.com\/bs\/wp-json\/wp\/v2\/types\/product"}],"replies":[{"embeddable":true,"href":"https:\/\/geooprema.com\/bs\/wp-json\/wp\/v2\/comments?post=31958"}],"wp:featuredmedia":[{"embeddable":true,"href":"https:\/\/geooprema.com\/bs\/wp-json\/wp\/v2\/media\/27994"}],"wp:attachment":[{"href":"https:\/\/geooprema.com\/bs\/wp-json\/wp\/v2\/media?parent=31958"}],"wp:term":[{"taxonomy":"product_brand","embeddable":true,"href":"https:\/\/geooprema.com\/bs\/wp-json\/wp\/v2\/product_brand?post=31958"},{"taxonomy":"product_cat","embeddable":true,"href":"https:\/\/geooprema.com\/bs\/wp-json\/wp\/v2\/product_cat?post=31958"},{"taxonomy":"product_tag","embeddable":true,"href":"https:\/\/geooprema.com\/bs\/wp-json\/wp\/v2\/product_tag?post=31958"}],"curies":[{"name":"wp","href":"https:\/\/api.w.org\/{rel}","templated":true}]}}