
{"id":31933,"date":"2020-10-16T14:54:21","date_gmt":"2020-10-16T14:54:21","guid":{"rendered":"https:\/\/geooprema.com\/products\/Bez%20kategorije\/geofennel-mjerni-tocak-m10-plasticni-tocak\/"},"modified":"2021-06-15T19:11:56","modified_gmt":"2021-06-15T19:11:56","slug":"geofennel-mjerni-tocak-m10-plasticni-tocak","status":"publish","type":"product","link":"https:\/\/geooprema.com\/bs\/products\/gradjevinska-oprema\/mijerni-tockovi-bs\/geofennel-mjerni-tocak-m10-plasticni-tocak\/","title":{"rendered":"GeoFennel Mjerni to\u010dak M10 (plasti\u010dni to\u010dak)"},"content":{"rendered":"<p><strong> Ref.br .: 110 <\/strong><\/p>\n<div class=\"content - title\">Informacije o proizvodu &#8220;M 10&#8221;<\/div>\n<div class=\"product - description\">\n<ul>\n<li>Obuhvat to\u010dka: 1 m<\/li>\n<li>Stega za to\u010dak<\/li>\n<li>Robusna potpora omogu\u0107ava M 10 da stoji uspravno<\/li>\n<li>Sredstvo za uklanjanje prljav\u0161tine<\/li>\n<li>Precizni broja\u010d sa restartovanje \u201e0\u201c<\/li>\n<li>\u010cvrste sajle nude malu otpornost na vjetar \u0161to osigurava jednostavnost upotrebe<\/li>\n<li>Izuzetno vidljiva boja to\u010dkova poma\u017ee sigurnosti radnika tokom upotrebe na cestama<\/li>\n<li>Te\u017eina 2,7 kg<\/li>\n<\/ul>\n<\/div>\n","protected":false},"excerpt":{"rendered":"<p>Sa obzirom na svoju te\u017einu ovaj je mjerni to\u010dak  (ciklometar) najpogodniji za kori\u0161tenje po cesti. Jarke je naran\u010daste boje pa je lako uo\u010dljiv i po lo\u0161im vremenskim uslovima.<br \/>\nGlavne karakteristike instrumenta:<br \/>\n-Jednostavan za kori\u0161tenje<br \/>\n-Preklopna ru\u010dka<br \/>\n-Ugra\u0111ena no\u017eica<br \/>\n-Precizan broja\u010d<br \/>\n-\u0160iljak za skidanje ne\u010disto\u0107e<br \/>\nSadr\u017eaj paketa:<br \/>\nTo\u010dak sa torbom. Kao opcija mo\u017ee se naru\u010diti i tvrdi kofer.<\/p>\n","protected":false},"featured_media":28121,"comment_status":"open","ping_status":"closed","template":"","meta":{"_acf_changed":false},"product_brand":[],"product_cat":[400,1283],"product_tag":[],"class_list":{"0":"post-31933","1":"product","2":"type-product","3":"status-publish","4":"has-post-thumbnail","6":"product_cat-mijerni-tockovi-bs","7":"product_cat-mjerni-tockovi","8":"pa_brand-geofennel-bs","10":"first","11":"onbackorder","12":"taxable","13":"shipping-taxable","14":"product-type-simple","swatches":"rey-swatches","show_selected":""},"acf":[],"yoast_head":"<!-- This site is optimized with the Yoast SEO plugin v24.9 - https:\/\/yoast.com\/wordpress\/plugins\/seo\/ -->\n<title>GeoFennel Mjerni to\u010dak M10 (plasti\u010dni to\u010dak) - Geooprema<\/title>\n<meta name=\"robots\" content=\"index, follow, max-snippet:-1, max-image-preview:large, max-video-preview:-1\" \/>\n<link rel=\"canonical\" href=\"https:\/\/geooprema.com\/bs\/products\/gradjevinska-oprema\/mijerni-tockovi-bs\/geofennel-mjerni-tocak-m10-plasticni-tocak\/\" \/>\n<meta property=\"og:locale\" content=\"bs_BA\" \/>\n<meta property=\"og:type\" content=\"article\" \/>\n<meta property=\"og:title\" content=\"GeoFennel Mjerni to\u010dak M10 (plasti\u010dni to\u010dak) - Geooprema\" \/>\n<meta property=\"og:description\" content=\"Sa obzirom na svoju te\u017einu ovaj je mjerni to\u010dak (ciklometar) najpogodniji za kori\u0161tenje po cesti. Jarke je naran\u010daste boje pa je lako uo\u010dljiv i po lo\u0161im vremenskim uslovima. Glavne karakteristike instrumenta: -Jednostavan za kori\u0161tenje -Preklopna ru\u010dka -Ugra\u0111ena no\u017eica -Precizan broja\u010d -\u0160iljak za skidanje ne\u010disto\u0107e Sadr\u017eaj paketa: To\u010dak sa torbom. Kao opcija mo\u017ee se naru\u010diti i tvrdi kofer.\" \/>\n<meta property=\"og:url\" content=\"https:\/\/geooprema.com\/bs\/products\/gradjevinska-oprema\/mijerni-tockovi-bs\/geofennel-mjerni-tocak-m10-plasticni-tocak\/\" \/>\n<meta property=\"og:site_name\" content=\"Geooprema\" \/>\n<meta property=\"article:publisher\" content=\"https:\/\/www.facebook.com\/geoinfobih\" \/>\n<meta property=\"article:modified_time\" content=\"2021-06-15T19:11:56+00:00\" \/>\n<meta property=\"og:image\" content=\"https:\/\/geooprema.com\/wp-content\/uploads\/2020\/10\/M10S_MR_jpg_rgb_150-1.jpg\" \/>\n\t<meta property=\"og:image:width\" content=\"800\" \/>\n\t<meta property=\"og:image:height\" content=\"800\" \/>\n\t<meta property=\"og:image:type\" content=\"image\/jpeg\" \/>\n<meta name=\"twitter:card\" content=\"summary_large_image\" \/>\n<script type=\"application\/ld+json\" class=\"yoast-schema-graph\">{\"@context\":\"https:\/\/schema.org\",\"@graph\":[{\"@type\":\"WebPage\",\"@id\":\"https:\/\/geooprema.com\/bs\/products\/gradjevinska-oprema\/mijerni-tockovi-bs\/geofennel-mjerni-tocak-m10-plasticni-tocak\/\",\"url\":\"https:\/\/geooprema.com\/bs\/products\/gradjevinska-oprema\/mijerni-tockovi-bs\/geofennel-mjerni-tocak-m10-plasticni-tocak\/\",\"name\":\"GeoFennel Mjerni to\u010dak M10 (plasti\u010dni to\u010dak) - Geooprema\",\"isPartOf\":{\"@id\":\"https:\/\/geooprema.com\/#website\"},\"primaryImageOfPage\":{\"@id\":\"https:\/\/geooprema.com\/bs\/products\/gradjevinska-oprema\/mijerni-tockovi-bs\/geofennel-mjerni-tocak-m10-plasticni-tocak\/#primaryimage\"},\"image\":{\"@id\":\"https:\/\/geooprema.com\/bs\/products\/gradjevinska-oprema\/mijerni-tockovi-bs\/geofennel-mjerni-tocak-m10-plasticni-tocak\/#primaryimage\"},\"thumbnailUrl\":\"https:\/\/geooprema.com\/wp-content\/uploads\/2020\/10\/M10S_MR_jpg_rgb_150-1.jpg\",\"datePublished\":\"2020-10-16T14:54:21+00:00\",\"dateModified\":\"2021-06-15T19:11:56+00:00\",\"breadcrumb\":{\"@id\":\"https:\/\/geooprema.com\/bs\/products\/gradjevinska-oprema\/mijerni-tockovi-bs\/geofennel-mjerni-tocak-m10-plasticni-tocak\/#breadcrumb\"},\"inLanguage\":\"bs-BA\",\"potentialAction\":[{\"@type\":\"ReadAction\",\"target\":[\"https:\/\/geooprema.com\/bs\/products\/gradjevinska-oprema\/mijerni-tockovi-bs\/geofennel-mjerni-tocak-m10-plasticni-tocak\/\"]}]},{\"@type\":\"ImageObject\",\"inLanguage\":\"bs-BA\",\"@id\":\"https:\/\/geooprema.com\/bs\/products\/gradjevinska-oprema\/mijerni-tockovi-bs\/geofennel-mjerni-tocak-m10-plasticni-tocak\/#primaryimage\",\"url\":\"https:\/\/geooprema.com\/wp-content\/uploads\/2020\/10\/M10S_MR_jpg_rgb_150-1.jpg\",\"contentUrl\":\"https:\/\/geooprema.com\/wp-content\/uploads\/2020\/10\/M10S_MR_jpg_rgb_150-1.jpg\",\"width\":800,\"height\":800,\"caption\":\"Geo-Fennel M 10 S (Metal wheel)\"},{\"@type\":\"BreadcrumbList\",\"@id\":\"https:\/\/geooprema.com\/bs\/products\/gradjevinska-oprema\/mijerni-tockovi-bs\/geofennel-mjerni-tocak-m10-plasticni-tocak\/#breadcrumb\",\"itemListElement\":[{\"@type\":\"ListItem\",\"position\":1,\"name\":\"Home\",\"item\":\"https:\/\/geooprema.com\/bs\/\"},{\"@type\":\"ListItem\",\"position\":2,\"name\":\"Shop\",\"item\":\"https:\/\/geooprema.com\/shop-2\/\"},{\"@type\":\"ListItem\",\"position\":3,\"name\":\"GeoFennel Mjerni to\u010dak M10 (plasti\u010dni to\u010dak)\"}]},{\"@type\":\"WebSite\",\"@id\":\"https:\/\/geooprema.com\/#website\",\"url\":\"https:\/\/geooprema.com\/\",\"name\":\"Geooprema\",\"description\":\"Surveying and Construction Equipmen, Software and Accessories\",\"publisher\":{\"@id\":\"https:\/\/geooprema.com\/#organization\"},\"potentialAction\":[{\"@type\":\"SearchAction\",\"target\":{\"@type\":\"EntryPoint\",\"urlTemplate\":\"https:\/\/geooprema.com\/?s={search_term_string}\"},\"query-input\":{\"@type\":\"PropertyValueSpecification\",\"valueRequired\":true,\"valueName\":\"search_term_string\"}}],\"inLanguage\":\"bs-BA\"},{\"@type\":\"Organization\",\"@id\":\"https:\/\/geooprema.com\/#organization\",\"name\":\"Geooprema\",\"url\":\"https:\/\/geooprema.com\/\",\"logo\":{\"@type\":\"ImageObject\",\"inLanguage\":\"bs-BA\",\"@id\":\"https:\/\/geooprema.com\/#\/schema\/logo\/image\/\",\"url\":\"https:\/\/geooprema.com\/wp-content\/uploads\/2020\/08\/geooprema-logo.png\",\"contentUrl\":\"https:\/\/geooprema.com\/wp-content\/uploads\/2020\/08\/geooprema-logo.png\",\"width\":513,\"height\":161,\"caption\":\"Geooprema\"},\"image\":{\"@id\":\"https:\/\/geooprema.com\/#\/schema\/logo\/image\/\"},\"sameAs\":[\"https:\/\/www.facebook.com\/geoinfobih\",\"https:\/\/www.instagram.com\/geoinfodoo\/\",\"https:\/\/www.linkedin.com\/company\/geoinfo-doo\/\",\"https:\/\/www.youtube.com\/c\/Geoinfodoo\"]}]}<\/script>\n<!-- \/ Yoast SEO plugin. -->","yoast_head_json":{"title":"GeoFennel Mjerni to\u010dak M10 (plasti\u010dni to\u010dak) - Geooprema","robots":{"index":"index","follow":"follow","max-snippet":"max-snippet:-1","max-image-preview":"max-image-preview:large","max-video-preview":"max-video-preview:-1"},"canonical":"https:\/\/geooprema.com\/bs\/products\/gradjevinska-oprema\/mijerni-tockovi-bs\/geofennel-mjerni-tocak-m10-plasticni-tocak\/","og_locale":"bs_BA","og_type":"article","og_title":"GeoFennel Mjerni to\u010dak M10 (plasti\u010dni to\u010dak) - Geooprema","og_description":"Sa obzirom na svoju te\u017einu ovaj je mjerni to\u010dak (ciklometar) najpogodniji za kori\u0161tenje po cesti. Jarke je naran\u010daste boje pa je lako uo\u010dljiv i po lo\u0161im vremenskim uslovima. Glavne karakteristike instrumenta: -Jednostavan za kori\u0161tenje -Preklopna ru\u010dka -Ugra\u0111ena no\u017eica -Precizan broja\u010d -\u0160iljak za skidanje ne\u010disto\u0107e Sadr\u017eaj paketa: To\u010dak sa torbom. Kao opcija mo\u017ee se naru\u010diti i tvrdi kofer.","og_url":"https:\/\/geooprema.com\/bs\/products\/gradjevinska-oprema\/mijerni-tockovi-bs\/geofennel-mjerni-tocak-m10-plasticni-tocak\/","og_site_name":"Geooprema","article_publisher":"https:\/\/www.facebook.com\/geoinfobih","article_modified_time":"2021-06-15T19:11:56+00:00","og_image":[{"width":800,"height":800,"url":"https:\/\/geooprema.com\/wp-content\/uploads\/2020\/10\/M10S_MR_jpg_rgb_150-1.jpg","type":"image\/jpeg"}],"twitter_card":"summary_large_image","schema":{"@context":"https:\/\/schema.org","@graph":[{"@type":"WebPage","@id":"https:\/\/geooprema.com\/bs\/products\/gradjevinska-oprema\/mijerni-tockovi-bs\/geofennel-mjerni-tocak-m10-plasticni-tocak\/","url":"https:\/\/geooprema.com\/bs\/products\/gradjevinska-oprema\/mijerni-tockovi-bs\/geofennel-mjerni-tocak-m10-plasticni-tocak\/","name":"GeoFennel Mjerni to\u010dak M10 (plasti\u010dni to\u010dak) - Geooprema","isPartOf":{"@id":"https:\/\/geooprema.com\/#website"},"primaryImageOfPage":{"@id":"https:\/\/geooprema.com\/bs\/products\/gradjevinska-oprema\/mijerni-tockovi-bs\/geofennel-mjerni-tocak-m10-plasticni-tocak\/#primaryimage"},"image":{"@id":"https:\/\/geooprema.com\/bs\/products\/gradjevinska-oprema\/mijerni-tockovi-bs\/geofennel-mjerni-tocak-m10-plasticni-tocak\/#primaryimage"},"thumbnailUrl":"https:\/\/geooprema.com\/wp-content\/uploads\/2020\/10\/M10S_MR_jpg_rgb_150-1.jpg","datePublished":"2020-10-16T14:54:21+00:00","dateModified":"2021-06-15T19:11:56+00:00","breadcrumb":{"@id":"https:\/\/geooprema.com\/bs\/products\/gradjevinska-oprema\/mijerni-tockovi-bs\/geofennel-mjerni-tocak-m10-plasticni-tocak\/#breadcrumb"},"inLanguage":"bs-BA","potentialAction":[{"@type":"ReadAction","target":["https:\/\/geooprema.com\/bs\/products\/gradjevinska-oprema\/mijerni-tockovi-bs\/geofennel-mjerni-tocak-m10-plasticni-tocak\/"]}]},{"@type":"ImageObject","inLanguage":"bs-BA","@id":"https:\/\/geooprema.com\/bs\/products\/gradjevinska-oprema\/mijerni-tockovi-bs\/geofennel-mjerni-tocak-m10-plasticni-tocak\/#primaryimage","url":"https:\/\/geooprema.com\/wp-content\/uploads\/2020\/10\/M10S_MR_jpg_rgb_150-1.jpg","contentUrl":"https:\/\/geooprema.com\/wp-content\/uploads\/2020\/10\/M10S_MR_jpg_rgb_150-1.jpg","width":800,"height":800,"caption":"Geo-Fennel M 10 S (Metal wheel)"},{"@type":"BreadcrumbList","@id":"https:\/\/geooprema.com\/bs\/products\/gradjevinska-oprema\/mijerni-tockovi-bs\/geofennel-mjerni-tocak-m10-plasticni-tocak\/#breadcrumb","itemListElement":[{"@type":"ListItem","position":1,"name":"Home","item":"https:\/\/geooprema.com\/bs\/"},{"@type":"ListItem","position":2,"name":"Shop","item":"https:\/\/geooprema.com\/shop-2\/"},{"@type":"ListItem","position":3,"name":"GeoFennel Mjerni to\u010dak M10 (plasti\u010dni to\u010dak)"}]},{"@type":"WebSite","@id":"https:\/\/geooprema.com\/#website","url":"https:\/\/geooprema.com\/","name":"Geooprema","description":"Surveying and Construction Equipmen, Software and Accessories","publisher":{"@id":"https:\/\/geooprema.com\/#organization"},"potentialAction":[{"@type":"SearchAction","target":{"@type":"EntryPoint","urlTemplate":"https:\/\/geooprema.com\/?s={search_term_string}"},"query-input":{"@type":"PropertyValueSpecification","valueRequired":true,"valueName":"search_term_string"}}],"inLanguage":"bs-BA"},{"@type":"Organization","@id":"https:\/\/geooprema.com\/#organization","name":"Geooprema","url":"https:\/\/geooprema.com\/","logo":{"@type":"ImageObject","inLanguage":"bs-BA","@id":"https:\/\/geooprema.com\/#\/schema\/logo\/image\/","url":"https:\/\/geooprema.com\/wp-content\/uploads\/2020\/08\/geooprema-logo.png","contentUrl":"https:\/\/geooprema.com\/wp-content\/uploads\/2020\/08\/geooprema-logo.png","width":513,"height":161,"caption":"Geooprema"},"image":{"@id":"https:\/\/geooprema.com\/#\/schema\/logo\/image\/"},"sameAs":["https:\/\/www.facebook.com\/geoinfobih","https:\/\/www.instagram.com\/geoinfodoo\/","https:\/\/www.linkedin.com\/company\/geoinfo-doo\/","https:\/\/www.youtube.com\/c\/Geoinfodoo"]}]}},"_links":{"self":[{"href":"https:\/\/geooprema.com\/bs\/wp-json\/wp\/v2\/product\/31933","targetHints":{"allow":["GET"]}}],"collection":[{"href":"https:\/\/geooprema.com\/bs\/wp-json\/wp\/v2\/product"}],"about":[{"href":"https:\/\/geooprema.com\/bs\/wp-json\/wp\/v2\/types\/product"}],"replies":[{"embeddable":true,"href":"https:\/\/geooprema.com\/bs\/wp-json\/wp\/v2\/comments?post=31933"}],"wp:featuredmedia":[{"embeddable":true,"href":"https:\/\/geooprema.com\/bs\/wp-json\/wp\/v2\/media\/28121"}],"wp:attachment":[{"href":"https:\/\/geooprema.com\/bs\/wp-json\/wp\/v2\/media?parent=31933"}],"wp:term":[{"taxonomy":"product_brand","embeddable":true,"href":"https:\/\/geooprema.com\/bs\/wp-json\/wp\/v2\/product_brand?post=31933"},{"taxonomy":"product_cat","embeddable":true,"href":"https:\/\/geooprema.com\/bs\/wp-json\/wp\/v2\/product_cat?post=31933"},{"taxonomy":"product_tag","embeddable":true,"href":"https:\/\/geooprema.com\/bs\/wp-json\/wp\/v2\/product_tag?post=31933"}],"curies":[{"name":"wp","href":"https:\/\/api.w.org\/{rel}","templated":true}]}}